{"id":214136,"date":"2022-12-28T16:57:46","date_gmt":"2022-12-28T15:57:46","guid":{"rendered":"https:\/\/iha-race.com\/producto\/zenmuse-l1\/"},"modified":"2024-08-29T11:29:45","modified_gmt":"2024-08-29T09:29:45","slug":"zenmuse-l1","status":"publish","type":"product","link":"https:\/\/iha-race.com\/pt-pt\/produto\/zenmuse-l1\/","title":{"rendered":"Zenmuse L1"},"content":{"rendered":"<h2><span data-sheets-value=\"{\"1\":2,\"2\":\"Zenmuse L1\"}\" data-sheets-userformat=\"{\"2\":15261,\"3\":{\"1\":0},\"5\":{\"1\":[{\"1\":2,\"2\":0,\"5\":{\"1\":2,\"2\":12900251}},{\"1\":0,\"2\":0,\"3\":3},{\"1\":1,\"2\":0,\"4\":1}]},\"6\":{\"1\":[{\"1\":2,\"2\":0,\"5\":{\"1\":2,\"2\":12900251}},{\"1\":0,\"2\":0,\"3\":3},{\"1\":1,\"2\":0,\"4\":1}]},\"7\":{\"1\":[{\"1\":2,\"2\":0,\"5\":{\"1\":2,\"2\":12900251}},{\"1\":0,\"2\":0,\"3\":3},{\"1\":1,\"2\":0,\"4\":1}]},\"10\":2,\"11\":0,\"12\":0,\"14\":{\"1\":2,\"2\":0},\"15\":\"Calibri, sans-serif\",\"16\":11}\">Zenmuse L1<\/span><\/h2>\n<p>&nbsp;<\/p>\n<p><strong><img decoding=\"async\" src=\"https:\/\/tienda.stockrc.com\/WebRoot\/StoreES2\/Shops\/eb0140\/MediaGallery\/Zenmuse_L1\/Espanol\/Zenmuse_L1_1_stockrc.jpg\" alt=\"Zenmuse_L1_1_1_stockrc\"><img decoding=\"async\" src=\"https:\/\/tienda.stockrc.com\/WebRoot\/StoreES2\/Shops\/eb0140\/MediaGallery\/Zenmuse_L1\/Espanol\/Zenmuse_L1_2_stockrc.jpg\" alt=\"Zenmuse_L1_2_stockrc\"><img decoding=\"async\" src=\"https:\/\/tienda.stockrc.com\/WebRoot\/StoreES2\/Shops\/eb0140\/MediaGallery\/Zenmuse_L1\/Espanol\/Zenmuse_L1_3_stockrc.jpg\" alt=\"Zenmuse_L1_3_stockrc\"><img decoding=\"async\" src=\"https:\/\/tienda.stockrc.com\/WebRoot\/StoreES2\/Shops\/eb0140\/MediaGallery\/Zenmuse_L1\/Espanol\/Zenmuse_L1_4_stockrc.jpg\" alt=\"Zenmuse_L1_4_stockrc\"><img decoding=\"async\" src=\"https:\/\/tienda.stockrc.com\/WebRoot\/StoreES2\/Shops\/eb0140\/MediaGallery\/Zenmuse_L1\/Espanol\/Zenmuse_L1_5_stockrc.jpg\" alt=\"Zenmuse_L1_5_stockrc\"><img decoding=\"async\" src=\"https:\/\/tienda.stockrc.com\/WebRoot\/StoreES2\/Shops\/eb0140\/MediaGallery\/Zenmuse_L1\/Espanol\/Zenmuse_L1_6_stockrc.jpg\" alt=\"Zenmuse_L1_6_stockrc\"><img decoding=\"async\" src=\"https:\/\/tienda.stockrc.com\/WebRoot\/StoreES2\/Shops\/eb0140\/MediaGallery\/Zenmuse_L1\/Espanol\/Zenmuse_L1_7_stockrc.jpg\" alt=\"Zenmuse_L1_7_stockrc\"><img decoding=\"async\" src=\"https:\/\/tienda.stockrc.com\/WebRoot\/StoreES2\/Shops\/eb0140\/MediaGallery\/Zenmuse_L1\/Espanol\/Zenmuse_L1_8_stockrc.jpg\" alt=\"Zenmuse_L1_8_stockrc\"><img decoding=\"async\" src=\"https:\/\/tienda.stockrc.com\/WebRoot\/StoreES2\/Shops\/eb0140\/MediaGallery\/Zenmuse_L1\/Espanol\/Zenmuse_L1_9_stockrc.jpg\" alt=\"Zenmuse_L1_9_stockrc\"><img decoding=\"async\" src=\"https:\/\/tienda.stockrc.com\/WebRoot\/StoreES2\/Shops\/eb0140\/MediaGallery\/Zenmuse_L1\/Espanol\/Zenmuse_L1_10_stockrc.jpg\" alt=\"Zenmuse_L1_10_stockrc\"><img decoding=\"async\" src=\"https:\/\/tienda.stockrc.com\/WebRoot\/StoreES2\/Shops\/eb0140\/MediaGallery\/Zenmuse_L1\/Espanol\/Zenmuse_L1_11_stockrc.jpg\" alt=\"Zenmuse_L1_11_stockrc\"><\/strong><\/p>\n<h2><strong>ESPECIFICA\u00c7\u00d5ES<\/strong><\/h2>\n<ul>\n<li>Dimens\u00f5es 152\u00d7110\u00d7169 mm<\/li>\n<li>Peso aproximado. 900 g<\/li>\n<li>Pot\u00eancia 30 W<\/li>\n<li>Grau de protec\u00e7\u00e3o IP44<\/li>\n<li>Aeronave suportada Matrice 300 RTK<\/li>\n<li>Gama de temperaturas de funcionamento -20\u00b0 a 50\u00b0 C (-4\u00b0 a 122\u00b0 F)<\/li>\n<li>Gama de temperaturas de armazenamento -20\u00b0 a 60\u00b0 C (-4\u00b0 a 140\u00b0 F)<\/li>\n<li>Alcance de detec\u00e7\u00e3o &#8220;450 m @ 80% de reflectividade, 0 klx<\/li>\n<li>190 m @ 10% de reflectividade, 100 klx&#8221;.<\/li>\n<li>Taxa de pontos &#8220;Simples retorno: 240.000 pts\/s<\/li>\n<li>Retorno m\u00faltiplo: 480,000 pts\/s&#8221;.<\/li>\n<li>Precis\u00e3o do sistema &#8220;Horizontal: 10 cm @ 50 m<\/li>\n<li>Vertical: 5 cm @ 50 m&#8221;.<\/li>\n<li>Modos de colora\u00e7\u00e3o de nuvens de pontos em tempo real Cor verdadeira; Colora\u00e7\u00e3o reflexiva; Colora\u00e7\u00e3o de eleva\u00e7\u00e3o<\/li>\n<li>Precis\u00e3o de alcance de 3 cm a 100 m<\/li>\n<li>Rentabilidade m\u00e1xima suportada 3<\/li>\n<li>Modos de digitaliza\u00e7\u00e3o Modo de digitaliza\u00e7\u00e3o de linha repetitiva, modo de digitaliza\u00e7\u00e3o de p\u00e9talas n\u00e3o repetitiva<\/li>\n<li>FOV &#8220;Repeti\u00e7\u00e3o de linhas: 70,4\u00b0\u00d74,5\u00b0.<\/li>\n<li>Varrimento n\u00e3o repetitivo das p\u00e9talas: 70,4\u00b0\u00d777,2\u00b0&#8221;.<\/li>\n<li>Classe de seguran\u00e7a laser 1<\/li>\n<li>Taxa de actualiza\u00e7\u00e3o da IMU 200 Hz<\/li>\n<li>Gama de aceler\u00f3metros \u00b18 g<\/li>\n<li>Gama de veloc\u00edmetros angulares \u00b12000 dps<\/li>\n<li>Precis\u00e3o de guinada em tempo real: 0,18\u00b0, p\u00f3s-processamento 0,08\u00b0.<\/li>\n<li>Precis\u00e3o de passo e rota\u00e7\u00e3o em tempo real: 0,03\u00b0, p\u00f3s-processamento: 0,025\u00b0.<\/li>\n<li>Resolu\u00e7\u00e3o 1280\u00d7960<\/li>\n<li>FOV 95\u00b0.<\/li>\n<li>Tamanho do sensor de 1 polegada<\/li>\n<li>Pixeis efectivos 20 MP<\/li>\n<li>Tamanho da fotografia 4864\u00d73648 (4:3); 5472\u00d73648 (3:2)<\/li>\n<li>Dist\u00e2ncia focal 8,8 mm \/ 24 mm (equivalente)<\/li>\n<li>Velocidade do obturador &#8220;Velocidade do obturador mec\u00e2nico: 1\/2000 &#8211; 8 s<\/li>\n<li>Velocidade do obturador electr\u00f3nico: 1\/8000 &#8211; 8 s&#8221;.<\/li>\n<li>ISO &#8220;V\u00eddeo: 100 &#8211; 3200 (Auto), 100 &#8211; 6400 (Manual)<\/li>\n<li>Foto: 100 &#8211; 3200 (Auto), 100 &#8211; 12800 (Manual)&#8221;.<\/li>\n<li>Alcance de abertura f\/2.8 &#8211; f\/11<\/li>\n<li>Sistema de estabiliza\u00e7\u00e3o de 3 eixos (inclina\u00e7\u00e3o, rota\u00e7\u00e3o, panela)<\/li>\n<li>Alcance angular de vibra\u00e7\u00e3o 0,01\u00b0.<\/li>\n<li>DJI SKYPORT Monte Destac\u00e1vel<\/li>\n<li>Inclina\u00e7\u00e3o mec\u00e2nica de alcance: -120\u00b0 a +30\u00b0; Pan: \u00b1320\u00b0.<\/li>\n<li>Modos de opera\u00e7\u00e3o de seguimento\/liberta\u00e7\u00e3o\/recentraliza\u00e7\u00e3o<\/li>\n<li>Armazenamento de dados brutos Armazenamento de dados de fotografia\/IMU\/ nuvem de pontos<\/li>\n<li>Armazenamento de dados de nuvens de pontos Armazenamento de dados de modela\u00e7\u00e3o em tempo real<\/li>\n<li>cart\u00f5es microSD suportados microSD: Classifica\u00e7\u00e3o classe 10 ou UHS-1 ou superior; Capacidade m\u00e1xima: 256 GB<\/li>\n<li>Software suportado DJI Terra<\/li>\n<li>Formato de dados &#8220;DJI Terra suporta a exporta\u00e7\u00e3o de modelos de nuvens de pontos em formato padr\u00e3o:<\/li>\n<li>Formato de nuvem de pontos: Formato PNTS\/LAS\/PLY\/PLY\/PCD\/S3MB<\/li>\n<li>Formato do modelo de reconstru\u00e7\u00e3o: formato B3DM\/OSGB\/PLY\/OBJ\/S3MB&#8221;.<\/li>\n<\/ul>\n","protected":false},"excerpt":{"rendered":"<p><span style=\"color: #ff0000;\">Pode ser enviado no prazo de 30 dias<\/span><\/p>\n","protected":false},"featured_media":214124,"comment_status":"open","ping_status":"closed","template":"","meta":{"_joinchat":[]},"pwb-brand":[3567],"product_cat":[3333,3332],"product_tag":[],"class_list":{"0":"post-214136","1":"product","2":"type-product","3":"status-publish","4":"has-post-thumbnail","6":"pwb-brand-dji","7":"product_cat-companhia-dji","8":"product_cat-dji-pt-pt","10":"first","11":"instock","12":"taxable","13":"shipping-taxable","14":"purchasable","15":"product-type-simple"},"barcode":null,"atum_controlled":true,"out_stock_date":null,"out_stock_threshold":null,"inheritable":false,"stock_on_hold":0,"sold_today":0,"sales_last_days":0,"out_stock_days":0,"lost_sales":0,"update_date":"2026-04-16T08:17:06","atum_locations":[],"atum_stock_status":"instock","restock_status":false,"low_stock_amount":"","sales_update_date":"2026-04-16T08:17:06","calc_backorders":null,"yoast_head":"<!-- This site is optimized with the Yoast SEO plugin v27.3 - https:\/\/yoast.com\/product\/yoast-seo-wordpress\/ -->\n<title>Zenmuse L1 - Iha Race<\/title>\n<meta name=\"robots\" content=\"index, follow, max-snippet:-1, max-image-preview:large, max-video-preview:-1\" \/>\n<link rel=\"canonical\" href=\"https:\/\/iha-race.com\/pt-pt\/produto\/zenmuse-l1\/\" \/>\n<meta property=\"og:locale\" content=\"pt_PT\" \/>\n<meta property=\"og:type\" content=\"article\" \/>\n<meta property=\"og:title\" content=\"Zenmuse L1 - Iha Race\" \/>\n<meta property=\"og:description\" content=\"Pode ser enviado no prazo de 30 dias\" \/>\n<meta property=\"og:url\" content=\"https:\/\/iha-race.com\/pt-pt\/produto\/zenmuse-l1\/\" \/>\n<meta property=\"og:site_name\" content=\"Iha Race\" \/>\n<meta property=\"article:modified_time\" content=\"2024-08-29T09:29:45+00:00\" \/>\n<meta property=\"og:image\" content=\"https:\/\/iha-race.com\/wp-content\/uploads\/2022\/12\/Zenmuse_L1_1_djiarsmadrid.jpeg\" \/>\n\t<meta property=\"og:image:width\" content=\"600\" \/>\n\t<meta property=\"og:image:height\" content=\"775\" \/>\n\t<meta property=\"og:image:type\" content=\"image\/jpeg\" \/>\n<meta name=\"twitter:card\" content=\"summary_large_image\" \/>\n<meta name=\"twitter:label1\" content=\"Tempo estimado de leitura\" \/>\n\t<meta name=\"twitter:data1\" content=\"2 minutos\" \/>\n<script type=\"application\/ld+json\" class=\"yoast-schema-graph\">{\"@context\":\"https:\\\/\\\/schema.org\",\"@graph\":[{\"@type\":\"WebPage\",\"@id\":\"https:\\\/\\\/iha-race.com\\\/pt-pt\\\/produto\\\/zenmuse-l1\\\/\",\"url\":\"https:\\\/\\\/iha-race.com\\\/pt-pt\\\/produto\\\/zenmuse-l1\\\/\",\"name\":\"Zenmuse L1 - Iha Race\",\"isPartOf\":{\"@id\":\"https:\\\/\\\/iha-race.com\\\/pt-pt\\\/#website\"},\"primaryImageOfPage\":{\"@id\":\"https:\\\/\\\/iha-race.com\\\/pt-pt\\\/produto\\\/zenmuse-l1\\\/#primaryimage\"},\"image\":{\"@id\":\"https:\\\/\\\/iha-race.com\\\/pt-pt\\\/produto\\\/zenmuse-l1\\\/#primaryimage\"},\"thumbnailUrl\":\"https:\\\/\\\/iha-race.com\\\/wp-content\\\/uploads\\\/2022\\\/12\\\/Zenmuse_L1_1_djiarsmadrid.jpeg\",\"datePublished\":\"2022-12-28T15:57:46+00:00\",\"dateModified\":\"2024-08-29T09:29:45+00:00\",\"breadcrumb\":{\"@id\":\"https:\\\/\\\/iha-race.com\\\/pt-pt\\\/produto\\\/zenmuse-l1\\\/#breadcrumb\"},\"inLanguage\":\"pt-PT\",\"potentialAction\":[{\"@type\":\"ReadAction\",\"target\":[\"https:\\\/\\\/iha-race.com\\\/pt-pt\\\/produto\\\/zenmuse-l1\\\/\"]}]},{\"@type\":\"ImageObject\",\"inLanguage\":\"pt-PT\",\"@id\":\"https:\\\/\\\/iha-race.com\\\/pt-pt\\\/produto\\\/zenmuse-l1\\\/#primaryimage\",\"url\":\"https:\\\/\\\/iha-race.com\\\/wp-content\\\/uploads\\\/2022\\\/12\\\/Zenmuse_L1_1_djiarsmadrid.jpeg\",\"contentUrl\":\"https:\\\/\\\/iha-race.com\\\/wp-content\\\/uploads\\\/2022\\\/12\\\/Zenmuse_L1_1_djiarsmadrid.jpeg\",\"width\":600,\"height\":775,\"caption\":\"Comprar Zenmuse L1\"},{\"@type\":\"BreadcrumbList\",\"@id\":\"https:\\\/\\\/iha-race.com\\\/pt-pt\\\/produto\\\/zenmuse-l1\\\/#breadcrumb\",\"itemListElement\":[{\"@type\":\"ListItem\",\"position\":1,\"name\":\"Portada\",\"item\":\"https:\\\/\\\/iha-race.com\\\/pt-pt\\\/elementor-499\\\/\"},{\"@type\":\"ListItem\",\"position\":2,\"name\":\"Shop\",\"item\":\"https:\\\/\\\/iha-race.com\\\/pt-pt\\\/shop\\\/\"},{\"@type\":\"ListItem\",\"position\":3,\"name\":\"Zenmuse L1\"}]},{\"@type\":\"WebSite\",\"@id\":\"https:\\\/\\\/iha-race.com\\\/pt-pt\\\/#website\",\"url\":\"https:\\\/\\\/iha-race.com\\\/pt-pt\\\/\",\"name\":\"Iha Race\",\"description\":\"Comprar drones de carreras FPV env\u00edos en un d\u00eda desde Espa\u00f1a\",\"publisher\":{\"@id\":\"https:\\\/\\\/iha-race.com\\\/pt-pt\\\/#organization\"},\"potentialAction\":[{\"@type\":\"SearchAction\",\"target\":{\"@type\":\"EntryPoint\",\"urlTemplate\":\"https:\\\/\\\/iha-race.com\\\/pt-pt\\\/?s={search_term_string}\"},\"query-input\":{\"@type\":\"PropertyValueSpecification\",\"valueRequired\":true,\"valueName\":\"search_term_string\"}}],\"inLanguage\":\"pt-PT\"},{\"@type\":\"Organization\",\"@id\":\"https:\\\/\\\/iha-race.com\\\/pt-pt\\\/#organization\",\"name\":\"Iha Race\",\"url\":\"https:\\\/\\\/iha-race.com\\\/pt-pt\\\/\",\"logo\":{\"@type\":\"ImageObject\",\"inLanguage\":\"pt-PT\",\"@id\":\"https:\\\/\\\/iha-race.com\\\/pt-pt\\\/#\\\/schema\\\/logo\\\/image\\\/\",\"url\":\"https:\\\/\\\/iha-race.com\\\/wp-content\\\/uploads\\\/2018\\\/07\\\/iha-race-drones-de-carreras-tienda-comprar-drones.png\",\"contentUrl\":\"https:\\\/\\\/iha-race.com\\\/wp-content\\\/uploads\\\/2018\\\/07\\\/iha-race-drones-de-carreras-tienda-comprar-drones.png\",\"width\":300,\"height\":100,\"caption\":\"Iha Race\"},\"image\":{\"@id\":\"https:\\\/\\\/iha-race.com\\\/pt-pt\\\/#\\\/schema\\\/logo\\\/image\\\/\"}}]}<\/script>\n<!-- \/ Yoast SEO plugin. -->","yoast_head_json":{"title":"Zenmuse L1 - Iha Race","robots":{"index":"index","follow":"follow","max-snippet":"max-snippet:-1","max-image-preview":"max-image-preview:large","max-video-preview":"max-video-preview:-1"},"canonical":"https:\/\/iha-race.com\/pt-pt\/produto\/zenmuse-l1\/","og_locale":"pt_PT","og_type":"article","og_title":"Zenmuse L1 - Iha Race","og_description":"Pode ser enviado no prazo de 30 dias","og_url":"https:\/\/iha-race.com\/pt-pt\/produto\/zenmuse-l1\/","og_site_name":"Iha Race","article_modified_time":"2024-08-29T09:29:45+00:00","og_image":[{"width":600,"height":775,"url":"https:\/\/iha-race.com\/wp-content\/uploads\/2022\/12\/Zenmuse_L1_1_djiarsmadrid.jpeg","type":"image\/jpeg"}],"twitter_card":"summary_large_image","twitter_misc":{"Tempo estimado de leitura":"2 minutos"},"schema":{"@context":"https:\/\/schema.org","@graph":[{"@type":"WebPage","@id":"https:\/\/iha-race.com\/pt-pt\/produto\/zenmuse-l1\/","url":"https:\/\/iha-race.com\/pt-pt\/produto\/zenmuse-l1\/","name":"Zenmuse L1 - Iha Race","isPartOf":{"@id":"https:\/\/iha-race.com\/pt-pt\/#website"},"primaryImageOfPage":{"@id":"https:\/\/iha-race.com\/pt-pt\/produto\/zenmuse-l1\/#primaryimage"},"image":{"@id":"https:\/\/iha-race.com\/pt-pt\/produto\/zenmuse-l1\/#primaryimage"},"thumbnailUrl":"https:\/\/iha-race.com\/wp-content\/uploads\/2022\/12\/Zenmuse_L1_1_djiarsmadrid.jpeg","datePublished":"2022-12-28T15:57:46+00:00","dateModified":"2024-08-29T09:29:45+00:00","breadcrumb":{"@id":"https:\/\/iha-race.com\/pt-pt\/produto\/zenmuse-l1\/#breadcrumb"},"inLanguage":"pt-PT","potentialAction":[{"@type":"ReadAction","target":["https:\/\/iha-race.com\/pt-pt\/produto\/zenmuse-l1\/"]}]},{"@type":"ImageObject","inLanguage":"pt-PT","@id":"https:\/\/iha-race.com\/pt-pt\/produto\/zenmuse-l1\/#primaryimage","url":"https:\/\/iha-race.com\/wp-content\/uploads\/2022\/12\/Zenmuse_L1_1_djiarsmadrid.jpeg","contentUrl":"https:\/\/iha-race.com\/wp-content\/uploads\/2022\/12\/Zenmuse_L1_1_djiarsmadrid.jpeg","width":600,"height":775,"caption":"Comprar Zenmuse L1"},{"@type":"BreadcrumbList","@id":"https:\/\/iha-race.com\/pt-pt\/produto\/zenmuse-l1\/#breadcrumb","itemListElement":[{"@type":"ListItem","position":1,"name":"Portada","item":"https:\/\/iha-race.com\/pt-pt\/elementor-499\/"},{"@type":"ListItem","position":2,"name":"Shop","item":"https:\/\/iha-race.com\/pt-pt\/shop\/"},{"@type":"ListItem","position":3,"name":"Zenmuse L1"}]},{"@type":"WebSite","@id":"https:\/\/iha-race.com\/pt-pt\/#website","url":"https:\/\/iha-race.com\/pt-pt\/","name":"Iha Race","description":"Comprar drones de carreras FPV env\u00edos en un d\u00eda desde Espa\u00f1a","publisher":{"@id":"https:\/\/iha-race.com\/pt-pt\/#organization"},"potentialAction":[{"@type":"SearchAction","target":{"@type":"EntryPoint","urlTemplate":"https:\/\/iha-race.com\/pt-pt\/?s={search_term_string}"},"query-input":{"@type":"PropertyValueSpecification","valueRequired":true,"valueName":"search_term_string"}}],"inLanguage":"pt-PT"},{"@type":"Organization","@id":"https:\/\/iha-race.com\/pt-pt\/#organization","name":"Iha Race","url":"https:\/\/iha-race.com\/pt-pt\/","logo":{"@type":"ImageObject","inLanguage":"pt-PT","@id":"https:\/\/iha-race.com\/pt-pt\/#\/schema\/logo\/image\/","url":"https:\/\/iha-race.com\/wp-content\/uploads\/2018\/07\/iha-race-drones-de-carreras-tienda-comprar-drones.png","contentUrl":"https:\/\/iha-race.com\/wp-content\/uploads\/2018\/07\/iha-race-drones-de-carreras-tienda-comprar-drones.png","width":300,"height":100,"caption":"Iha Race"},"image":{"@id":"https:\/\/iha-race.com\/pt-pt\/#\/schema\/logo\/image\/"}}]}},"brands":[{"id":3567,"name":"DJI","slug":"dji"}],"_links":{"self":[{"href":"https:\/\/iha-race.com\/pt-pt\/wp-json\/wp\/v2\/product\/214136","targetHints":{"allow":["GET"]}}],"collection":[{"href":"https:\/\/iha-race.com\/pt-pt\/wp-json\/wp\/v2\/product"}],"about":[{"href":"https:\/\/iha-race.com\/pt-pt\/wp-json\/wp\/v2\/types\/product"}],"replies":[{"embeddable":true,"href":"https:\/\/iha-race.com\/pt-pt\/wp-json\/wp\/v2\/comments?post=214136"}],"version-history":[{"count":1,"href":"https:\/\/iha-race.com\/pt-pt\/wp-json\/wp\/v2\/product\/214136\/revisions"}],"predecessor-version":[{"id":226039,"href":"https:\/\/iha-race.com\/pt-pt\/wp-json\/wp\/v2\/product\/214136\/revisions\/226039"}],"wp:featuredmedia":[{"embeddable":true,"href":"https:\/\/iha-race.com\/pt-pt\/wp-json\/wp\/v2\/media\/214124"}],"wp:attachment":[{"href":"https:\/\/iha-race.com\/pt-pt\/wp-json\/wp\/v2\/media?parent=214136"}],"wp:term":[{"taxonomy":"pwb-brand","embeddable":true,"href":"https:\/\/iha-race.com\/pt-pt\/wp-json\/wp\/v2\/pwb-brand?post=214136"},{"taxonomy":"product_cat","embeddable":true,"href":"https:\/\/iha-race.com\/pt-pt\/wp-json\/wp\/v2\/product_cat?post=214136"},{"taxonomy":"product_tag","embeddable":true,"href":"https:\/\/iha-race.com\/pt-pt\/wp-json\/wp\/v2\/product_tag?post=214136"}],"curies":[{"name":"wp","href":"https:\/\/api.w.org\/{rel}","templated":true}]}}