{"id":214114,"date":"2022-12-28T16:39:35","date_gmt":"2022-12-28T15:39:35","guid":{"rendered":"https:\/\/iha-race.com\/producto\/m30t-combo-plus\/"},"modified":"2024-08-29T11:29:43","modified_gmt":"2024-08-29T09:29:43","slug":"m30t-combo-plus","status":"publish","type":"product","link":"https:\/\/iha-race.com\/pt-pt\/produto\/m30t-combo-plus\/","title":{"rendered":"M30T Combo Plus"},"content":{"rendered":"<h2><span data-sheets-value=\"{\"1\":2,\"2\":\"M30T Combo Plus\"}\" data-sheets-userformat=\"{\"2\":15261,\"3\":{\"1\":0},\"5\":{\"1\":[{\"1\":2,\"2\":0,\"5\":{\"1\":2,\"2\":12900251}},{\"1\":0,\"2\":0,\"3\":3},{\"1\":1,\"2\":0,\"4\":1}]},\"6\":{\"1\":[{\"1\":2,\"2\":0,\"5\":{\"1\":2,\"2\":12900251}},{\"1\":0,\"2\":0,\"3\":3},{\"1\":1,\"2\":0,\"4\":1}]},\"7\":{\"1\":[{\"1\":2,\"2\":0,\"5\":{\"1\":2,\"2\":12900251}},{\"1\":0,\"2\":0,\"3\":3},{\"1\":1,\"2\":0,\"4\":1}]},\"10\":2,\"11\":0,\"12\":0,\"14\":{\"1\":2,\"2\":0},\"15\":\"Calibri, sans-serif\",\"16\":11}\">M30T Combo Plus<\/span><\/h2>\n<p>A <em>compra deste produto inclui uma correia para o transmissor.<\/em> O novo DJI Matrice 30T tem como objetivo fornecer toda a pot\u00eancia do Matrice 300RTK com o conjunto H20T, maximizando a portabilidade deste produto. Com at\u00e9 40 minutos de autonomia e protec\u00e7\u00e3o IP55, este equipamento pode funcionar quase ininterruptamente, mesmo nos ambientes mais duros. Pode funcionar em ambientes de -20 a 50\u00baC e permite a troca a quente de baterias. O novo controlo remoto RC Plus aumenta a efici\u00eancia do trabalho gra\u00e7as \u00e0 sua poderosa capacidade de transmiss\u00e3o\/recep\u00e7\u00e3o para uma imagem suave da mais alta qualidade, inclui um grande ecr\u00e3 t\u00e1ctil de alta luminosidade e uma bateria externa permut\u00e1vel a quente para assegurar um funcionamento constante. A sua potente c\u00e2mara t\u00e9rmica permite a inspe\u00e7\u00e3o termogr\u00e1fica e as tarefas de vigil\u00e2ncia que requerem este tipo de c\u00e2mara.  <\/p>\n<h3>Especifica\u00e7\u00f5es<\/h3>\n<p><strong>Dimens\u00f5es<\/strong> (desdobrado, sem h\u00e9lices) 470\u00d7585\u00d7215 mm (C\u00d7L\u00d7A)<br \/>\n<strong>Dimens\u00f5es (dobrado<\/strong>) 365\u00d7215\u00d7195 mm (C\u00d7L\u00d7A)<br \/>\n<strong>Dist\u00e2ncia entre eixos diagonal<\/strong> 668 mm<br \/>\n<strong>Peso (incluindo duas baterias)<\/strong> 3770 \u00b1 10 g<br \/>\n<strong>Peso m\u00e1ximo de descolagem<\/strong> 4000 g<br \/>\n<strong>Frequ\u00eancia de funcionamento [1]<\/strong> 2,4000-2,4835 GHz; 5,725-5,850 GHz<br \/>\n<strong>Pot\u00eancia do transmissor (EIRP)<\/strong> 2,4 GHz        &lt;33 dBm (FCC);  &lt;20 dBm (CE\/SRRC\/MIC) 5,8 GHz:  &lt;33 dBm (FCC\/SRRC);  &lt;14 dBm (CE) <strong>Precis\u00e3o em voo pairado <\/strong>(sem vento ou brisa) Vertical: \u00b10,1 m (sistema de vis\u00e3o ligado); \u00b10,5 m (modo N com GPS); \u00b10,1 m (RTK) Horizontal: \u00b10,3 m (sistema de vis\u00e3o ligado); \u00b11,5 m (modo N com GPS); \u00b10,1 m (RTK) <strong>Precis\u00e3o de posicionamento RTK <\/strong>(RTK fixo ligado) 1 cm+1 ppm (horizontal) 1,5 cm+1 ppm (vertical) <strong>Velocidade angular m\u00e1xima<\/strong> Inclina\u00e7\u00e3o: 150\u00b0\/seg.Yaw: 100\u00b0\/seg.<br \/>\n<strong>\u00c2ngulo de inclina\u00e7\u00e3o<\/strong> m\u00e1x<strong>.<\/strong> 35\u00b0 (modo N e sistema de visualiza\u00e7\u00e3o frontal ativado: 25\u00b0)<br \/>\n<strong>Velocidade m\u00e1xima de subida\/descida<\/strong> 6 m\/s, 5 m\/s<br \/>\n <strong>Velocidade<\/strong><strong>m\u00e1xima de descida e de inclina\u00e7\u00e3o<\/strong> 7 m\/s <strong>Velocidade horizontal m\u00e1xima<\/strong> 23 m\/s <strong>Teto m\u00e1ximo de servi\u00e7o acima do n\u00edvel do mar (sem outra carga \u00fatil)<\/strong> 5.000 m (com h\u00e9lices 1671) 7.000 m (com h\u00e9lices 1676) <strong>Resist\u00eancia m\u00e1xima ao vento<\/strong> 15 m\/s 12 m\/s durante a descolagem e a aterragem <strong>Tempo m\u00e1ximo de voo em voo estacion\u00e1rio [2]<\/strong> 36 min.<br \/>\n<strong>Tempo m\u00e1ximo de voo [2]<\/strong> 41 min.<br \/>\n<strong>Modelo de motor<\/strong> 3511<br \/>\n<strong>H\u00e9lice modelo<\/strong> 1671<strong>H\u00e9lice<\/strong> de alta altitude 1676 (n\u00e3o inclu\u00edda)<br \/>\n<strong>\u00cdndice de prote\u00e7\u00e3o contra a entrada[3]<\/strong> IP55<br \/>\n<strong>GNSS<\/strong>GPS+Galileo+BeiDou+GLONASS(GLONASS s\u00f3 \u00e9 suportado quando o m\u00f3dulo RTK est\u00e1 ativado)          <strong>Temperatura de funcionamento<\/strong> -20\u00b0 a 50\u00b0 C (-4\u00b0 a 122\u00b0 F)<br \/>\n<strong>BalancimFaixa<\/strong><strong>de<\/strong><strong>vibra\u00e7\u00e3o angular<\/strong> \u00b10,01\u00b0.<br \/>\n<strong>Gama control\u00e1vel<\/strong> Pan: \u00b190\u00b0 Tilt: -120\u00b0 a +45\u00b0<br \/>\n<strong>Gama mec\u00e2nica<\/strong> Pan: \u00b1105\u00b0 Tilt: -135\u00b0 a +60\u00b0 Pan: \u00b145\u00b0 Tilt: \u00b145\u00b0 Pan: \u00b145\u00b0 Tilt: -135\u00b0 a +60\u00b0 Swing: \u00b145<br \/>\n<strong>Zoom da c\u00e2mara<\/strong><strong>Sensor<\/strong> CMOS de 1\/2&#8243;, pixels efectivos 48M<br \/>\n<strong>Objetiva<\/strong> Dist\u00e2ncia focal: 21-75 mm (equivalente: 113-405 mm) Abertura: f\/2.8-f\/4.2 Focagem: 5 m a \u221e<br \/>\n<strong>C\u00e2mara<\/strong><strong>amplaSensor<\/strong> CMOS<strong>de 1\/2<\/strong>&#8220;, 12M de pixels efectivos<br \/>\n<strong>Lente<\/strong> DFOV: 84\u00b0 Dist\u00e2ncia focal: 4,5 mm (equivalente: 24 mm) Abertura: f\/2,8 Focagem: 1 m a \u221e         <strong>C\u00e2mara t\u00e9rmica<\/strong> de microbol\u00f3metro VOx n\u00e3o arrefecida<br \/>\n<strong>Lente<\/strong> DFOV: 64\u00b0 Dist\u00e2ncia focal: 9,1 mm (equivalente: 40 mm) Abertura: f\/1,0 Foco: 5 m a \u221e<br \/>\n<strong>Precis\u00e3o da medi\u00e7\u00e3o da temperatura por infravermelhos[4]<\/strong> \u00b12\u00b0C ou \u00b12% (utilizando o valor mais elevado)    <strong>C\u00e2mara<\/strong><strong>FPVResolu\u00e7\u00e3o<\/strong> 1920\u00d71080<br \/>\n<strong>DFOV<\/strong> 161<br \/>\n<strong>Taxa de quadros<\/strong> 30 fps<br \/>\n<strong>M\u00f3dulo laserComprimento de onda<\/strong> 905 nm<br \/>\n<strong>Pot\u00eancia m\u00e1xima do laser<\/strong> 3,5 mW<br \/>\n<strong>Largura de impulso \u00fanico<\/strong> 6 ns<br \/>\n<strong>Precis\u00e3o da medi\u00e7\u00e3o<\/strong> \u00b1(0,2 m + D\u00d70,15%)D \u00e9 a dist\u00e2ncia a uma superf\u00edcie vertical<br \/>\n<strong>Gama de medi\u00e7\u00e3o<\/strong> 3-1.200 m (superf\u00edcie vertical de 0,5\u00d712 m com 20 % de refletividade)<br \/>\n<strong>Sistemas de<\/strong><strong>vis\u00e3oFaixa de<\/strong><strong>dete\u00e7\u00e3o de obst\u00e1culos<\/strong> Para a frente: 0,6-38 m Para cima\/para baixo\/para tr\u00e1s\/para os lados: 0,5-33 m<br \/>\n<strong>FOV<\/strong> 65\u00b0 (H), 50\u00b0 (V)<br \/>\n<strong>Ambiente de funcionamento<\/strong> Superf\u00edcies com um padr\u00e3o claro e ilumina\u00e7\u00e3o adequada (          &gt;  15 lux)<br \/>\n<strong>Sistemas<\/strong><strong>de dete\u00e7\u00e3o por infravermelhosAlcance de<\/strong><strong>dete\u00e7\u00e3o de obst\u00e1culos<\/strong> 0,1 a 10 m<br \/>\n<strong>FOV<\/strong> 30\u00b0 AMBIENTE<strong>DE FUNCIONAMENTO<\/strong> OBST\u00c1CULOS GRANDES, DIFUSOS E<strong>REFLECTORES (<\/strong> REFLECTIVIDADE)<br \/>\n<strong>Ambiente de funcionamento<\/strong> Obst\u00e1culos grandes, difusos e reflectores (refletividade)     &gt;10%)<br \/>\n<strong>Bater\u00eda de vuelo inteligente TB30<\/strong><strong>Capacidad<\/strong> 5880 mAh<br \/>\n<strong>Tensi\u00f3n<\/strong> 26.1 V<br \/>\n<strong>Tipo de bater\u00eda<\/strong> LiPo 6S<br \/>\n<strong>Energ\u00eda<\/strong> 131,6 Wh <strong>Peso neto<\/strong> Aproximadamente 685 g <strong>Temperatura de funcionamiento<\/strong> -20\u00b0 a 50\u00b0 C (-4\u00b0 a 122\u00b0 F) <strong>Temperatura de almacenamiento<\/strong> 20\u00b0 a 30\u00b0 C (68\u00b0 a 86\u00b0 F) <strong>Temperatura de carga<\/strong> -De -20\u00b0 a 40\u00b0 C (de -4\u00b0 a 104\u00b0 F) (Cuando la temperatura es inferior a 10\u00b0 C (50\u00b0 F), la funci\u00f3n de autocalentamiento se activa autom\u00e1ticamente.     O carregamento a baixas temperaturas pode reduzir a vida \u00fatil da bateria).  <strong>Sistema qu\u00edmico<\/strong> LiNiMnCoO2<br \/>\n<strong>Luzes<\/strong><strong>auxiliaresDist\u00e2ncia<\/strong><strong>efectiva<\/strong><strong>de<\/strong><strong>ilumina\u00e7\u00e3o<\/strong> 5 m<br \/>\n<strong>Tipo de ilumina\u00e7\u00e3o<\/strong> 60 Hz, brilho s\u00f3lido<br \/>\n<strong>Controlo<\/strong><strong>remotoDisplay<\/strong><strong>Ecr\u00e3<\/strong> t\u00e1til LCD de 7,02 polegadas, com uma resolu\u00e7\u00e3o de 1920\u00d71200 pixels e um brilho elevado de 1200 cd\/m2 <strong>Bateria interna<\/strong> Tipo: i\u00f5es de l\u00edtio (6500 mAh a 7,2 V) Tipo de carregamento: Suporta esta\u00e7\u00e3o de bateria ou carregador USB-C com pot\u00eancia m\u00e1xima nominal de 65 W (tens\u00e3o m\u00e1xima de 20 V) Tempo de carregamento: 2 horas Sistema qu\u00edmico: LiNiCoAIO2 <strong>Bateria externa (WB37 Smart Battery)<\/strong> Capacidade: 4920 mAh Tens\u00e3o: 7,6 V Tipo de bateria: I\u00e3o de l\u00edtio Energia: 37,39 Wh Sistema qu\u00edmico: LiCoO2 <strong>Tempo de funcionamento[5]<\/strong> Bateria interna: Aprox.    3 horas 18 minBateria interna + bateria externa: Aprox. 6 horas  <strong>\u00cdndice de prote\u00e7\u00e3o contra a entrada[3]<\/strong> IP54<br \/>\n<strong>GNSS<\/strong> GPS+Galileo+BeiDou<br \/>\n<strong>Temperatura de funcionamento<\/strong> -20\u00b0 a 50\u00b0 C (-4\u00b0 a 122\u00b0 F)<br \/>\n<strong>O3 CompanyFrequ\u00eancia de funcionamento<\/strong><strong>[1]<\/strong> 2,4000-2,4835 GHz, 5,725-5,850 GHz<br \/>\n<strong>Dist\u00e2ncia m\u00e1xima de transmiss\u00e3o (sem obst\u00e1culos, sem interfer\u00eancias)<\/strong> 2,4000-2,4835 GHz: 15 km (FCC); 8 km (CE\/SRRC\/MIC)<br \/>\n<strong>Dist\u00e2ncia m\u00e1xima de transmiss\u00e3o (com interfer\u00eancia)<\/strong> Interfer\u00eancia forte (paisagem urbana, linha de vis\u00e3o limitada, muitos sinais concorrentes): 1,5-3 km (FCC\/EC\/SRRC\/MIC) Interfer\u00eancia m\u00e9dia (paisagem urbana, linha de vis\u00e3o aberta, alguns sinais concorrentes): 3-9 km (FCC); 3-6 km (CE\/SRRC\/MIC) Interfer\u00eancia fraca (paisagem aberta, linha de vis\u00e3o abundante, poucos sinais concorrentes): 9-15 km (FCC); 6-8 km (CE\/SRRC\/MIC)<br \/>\n<strong>Pot\u00eancia do transmissor (EIRP)<\/strong> 2,4 GHz:        &lt;33 dBm (FCC);  &lt;20 dBm (CE\/ SRRC\/MIC) 5,8 GHz:  &lt;33 dBm (FCC);  &lt;14 dBm (CE);  &lt;23 dBm (SRRC)<br \/>\n<strong>Protocolo<\/strong><strong>Wi-FiWi-Fi<\/strong> 6<br \/>\n<strong>Frequ\u00eancia de funcionamento[1]<\/strong> 2,4000-2,4835 GHz; 5,150-5,250 GHz; 5,725-5,850 GHz<br \/>\n<strong>Pot\u00eancia do transmissor (EIRP)<\/strong> 2,4 GHz:     &lt;26 dBm (FCC);  &lt;20 dBm (CE\/ SRRC\/MIC) 5,1 GHz:  &lt;26 dBm (FCC);  &lt;23 dBm (CE\/ SRRC\/MIC) 5,8 GHz:  &lt;26 dBm (FCC\/SRRC);  &lt;14 dBm(CE)<br \/>\n<strong>Protocolo<\/strong><strong>BluetoothBluetooth<\/strong> 5.1<br \/>\n<strong>Frequ\u00eancia de funcionamento<\/strong> 2,4000-2,4835 GHz    <strong>Pot\u00eancia do transmissor (EIRP)<\/strong><br \/>\n&lt;10 dBm  <strong>Smart Battery Station<\/strong><strong>BS30Dimens\u00f5es<\/strong> 353\u00d7267\u00d7148 mm<br \/>\n<strong>Peso l\u00edquido<\/strong> 3,95 kg<br \/>\n<strong>Tipo de bateria compat\u00edvel<\/strong> Bateria de voo inteligente TB30 Bateria inteligente WB37<br \/>\n<strong>Entrada<\/strong> 100-240 VAC, 50\/60 Hz<br \/>\n<strong>Sa\u00edda<\/strong> Porta de bateria TB30: 26,1 V, 8,9 A (suporta at\u00e9 duas sa\u00eddas simult\u00e2neas) Bateria inteligente WB37: 8,7 V, 6 A<br \/>\n<strong>Pot\u00eancia de sa\u00edda<\/strong> 525 W<br \/>\n<strong>Porta USB-C<\/strong> Pot\u00eancia de sa\u00edda m\u00e1xima de 65 W<br \/>\n<strong>Porta USB-A<\/strong> Pot\u00eancia de sa\u00edda m\u00e1xima de 10W (5V, 2A)         <strong>Consumo de energia (quando a bateria n\u00e3o est\u00e1 carregada)<\/strong><br \/>\n&lt;  8 W  <strong>Pot\u00eancia de sa\u00edda (quando a bateria est\u00e1 aquecida)<\/strong> Aproximadamente 30 W (-20\u00b0 a 40\u00b0 C <strong>(-4\u00b0<\/strong> a 104\u00b0 F<strong>)<\/strong><br \/>\n<strong>Temperatura de funcionamento<\/strong> -20\u00b0 a 40\u00b0 C (-4\u00b0 a 104\u00b0 F)<br \/>\n<strong>\u00cdndice de prote\u00e7\u00e3o contra a entrada[3]<\/strong> IP55 (com a tampa bem fechada)<br \/>\n<strong>Tempo de carregamento[6]<\/strong> Aproximadamente 30 minutos (carregando duas baterias TB30 de 20% a 90%) Aproximadamente 50 minutos (carregando duas baterias TB30 de 0% a 100%)     <strong>Caracter\u00edsticas de protec\u00e7\u00e3o<\/strong><\/p>\n<ul>\n<li>Protec\u00e7\u00e3o contra refluxo<\/li>\n<li>Protec\u00e7\u00e3o contra curto-circuitos<\/li>\n<li>Protec\u00e7\u00e3o contra sobretens\u00e3o<\/li>\n<li>Protec\u00e7\u00e3o contra sobre-corrente<\/li>\n<li>Protec\u00e7\u00e3o da temperatura<\/li>\n<\/ul>\n<p>&nbsp;<\/p>\n<h3><strong>O pacote inclui:<\/strong><\/h3>\n<ul>\n<li>Matrice 30<\/li>\n<li>DJI RC PLUS<\/li>\n<li>Bateria TB30 (x2)<\/li>\n<li>Esta\u00e7\u00e3o de recarga BS 30<\/li>\n<li>DJI Pilot 2<\/li>\n<li>DJI FlightHUB 2 (Subscri\u00e7\u00e3o de 3 Meses)<\/li>\n<li>DJI Care Enterprise &#8211; B\u00e1sico (1 Ano)<\/li>\n<li>Repara\u00e7\u00f5es UNLIMITED FREE durante o primeiro ano<\/li>\n<li>Um servi\u00e7o de manuten\u00e7\u00e3o padr\u00e3o<\/li>\n<\/ul>\n<p>&nbsp;<\/p>\n<h3>Outros<\/h3>\n<p><em>Notas de rodap\u00e9<\/em><br \/>\n<em>[1] As frequ\u00eancias de 5,8 e 5,1GHz s\u00e3o proibidas em alguns pa\u00edses. Em alguns pa\u00edses, a frequ\u00eancia de 5,1GHz s\u00f3 \u00e9 permitida para utiliza\u00e7\u00e3o em interiores.<\/em><br \/>\n<em>[2] O tempo m\u00e1ximo de voo e o tempo de pausa foram testados num ambiente de laborat\u00f3rio e s\u00e3o apenas para refer\u00eancia.<\/em><br \/>\n<em>[3] Esta classifica\u00e7\u00e3o de protec\u00e7\u00e3o n\u00e3o \u00e9 permanente e pode ser reduzida ao longo do tempo ap\u00f3s utiliza\u00e7\u00e3o prolongada.<\/em><br \/>\n<em>[4] A precis\u00e3o da medi\u00e7\u00e3o da temperatura por infravermelhos foi testada em ambiente de laborat\u00f3rio e \u00e9 apenas para refer\u00eancia.<\/em><br \/>\n<em>[5] O tempo m\u00e1ximo de funcionamento foi testado num ambiente de laborat\u00f3rio e \u00e9 apenas para refer\u00eancia.<\/em><br \/>\n<em>[6] O tempo de carregamento foi testado num ambiente de laborat\u00f3rio \u00e0 temperatura ambiente. O valor fornecido deve ser utilizado apenas como refer\u00eancia.<\/em><\/p>\n","protected":false},"excerpt":{"rendered":"<p>M30T Combo Plus A compra deste produto inclui uma correia para o transmissor. O novo DJI Matrice 30T tem como objetivo fornecer toda a pot\u00eancia do Matrice 300RTK com o<\/p>\n","protected":false},"featured_media":214093,"comment_status":"open","ping_status":"closed","template":"","meta":{"_joinchat":[]},"pwb-brand":[3567],"product_cat":[3327,3324],"product_tag":[],"class_list":{"0":"post-214114","1":"product","2":"type-product","3":"status-publish","4":"has-post-thumbnail","6":"pwb-brand-dji","7":"product_cat-dji-empresa","8":"product_cat-dji-2","10":"first","11":"instock","12":"taxable","13":"shipping-taxable","14":"purchasable","15":"product-type-simple"},"barcode":null,"atum_controlled":true,"out_stock_date":null,"out_stock_threshold":null,"inheritable":false,"stock_on_hold":0,"sold_today":0,"sales_last_days":0,"out_stock_days":0,"lost_sales":0,"update_date":"2026-04-18T09:55:47","atum_locations":[],"atum_stock_status":"instock","restock_status":false,"low_stock_amount":"","sales_update_date":"2026-04-18T09:55:47","calc_backorders":null,"yoast_head":"<!-- This site is optimized with the Yoast SEO plugin v27.3 - https:\/\/yoast.com\/product\/yoast-seo-wordpress\/ -->\n<title>M30T Combo Plus - Iha Race<\/title>\n<meta name=\"robots\" content=\"index, follow, max-snippet:-1, max-image-preview:large, max-video-preview:-1\" \/>\n<link rel=\"canonical\" href=\"https:\/\/iha-race.com\/pt-pt\/produto\/m30t-combo-plus\/\" \/>\n<meta property=\"og:locale\" content=\"pt_PT\" \/>\n<meta property=\"og:type\" content=\"article\" \/>\n<meta property=\"og:title\" content=\"M30T Combo Plus - Iha Race\" \/>\n<meta property=\"og:description\" content=\"M30T Combo Plus A compra deste produto inclui uma correia para o transmissor. O novo DJI Matrice 30T tem como objetivo fornecer toda a pot\u00eancia do Matrice 300RTK com o\" \/>\n<meta property=\"og:url\" content=\"https:\/\/iha-race.com\/pt-pt\/produto\/m30t-combo-plus\/\" \/>\n<meta property=\"og:site_name\" content=\"Iha Race\" \/>\n<meta property=\"article:modified_time\" content=\"2024-08-29T09:29:43+00:00\" \/>\n<meta property=\"og:image\" content=\"https:\/\/iha-race.com\/wp-content\/uploads\/2022\/12\/Sin_titulo.png\" \/>\n\t<meta property=\"og:image:width\" content=\"960\" \/>\n\t<meta property=\"og:image:height\" content=\"960\" \/>\n\t<meta property=\"og:image:type\" content=\"image\/png\" \/>\n<meta name=\"twitter:card\" content=\"summary_large_image\" \/>\n<meta name=\"twitter:label1\" content=\"Tempo estimado de leitura\" \/>\n\t<meta name=\"twitter:data1\" content=\"7 minutos\" \/>\n<script type=\"application\/ld+json\" class=\"yoast-schema-graph\">{\"@context\":\"https:\\\/\\\/schema.org\",\"@graph\":[{\"@type\":\"WebPage\",\"@id\":\"https:\\\/\\\/iha-race.com\\\/pt-pt\\\/produto\\\/m30t-combo-plus\\\/\",\"url\":\"https:\\\/\\\/iha-race.com\\\/pt-pt\\\/produto\\\/m30t-combo-plus\\\/\",\"name\":\"M30T Combo Plus - Iha Race\",\"isPartOf\":{\"@id\":\"https:\\\/\\\/iha-race.com\\\/pt-pt\\\/#website\"},\"primaryImageOfPage\":{\"@id\":\"https:\\\/\\\/iha-race.com\\\/pt-pt\\\/produto\\\/m30t-combo-plus\\\/#primaryimage\"},\"image\":{\"@id\":\"https:\\\/\\\/iha-race.com\\\/pt-pt\\\/produto\\\/m30t-combo-plus\\\/#primaryimage\"},\"thumbnailUrl\":\"https:\\\/\\\/iha-race.com\\\/wp-content\\\/uploads\\\/2022\\\/12\\\/Sin_titulo.png\",\"datePublished\":\"2022-12-28T15:39:35+00:00\",\"dateModified\":\"2024-08-29T09:29:43+00:00\",\"breadcrumb\":{\"@id\":\"https:\\\/\\\/iha-race.com\\\/pt-pt\\\/produto\\\/m30t-combo-plus\\\/#breadcrumb\"},\"inLanguage\":\"pt-PT\",\"potentialAction\":[{\"@type\":\"ReadAction\",\"target\":[\"https:\\\/\\\/iha-race.com\\\/pt-pt\\\/produto\\\/m30t-combo-plus\\\/\"]}]},{\"@type\":\"ImageObject\",\"inLanguage\":\"pt-PT\",\"@id\":\"https:\\\/\\\/iha-race.com\\\/pt-pt\\\/produto\\\/m30t-combo-plus\\\/#primaryimage\",\"url\":\"https:\\\/\\\/iha-race.com\\\/wp-content\\\/uploads\\\/2022\\\/12\\\/Sin_titulo.png\",\"contentUrl\":\"https:\\\/\\\/iha-race.com\\\/wp-content\\\/uploads\\\/2022\\\/12\\\/Sin_titulo.png\",\"width\":960,\"height\":960,\"caption\":\"Comprar M30T Combo Plus\"},{\"@type\":\"BreadcrumbList\",\"@id\":\"https:\\\/\\\/iha-race.com\\\/pt-pt\\\/produto\\\/m30t-combo-plus\\\/#breadcrumb\",\"itemListElement\":[{\"@type\":\"ListItem\",\"position\":1,\"name\":\"Portada\",\"item\":\"https:\\\/\\\/iha-race.com\\\/pt-pt\\\/elementor-499\\\/\"},{\"@type\":\"ListItem\",\"position\":2,\"name\":\"Shop\",\"item\":\"https:\\\/\\\/iha-race.com\\\/pt-pt\\\/shop\\\/\"},{\"@type\":\"ListItem\",\"position\":3,\"name\":\"M30T Combo Plus\"}]},{\"@type\":\"WebSite\",\"@id\":\"https:\\\/\\\/iha-race.com\\\/pt-pt\\\/#website\",\"url\":\"https:\\\/\\\/iha-race.com\\\/pt-pt\\\/\",\"name\":\"Iha Race\",\"description\":\"Comprar drones de carreras FPV env\u00edos en un d\u00eda desde Espa\u00f1a\",\"publisher\":{\"@id\":\"https:\\\/\\\/iha-race.com\\\/pt-pt\\\/#organization\"},\"potentialAction\":[{\"@type\":\"SearchAction\",\"target\":{\"@type\":\"EntryPoint\",\"urlTemplate\":\"https:\\\/\\\/iha-race.com\\\/pt-pt\\\/?s={search_term_string}\"},\"query-input\":{\"@type\":\"PropertyValueSpecification\",\"valueRequired\":true,\"valueName\":\"search_term_string\"}}],\"inLanguage\":\"pt-PT\"},{\"@type\":\"Organization\",\"@id\":\"https:\\\/\\\/iha-race.com\\\/pt-pt\\\/#organization\",\"name\":\"Iha Race\",\"url\":\"https:\\\/\\\/iha-race.com\\\/pt-pt\\\/\",\"logo\":{\"@type\":\"ImageObject\",\"inLanguage\":\"pt-PT\",\"@id\":\"https:\\\/\\\/iha-race.com\\\/pt-pt\\\/#\\\/schema\\\/logo\\\/image\\\/\",\"url\":\"https:\\\/\\\/iha-race.com\\\/wp-content\\\/uploads\\\/2018\\\/07\\\/iha-race-drones-de-carreras-tienda-comprar-drones.png\",\"contentUrl\":\"https:\\\/\\\/iha-race.com\\\/wp-content\\\/uploads\\\/2018\\\/07\\\/iha-race-drones-de-carreras-tienda-comprar-drones.png\",\"width\":300,\"height\":100,\"caption\":\"Iha Race\"},\"image\":{\"@id\":\"https:\\\/\\\/iha-race.com\\\/pt-pt\\\/#\\\/schema\\\/logo\\\/image\\\/\"}}]}<\/script>\n<!-- \/ Yoast SEO plugin. -->","yoast_head_json":{"title":"M30T Combo Plus - Iha Race","robots":{"index":"index","follow":"follow","max-snippet":"max-snippet:-1","max-image-preview":"max-image-preview:large","max-video-preview":"max-video-preview:-1"},"canonical":"https:\/\/iha-race.com\/pt-pt\/produto\/m30t-combo-plus\/","og_locale":"pt_PT","og_type":"article","og_title":"M30T Combo Plus - Iha Race","og_description":"M30T Combo Plus A compra deste produto inclui uma correia para o transmissor. O novo DJI Matrice 30T tem como objetivo fornecer toda a pot\u00eancia do Matrice 300RTK com o","og_url":"https:\/\/iha-race.com\/pt-pt\/produto\/m30t-combo-plus\/","og_site_name":"Iha Race","article_modified_time":"2024-08-29T09:29:43+00:00","og_image":[{"width":960,"height":960,"url":"https:\/\/iha-race.com\/wp-content\/uploads\/2022\/12\/Sin_titulo.png","type":"image\/png"}],"twitter_card":"summary_large_image","twitter_misc":{"Tempo estimado de leitura":"7 minutos"},"schema":{"@context":"https:\/\/schema.org","@graph":[{"@type":"WebPage","@id":"https:\/\/iha-race.com\/pt-pt\/produto\/m30t-combo-plus\/","url":"https:\/\/iha-race.com\/pt-pt\/produto\/m30t-combo-plus\/","name":"M30T Combo Plus - Iha Race","isPartOf":{"@id":"https:\/\/iha-race.com\/pt-pt\/#website"},"primaryImageOfPage":{"@id":"https:\/\/iha-race.com\/pt-pt\/produto\/m30t-combo-plus\/#primaryimage"},"image":{"@id":"https:\/\/iha-race.com\/pt-pt\/produto\/m30t-combo-plus\/#primaryimage"},"thumbnailUrl":"https:\/\/iha-race.com\/wp-content\/uploads\/2022\/12\/Sin_titulo.png","datePublished":"2022-12-28T15:39:35+00:00","dateModified":"2024-08-29T09:29:43+00:00","breadcrumb":{"@id":"https:\/\/iha-race.com\/pt-pt\/produto\/m30t-combo-plus\/#breadcrumb"},"inLanguage":"pt-PT","potentialAction":[{"@type":"ReadAction","target":["https:\/\/iha-race.com\/pt-pt\/produto\/m30t-combo-plus\/"]}]},{"@type":"ImageObject","inLanguage":"pt-PT","@id":"https:\/\/iha-race.com\/pt-pt\/produto\/m30t-combo-plus\/#primaryimage","url":"https:\/\/iha-race.com\/wp-content\/uploads\/2022\/12\/Sin_titulo.png","contentUrl":"https:\/\/iha-race.com\/wp-content\/uploads\/2022\/12\/Sin_titulo.png","width":960,"height":960,"caption":"Comprar M30T Combo Plus"},{"@type":"BreadcrumbList","@id":"https:\/\/iha-race.com\/pt-pt\/produto\/m30t-combo-plus\/#breadcrumb","itemListElement":[{"@type":"ListItem","position":1,"name":"Portada","item":"https:\/\/iha-race.com\/pt-pt\/elementor-499\/"},{"@type":"ListItem","position":2,"name":"Shop","item":"https:\/\/iha-race.com\/pt-pt\/shop\/"},{"@type":"ListItem","position":3,"name":"M30T Combo Plus"}]},{"@type":"WebSite","@id":"https:\/\/iha-race.com\/pt-pt\/#website","url":"https:\/\/iha-race.com\/pt-pt\/","name":"Iha Race","description":"Comprar drones de carreras FPV env\u00edos en un d\u00eda desde Espa\u00f1a","publisher":{"@id":"https:\/\/iha-race.com\/pt-pt\/#organization"},"potentialAction":[{"@type":"SearchAction","target":{"@type":"EntryPoint","urlTemplate":"https:\/\/iha-race.com\/pt-pt\/?s={search_term_string}"},"query-input":{"@type":"PropertyValueSpecification","valueRequired":true,"valueName":"search_term_string"}}],"inLanguage":"pt-PT"},{"@type":"Organization","@id":"https:\/\/iha-race.com\/pt-pt\/#organization","name":"Iha Race","url":"https:\/\/iha-race.com\/pt-pt\/","logo":{"@type":"ImageObject","inLanguage":"pt-PT","@id":"https:\/\/iha-race.com\/pt-pt\/#\/schema\/logo\/image\/","url":"https:\/\/iha-race.com\/wp-content\/uploads\/2018\/07\/iha-race-drones-de-carreras-tienda-comprar-drones.png","contentUrl":"https:\/\/iha-race.com\/wp-content\/uploads\/2018\/07\/iha-race-drones-de-carreras-tienda-comprar-drones.png","width":300,"height":100,"caption":"Iha Race"},"image":{"@id":"https:\/\/iha-race.com\/pt-pt\/#\/schema\/logo\/image\/"}}]}},"jetpack_sharing_enabled":true,"brands":[{"id":3567,"name":"DJI","slug":"dji"}],"_links":{"self":[{"href":"https:\/\/iha-race.com\/pt-pt\/wp-json\/wp\/v2\/product\/214114","targetHints":{"allow":["GET"]}}],"collection":[{"href":"https:\/\/iha-race.com\/pt-pt\/wp-json\/wp\/v2\/product"}],"about":[{"href":"https:\/\/iha-race.com\/pt-pt\/wp-json\/wp\/v2\/types\/product"}],"replies":[{"embeddable":true,"href":"https:\/\/iha-race.com\/pt-pt\/wp-json\/wp\/v2\/comments?post=214114"}],"version-history":[{"count":4,"href":"https:\/\/iha-race.com\/pt-pt\/wp-json\/wp\/v2\/product\/214114\/revisions"}],"predecessor-version":[{"id":248723,"href":"https:\/\/iha-race.com\/pt-pt\/wp-json\/wp\/v2\/product\/214114\/revisions\/248723"}],"wp:featuredmedia":[{"embeddable":true,"href":"https:\/\/iha-race.com\/pt-pt\/wp-json\/wp\/v2\/media\/214093"}],"wp:attachment":[{"href":"https:\/\/iha-race.com\/pt-pt\/wp-json\/wp\/v2\/media?parent=214114"}],"wp:term":[{"taxonomy":"pwb-brand","embeddable":true,"href":"https:\/\/iha-race.com\/pt-pt\/wp-json\/wp\/v2\/pwb-brand?post=214114"},{"taxonomy":"product_cat","embeddable":true,"href":"https:\/\/iha-race.com\/pt-pt\/wp-json\/wp\/v2\/product_cat?post=214114"},{"taxonomy":"product_tag","embeddable":true,"href":"https:\/\/iha-race.com\/pt-pt\/wp-json\/wp\/v2\/product_tag?post=214114"}],"curies":[{"name":"wp","href":"https:\/\/api.w.org\/{rel}","templated":true}]}}