{"id":213750,"date":"2022-12-17T10:54:32","date_gmt":"2022-12-17T09:54:32","guid":{"rendered":"https:\/\/iha-race.com\/producto\/betafpv-fc-brushless-fc-f4-1s-5a-aio-elrs-2-4g\/"},"modified":"2026-01-14T08:30:19","modified_gmt":"2026-01-14T07:30:19","slug":"betafpv-fc-sin-escobillas-f4-1s-5a-aio-elrs-2-4g","status":"publish","type":"product","link":"https:\/\/iha-race.com\/pt-pt\/produto\/betafpv-fc-sin-escobillas-f4-1s-5a-aio-elrs-2-4g\/","title":{"rendered":"BetaFPV FC Brushless FC F4 1S 5A AIO ELRS 2.4G"},"content":{"rendered":"<h2>BetaFPV FC Brushless FC F4 1S 5A AIO ELRS 2.4G<\/h2>\n<p>&nbsp;  A controladora de voo sem escovas ultra-leve F4 1S 5A AIO est\u00e1 novamente dispon\u00edvel com novas e melhoradas carater\u00edsticas. Em compara\u00e7\u00e3o com a vers\u00e3o anterior, a nova placa utiliza Serial ExpressLRS 2.4G em vez de SPI ELRS 2.4G para que possa suportar ExpressLRS V3.0 e tamb\u00e9m tem uma vers\u00e3o Frsky RX \u00e0 escolha. Melhor\u00e1mos o FC com girosc\u00f3pios de alta qualidade BMI270 e BB51 ESC. Al\u00e9m disso, esta nova placa suporta a fun\u00e7\u00e3o Blackbox da Betaflight.  <span style=\"color: #b3b3b3;\"><a style=\"color: #b3b3b3;\" href=\"https:\/\/betafpv.com\/products\/f4-1s-5a-aio-brushless-flight-controller\"><em>Clique aqui para F4 1S 5A AIO (SPI ELRS 2.4G) se precisar de mais informa\u00e7\u00f5es.<\/em><\/a><\/span><\/p>\n<p>&nbsp;<\/p>\n<p><img decoding=\"async\" src=\"https:\/\/cdn.shopifycdn.net\/s\/files\/1\/1778\/6615\/files\/FB_828fce24-2259-484d-a9e1-ab2d7acac796_1024x1024.jpg?v=1665717842\" alt=\"\"><\/p>\n<h2>Caracter\u00edsticas<\/h2>\n<ul>\n<li>Vem com um receptor 2.4G Serial ExpressLRS 2.4G, que pode ser actualizado via Wi-Fi ou transfer\u00eancia em s\u00e9rie Betaflight. Os pilotos devem actualizar qualquer vers\u00e3o do firmware do ELRS RX e, em particular, podem actualizar o ExpressLRS V3.0 sem actualizar o firmware do controlador de voo.<\/li>\n<li>A placa da vers\u00e3o Frsky SPI reserva uma porta SBUS e uma porta UART, que est\u00e1 dispon\u00edvel para o receptor do protocolo SBUS ou outros receptores externos.<\/li>\n<li>Incorpora um chip de mem\u00f3ria flash de 8 MB dedicado ao registo na Blackbox. \u00c9 uma ferramenta extremamente poderosa para ajustar e solucionar problemas de um drone FPV.<\/li>\n<li>Conectores de pinos de motor integrados, \u00e9 f\u00e1cil de instalar motores sem trabalho de soldadura.<\/li>\n<li>Desenho particular com apenas 3,6 g de peso ultra-leve, desenho razo\u00e1vel e f\u00e1cil de construir. Com um furo de montagem de 26*26 mm, \u00e9 totalmente compat\u00edvel com a estrutura whoop actualmente existente no mercado.<\/li>\n<\/ul>\n<h2>Especifica\u00e7\u00e3o FC<\/h2>\n<ul>\n<li>UPC: STM32F411CEU6 (100MHz)<\/li>\n<li>Seis eixos: BMI270<\/li>\n<li>Receptor incorporado: Serial ExpressLRS 2.4G\/SPI CC2500 (Frsky)<\/li>\n<li>Antena receptora: antena de linha<\/li>\n<li>Tamanho FC: 30*30mm<\/li>\n<li>Tamanho do orif\u00edcio de montagem: 26 * 26 mm<\/li>\n<li>Vers\u00e3o do firmware: betaflight_4.3.0_BETAFPVF411 (ELRS)\/betaflight_4.2.11_BETAFPVF411RX (Frsky)<\/li>\n<li>OSD: BetaFlight OSD incorporado<\/li>\n<li>Caixa negra: 8 MB<\/li>\n<li>&gt;Recomendar VTX: =200mW, tal comoBETAFPV M03 350mW VTXou TBS unificar VTX<\/li>\n<li>Cabo de alimenta\u00e7\u00e3o: 55 mm, com conector BT2.0<\/li>\n<li>Peso: 3,6 g (ELRS)\/3,7 g (Frsky), sem cabo de alimenta\u00e7\u00e3o e conector BT2.0<\/li>\n<\/ul>\n<h2>Especifica\u00e7\u00e3o do ESC<\/h2>\n<ul>\n<li>Fonte de alimenta\u00e7\u00e3o: 1S<\/li>\n<li>Corrente: 5A cont\u00ednua e pico 6A (3 segundos)<\/li>\n<li>Firmware ESC: A_X_5_.HEX para hardware Bluejay BB51<\/li>\n<li>Suporte de sinal: D-shot150, D-shot300, D-shot600, Oneshot125, Multishot, PWM<\/li>\n<\/ul>\n<p>  O firmware Bluejay pode agora suportar o hardware BB51. Tanto as placas ELRS como Frsky trabalham com hardware BB51.  <strong>Se quiser configurar a especifica\u00e7\u00e3o ESC, utilize BLHeliSuite16714902A_Beta ou ESC-Configurator.<\/strong><\/p>\n<ul>\n<li>Configurador ESC: https:\/\/preview.esc-configurator.com\/<\/li>\n<li>Descarregar BLHeliSuite16714902A_Beta aqui.<\/li>\n<li><a href=\"https:\/\/github.com\/bird-sanctuary\/bluejay\/releases\/tag\/v0.18.1\">Descarregar o firmware da Bluejay ESC. Escolher A_X_5.HEX.<\/a><\/li>\n<\/ul>\n<p><span style=\"color: #b3b3b3;\"><em>Nota: Apenas a vers\u00e3o SPI ELRS 2.4G suporta o endere\u00e7o do motor configurado via Betaflight Configurator e a vers\u00e3o SPI Frsky n\u00e3o \u00e9 suportada. O BLHeli Configurator e o Bluejay Configurator n\u00e3o s\u00e3o v\u00e1lidos para BB51 ESC (ambas as vers\u00f5es).<\/em><\/span><\/p>\n<h2>Diagrama<\/h2>\n<p>  O diagrama do RX de s\u00e9rie ELRS 2.4G \u00e9 apresentado em seguida.  <img decoding=\"async\" src=\"https:\/\/cdn.shopifycdn.net\/s\/files\/1\/1778\/6615\/files\/873209b4315a474d5f0cd872c40e16ba_ea4104f5-a34f-4c62-b9a3-14acf1f84821_480x480.jpg?v=1665402312\" alt=\"\"><\/p>\n<p><img decoding=\"async\" src=\"https:\/\/cdn.shopify.com\/s\/files\/1\/1778\/6615\/files\/9c194e3c986b0c5b8388668b5ab6bfc5_0317941a-6d6f-498f-b4fd-2562ab816ccf_480x480.jpg?v=1665566666\" alt=\"\">  O diagrama para SPI Frsky RX \u00e9 mostrado abaixo.  <img decoding=\"async\" src=\"https:\/\/cdn.shopifycdn.net\/s\/files\/1\/1778\/6615\/files\/873209b4315a474d5f0cd872c40e16ba_95b94e51-f597-4662-a2c4-6737738da88b_480x480.jpg?v=1665402798\" alt=\"\"><\/p>\n<p><img decoding=\"async\" src=\"https:\/\/cdn.shopifycdn.net\/s\/files\/1\/1778\/6615\/files\/9c194e3c986b0c5b8388668b5ab6bfc5_324f3f61-7025-4053-8d5a-2594d2219cfb_480x480.jpg?v=1665402821\" alt=\"\"><\/p>\n<h2>S\u00e9rie ELRS 2.4G RX<\/h2>\n<p>  A s\u00e9rie ELRS 2.4G RX utiliza o protocolo de s\u00e9rie Crossfire (protocolo CRSF) para comunicar entre o recetor e a placa controladora de voo. Portanto, o ELRS Serial 2.4G RX est\u00e1 dispon\u00edvel para suportar a actualiza\u00e7\u00e3o para o ELRS V3.0 sem necessidade de actualizar o firmware do controlador de voo Betaflight. Entra no estado de emparelhamento ligando\/desligando tr\u00eas vezes.  <\/p>\n<ul>\n<li>Conecte e desligue o controlador de voo tr\u00eas vezes;<\/li>\n<li>Certifique-se que o LED RX pisca duas vezes rapidamente, indicando que o receptor est\u00e1 em modo de emparelhamento;<\/li>\n<li>Assegurar que o m\u00f3dulo RF TX ou transmissor de r\u00e1dio entra num estado de liga\u00e7\u00e3o, que envia um pulso de liga\u00e7\u00e3o;<\/li>\n<li>Se o receptor tiver uma luz fixa, est\u00e1 amarrado.<\/li>\n<\/ul>\n<p>  O ELRS 2.4G RX Serial pode ser atualizado atrav\u00e9s de Wi-Fi ou transfer\u00eancia s\u00e9rie Betaflight. V\u00ea como atualizar o firmware do Serial ELRS 2.4G RX atrav\u00e9s de passthrough.  <\/p>\n<ul>\n<li>Desactivar a telemetria no configurador de Betaflight.<\/li>\n<\/ul>\n<p style=\"padding-left: 30px;\"><img decoding=\"async\" src=\"https:\/\/cdn.shopifycdn.net\/s\/files\/1\/1778\/6615\/files\/Dingtalk_20221014210738_600x600.jpg?v=1665753078\" alt=\"\"><\/p>\n<ul>\n<li>Desligar e ligar, mantendo premido o bot\u00e3o de arranque para colocar o receptor ELRS no carregador de arranque.<\/li>\n<\/ul>\n<p style=\"padding-left: 30px;\"><img decoding=\"async\" src=\"https:\/\/cdn.shopifycdn.net\/s\/files\/1\/1778\/6615\/files\/9c194e3c986b0c5b8388668b5ab6bfc5_a4fae828-85e7-4b78-82df-a3b309b4ab2b_240x240.jpg?v=1665719127\" alt=\"\"><\/p>\n<ul>\n<li>Abra o configurador Betaflight, saia do modo DFU e certifique-se de que o Betaflight est\u00e1 desligado do controlador de voo.<\/li>\n<li>Escolher a lente &#8220;BETAFPV AIO 2400 RX&#8221;. Flash usando a op\u00e7\u00e3o Passthrough no Configurador do ExpressLRS.<\/li>\n<\/ul>\n<p><span style=\"color: #b3b3b3;\"><em><a style=\"color: #b3b3b3;\" href=\"https:\/\/support.betafpv.com\/hc\/en-us\/articles\/4404231679129-How-to-Flash-Firmware-of-ELRS-RX-TX\">Como actualizar o firmware via Wi-Fi aqui.<\/a><\/em><\/span><\/p>\n<h2>SPI Frsky RX<\/h2>\n<p>  Vem com um recetor Frsky SPI integrado (chip CC2500), o F4 1S 5A AIO FC pode ser compat\u00edvel com o protocolo Futaba S-FHSS, Frsky D8 e D16. O protocolo padr\u00e3o \u00e9 definido para Frsky D16 FCC da f\u00e1brica. Os pilotos podem configurar o protocolo de acordo com as suas pr\u00f3prias necessidades no Configurador Betaflight.  <\/p>\n<div class=\"table-wrapper\">\n<table style=\"width: 538px;\">\n<tbody>\n<tr>\n<td style=\"width: 190px;\"><strong>Configura\u00e7\u00e3o<\/strong><\/td>\n<td style=\"width: 332px;\"><strong>Protocolo<\/strong><\/td>\n<\/tr>\n<tr>\n<td style=\"width: 190px;\">FRSKY_D<\/td>\n<td style=\"width: 332px;\">Frsky D8<\/td>\n<\/tr>\n<tr>\n<td style=\"width: 190px;\">FRSKY _X<\/td>\n<td style=\"width: 332px;\">Frsky D16 FCC (ACCST vers\u00e3o 1.X)<\/td>\n<\/tr>\n<tr>\n<td style=\"width: 190px;\">FRSKY_X_LBT<\/td>\n<td style=\"width: 332px;\">Frsky D16 LBT (ACCST vers\u00e3o 1.X)<\/td>\n<\/tr>\n<tr>\n<td style=\"width: 190px;\">SFHSS<\/td>\n<td style=\"width: 332px;\">Futaba S-FHSS<\/td>\n<\/tr>\n<\/tbody>\n<\/table>\n<\/div>\n<p><img decoding=\"async\" src=\"https:\/\/cdn.shopifycdn.net\/s\/files\/1\/1778\/6615\/files\/N_PNB8OUR38KZ_ZQXT_QY_S_grande_3846be9b-f7b2-495d-9b47-1fd0dd233b0a_600x600.png?v=1623753699\"><\/p>\n<p><a href=\"https:\/\/support.betafpv.com\/hc\/en-us\/articles\/900003637946-How-to-Bind-with-F4-Betaflight-FC-SPI-Receiver-SPI-Frsky-D8-SPI-Frsky-D16-FCC-SPI-Frsky-D16-LBT-SPI-Futaba-S-FHSS-\">Como ligar o Betaflight FC ao SPI Frsky Receiver.<\/a><\/p>\n<h2>Betaflight firmware e CLI<\/h2>\n<p>  A tua controladora de voo F4 1S 5A AIO brushless vem com o firmware betaflight_4.3.0_BETAFPVF411 (ELRS) ou betaflight_4.2.11_BETAFPVF411RX (Frsky). O firmware padr\u00e3o para a vers\u00e3o Serial ExpressLRS 2.4G RX \u00e9 compat\u00edvel com o ELRS V2.4 RX. Toma aten\u00e7\u00e3o, para a vers\u00e3o Serial ExpressLRS 2.4G, <strong>APENAS o firmware Betaflight 4.3.0 ou superior come\u00e7a a suportar este girosc\u00f3pio BMI270. <\/strong>Para a vers\u00e3o SPI Frsky, <strong>N\u00c3O actualizes o outro firmware, caso contr\u00e1rio, o RX perder\u00e1 o controlo a uma dist\u00e2ncia muito pr\u00f3xima. <\/strong>J\u00e1 cri\u00e1mos o nosso pr\u00f3prio firmware betaflight_4.2.11_BETAFPVF411RX para a vers\u00e3o SPI Frsky RX para suportar o girosc\u00f3pio BMI270. Consulta a seguinte liga\u00e7\u00e3o para descarregar o firmware.  <\/p>\n<ul>\n<li><a href=\"https:\/\/support.betafpv.com\/hc\/en-us\/articles\/7064243258777-Firmware-for-F4-1S-5A-Flight-Controller-BMI270-ELRS-2-4G-Frsky-\">Descarregar o ficheiro de firmware e CLI dump para a placa F4 1S 5A FC ELRS\/Frsky.<\/a><\/li>\n<\/ul>\n<p><span style=\"color: #b3b3b3;\"><em>Nota: Os valores RX RSSI caem quando o controlador de voo \u00e9 instalado no quad quadcopter com VTX digital HD (Walksnail ou HDZero). Por exemplo, os valores te\u00f3ricos RSSI \u00e0 prova de falhas para uma taxa de pacotes de 250 Hz s\u00e3o de -108 dBm. Na realidade, \u00e9 poss\u00edvel que o RX perca o controlo quando os valores RX RSSI atingem aproximadamente -92dBm.<\/em><\/span><\/p>\n<h2>Bluejay firmware ESC<\/h2>\n<p>  O controlador de voo F4 1S 5A com o hardware do ESC BB51 pode agora atualizar o firmware do ESC Bluejay, que \u00e9 baseado na revis\u00e3o 16.7 do BLHeli_S. Com o firmware Bluejay ESC, suporta filtragem bidireccional D-shot e RPM em Betaflight, oferece frequ\u00eancia fixa PWM de 24 KHz, 48 KHz e 96 KHz para ajustes e op\u00e7\u00f5es de arranque personalizados. Usando o firmware Bluejay ESC em <a href=\"https:\/\/betafpv.com\/collections\/meteor-series\/products\/meteor65-brushless-whoop-quadcopter-1s\">Meteor65<\/a> e <a href=\"https:\/\/betafpv.com\/collections\/meteor-series\/products\/meteor65-pro-brushless-whoop-quadcopter-1s\">Meteor65 Pro<\/a> grita drones com motores 0802SE 19500KV, o tempo de voo est\u00e1 efectivamente a aumentar. O firmware predefinido para o F4 1S 5A FC ser\u00e1 alterado para o firmware Bluejay ESC.  <a class=\"rte__image\" href=\"https:\/\/github.com\/bird-sanctuary\/bluejay\" target=\"_blank\" rel=\"noopener\"><img decoding=\"async\" src=\"https:\/\/cdn.shopifycdn.net\/s\/files\/1\/1778\/6615\/files\/1_f1e8c5ed-49a0-488e-8ba6-74c3ff08aa56_160x160.png?v=1668162831\" alt=\"\"><\/a><\/p>\n<p><strong>Para os pilotos que desejem actualizar o firmware da Bluejay ESC para F4 1S 5A FC, utilizar BLHeliSuite16714902A_Beta ou ESC-Configurator e descarregar o firmware da Bluejay ESC A_X_5_.HEX a partir dos links abaixo.<\/strong><\/p>\n<ul>\n<li>Configurador ESC<a href=\"https:\/\/preview.esc-configurator.com\/\">:https:\/\/preview.esc-configurator.com\/<\/a><\/li>\n<li><a href=\"https:\/\/app.box.com\/s\/4fakxgti8i5o2s29s125aa9ljaihonn0\">Descarregar BLHeliSuite16714902A_Beta aqui.<\/a><\/li>\n<li><a href=\"https:\/\/github.com\/bird-sanctuary\/bluejay\/releases\/tag\/v0.18.1\">Descarregar o firmware da Bluejay ESC. Escolher A_X_5.HEX.<\/a><\/li>\n<\/ul>\n<p style=\"padding-left: 30px;\"><img decoding=\"async\" src=\"https:\/\/cdn.shopifycdn.net\/s\/files\/1\/1778\/6615\/files\/7f7a9bdb-b98f-4c22-a318-3eeafc012d2e_240x240.png?v=1668150963\" alt=\"\"><\/p>\n<p><span style=\"color: #b3b3b3;\"><em>Nota: Apenas a vers\u00e3o SPI ELRS 2.4G suporta o conjunto de endere\u00e7os motorizados via Betaflight Configurator e a vers\u00e3o SPI Frsky n\u00e3o. O BLHeli Configurator e o Bluejay Configurator n\u00e3o s\u00e3o v\u00e1lidos para BB51 ESC (ambas as vers\u00f5es).<\/em><\/span><\/p>\n<h2 style=\"text-align: left;\">Liga\u00e7\u00e3o de VTX externo VTX RX\/HD digital ou anal\u00f3gico VTX<\/h2>\n<p>  Tanto a vers\u00e3o Serial ExpressLRS 2.4G RX como a vers\u00e3o SPI Frsky RX suportam VTX digital HD externo ou VTX anal\u00f3gico. Note-se que a vers\u00e3o Frsky RX SPI reserva uma porta SBUS e uma porta UART, que est\u00e1 dispon\u00edvel para o receptor do protocolo SBUS ou outros receptores externos. Consulta a imagem abaixo.  <img decoding=\"async\" src=\"https:\/\/cdn.shopifycdn.net\/s\/files\/1\/1778\/6615\/files\/f4b3da9554de4e60ffd11b8edcb16ff8_d3d78c98-20d0-4466-8be7-10b7738f88db_1600x1600.jpg?v=1668130490\" alt=\"\"><\/p>\n<h2 style=\"text-align: left;\">Recomenda\u00e7\u00e3o de pe\u00e7as<\/h2>\n<ul>\n<li>Bateria: BT2.0 300mAh 1S Bateria<\/li>\n<li>Moldura: Moldura Meteor65 Moldura \/ Meteor75 Moldura<\/li>\n<li>Acess\u00f3rios: 31 mm Prumos de 4 l\u00e2minas (para arma\u00e7\u00e3o de 65 mm) \/ 40 mm H\u00e9lices de 4 l\u00e2minas (para arma\u00e7\u00e3o de 75 mm)<\/li>\n<li>Motores: 0603 motores \/ 0703 motores \/0802 motores<\/li>\n<li>VTX: M03 25-350 mW VTX<\/li>\n<\/ul>\n<h2><\/h2>\n<div style=\"text-align: left;\"><\/div>\n<h2>O pacote inclui<\/h2>\n<ul>\n<li>1 x controlador de voo sem escovas F4 1S 5A AIO (ELRS ou Frsky)<\/li>\n<li>4 x parafusos M1.2x4mm<\/li>\n<li>4 x parafusos M1.4x5mm<\/li>\n<li>4 x amortecedores de borracha anti-vibra\u00e7\u00e3o.<\/li>\n<\/ul>\n<p><img decoding=\"async\" src=\"https:\/\/cdn.shopifycdn.net\/s\/files\/1\/1778\/6615\/files\/3f89305fb1dabad87b9b93324e3c25cd_19fdb1d1-0381-418a-b152-3321f62be74e_600x600.jpg?v=1665402971\" alt=\"\"><\/p>\n","protected":false},"excerpt":{"rendered":"<p>BetaFPV FC Brushless FC F4 1S 5A AIO ELRS 2.4G &nbsp; A controladora de voo sem escovas ultra-leve F4 1S 5A AIO est\u00e1 novamente dispon\u00edvel com novas e melhoradas carater\u00edsticas.<\/p>\n","protected":false},"featured_media":253971,"comment_status":"open","ping_status":"closed","template":"","meta":{"_joinchat":[]},"pwb-brand":[],"product_cat":[2066],"product_tag":[],"class_list":{"0":"post-213750","1":"product","2":"type-product","3":"status-publish","4":"has-post-thumbnail","6":"product_cat-conselhos-da-aio","8":"first","9":"instock","10":"taxable","11":"shipping-taxable","12":"purchasable","13":"product-type-variable"},"barcode":null,"atum_controlled":true,"out_stock_date":"2026-01-31 19:32:48","out_stock_threshold":null,"inheritable":true,"stock_on_hold":0,"sold_today":0,"sales_last_days":2,"out_stock_days":26,"lost_sales":0,"update_date":"2026-04-18T09:22:05","atum_locations":[],"atum_stock_status":"instock","restock_status":false,"low_stock_amount":"","sales_update_date":"2026-04-18T09:22:05","calc_backorders":null,"yoast_head":"<!-- This site is optimized with the Yoast SEO plugin v27.3 - https:\/\/yoast.com\/product\/yoast-seo-wordpress\/ -->\n<title>BetaFPV FC Brushless FC F4 1S 5A AIO ELRS 2.4G - Iha Race<\/title>\n<meta name=\"robots\" content=\"index, follow, max-snippet:-1, max-image-preview:large, max-video-preview:-1\" \/>\n<link rel=\"canonical\" href=\"https:\/\/iha-race.com\/pt-pt\/produto\/betafpv-fc-sin-escobillas-f4-1s-5a-aio-elrs-2-4g\/\" \/>\n<meta property=\"og:locale\" content=\"pt_PT\" \/>\n<meta property=\"og:type\" content=\"article\" \/>\n<meta property=\"og:title\" content=\"BetaFPV FC Brushless FC F4 1S 5A AIO ELRS 2.4G - Iha Race\" \/>\n<meta property=\"og:description\" content=\"BetaFPV FC Brushless FC F4 1S 5A AIO ELRS 2.4G &nbsp; A controladora de voo sem escovas ultra-leve F4 1S 5A AIO est\u00e1 novamente dispon\u00edvel com novas e melhoradas carater\u00edsticas.\" \/>\n<meta property=\"og:url\" content=\"https:\/\/iha-race.com\/pt-pt\/produto\/betafpv-fc-sin-escobillas-f4-1s-5a-aio-elrs-2-4g\/\" \/>\n<meta property=\"og:site_name\" content=\"Iha Race\" \/>\n<meta property=\"article:modified_time\" content=\"2026-01-14T07:30:19+00:00\" \/>\n<meta property=\"og:image\" content=\"https:\/\/iha-race.com\/wp-content\/uploads\/2022\/12\/d8ec5fc669d336cc3acd4669d4a65584_0a51b9db-45a0-4de4-8baa-5f3eb02901fe_540x.webp\" \/>\n\t<meta property=\"og:image:width\" content=\"540\" \/>\n\t<meta property=\"og:image:height\" content=\"540\" \/>\n\t<meta property=\"og:image:type\" content=\"image\/webp\" \/>\n<meta name=\"twitter:card\" content=\"summary_large_image\" \/>\n<meta name=\"twitter:label1\" content=\"Tempo estimado de leitura\" \/>\n\t<meta name=\"twitter:data1\" content=\"7 minutos\" \/>\n<script type=\"application\/ld+json\" class=\"yoast-schema-graph\">{\"@context\":\"https:\\\/\\\/schema.org\",\"@graph\":[{\"@type\":\"WebPage\",\"@id\":\"https:\\\/\\\/iha-race.com\\\/pt-pt\\\/produto\\\/betafpv-fc-sin-escobillas-f4-1s-5a-aio-elrs-2-4g\\\/\",\"url\":\"https:\\\/\\\/iha-race.com\\\/pt-pt\\\/produto\\\/betafpv-fc-sin-escobillas-f4-1s-5a-aio-elrs-2-4g\\\/\",\"name\":\"BetaFPV FC Brushless FC F4 1S 5A AIO ELRS 2.4G - Iha Race\",\"isPartOf\":{\"@id\":\"https:\\\/\\\/iha-race.com\\\/pt-pt\\\/#website\"},\"primaryImageOfPage\":{\"@id\":\"https:\\\/\\\/iha-race.com\\\/pt-pt\\\/produto\\\/betafpv-fc-sin-escobillas-f4-1s-5a-aio-elrs-2-4g\\\/#primaryimage\"},\"image\":{\"@id\":\"https:\\\/\\\/iha-race.com\\\/pt-pt\\\/produto\\\/betafpv-fc-sin-escobillas-f4-1s-5a-aio-elrs-2-4g\\\/#primaryimage\"},\"thumbnailUrl\":\"https:\\\/\\\/iha-race.com\\\/wp-content\\\/uploads\\\/2022\\\/12\\\/Controlador-de-vuelo-sin-escobillas-Matrix-1S-\u200b\u200b5-en-1.webp\",\"datePublished\":\"2022-12-17T09:54:32+00:00\",\"dateModified\":\"2026-01-14T07:30:19+00:00\",\"breadcrumb\":{\"@id\":\"https:\\\/\\\/iha-race.com\\\/pt-pt\\\/produto\\\/betafpv-fc-sin-escobillas-f4-1s-5a-aio-elrs-2-4g\\\/#breadcrumb\"},\"inLanguage\":\"pt-PT\",\"potentialAction\":[{\"@type\":\"ReadAction\",\"target\":[\"https:\\\/\\\/iha-race.com\\\/pt-pt\\\/produto\\\/betafpv-fc-sin-escobillas-f4-1s-5a-aio-elrs-2-4g\\\/\"]}]},{\"@type\":\"ImageObject\",\"inLanguage\":\"pt-PT\",\"@id\":\"https:\\\/\\\/iha-race.com\\\/pt-pt\\\/produto\\\/betafpv-fc-sin-escobillas-f4-1s-5a-aio-elrs-2-4g\\\/#primaryimage\",\"url\":\"https:\\\/\\\/iha-race.com\\\/wp-content\\\/uploads\\\/2022\\\/12\\\/Controlador-de-vuelo-sin-escobillas-Matrix-1S-\u200b\u200b5-en-1.webp\",\"contentUrl\":\"https:\\\/\\\/iha-race.com\\\/wp-content\\\/uploads\\\/2022\\\/12\\\/Controlador-de-vuelo-sin-escobillas-Matrix-1S-\u200b\u200b5-en-1.webp\",\"width\":540,\"height\":540,\"caption\":\"FC BetaFPV AIO sin escobillas Matrix 1S \u200b\u200b(5 en 1)\"},{\"@type\":\"BreadcrumbList\",\"@id\":\"https:\\\/\\\/iha-race.com\\\/pt-pt\\\/produto\\\/betafpv-fc-sin-escobillas-f4-1s-5a-aio-elrs-2-4g\\\/#breadcrumb\",\"itemListElement\":[{\"@type\":\"ListItem\",\"position\":1,\"name\":\"Portada\",\"item\":\"https:\\\/\\\/iha-race.com\\\/pt-pt\\\/elementor-499\\\/\"},{\"@type\":\"ListItem\",\"position\":2,\"name\":\"Shop\",\"item\":\"https:\\\/\\\/iha-race.com\\\/pt-pt\\\/shop\\\/\"},{\"@type\":\"ListItem\",\"position\":3,\"name\":\"BetaFPV FC Brushless FC F4 1S 5A AIO ELRS 2.4G\"}]},{\"@type\":\"WebSite\",\"@id\":\"https:\\\/\\\/iha-race.com\\\/pt-pt\\\/#website\",\"url\":\"https:\\\/\\\/iha-race.com\\\/pt-pt\\\/\",\"name\":\"Iha Race\",\"description\":\"Comprar drones de carreras FPV env\u00edos en un d\u00eda desde Espa\u00f1a\",\"publisher\":{\"@id\":\"https:\\\/\\\/iha-race.com\\\/pt-pt\\\/#organization\"},\"potentialAction\":[{\"@type\":\"SearchAction\",\"target\":{\"@type\":\"EntryPoint\",\"urlTemplate\":\"https:\\\/\\\/iha-race.com\\\/pt-pt\\\/?s={search_term_string}\"},\"query-input\":{\"@type\":\"PropertyValueSpecification\",\"valueRequired\":true,\"valueName\":\"search_term_string\"}}],\"inLanguage\":\"pt-PT\"},{\"@type\":\"Organization\",\"@id\":\"https:\\\/\\\/iha-race.com\\\/pt-pt\\\/#organization\",\"name\":\"Iha Race\",\"url\":\"https:\\\/\\\/iha-race.com\\\/pt-pt\\\/\",\"logo\":{\"@type\":\"ImageObject\",\"inLanguage\":\"pt-PT\",\"@id\":\"https:\\\/\\\/iha-race.com\\\/pt-pt\\\/#\\\/schema\\\/logo\\\/image\\\/\",\"url\":\"https:\\\/\\\/iha-race.com\\\/wp-content\\\/uploads\\\/2018\\\/07\\\/iha-race-drones-de-carreras-tienda-comprar-drones.png\",\"contentUrl\":\"https:\\\/\\\/iha-race.com\\\/wp-content\\\/uploads\\\/2018\\\/07\\\/iha-race-drones-de-carreras-tienda-comprar-drones.png\",\"width\":300,\"height\":100,\"caption\":\"Iha Race\"},\"image\":{\"@id\":\"https:\\\/\\\/iha-race.com\\\/pt-pt\\\/#\\\/schema\\\/logo\\\/image\\\/\"}}]}<\/script>\n<!-- \/ Yoast SEO plugin. -->","yoast_head_json":{"title":"BetaFPV FC Brushless FC F4 1S 5A AIO ELRS 2.4G - Iha Race","robots":{"index":"index","follow":"follow","max-snippet":"max-snippet:-1","max-image-preview":"max-image-preview:large","max-video-preview":"max-video-preview:-1"},"canonical":"https:\/\/iha-race.com\/pt-pt\/produto\/betafpv-fc-sin-escobillas-f4-1s-5a-aio-elrs-2-4g\/","og_locale":"pt_PT","og_type":"article","og_title":"BetaFPV FC Brushless FC F4 1S 5A AIO ELRS 2.4G - Iha Race","og_description":"BetaFPV FC Brushless FC F4 1S 5A AIO ELRS 2.4G &nbsp; A controladora de voo sem escovas ultra-leve F4 1S 5A AIO est\u00e1 novamente dispon\u00edvel com novas e melhoradas carater\u00edsticas.","og_url":"https:\/\/iha-race.com\/pt-pt\/produto\/betafpv-fc-sin-escobillas-f4-1s-5a-aio-elrs-2-4g\/","og_site_name":"Iha Race","article_modified_time":"2026-01-14T07:30:19+00:00","og_image":[{"width":540,"height":540,"url":"https:\/\/iha-race.com\/wp-content\/uploads\/2022\/12\/d8ec5fc669d336cc3acd4669d4a65584_0a51b9db-45a0-4de4-8baa-5f3eb02901fe_540x.webp","type":"image\/webp"}],"twitter_card":"summary_large_image","twitter_misc":{"Tempo estimado de leitura":"7 minutos"},"schema":{"@context":"https:\/\/schema.org","@graph":[{"@type":"WebPage","@id":"https:\/\/iha-race.com\/pt-pt\/produto\/betafpv-fc-sin-escobillas-f4-1s-5a-aio-elrs-2-4g\/","url":"https:\/\/iha-race.com\/pt-pt\/produto\/betafpv-fc-sin-escobillas-f4-1s-5a-aio-elrs-2-4g\/","name":"BetaFPV FC Brushless FC F4 1S 5A AIO ELRS 2.4G - Iha Race","isPartOf":{"@id":"https:\/\/iha-race.com\/pt-pt\/#website"},"primaryImageOfPage":{"@id":"https:\/\/iha-race.com\/pt-pt\/produto\/betafpv-fc-sin-escobillas-f4-1s-5a-aio-elrs-2-4g\/#primaryimage"},"image":{"@id":"https:\/\/iha-race.com\/pt-pt\/produto\/betafpv-fc-sin-escobillas-f4-1s-5a-aio-elrs-2-4g\/#primaryimage"},"thumbnailUrl":"https:\/\/iha-race.com\/wp-content\/uploads\/2022\/12\/Controlador-de-vuelo-sin-escobillas-Matrix-1S-\u200b\u200b5-en-1.webp","datePublished":"2022-12-17T09:54:32+00:00","dateModified":"2026-01-14T07:30:19+00:00","breadcrumb":{"@id":"https:\/\/iha-race.com\/pt-pt\/produto\/betafpv-fc-sin-escobillas-f4-1s-5a-aio-elrs-2-4g\/#breadcrumb"},"inLanguage":"pt-PT","potentialAction":[{"@type":"ReadAction","target":["https:\/\/iha-race.com\/pt-pt\/produto\/betafpv-fc-sin-escobillas-f4-1s-5a-aio-elrs-2-4g\/"]}]},{"@type":"ImageObject","inLanguage":"pt-PT","@id":"https:\/\/iha-race.com\/pt-pt\/produto\/betafpv-fc-sin-escobillas-f4-1s-5a-aio-elrs-2-4g\/#primaryimage","url":"https:\/\/iha-race.com\/wp-content\/uploads\/2022\/12\/Controlador-de-vuelo-sin-escobillas-Matrix-1S-\u200b\u200b5-en-1.webp","contentUrl":"https:\/\/iha-race.com\/wp-content\/uploads\/2022\/12\/Controlador-de-vuelo-sin-escobillas-Matrix-1S-\u200b\u200b5-en-1.webp","width":540,"height":540,"caption":"FC BetaFPV AIO sin escobillas Matrix 1S \u200b\u200b(5 en 1)"},{"@type":"BreadcrumbList","@id":"https:\/\/iha-race.com\/pt-pt\/produto\/betafpv-fc-sin-escobillas-f4-1s-5a-aio-elrs-2-4g\/#breadcrumb","itemListElement":[{"@type":"ListItem","position":1,"name":"Portada","item":"https:\/\/iha-race.com\/pt-pt\/elementor-499\/"},{"@type":"ListItem","position":2,"name":"Shop","item":"https:\/\/iha-race.com\/pt-pt\/shop\/"},{"@type":"ListItem","position":3,"name":"BetaFPV FC Brushless FC F4 1S 5A AIO ELRS 2.4G"}]},{"@type":"WebSite","@id":"https:\/\/iha-race.com\/pt-pt\/#website","url":"https:\/\/iha-race.com\/pt-pt\/","name":"Iha Race","description":"Comprar drones de carreras FPV env\u00edos en un d\u00eda desde Espa\u00f1a","publisher":{"@id":"https:\/\/iha-race.com\/pt-pt\/#organization"},"potentialAction":[{"@type":"SearchAction","target":{"@type":"EntryPoint","urlTemplate":"https:\/\/iha-race.com\/pt-pt\/?s={search_term_string}"},"query-input":{"@type":"PropertyValueSpecification","valueRequired":true,"valueName":"search_term_string"}}],"inLanguage":"pt-PT"},{"@type":"Organization","@id":"https:\/\/iha-race.com\/pt-pt\/#organization","name":"Iha Race","url":"https:\/\/iha-race.com\/pt-pt\/","logo":{"@type":"ImageObject","inLanguage":"pt-PT","@id":"https:\/\/iha-race.com\/pt-pt\/#\/schema\/logo\/image\/","url":"https:\/\/iha-race.com\/wp-content\/uploads\/2018\/07\/iha-race-drones-de-carreras-tienda-comprar-drones.png","contentUrl":"https:\/\/iha-race.com\/wp-content\/uploads\/2018\/07\/iha-race-drones-de-carreras-tienda-comprar-drones.png","width":300,"height":100,"caption":"Iha Race"},"image":{"@id":"https:\/\/iha-race.com\/pt-pt\/#\/schema\/logo\/image\/"}}]}},"jetpack_sharing_enabled":true,"brands":[],"_links":{"self":[{"href":"https:\/\/iha-race.com\/pt-pt\/wp-json\/wp\/v2\/product\/213750","targetHints":{"allow":["GET"]}}],"collection":[{"href":"https:\/\/iha-race.com\/pt-pt\/wp-json\/wp\/v2\/product"}],"about":[{"href":"https:\/\/iha-race.com\/pt-pt\/wp-json\/wp\/v2\/types\/product"}],"replies":[{"embeddable":true,"href":"https:\/\/iha-race.com\/pt-pt\/wp-json\/wp\/v2\/comments?post=213750"}],"version-history":[{"count":5,"href":"https:\/\/iha-race.com\/pt-pt\/wp-json\/wp\/v2\/product\/213750\/revisions"}],"predecessor-version":[{"id":248712,"href":"https:\/\/iha-race.com\/pt-pt\/wp-json\/wp\/v2\/product\/213750\/revisions\/248712"}],"wp:featuredmedia":[{"embeddable":true,"href":"https:\/\/iha-race.com\/pt-pt\/wp-json\/wp\/v2\/media\/253971"}],"wp:attachment":[{"href":"https:\/\/iha-race.com\/pt-pt\/wp-json\/wp\/v2\/media?parent=213750"}],"wp:term":[{"taxonomy":"pwb-brand","embeddable":true,"href":"https:\/\/iha-race.com\/pt-pt\/wp-json\/wp\/v2\/pwb-brand?post=213750"},{"taxonomy":"product_cat","embeddable":true,"href":"https:\/\/iha-race.com\/pt-pt\/wp-json\/wp\/v2\/product_cat?post=213750"},{"taxonomy":"product_tag","embeddable":true,"href":"https:\/\/iha-race.com\/pt-pt\/wp-json\/wp\/v2\/product_tag?post=213750"}],"curies":[{"name":"wp","href":"https:\/\/api.w.org\/{rel}","templated":true}]}}