{"id":212712,"date":"2022-11-19T19:44:27","date_gmt":"2022-11-19T18:44:27","guid":{"rendered":"https:\/\/iha-race.com\/producto\/cetus-whoop-sem-escovas-cetus-x\/"},"modified":"2024-12-12T12:12:07","modified_gmt":"2024-12-12T11:12:07","slug":"frame-whoop-whoop-without-brushes-cetus-x","status":"publish","type":"product","link":"https:\/\/iha-race.com\/pt-pt\/produto\/frame-whoop-whoop-without-brushes-cetus-x\/","title":{"rendered":"Cetus Whoop sem escovas Cetus X"},"content":{"rendered":"<h2><span data-sheets-value=\"{\"1\":2,\"2\":\"Cuadro Whoop sin escobillas Cetus X\"}\" data-sheets-userformat=\"{\"2\":7107,\"3\":{\"1\":0},\"4\":{\"1\":2,\"2\":16777215},\"9\":0,\"10\":2,\"11\":4,\"12\":0,\"14\":{\"1\":2,\"2\":0},\"15\":\"\\\"Work Sans\\\", sans-serif\"}\">Cetus Whoop sem escovas Cetus X<\/span><\/h2>\n<p>A moldura Cetus X brushless squeaky est\u00e1 agora dispon\u00edvel para compra! Esta \u00e9 a moldura original de substitui\u00e7\u00e3o do Quadcopter Cetus X Brushless e do Kit FPV Cetus X. Compr\u00e1-lo em conjunto com o zang\u00e3o como apoio ser\u00e1 uma boa op\u00e7\u00e3o.<\/p>\n<p><img decoding=\"async\" src=\"https:\/\/cdn.shopifycdn.net\/s\/files\/1\/1778\/6615\/files\/FB_23fbbe94-4160-4ba6-aa54-581526b8fd3c_1024x1024.jpg?v=1665742036\" alt=\"\"><\/p>\n<p>&nbsp;<\/p>\n<h2><a href=\"https:\/\/betafpv.com\/collections\/cetus-series\/products\/cetus-x-brushless-quadcopter\">Quadcopter Brushless Cetus X<\/a><\/h2>\n<p>O quadcopter Cetus X brushless \u00e9 um zang\u00e3o com 2S de pot\u00eancia e uma escolha de topo para principiantes que procuram ganhar capacidades de voo avan\u00e7adas. Tem um sistema de propuls\u00e3o mais forte para um voo mais r\u00e1pido e violento, capaz de executar v\u00e1rios truques de freestyle. Equipada com M04 400mW VTX e c\u00e2mara FPV C04 que \u00e9 optimizada para transmiss\u00f5es de r\u00e1dio e v\u00eddeo mais longas. Entretanto, \u00e9 compat\u00edvel com o configurador Betaflight, que \u00e9 uma aplica\u00e7\u00e3o popular para a configura\u00e7\u00e3o de aeronaves RC.<\/p>\n<p><img decoding=\"async\" src=\"https:\/\/cdn.shopifycdn.net\/s\/files\/1\/1778\/6615\/files\/2fcff80837b53a294056d927199f8372_1024x1024.jpg?v=1660207637\"><\/p>\n<p>&nbsp;<\/p>\n<h2>Caracter\u00edsticas<\/h2>\n<ul>\n<li>A estrutura original de substitui\u00e7\u00e3o do quadcopter Cetus X Brushless e do kit Cetus X FPV.<\/li>\n<li>Feito de material PA12, o quadro tem uma excelente resist\u00eancia ao impacto a quedas e impactos. Entretanto, a protec\u00e7\u00e3o de 360\u00b0 da estrutura whoop assegura voos seguros tanto dentro como fora de casa.<\/li>\n<li>Estrutura leve e dur\u00e1vel. Compr\u00e1-lo juntamente com o zang\u00e3o para apoio ser\u00e1 uma boa op\u00e7\u00e3o.<\/li>\n<li>Recomenda-se a utiliza\u00e7\u00e3o de acess\u00f3rios de 4 l\u00e2minas BETAFPV Motor 1103 11000KV e Gemfan 2020.<\/li>\n<\/ul>\n<p>&nbsp;<\/p>\n<h2>Especifica\u00e7\u00f5es<\/h2>\n<ul>\n<li>Artigo: Estrutura de guincho sem escovas Cetus X<\/li>\n<li>Materiais: PA12<\/li>\n<li>Tamanho: 94,75 mm<\/li>\n<li>Peso: 24,22 g<\/li>\n<li>Cor branca<\/li>\n<li>Furo de montagem do motor: \u03c62.00 mm<\/li>\n<\/ul>\n<p><img decoding=\"async\" src=\"https:\/\/cdn.shopifycdn.net\/s\/files\/1\/1778\/6615\/files\/8b465053d72bf33c227fa9eedfc2486b_50b6747d-fe28-4713-a0c0-8b12438b3e4e_600x600.jpg?v=1665742208\" alt=\"\"><\/p>\n<h2>Pe\u00e7as recomendadas (n\u00e3o inclu\u00eddas)<\/h2>\n<ul>\n<li>Controlador de voo: <a href=\"https:\/\/iha-race.com\/producto\/controlador-de-vuelo-sin-escobillas-f4-1s-12a-aio-2022\/\">F4 1S 12A 12A FC<\/a><\/li>\n<li>VTX: M04 25-400 mW VTX<\/li>\n<li>C\u00e2mara: C\u00e2mara C04 FPV (Caddx Nano Ant\/Runcam Nano 4 camera)<\/li>\n<li>Motor: <a href=\"https:\/\/iha-race.com\/producto\/motores-betafpv-1103-8000kv-11000kv-4-piezas\/\">Motor 1103 11000KV<\/a><\/li>\n<li>H\u00e9lices: Acess\u00f3rios de h\u00e9lices Gemfan 2020 de 4 p\u00e1s<\/li>\n<li>Bateria: 2 x <a href=\"https:\/\/iha-race.com\/producto\/bateria-betafpv-bt2-0-450mah-1s-30c-4-unidades\/\">BT2.0 450mAh Bateria 1S<\/a><\/li>\n<\/ul>\n<h2 class=\"p1\">O pacote inclui<\/h2>\n<ul>\n<li>1 x Moldura Whoop Cetus X brushless (incl. dossel)<\/li>\n<\/ul>\n","protected":false},"excerpt":{"rendered":"<p>Cetus Whoop sem escovas Cetus X A moldura Cetus X brushless squeaky est\u00e1 agora dispon\u00edvel para compra! Esta \u00e9 a moldura original de substitui\u00e7\u00e3o do Quadcopter Cetus X Brushless e<\/p>\n","protected":false},"featured_media":212696,"comment_status":"open","ping_status":"closed","template":"","meta":{"_joinchat":[]},"pwb-brand":[],"product_cat":[951,27,3667,4114],"product_tag":[],"class_list":{"0":"post-212712","1":"product","2":"type-product","3":"status-publish","4":"has-post-thumbnail","6":"product_cat-drones-de-iniciacion-e-interior","7":"product_cat-drones-fpv","8":"product_cat-cuadros-frame","9":"product_cat-black-friday-2024","11":"first","12":"instock","13":"taxable","14":"shipping-taxable","15":"purchasable","16":"product-type-simple"},"barcode":null,"atum_controlled":true,"out_stock_date":null,"out_stock_threshold":null,"inheritable":false,"stock_on_hold":0,"sold_today":0,"sales_last_days":0,"out_stock_days":0,"lost_sales":0,"update_date":"2026-04-18T09:22:07","atum_locations":[],"atum_stock_status":"instock","restock_status":false,"low_stock_amount":"","sales_update_date":"2026-04-18T09:22:07","calc_backorders":null,"yoast_head":"<!-- This site is optimized with the Yoast SEO plugin v27.3 - https:\/\/yoast.com\/product\/yoast-seo-wordpress\/ -->\n<title>Cetus Whoop sem escovas Cetus X - Iha Race<\/title>\n<meta name=\"robots\" content=\"index, follow, max-snippet:-1, max-image-preview:large, max-video-preview:-1\" \/>\n<link rel=\"canonical\" href=\"https:\/\/iha-race.com\/pt-pt\/produto\/frame-whoop-whoop-without-brushes-cetus-x\/\" \/>\n<meta property=\"og:locale\" content=\"pt_PT\" \/>\n<meta property=\"og:type\" content=\"article\" \/>\n<meta property=\"og:title\" content=\"Cetus Whoop sem escovas Cetus X - Iha Race\" \/>\n<meta property=\"og:description\" content=\"Cetus Whoop sem escovas Cetus X A moldura Cetus X brushless squeaky est\u00e1 agora dispon\u00edvel para compra! Esta \u00e9 a moldura original de substitui\u00e7\u00e3o do Quadcopter Cetus X Brushless e\" \/>\n<meta property=\"og:url\" content=\"https:\/\/iha-race.com\/pt-pt\/produto\/frame-whoop-whoop-without-brushes-cetus-x\/\" \/>\n<meta property=\"og:site_name\" content=\"Iha Race\" \/>\n<meta property=\"article:modified_time\" content=\"2024-12-12T11:12:07+00:00\" \/>\n<meta property=\"og:image\" content=\"https:\/\/iha-race.com\/wp-content\/uploads\/2022\/11\/74b96dbb2d19db9758ba306fc55ad040_ba43dfdc-b01d-4188-acde-9b7a74245959_720x.webp\" \/>\n\t<meta property=\"og:image:width\" content=\"720\" \/>\n\t<meta property=\"og:image:height\" content=\"720\" \/>\n\t<meta property=\"og:image:type\" content=\"image\/webp\" \/>\n<meta name=\"twitter:card\" content=\"summary_large_image\" \/>\n<meta name=\"twitter:label1\" content=\"Tempo estimado de leitura\" \/>\n\t<meta name=\"twitter:data1\" content=\"2 minutos\" \/>\n<script type=\"application\/ld+json\" class=\"yoast-schema-graph\">{\"@context\":\"https:\\\/\\\/schema.org\",\"@graph\":[{\"@type\":\"WebPage\",\"@id\":\"https:\\\/\\\/iha-race.com\\\/pt-pt\\\/produto\\\/frame-whoop-whoop-without-brushes-cetus-x\\\/\",\"url\":\"https:\\\/\\\/iha-race.com\\\/pt-pt\\\/produto\\\/frame-whoop-whoop-without-brushes-cetus-x\\\/\",\"name\":\"Cetus Whoop sem escovas Cetus X - Iha Race\",\"isPartOf\":{\"@id\":\"https:\\\/\\\/iha-race.com\\\/pt-pt\\\/#website\"},\"primaryImageOfPage\":{\"@id\":\"https:\\\/\\\/iha-race.com\\\/pt-pt\\\/produto\\\/frame-whoop-whoop-without-brushes-cetus-x\\\/#primaryimage\"},\"image\":{\"@id\":\"https:\\\/\\\/iha-race.com\\\/pt-pt\\\/produto\\\/frame-whoop-whoop-without-brushes-cetus-x\\\/#primaryimage\"},\"thumbnailUrl\":\"https:\\\/\\\/iha-race.com\\\/wp-content\\\/uploads\\\/2022\\\/11\\\/74b96dbb2d19db9758ba306fc55ad040_ba43dfdc-b01d-4188-acde-9b7a74245959_720x.webp\",\"datePublished\":\"2022-11-19T18:44:27+00:00\",\"dateModified\":\"2024-12-12T11:12:07+00:00\",\"breadcrumb\":{\"@id\":\"https:\\\/\\\/iha-race.com\\\/pt-pt\\\/produto\\\/frame-whoop-whoop-without-brushes-cetus-x\\\/#breadcrumb\"},\"inLanguage\":\"pt-PT\",\"potentialAction\":[{\"@type\":\"ReadAction\",\"target\":[\"https:\\\/\\\/iha-race.com\\\/pt-pt\\\/produto\\\/frame-whoop-whoop-without-brushes-cetus-x\\\/\"]}]},{\"@type\":\"ImageObject\",\"inLanguage\":\"pt-PT\",\"@id\":\"https:\\\/\\\/iha-race.com\\\/pt-pt\\\/produto\\\/frame-whoop-whoop-without-brushes-cetus-x\\\/#primaryimage\",\"url\":\"https:\\\/\\\/iha-race.com\\\/wp-content\\\/uploads\\\/2022\\\/11\\\/74b96dbb2d19db9758ba306fc55ad040_ba43dfdc-b01d-4188-acde-9b7a74245959_720x.webp\",\"contentUrl\":\"https:\\\/\\\/iha-race.com\\\/wp-content\\\/uploads\\\/2022\\\/11\\\/74b96dbb2d19db9758ba306fc55ad040_ba43dfdc-b01d-4188-acde-9b7a74245959_720x.webp\",\"width\":720,\"height\":720,\"caption\":\"Comprar Cuadro Whoop sin escobillas Cetus X\"},{\"@type\":\"BreadcrumbList\",\"@id\":\"https:\\\/\\\/iha-race.com\\\/pt-pt\\\/produto\\\/frame-whoop-whoop-without-brushes-cetus-x\\\/#breadcrumb\",\"itemListElement\":[{\"@type\":\"ListItem\",\"position\":1,\"name\":\"Portada\",\"item\":\"https:\\\/\\\/iha-race.com\\\/pt-pt\\\/elementor-499\\\/\"},{\"@type\":\"ListItem\",\"position\":2,\"name\":\"Shop\",\"item\":\"https:\\\/\\\/iha-race.com\\\/pt-pt\\\/shop\\\/\"},{\"@type\":\"ListItem\",\"position\":3,\"name\":\"Cetus Whoop sem escovas Cetus X\"}]},{\"@type\":\"WebSite\",\"@id\":\"https:\\\/\\\/iha-race.com\\\/pt-pt\\\/#website\",\"url\":\"https:\\\/\\\/iha-race.com\\\/pt-pt\\\/\",\"name\":\"Iha Race\",\"description\":\"Comprar drones de carreras FPV env\u00edos en un d\u00eda desde Espa\u00f1a\",\"publisher\":{\"@id\":\"https:\\\/\\\/iha-race.com\\\/pt-pt\\\/#organization\"},\"potentialAction\":[{\"@type\":\"SearchAction\",\"target\":{\"@type\":\"EntryPoint\",\"urlTemplate\":\"https:\\\/\\\/iha-race.com\\\/pt-pt\\\/?s={search_term_string}\"},\"query-input\":{\"@type\":\"PropertyValueSpecification\",\"valueRequired\":true,\"valueName\":\"search_term_string\"}}],\"inLanguage\":\"pt-PT\"},{\"@type\":\"Organization\",\"@id\":\"https:\\\/\\\/iha-race.com\\\/pt-pt\\\/#organization\",\"name\":\"Iha Race\",\"url\":\"https:\\\/\\\/iha-race.com\\\/pt-pt\\\/\",\"logo\":{\"@type\":\"ImageObject\",\"inLanguage\":\"pt-PT\",\"@id\":\"https:\\\/\\\/iha-race.com\\\/pt-pt\\\/#\\\/schema\\\/logo\\\/image\\\/\",\"url\":\"https:\\\/\\\/iha-race.com\\\/wp-content\\\/uploads\\\/2018\\\/07\\\/iha-race-drones-de-carreras-tienda-comprar-drones.png\",\"contentUrl\":\"https:\\\/\\\/iha-race.com\\\/wp-content\\\/uploads\\\/2018\\\/07\\\/iha-race-drones-de-carreras-tienda-comprar-drones.png\",\"width\":300,\"height\":100,\"caption\":\"Iha Race\"},\"image\":{\"@id\":\"https:\\\/\\\/iha-race.com\\\/pt-pt\\\/#\\\/schema\\\/logo\\\/image\\\/\"}}]}<\/script>\n<!-- \/ Yoast SEO plugin. -->","yoast_head_json":{"title":"Cetus Whoop sem escovas Cetus X - Iha Race","robots":{"index":"index","follow":"follow","max-snippet":"max-snippet:-1","max-image-preview":"max-image-preview:large","max-video-preview":"max-video-preview:-1"},"canonical":"https:\/\/iha-race.com\/pt-pt\/produto\/frame-whoop-whoop-without-brushes-cetus-x\/","og_locale":"pt_PT","og_type":"article","og_title":"Cetus Whoop sem escovas Cetus X - Iha Race","og_description":"Cetus Whoop sem escovas Cetus X A moldura Cetus X brushless squeaky est\u00e1 agora dispon\u00edvel para compra! Esta \u00e9 a moldura original de substitui\u00e7\u00e3o do Quadcopter Cetus X Brushless e","og_url":"https:\/\/iha-race.com\/pt-pt\/produto\/frame-whoop-whoop-without-brushes-cetus-x\/","og_site_name":"Iha Race","article_modified_time":"2024-12-12T11:12:07+00:00","og_image":[{"width":720,"height":720,"url":"https:\/\/iha-race.com\/wp-content\/uploads\/2022\/11\/74b96dbb2d19db9758ba306fc55ad040_ba43dfdc-b01d-4188-acde-9b7a74245959_720x.webp","type":"image\/webp"}],"twitter_card":"summary_large_image","twitter_misc":{"Tempo estimado de leitura":"2 minutos"},"schema":{"@context":"https:\/\/schema.org","@graph":[{"@type":"WebPage","@id":"https:\/\/iha-race.com\/pt-pt\/produto\/frame-whoop-whoop-without-brushes-cetus-x\/","url":"https:\/\/iha-race.com\/pt-pt\/produto\/frame-whoop-whoop-without-brushes-cetus-x\/","name":"Cetus Whoop sem escovas Cetus X - Iha Race","isPartOf":{"@id":"https:\/\/iha-race.com\/pt-pt\/#website"},"primaryImageOfPage":{"@id":"https:\/\/iha-race.com\/pt-pt\/produto\/frame-whoop-whoop-without-brushes-cetus-x\/#primaryimage"},"image":{"@id":"https:\/\/iha-race.com\/pt-pt\/produto\/frame-whoop-whoop-without-brushes-cetus-x\/#primaryimage"},"thumbnailUrl":"https:\/\/iha-race.com\/wp-content\/uploads\/2022\/11\/74b96dbb2d19db9758ba306fc55ad040_ba43dfdc-b01d-4188-acde-9b7a74245959_720x.webp","datePublished":"2022-11-19T18:44:27+00:00","dateModified":"2024-12-12T11:12:07+00:00","breadcrumb":{"@id":"https:\/\/iha-race.com\/pt-pt\/produto\/frame-whoop-whoop-without-brushes-cetus-x\/#breadcrumb"},"inLanguage":"pt-PT","potentialAction":[{"@type":"ReadAction","target":["https:\/\/iha-race.com\/pt-pt\/produto\/frame-whoop-whoop-without-brushes-cetus-x\/"]}]},{"@type":"ImageObject","inLanguage":"pt-PT","@id":"https:\/\/iha-race.com\/pt-pt\/produto\/frame-whoop-whoop-without-brushes-cetus-x\/#primaryimage","url":"https:\/\/iha-race.com\/wp-content\/uploads\/2022\/11\/74b96dbb2d19db9758ba306fc55ad040_ba43dfdc-b01d-4188-acde-9b7a74245959_720x.webp","contentUrl":"https:\/\/iha-race.com\/wp-content\/uploads\/2022\/11\/74b96dbb2d19db9758ba306fc55ad040_ba43dfdc-b01d-4188-acde-9b7a74245959_720x.webp","width":720,"height":720,"caption":"Comprar Cuadro Whoop sin escobillas Cetus X"},{"@type":"BreadcrumbList","@id":"https:\/\/iha-race.com\/pt-pt\/produto\/frame-whoop-whoop-without-brushes-cetus-x\/#breadcrumb","itemListElement":[{"@type":"ListItem","position":1,"name":"Portada","item":"https:\/\/iha-race.com\/pt-pt\/elementor-499\/"},{"@type":"ListItem","position":2,"name":"Shop","item":"https:\/\/iha-race.com\/pt-pt\/shop\/"},{"@type":"ListItem","position":3,"name":"Cetus Whoop sem escovas Cetus X"}]},{"@type":"WebSite","@id":"https:\/\/iha-race.com\/pt-pt\/#website","url":"https:\/\/iha-race.com\/pt-pt\/","name":"Iha Race","description":"Comprar drones de carreras FPV env\u00edos en un d\u00eda desde Espa\u00f1a","publisher":{"@id":"https:\/\/iha-race.com\/pt-pt\/#organization"},"potentialAction":[{"@type":"SearchAction","target":{"@type":"EntryPoint","urlTemplate":"https:\/\/iha-race.com\/pt-pt\/?s={search_term_string}"},"query-input":{"@type":"PropertyValueSpecification","valueRequired":true,"valueName":"search_term_string"}}],"inLanguage":"pt-PT"},{"@type":"Organization","@id":"https:\/\/iha-race.com\/pt-pt\/#organization","name":"Iha Race","url":"https:\/\/iha-race.com\/pt-pt\/","logo":{"@type":"ImageObject","inLanguage":"pt-PT","@id":"https:\/\/iha-race.com\/pt-pt\/#\/schema\/logo\/image\/","url":"https:\/\/iha-race.com\/wp-content\/uploads\/2018\/07\/iha-race-drones-de-carreras-tienda-comprar-drones.png","contentUrl":"https:\/\/iha-race.com\/wp-content\/uploads\/2018\/07\/iha-race-drones-de-carreras-tienda-comprar-drones.png","width":300,"height":100,"caption":"Iha Race"},"image":{"@id":"https:\/\/iha-race.com\/pt-pt\/#\/schema\/logo\/image\/"}}]}},"jetpack_sharing_enabled":true,"brands":[],"_links":{"self":[{"href":"https:\/\/iha-race.com\/pt-pt\/wp-json\/wp\/v2\/product\/212712","targetHints":{"allow":["GET"]}}],"collection":[{"href":"https:\/\/iha-race.com\/pt-pt\/wp-json\/wp\/v2\/product"}],"about":[{"href":"https:\/\/iha-race.com\/pt-pt\/wp-json\/wp\/v2\/types\/product"}],"replies":[{"embeddable":true,"href":"https:\/\/iha-race.com\/pt-pt\/wp-json\/wp\/v2\/comments?post=212712"}],"version-history":[{"count":4,"href":"https:\/\/iha-race.com\/pt-pt\/wp-json\/wp\/v2\/product\/212712\/revisions"}],"predecessor-version":[{"id":252558,"href":"https:\/\/iha-race.com\/pt-pt\/wp-json\/wp\/v2\/product\/212712\/revisions\/252558"}],"wp:featuredmedia":[{"embeddable":true,"href":"https:\/\/iha-race.com\/pt-pt\/wp-json\/wp\/v2\/media\/212696"}],"wp:attachment":[{"href":"https:\/\/iha-race.com\/pt-pt\/wp-json\/wp\/v2\/media?parent=212712"}],"wp:term":[{"taxonomy":"pwb-brand","embeddable":true,"href":"https:\/\/iha-race.com\/pt-pt\/wp-json\/wp\/v2\/pwb-brand?post=212712"},{"taxonomy":"product_cat","embeddable":true,"href":"https:\/\/iha-race.com\/pt-pt\/wp-json\/wp\/v2\/product_cat?post=212712"},{"taxonomy":"product_tag","embeddable":true,"href":"https:\/\/iha-race.com\/pt-pt\/wp-json\/wp\/v2\/product_tag?post=212712"}],"curies":[{"name":"wp","href":"https:\/\/api.w.org\/{rel}","templated":true}]}}