{"id":211663,"date":"2022-11-09T10:08:22","date_gmt":"2022-11-09T09:08:22","guid":{"rendered":"https:\/\/iha-race.com\/producto\/tattu-r-line-650mah-14-8v-4s1p-95c-xt30-lipo-tattu-r-line-battery\/"},"modified":"2026-03-09T16:56:28","modified_gmt":"2026-03-09T15:56:28","slug":"bateria-lipo-tattu-r-line-650mah-14-8v-4s1p-95c-xt30","status":"publish","type":"product","link":"https:\/\/iha-race.com\/pt-pt\/produto\/bateria-lipo-tattu-r-line-650mah-14-8v-4s1p-95c-xt30\/","title":{"rendered":"Tattu R-Line 650mAh 14.8V 4S1P 95C XT30 Lipo Tattu R-Line Battery"},"content":{"rendered":"<h2><span data-sheets-value=\"{\"1\":2,\"2\":\"Bater\u00eda Lipo Tattu R-Line 650mAh 14.8V 4S1P 95C XT30\"}\" data-sheets-userformat=\"{\"2\":15299,\"3\":{\"1\":0},\"4\":{\"1\":2,\"2\":16777215},\"9\":0,\"10\":2,\"11\":4,\"12\":0,\"14\":{\"1\":2,\"2\":3355443},\"15\":\"Arial\",\"16\":12}\">Tattu R-Line 650mAh 14.8V 4S1P 95C XT30 Lipo Tattu R-Line Battery<\/span><\/h2>\n<p><strong>A bateria Tattu R-Line 650mAh 14.8V 95C 4S1P Lipo <\/strong> tem capacidade total e taxa de descarga. \u00c9 uma bateria de lipoaspira\u00e7\u00e3o de corrida FPV de alta taxa de descarga. O 95C fornece energia suficiente sob carga. \u00c9 muito compacto em tamanho e muito leve em peso. Funciona perfeitamente com o teu Multirotor FPV de tamanho 100 a 180. <strong>Tattu R-Line<\/strong> \u00e9 uma nova linha de produtos concebida especificamente para competi\u00e7\u00f5es profissionais de FPV. Esta \u00e9 a vers\u00e3o comercial das baterias Toppilot. \u00c9 tamb\u00e9m uma filial da marca Tattu. Tem maior capacidade, menor resist\u00eancia interna e temperaturas de aterragem mais baixas. S\u00e3o mais potentes do que qualquer bateria de grafeno. Geralmente, as baterias R-Line t\u00eam as mesmas especifica\u00e7\u00f5es que as nossas populares baterias Toppilot. Existem diferentes vers\u00f5es do R-Line para as necessidades de diferentes competi\u00e7\u00f5es de FPV.  &nbsp;<\/p>\n<p><img fetchpriority=\"high\" decoding=\"async\" class=\"aligncenter wp-image-211654 size-full\" src=\"https:\/\/iha-race.com\/wp-content\/uploads\/2022\/11\/71tYloJcQ7L._AC_SX569_.jpg\" alt=\"Comprar Tattu R-Line 650mAh 14.8V 4S1P 95C Bateria Lipo Tattu\" width=\"569\" height=\"569\" srcset=\"https:\/\/iha-race.com\/wp-content\/uploads\/2022\/11\/71tYloJcQ7L._AC_SX569_.jpg 569w, https:\/\/iha-race.com\/wp-content\/uploads\/2022\/11\/71tYloJcQ7L._AC_SX569_-300x300.jpg 300w, https:\/\/iha-race.com\/wp-content\/uploads\/2022\/11\/71tYloJcQ7L._AC_SX569_-150x150.jpg 150w, https:\/\/iha-race.com\/wp-content\/uploads\/2022\/11\/71tYloJcQ7L._AC_SX569_-1024x1024.jpg 1024w, https:\/\/iha-race.com\/wp-content\/uploads\/2022\/11\/71tYloJcQ7L._AC_SX569_-768x768.jpg 768w, https:\/\/iha-race.com\/wp-content\/uploads\/2022\/11\/71tYloJcQ7L._AC_SX569_-1536x1536.jpg 1536w, https:\/\/iha-race.com\/wp-content\/uploads\/2022\/11\/71tYloJcQ7L._AC_SX569_-2048x2048.jpg 2048w, https:\/\/iha-race.com\/wp-content\/uploads\/2022\/11\/71tYloJcQ7L._AC_SX569_-100x100.jpg 100w, https:\/\/iha-race.com\/wp-content\/uploads\/2022\/11\/71tYloJcQ7L._AC_SX569_-350x350.jpg 350w, https:\/\/iha-race.com\/wp-content\/uploads\/2022\/11\/71tYloJcQ7L._AC_SX569_-788x788.jpg 788w, https:\/\/iha-race.com\/wp-content\/uploads\/2022\/11\/71tYloJcQ7L._AC_SX569_-600x600.jpg 600w, https:\/\/iha-race.com\/wp-content\/uploads\/2022\/11\/71tYloJcQ7L._AC_SX569_-50x50.jpg 50w, https:\/\/iha-race.com\/wp-content\/uploads\/2022\/11\/71tYloJcQ7L._AC_SX569_-135x135.jpg 135w\" sizes=\"(max-width: 569px) 100vw, 569px\" \/><\/p>\n<h3><strong>Caracter\u00edsticas:<\/strong><\/h3>\n<ul>\n<li>A not\u00e1vel tecnologia de empilhamento permite capacidades de c\u00e9lula \u00fanica de 650 mAh.<\/li>\n<li>Alto desempenho de descarga e alta densidade energ\u00e9tica.<\/li>\n<li>Mat\u00e9rias-primas superiores de pol\u00edmero de l\u00edtio do Jap\u00e3o e da Coreia.<\/li>\n<li>Servi\u00e7o p\u00f3s-venda local (localizado em D\u00fcsseldorf, Alemanha).<\/li>\n<\/ul>\n<h3><strong>Especifica\u00e7\u00f5es:<\/strong><\/h3>\n<ul>\n<li>Capacidade: 650mAh<\/li>\n<li>Configura\u00e7\u00e3o: 4S1P \/ 14.8V<\/li>\n<li>Taxa de descarga: 95C<\/li>\n<li>Taxa m\u00e1xima de descarga de ruptura: 190C<\/li>\n<li>Peso l\u00edquido (\u00b1 10 g): 80 g<\/li>\n<li>Dimens\u00f5es (\u00b15): 60*31*25mm<\/li>\n<li>Tomada de carregamento: JST-PHR<\/li>\n<\/ul>\n<h3><strong>Aplica\u00e7\u00f5es:<\/strong><\/h3>\n<ul>\n<li>A R-Line Tattu 650mAh 14.8V 95C 4S1P bateria Lipo \u00e9 adequada para FPV multirotor tamanho 100 a 180.<\/li>\n<\/ul>\n<h3>O pacote inclui:<\/h3>\n<ul>\n<li>1 x R-Linha Tattu 650mAh 14.8V 4S1P 95C XT30 Bateria Lipo Tattu<\/li>\n<\/ul>\n","protected":false},"excerpt":{"rendered":"<p>Tattu R-Line 650mAh 14.8V 4S1P 95C XT30 Lipo Tattu R-Line Battery A bateria Tattu R-Line 650mAh 14.8V 95C 4S1P Lipo tem capacidade total e taxa de descarga. \u00c9 uma bateria<\/p>\n","protected":false},"featured_media":211661,"comment_status":"open","ping_status":"closed","template":"","meta":{"_joinchat":[]},"pwb-brand":[],"product_cat":[1062,1101],"product_tag":[],"class_list":{"0":"post-211663","1":"product","2":"type-product","3":"status-publish","4":"has-post-thumbnail","6":"product_cat-baterias-fpv","7":"product_cat-s4-pt-pt","9":"first","10":"outofstock","11":"taxable","12":"shipping-taxable","13":"purchasable","14":"product-type-simple"},"barcode":null,"atum_controlled":true,"out_stock_date":"2026-03-09 16:56:28","out_stock_threshold":null,"inheritable":false,"stock_on_hold":0,"sold_today":0,"sales_last_days":0,"out_stock_days":33,"lost_sales":0,"update_date":"2026-04-12T07:50:31","atum_locations":[],"atum_stock_status":"outofstock","restock_status":false,"low_stock_amount":"","sales_update_date":"2026-04-12T07:50:31","calc_backorders":null,"yoast_head":"<!-- This site is optimized with the Yoast SEO plugin v27.3 - https:\/\/yoast.com\/product\/yoast-seo-wordpress\/ -->\n<title>Tattu R-Line 650mAh 14.8V 4S1P 95C XT30 Lipo Tattu R-Line Battery - Iha Race<\/title>\n<meta name=\"robots\" content=\"index, follow, max-snippet:-1, max-image-preview:large, max-video-preview:-1\" \/>\n<link rel=\"canonical\" href=\"https:\/\/iha-race.com\/pt-pt\/produto\/bateria-lipo-tattu-r-line-650mah-14-8v-4s1p-95c-xt30\/\" \/>\n<meta property=\"og:locale\" content=\"pt_PT\" \/>\n<meta property=\"og:type\" content=\"article\" \/>\n<meta property=\"og:title\" content=\"Tattu R-Line 650mAh 14.8V 4S1P 95C XT30 Lipo Tattu R-Line Battery - Iha Race\" \/>\n<meta property=\"og:description\" content=\"Tattu R-Line 650mAh 14.8V 4S1P 95C XT30 Lipo Tattu R-Line Battery A bateria Tattu R-Line 650mAh 14.8V 95C 4S1P Lipo tem capacidade total e taxa de descarga. \u00c9 uma bateria\" \/>\n<meta property=\"og:url\" content=\"https:\/\/iha-race.com\/pt-pt\/produto\/bateria-lipo-tattu-r-line-650mah-14-8v-4s1p-95c-xt30\/\" \/>\n<meta property=\"og:site_name\" content=\"Iha Race\" \/>\n<meta property=\"article:modified_time\" content=\"2026-03-09T15:56:28+00:00\" \/>\n<meta property=\"og:image\" content=\"https:\/\/iha-race.com\/wp-content\/uploads\/2022\/11\/Tattu_R-Line_650mAh_14.8V_4S1P_95C_Lipo_Battery__ml.jpg\" \/>\n\t<meta property=\"og:image:width\" content=\"800\" \/>\n\t<meta property=\"og:image:height\" content=\"800\" \/>\n\t<meta property=\"og:image:type\" content=\"image\/jpeg\" \/>\n<meta name=\"twitter:card\" content=\"summary_large_image\" \/>\n<meta name=\"twitter:label1\" content=\"Tempo estimado de leitura\" \/>\n\t<meta name=\"twitter:data1\" content=\"1 minuto\" \/>\n<script type=\"application\/ld+json\" class=\"yoast-schema-graph\">{\"@context\":\"https:\\\/\\\/schema.org\",\"@graph\":[{\"@type\":\"WebPage\",\"@id\":\"https:\\\/\\\/iha-race.com\\\/pt-pt\\\/produto\\\/bateria-lipo-tattu-r-line-650mah-14-8v-4s1p-95c-xt30\\\/\",\"url\":\"https:\\\/\\\/iha-race.com\\\/pt-pt\\\/produto\\\/bateria-lipo-tattu-r-line-650mah-14-8v-4s1p-95c-xt30\\\/\",\"name\":\"Tattu R-Line 650mAh 14.8V 4S1P 95C XT30 Lipo Tattu R-Line Battery - Iha Race\",\"isPartOf\":{\"@id\":\"https:\\\/\\\/iha-race.com\\\/pt-pt\\\/#website\"},\"primaryImageOfPage\":{\"@id\":\"https:\\\/\\\/iha-race.com\\\/pt-pt\\\/produto\\\/bateria-lipo-tattu-r-line-650mah-14-8v-4s1p-95c-xt30\\\/#primaryimage\"},\"image\":{\"@id\":\"https:\\\/\\\/iha-race.com\\\/pt-pt\\\/produto\\\/bateria-lipo-tattu-r-line-650mah-14-8v-4s1p-95c-xt30\\\/#primaryimage\"},\"thumbnailUrl\":\"https:\\\/\\\/iha-race.com\\\/wp-content\\\/uploads\\\/2022\\\/11\\\/Tattu_R-Line_650mAh_14.8V_4S1P_95C_Lipo_Battery__ml.jpg\",\"datePublished\":\"2022-11-09T09:08:22+00:00\",\"dateModified\":\"2026-03-09T15:56:28+00:00\",\"breadcrumb\":{\"@id\":\"https:\\\/\\\/iha-race.com\\\/pt-pt\\\/produto\\\/bateria-lipo-tattu-r-line-650mah-14-8v-4s1p-95c-xt30\\\/#breadcrumb\"},\"inLanguage\":\"pt-PT\",\"potentialAction\":[{\"@type\":\"ReadAction\",\"target\":[\"https:\\\/\\\/iha-race.com\\\/pt-pt\\\/produto\\\/bateria-lipo-tattu-r-line-650mah-14-8v-4s1p-95c-xt30\\\/\"]}]},{\"@type\":\"ImageObject\",\"inLanguage\":\"pt-PT\",\"@id\":\"https:\\\/\\\/iha-race.com\\\/pt-pt\\\/produto\\\/bateria-lipo-tattu-r-line-650mah-14-8v-4s1p-95c-xt30\\\/#primaryimage\",\"url\":\"https:\\\/\\\/iha-race.com\\\/wp-content\\\/uploads\\\/2022\\\/11\\\/Tattu_R-Line_650mAh_14.8V_4S1P_95C_Lipo_Battery__ml.jpg\",\"contentUrl\":\"https:\\\/\\\/iha-race.com\\\/wp-content\\\/uploads\\\/2022\\\/11\\\/Tattu_R-Line_650mAh_14.8V_4S1P_95C_Lipo_Battery__ml.jpg\",\"width\":800,\"height\":800,\"caption\":\"Comprar Bater\u00eda Lipo Tattu R-Line 650mAh 14.8V 4S1P 95C\"},{\"@type\":\"BreadcrumbList\",\"@id\":\"https:\\\/\\\/iha-race.com\\\/pt-pt\\\/produto\\\/bateria-lipo-tattu-r-line-650mah-14-8v-4s1p-95c-xt30\\\/#breadcrumb\",\"itemListElement\":[{\"@type\":\"ListItem\",\"position\":1,\"name\":\"Portada\",\"item\":\"https:\\\/\\\/iha-race.com\\\/pt-pt\\\/elementor-499\\\/\"},{\"@type\":\"ListItem\",\"position\":2,\"name\":\"Shop\",\"item\":\"https:\\\/\\\/iha-race.com\\\/pt-pt\\\/shop\\\/\"},{\"@type\":\"ListItem\",\"position\":3,\"name\":\"Tattu R-Line 650mAh 14.8V 4S1P 95C XT30 Lipo Tattu R-Line Battery\"}]},{\"@type\":\"WebSite\",\"@id\":\"https:\\\/\\\/iha-race.com\\\/pt-pt\\\/#website\",\"url\":\"https:\\\/\\\/iha-race.com\\\/pt-pt\\\/\",\"name\":\"Iha Race\",\"description\":\"Comprar drones de carreras FPV env\u00edos en un d\u00eda desde Espa\u00f1a\",\"publisher\":{\"@id\":\"https:\\\/\\\/iha-race.com\\\/pt-pt\\\/#organization\"},\"potentialAction\":[{\"@type\":\"SearchAction\",\"target\":{\"@type\":\"EntryPoint\",\"urlTemplate\":\"https:\\\/\\\/iha-race.com\\\/pt-pt\\\/?s={search_term_string}\"},\"query-input\":{\"@type\":\"PropertyValueSpecification\",\"valueRequired\":true,\"valueName\":\"search_term_string\"}}],\"inLanguage\":\"pt-PT\"},{\"@type\":\"Organization\",\"@id\":\"https:\\\/\\\/iha-race.com\\\/pt-pt\\\/#organization\",\"name\":\"Iha Race\",\"url\":\"https:\\\/\\\/iha-race.com\\\/pt-pt\\\/\",\"logo\":{\"@type\":\"ImageObject\",\"inLanguage\":\"pt-PT\",\"@id\":\"https:\\\/\\\/iha-race.com\\\/pt-pt\\\/#\\\/schema\\\/logo\\\/image\\\/\",\"url\":\"https:\\\/\\\/iha-race.com\\\/wp-content\\\/uploads\\\/2018\\\/07\\\/iha-race-drones-de-carreras-tienda-comprar-drones.png\",\"contentUrl\":\"https:\\\/\\\/iha-race.com\\\/wp-content\\\/uploads\\\/2018\\\/07\\\/iha-race-drones-de-carreras-tienda-comprar-drones.png\",\"width\":300,\"height\":100,\"caption\":\"Iha Race\"},\"image\":{\"@id\":\"https:\\\/\\\/iha-race.com\\\/pt-pt\\\/#\\\/schema\\\/logo\\\/image\\\/\"}}]}<\/script>\n<!-- \/ Yoast SEO plugin. -->","yoast_head_json":{"title":"Tattu R-Line 650mAh 14.8V 4S1P 95C XT30 Lipo Tattu R-Line Battery - Iha Race","robots":{"index":"index","follow":"follow","max-snippet":"max-snippet:-1","max-image-preview":"max-image-preview:large","max-video-preview":"max-video-preview:-1"},"canonical":"https:\/\/iha-race.com\/pt-pt\/produto\/bateria-lipo-tattu-r-line-650mah-14-8v-4s1p-95c-xt30\/","og_locale":"pt_PT","og_type":"article","og_title":"Tattu R-Line 650mAh 14.8V 4S1P 95C XT30 Lipo Tattu R-Line Battery - Iha Race","og_description":"Tattu R-Line 650mAh 14.8V 4S1P 95C XT30 Lipo Tattu R-Line Battery A bateria Tattu R-Line 650mAh 14.8V 95C 4S1P Lipo tem capacidade total e taxa de descarga. \u00c9 uma bateria","og_url":"https:\/\/iha-race.com\/pt-pt\/produto\/bateria-lipo-tattu-r-line-650mah-14-8v-4s1p-95c-xt30\/","og_site_name":"Iha Race","article_modified_time":"2026-03-09T15:56:28+00:00","og_image":[{"width":800,"height":800,"url":"https:\/\/iha-race.com\/wp-content\/uploads\/2022\/11\/Tattu_R-Line_650mAh_14.8V_4S1P_95C_Lipo_Battery__ml.jpg","type":"image\/jpeg"}],"twitter_card":"summary_large_image","twitter_misc":{"Tempo estimado de leitura":"1 minuto"},"schema":{"@context":"https:\/\/schema.org","@graph":[{"@type":"WebPage","@id":"https:\/\/iha-race.com\/pt-pt\/produto\/bateria-lipo-tattu-r-line-650mah-14-8v-4s1p-95c-xt30\/","url":"https:\/\/iha-race.com\/pt-pt\/produto\/bateria-lipo-tattu-r-line-650mah-14-8v-4s1p-95c-xt30\/","name":"Tattu R-Line 650mAh 14.8V 4S1P 95C XT30 Lipo Tattu R-Line Battery - Iha Race","isPartOf":{"@id":"https:\/\/iha-race.com\/pt-pt\/#website"},"primaryImageOfPage":{"@id":"https:\/\/iha-race.com\/pt-pt\/produto\/bateria-lipo-tattu-r-line-650mah-14-8v-4s1p-95c-xt30\/#primaryimage"},"image":{"@id":"https:\/\/iha-race.com\/pt-pt\/produto\/bateria-lipo-tattu-r-line-650mah-14-8v-4s1p-95c-xt30\/#primaryimage"},"thumbnailUrl":"https:\/\/iha-race.com\/wp-content\/uploads\/2022\/11\/Tattu_R-Line_650mAh_14.8V_4S1P_95C_Lipo_Battery__ml.jpg","datePublished":"2022-11-09T09:08:22+00:00","dateModified":"2026-03-09T15:56:28+00:00","breadcrumb":{"@id":"https:\/\/iha-race.com\/pt-pt\/produto\/bateria-lipo-tattu-r-line-650mah-14-8v-4s1p-95c-xt30\/#breadcrumb"},"inLanguage":"pt-PT","potentialAction":[{"@type":"ReadAction","target":["https:\/\/iha-race.com\/pt-pt\/produto\/bateria-lipo-tattu-r-line-650mah-14-8v-4s1p-95c-xt30\/"]}]},{"@type":"ImageObject","inLanguage":"pt-PT","@id":"https:\/\/iha-race.com\/pt-pt\/produto\/bateria-lipo-tattu-r-line-650mah-14-8v-4s1p-95c-xt30\/#primaryimage","url":"https:\/\/iha-race.com\/wp-content\/uploads\/2022\/11\/Tattu_R-Line_650mAh_14.8V_4S1P_95C_Lipo_Battery__ml.jpg","contentUrl":"https:\/\/iha-race.com\/wp-content\/uploads\/2022\/11\/Tattu_R-Line_650mAh_14.8V_4S1P_95C_Lipo_Battery__ml.jpg","width":800,"height":800,"caption":"Comprar Bater\u00eda Lipo Tattu R-Line 650mAh 14.8V 4S1P 95C"},{"@type":"BreadcrumbList","@id":"https:\/\/iha-race.com\/pt-pt\/produto\/bateria-lipo-tattu-r-line-650mah-14-8v-4s1p-95c-xt30\/#breadcrumb","itemListElement":[{"@type":"ListItem","position":1,"name":"Portada","item":"https:\/\/iha-race.com\/pt-pt\/elementor-499\/"},{"@type":"ListItem","position":2,"name":"Shop","item":"https:\/\/iha-race.com\/pt-pt\/shop\/"},{"@type":"ListItem","position":3,"name":"Tattu R-Line 650mAh 14.8V 4S1P 95C XT30 Lipo Tattu R-Line Battery"}]},{"@type":"WebSite","@id":"https:\/\/iha-race.com\/pt-pt\/#website","url":"https:\/\/iha-race.com\/pt-pt\/","name":"Iha Race","description":"Comprar drones de carreras FPV env\u00edos en un d\u00eda desde Espa\u00f1a","publisher":{"@id":"https:\/\/iha-race.com\/pt-pt\/#organization"},"potentialAction":[{"@type":"SearchAction","target":{"@type":"EntryPoint","urlTemplate":"https:\/\/iha-race.com\/pt-pt\/?s={search_term_string}"},"query-input":{"@type":"PropertyValueSpecification","valueRequired":true,"valueName":"search_term_string"}}],"inLanguage":"pt-PT"},{"@type":"Organization","@id":"https:\/\/iha-race.com\/pt-pt\/#organization","name":"Iha Race","url":"https:\/\/iha-race.com\/pt-pt\/","logo":{"@type":"ImageObject","inLanguage":"pt-PT","@id":"https:\/\/iha-race.com\/pt-pt\/#\/schema\/logo\/image\/","url":"https:\/\/iha-race.com\/wp-content\/uploads\/2018\/07\/iha-race-drones-de-carreras-tienda-comprar-drones.png","contentUrl":"https:\/\/iha-race.com\/wp-content\/uploads\/2018\/07\/iha-race-drones-de-carreras-tienda-comprar-drones.png","width":300,"height":100,"caption":"Iha Race"},"image":{"@id":"https:\/\/iha-race.com\/pt-pt\/#\/schema\/logo\/image\/"}}]}},"brands":[],"_links":{"self":[{"href":"https:\/\/iha-race.com\/pt-pt\/wp-json\/wp\/v2\/product\/211663","targetHints":{"allow":["GET"]}}],"collection":[{"href":"https:\/\/iha-race.com\/pt-pt\/wp-json\/wp\/v2\/product"}],"about":[{"href":"https:\/\/iha-race.com\/pt-pt\/wp-json\/wp\/v2\/types\/product"}],"replies":[{"embeddable":true,"href":"https:\/\/iha-race.com\/pt-pt\/wp-json\/wp\/v2\/comments?post=211663"}],"version-history":[{"count":2,"href":"https:\/\/iha-race.com\/pt-pt\/wp-json\/wp\/v2\/product\/211663\/revisions"}],"predecessor-version":[{"id":248985,"href":"https:\/\/iha-race.com\/pt-pt\/wp-json\/wp\/v2\/product\/211663\/revisions\/248985"}],"wp:featuredmedia":[{"embeddable":true,"href":"https:\/\/iha-race.com\/pt-pt\/wp-json\/wp\/v2\/media\/211661"}],"wp:attachment":[{"href":"https:\/\/iha-race.com\/pt-pt\/wp-json\/wp\/v2\/media?parent=211663"}],"wp:term":[{"taxonomy":"pwb-brand","embeddable":true,"href":"https:\/\/iha-race.com\/pt-pt\/wp-json\/wp\/v2\/pwb-brand?post=211663"},{"taxonomy":"product_cat","embeddable":true,"href":"https:\/\/iha-race.com\/pt-pt\/wp-json\/wp\/v2\/product_cat?post=211663"},{"taxonomy":"product_tag","embeddable":true,"href":"https:\/\/iha-race.com\/pt-pt\/wp-json\/wp\/v2\/product_tag?post=211663"}],"curies":[{"name":"wp","href":"https:\/\/api.w.org\/{rel}","templated":true}]}}