{"id":211589,"date":"2022-11-08T11:24:28","date_gmt":"2022-11-08T10:24:28","guid":{"rendered":"https:\/\/iha-race.com\/producto\/antena-truerc-singularidade-5-8-mmcx-long-lhcp\/"},"modified":"2024-08-29T11:59:19","modified_gmt":"2024-08-29T09:59:19","slug":"antena-truerc-singularidade-5-8-mmcx-long-lhcp","status":"publish","type":"product","link":"https:\/\/iha-race.com\/pt-pt\/produto\/antena-truerc-singularidade-5-8-mmcx-long-lhcp\/","title":{"rendered":"TrueRC Singularidade 5.8 MMCX (120\/90mm) LHCP DJI TrueRC Singularidade 5.8 MMCX (120\/90mm) Antena LHCP"},"content":{"rendered":"<h2>TrueRC Singularidade 5.8 MMCX (120\/90mm) LHCP DJI TrueRC Singularidade 5.8 MMCX (120\/90mm) Antena LHCP<\/h2>\n<p>  A singularidade 5.8 \u00e9 a nossa antena mais avan\u00e7ada. Lev\u00e1mos a miniaturiza\u00e7\u00e3o mais longe do que nunca, mas conseguimos levar o desempenho ainda mais longe. \u00c9 a antena CP de 5,8 GHz mais pequena e mais leve alguma vez fabricada.  <\/p>\n<h3><strong>Especifica\u00e7\u00f5es:<\/strong><\/h3>\n<ul>\n<li><strong>Ganho:<\/strong> 1.9dbic<\/li>\n<li><strong>Polariza\u00e7\u00e3o:<\/strong> RHCP ou LHCP<\/li>\n<li><strong>Rejei\u00e7\u00e3o de<\/strong> polaridade cruzada: -15 a -30dB (1,9%)\/<\/li>\n<li><strong>Largura de banda:<\/strong> 5,6 GHz-6,0 GHz<\/li>\n<li><strong>Efici\u00eancia da radia\u00e7\u00e3o:<\/strong> 99%.<\/li>\n<li><strong>ROE:<\/strong> &lt;=1.5:1<\/li>\n<li><strong>Peso:<\/strong> a partir de 1,03 ga 3,55 g, dependendo da configura\u00e7\u00e3o<\/li>\n<li><strong>Dimens\u00f5es (cabe\u00e7a):<\/strong> 11,8 mm de di\u00e2metro. x 8,2 mm de altura <a href=\"http:\/\/www.truerc.ca\/wp-content\/uploads\/sing58rg405drawing.pdf\">(PDF)<\/a><\/li>\n<li><strong>Comprimento:<\/strong> 90\/120mm<\/li>\n<li><strong>Cabo:<\/strong> RG405, RG178, 1,13 mm<\/li>\n<li><strong>Conector:<\/strong> MMCX\/90<\/li>\n<\/ul>\n<h3>O pacote inclui:<\/h3>\n<ul>\n<li>1 x DJI TrueRC Singularidade 5.8 MMCX LHCP TrueRC Singularidade 5.8 Antena de tamanho escolhido 120 ou 90mm<\/li>\n<\/ul>\n<h3>Impress\u00e3o \u00fatil!<\/h3>\n<ul>\n<li><a href=\"https:\/\/www.thingiverse.com\/thing:4717441\">Montagem do Rotor Riot HD1<\/a><\/li>\n<li><a href=\"https:\/\/www.thingiverse.com\/thing:4945309\">Monte iFlight Nazgul XL5V5<\/a><\/li>\n<li><a href=\"https:\/\/www.thingiverse.com\/thing:4806910\">Lumenier QAV-S Mini Monte de Antena<\/a><\/li>\n<li><a href=\"https:\/\/www.thingiverse.com\/thing:4909919\">Talho\/Venom<\/a><\/li>\n<li><a href=\"https:\/\/www.thingiverse.com\/thing:5335568\">Montagem do AlphaRC Fi-115<\/a><\/li>\n<\/ul>\n","protected":false},"excerpt":{"rendered":"<p>TrueRC Singularidade 5.8 MMCX (120\/90mm) LHCP DJI TrueRC Singularidade 5.8 MMCX (120\/90mm) Antena LHCP A singularidade 5.8 \u00e9 a nossa antena mais avan\u00e7ada. Lev\u00e1mos a miniaturiza\u00e7\u00e3o mais longe do que<\/p>\n","protected":false},"featured_media":211587,"comment_status":"open","ping_status":"closed","template":"","meta":{"_joinchat":[]},"pwb-brand":[],"product_cat":[1198],"product_tag":[],"class_list":{"0":"post-211589","1":"product","2":"type-product","3":"status-publish","4":"has-post-thumbnail","6":"product_cat-antenas-fpv","8":"first","9":"instock","10":"taxable","11":"shipping-taxable","12":"purchasable","13":"product-type-variable"},"barcode":null,"atum_controlled":true,"out_stock_date":null,"out_stock_threshold":null,"inheritable":true,"stock_on_hold":0,"sold_today":0,"sales_last_days":0,"out_stock_days":0,"lost_sales":0,"update_date":"2026-04-18T22:03:26","atum_locations":[],"atum_stock_status":"instock","restock_status":false,"low_stock_amount":"","sales_update_date":"2026-04-18T22:03:26","calc_backorders":null,"yoast_head":"<!-- This site is optimized with the Yoast SEO plugin v27.3 - https:\/\/yoast.com\/product\/yoast-seo-wordpress\/ -->\n<title>TrueRC Singularidade 5.8 MMCX (120\/90mm) LHCP DJI TrueRC Singularidade 5.8 MMCX (120\/90mm) Antena LHCP - Iha Race<\/title>\n<meta name=\"robots\" content=\"index, follow, max-snippet:-1, max-image-preview:large, max-video-preview:-1\" \/>\n<link rel=\"canonical\" href=\"https:\/\/iha-race.com\/pt-pt\/produto\/antena-truerc-singularidade-5-8-mmcx-long-lhcp\/\" \/>\n<meta property=\"og:locale\" content=\"pt_PT\" \/>\n<meta property=\"og:type\" content=\"article\" \/>\n<meta property=\"og:title\" content=\"TrueRC Singularidade 5.8 MMCX (120\/90mm) LHCP DJI TrueRC Singularidade 5.8 MMCX (120\/90mm) Antena LHCP - Iha Race\" \/>\n<meta property=\"og:description\" content=\"TrueRC Singularidade 5.8 MMCX (120\/90mm) LHCP DJI TrueRC Singularidade 5.8 MMCX (120\/90mm) Antena LHCP A singularidade 5.8 \u00e9 a nossa antena mais avan\u00e7ada. Lev\u00e1mos a miniaturiza\u00e7\u00e3o mais longe do que\" \/>\n<meta property=\"og:url\" content=\"https:\/\/iha-race.com\/pt-pt\/produto\/antena-truerc-singularidade-5-8-mmcx-long-lhcp\/\" \/>\n<meta property=\"og:site_name\" content=\"Iha Race\" \/>\n<meta property=\"article:modified_time\" content=\"2024-08-29T09:59:19+00:00\" \/>\n<meta property=\"og:image\" content=\"https:\/\/iha-race.com\/wp-content\/uploads\/2022\/11\/7FB270DF-FDEA-4EDC-ABC4-22B826A687D3.jpg\" \/>\n\t<meta property=\"og:image:width\" content=\"1000\" \/>\n\t<meta property=\"og:image:height\" content=\"1000\" \/>\n\t<meta property=\"og:image:type\" content=\"image\/jpeg\" \/>\n<meta name=\"twitter:card\" content=\"summary_large_image\" \/>\n<meta name=\"twitter:label1\" content=\"Tempo estimado de leitura\" \/>\n\t<meta name=\"twitter:data1\" content=\"1 minuto\" \/>\n<script type=\"application\/ld+json\" class=\"yoast-schema-graph\">{\"@context\":\"https:\\\/\\\/schema.org\",\"@graph\":[{\"@type\":\"WebPage\",\"@id\":\"https:\\\/\\\/iha-race.com\\\/pt-pt\\\/produto\\\/antena-truerc-singularidade-5-8-mmcx-long-lhcp\\\/\",\"url\":\"https:\\\/\\\/iha-race.com\\\/pt-pt\\\/produto\\\/antena-truerc-singularidade-5-8-mmcx-long-lhcp\\\/\",\"name\":\"TrueRC Singularidade 5.8 MMCX (120\\\/90mm) LHCP DJI TrueRC Singularidade 5.8 MMCX (120\\\/90mm) Antena LHCP - Iha Race\",\"isPartOf\":{\"@id\":\"https:\\\/\\\/iha-race.com\\\/pt-pt\\\/#website\"},\"primaryImageOfPage\":{\"@id\":\"https:\\\/\\\/iha-race.com\\\/pt-pt\\\/produto\\\/antena-truerc-singularidade-5-8-mmcx-long-lhcp\\\/#primaryimage\"},\"image\":{\"@id\":\"https:\\\/\\\/iha-race.com\\\/pt-pt\\\/produto\\\/antena-truerc-singularidade-5-8-mmcx-long-lhcp\\\/#primaryimage\"},\"thumbnailUrl\":\"https:\\\/\\\/iha-race.com\\\/wp-content\\\/uploads\\\/2022\\\/11\\\/7FB270DF-FDEA-4EDC-ABC4-22B826A687D3.jpg\",\"datePublished\":\"2022-11-08T10:24:28+00:00\",\"dateModified\":\"2024-08-29T09:59:19+00:00\",\"breadcrumb\":{\"@id\":\"https:\\\/\\\/iha-race.com\\\/pt-pt\\\/produto\\\/antena-truerc-singularidade-5-8-mmcx-long-lhcp\\\/#breadcrumb\"},\"inLanguage\":\"pt-PT\",\"potentialAction\":[{\"@type\":\"ReadAction\",\"target\":[\"https:\\\/\\\/iha-race.com\\\/pt-pt\\\/produto\\\/antena-truerc-singularidade-5-8-mmcx-long-lhcp\\\/\"]}]},{\"@type\":\"ImageObject\",\"inLanguage\":\"pt-PT\",\"@id\":\"https:\\\/\\\/iha-race.com\\\/pt-pt\\\/produto\\\/antena-truerc-singularidade-5-8-mmcx-long-lhcp\\\/#primaryimage\",\"url\":\"https:\\\/\\\/iha-race.com\\\/wp-content\\\/uploads\\\/2022\\\/11\\\/7FB270DF-FDEA-4EDC-ABC4-22B826A687D3.jpg\",\"contentUrl\":\"https:\\\/\\\/iha-race.com\\\/wp-content\\\/uploads\\\/2022\\\/11\\\/7FB270DF-FDEA-4EDC-ABC4-22B826A687D3.jpg\",\"width\":1000,\"height\":1000,\"caption\":\"Comprar Antena TrueRC Singularity 5.8 MMCX (Long) LHCP\"},{\"@type\":\"BreadcrumbList\",\"@id\":\"https:\\\/\\\/iha-race.com\\\/pt-pt\\\/produto\\\/antena-truerc-singularidade-5-8-mmcx-long-lhcp\\\/#breadcrumb\",\"itemListElement\":[{\"@type\":\"ListItem\",\"position\":1,\"name\":\"Portada\",\"item\":\"https:\\\/\\\/iha-race.com\\\/pt-pt\\\/\"},{\"@type\":\"ListItem\",\"position\":2,\"name\":\"Shop\",\"item\":\"https:\\\/\\\/iha-race.com\\\/pt-pt\\\/shop\\\/\"},{\"@type\":\"ListItem\",\"position\":3,\"name\":\"TrueRC Singularidade 5.8 MMCX (120\\\/90mm) LHCP DJI TrueRC Singularidade 5.8 MMCX (120\\\/90mm) Antena LHCP\"}]},{\"@type\":\"WebSite\",\"@id\":\"https:\\\/\\\/iha-race.com\\\/pt-pt\\\/#website\",\"url\":\"https:\\\/\\\/iha-race.com\\\/pt-pt\\\/\",\"name\":\"Iha Race\",\"description\":\"Comprar drones de carreras FPV env\u00edos en un d\u00eda desde Espa\u00f1a\",\"publisher\":{\"@id\":\"https:\\\/\\\/iha-race.com\\\/pt-pt\\\/#organization\"},\"potentialAction\":[{\"@type\":\"SearchAction\",\"target\":{\"@type\":\"EntryPoint\",\"urlTemplate\":\"https:\\\/\\\/iha-race.com\\\/pt-pt\\\/?s={search_term_string}\"},\"query-input\":{\"@type\":\"PropertyValueSpecification\",\"valueRequired\":true,\"valueName\":\"search_term_string\"}}],\"inLanguage\":\"pt-PT\"},{\"@type\":\"Organization\",\"@id\":\"https:\\\/\\\/iha-race.com\\\/pt-pt\\\/#organization\",\"name\":\"Iha Race\",\"url\":\"https:\\\/\\\/iha-race.com\\\/pt-pt\\\/\",\"logo\":{\"@type\":\"ImageObject\",\"inLanguage\":\"pt-PT\",\"@id\":\"https:\\\/\\\/iha-race.com\\\/pt-pt\\\/#\\\/schema\\\/logo\\\/image\\\/\",\"url\":\"https:\\\/\\\/iha-race.com\\\/wp-content\\\/uploads\\\/2018\\\/07\\\/iha-race-drones-de-carreras-tienda-comprar-drones.png\",\"contentUrl\":\"https:\\\/\\\/iha-race.com\\\/wp-content\\\/uploads\\\/2018\\\/07\\\/iha-race-drones-de-carreras-tienda-comprar-drones.png\",\"width\":300,\"height\":100,\"caption\":\"Iha Race\"},\"image\":{\"@id\":\"https:\\\/\\\/iha-race.com\\\/pt-pt\\\/#\\\/schema\\\/logo\\\/image\\\/\"}}]}<\/script>\n<!-- \/ Yoast SEO plugin. -->","yoast_head_json":{"title":"TrueRC Singularidade 5.8 MMCX (120\/90mm) LHCP DJI TrueRC Singularidade 5.8 MMCX (120\/90mm) Antena LHCP - Iha Race","robots":{"index":"index","follow":"follow","max-snippet":"max-snippet:-1","max-image-preview":"max-image-preview:large","max-video-preview":"max-video-preview:-1"},"canonical":"https:\/\/iha-race.com\/pt-pt\/produto\/antena-truerc-singularidade-5-8-mmcx-long-lhcp\/","og_locale":"pt_PT","og_type":"article","og_title":"TrueRC Singularidade 5.8 MMCX (120\/90mm) LHCP DJI TrueRC Singularidade 5.8 MMCX (120\/90mm) Antena LHCP - Iha Race","og_description":"TrueRC Singularidade 5.8 MMCX (120\/90mm) LHCP DJI TrueRC Singularidade 5.8 MMCX (120\/90mm) Antena LHCP A singularidade 5.8 \u00e9 a nossa antena mais avan\u00e7ada. Lev\u00e1mos a miniaturiza\u00e7\u00e3o mais longe do que","og_url":"https:\/\/iha-race.com\/pt-pt\/produto\/antena-truerc-singularidade-5-8-mmcx-long-lhcp\/","og_site_name":"Iha Race","article_modified_time":"2024-08-29T09:59:19+00:00","og_image":[{"width":1000,"height":1000,"url":"https:\/\/iha-race.com\/wp-content\/uploads\/2022\/11\/7FB270DF-FDEA-4EDC-ABC4-22B826A687D3.jpg","type":"image\/jpeg"}],"twitter_card":"summary_large_image","twitter_misc":{"Tempo estimado de leitura":"1 minuto"},"schema":{"@context":"https:\/\/schema.org","@graph":[{"@type":"WebPage","@id":"https:\/\/iha-race.com\/pt-pt\/produto\/antena-truerc-singularidade-5-8-mmcx-long-lhcp\/","url":"https:\/\/iha-race.com\/pt-pt\/produto\/antena-truerc-singularidade-5-8-mmcx-long-lhcp\/","name":"TrueRC Singularidade 5.8 MMCX (120\/90mm) LHCP DJI TrueRC Singularidade 5.8 MMCX (120\/90mm) Antena LHCP - Iha Race","isPartOf":{"@id":"https:\/\/iha-race.com\/pt-pt\/#website"},"primaryImageOfPage":{"@id":"https:\/\/iha-race.com\/pt-pt\/produto\/antena-truerc-singularidade-5-8-mmcx-long-lhcp\/#primaryimage"},"image":{"@id":"https:\/\/iha-race.com\/pt-pt\/produto\/antena-truerc-singularidade-5-8-mmcx-long-lhcp\/#primaryimage"},"thumbnailUrl":"https:\/\/iha-race.com\/wp-content\/uploads\/2022\/11\/7FB270DF-FDEA-4EDC-ABC4-22B826A687D3.jpg","datePublished":"2022-11-08T10:24:28+00:00","dateModified":"2024-08-29T09:59:19+00:00","breadcrumb":{"@id":"https:\/\/iha-race.com\/pt-pt\/produto\/antena-truerc-singularidade-5-8-mmcx-long-lhcp\/#breadcrumb"},"inLanguage":"pt-PT","potentialAction":[{"@type":"ReadAction","target":["https:\/\/iha-race.com\/pt-pt\/produto\/antena-truerc-singularidade-5-8-mmcx-long-lhcp\/"]}]},{"@type":"ImageObject","inLanguage":"pt-PT","@id":"https:\/\/iha-race.com\/pt-pt\/produto\/antena-truerc-singularidade-5-8-mmcx-long-lhcp\/#primaryimage","url":"https:\/\/iha-race.com\/wp-content\/uploads\/2022\/11\/7FB270DF-FDEA-4EDC-ABC4-22B826A687D3.jpg","contentUrl":"https:\/\/iha-race.com\/wp-content\/uploads\/2022\/11\/7FB270DF-FDEA-4EDC-ABC4-22B826A687D3.jpg","width":1000,"height":1000,"caption":"Comprar Antena TrueRC Singularity 5.8 MMCX (Long) LHCP"},{"@type":"BreadcrumbList","@id":"https:\/\/iha-race.com\/pt-pt\/produto\/antena-truerc-singularidade-5-8-mmcx-long-lhcp\/#breadcrumb","itemListElement":[{"@type":"ListItem","position":1,"name":"Portada","item":"https:\/\/iha-race.com\/pt-pt\/"},{"@type":"ListItem","position":2,"name":"Shop","item":"https:\/\/iha-race.com\/pt-pt\/shop\/"},{"@type":"ListItem","position":3,"name":"TrueRC Singularidade 5.8 MMCX (120\/90mm) LHCP DJI TrueRC Singularidade 5.8 MMCX (120\/90mm) Antena LHCP"}]},{"@type":"WebSite","@id":"https:\/\/iha-race.com\/pt-pt\/#website","url":"https:\/\/iha-race.com\/pt-pt\/","name":"Iha Race","description":"Comprar drones de carreras FPV env\u00edos en un d\u00eda desde Espa\u00f1a","publisher":{"@id":"https:\/\/iha-race.com\/pt-pt\/#organization"},"potentialAction":[{"@type":"SearchAction","target":{"@type":"EntryPoint","urlTemplate":"https:\/\/iha-race.com\/pt-pt\/?s={search_term_string}"},"query-input":{"@type":"PropertyValueSpecification","valueRequired":true,"valueName":"search_term_string"}}],"inLanguage":"pt-PT"},{"@type":"Organization","@id":"https:\/\/iha-race.com\/pt-pt\/#organization","name":"Iha Race","url":"https:\/\/iha-race.com\/pt-pt\/","logo":{"@type":"ImageObject","inLanguage":"pt-PT","@id":"https:\/\/iha-race.com\/pt-pt\/#\/schema\/logo\/image\/","url":"https:\/\/iha-race.com\/wp-content\/uploads\/2018\/07\/iha-race-drones-de-carreras-tienda-comprar-drones.png","contentUrl":"https:\/\/iha-race.com\/wp-content\/uploads\/2018\/07\/iha-race-drones-de-carreras-tienda-comprar-drones.png","width":300,"height":100,"caption":"Iha Race"},"image":{"@id":"https:\/\/iha-race.com\/pt-pt\/#\/schema\/logo\/image\/"}}]}},"jetpack_sharing_enabled":true,"brands":[],"_links":{"self":[{"href":"https:\/\/iha-race.com\/pt-pt\/wp-json\/wp\/v2\/product\/211589","targetHints":{"allow":["GET"]}}],"collection":[{"href":"https:\/\/iha-race.com\/pt-pt\/wp-json\/wp\/v2\/product"}],"about":[{"href":"https:\/\/iha-race.com\/pt-pt\/wp-json\/wp\/v2\/types\/product"}],"replies":[{"embeddable":true,"href":"https:\/\/iha-race.com\/pt-pt\/wp-json\/wp\/v2\/comments?post=211589"}],"version-history":[{"count":3,"href":"https:\/\/iha-race.com\/pt-pt\/wp-json\/wp\/v2\/product\/211589\/revisions"}],"predecessor-version":[{"id":248982,"href":"https:\/\/iha-race.com\/pt-pt\/wp-json\/wp\/v2\/product\/211589\/revisions\/248982"}],"wp:featuredmedia":[{"embeddable":true,"href":"https:\/\/iha-race.com\/pt-pt\/wp-json\/wp\/v2\/media\/211587"}],"wp:attachment":[{"href":"https:\/\/iha-race.com\/pt-pt\/wp-json\/wp\/v2\/media?parent=211589"}],"wp:term":[{"taxonomy":"pwb-brand","embeddable":true,"href":"https:\/\/iha-race.com\/pt-pt\/wp-json\/wp\/v2\/pwb-brand?post=211589"},{"taxonomy":"product_cat","embeddable":true,"href":"https:\/\/iha-race.com\/pt-pt\/wp-json\/wp\/v2\/product_cat?post=211589"},{"taxonomy":"product_tag","embeddable":true,"href":"https:\/\/iha-race.com\/pt-pt\/wp-json\/wp\/v2\/product_tag?post=211589"}],"curies":[{"name":"wp","href":"https:\/\/api.w.org\/{rel}","templated":true}]}}