{"id":211571,"date":"2022-11-08T10:39:37","date_gmt":"2022-11-08T09:39:37","guid":{"rendered":"https:\/\/iha-race.com\/producto\/conjunto-de-antenas-x-para-dji-fpv\/"},"modified":"2024-08-29T11:59:05","modified_gmt":"2024-08-29T09:59:05","slug":"antena-set-x-for-dji-fpv","status":"publish","type":"product","link":"https:\/\/iha-race.com\/pt-pt\/produto\/antena-set-x-for-dji-fpv\/","title":{"rendered":"CONJUNTO DE ANTENAS &#8220;X&#8221; PARA DJI FPV"},"content":{"rendered":"<h2><span data-sheets-value=\"{\"1\":2,\"2\":\"CONJUNTO DE ANTENAS \u201cX\u201d PARA DJI FPV\"}\" data-sheets-userformat=\"{\"2\":10883,\"3\":{\"1\":0},\"4\":{\"1\":2,\"2\":16777215},\"10\":2,\"12\":0,\"14\":{\"1\":2,\"2\":2435116},\"16\":12}\">CONJUNTO DE ANTENAS &#8220;X&#8221; PARA DJI FPV<\/span><\/h2>\n<p>&nbsp;  O conjunto de antena &#8220;X&#8221; \u00e9 um kit de antena polarizada cruzada concebido para ser utilizado com os \u00f3culos DJI fpv e a unidade de ar. Esta disposi\u00e7\u00e3o polimerizada cruzada proporciona uma liga\u00e7\u00e3o mais fi\u00e1vel, maximiza a taxa de bits e minimiza a lat\u00eancia em ambientes com muita gente, tais como dentro de casa ou entre edif\u00edcios. \u00c9 composto por dois RHCP e dois LHCP X-AIR independentes para os \u00f3culos e um RHCP e um LHCP <a href=\"https:\/\/www.truerc.ca\/shop\/5-8ghz-2\/transmitter\/ocp-5-8\">OCP<\/a> para a unidade de ar.  &nbsp;<\/p>\n<h3>Instala\u00e7\u00e3o<\/h3>\n<p>  Coloca os X-AIRs nos \u00f3culos de prote\u00e7\u00e3o em forma de X:  <\/p>\n<ul>\n<li>Em baixo \u00e0 esquerda: LHCP<\/li>\n<li>Em cima \u00e0 esquerda: RHCP<\/li>\n<li>Em cima \u00e0 direita: LHCP<\/li>\n<li>Em baixo \u00e0 direita: RHCP<\/li>\n<\/ul>\n<p>&nbsp;<\/p>\n<h3>Especifica\u00e7\u00f5es<\/h3>\n<ul>\n<li><strong>Ganho (X-AIR):<\/strong> 9,5-10,5 dBic<\/li>\n<li><strong>Ganho (OCP):<\/strong> 1,6 dBic<\/li>\n<li><strong>Polariza\u00e7\u00e3o:<\/strong> RHCP e LHCP<\/li>\n<li><strong>Largura de feixe* (X-AIR):<\/strong> 120 graus<\/li>\n<li><strong>Largura do feixe @-3dB** (X-AIR):<\/strong> 68 graus<strong>.<\/strong> <\/li>\n<\/ul>\n<p>  *Cobertura em que a rece\u00e7\u00e3o \u00e9, pelo menos, equivalente \u00e0 omnidirecional. **Cobertura em que se obt\u00e9m pelo menos 70% da gama m\u00e1xima.  &nbsp;<\/p>\n<h3>Inclui<\/h3>\n<ul>\n<li>2x RHCP X-air 5.8 MK.II<\/li>\n<li>2X LHCP X-air 5.8 MK.II<\/li>\n<li>4 adaptadores RP-SMA de 45 graus de baixa perda<\/li>\n<li>1x RHCP OCP com conector MMCX90<\/li>\n<li>1x LHCP OCP com conector MMCX90<\/li>\n<\/ul>\n<p>&nbsp;<\/p>\n<p>&nbsp;<\/p>\n<p>&nbsp;<\/p>\n<p><em><strong>Perguntas mais frequentes<\/strong><\/em> Posso usar outra coisa que n\u00e3o seja o OCP com conetor MMCX90 na unidade de ar? <em>-Sim, se tiveres tran\u00e7as podes usar antenas com SMA. Deixa um coment\u00e1rio quando encomendares e podemos alter\u00e1-lo para o tipo de conetor de que necessitas&#8221;.<\/em> Posso utilizar isto com a unidade exposta? <em>-Sim, no entanto, o desempenho n\u00e3o seria t\u00e3o bom como poderia ser com uma unidade de ar.<\/em><\/p>\n","protected":false},"excerpt":{"rendered":"<p>CONJUNTO DE ANTENAS &#8220;X&#8221; PARA DJI FPV &nbsp; O conjunto de antena &#8220;X&#8221; \u00e9 um kit de antena polarizada cruzada concebido para ser utilizado com os \u00f3culos DJI fpv e<\/p>\n","protected":false},"featured_media":211564,"comment_status":"open","ping_status":"closed","template":"","meta":{"_joinchat":[]},"pwb-brand":[],"product_cat":[1198],"product_tag":[],"class_list":{"0":"post-211571","1":"product","2":"type-product","3":"status-publish","4":"has-post-thumbnail","6":"product_cat-antenas-fpv","8":"first","9":"instock","10":"taxable","11":"shipping-taxable","12":"purchasable","13":"product-type-simple"},"barcode":null,"atum_controlled":true,"out_stock_date":null,"out_stock_threshold":null,"inheritable":false,"stock_on_hold":0,"sold_today":0,"sales_last_days":0,"out_stock_days":0,"lost_sales":0,"update_date":"2026-04-18T20:30:54","atum_locations":[],"atum_stock_status":"instock","restock_status":false,"low_stock_amount":"","sales_update_date":"2026-04-18T20:30:54","calc_backorders":null,"yoast_head":"<!-- This site is optimized with the Yoast SEO plugin v27.3 - https:\/\/yoast.com\/product\/yoast-seo-wordpress\/ -->\n<title>CONJUNTO DE ANTENAS &quot;X&quot; PARA DJI FPV - Iha Race<\/title>\n<meta name=\"robots\" content=\"index, follow, max-snippet:-1, max-image-preview:large, max-video-preview:-1\" \/>\n<link rel=\"canonical\" href=\"https:\/\/iha-race.com\/pt-pt\/produto\/antena-set-x-for-dji-fpv\/\" \/>\n<meta property=\"og:locale\" content=\"pt_PT\" \/>\n<meta property=\"og:type\" content=\"article\" \/>\n<meta property=\"og:title\" content=\"CONJUNTO DE ANTENAS &quot;X&quot; PARA DJI FPV - Iha Race\" \/>\n<meta property=\"og:description\" content=\"CONJUNTO DE ANTENAS &#8220;X&#8221; PARA DJI FPV &nbsp; O conjunto de antena &#8220;X&#8221; \u00e9 um kit de antena polarizada cruzada concebido para ser utilizado com os \u00f3culos DJI fpv e\" \/>\n<meta property=\"og:url\" content=\"https:\/\/iha-race.com\/pt-pt\/produto\/antena-set-x-for-dji-fpv\/\" \/>\n<meta property=\"og:site_name\" content=\"Iha Race\" \/>\n<meta property=\"article:modified_time\" content=\"2024-08-29T09:59:05+00:00\" \/>\n<meta property=\"og:image\" content=\"https:\/\/iha-race.com\/wp-content\/uploads\/2022\/11\/xkitdone1000-1.jpg\" \/>\n\t<meta property=\"og:image:width\" content=\"1000\" \/>\n\t<meta property=\"og:image:height\" content=\"999\" \/>\n\t<meta property=\"og:image:type\" content=\"image\/jpeg\" \/>\n<meta name=\"twitter:card\" content=\"summary_large_image\" \/>\n<meta name=\"twitter:label1\" content=\"Tempo estimado de leitura\" \/>\n\t<meta name=\"twitter:data1\" content=\"1 minuto\" \/>\n<script type=\"application\/ld+json\" class=\"yoast-schema-graph\">{\"@context\":\"https:\\\/\\\/schema.org\",\"@graph\":[{\"@type\":\"WebPage\",\"@id\":\"https:\\\/\\\/iha-race.com\\\/pt-pt\\\/produto\\\/antena-set-x-for-dji-fpv\\\/\",\"url\":\"https:\\\/\\\/iha-race.com\\\/pt-pt\\\/produto\\\/antena-set-x-for-dji-fpv\\\/\",\"name\":\"CONJUNTO DE ANTENAS \\\"X\\\" PARA DJI FPV - Iha Race\",\"isPartOf\":{\"@id\":\"https:\\\/\\\/iha-race.com\\\/pt-pt\\\/#website\"},\"primaryImageOfPage\":{\"@id\":\"https:\\\/\\\/iha-race.com\\\/pt-pt\\\/produto\\\/antena-set-x-for-dji-fpv\\\/#primaryimage\"},\"image\":{\"@id\":\"https:\\\/\\\/iha-race.com\\\/pt-pt\\\/produto\\\/antena-set-x-for-dji-fpv\\\/#primaryimage\"},\"thumbnailUrl\":\"https:\\\/\\\/iha-race.com\\\/wp-content\\\/uploads\\\/2022\\\/11\\\/xkitdone1000-1.jpg\",\"datePublished\":\"2022-11-08T09:39:37+00:00\",\"dateModified\":\"2024-08-29T09:59:05+00:00\",\"breadcrumb\":{\"@id\":\"https:\\\/\\\/iha-race.com\\\/pt-pt\\\/produto\\\/antena-set-x-for-dji-fpv\\\/#breadcrumb\"},\"inLanguage\":\"pt-PT\",\"potentialAction\":[{\"@type\":\"ReadAction\",\"target\":[\"https:\\\/\\\/iha-race.com\\\/pt-pt\\\/produto\\\/antena-set-x-for-dji-fpv\\\/\"]}]},{\"@type\":\"ImageObject\",\"inLanguage\":\"pt-PT\",\"@id\":\"https:\\\/\\\/iha-race.com\\\/pt-pt\\\/produto\\\/antena-set-x-for-dji-fpv\\\/#primaryimage\",\"url\":\"https:\\\/\\\/iha-race.com\\\/wp-content\\\/uploads\\\/2022\\\/11\\\/xkitdone1000-1.jpg\",\"contentUrl\":\"https:\\\/\\\/iha-race.com\\\/wp-content\\\/uploads\\\/2022\\\/11\\\/xkitdone1000-1.jpg\",\"width\":1000,\"height\":999,\"caption\":\"Comprar CONJUNTO DE ANTENAS \u201cX\u201d PARA DJI FPV\"},{\"@type\":\"BreadcrumbList\",\"@id\":\"https:\\\/\\\/iha-race.com\\\/pt-pt\\\/produto\\\/antena-set-x-for-dji-fpv\\\/#breadcrumb\",\"itemListElement\":[{\"@type\":\"ListItem\",\"position\":1,\"name\":\"Portada\",\"item\":\"https:\\\/\\\/iha-race.com\\\/pt-pt\\\/elementor-499\\\/\"},{\"@type\":\"ListItem\",\"position\":2,\"name\":\"Shop\",\"item\":\"https:\\\/\\\/iha-race.com\\\/pt-pt\\\/shop\\\/\"},{\"@type\":\"ListItem\",\"position\":3,\"name\":\"CONJUNTO DE ANTENAS &#8220;X&#8221; PARA DJI FPV\"}]},{\"@type\":\"WebSite\",\"@id\":\"https:\\\/\\\/iha-race.com\\\/pt-pt\\\/#website\",\"url\":\"https:\\\/\\\/iha-race.com\\\/pt-pt\\\/\",\"name\":\"Iha Race\",\"description\":\"Comprar drones de carreras FPV env\u00edos en un d\u00eda desde Espa\u00f1a\",\"publisher\":{\"@id\":\"https:\\\/\\\/iha-race.com\\\/pt-pt\\\/#organization\"},\"potentialAction\":[{\"@type\":\"SearchAction\",\"target\":{\"@type\":\"EntryPoint\",\"urlTemplate\":\"https:\\\/\\\/iha-race.com\\\/pt-pt\\\/?s={search_term_string}\"},\"query-input\":{\"@type\":\"PropertyValueSpecification\",\"valueRequired\":true,\"valueName\":\"search_term_string\"}}],\"inLanguage\":\"pt-PT\"},{\"@type\":\"Organization\",\"@id\":\"https:\\\/\\\/iha-race.com\\\/pt-pt\\\/#organization\",\"name\":\"Iha Race\",\"url\":\"https:\\\/\\\/iha-race.com\\\/pt-pt\\\/\",\"logo\":{\"@type\":\"ImageObject\",\"inLanguage\":\"pt-PT\",\"@id\":\"https:\\\/\\\/iha-race.com\\\/pt-pt\\\/#\\\/schema\\\/logo\\\/image\\\/\",\"url\":\"https:\\\/\\\/iha-race.com\\\/wp-content\\\/uploads\\\/2018\\\/07\\\/iha-race-drones-de-carreras-tienda-comprar-drones.png\",\"contentUrl\":\"https:\\\/\\\/iha-race.com\\\/wp-content\\\/uploads\\\/2018\\\/07\\\/iha-race-drones-de-carreras-tienda-comprar-drones.png\",\"width\":300,\"height\":100,\"caption\":\"Iha Race\"},\"image\":{\"@id\":\"https:\\\/\\\/iha-race.com\\\/pt-pt\\\/#\\\/schema\\\/logo\\\/image\\\/\"}}]}<\/script>\n<!-- \/ Yoast SEO plugin. -->","yoast_head_json":{"title":"CONJUNTO DE ANTENAS \"X\" PARA DJI FPV - Iha Race","robots":{"index":"index","follow":"follow","max-snippet":"max-snippet:-1","max-image-preview":"max-image-preview:large","max-video-preview":"max-video-preview:-1"},"canonical":"https:\/\/iha-race.com\/pt-pt\/produto\/antena-set-x-for-dji-fpv\/","og_locale":"pt_PT","og_type":"article","og_title":"CONJUNTO DE ANTENAS \"X\" PARA DJI FPV - Iha Race","og_description":"CONJUNTO DE ANTENAS &#8220;X&#8221; PARA DJI FPV &nbsp; O conjunto de antena &#8220;X&#8221; \u00e9 um kit de antena polarizada cruzada concebido para ser utilizado com os \u00f3culos DJI fpv e","og_url":"https:\/\/iha-race.com\/pt-pt\/produto\/antena-set-x-for-dji-fpv\/","og_site_name":"Iha Race","article_modified_time":"2024-08-29T09:59:05+00:00","og_image":[{"width":1000,"height":999,"url":"https:\/\/iha-race.com\/wp-content\/uploads\/2022\/11\/xkitdone1000-1.jpg","type":"image\/jpeg"}],"twitter_card":"summary_large_image","twitter_misc":{"Tempo estimado de leitura":"1 minuto"},"schema":{"@context":"https:\/\/schema.org","@graph":[{"@type":"WebPage","@id":"https:\/\/iha-race.com\/pt-pt\/produto\/antena-set-x-for-dji-fpv\/","url":"https:\/\/iha-race.com\/pt-pt\/produto\/antena-set-x-for-dji-fpv\/","name":"CONJUNTO DE ANTENAS \"X\" PARA DJI FPV - Iha Race","isPartOf":{"@id":"https:\/\/iha-race.com\/pt-pt\/#website"},"primaryImageOfPage":{"@id":"https:\/\/iha-race.com\/pt-pt\/produto\/antena-set-x-for-dji-fpv\/#primaryimage"},"image":{"@id":"https:\/\/iha-race.com\/pt-pt\/produto\/antena-set-x-for-dji-fpv\/#primaryimage"},"thumbnailUrl":"https:\/\/iha-race.com\/wp-content\/uploads\/2022\/11\/xkitdone1000-1.jpg","datePublished":"2022-11-08T09:39:37+00:00","dateModified":"2024-08-29T09:59:05+00:00","breadcrumb":{"@id":"https:\/\/iha-race.com\/pt-pt\/produto\/antena-set-x-for-dji-fpv\/#breadcrumb"},"inLanguage":"pt-PT","potentialAction":[{"@type":"ReadAction","target":["https:\/\/iha-race.com\/pt-pt\/produto\/antena-set-x-for-dji-fpv\/"]}]},{"@type":"ImageObject","inLanguage":"pt-PT","@id":"https:\/\/iha-race.com\/pt-pt\/produto\/antena-set-x-for-dji-fpv\/#primaryimage","url":"https:\/\/iha-race.com\/wp-content\/uploads\/2022\/11\/xkitdone1000-1.jpg","contentUrl":"https:\/\/iha-race.com\/wp-content\/uploads\/2022\/11\/xkitdone1000-1.jpg","width":1000,"height":999,"caption":"Comprar CONJUNTO DE ANTENAS \u201cX\u201d PARA DJI FPV"},{"@type":"BreadcrumbList","@id":"https:\/\/iha-race.com\/pt-pt\/produto\/antena-set-x-for-dji-fpv\/#breadcrumb","itemListElement":[{"@type":"ListItem","position":1,"name":"Portada","item":"https:\/\/iha-race.com\/pt-pt\/elementor-499\/"},{"@type":"ListItem","position":2,"name":"Shop","item":"https:\/\/iha-race.com\/pt-pt\/shop\/"},{"@type":"ListItem","position":3,"name":"CONJUNTO DE ANTENAS &#8220;X&#8221; PARA DJI FPV"}]},{"@type":"WebSite","@id":"https:\/\/iha-race.com\/pt-pt\/#website","url":"https:\/\/iha-race.com\/pt-pt\/","name":"Iha Race","description":"Comprar drones de carreras FPV env\u00edos en un d\u00eda desde Espa\u00f1a","publisher":{"@id":"https:\/\/iha-race.com\/pt-pt\/#organization"},"potentialAction":[{"@type":"SearchAction","target":{"@type":"EntryPoint","urlTemplate":"https:\/\/iha-race.com\/pt-pt\/?s={search_term_string}"},"query-input":{"@type":"PropertyValueSpecification","valueRequired":true,"valueName":"search_term_string"}}],"inLanguage":"pt-PT"},{"@type":"Organization","@id":"https:\/\/iha-race.com\/pt-pt\/#organization","name":"Iha Race","url":"https:\/\/iha-race.com\/pt-pt\/","logo":{"@type":"ImageObject","inLanguage":"pt-PT","@id":"https:\/\/iha-race.com\/pt-pt\/#\/schema\/logo\/image\/","url":"https:\/\/iha-race.com\/wp-content\/uploads\/2018\/07\/iha-race-drones-de-carreras-tienda-comprar-drones.png","contentUrl":"https:\/\/iha-race.com\/wp-content\/uploads\/2018\/07\/iha-race-drones-de-carreras-tienda-comprar-drones.png","width":300,"height":100,"caption":"Iha Race"},"image":{"@id":"https:\/\/iha-race.com\/pt-pt\/#\/schema\/logo\/image\/"}}]}},"jetpack_sharing_enabled":true,"brands":[],"_links":{"self":[{"href":"https:\/\/iha-race.com\/pt-pt\/wp-json\/wp\/v2\/product\/211571","targetHints":{"allow":["GET"]}}],"collection":[{"href":"https:\/\/iha-race.com\/pt-pt\/wp-json\/wp\/v2\/product"}],"about":[{"href":"https:\/\/iha-race.com\/pt-pt\/wp-json\/wp\/v2\/types\/product"}],"replies":[{"embeddable":true,"href":"https:\/\/iha-race.com\/pt-pt\/wp-json\/wp\/v2\/comments?post=211571"}],"version-history":[{"count":2,"href":"https:\/\/iha-race.com\/pt-pt\/wp-json\/wp\/v2\/product\/211571\/revisions"}],"predecessor-version":[{"id":248976,"href":"https:\/\/iha-race.com\/pt-pt\/wp-json\/wp\/v2\/product\/211571\/revisions\/248976"}],"wp:featuredmedia":[{"embeddable":true,"href":"https:\/\/iha-race.com\/pt-pt\/wp-json\/wp\/v2\/media\/211564"}],"wp:attachment":[{"href":"https:\/\/iha-race.com\/pt-pt\/wp-json\/wp\/v2\/media?parent=211571"}],"wp:term":[{"taxonomy":"pwb-brand","embeddable":true,"href":"https:\/\/iha-race.com\/pt-pt\/wp-json\/wp\/v2\/pwb-brand?post=211571"},{"taxonomy":"product_cat","embeddable":true,"href":"https:\/\/iha-race.com\/pt-pt\/wp-json\/wp\/v2\/product_cat?post=211571"},{"taxonomy":"product_tag","embeddable":true,"href":"https:\/\/iha-race.com\/pt-pt\/wp-json\/wp\/v2\/product_tag?post=211571"}],"curies":[{"name":"wp","href":"https:\/\/api.w.org\/{rel}","templated":true}]}}