{"id":211536,"date":"2022-11-08T10:05:27","date_gmt":"2022-11-08T09:05:27","guid":{"rendered":"https:\/\/iha-race.com\/producto\/truel-mox-868-sma-rpsma-truerc-antena-truel-mox\/"},"modified":"2024-08-29T11:58:45","modified_gmt":"2024-08-29T09:58:45","slug":"antena-truerc-truel-mox-868-sma-rpsma","status":"publish","type":"product","link":"https:\/\/iha-race.com\/pt-pt\/produto\/antena-truerc-truel-mox-868-sma-rpsma\/","title":{"rendered":"TRUEL-MOX 868 SMA\/RPSMA TrueRC Antena TRUEL-MOX"},"content":{"rendered":"<h2><span data-sheets-value=\"{\"1\":2,\"2\":\"Antena TrueRC TRUEL-MOX 868 SMA\/RPSMA\"}\" data-sheets-userformat=\"{\"2\":513,\"3\":{\"1\":0},\"12\":0}\">TRUEL-MOX 868 SMA\/RPSMA TrueRC Antena TRUEL-MOX<\/span><\/h2>\n<p>  O True-MoX 868 \u00e9 a nossa revis\u00e3o do moxon utilizando as mais recentes ferramentas de simula\u00e7\u00e3o electromagn\u00e9tica 3D e material PCB com classifica\u00e7\u00e3o RF. As interac\u00e7\u00f5es com o r\u00e1dio ou com o corpo do piloto s\u00e3o mantidas a quase zero gra\u00e7as ao nosso desenho com patente pendente. Ideal para fogo cruzado de TBS. Note-se que isto n\u00e3o \u00e9 um remendo, n\u00e3o apontar a parte plana para o alvo. Apontar a extremidade longa do painel branco para a \u00e1rea de voo pretendida. O facto de ter o bordo vertical longo produz uma polariza\u00e7\u00e3o vertical  <\/p>\n<h3>Especifica\u00e7\u00f5es<\/h3>\n<ul>\n<li>Frequ\u00eancias: 850-890MHz<\/li>\n<li>Ganho: 5.4dBi<\/li>\n<li>Largura de feixe*: 156 graus<\/li>\n<li>Largura de feixe @-3dB**: 133 graus<\/li>\n<li>Conector: SMA<\/li>\n<li>Dimens\u00f5es: 109 mm x 165 mm<\/li>\n<\/ul>\n<p><em>*Cobertura onde a recep\u00e7\u00e3o \u00e9 pelo menos equivalente a omnidireccional.<\/em><br \/>\n<em>**Cobertura onde pelo menos 70% da gama m\u00e1xima \u00e9 obtida.<\/em><\/p>\n<h3>O pacote inclui<\/h3>\n<ul>\n<li>1 x antena TRUEL-MOX 868 SMA\/RPSMA TrueRC TRUEL-MOX<\/li>\n<\/ul>\n","protected":false},"excerpt":{"rendered":"<p>TRUEL-MOX 868 SMA\/RPSMA TrueRC Antena TRUEL-MOX O True-MoX 868 \u00e9 a nossa revis\u00e3o do moxon utilizando as mais recentes ferramentas de simula\u00e7\u00e3o electromagn\u00e9tica 3D e material PCB com classifica\u00e7\u00e3o RF.<\/p>\n","protected":false},"featured_media":211525,"comment_status":"open","ping_status":"closed","template":"","meta":{"_joinchat":[]},"pwb-brand":[],"product_cat":[2438,58],"product_tag":[],"class_list":{"0":"post-211536","1":"product","2":"type-product","3":"status-publish","4":"has-post-thumbnail","6":"product_cat-antenas-tx-y-rx","7":"product_cat-emisoras","9":"first","10":"instock","11":"taxable","12":"shipping-taxable","13":"purchasable","14":"product-type-variable"},"barcode":null,"atum_controlled":true,"out_stock_date":null,"out_stock_threshold":null,"inheritable":true,"stock_on_hold":0,"sold_today":0,"sales_last_days":1,"out_stock_days":0,"lost_sales":0,"update_date":"2026-04-16T08:17:35","atum_locations":[],"atum_stock_status":"instock","restock_status":false,"low_stock_amount":"","sales_update_date":"2026-04-16T08:17:35","calc_backorders":null,"yoast_head":"<!-- This site is optimized with the Yoast SEO plugin v27.3 - https:\/\/yoast.com\/product\/yoast-seo-wordpress\/ -->\n<title>TRUEL-MOX 868 SMA\/RPSMA TrueRC Antena TRUEL-MOX - Iha Race<\/title>\n<meta name=\"robots\" content=\"index, follow, max-snippet:-1, max-image-preview:large, max-video-preview:-1\" \/>\n<link rel=\"canonical\" href=\"https:\/\/iha-race.com\/pt-pt\/produto\/antena-truerc-truel-mox-868-sma-rpsma\/\" \/>\n<meta property=\"og:locale\" content=\"pt_PT\" \/>\n<meta property=\"og:type\" content=\"article\" \/>\n<meta property=\"og:title\" content=\"TRUEL-MOX 868 SMA\/RPSMA TrueRC Antena TRUEL-MOX - Iha Race\" \/>\n<meta property=\"og:description\" content=\"TRUEL-MOX 868 SMA\/RPSMA TrueRC Antena TRUEL-MOX O True-MoX 868 \u00e9 a nossa revis\u00e3o do moxon utilizando as mais recentes ferramentas de simula\u00e7\u00e3o electromagn\u00e9tica 3D e material PCB com classifica\u00e7\u00e3o RF.\" \/>\n<meta property=\"og:url\" content=\"https:\/\/iha-race.com\/pt-pt\/produto\/antena-truerc-truel-mox-868-sma-rpsma\/\" \/>\n<meta property=\"og:site_name\" content=\"Iha Race\" \/>\n<meta property=\"article:modified_time\" content=\"2024-08-29T09:58:45+00:00\" \/>\n<meta property=\"og:image\" content=\"https:\/\/iha-race.com\/wp-content\/uploads\/2022\/11\/truerc-true-mox-868-antenna.jpeg\" \/>\n\t<meta property=\"og:image:width\" content=\"800\" \/>\n\t<meta property=\"og:image:height\" content=\"800\" \/>\n\t<meta property=\"og:image:type\" content=\"image\/jpeg\" \/>\n<meta name=\"twitter:card\" content=\"summary_large_image\" \/>\n<meta name=\"twitter:label1\" content=\"Tempo estimado de leitura\" \/>\n\t<meta name=\"twitter:data1\" content=\"1 minuto\" \/>\n<script type=\"application\/ld+json\" class=\"yoast-schema-graph\">{\"@context\":\"https:\\\/\\\/schema.org\",\"@graph\":[{\"@type\":\"WebPage\",\"@id\":\"https:\\\/\\\/iha-race.com\\\/pt-pt\\\/produto\\\/antena-truerc-truel-mox-868-sma-rpsma\\\/\",\"url\":\"https:\\\/\\\/iha-race.com\\\/pt-pt\\\/produto\\\/antena-truerc-truel-mox-868-sma-rpsma\\\/\",\"name\":\"TRUEL-MOX 868 SMA\\\/RPSMA TrueRC Antena TRUEL-MOX - Iha Race\",\"isPartOf\":{\"@id\":\"https:\\\/\\\/iha-race.com\\\/pt-pt\\\/#website\"},\"primaryImageOfPage\":{\"@id\":\"https:\\\/\\\/iha-race.com\\\/pt-pt\\\/produto\\\/antena-truerc-truel-mox-868-sma-rpsma\\\/#primaryimage\"},\"image\":{\"@id\":\"https:\\\/\\\/iha-race.com\\\/pt-pt\\\/produto\\\/antena-truerc-truel-mox-868-sma-rpsma\\\/#primaryimage\"},\"thumbnailUrl\":\"https:\\\/\\\/iha-race.com\\\/wp-content\\\/uploads\\\/2022\\\/11\\\/truerc-true-mox-868-antenna.jpeg\",\"datePublished\":\"2022-11-08T09:05:27+00:00\",\"dateModified\":\"2024-08-29T09:58:45+00:00\",\"breadcrumb\":{\"@id\":\"https:\\\/\\\/iha-race.com\\\/pt-pt\\\/produto\\\/antena-truerc-truel-mox-868-sma-rpsma\\\/#breadcrumb\"},\"inLanguage\":\"pt-PT\",\"potentialAction\":[{\"@type\":\"ReadAction\",\"target\":[\"https:\\\/\\\/iha-race.com\\\/pt-pt\\\/produto\\\/antena-truerc-truel-mox-868-sma-rpsma\\\/\"]}]},{\"@type\":\"ImageObject\",\"inLanguage\":\"pt-PT\",\"@id\":\"https:\\\/\\\/iha-race.com\\\/pt-pt\\\/produto\\\/antena-truerc-truel-mox-868-sma-rpsma\\\/#primaryimage\",\"url\":\"https:\\\/\\\/iha-race.com\\\/wp-content\\\/uploads\\\/2022\\\/11\\\/truerc-true-mox-868-antenna.jpeg\",\"contentUrl\":\"https:\\\/\\\/iha-race.com\\\/wp-content\\\/uploads\\\/2022\\\/11\\\/truerc-true-mox-868-antenna.jpeg\",\"width\":800,\"height\":800,\"caption\":\"Comprar Antena TrueRC TRUEL-MOX 868 SMA\\\/RPSMA\"},{\"@type\":\"BreadcrumbList\",\"@id\":\"https:\\\/\\\/iha-race.com\\\/pt-pt\\\/produto\\\/antena-truerc-truel-mox-868-sma-rpsma\\\/#breadcrumb\",\"itemListElement\":[{\"@type\":\"ListItem\",\"position\":1,\"name\":\"Portada\",\"item\":\"https:\\\/\\\/iha-race.com\\\/pt-pt\\\/elementor-499\\\/\"},{\"@type\":\"ListItem\",\"position\":2,\"name\":\"Shop\",\"item\":\"https:\\\/\\\/iha-race.com\\\/pt-pt\\\/shop\\\/\"},{\"@type\":\"ListItem\",\"position\":3,\"name\":\"TRUEL-MOX 868 SMA\\\/RPSMA TrueRC Antena TRUEL-MOX\"}]},{\"@type\":\"WebSite\",\"@id\":\"https:\\\/\\\/iha-race.com\\\/pt-pt\\\/#website\",\"url\":\"https:\\\/\\\/iha-race.com\\\/pt-pt\\\/\",\"name\":\"Iha Race\",\"description\":\"Comprar drones de carreras FPV env\u00edos en un d\u00eda desde Espa\u00f1a\",\"publisher\":{\"@id\":\"https:\\\/\\\/iha-race.com\\\/pt-pt\\\/#organization\"},\"potentialAction\":[{\"@type\":\"SearchAction\",\"target\":{\"@type\":\"EntryPoint\",\"urlTemplate\":\"https:\\\/\\\/iha-race.com\\\/pt-pt\\\/?s={search_term_string}\"},\"query-input\":{\"@type\":\"PropertyValueSpecification\",\"valueRequired\":true,\"valueName\":\"search_term_string\"}}],\"inLanguage\":\"pt-PT\"},{\"@type\":\"Organization\",\"@id\":\"https:\\\/\\\/iha-race.com\\\/pt-pt\\\/#organization\",\"name\":\"Iha Race\",\"url\":\"https:\\\/\\\/iha-race.com\\\/pt-pt\\\/\",\"logo\":{\"@type\":\"ImageObject\",\"inLanguage\":\"pt-PT\",\"@id\":\"https:\\\/\\\/iha-race.com\\\/pt-pt\\\/#\\\/schema\\\/logo\\\/image\\\/\",\"url\":\"https:\\\/\\\/iha-race.com\\\/wp-content\\\/uploads\\\/2018\\\/07\\\/iha-race-drones-de-carreras-tienda-comprar-drones.png\",\"contentUrl\":\"https:\\\/\\\/iha-race.com\\\/wp-content\\\/uploads\\\/2018\\\/07\\\/iha-race-drones-de-carreras-tienda-comprar-drones.png\",\"width\":300,\"height\":100,\"caption\":\"Iha Race\"},\"image\":{\"@id\":\"https:\\\/\\\/iha-race.com\\\/pt-pt\\\/#\\\/schema\\\/logo\\\/image\\\/\"}}]}<\/script>\n<!-- \/ Yoast SEO plugin. -->","yoast_head_json":{"title":"TRUEL-MOX 868 SMA\/RPSMA TrueRC Antena TRUEL-MOX - Iha Race","robots":{"index":"index","follow":"follow","max-snippet":"max-snippet:-1","max-image-preview":"max-image-preview:large","max-video-preview":"max-video-preview:-1"},"canonical":"https:\/\/iha-race.com\/pt-pt\/produto\/antena-truerc-truel-mox-868-sma-rpsma\/","og_locale":"pt_PT","og_type":"article","og_title":"TRUEL-MOX 868 SMA\/RPSMA TrueRC Antena TRUEL-MOX - Iha Race","og_description":"TRUEL-MOX 868 SMA\/RPSMA TrueRC Antena TRUEL-MOX O True-MoX 868 \u00e9 a nossa revis\u00e3o do moxon utilizando as mais recentes ferramentas de simula\u00e7\u00e3o electromagn\u00e9tica 3D e material PCB com classifica\u00e7\u00e3o RF.","og_url":"https:\/\/iha-race.com\/pt-pt\/produto\/antena-truerc-truel-mox-868-sma-rpsma\/","og_site_name":"Iha Race","article_modified_time":"2024-08-29T09:58:45+00:00","og_image":[{"width":800,"height":800,"url":"https:\/\/iha-race.com\/wp-content\/uploads\/2022\/11\/truerc-true-mox-868-antenna.jpeg","type":"image\/jpeg"}],"twitter_card":"summary_large_image","twitter_misc":{"Tempo estimado de leitura":"1 minuto"},"schema":{"@context":"https:\/\/schema.org","@graph":[{"@type":"WebPage","@id":"https:\/\/iha-race.com\/pt-pt\/produto\/antena-truerc-truel-mox-868-sma-rpsma\/","url":"https:\/\/iha-race.com\/pt-pt\/produto\/antena-truerc-truel-mox-868-sma-rpsma\/","name":"TRUEL-MOX 868 SMA\/RPSMA TrueRC Antena TRUEL-MOX - Iha Race","isPartOf":{"@id":"https:\/\/iha-race.com\/pt-pt\/#website"},"primaryImageOfPage":{"@id":"https:\/\/iha-race.com\/pt-pt\/produto\/antena-truerc-truel-mox-868-sma-rpsma\/#primaryimage"},"image":{"@id":"https:\/\/iha-race.com\/pt-pt\/produto\/antena-truerc-truel-mox-868-sma-rpsma\/#primaryimage"},"thumbnailUrl":"https:\/\/iha-race.com\/wp-content\/uploads\/2022\/11\/truerc-true-mox-868-antenna.jpeg","datePublished":"2022-11-08T09:05:27+00:00","dateModified":"2024-08-29T09:58:45+00:00","breadcrumb":{"@id":"https:\/\/iha-race.com\/pt-pt\/produto\/antena-truerc-truel-mox-868-sma-rpsma\/#breadcrumb"},"inLanguage":"pt-PT","potentialAction":[{"@type":"ReadAction","target":["https:\/\/iha-race.com\/pt-pt\/produto\/antena-truerc-truel-mox-868-sma-rpsma\/"]}]},{"@type":"ImageObject","inLanguage":"pt-PT","@id":"https:\/\/iha-race.com\/pt-pt\/produto\/antena-truerc-truel-mox-868-sma-rpsma\/#primaryimage","url":"https:\/\/iha-race.com\/wp-content\/uploads\/2022\/11\/truerc-true-mox-868-antenna.jpeg","contentUrl":"https:\/\/iha-race.com\/wp-content\/uploads\/2022\/11\/truerc-true-mox-868-antenna.jpeg","width":800,"height":800,"caption":"Comprar Antena TrueRC TRUEL-MOX 868 SMA\/RPSMA"},{"@type":"BreadcrumbList","@id":"https:\/\/iha-race.com\/pt-pt\/produto\/antena-truerc-truel-mox-868-sma-rpsma\/#breadcrumb","itemListElement":[{"@type":"ListItem","position":1,"name":"Portada","item":"https:\/\/iha-race.com\/pt-pt\/elementor-499\/"},{"@type":"ListItem","position":2,"name":"Shop","item":"https:\/\/iha-race.com\/pt-pt\/shop\/"},{"@type":"ListItem","position":3,"name":"TRUEL-MOX 868 SMA\/RPSMA TrueRC Antena TRUEL-MOX"}]},{"@type":"WebSite","@id":"https:\/\/iha-race.com\/pt-pt\/#website","url":"https:\/\/iha-race.com\/pt-pt\/","name":"Iha Race","description":"Comprar drones de carreras FPV env\u00edos en un d\u00eda desde Espa\u00f1a","publisher":{"@id":"https:\/\/iha-race.com\/pt-pt\/#organization"},"potentialAction":[{"@type":"SearchAction","target":{"@type":"EntryPoint","urlTemplate":"https:\/\/iha-race.com\/pt-pt\/?s={search_term_string}"},"query-input":{"@type":"PropertyValueSpecification","valueRequired":true,"valueName":"search_term_string"}}],"inLanguage":"pt-PT"},{"@type":"Organization","@id":"https:\/\/iha-race.com\/pt-pt\/#organization","name":"Iha Race","url":"https:\/\/iha-race.com\/pt-pt\/","logo":{"@type":"ImageObject","inLanguage":"pt-PT","@id":"https:\/\/iha-race.com\/pt-pt\/#\/schema\/logo\/image\/","url":"https:\/\/iha-race.com\/wp-content\/uploads\/2018\/07\/iha-race-drones-de-carreras-tienda-comprar-drones.png","contentUrl":"https:\/\/iha-race.com\/wp-content\/uploads\/2018\/07\/iha-race-drones-de-carreras-tienda-comprar-drones.png","width":300,"height":100,"caption":"Iha Race"},"image":{"@id":"https:\/\/iha-race.com\/pt-pt\/#\/schema\/logo\/image\/"}}]}},"jetpack_sharing_enabled":true,"brands":[],"_links":{"self":[{"href":"https:\/\/iha-race.com\/pt-pt\/wp-json\/wp\/v2\/product\/211536","targetHints":{"allow":["GET"]}}],"collection":[{"href":"https:\/\/iha-race.com\/pt-pt\/wp-json\/wp\/v2\/product"}],"about":[{"href":"https:\/\/iha-race.com\/pt-pt\/wp-json\/wp\/v2\/types\/product"}],"replies":[{"embeddable":true,"href":"https:\/\/iha-race.com\/pt-pt\/wp-json\/wp\/v2\/comments?post=211536"}],"version-history":[{"count":2,"href":"https:\/\/iha-race.com\/pt-pt\/wp-json\/wp\/v2\/product\/211536\/revisions"}],"predecessor-version":[{"id":248963,"href":"https:\/\/iha-race.com\/pt-pt\/wp-json\/wp\/v2\/product\/211536\/revisions\/248963"}],"wp:featuredmedia":[{"embeddable":true,"href":"https:\/\/iha-race.com\/pt-pt\/wp-json\/wp\/v2\/media\/211525"}],"wp:attachment":[{"href":"https:\/\/iha-race.com\/pt-pt\/wp-json\/wp\/v2\/media?parent=211536"}],"wp:term":[{"taxonomy":"pwb-brand","embeddable":true,"href":"https:\/\/iha-race.com\/pt-pt\/wp-json\/wp\/v2\/pwb-brand?post=211536"},{"taxonomy":"product_cat","embeddable":true,"href":"https:\/\/iha-race.com\/pt-pt\/wp-json\/wp\/v2\/product_cat?post=211536"},{"taxonomy":"product_tag","embeddable":true,"href":"https:\/\/iha-race.com\/pt-pt\/wp-json\/wp\/v2\/product_tag?post=211536"}],"curies":[{"name":"wp","href":"https:\/\/api.w.org\/{rel}","templated":true}]}}