{"id":211382,"date":"2022-10-25T11:54:20","date_gmt":"2022-10-25T09:54:20","guid":{"rendered":"https:\/\/iha-race.com\/producto\/foxeer-oreo-9-5dbi-high-gain-patch-sma-rpsma\/"},"modified":"2026-05-13T09:26:38","modified_gmt":"2026-05-13T07:26:38","slug":"foxeer-oreo-9-5dbi-high-wgain-sma-rpsma-patch","status":"publish","type":"product","link":"https:\/\/iha-race.com\/pt-pt\/produto\/foxeer-oreo-9-5dbi-high-wgain-sma-rpsma-patch\/","title":{"rendered":"Foxeer Oreo 9.5dBi High Gain Patch SMA\/RPSMA"},"content":{"rendered":"<h2>Foxeer Oreo 9.5dBi High Gain Patch SMA\/RPSMA<\/h2>\n<p><img decoding=\"async\" src=\"https:\/\/inew.foxeer.com\/upload\/image\/20210321\/20210321225118_64060.jpg\" alt=\"\"><\/p>\n<p><img decoding=\"async\" src=\"https:\/\/inew.foxeer.com\/upload\/image\/20210321\/20210321225139_58577.jpg\" alt=\"\"><\/p>\n<p><img decoding=\"async\" src=\"https:\/\/inew.foxeer.com\/upload\/image\/20210331\/20210331202220_27836.jpg\" alt=\"\"><\/p>\n<p><img decoding=\"async\" src=\"https:\/\/inew.foxeer.com\/upload\/image\/20210321\/20210321225255_50579.jpg\" alt=\"\"><\/p>\n<h2>Especifica\u00e7\u00f5es<\/h2>\n<p>&nbsp;<\/p>\n<p><img fetchpriority=\"high\" decoding=\"async\" class=\"wp-image-210803 size-full alignleft\" src=\"https:\/\/iha-race.com\/wp-content\/uploads\/2022\/10\/Captura-de-Pantalla-2022-10-25-a-las-11.48.03.png\" alt=\"\" width=\"1111\" height=\"668\" srcset=\"https:\/\/iha-race.com\/wp-content\/uploads\/2022\/10\/Captura-de-Pantalla-2022-10-25-a-las-11.48.03.png 1111w, https:\/\/iha-race.com\/wp-content\/uploads\/2022\/10\/Captura-de-Pantalla-2022-10-25-a-las-11.48.03-150x90.png 150w, https:\/\/iha-race.com\/wp-content\/uploads\/2022\/10\/Captura-de-Pantalla-2022-10-25-a-las-11.48.03-600x361.png 600w, https:\/\/iha-race.com\/wp-content\/uploads\/2022\/10\/Captura-de-Pantalla-2022-10-25-a-las-11.48.03-300x180.png 300w, https:\/\/iha-race.com\/wp-content\/uploads\/2022\/10\/Captura-de-Pantalla-2022-10-25-a-las-11.48.03-1024x616.png 1024w, https:\/\/iha-race.com\/wp-content\/uploads\/2022\/10\/Captura-de-Pantalla-2022-10-25-a-las-11.48.03-767x461.png 767w, https:\/\/iha-race.com\/wp-content\/uploads\/2022\/10\/Captura-de-Pantalla-2022-10-25-a-las-11.48.03-1536x924.png 1536w, https:\/\/iha-race.com\/wp-content\/uploads\/2022\/10\/Captura-de-Pantalla-2022-10-25-a-las-11.48.03-2048x1231.png 2048w, https:\/\/iha-race.com\/wp-content\/uploads\/2022\/10\/Captura-de-Pantalla-2022-10-25-a-las-11.48.03-249x150.png 249w, https:\/\/iha-race.com\/wp-content\/uploads\/2022\/10\/Captura-de-Pantalla-2022-10-25-a-las-11.48.03-100x60.png 100w, https:\/\/iha-race.com\/wp-content\/uploads\/2022\/10\/Captura-de-Pantalla-2022-10-25-a-las-11.48.03-582x350.png 582w, https:\/\/iha-race.com\/wp-content\/uploads\/2022\/10\/Captura-de-Pantalla-2022-10-25-a-las-11.48.03-788x473.png 788w\" sizes=\"(max-width: 1111px) 100vw, 1111px\" \/><\/p>\n<p>&nbsp;<\/p>\n<p>&nbsp;<\/p>\n<p>&nbsp;<\/p>\n<p>&nbsp;<\/p>\n<p>&nbsp;<\/p>\n<p>&nbsp;<\/p>\n<p>&nbsp;<\/p>\n<p>&nbsp;<\/p>\n<p>&nbsp;<\/p>\n<p>&nbsp;<\/p>\n<p>&nbsp;<\/p>\n<p>&nbsp;<\/p>\n<p>&nbsp;<\/p>\n<p>&nbsp;<\/p>\n<p>&nbsp;<\/p>\n<p>&nbsp;<\/p>\n<p>&nbsp;<\/p>\n<h2>O pacote inclui:<\/h2>\n<ul>\n<li>1 x Foxeer Oreo 9.5dBi High Gain Patch SMA\/RPSMA<\/li>\n<li>1 x adaptador de 45\u00b0<\/li>\n<li>1 x anel de bloqueio TPU<\/li>\n<\/ul>\n","protected":false},"excerpt":{"rendered":"<p>Foxeer Oreo 9.5dBi High Gain Patch SMA\/RPSMA Especifica\u00e7\u00f5es &nbsp; &nbsp; &nbsp; &nbsp; &nbsp; &nbsp; &nbsp; &nbsp; &nbsp; &nbsp; &nbsp; &nbsp; &nbsp; &nbsp; &nbsp; &nbsp; &nbsp; &nbsp; O pacote inclui: 1<\/p>\n","protected":false},"featured_media":210810,"comment_status":"open","ping_status":"closed","template":"","meta":{"_joinchat":[]},"pwb-brand":[],"product_cat":[43],"product_tag":[],"class_list":{"0":"post-211382","1":"product","2":"type-product","3":"status-publish","4":"has-post-thumbnail","6":"product_cat-antenas","8":"first","9":"instock","10":"taxable","11":"shipping-taxable","12":"purchasable","13":"product-type-simple"},"barcode":null,"atum_controlled":true,"out_stock_date":null,"out_stock_threshold":null,"inheritable":false,"stock_on_hold":0,"sold_today":0,"sales_last_days":1,"out_stock_days":0,"lost_sales":0,"update_date":"2026-05-13T14:08:34","atum_locations":[],"atum_stock_status":"instock","restock_status":true,"low_stock_amount":"","sales_update_date":"2026-05-13T14:08:34","calc_backorders":null,"yoast_head":"<!-- This site is optimized with the Yoast SEO plugin v27.3 - https:\/\/yoast.com\/product\/yoast-seo-wordpress\/ -->\n<title>Foxeer Oreo 9.5dBi High Gain Patch SMA\/RPSMA - Iha Race<\/title>\n<meta name=\"robots\" content=\"index, follow, max-snippet:-1, max-image-preview:large, max-video-preview:-1\" \/>\n<link rel=\"canonical\" href=\"https:\/\/iha-race.com\/pt-pt\/produto\/foxeer-oreo-9-5dbi-high-wgain-sma-rpsma-patch\/\" \/>\n<meta property=\"og:locale\" content=\"pt_PT\" \/>\n<meta property=\"og:type\" content=\"article\" \/>\n<meta property=\"og:title\" content=\"Foxeer Oreo 9.5dBi High Gain Patch SMA\/RPSMA - Iha Race\" \/>\n<meta property=\"og:description\" content=\"Foxeer Oreo 9.5dBi High Gain Patch SMA\/RPSMA Especifica\u00e7\u00f5es &nbsp; &nbsp; &nbsp; &nbsp; &nbsp; &nbsp; &nbsp; &nbsp; &nbsp; &nbsp; &nbsp; &nbsp; &nbsp; &nbsp; &nbsp; &nbsp; &nbsp; &nbsp; O pacote inclui: 1\" \/>\n<meta property=\"og:url\" content=\"https:\/\/iha-race.com\/pt-pt\/produto\/foxeer-oreo-9-5dbi-high-wgain-sma-rpsma-patch\/\" \/>\n<meta property=\"og:site_name\" content=\"Iha Race\" \/>\n<meta property=\"article:modified_time\" content=\"2026-05-13T07:26:38+00:00\" \/>\n<meta property=\"og:image\" content=\"https:\/\/iha-race.com\/wp-content\/uploads\/2022\/10\/11-48-38-60581396d5ac2.images.800x800.jpg\" \/>\n\t<meta property=\"og:image:width\" content=\"800\" \/>\n\t<meta property=\"og:image:height\" content=\"800\" \/>\n\t<meta property=\"og:image:type\" content=\"image\/jpeg\" \/>\n<meta name=\"twitter:card\" content=\"summary_large_image\" \/>\n<script type=\"application\/ld+json\" class=\"yoast-schema-graph\">{\"@context\":\"https:\\\/\\\/schema.org\",\"@graph\":[{\"@type\":\"WebPage\",\"@id\":\"https:\\\/\\\/iha-race.com\\\/pt-pt\\\/produto\\\/foxeer-oreo-9-5dbi-high-wgain-sma-rpsma-patch\\\/\",\"url\":\"https:\\\/\\\/iha-race.com\\\/pt-pt\\\/produto\\\/foxeer-oreo-9-5dbi-high-wgain-sma-rpsma-patch\\\/\",\"name\":\"Foxeer Oreo 9.5dBi High Gain Patch SMA\\\/RPSMA - Iha Race\",\"isPartOf\":{\"@id\":\"https:\\\/\\\/iha-race.com\\\/pt-pt\\\/#website\"},\"primaryImageOfPage\":{\"@id\":\"https:\\\/\\\/iha-race.com\\\/pt-pt\\\/produto\\\/foxeer-oreo-9-5dbi-high-wgain-sma-rpsma-patch\\\/#primaryimage\"},\"image\":{\"@id\":\"https:\\\/\\\/iha-race.com\\\/pt-pt\\\/produto\\\/foxeer-oreo-9-5dbi-high-wgain-sma-rpsma-patch\\\/#primaryimage\"},\"thumbnailUrl\":\"https:\\\/\\\/iha-race.com\\\/wp-content\\\/uploads\\\/2022\\\/10\\\/11-48-38-60581396d5ac2.images.800x800.jpg\",\"datePublished\":\"2022-10-25T09:54:20+00:00\",\"dateModified\":\"2026-05-13T07:26:38+00:00\",\"breadcrumb\":{\"@id\":\"https:\\\/\\\/iha-race.com\\\/pt-pt\\\/produto\\\/foxeer-oreo-9-5dbi-high-wgain-sma-rpsma-patch\\\/#breadcrumb\"},\"inLanguage\":\"pt-PT\",\"potentialAction\":[{\"@type\":\"ReadAction\",\"target\":[\"https:\\\/\\\/iha-race.com\\\/pt-pt\\\/produto\\\/foxeer-oreo-9-5dbi-high-wgain-sma-rpsma-patch\\\/\"]}]},{\"@type\":\"ImageObject\",\"inLanguage\":\"pt-PT\",\"@id\":\"https:\\\/\\\/iha-race.com\\\/pt-pt\\\/produto\\\/foxeer-oreo-9-5dbi-high-wgain-sma-rpsma-patch\\\/#primaryimage\",\"url\":\"https:\\\/\\\/iha-race.com\\\/wp-content\\\/uploads\\\/2022\\\/10\\\/11-48-38-60581396d5ac2.images.800x800.jpg\",\"contentUrl\":\"https:\\\/\\\/iha-race.com\\\/wp-content\\\/uploads\\\/2022\\\/10\\\/11-48-38-60581396d5ac2.images.800x800.jpg\",\"width\":800,\"height\":800,\"caption\":\"Comprar Foxeer Oreo 9.5dBi Parche de Alta Ganancia SMA\\\/RPSMA\"},{\"@type\":\"BreadcrumbList\",\"@id\":\"https:\\\/\\\/iha-race.com\\\/pt-pt\\\/produto\\\/foxeer-oreo-9-5dbi-high-wgain-sma-rpsma-patch\\\/#breadcrumb\",\"itemListElement\":[{\"@type\":\"ListItem\",\"position\":1,\"name\":\"Portada\",\"item\":\"https:\\\/\\\/iha-race.com\\\/pt-pt\\\/\"},{\"@type\":\"ListItem\",\"position\":2,\"name\":\"Shop\",\"item\":\"https:\\\/\\\/iha-race.com\\\/pt-pt\\\/shop\\\/\"},{\"@type\":\"ListItem\",\"position\":3,\"name\":\"Foxeer Oreo 9.5dBi High Gain Patch SMA\\\/RPSMA\"}]},{\"@type\":\"WebSite\",\"@id\":\"https:\\\/\\\/iha-race.com\\\/pt-pt\\\/#website\",\"url\":\"https:\\\/\\\/iha-race.com\\\/pt-pt\\\/\",\"name\":\"Iha Race\",\"description\":\"Comprar drones de carreras FPV env\u00edos en un d\u00eda desde Espa\u00f1a\",\"publisher\":{\"@id\":\"https:\\\/\\\/iha-race.com\\\/pt-pt\\\/#organization\"},\"potentialAction\":[{\"@type\":\"SearchAction\",\"target\":{\"@type\":\"EntryPoint\",\"urlTemplate\":\"https:\\\/\\\/iha-race.com\\\/pt-pt\\\/?s={search_term_string}\"},\"query-input\":{\"@type\":\"PropertyValueSpecification\",\"valueRequired\":true,\"valueName\":\"search_term_string\"}}],\"inLanguage\":\"pt-PT\"},{\"@type\":\"Organization\",\"@id\":\"https:\\\/\\\/iha-race.com\\\/pt-pt\\\/#organization\",\"name\":\"Iha Race\",\"url\":\"https:\\\/\\\/iha-race.com\\\/pt-pt\\\/\",\"logo\":{\"@type\":\"ImageObject\",\"inLanguage\":\"pt-PT\",\"@id\":\"https:\\\/\\\/iha-race.com\\\/pt-pt\\\/#\\\/schema\\\/logo\\\/image\\\/\",\"url\":\"https:\\\/\\\/iha-race.com\\\/wp-content\\\/uploads\\\/2018\\\/07\\\/iha-race-drones-de-carreras-tienda-comprar-drones.png\",\"contentUrl\":\"https:\\\/\\\/iha-race.com\\\/wp-content\\\/uploads\\\/2018\\\/07\\\/iha-race-drones-de-carreras-tienda-comprar-drones.png\",\"width\":300,\"height\":100,\"caption\":\"Iha Race\"},\"image\":{\"@id\":\"https:\\\/\\\/iha-race.com\\\/pt-pt\\\/#\\\/schema\\\/logo\\\/image\\\/\"}}]}<\/script>\n<!-- \/ Yoast SEO plugin. -->","yoast_head_json":{"title":"Foxeer Oreo 9.5dBi High Gain Patch SMA\/RPSMA - Iha Race","robots":{"index":"index","follow":"follow","max-snippet":"max-snippet:-1","max-image-preview":"max-image-preview:large","max-video-preview":"max-video-preview:-1"},"canonical":"https:\/\/iha-race.com\/pt-pt\/produto\/foxeer-oreo-9-5dbi-high-wgain-sma-rpsma-patch\/","og_locale":"pt_PT","og_type":"article","og_title":"Foxeer Oreo 9.5dBi High Gain Patch SMA\/RPSMA - Iha Race","og_description":"Foxeer Oreo 9.5dBi High Gain Patch SMA\/RPSMA Especifica\u00e7\u00f5es &nbsp; &nbsp; &nbsp; &nbsp; &nbsp; &nbsp; &nbsp; &nbsp; &nbsp; &nbsp; &nbsp; &nbsp; &nbsp; &nbsp; &nbsp; &nbsp; &nbsp; &nbsp; O pacote inclui: 1","og_url":"https:\/\/iha-race.com\/pt-pt\/produto\/foxeer-oreo-9-5dbi-high-wgain-sma-rpsma-patch\/","og_site_name":"Iha Race","article_modified_time":"2026-05-13T07:26:38+00:00","og_image":[{"width":800,"height":800,"url":"https:\/\/iha-race.com\/wp-content\/uploads\/2022\/10\/11-48-38-60581396d5ac2.images.800x800.jpg","type":"image\/jpeg"}],"twitter_card":"summary_large_image","schema":{"@context":"https:\/\/schema.org","@graph":[{"@type":"WebPage","@id":"https:\/\/iha-race.com\/pt-pt\/produto\/foxeer-oreo-9-5dbi-high-wgain-sma-rpsma-patch\/","url":"https:\/\/iha-race.com\/pt-pt\/produto\/foxeer-oreo-9-5dbi-high-wgain-sma-rpsma-patch\/","name":"Foxeer Oreo 9.5dBi High Gain Patch SMA\/RPSMA - Iha Race","isPartOf":{"@id":"https:\/\/iha-race.com\/pt-pt\/#website"},"primaryImageOfPage":{"@id":"https:\/\/iha-race.com\/pt-pt\/produto\/foxeer-oreo-9-5dbi-high-wgain-sma-rpsma-patch\/#primaryimage"},"image":{"@id":"https:\/\/iha-race.com\/pt-pt\/produto\/foxeer-oreo-9-5dbi-high-wgain-sma-rpsma-patch\/#primaryimage"},"thumbnailUrl":"https:\/\/iha-race.com\/wp-content\/uploads\/2022\/10\/11-48-38-60581396d5ac2.images.800x800.jpg","datePublished":"2022-10-25T09:54:20+00:00","dateModified":"2026-05-13T07:26:38+00:00","breadcrumb":{"@id":"https:\/\/iha-race.com\/pt-pt\/produto\/foxeer-oreo-9-5dbi-high-wgain-sma-rpsma-patch\/#breadcrumb"},"inLanguage":"pt-PT","potentialAction":[{"@type":"ReadAction","target":["https:\/\/iha-race.com\/pt-pt\/produto\/foxeer-oreo-9-5dbi-high-wgain-sma-rpsma-patch\/"]}]},{"@type":"ImageObject","inLanguage":"pt-PT","@id":"https:\/\/iha-race.com\/pt-pt\/produto\/foxeer-oreo-9-5dbi-high-wgain-sma-rpsma-patch\/#primaryimage","url":"https:\/\/iha-race.com\/wp-content\/uploads\/2022\/10\/11-48-38-60581396d5ac2.images.800x800.jpg","contentUrl":"https:\/\/iha-race.com\/wp-content\/uploads\/2022\/10\/11-48-38-60581396d5ac2.images.800x800.jpg","width":800,"height":800,"caption":"Comprar Foxeer Oreo 9.5dBi Parche de Alta Ganancia SMA\/RPSMA"},{"@type":"BreadcrumbList","@id":"https:\/\/iha-race.com\/pt-pt\/produto\/foxeer-oreo-9-5dbi-high-wgain-sma-rpsma-patch\/#breadcrumb","itemListElement":[{"@type":"ListItem","position":1,"name":"Portada","item":"https:\/\/iha-race.com\/pt-pt\/"},{"@type":"ListItem","position":2,"name":"Shop","item":"https:\/\/iha-race.com\/pt-pt\/shop\/"},{"@type":"ListItem","position":3,"name":"Foxeer Oreo 9.5dBi High Gain Patch SMA\/RPSMA"}]},{"@type":"WebSite","@id":"https:\/\/iha-race.com\/pt-pt\/#website","url":"https:\/\/iha-race.com\/pt-pt\/","name":"Iha Race","description":"Comprar drones de carreras FPV env\u00edos en un d\u00eda desde Espa\u00f1a","publisher":{"@id":"https:\/\/iha-race.com\/pt-pt\/#organization"},"potentialAction":[{"@type":"SearchAction","target":{"@type":"EntryPoint","urlTemplate":"https:\/\/iha-race.com\/pt-pt\/?s={search_term_string}"},"query-input":{"@type":"PropertyValueSpecification","valueRequired":true,"valueName":"search_term_string"}}],"inLanguage":"pt-PT"},{"@type":"Organization","@id":"https:\/\/iha-race.com\/pt-pt\/#organization","name":"Iha Race","url":"https:\/\/iha-race.com\/pt-pt\/","logo":{"@type":"ImageObject","inLanguage":"pt-PT","@id":"https:\/\/iha-race.com\/pt-pt\/#\/schema\/logo\/image\/","url":"https:\/\/iha-race.com\/wp-content\/uploads\/2018\/07\/iha-race-drones-de-carreras-tienda-comprar-drones.png","contentUrl":"https:\/\/iha-race.com\/wp-content\/uploads\/2018\/07\/iha-race-drones-de-carreras-tienda-comprar-drones.png","width":300,"height":100,"caption":"Iha Race"},"image":{"@id":"https:\/\/iha-race.com\/pt-pt\/#\/schema\/logo\/image\/"}}]}},"jetpack_sharing_enabled":true,"brands":[],"_links":{"self":[{"href":"https:\/\/iha-race.com\/pt-pt\/wp-json\/wp\/v2\/product\/211382","targetHints":{"allow":["GET"]}}],"collection":[{"href":"https:\/\/iha-race.com\/pt-pt\/wp-json\/wp\/v2\/product"}],"about":[{"href":"https:\/\/iha-race.com\/pt-pt\/wp-json\/wp\/v2\/types\/product"}],"replies":[{"embeddable":true,"href":"https:\/\/iha-race.com\/pt-pt\/wp-json\/wp\/v2\/comments?post=211382"}],"version-history":[{"count":1,"href":"https:\/\/iha-race.com\/pt-pt\/wp-json\/wp\/v2\/product\/211382\/revisions"}],"predecessor-version":[{"id":248959,"href":"https:\/\/iha-race.com\/pt-pt\/wp-json\/wp\/v2\/product\/211382\/revisions\/248959"}],"wp:featuredmedia":[{"embeddable":true,"href":"https:\/\/iha-race.com\/pt-pt\/wp-json\/wp\/v2\/media\/210810"}],"wp:attachment":[{"href":"https:\/\/iha-race.com\/pt-pt\/wp-json\/wp\/v2\/media?parent=211382"}],"wp:term":[{"taxonomy":"pwb-brand","embeddable":true,"href":"https:\/\/iha-race.com\/pt-pt\/wp-json\/wp\/v2\/pwb-brand?post=211382"},{"taxonomy":"product_cat","embeddable":true,"href":"https:\/\/iha-race.com\/pt-pt\/wp-json\/wp\/v2\/product_cat?post=211382"},{"taxonomy":"product_tag","embeddable":true,"href":"https:\/\/iha-race.com\/pt-pt\/wp-json\/wp\/v2\/product_tag?post=211382"}],"curies":[{"name":"wp","href":"https:\/\/api.w.org\/{rel}","templated":true}]}}