{"id":211182,"date":"2022-10-28T11:56:05","date_gmt":"2022-10-28T09:56:05","guid":{"rendered":"https:\/\/iha-race.com\/producto\/hqprop-dt2-9x2-5x5-para-dji-avata-2cw2ccw\/"},"modified":"2026-03-23T18:09:59","modified_gmt":"2026-03-23T17:09:59","slug":"hqprop-dt2-9x2-5x5-para-dji-avata-2cw2ccw","status":"publish","type":"product","link":"https:\/\/iha-race.com\/pt-pt\/produto\/hqprop-dt2-9x2-5x5-para-dji-avata-2cw2ccw\/","title":{"rendered":"HQProp DT2.9X2.5X5 para DJI Avata (2CW+2CCW)"},"content":{"rendered":"<h2><span data-sheets-value=\"{\"1\":2,\"2\":\"HQProp DT2.9X2.5X5 para DJI Avata (2CW+2CCW)\"}\" data-sheets-userformat=\"{\"2\":15235,\"3\":{\"1\":0},\"4\":{\"1\":2,\"2\":16777215},\"10\":2,\"11\":4,\"12\":0,\"14\":{\"1\":2,\"2\":0},\"15\":\"or, Arial\",\"16\":12}\">HQProp DT2.9X2.5X5 para DJI Avata (2CW+2CCW)<\/span><\/h2>\n<div class=\"w-full\">\n<div class=\"prose max-w-none\">\n<div data-content-type=\"row\" data-appearance=\"contained\" data-element=\"main\">\n<div data-enable-parallax=\"0\" data-parallax-speed=\"0.5\" data-background-images=\"{}\" data-background-type=\"image\" data-video-loop=\"true\" data-video-play-only-visible=\"true\" data-video-lazy-load=\"true\" data-video-fallback-src=\"\" data-element=\"inner\" data-pb-style=\"AVSTXKT\">\n<div data-content-type=\"text\" data-appearance=\"default\" data-element=\"main\">  A <strong>h\u00e9lice HQProp DT2.9X2.5X5<\/strong> \u00e9 uma h\u00e9lice de 5 p\u00e1s de 2,9&#8243; com um passo de 2,5&#8243;. Este acess\u00f3rio pode ser adaptado a muitos drones e \u00e9 totalmente compat\u00edvel com o DJI Avata.  <\/div>\n<\/div>\n<\/div>\n<div data-content-type=\"row\" data-appearance=\"contained\" data-element=\"main\">\n<div data-enable-parallax=\"0\" data-parallax-speed=\"0.5\" data-background-images=\"{}\" data-background-type=\"image\" data-video-loop=\"true\" data-video-play-only-visible=\"true\" data-video-lazy-load=\"true\" data-video-fallback-src=\"\" data-element=\"inner\" data-pb-style=\"THIT1W6\">\n<h3 data-content-type=\"heading\" data-appearance=\"default\" data-element=\"main\">Caracter\u00edsticas<\/h3>\n<div data-content-type=\"text\" data-appearance=\"default\" data-element=\"main\">\n<ul>\n<li>Acess\u00f3rio ideal para o drone DJI Avata<\/li>\n<li>Fabricado por HQProp<\/li>\n<\/ul>\n<\/div>\n<\/div>\n<\/div>\n<div data-content-type=\"row\" data-appearance=\"contained\" data-element=\"main\">\n<div data-enable-parallax=\"0\" data-parallax-speed=\"0.5\" data-background-images=\"{}\" data-background-type=\"image\" data-video-loop=\"true\" data-video-play-only-visible=\"true\" data-video-lazy-load=\"true\" data-video-fallback-src=\"\" data-element=\"inner\" data-pb-style=\"ATIX41F\">\n<h3 data-content-type=\"heading\" data-appearance=\"default\" data-element=\"main\">Especifica\u00e7\u00f5es<\/h3>\n<div data-content-type=\"text\" data-appearance=\"default\" data-element=\"main\">\n<ul>\n<li>Cores: cinzento, rosa ou amarelo<\/li>\n<li>Di\u00e2metro da h\u00e9lice: 2,9 polegadas<\/li>\n<li>Material: Policarbonato<\/li>\n<li>Di\u00e2metro do cubo: 10,6 mm<\/li>\n<li>Compatibilidade: DJI Avata<\/li>\n<li>Espessura do cubo: 5,3 mm.<\/li>\n<li>Eixo: 2,3\/2\/2,3 mm<\/li>\n<li>An\u00e9is adaptadores: N\u00c3O<\/li>\n<li>Peso: 2,2<\/li>\n<li>Etapa: 2.5<\/li>\n<li>L\u00e2minas: 5<\/li>\n<\/ul>\n<\/div>\n<\/div>\n<\/div>\n<\/div>\n<\/div>\n<h3>O pacote inclui<\/h3>\n<ul>\n<li>2 x H\u00e9lices DT2.9X2.5X5 &#8211; CW<\/li>\n<li>2 x H\u00e9lices DT2.9X2.5X5 &#8211; CCW<\/li>\n<\/ul>\n","protected":false},"excerpt":{"rendered":"<p>HQProp DT2.9X2.5X5 para DJI Avata (2CW+2CCW) A h\u00e9lice HQProp DT2.9X2.5X5 \u00e9 uma h\u00e9lice de 5 p\u00e1s de 2,9&#8243; com um passo de 2,5&#8243;. Este acess\u00f3rio pode ser adaptado a muitos<\/p>\n","protected":false},"featured_media":211188,"comment_status":"open","ping_status":"closed","template":"","meta":{"_joinchat":[]},"pwb-brand":[],"product_cat":[1404,1288],"product_tag":[],"class_list":{"0":"post-211182","1":"product","2":"type-product","3":"status-publish","4":"has-post-thumbnail","6":"product_cat-3-pt-pt","7":"product_cat-helices-fpv","9":"first","10":"instock","11":"featured","12":"taxable","13":"shipping-taxable","14":"purchasable","15":"product-type-variable"},"barcode":null,"atum_controlled":true,"out_stock_date":"2022-11-04 16:35:55","out_stock_threshold":null,"inheritable":true,"stock_on_hold":0,"sold_today":0,"sales_last_days":1,"out_stock_days":1094,"lost_sales":0,"update_date":"2026-04-18T21:06:50","atum_locations":[],"atum_stock_status":"instock","restock_status":false,"low_stock_amount":"","sales_update_date":"2026-04-18T21:06:50","calc_backorders":null,"yoast_head":"<!-- This site is optimized with the Yoast SEO plugin v27.3 - https:\/\/yoast.com\/product\/yoast-seo-wordpress\/ -->\n<title>HQProp DT2.9X2.5X5 para DJI Avata (2CW+2CCW) - Iha Race<\/title>\n<meta name=\"robots\" content=\"index, follow, max-snippet:-1, max-image-preview:large, max-video-preview:-1\" \/>\n<link rel=\"canonical\" href=\"https:\/\/iha-race.com\/pt-pt\/produto\/hqprop-dt2-9x2-5x5-para-dji-avata-2cw2ccw\/\" \/>\n<meta property=\"og:locale\" content=\"pt_PT\" \/>\n<meta property=\"og:type\" content=\"article\" \/>\n<meta property=\"og:title\" content=\"HQProp DT2.9X2.5X5 para DJI Avata (2CW+2CCW) - Iha Race\" \/>\n<meta property=\"og:description\" content=\"HQProp DT2.9X2.5X5 para DJI Avata (2CW+2CCW) A h\u00e9lice HQProp DT2.9X2.5X5 \u00e9 uma h\u00e9lice de 5 p\u00e1s de 2,9&#8243; com um passo de 2,5&#8243;. Este acess\u00f3rio pode ser adaptado a muitos\" \/>\n<meta property=\"og:url\" content=\"https:\/\/iha-race.com\/pt-pt\/produto\/hqprop-dt2-9x2-5x5-para-dji-avata-2cw2ccw\/\" \/>\n<meta property=\"og:site_name\" content=\"Iha Race\" \/>\n<meta property=\"article:modified_time\" content=\"2026-03-23T17:09:59+00:00\" \/>\n<meta property=\"og:image\" content=\"https:\/\/iha-race.com\/wp-content\/uploads\/2022\/10\/dt29x25x5-pc-props-for-dji-avata-2xcw-2xccw-by-hqprop.jpg\" \/>\n\t<meta property=\"og:image:width\" content=\"800\" \/>\n\t<meta property=\"og:image:height\" content=\"800\" \/>\n\t<meta property=\"og:image:type\" content=\"image\/jpeg\" \/>\n<meta name=\"twitter:card\" content=\"summary_large_image\" \/>\n<meta name=\"twitter:label1\" content=\"Tempo estimado de leitura\" \/>\n\t<meta name=\"twitter:data1\" content=\"1 minuto\" \/>\n<script type=\"application\/ld+json\" class=\"yoast-schema-graph\">{\"@context\":\"https:\\\/\\\/schema.org\",\"@graph\":[{\"@type\":\"WebPage\",\"@id\":\"https:\\\/\\\/iha-race.com\\\/pt-pt\\\/produto\\\/hqprop-dt2-9x2-5x5-para-dji-avata-2cw2ccw\\\/\",\"url\":\"https:\\\/\\\/iha-race.com\\\/pt-pt\\\/produto\\\/hqprop-dt2-9x2-5x5-para-dji-avata-2cw2ccw\\\/\",\"name\":\"HQProp DT2.9X2.5X5 para DJI Avata (2CW+2CCW) - Iha Race\",\"isPartOf\":{\"@id\":\"https:\\\/\\\/iha-race.com\\\/pt-pt\\\/#website\"},\"primaryImageOfPage\":{\"@id\":\"https:\\\/\\\/iha-race.com\\\/pt-pt\\\/produto\\\/hqprop-dt2-9x2-5x5-para-dji-avata-2cw2ccw\\\/#primaryimage\"},\"image\":{\"@id\":\"https:\\\/\\\/iha-race.com\\\/pt-pt\\\/produto\\\/hqprop-dt2-9x2-5x5-para-dji-avata-2cw2ccw\\\/#primaryimage\"},\"thumbnailUrl\":\"https:\\\/\\\/iha-race.com\\\/wp-content\\\/uploads\\\/2022\\\/10\\\/dt29x25x5-pc-props-for-dji-avata-2xcw-2xccw-by-hqprop.jpg\",\"datePublished\":\"2022-10-28T09:56:05+00:00\",\"dateModified\":\"2026-03-23T17:09:59+00:00\",\"breadcrumb\":{\"@id\":\"https:\\\/\\\/iha-race.com\\\/pt-pt\\\/produto\\\/hqprop-dt2-9x2-5x5-para-dji-avata-2cw2ccw\\\/#breadcrumb\"},\"inLanguage\":\"pt-PT\",\"potentialAction\":[{\"@type\":\"ReadAction\",\"target\":[\"https:\\\/\\\/iha-race.com\\\/pt-pt\\\/produto\\\/hqprop-dt2-9x2-5x5-para-dji-avata-2cw2ccw\\\/\"]}]},{\"@type\":\"ImageObject\",\"inLanguage\":\"pt-PT\",\"@id\":\"https:\\\/\\\/iha-race.com\\\/pt-pt\\\/produto\\\/hqprop-dt2-9x2-5x5-para-dji-avata-2cw2ccw\\\/#primaryimage\",\"url\":\"https:\\\/\\\/iha-race.com\\\/wp-content\\\/uploads\\\/2022\\\/10\\\/dt29x25x5-pc-props-for-dji-avata-2xcw-2xccw-by-hqprop.jpg\",\"contentUrl\":\"https:\\\/\\\/iha-race.com\\\/wp-content\\\/uploads\\\/2022\\\/10\\\/dt29x25x5-pc-props-for-dji-avata-2xcw-2xccw-by-hqprop.jpg\",\"width\":800,\"height\":800,\"caption\":\"Comprar HQProp DT2.9X2.5X5 para DJI Avata (2CW+2CCW)\"},{\"@type\":\"BreadcrumbList\",\"@id\":\"https:\\\/\\\/iha-race.com\\\/pt-pt\\\/produto\\\/hqprop-dt2-9x2-5x5-para-dji-avata-2cw2ccw\\\/#breadcrumb\",\"itemListElement\":[{\"@type\":\"ListItem\",\"position\":1,\"name\":\"Portada\",\"item\":\"https:\\\/\\\/iha-race.com\\\/pt-pt\\\/\"},{\"@type\":\"ListItem\",\"position\":2,\"name\":\"Shop\",\"item\":\"https:\\\/\\\/iha-race.com\\\/pt-pt\\\/shop\\\/\"},{\"@type\":\"ListItem\",\"position\":3,\"name\":\"HQProp DT2.9X2.5X5 para DJI Avata (2CW+2CCW)\"}]},{\"@type\":\"WebSite\",\"@id\":\"https:\\\/\\\/iha-race.com\\\/pt-pt\\\/#website\",\"url\":\"https:\\\/\\\/iha-race.com\\\/pt-pt\\\/\",\"name\":\"Iha Race\",\"description\":\"Comprar drones de carreras FPV env\u00edos en un d\u00eda desde Espa\u00f1a\",\"publisher\":{\"@id\":\"https:\\\/\\\/iha-race.com\\\/pt-pt\\\/#organization\"},\"potentialAction\":[{\"@type\":\"SearchAction\",\"target\":{\"@type\":\"EntryPoint\",\"urlTemplate\":\"https:\\\/\\\/iha-race.com\\\/pt-pt\\\/?s={search_term_string}\"},\"query-input\":{\"@type\":\"PropertyValueSpecification\",\"valueRequired\":true,\"valueName\":\"search_term_string\"}}],\"inLanguage\":\"pt-PT\"},{\"@type\":\"Organization\",\"@id\":\"https:\\\/\\\/iha-race.com\\\/pt-pt\\\/#organization\",\"name\":\"Iha Race\",\"url\":\"https:\\\/\\\/iha-race.com\\\/pt-pt\\\/\",\"logo\":{\"@type\":\"ImageObject\",\"inLanguage\":\"pt-PT\",\"@id\":\"https:\\\/\\\/iha-race.com\\\/pt-pt\\\/#\\\/schema\\\/logo\\\/image\\\/\",\"url\":\"https:\\\/\\\/iha-race.com\\\/wp-content\\\/uploads\\\/2018\\\/07\\\/iha-race-drones-de-carreras-tienda-comprar-drones.png\",\"contentUrl\":\"https:\\\/\\\/iha-race.com\\\/wp-content\\\/uploads\\\/2018\\\/07\\\/iha-race-drones-de-carreras-tienda-comprar-drones.png\",\"width\":300,\"height\":100,\"caption\":\"Iha Race\"},\"image\":{\"@id\":\"https:\\\/\\\/iha-race.com\\\/pt-pt\\\/#\\\/schema\\\/logo\\\/image\\\/\"}}]}<\/script>\n<!-- \/ Yoast SEO plugin. -->","yoast_head_json":{"title":"HQProp DT2.9X2.5X5 para DJI Avata (2CW+2CCW) - Iha Race","robots":{"index":"index","follow":"follow","max-snippet":"max-snippet:-1","max-image-preview":"max-image-preview:large","max-video-preview":"max-video-preview:-1"},"canonical":"https:\/\/iha-race.com\/pt-pt\/produto\/hqprop-dt2-9x2-5x5-para-dji-avata-2cw2ccw\/","og_locale":"pt_PT","og_type":"article","og_title":"HQProp DT2.9X2.5X5 para DJI Avata (2CW+2CCW) - Iha Race","og_description":"HQProp DT2.9X2.5X5 para DJI Avata (2CW+2CCW) A h\u00e9lice HQProp DT2.9X2.5X5 \u00e9 uma h\u00e9lice de 5 p\u00e1s de 2,9&#8243; com um passo de 2,5&#8243;. Este acess\u00f3rio pode ser adaptado a muitos","og_url":"https:\/\/iha-race.com\/pt-pt\/produto\/hqprop-dt2-9x2-5x5-para-dji-avata-2cw2ccw\/","og_site_name":"Iha Race","article_modified_time":"2026-03-23T17:09:59+00:00","og_image":[{"width":800,"height":800,"url":"https:\/\/iha-race.com\/wp-content\/uploads\/2022\/10\/dt29x25x5-pc-props-for-dji-avata-2xcw-2xccw-by-hqprop.jpg","type":"image\/jpeg"}],"twitter_card":"summary_large_image","twitter_misc":{"Tempo estimado de leitura":"1 minuto"},"schema":{"@context":"https:\/\/schema.org","@graph":[{"@type":"WebPage","@id":"https:\/\/iha-race.com\/pt-pt\/produto\/hqprop-dt2-9x2-5x5-para-dji-avata-2cw2ccw\/","url":"https:\/\/iha-race.com\/pt-pt\/produto\/hqprop-dt2-9x2-5x5-para-dji-avata-2cw2ccw\/","name":"HQProp DT2.9X2.5X5 para DJI Avata (2CW+2CCW) - Iha Race","isPartOf":{"@id":"https:\/\/iha-race.com\/pt-pt\/#website"},"primaryImageOfPage":{"@id":"https:\/\/iha-race.com\/pt-pt\/produto\/hqprop-dt2-9x2-5x5-para-dji-avata-2cw2ccw\/#primaryimage"},"image":{"@id":"https:\/\/iha-race.com\/pt-pt\/produto\/hqprop-dt2-9x2-5x5-para-dji-avata-2cw2ccw\/#primaryimage"},"thumbnailUrl":"https:\/\/iha-race.com\/wp-content\/uploads\/2022\/10\/dt29x25x5-pc-props-for-dji-avata-2xcw-2xccw-by-hqprop.jpg","datePublished":"2022-10-28T09:56:05+00:00","dateModified":"2026-03-23T17:09:59+00:00","breadcrumb":{"@id":"https:\/\/iha-race.com\/pt-pt\/produto\/hqprop-dt2-9x2-5x5-para-dji-avata-2cw2ccw\/#breadcrumb"},"inLanguage":"pt-PT","potentialAction":[{"@type":"ReadAction","target":["https:\/\/iha-race.com\/pt-pt\/produto\/hqprop-dt2-9x2-5x5-para-dji-avata-2cw2ccw\/"]}]},{"@type":"ImageObject","inLanguage":"pt-PT","@id":"https:\/\/iha-race.com\/pt-pt\/produto\/hqprop-dt2-9x2-5x5-para-dji-avata-2cw2ccw\/#primaryimage","url":"https:\/\/iha-race.com\/wp-content\/uploads\/2022\/10\/dt29x25x5-pc-props-for-dji-avata-2xcw-2xccw-by-hqprop.jpg","contentUrl":"https:\/\/iha-race.com\/wp-content\/uploads\/2022\/10\/dt29x25x5-pc-props-for-dji-avata-2xcw-2xccw-by-hqprop.jpg","width":800,"height":800,"caption":"Comprar HQProp DT2.9X2.5X5 para DJI Avata (2CW+2CCW)"},{"@type":"BreadcrumbList","@id":"https:\/\/iha-race.com\/pt-pt\/produto\/hqprop-dt2-9x2-5x5-para-dji-avata-2cw2ccw\/#breadcrumb","itemListElement":[{"@type":"ListItem","position":1,"name":"Portada","item":"https:\/\/iha-race.com\/pt-pt\/"},{"@type":"ListItem","position":2,"name":"Shop","item":"https:\/\/iha-race.com\/pt-pt\/shop\/"},{"@type":"ListItem","position":3,"name":"HQProp DT2.9X2.5X5 para DJI Avata (2CW+2CCW)"}]},{"@type":"WebSite","@id":"https:\/\/iha-race.com\/pt-pt\/#website","url":"https:\/\/iha-race.com\/pt-pt\/","name":"Iha Race","description":"Comprar drones de carreras FPV env\u00edos en un d\u00eda desde Espa\u00f1a","publisher":{"@id":"https:\/\/iha-race.com\/pt-pt\/#organization"},"potentialAction":[{"@type":"SearchAction","target":{"@type":"EntryPoint","urlTemplate":"https:\/\/iha-race.com\/pt-pt\/?s={search_term_string}"},"query-input":{"@type":"PropertyValueSpecification","valueRequired":true,"valueName":"search_term_string"}}],"inLanguage":"pt-PT"},{"@type":"Organization","@id":"https:\/\/iha-race.com\/pt-pt\/#organization","name":"Iha Race","url":"https:\/\/iha-race.com\/pt-pt\/","logo":{"@type":"ImageObject","inLanguage":"pt-PT","@id":"https:\/\/iha-race.com\/pt-pt\/#\/schema\/logo\/image\/","url":"https:\/\/iha-race.com\/wp-content\/uploads\/2018\/07\/iha-race-drones-de-carreras-tienda-comprar-drones.png","contentUrl":"https:\/\/iha-race.com\/wp-content\/uploads\/2018\/07\/iha-race-drones-de-carreras-tienda-comprar-drones.png","width":300,"height":100,"caption":"Iha Race"},"image":{"@id":"https:\/\/iha-race.com\/pt-pt\/#\/schema\/logo\/image\/"}}]}},"jetpack_sharing_enabled":true,"brands":[],"_links":{"self":[{"href":"https:\/\/iha-race.com\/pt-pt\/wp-json\/wp\/v2\/product\/211182","targetHints":{"allow":["GET"]}}],"collection":[{"href":"https:\/\/iha-race.com\/pt-pt\/wp-json\/wp\/v2\/product"}],"about":[{"href":"https:\/\/iha-race.com\/pt-pt\/wp-json\/wp\/v2\/types\/product"}],"replies":[{"embeddable":true,"href":"https:\/\/iha-race.com\/pt-pt\/wp-json\/wp\/v2\/comments?post=211182"}],"version-history":[{"count":4,"href":"https:\/\/iha-race.com\/pt-pt\/wp-json\/wp\/v2\/product\/211182\/revisions"}],"predecessor-version":[{"id":248962,"href":"https:\/\/iha-race.com\/pt-pt\/wp-json\/wp\/v2\/product\/211182\/revisions\/248962"}],"wp:featuredmedia":[{"embeddable":true,"href":"https:\/\/iha-race.com\/pt-pt\/wp-json\/wp\/v2\/media\/211188"}],"wp:attachment":[{"href":"https:\/\/iha-race.com\/pt-pt\/wp-json\/wp\/v2\/media?parent=211182"}],"wp:term":[{"taxonomy":"pwb-brand","embeddable":true,"href":"https:\/\/iha-race.com\/pt-pt\/wp-json\/wp\/v2\/pwb-brand?post=211182"},{"taxonomy":"product_cat","embeddable":true,"href":"https:\/\/iha-race.com\/pt-pt\/wp-json\/wp\/v2\/product_cat?post=211182"},{"taxonomy":"product_tag","embeddable":true,"href":"https:\/\/iha-race.com\/pt-pt\/wp-json\/wp\/v2\/product_tag?post=211182"}],"curies":[{"name":"wp","href":"https:\/\/api.w.org\/{rel}","templated":true}]}}