{"id":207370,"date":"2020-09-14T10:35:20","date_gmt":"2020-09-14T08:35:20","guid":{"rendered":"https:\/\/iha-race.com\/producto\/iha-race-one-mini-x2-helice-de-proteccao\/"},"modified":"2026-03-21T19:39:02","modified_gmt":"2026-03-21T18:39:02","slug":"iha-race-one-mini-x2-helices-protector","status":"publish","type":"product","link":"https:\/\/iha-race.com\/pt-pt\/produto\/iha-race-one-mini-x2-helices-protector\/","title":{"rendered":"IHA-Race One Mini X2 H\u00e9lice de protec\u00e7\u00e3o"},"content":{"rendered":"<h2>IHA-Race One Mini X2 H\u00e9lice de protec\u00e7\u00e3o<\/h2>\n<p>  As h\u00e9lices s\u00e3o um dos componentes mais danificados de um drone, seja <strong>devido ao desgaste ou a um acidente<\/strong>. Se quiseres o teu <strong><a href=\"https:\/\/iha-race.com\/producto\/one-mini-x2-carbono-110-mm-pala-de-2\/\">Dron One Mini X2<\/a><\/strong> adquire este pack de protectores e<strong> ganha<\/strong> tamb\u00e9m<strong> seguran\u00e7a nos teus voos<\/strong>, protegendo pessoas e objectos de uma poss\u00edvel colis\u00e3o com as suas p\u00e1s.  <\/p>\n<h2>O pacote inclui:<\/h2>\n<ul>\n<li>4 protec\u00e7\u00f5es de h\u00e9lice<\/li>\n<li>Parafusos<\/li>\n<\/ul>\n","protected":false},"excerpt":{"rendered":"<p>IHA-Race One Mini X2 H\u00e9lice de protec\u00e7\u00e3o As h\u00e9lices s\u00e3o um dos componentes mais danificados de um drone, seja devido ao desgaste ou a um acidente. Se quiseres o teu<\/p>\n","protected":false},"featured_media":93074,"comment_status":"open","ping_status":"closed","template":"","meta":{"_joinchat":[]},"pwb-brand":[3586],"product_cat":[1474,1458],"product_tag":[],"class_list":{"0":"post-207370","1":"product","2":"type-product","3":"status-publish","4":"has-post-thumbnail","6":"pwb-brand-iha-race","7":"product_cat-arrancadores","8":"product_cat-fpv-drones","10":"first","11":"instock","12":"taxable","13":"shipping-taxable","14":"purchasable","15":"product-type-variable"},"barcode":null,"atum_controlled":true,"out_stock_date":null,"out_stock_threshold":null,"inheritable":true,"stock_on_hold":0,"sold_today":1,"sales_last_days":1,"out_stock_days":0,"lost_sales":0,"update_date":"2026-04-08T10:17:14","atum_locations":[],"atum_stock_status":"instock","restock_status":false,"low_stock_amount":"","sales_update_date":"2026-04-08T10:17:14","calc_backorders":null,"yoast_head":"<!-- This site is optimized with the Yoast SEO plugin v27.3 - https:\/\/yoast.com\/product\/yoast-seo-wordpress\/ -->\n<title>IHA-Race One Mini X2 H\u00e9lice de protec\u00e7\u00e3o - Iha Race<\/title>\n<meta name=\"robots\" content=\"index, follow, max-snippet:-1, max-image-preview:large, max-video-preview:-1\" \/>\n<link rel=\"canonical\" href=\"https:\/\/iha-race.com\/pt-pt\/produto\/iha-race-one-mini-x2-helices-protector\/\" \/>\n<meta property=\"og:locale\" content=\"pt_PT\" \/>\n<meta property=\"og:type\" content=\"article\" \/>\n<meta property=\"og:title\" content=\"IHA-Race One Mini X2 H\u00e9lice de protec\u00e7\u00e3o - Iha Race\" \/>\n<meta property=\"og:description\" content=\"IHA-Race One Mini X2 H\u00e9lice de protec\u00e7\u00e3o As h\u00e9lices s\u00e3o um dos componentes mais danificados de um drone, seja devido ao desgaste ou a um acidente. Se quiseres o teu\" \/>\n<meta property=\"og:url\" content=\"https:\/\/iha-race.com\/pt-pt\/produto\/iha-race-one-mini-x2-helices-protector\/\" \/>\n<meta property=\"og:site_name\" content=\"Iha Race\" \/>\n<meta property=\"article:modified_time\" content=\"2026-03-21T18:39:02+00:00\" \/>\n<meta property=\"og:image\" content=\"https:\/\/iha-race.com\/wp-content\/uploads\/2020\/09\/salva-helices-dron-carreras-fpv-one-x2-1.jpg\" \/>\n\t<meta property=\"og:image:width\" content=\"800\" \/>\n\t<meta property=\"og:image:height\" content=\"800\" \/>\n\t<meta property=\"og:image:type\" content=\"image\/jpeg\" \/>\n<meta name=\"twitter:card\" content=\"summary_large_image\" \/>\n<script type=\"application\/ld+json\" class=\"yoast-schema-graph\">{\"@context\":\"https:\\\/\\\/schema.org\",\"@graph\":[{\"@type\":\"WebPage\",\"@id\":\"https:\\\/\\\/iha-race.com\\\/pt-pt\\\/produto\\\/iha-race-one-mini-x2-helices-protector\\\/\",\"url\":\"https:\\\/\\\/iha-race.com\\\/pt-pt\\\/produto\\\/iha-race-one-mini-x2-helices-protector\\\/\",\"name\":\"IHA-Race One Mini X2 H\u00e9lice de protec\u00e7\u00e3o - Iha Race\",\"isPartOf\":{\"@id\":\"https:\\\/\\\/iha-race.com\\\/pt-pt\\\/#website\"},\"primaryImageOfPage\":{\"@id\":\"https:\\\/\\\/iha-race.com\\\/pt-pt\\\/produto\\\/iha-race-one-mini-x2-helices-protector\\\/#primaryimage\"},\"image\":{\"@id\":\"https:\\\/\\\/iha-race.com\\\/pt-pt\\\/produto\\\/iha-race-one-mini-x2-helices-protector\\\/#primaryimage\"},\"thumbnailUrl\":\"https:\\\/\\\/iha-race.com\\\/wp-content\\\/uploads\\\/2020\\\/09\\\/salva-helices-dron-carreras-fpv-one-x2-1.jpg\",\"datePublished\":\"2020-09-14T08:35:20+00:00\",\"dateModified\":\"2026-03-21T18:39:02+00:00\",\"breadcrumb\":{\"@id\":\"https:\\\/\\\/iha-race.com\\\/pt-pt\\\/produto\\\/iha-race-one-mini-x2-helices-protector\\\/#breadcrumb\"},\"inLanguage\":\"pt-PT\",\"potentialAction\":[{\"@type\":\"ReadAction\",\"target\":[\"https:\\\/\\\/iha-race.com\\\/pt-pt\\\/produto\\\/iha-race-one-mini-x2-helices-protector\\\/\"]}]},{\"@type\":\"ImageObject\",\"inLanguage\":\"pt-PT\",\"@id\":\"https:\\\/\\\/iha-race.com\\\/pt-pt\\\/produto\\\/iha-race-one-mini-x2-helices-protector\\\/#primaryimage\",\"url\":\"https:\\\/\\\/iha-race.com\\\/wp-content\\\/uploads\\\/2020\\\/09\\\/salva-helices-dron-carreras-fpv-one-x2-1.jpg\",\"contentUrl\":\"https:\\\/\\\/iha-race.com\\\/wp-content\\\/uploads\\\/2020\\\/09\\\/salva-helices-dron-carreras-fpv-one-x2-1.jpg\",\"width\":800,\"height\":800},{\"@type\":\"BreadcrumbList\",\"@id\":\"https:\\\/\\\/iha-race.com\\\/pt-pt\\\/produto\\\/iha-race-one-mini-x2-helices-protector\\\/#breadcrumb\",\"itemListElement\":[{\"@type\":\"ListItem\",\"position\":1,\"name\":\"Portada\",\"item\":\"https:\\\/\\\/iha-race.com\\\/pt-pt\\\/elementor-499\\\/\"},{\"@type\":\"ListItem\",\"position\":2,\"name\":\"Shop\",\"item\":\"https:\\\/\\\/iha-race.com\\\/pt-pt\\\/shop\\\/\"},{\"@type\":\"ListItem\",\"position\":3,\"name\":\"IHA-Race One Mini X2 H\u00e9lice de protec\u00e7\u00e3o\"}]},{\"@type\":\"WebSite\",\"@id\":\"https:\\\/\\\/iha-race.com\\\/pt-pt\\\/#website\",\"url\":\"https:\\\/\\\/iha-race.com\\\/pt-pt\\\/\",\"name\":\"Iha Race\",\"description\":\"Comprar drones de carreras FPV env\u00edos en un d\u00eda desde Espa\u00f1a\",\"publisher\":{\"@id\":\"https:\\\/\\\/iha-race.com\\\/pt-pt\\\/#organization\"},\"potentialAction\":[{\"@type\":\"SearchAction\",\"target\":{\"@type\":\"EntryPoint\",\"urlTemplate\":\"https:\\\/\\\/iha-race.com\\\/pt-pt\\\/?s={search_term_string}\"},\"query-input\":{\"@type\":\"PropertyValueSpecification\",\"valueRequired\":true,\"valueName\":\"search_term_string\"}}],\"inLanguage\":\"pt-PT\"},{\"@type\":\"Organization\",\"@id\":\"https:\\\/\\\/iha-race.com\\\/pt-pt\\\/#organization\",\"name\":\"Iha Race\",\"url\":\"https:\\\/\\\/iha-race.com\\\/pt-pt\\\/\",\"logo\":{\"@type\":\"ImageObject\",\"inLanguage\":\"pt-PT\",\"@id\":\"https:\\\/\\\/iha-race.com\\\/pt-pt\\\/#\\\/schema\\\/logo\\\/image\\\/\",\"url\":\"https:\\\/\\\/iha-race.com\\\/wp-content\\\/uploads\\\/2018\\\/07\\\/iha-race-drones-de-carreras-tienda-comprar-drones.png\",\"contentUrl\":\"https:\\\/\\\/iha-race.com\\\/wp-content\\\/uploads\\\/2018\\\/07\\\/iha-race-drones-de-carreras-tienda-comprar-drones.png\",\"width\":300,\"height\":100,\"caption\":\"Iha Race\"},\"image\":{\"@id\":\"https:\\\/\\\/iha-race.com\\\/pt-pt\\\/#\\\/schema\\\/logo\\\/image\\\/\"}}]}<\/script>\n<!-- \/ Yoast SEO plugin. -->","yoast_head_json":{"title":"IHA-Race One Mini X2 H\u00e9lice de protec\u00e7\u00e3o - Iha Race","robots":{"index":"index","follow":"follow","max-snippet":"max-snippet:-1","max-image-preview":"max-image-preview:large","max-video-preview":"max-video-preview:-1"},"canonical":"https:\/\/iha-race.com\/pt-pt\/produto\/iha-race-one-mini-x2-helices-protector\/","og_locale":"pt_PT","og_type":"article","og_title":"IHA-Race One Mini X2 H\u00e9lice de protec\u00e7\u00e3o - Iha Race","og_description":"IHA-Race One Mini X2 H\u00e9lice de protec\u00e7\u00e3o As h\u00e9lices s\u00e3o um dos componentes mais danificados de um drone, seja devido ao desgaste ou a um acidente. Se quiseres o teu","og_url":"https:\/\/iha-race.com\/pt-pt\/produto\/iha-race-one-mini-x2-helices-protector\/","og_site_name":"Iha Race","article_modified_time":"2026-03-21T18:39:02+00:00","og_image":[{"width":800,"height":800,"url":"https:\/\/iha-race.com\/wp-content\/uploads\/2020\/09\/salva-helices-dron-carreras-fpv-one-x2-1.jpg","type":"image\/jpeg"}],"twitter_card":"summary_large_image","schema":{"@context":"https:\/\/schema.org","@graph":[{"@type":"WebPage","@id":"https:\/\/iha-race.com\/pt-pt\/produto\/iha-race-one-mini-x2-helices-protector\/","url":"https:\/\/iha-race.com\/pt-pt\/produto\/iha-race-one-mini-x2-helices-protector\/","name":"IHA-Race One Mini X2 H\u00e9lice de protec\u00e7\u00e3o - Iha Race","isPartOf":{"@id":"https:\/\/iha-race.com\/pt-pt\/#website"},"primaryImageOfPage":{"@id":"https:\/\/iha-race.com\/pt-pt\/produto\/iha-race-one-mini-x2-helices-protector\/#primaryimage"},"image":{"@id":"https:\/\/iha-race.com\/pt-pt\/produto\/iha-race-one-mini-x2-helices-protector\/#primaryimage"},"thumbnailUrl":"https:\/\/iha-race.com\/wp-content\/uploads\/2020\/09\/salva-helices-dron-carreras-fpv-one-x2-1.jpg","datePublished":"2020-09-14T08:35:20+00:00","dateModified":"2026-03-21T18:39:02+00:00","breadcrumb":{"@id":"https:\/\/iha-race.com\/pt-pt\/produto\/iha-race-one-mini-x2-helices-protector\/#breadcrumb"},"inLanguage":"pt-PT","potentialAction":[{"@type":"ReadAction","target":["https:\/\/iha-race.com\/pt-pt\/produto\/iha-race-one-mini-x2-helices-protector\/"]}]},{"@type":"ImageObject","inLanguage":"pt-PT","@id":"https:\/\/iha-race.com\/pt-pt\/produto\/iha-race-one-mini-x2-helices-protector\/#primaryimage","url":"https:\/\/iha-race.com\/wp-content\/uploads\/2020\/09\/salva-helices-dron-carreras-fpv-one-x2-1.jpg","contentUrl":"https:\/\/iha-race.com\/wp-content\/uploads\/2020\/09\/salva-helices-dron-carreras-fpv-one-x2-1.jpg","width":800,"height":800},{"@type":"BreadcrumbList","@id":"https:\/\/iha-race.com\/pt-pt\/produto\/iha-race-one-mini-x2-helices-protector\/#breadcrumb","itemListElement":[{"@type":"ListItem","position":1,"name":"Portada","item":"https:\/\/iha-race.com\/pt-pt\/elementor-499\/"},{"@type":"ListItem","position":2,"name":"Shop","item":"https:\/\/iha-race.com\/pt-pt\/shop\/"},{"@type":"ListItem","position":3,"name":"IHA-Race One Mini X2 H\u00e9lice de protec\u00e7\u00e3o"}]},{"@type":"WebSite","@id":"https:\/\/iha-race.com\/pt-pt\/#website","url":"https:\/\/iha-race.com\/pt-pt\/","name":"Iha Race","description":"Comprar drones de carreras FPV env\u00edos en un d\u00eda desde Espa\u00f1a","publisher":{"@id":"https:\/\/iha-race.com\/pt-pt\/#organization"},"potentialAction":[{"@type":"SearchAction","target":{"@type":"EntryPoint","urlTemplate":"https:\/\/iha-race.com\/pt-pt\/?s={search_term_string}"},"query-input":{"@type":"PropertyValueSpecification","valueRequired":true,"valueName":"search_term_string"}}],"inLanguage":"pt-PT"},{"@type":"Organization","@id":"https:\/\/iha-race.com\/pt-pt\/#organization","name":"Iha Race","url":"https:\/\/iha-race.com\/pt-pt\/","logo":{"@type":"ImageObject","inLanguage":"pt-PT","@id":"https:\/\/iha-race.com\/pt-pt\/#\/schema\/logo\/image\/","url":"https:\/\/iha-race.com\/wp-content\/uploads\/2018\/07\/iha-race-drones-de-carreras-tienda-comprar-drones.png","contentUrl":"https:\/\/iha-race.com\/wp-content\/uploads\/2018\/07\/iha-race-drones-de-carreras-tienda-comprar-drones.png","width":300,"height":100,"caption":"Iha Race"},"image":{"@id":"https:\/\/iha-race.com\/pt-pt\/#\/schema\/logo\/image\/"}}]}},"brands":[{"id":3586,"name":"IHA Race","slug":"iha-race"}],"_links":{"self":[{"href":"https:\/\/iha-race.com\/pt-pt\/wp-json\/wp\/v2\/product\/207370","targetHints":{"allow":["GET"]}}],"collection":[{"href":"https:\/\/iha-race.com\/pt-pt\/wp-json\/wp\/v2\/product"}],"about":[{"href":"https:\/\/iha-race.com\/pt-pt\/wp-json\/wp\/v2\/types\/product"}],"replies":[{"embeddable":true,"href":"https:\/\/iha-race.com\/pt-pt\/wp-json\/wp\/v2\/comments?post=207370"}],"version-history":[{"count":1,"href":"https:\/\/iha-race.com\/pt-pt\/wp-json\/wp\/v2\/product\/207370\/revisions"}],"predecessor-version":[{"id":249809,"href":"https:\/\/iha-race.com\/pt-pt\/wp-json\/wp\/v2\/product\/207370\/revisions\/249809"}],"wp:featuredmedia":[{"embeddable":true,"href":"https:\/\/iha-race.com\/pt-pt\/wp-json\/wp\/v2\/media\/93074"}],"wp:attachment":[{"href":"https:\/\/iha-race.com\/pt-pt\/wp-json\/wp\/v2\/media?parent=207370"}],"wp:term":[{"taxonomy":"pwb-brand","embeddable":true,"href":"https:\/\/iha-race.com\/pt-pt\/wp-json\/wp\/v2\/pwb-brand?post=207370"},{"taxonomy":"product_cat","embeddable":true,"href":"https:\/\/iha-race.com\/pt-pt\/wp-json\/wp\/v2\/product_cat?post=207370"},{"taxonomy":"product_tag","embeddable":true,"href":"https:\/\/iha-race.com\/pt-pt\/wp-json\/wp\/v2\/product_tag?post=207370"}],"curies":[{"name":"wp","href":"https:\/\/api.w.org\/{rel}","templated":true}]}}