{"id":116460,"date":"2022-09-05T16:39:35","date_gmt":"2022-09-05T14:39:35","guid":{"rendered":"https:\/\/iha-race.com\/producto\/srt-servo-impermeavel-sem-corda-23-0kg-0-12sec-6-0v\/"},"modified":"2024-08-29T12:01:46","modified_gmt":"2024-08-29T10:01:46","slug":"srt-coreless-servo-a-prueba-de-agua-23-0kg-0-12sec-6-0v","status":"publish","type":"product","link":"https:\/\/iha-race.com\/pt-pt\/produto\/srt-coreless-servo-a-prueba-de-agua-23-0kg-0-12sec-6-0v\/","title":{"rendered":"SRT Servo imperme\u00e1vel sem corda 23.0kg \/ 0.12sec @ 6.0V"},"content":{"rendered":"<h2>SRT Servo imperme\u00e1vel sem corda 23.0kg \/ 0.12sec @ 6.0V<\/h2>\n<p><em>SRT-Racing &#8211; criados de primeira classe!<\/em><\/p>\n<h3>Caracter\u00edsticas:<\/h3>\n<ul>\n<li>\u00c0 prova de \u00e1gua<\/li>\n<li>Motor coreless<\/li>\n<li>Caixa de alum\u00ednio da parte interm\u00e9dia<\/li>\n<li>Controlador digital de 330Hz<\/li>\n<li>Extrema pot\u00eancia de posicionamento<\/li>\n<li>Engrenagem robusta, tit\u00e2nio e a\u00e7o.<\/li>\n<li>Dentes 25T<\/li>\n<\/ul>\n<table width=\"70%\">\n<tbody>\n<tr>\n<td>Tens\u00e3o:<\/td>\n<td>4.8V<\/td>\n<td>6.0V<\/td>\n<\/tr>\n<tr>\n<td>Velocidade de posicionamento:<\/td>\n<td>0,14 segundos \/ 60 \u00b0<\/td>\n<td>0,12 segundos \/ 60\u00b0.<\/td>\n<\/tr>\n<tr>\n<td>Torque:<\/td>\n<td>18,0 kgcm<\/td>\n<td>23,0 kgcm<\/td>\n<\/tr>\n<tr>\n<td>Consumo m\u00ednimo de corrente \/ Max ..:<\/td>\n<td>30mA \/ 4000mA<\/td>\n<td>30mA \/ 4000mA<\/td>\n<\/tr>\n<tr>\n<td>Motor:<\/td>\n<td colspan=\"2\">Sem n\u00facleo<\/td>\n<\/tr>\n<tr>\n<td>Caixa de velocidades:<\/td>\n<td colspan=\"2\">Tit\u00e2nio \/ a\u00e7o<\/td>\n<\/tr>\n<tr>\n<td>Tipo:<\/td>\n<td colspan=\"2\">Digital<\/td>\n<\/tr>\n<tr>\n<td>Frequ\u00eancia de controlo:<\/td>\n<td colspan=\"2\">330Hz<\/td>\n<\/tr>\n<tr>\n<td>Rolamento de esferas:<\/td>\n<td colspan=\"2\">sim<\/td>\n<\/tr>\n<tr>\n<td>Dimens\u00f5es:<\/td>\n<td colspan=\"2\">40,7&#215;20,5&#215;38,5 mm<\/td>\n<\/tr>\n<tr>\n<td>Peso:<\/td>\n<td colspan=\"2\">75.0g<\/td>\n<\/tr>\n<tr>\n<td>Engrenagem:<\/td>\n<td colspan=\"2\">25T<\/td>\n<\/tr>\n<tr>\n<td>Usa:<\/td>\n<td colspan=\"2\">1\/10 + 1\/8 em estrada \/ fora de estrada, barco.<\/td>\n<\/tr>\n<\/tbody>\n<\/table>\n<p>&nbsp;<\/p>\n<h3>O pacote inclui:<\/h3>\n<ul>\n<li>1 x servo<\/li>\n<li>2 x buzinas do leme, simples e duplas<\/li>\n<li>1 x folha autocolante<\/li>\n<\/ul>\n","protected":false},"excerpt":{"rendered":"<p>SRT Servo imperme\u00e1vel sem corda 23.0kg \/ 0.12sec @ 6.0V SRT-Racing &#8211; criados de primeira classe! Caracter\u00edsticas: \u00c0 prova de \u00e1gua Motor coreless Caixa de alum\u00ednio da parte interm\u00e9dia Controlador<\/p>\n","protected":false},"featured_media":116455,"comment_status":"open","ping_status":"closed","template":"","meta":{"_joinchat":[]},"pwb-brand":[],"product_cat":[42,1061],"product_tag":[],"class_list":{"0":"post-116460","1":"product","2":"type-product","3":"status-publish","4":"has-post-thumbnail","6":"product_cat-electronica-accesorios","7":"product_cat-servos","9":"first","10":"instock","11":"taxable","12":"shipping-taxable","13":"purchasable","14":"product-type-simple"},"barcode":null,"atum_controlled":true,"out_stock_date":null,"out_stock_threshold":null,"inheritable":false,"stock_on_hold":0,"sold_today":0,"sales_last_days":0,"out_stock_days":0,"lost_sales":0,"update_date":"2026-04-17T19:24:31","atum_locations":[],"atum_stock_status":"instock","restock_status":false,"low_stock_amount":"","sales_update_date":"2026-04-17T19:24:31","calc_backorders":null,"yoast_head":"<!-- This site is optimized with the Yoast SEO plugin v27.3 - https:\/\/yoast.com\/product\/yoast-seo-wordpress\/ -->\n<title>SRT Servo imperme\u00e1vel sem corda 23.0kg \/ 0.12sec @ 6.0V - Iha Race<\/title>\n<meta name=\"robots\" content=\"index, follow, max-snippet:-1, max-image-preview:large, max-video-preview:-1\" \/>\n<link rel=\"canonical\" href=\"https:\/\/iha-race.com\/pt-pt\/produto\/srt-coreless-servo-a-prueba-de-agua-23-0kg-0-12sec-6-0v\/\" \/>\n<meta property=\"og:locale\" content=\"pt_PT\" \/>\n<meta property=\"og:type\" content=\"article\" \/>\n<meta property=\"og:title\" content=\"SRT Servo imperme\u00e1vel sem corda 23.0kg \/ 0.12sec @ 6.0V - Iha Race\" \/>\n<meta property=\"og:description\" content=\"SRT Servo imperme\u00e1vel sem corda 23.0kg \/ 0.12sec @ 6.0V SRT-Racing &#8211; criados de primeira classe! Caracter\u00edsticas: \u00c0 prova de \u00e1gua Motor coreless Caixa de alum\u00ednio da parte interm\u00e9dia Controlador\" \/>\n<meta property=\"og:url\" content=\"https:\/\/iha-race.com\/pt-pt\/produto\/srt-coreless-servo-a-prueba-de-agua-23-0kg-0-12sec-6-0v\/\" \/>\n<meta property=\"og:site_name\" content=\"Iha Race\" \/>\n<meta property=\"article:modified_time\" content=\"2024-08-29T10:01:46+00:00\" \/>\n<meta property=\"og:image\" content=\"https:\/\/iha-race.com\/wp-content\/uploads\/2022\/09\/SRT-Coreless-Servo-a-Prueba-de-Agua-23.0kg-0.12sec-6.0V-1.jpg\" \/>\n\t<meta property=\"og:image:width\" content=\"1024\" \/>\n\t<meta property=\"og:image:height\" content=\"1024\" \/>\n\t<meta property=\"og:image:type\" content=\"image\/jpeg\" \/>\n<meta name=\"twitter:card\" content=\"summary_large_image\" \/>\n<meta name=\"twitter:label1\" content=\"Tempo estimado de leitura\" \/>\n\t<meta name=\"twitter:data1\" content=\"1 minuto\" \/>\n<script type=\"application\/ld+json\" class=\"yoast-schema-graph\">{\"@context\":\"https:\\\/\\\/schema.org\",\"@graph\":[{\"@type\":\"WebPage\",\"@id\":\"https:\\\/\\\/iha-race.com\\\/pt-pt\\\/produto\\\/srt-coreless-servo-a-prueba-de-agua-23-0kg-0-12sec-6-0v\\\/\",\"url\":\"https:\\\/\\\/iha-race.com\\\/pt-pt\\\/produto\\\/srt-coreless-servo-a-prueba-de-agua-23-0kg-0-12sec-6-0v\\\/\",\"name\":\"SRT Servo imperme\u00e1vel sem corda 23.0kg \\\/ 0.12sec @ 6.0V - Iha Race\",\"isPartOf\":{\"@id\":\"https:\\\/\\\/iha-race.com\\\/pt-pt\\\/#website\"},\"primaryImageOfPage\":{\"@id\":\"https:\\\/\\\/iha-race.com\\\/pt-pt\\\/produto\\\/srt-coreless-servo-a-prueba-de-agua-23-0kg-0-12sec-6-0v\\\/#primaryimage\"},\"image\":{\"@id\":\"https:\\\/\\\/iha-race.com\\\/pt-pt\\\/produto\\\/srt-coreless-servo-a-prueba-de-agua-23-0kg-0-12sec-6-0v\\\/#primaryimage\"},\"thumbnailUrl\":\"https:\\\/\\\/iha-race.com\\\/wp-content\\\/uploads\\\/2022\\\/09\\\/SRT-Coreless-Servo-a-Prueba-de-Agua-23.0kg-0.12sec-6.0V-1.jpg\",\"datePublished\":\"2022-09-05T14:39:35+00:00\",\"dateModified\":\"2024-08-29T10:01:46+00:00\",\"breadcrumb\":{\"@id\":\"https:\\\/\\\/iha-race.com\\\/pt-pt\\\/produto\\\/srt-coreless-servo-a-prueba-de-agua-23-0kg-0-12sec-6-0v\\\/#breadcrumb\"},\"inLanguage\":\"pt-PT\",\"potentialAction\":[{\"@type\":\"ReadAction\",\"target\":[\"https:\\\/\\\/iha-race.com\\\/pt-pt\\\/produto\\\/srt-coreless-servo-a-prueba-de-agua-23-0kg-0-12sec-6-0v\\\/\"]}]},{\"@type\":\"ImageObject\",\"inLanguage\":\"pt-PT\",\"@id\":\"https:\\\/\\\/iha-race.com\\\/pt-pt\\\/produto\\\/srt-coreless-servo-a-prueba-de-agua-23-0kg-0-12sec-6-0v\\\/#primaryimage\",\"url\":\"https:\\\/\\\/iha-race.com\\\/wp-content\\\/uploads\\\/2022\\\/09\\\/SRT-Coreless-Servo-a-Prueba-de-Agua-23.0kg-0.12sec-6.0V-1.jpg\",\"contentUrl\":\"https:\\\/\\\/iha-race.com\\\/wp-content\\\/uploads\\\/2022\\\/09\\\/SRT-Coreless-Servo-a-Prueba-de-Agua-23.0kg-0.12sec-6.0V-1.jpg\",\"width\":1024,\"height\":1024,\"caption\":\"comprar bom pre\u00e7o Servo imperme\u00e1vel Coreless SRT 23.0kg 0.12sec 6.0V\"},{\"@type\":\"BreadcrumbList\",\"@id\":\"https:\\\/\\\/iha-race.com\\\/pt-pt\\\/produto\\\/srt-coreless-servo-a-prueba-de-agua-23-0kg-0-12sec-6-0v\\\/#breadcrumb\",\"itemListElement\":[{\"@type\":\"ListItem\",\"position\":1,\"name\":\"Portada\",\"item\":\"https:\\\/\\\/iha-race.com\\\/pt-pt\\\/elementor-499\\\/\"},{\"@type\":\"ListItem\",\"position\":2,\"name\":\"Shop\",\"item\":\"https:\\\/\\\/iha-race.com\\\/pt-pt\\\/shop\\\/\"},{\"@type\":\"ListItem\",\"position\":3,\"name\":\"SRT Servo imperme\u00e1vel sem corda 23.0kg \\\/ 0.12sec @ 6.0V\"}]},{\"@type\":\"WebSite\",\"@id\":\"https:\\\/\\\/iha-race.com\\\/pt-pt\\\/#website\",\"url\":\"https:\\\/\\\/iha-race.com\\\/pt-pt\\\/\",\"name\":\"Iha Race\",\"description\":\"Comprar drones de carreras FPV env\u00edos en un d\u00eda desde Espa\u00f1a\",\"publisher\":{\"@id\":\"https:\\\/\\\/iha-race.com\\\/pt-pt\\\/#organization\"},\"potentialAction\":[{\"@type\":\"SearchAction\",\"target\":{\"@type\":\"EntryPoint\",\"urlTemplate\":\"https:\\\/\\\/iha-race.com\\\/pt-pt\\\/?s={search_term_string}\"},\"query-input\":{\"@type\":\"PropertyValueSpecification\",\"valueRequired\":true,\"valueName\":\"search_term_string\"}}],\"inLanguage\":\"pt-PT\"},{\"@type\":\"Organization\",\"@id\":\"https:\\\/\\\/iha-race.com\\\/pt-pt\\\/#organization\",\"name\":\"Iha Race\",\"url\":\"https:\\\/\\\/iha-race.com\\\/pt-pt\\\/\",\"logo\":{\"@type\":\"ImageObject\",\"inLanguage\":\"pt-PT\",\"@id\":\"https:\\\/\\\/iha-race.com\\\/pt-pt\\\/#\\\/schema\\\/logo\\\/image\\\/\",\"url\":\"https:\\\/\\\/iha-race.com\\\/wp-content\\\/uploads\\\/2018\\\/07\\\/iha-race-drones-de-carreras-tienda-comprar-drones.png\",\"contentUrl\":\"https:\\\/\\\/iha-race.com\\\/wp-content\\\/uploads\\\/2018\\\/07\\\/iha-race-drones-de-carreras-tienda-comprar-drones.png\",\"width\":300,\"height\":100,\"caption\":\"Iha Race\"},\"image\":{\"@id\":\"https:\\\/\\\/iha-race.com\\\/pt-pt\\\/#\\\/schema\\\/logo\\\/image\\\/\"}}]}<\/script>\n<!-- \/ Yoast SEO plugin. -->","yoast_head_json":{"title":"SRT Servo imperme\u00e1vel sem corda 23.0kg \/ 0.12sec @ 6.0V - Iha Race","robots":{"index":"index","follow":"follow","max-snippet":"max-snippet:-1","max-image-preview":"max-image-preview:large","max-video-preview":"max-video-preview:-1"},"canonical":"https:\/\/iha-race.com\/pt-pt\/produto\/srt-coreless-servo-a-prueba-de-agua-23-0kg-0-12sec-6-0v\/","og_locale":"pt_PT","og_type":"article","og_title":"SRT Servo imperme\u00e1vel sem corda 23.0kg \/ 0.12sec @ 6.0V - Iha Race","og_description":"SRT Servo imperme\u00e1vel sem corda 23.0kg \/ 0.12sec @ 6.0V SRT-Racing &#8211; criados de primeira classe! Caracter\u00edsticas: \u00c0 prova de \u00e1gua Motor coreless Caixa de alum\u00ednio da parte interm\u00e9dia Controlador","og_url":"https:\/\/iha-race.com\/pt-pt\/produto\/srt-coreless-servo-a-prueba-de-agua-23-0kg-0-12sec-6-0v\/","og_site_name":"Iha Race","article_modified_time":"2024-08-29T10:01:46+00:00","og_image":[{"width":1024,"height":1024,"url":"https:\/\/iha-race.com\/wp-content\/uploads\/2022\/09\/SRT-Coreless-Servo-a-Prueba-de-Agua-23.0kg-0.12sec-6.0V-1.jpg","type":"image\/jpeg"}],"twitter_card":"summary_large_image","twitter_misc":{"Tempo estimado de leitura":"1 minuto"},"schema":{"@context":"https:\/\/schema.org","@graph":[{"@type":"WebPage","@id":"https:\/\/iha-race.com\/pt-pt\/produto\/srt-coreless-servo-a-prueba-de-agua-23-0kg-0-12sec-6-0v\/","url":"https:\/\/iha-race.com\/pt-pt\/produto\/srt-coreless-servo-a-prueba-de-agua-23-0kg-0-12sec-6-0v\/","name":"SRT Servo imperme\u00e1vel sem corda 23.0kg \/ 0.12sec @ 6.0V - Iha Race","isPartOf":{"@id":"https:\/\/iha-race.com\/pt-pt\/#website"},"primaryImageOfPage":{"@id":"https:\/\/iha-race.com\/pt-pt\/produto\/srt-coreless-servo-a-prueba-de-agua-23-0kg-0-12sec-6-0v\/#primaryimage"},"image":{"@id":"https:\/\/iha-race.com\/pt-pt\/produto\/srt-coreless-servo-a-prueba-de-agua-23-0kg-0-12sec-6-0v\/#primaryimage"},"thumbnailUrl":"https:\/\/iha-race.com\/wp-content\/uploads\/2022\/09\/SRT-Coreless-Servo-a-Prueba-de-Agua-23.0kg-0.12sec-6.0V-1.jpg","datePublished":"2022-09-05T14:39:35+00:00","dateModified":"2024-08-29T10:01:46+00:00","breadcrumb":{"@id":"https:\/\/iha-race.com\/pt-pt\/produto\/srt-coreless-servo-a-prueba-de-agua-23-0kg-0-12sec-6-0v\/#breadcrumb"},"inLanguage":"pt-PT","potentialAction":[{"@type":"ReadAction","target":["https:\/\/iha-race.com\/pt-pt\/produto\/srt-coreless-servo-a-prueba-de-agua-23-0kg-0-12sec-6-0v\/"]}]},{"@type":"ImageObject","inLanguage":"pt-PT","@id":"https:\/\/iha-race.com\/pt-pt\/produto\/srt-coreless-servo-a-prueba-de-agua-23-0kg-0-12sec-6-0v\/#primaryimage","url":"https:\/\/iha-race.com\/wp-content\/uploads\/2022\/09\/SRT-Coreless-Servo-a-Prueba-de-Agua-23.0kg-0.12sec-6.0V-1.jpg","contentUrl":"https:\/\/iha-race.com\/wp-content\/uploads\/2022\/09\/SRT-Coreless-Servo-a-Prueba-de-Agua-23.0kg-0.12sec-6.0V-1.jpg","width":1024,"height":1024,"caption":"comprar bom pre\u00e7o Servo imperme\u00e1vel Coreless SRT 23.0kg 0.12sec 6.0V"},{"@type":"BreadcrumbList","@id":"https:\/\/iha-race.com\/pt-pt\/produto\/srt-coreless-servo-a-prueba-de-agua-23-0kg-0-12sec-6-0v\/#breadcrumb","itemListElement":[{"@type":"ListItem","position":1,"name":"Portada","item":"https:\/\/iha-race.com\/pt-pt\/elementor-499\/"},{"@type":"ListItem","position":2,"name":"Shop","item":"https:\/\/iha-race.com\/pt-pt\/shop\/"},{"@type":"ListItem","position":3,"name":"SRT Servo imperme\u00e1vel sem corda 23.0kg \/ 0.12sec @ 6.0V"}]},{"@type":"WebSite","@id":"https:\/\/iha-race.com\/pt-pt\/#website","url":"https:\/\/iha-race.com\/pt-pt\/","name":"Iha Race","description":"Comprar drones de carreras FPV env\u00edos en un d\u00eda desde Espa\u00f1a","publisher":{"@id":"https:\/\/iha-race.com\/pt-pt\/#organization"},"potentialAction":[{"@type":"SearchAction","target":{"@type":"EntryPoint","urlTemplate":"https:\/\/iha-race.com\/pt-pt\/?s={search_term_string}"},"query-input":{"@type":"PropertyValueSpecification","valueRequired":true,"valueName":"search_term_string"}}],"inLanguage":"pt-PT"},{"@type":"Organization","@id":"https:\/\/iha-race.com\/pt-pt\/#organization","name":"Iha Race","url":"https:\/\/iha-race.com\/pt-pt\/","logo":{"@type":"ImageObject","inLanguage":"pt-PT","@id":"https:\/\/iha-race.com\/pt-pt\/#\/schema\/logo\/image\/","url":"https:\/\/iha-race.com\/wp-content\/uploads\/2018\/07\/iha-race-drones-de-carreras-tienda-comprar-drones.png","contentUrl":"https:\/\/iha-race.com\/wp-content\/uploads\/2018\/07\/iha-race-drones-de-carreras-tienda-comprar-drones.png","width":300,"height":100,"caption":"Iha Race"},"image":{"@id":"https:\/\/iha-race.com\/pt-pt\/#\/schema\/logo\/image\/"}}]}},"jetpack_sharing_enabled":true,"brands":[],"_links":{"self":[{"href":"https:\/\/iha-race.com\/pt-pt\/wp-json\/wp\/v2\/product\/116460","targetHints":{"allow":["GET"]}}],"collection":[{"href":"https:\/\/iha-race.com\/pt-pt\/wp-json\/wp\/v2\/product"}],"about":[{"href":"https:\/\/iha-race.com\/pt-pt\/wp-json\/wp\/v2\/types\/product"}],"replies":[{"embeddable":true,"href":"https:\/\/iha-race.com\/pt-pt\/wp-json\/wp\/v2\/comments?post=116460"}],"version-history":[{"count":2,"href":"https:\/\/iha-race.com\/pt-pt\/wp-json\/wp\/v2\/product\/116460\/revisions"}],"predecessor-version":[{"id":249053,"href":"https:\/\/iha-race.com\/pt-pt\/wp-json\/wp\/v2\/product\/116460\/revisions\/249053"}],"wp:featuredmedia":[{"embeddable":true,"href":"https:\/\/iha-race.com\/pt-pt\/wp-json\/wp\/v2\/media\/116455"}],"wp:attachment":[{"href":"https:\/\/iha-race.com\/pt-pt\/wp-json\/wp\/v2\/media?parent=116460"}],"wp:term":[{"taxonomy":"pwb-brand","embeddable":true,"href":"https:\/\/iha-race.com\/pt-pt\/wp-json\/wp\/v2\/pwb-brand?post=116460"},{"taxonomy":"product_cat","embeddable":true,"href":"https:\/\/iha-race.com\/pt-pt\/wp-json\/wp\/v2\/product_cat?post=116460"},{"taxonomy":"product_tag","embeddable":true,"href":"https:\/\/iha-race.com\/pt-pt\/wp-json\/wp\/v2\/product_tag?post=116460"}],"curies":[{"name":"wp","href":"https:\/\/api.w.org\/{rel}","templated":true}]}}