{"id":116162,"date":"2022-08-31T17:40:35","date_gmt":"2022-08-31T15:40:35","guid":{"rendered":"https:\/\/iha-race.com\/producto\/modulo-de-recuperacao-betafpv-expresslrs\/"},"modified":"2026-04-03T21:37:01","modified_gmt":"2026-04-03T19:37:01","slug":"modulo-betafpv-recovery-expresslrs-module","status":"publish","type":"product","link":"https:\/\/iha-race.com\/pt-pt\/produto\/modulo-betafpv-recovery-expresslrs-module\/","title":{"rendered":"M\u00f3dulo de recupera\u00e7\u00e3o Betafpv ExpressLRS"},"content":{"rendered":"<h2>M\u00f3dulo de recupera\u00e7\u00e3o Betafpv ExpressLRS<\/h2>\n<p>  O ExpressLRS Recovery Dongle \u00e9 um m\u00f3dulo FTDI USB para TTL baseado no driver de ponte CP2102, que \u00e9 aplicado \u00e0 atualiza\u00e7\u00e3o de firmware para o chip ESP32 e ESP8XX. O ExpressLRS Recovery Dongle \u00e9 compat\u00edvel com muitos receptores ELRS no mercado, como o receptor ELRS Lite, o receptor ELRS Nano, o receptor ELRS Micro e a mochila com \u00f3culos FPV. Ser\u00e1 uma boa op\u00e7\u00e3o para desbloquear o recetor ELRS quando a atualiza\u00e7\u00e3o ou o flashing do firmware atrav\u00e9s da UART falhar.  <img decoding=\"async\" src=\"https:\/\/cdn.shopifycdn.net\/s\/files\/1\/1778\/6615\/files\/FB2_2360779c-5da0-40c9-bcde-d1b92a4dda77_1024x1024.jpg?v=1653462876\"><\/p>\n<h2>Caracter\u00edsticas<\/h2>\n<ul>\n<li>Desbloqueie e recupere o receptor ELRS quando tiver uma actualiza\u00e7\u00e3o falhada, tal como um carregador de arranque em falta.<\/li>\n<li>Soldadura gratuita! Apresenta pinos de sonda com mola para uma utiliza\u00e7\u00e3o conveniente. A liga\u00e7\u00e3o directa ao receptor ELRS n\u00e3o requer soldadura.<\/li>\n<li>O m\u00f3dulo ExpressLRS Recovery Dongle FTDI USB to TTL \u00e9 coberto pela caixa e \u00e9 mais dur\u00e1vel e port\u00e1til em compara\u00e7\u00e3o com a vers\u00e3o de placa nua no mercado.<\/li>\n<li>Suporta muitos sistemas inform\u00e1ticos no mercado, tais como Windows, MAC e Linux. Este m\u00f3dulo utiliza uma porta USB tipo C para se ligar ao computador.<\/li>\n<\/ul>\n<h2>Especifica\u00e7\u00e3o<\/h2>\n<ul>\n<li>Interface USB: conector USB tipo C macho<\/li>\n<li>Tens\u00e3o de funcionamento: 5V.<\/li>\n<li>Tens\u00e3o l\u00f3gica: 5V.<\/li>\n<li>Corrente de sa\u00edda da fonte de alimenta\u00e7\u00e3o de 3,3 V: 400 mA<\/li>\n<li>M\u00e9todo Pin-out: 2 * 4P-2,54mm cabe\u00e7alho do pino<\/li>\n<li>Taxa de bauds em s\u00e9rie: At\u00e9 921600bps.<\/li>\n<li>Suporte USB1.1, USB2.0<\/li>\n<li>USB para chip s\u00e9rie (CP2102) compat\u00edvel com XP, win7\/win8 32bits, 64bits, win10\/11 32bits, 64bits, Linux, MAC&#8230;<\/li>\n<\/ul>\n<p><img decoding=\"async\" src=\"https:\/\/cdn.shopifycdn.net\/s\/files\/1\/1778\/6615\/files\/468ef44610c31b5b50b747b4f9f5ee49_d8bf43e9-a112-4b71-960b-44306bf14ed7_480x480.jpg?v=1653386673\"><\/p>\n<h2>Saiba mais sobre o m\u00f3dulo FTDI<\/h2>\n<p>  O ExpressLRS Recovery Dongle (m\u00f3dulo FTDI) \u00e9 utilizado principalmente para desbloquear o recetor ELRS quando ocorre uma falha na atualiza\u00e7\u00e3o atrav\u00e9s da atualiza\u00e7\u00e3o ou transfer\u00eancia Wi-Fi, mas tamb\u00e9m fornece o <a href=\"https:\/\/www.expresslrs.org\/2.0\/quick-start\/receivers\/betafpv2400\/#flashing-via-ftdi\" target=\"_blank\" rel=\"noopener\">modo UART <\/a>para atualizar o recetor ELRS ou o dongle. Este m\u00f3dulo FTDI possui pinos de sonda com mola e um conector para uso sem solda, o que \u00e9 mais conveniente para os utilizadores. Al\u00e9m disso, \u00e9 muito dur\u00e1vel e port\u00e1til com um estojo.  <img decoding=\"async\" src=\"https:\/\/cdn.shopifycdn.net\/s\/files\/1\/1778\/6615\/files\/FB_72be40ac-7773-45df-a598-ad8503f4d306_1024x1024.jpg?v=1653462856\"><\/p>\n<h2>Diagrama<\/h2>\n<p>  A imagem abaixo \u00e9 o diagrama do ExpressLRS Recovery Dongle.  <img decoding=\"async\" src=\"https:\/\/cdn.shopifycdn.net\/s\/files\/1\/1778\/6615\/files\/c774e486543675a6b48a433542baaabb_98bbb3ce-9f44-4ad1-b07e-53c4d9eaf6b9_600x600.jpg?v=1653383187\"><\/p>\n<p><img decoding=\"async\" src=\"https:\/\/cdn.shopifycdn.net\/s\/files\/1\/1778\/6615\/files\/1_67b06760-b132-480d-9a23-523fec639053_600x600.jpg?v=1653462996\"><\/p>\n<h2>Perguntas mais frequentes<\/h2>\n<p>  Clica na liga\u00e7\u00e3o abaixo para saberes como utilizar o ExpressLRS Recovery Dongle. Este m\u00f3dulo requer o driver para o sistema Windows e n\u00e3o \u00e9 necess\u00e1rio se estiveres a utilizar MAC ou Linux.  <a href=\"https:\/\/support.betafpv.com\/hc\/en-us\/articles\/6187770156569-How-to-use-Expresslrs-Recovery-Dongle\" target=\"_blank\" rel=\"noopener\">Como utilizar o ExpressLRSController Recovery Dongle<\/a><a href=\"https:\/\/support.betafpv.com\/hc\/en-us\/article_attachments\/6372787864729\/CP2102USB.zip\" target=\"_blank\" rel=\"noopener\">para Windows<\/a> Este v\u00eddeo vai ajudar-te a saber como atualizar o firmware atrav\u00e9s da FTDI.<br \/>\n &nbsp; (<strong>ENGLISH AUDIO)<\/strong> https:\/\/youtu.be\/icYlSK91kyc Nota: O cabo USB Tipo C n\u00e3o est\u00e1 inclu\u00eddo na embalagem. Certifica-te de que tens um dispon\u00edvel.  <\/p>\n<h2>Recomenda\u00e7\u00e3o do receptor<\/h2>\n<ul>\n<li>Receptor ELRS Lite<\/li>\n<li>Receptor ELRS Nano<\/li>\n<li>Micro-receptor ELRS<\/li>\n<li>Outros receptores ELRS com chip ESP32 e ESP8XX.<\/li>\n<\/ul>\n<p><img decoding=\"async\" src=\"https:\/\/cdn.shopifycdn.net\/s\/files\/1\/1778\/6615\/files\/FB1_fdce2c19-a198-41fd-a04f-64f0df971dfb_1024x1024.jpg?v=1653462893\"><\/p>\n<h2>O pacote inclui<\/h2>\n<ul>\n<li>1 x ExpressLRS dongle de recupera\u00e7\u00e3o<\/li>\n<li>1 x cabo de 4 pinos.<\/li>\n<li>1 x placa conversor de sonda<\/li>\n<\/ul>\n","protected":false},"excerpt":{"rendered":"<p>M\u00f3dulo de recupera\u00e7\u00e3o Betafpv ExpressLRS O ExpressLRS Recovery Dongle \u00e9 um m\u00f3dulo FTDI USB para TTL baseado no driver de ponte CP2102, que \u00e9 aplicado \u00e0 atualiza\u00e7\u00e3o de firmware para<\/p>\n","protected":false},"featured_media":116150,"comment_status":"open","ping_status":"closed","template":"","meta":{"_joinchat":[]},"pwb-brand":[],"product_cat":[1249,1287,2441],"product_tag":[],"class_list":{"0":"post-116162","1":"product","2":"type-product","3":"status-publish","4":"has-post-thumbnail","6":"product_cat-emissoras","7":"product_cat-longa-distancia","8":"product_cat-receptores-rx-pt-pt","10":"first","11":"instock","12":"taxable","13":"shipping-taxable","14":"purchasable","15":"product-type-simple"},"barcode":null,"atum_controlled":true,"out_stock_date":null,"out_stock_threshold":null,"inheritable":false,"stock_on_hold":0,"sold_today":0,"sales_last_days":0,"out_stock_days":0,"lost_sales":0,"update_date":"2026-04-18T20:30:54","atum_locations":[],"atum_stock_status":"instock","restock_status":false,"low_stock_amount":"","sales_update_date":"2026-04-18T20:30:54","calc_backorders":null,"yoast_head":"<!-- This site is optimized with the Yoast SEO plugin v27.3 - https:\/\/yoast.com\/product\/yoast-seo-wordpress\/ -->\n<title>M\u00f3dulo de recupera\u00e7\u00e3o Betafpv ExpressLRS - Iha Race<\/title>\n<meta name=\"robots\" content=\"index, follow, max-snippet:-1, max-image-preview:large, max-video-preview:-1\" \/>\n<link rel=\"canonical\" href=\"https:\/\/iha-race.com\/pt-pt\/produto\/modulo-betafpv-recovery-expresslrs-module\/\" \/>\n<meta property=\"og:locale\" content=\"pt_PT\" \/>\n<meta property=\"og:type\" content=\"article\" \/>\n<meta property=\"og:title\" content=\"M\u00f3dulo de recupera\u00e7\u00e3o Betafpv ExpressLRS - Iha Race\" \/>\n<meta property=\"og:description\" content=\"M\u00f3dulo de recupera\u00e7\u00e3o Betafpv ExpressLRS O ExpressLRS Recovery Dongle \u00e9 um m\u00f3dulo FTDI USB para TTL baseado no driver de ponte CP2102, que \u00e9 aplicado \u00e0 atualiza\u00e7\u00e3o de firmware para\" \/>\n<meta property=\"og:url\" content=\"https:\/\/iha-race.com\/pt-pt\/produto\/modulo-betafpv-recovery-expresslrs-module\/\" \/>\n<meta property=\"og:site_name\" content=\"Iha Race\" \/>\n<meta property=\"article:modified_time\" content=\"2026-04-03T19:37:01+00:00\" \/>\n<meta property=\"og:image\" content=\"https:\/\/iha-race.com\/wp-content\/uploads\/2022\/08\/Modulo-Betafpv-de-recuperacion-ExpressLRS.webp\" \/>\n\t<meta property=\"og:image:width\" content=\"720\" \/>\n\t<meta property=\"og:image:height\" content=\"720\" \/>\n\t<meta property=\"og:image:type\" content=\"image\/webp\" \/>\n<meta name=\"twitter:card\" content=\"summary_large_image\" \/>\n<meta name=\"twitter:label1\" content=\"Tempo estimado de leitura\" \/>\n\t<meta name=\"twitter:data1\" content=\"2 minutos\" \/>\n<script type=\"application\/ld+json\" class=\"yoast-schema-graph\">{\"@context\":\"https:\\\/\\\/schema.org\",\"@graph\":[{\"@type\":\"WebPage\",\"@id\":\"https:\\\/\\\/iha-race.com\\\/pt-pt\\\/produto\\\/modulo-betafpv-recovery-expresslrs-module\\\/\",\"url\":\"https:\\\/\\\/iha-race.com\\\/pt-pt\\\/produto\\\/modulo-betafpv-recovery-expresslrs-module\\\/\",\"name\":\"M\u00f3dulo de recupera\u00e7\u00e3o Betafpv ExpressLRS - Iha Race\",\"isPartOf\":{\"@id\":\"https:\\\/\\\/iha-race.com\\\/pt-pt\\\/#website\"},\"primaryImageOfPage\":{\"@id\":\"https:\\\/\\\/iha-race.com\\\/pt-pt\\\/produto\\\/modulo-betafpv-recovery-expresslrs-module\\\/#primaryimage\"},\"image\":{\"@id\":\"https:\\\/\\\/iha-race.com\\\/pt-pt\\\/produto\\\/modulo-betafpv-recovery-expresslrs-module\\\/#primaryimage\"},\"thumbnailUrl\":\"https:\\\/\\\/iha-race.com\\\/wp-content\\\/uploads\\\/2022\\\/08\\\/Modulo-Betafpv-de-recuperacion-ExpressLRS.webp\",\"datePublished\":\"2022-08-31T15:40:35+00:00\",\"dateModified\":\"2026-04-03T19:37:01+00:00\",\"breadcrumb\":{\"@id\":\"https:\\\/\\\/iha-race.com\\\/pt-pt\\\/produto\\\/modulo-betafpv-recovery-expresslrs-module\\\/#breadcrumb\"},\"inLanguage\":\"pt-PT\",\"potentialAction\":[{\"@type\":\"ReadAction\",\"target\":[\"https:\\\/\\\/iha-race.com\\\/pt-pt\\\/produto\\\/modulo-betafpv-recovery-expresslrs-module\\\/\"]}]},{\"@type\":\"ImageObject\",\"inLanguage\":\"pt-PT\",\"@id\":\"https:\\\/\\\/iha-race.com\\\/pt-pt\\\/produto\\\/modulo-betafpv-recovery-expresslrs-module\\\/#primaryimage\",\"url\":\"https:\\\/\\\/iha-race.com\\\/wp-content\\\/uploads\\\/2022\\\/08\\\/Modulo-Betafpv-de-recuperacion-ExpressLRS.webp\",\"contentUrl\":\"https:\\\/\\\/iha-race.com\\\/wp-content\\\/uploads\\\/2022\\\/08\\\/Modulo-Betafpv-de-recuperacion-ExpressLRS.webp\",\"width\":720,\"height\":720,\"caption\":\"comprar o m\u00f3dulo de recupera\u00e7\u00e3o Betafpv mais barato ExpressLRS\"},{\"@type\":\"BreadcrumbList\",\"@id\":\"https:\\\/\\\/iha-race.com\\\/pt-pt\\\/produto\\\/modulo-betafpv-recovery-expresslrs-module\\\/#breadcrumb\",\"itemListElement\":[{\"@type\":\"ListItem\",\"position\":1,\"name\":\"Portada\",\"item\":\"https:\\\/\\\/iha-race.com\\\/pt-pt\\\/elementor-499\\\/\"},{\"@type\":\"ListItem\",\"position\":2,\"name\":\"Shop\",\"item\":\"https:\\\/\\\/iha-race.com\\\/pt-pt\\\/shop\\\/\"},{\"@type\":\"ListItem\",\"position\":3,\"name\":\"M\u00f3dulo de recupera\u00e7\u00e3o Betafpv ExpressLRS\"}]},{\"@type\":\"WebSite\",\"@id\":\"https:\\\/\\\/iha-race.com\\\/pt-pt\\\/#website\",\"url\":\"https:\\\/\\\/iha-race.com\\\/pt-pt\\\/\",\"name\":\"Iha Race\",\"description\":\"Comprar drones de carreras FPV env\u00edos en un d\u00eda desde Espa\u00f1a\",\"publisher\":{\"@id\":\"https:\\\/\\\/iha-race.com\\\/pt-pt\\\/#organization\"},\"potentialAction\":[{\"@type\":\"SearchAction\",\"target\":{\"@type\":\"EntryPoint\",\"urlTemplate\":\"https:\\\/\\\/iha-race.com\\\/pt-pt\\\/?s={search_term_string}\"},\"query-input\":{\"@type\":\"PropertyValueSpecification\",\"valueRequired\":true,\"valueName\":\"search_term_string\"}}],\"inLanguage\":\"pt-PT\"},{\"@type\":\"Organization\",\"@id\":\"https:\\\/\\\/iha-race.com\\\/pt-pt\\\/#organization\",\"name\":\"Iha Race\",\"url\":\"https:\\\/\\\/iha-race.com\\\/pt-pt\\\/\",\"logo\":{\"@type\":\"ImageObject\",\"inLanguage\":\"pt-PT\",\"@id\":\"https:\\\/\\\/iha-race.com\\\/pt-pt\\\/#\\\/schema\\\/logo\\\/image\\\/\",\"url\":\"https:\\\/\\\/iha-race.com\\\/wp-content\\\/uploads\\\/2018\\\/07\\\/iha-race-drones-de-carreras-tienda-comprar-drones.png\",\"contentUrl\":\"https:\\\/\\\/iha-race.com\\\/wp-content\\\/uploads\\\/2018\\\/07\\\/iha-race-drones-de-carreras-tienda-comprar-drones.png\",\"width\":300,\"height\":100,\"caption\":\"Iha Race\"},\"image\":{\"@id\":\"https:\\\/\\\/iha-race.com\\\/pt-pt\\\/#\\\/schema\\\/logo\\\/image\\\/\"}}]}<\/script>\n<!-- \/ Yoast SEO plugin. -->","yoast_head_json":{"title":"M\u00f3dulo de recupera\u00e7\u00e3o Betafpv ExpressLRS - Iha Race","robots":{"index":"index","follow":"follow","max-snippet":"max-snippet:-1","max-image-preview":"max-image-preview:large","max-video-preview":"max-video-preview:-1"},"canonical":"https:\/\/iha-race.com\/pt-pt\/produto\/modulo-betafpv-recovery-expresslrs-module\/","og_locale":"pt_PT","og_type":"article","og_title":"M\u00f3dulo de recupera\u00e7\u00e3o Betafpv ExpressLRS - Iha Race","og_description":"M\u00f3dulo de recupera\u00e7\u00e3o Betafpv ExpressLRS O ExpressLRS Recovery Dongle \u00e9 um m\u00f3dulo FTDI USB para TTL baseado no driver de ponte CP2102, que \u00e9 aplicado \u00e0 atualiza\u00e7\u00e3o de firmware para","og_url":"https:\/\/iha-race.com\/pt-pt\/produto\/modulo-betafpv-recovery-expresslrs-module\/","og_site_name":"Iha Race","article_modified_time":"2026-04-03T19:37:01+00:00","og_image":[{"width":720,"height":720,"url":"https:\/\/iha-race.com\/wp-content\/uploads\/2022\/08\/Modulo-Betafpv-de-recuperacion-ExpressLRS.webp","type":"image\/webp"}],"twitter_card":"summary_large_image","twitter_misc":{"Tempo estimado de leitura":"2 minutos"},"schema":{"@context":"https:\/\/schema.org","@graph":[{"@type":"WebPage","@id":"https:\/\/iha-race.com\/pt-pt\/produto\/modulo-betafpv-recovery-expresslrs-module\/","url":"https:\/\/iha-race.com\/pt-pt\/produto\/modulo-betafpv-recovery-expresslrs-module\/","name":"M\u00f3dulo de recupera\u00e7\u00e3o Betafpv ExpressLRS - Iha Race","isPartOf":{"@id":"https:\/\/iha-race.com\/pt-pt\/#website"},"primaryImageOfPage":{"@id":"https:\/\/iha-race.com\/pt-pt\/produto\/modulo-betafpv-recovery-expresslrs-module\/#primaryimage"},"image":{"@id":"https:\/\/iha-race.com\/pt-pt\/produto\/modulo-betafpv-recovery-expresslrs-module\/#primaryimage"},"thumbnailUrl":"https:\/\/iha-race.com\/wp-content\/uploads\/2022\/08\/Modulo-Betafpv-de-recuperacion-ExpressLRS.webp","datePublished":"2022-08-31T15:40:35+00:00","dateModified":"2026-04-03T19:37:01+00:00","breadcrumb":{"@id":"https:\/\/iha-race.com\/pt-pt\/produto\/modulo-betafpv-recovery-expresslrs-module\/#breadcrumb"},"inLanguage":"pt-PT","potentialAction":[{"@type":"ReadAction","target":["https:\/\/iha-race.com\/pt-pt\/produto\/modulo-betafpv-recovery-expresslrs-module\/"]}]},{"@type":"ImageObject","inLanguage":"pt-PT","@id":"https:\/\/iha-race.com\/pt-pt\/produto\/modulo-betafpv-recovery-expresslrs-module\/#primaryimage","url":"https:\/\/iha-race.com\/wp-content\/uploads\/2022\/08\/Modulo-Betafpv-de-recuperacion-ExpressLRS.webp","contentUrl":"https:\/\/iha-race.com\/wp-content\/uploads\/2022\/08\/Modulo-Betafpv-de-recuperacion-ExpressLRS.webp","width":720,"height":720,"caption":"comprar o m\u00f3dulo de recupera\u00e7\u00e3o Betafpv mais barato ExpressLRS"},{"@type":"BreadcrumbList","@id":"https:\/\/iha-race.com\/pt-pt\/produto\/modulo-betafpv-recovery-expresslrs-module\/#breadcrumb","itemListElement":[{"@type":"ListItem","position":1,"name":"Portada","item":"https:\/\/iha-race.com\/pt-pt\/elementor-499\/"},{"@type":"ListItem","position":2,"name":"Shop","item":"https:\/\/iha-race.com\/pt-pt\/shop\/"},{"@type":"ListItem","position":3,"name":"M\u00f3dulo de recupera\u00e7\u00e3o Betafpv ExpressLRS"}]},{"@type":"WebSite","@id":"https:\/\/iha-race.com\/pt-pt\/#website","url":"https:\/\/iha-race.com\/pt-pt\/","name":"Iha Race","description":"Comprar drones de carreras FPV env\u00edos en un d\u00eda desde Espa\u00f1a","publisher":{"@id":"https:\/\/iha-race.com\/pt-pt\/#organization"},"potentialAction":[{"@type":"SearchAction","target":{"@type":"EntryPoint","urlTemplate":"https:\/\/iha-race.com\/pt-pt\/?s={search_term_string}"},"query-input":{"@type":"PropertyValueSpecification","valueRequired":true,"valueName":"search_term_string"}}],"inLanguage":"pt-PT"},{"@type":"Organization","@id":"https:\/\/iha-race.com\/pt-pt\/#organization","name":"Iha Race","url":"https:\/\/iha-race.com\/pt-pt\/","logo":{"@type":"ImageObject","inLanguage":"pt-PT","@id":"https:\/\/iha-race.com\/pt-pt\/#\/schema\/logo\/image\/","url":"https:\/\/iha-race.com\/wp-content\/uploads\/2018\/07\/iha-race-drones-de-carreras-tienda-comprar-drones.png","contentUrl":"https:\/\/iha-race.com\/wp-content\/uploads\/2018\/07\/iha-race-drones-de-carreras-tienda-comprar-drones.png","width":300,"height":100,"caption":"Iha Race"},"image":{"@id":"https:\/\/iha-race.com\/pt-pt\/#\/schema\/logo\/image\/"}}]}},"jetpack_sharing_enabled":true,"brands":[],"_links":{"self":[{"href":"https:\/\/iha-race.com\/pt-pt\/wp-json\/wp\/v2\/product\/116162","targetHints":{"allow":["GET"]}}],"collection":[{"href":"https:\/\/iha-race.com\/pt-pt\/wp-json\/wp\/v2\/product"}],"about":[{"href":"https:\/\/iha-race.com\/pt-pt\/wp-json\/wp\/v2\/types\/product"}],"replies":[{"embeddable":true,"href":"https:\/\/iha-race.com\/pt-pt\/wp-json\/wp\/v2\/comments?post=116162"}],"version-history":[{"count":3,"href":"https:\/\/iha-race.com\/pt-pt\/wp-json\/wp\/v2\/product\/116162\/revisions"}],"predecessor-version":[{"id":249034,"href":"https:\/\/iha-race.com\/pt-pt\/wp-json\/wp\/v2\/product\/116162\/revisions\/249034"}],"wp:featuredmedia":[{"embeddable":true,"href":"https:\/\/iha-race.com\/pt-pt\/wp-json\/wp\/v2\/media\/116150"}],"wp:attachment":[{"href":"https:\/\/iha-race.com\/pt-pt\/wp-json\/wp\/v2\/media?parent=116162"}],"wp:term":[{"taxonomy":"pwb-brand","embeddable":true,"href":"https:\/\/iha-race.com\/pt-pt\/wp-json\/wp\/v2\/pwb-brand?post=116162"},{"taxonomy":"product_cat","embeddable":true,"href":"https:\/\/iha-race.com\/pt-pt\/wp-json\/wp\/v2\/product_cat?post=116162"},{"taxonomy":"product_tag","embeddable":true,"href":"https:\/\/iha-race.com\/pt-pt\/wp-json\/wp\/v2\/product_tag?post=116162"}],"curies":[{"name":"wp","href":"https:\/\/api.w.org\/{rel}","templated":true}]}}