{"id":115480,"date":"2022-08-14T19:09:32","date_gmt":"2022-08-14T17:09:32","guid":{"rendered":"https:\/\/iha-race.com\/producto\/correia-de-alta-qualidade-iha-race-20250mm-2-pcs\/"},"modified":"2026-04-02T20:36:53","modified_gmt":"2026-04-02T18:36:53","slug":"strap-iha-race-de-alta-calidad-20250mm-2-pcs","status":"publish","type":"product","link":"https:\/\/iha-race.com\/pt-pt\/produto\/strap-iha-race-de-alta-calidad-20250mm-2-pcs\/","title":{"rendered":"Correia de alta qualidade IHA-Race 20x250mm (2 PCS)"},"content":{"rendered":"<h2><span data-sheets-value=\"{\"1\":2,\"2\":\"Strap IHA-Race de Alta Calidad 20*250mm (2 PCS)\"}\" data-sheets-userformat=\"{\"2\":13057,\"3\":{\"1\":0},\"11\":4,\"12\":0,\"15\":\"Arial\",\"16\":12}\">Correia de alta qualidade IHA-Race 20x250mm (2 PCS)<\/span><\/h2>\n<div id=\"collapse-description\" class=\"desc-collapse showdown\">  A correia IHA-Race \u00e9 revestida de borracha no lado virado para a lipo, assegurando que n\u00e3o escorrega, mesmo sem a aplica\u00e7\u00e3o de adesivo adicional na estrutura. Estas correias de tamanho &#8220;m\u00e9dio&#8221; t\u00eam um comprimento de 250 mm, dos quais 20 mm fazem frequentemente a diferen\u00e7a para segurares bem a bateria.  <\/p>\n<h2>Caracter\u00edsticas:<\/h2>\n<ul>\n<li>Marca: IHA-Race<\/li>\n<li>Nome do artigo: Correia de bateria<\/li>\n<li>Cor: preto<\/li>\n<li>Comprimento: 250 mm<\/li>\n<li>Largura: 20 mm<\/li>\n<li>Quantidade: 2 PCS<\/li>\n<\/ul>\n<h2>O pacote inclui:<\/h2>\n<ul>\n<li>2 x Correias de bateria 20x250mm<\/li>\n<\/ul>\n<\/div>\n","protected":false},"excerpt":{"rendered":"<p>Correia de alta qualidade IHA-Race 20x250mm (2 PCS) A correia IHA-Race \u00e9 revestida de borracha no lado virado para a lipo, assegurando que n\u00e3o escorrega, mesmo sem a aplica\u00e7\u00e3o de<\/p>\n","protected":false},"featured_media":115477,"comment_status":"open","ping_status":"closed","template":"","meta":{"_joinchat":[]},"pwb-brand":[],"product_cat":[1069],"product_tag":[],"class_list":{"0":"post-115480","1":"product","2":"type-product","3":"status-publish","4":"has-post-thumbnail","6":"product_cat-acessorios-de-bateria","8":"first","9":"instock","10":"taxable","11":"shipping-taxable","12":"purchasable","13":"product-type-simple"},"barcode":null,"atum_controlled":true,"out_stock_date":null,"out_stock_threshold":null,"inheritable":false,"stock_on_hold":0,"sold_today":0,"sales_last_days":1,"out_stock_days":0,"lost_sales":0,"update_date":"2026-04-08T16:43:16","atum_locations":[],"atum_stock_status":"instock","restock_status":false,"low_stock_amount":"","sales_update_date":"2026-04-08T10:17:11","calc_backorders":null,"yoast_head":"<!-- This site is optimized with the Yoast SEO plugin v27.3 - https:\/\/yoast.com\/product\/yoast-seo-wordpress\/ -->\n<title>Correia de alta qualidade IHA-Race 20x250mm (2 PCS) - Iha Race<\/title>\n<meta name=\"robots\" content=\"index, follow, max-snippet:-1, max-image-preview:large, max-video-preview:-1\" \/>\n<link rel=\"canonical\" href=\"https:\/\/iha-race.com\/pt-pt\/produto\/strap-iha-race-de-alta-calidad-20250mm-2-pcs\/\" \/>\n<meta property=\"og:locale\" content=\"pt_PT\" \/>\n<meta property=\"og:type\" content=\"article\" \/>\n<meta property=\"og:title\" content=\"Correia de alta qualidade IHA-Race 20x250mm (2 PCS) - Iha Race\" \/>\n<meta property=\"og:description\" content=\"Correia de alta qualidade IHA-Race 20x250mm (2 PCS) A correia IHA-Race \u00e9 revestida de borracha no lado virado para a lipo, assegurando que n\u00e3o escorrega, mesmo sem a aplica\u00e7\u00e3o de\" \/>\n<meta property=\"og:url\" content=\"https:\/\/iha-race.com\/pt-pt\/produto\/strap-iha-race-de-alta-calidad-20250mm-2-pcs\/\" \/>\n<meta property=\"og:site_name\" content=\"Iha Race\" \/>\n<meta property=\"article:modified_time\" content=\"2026-04-02T18:36:53+00:00\" \/>\n<meta property=\"og:image\" content=\"https:\/\/iha-race.com\/wp-content\/uploads\/2022\/08\/1ec89d27-bbe9-4734-b890-e6a21a850c78.jpg\" \/>\n\t<meta property=\"og:image:width\" content=\"928\" \/>\n\t<meta property=\"og:image:height\" content=\"958\" \/>\n\t<meta property=\"og:image:type\" content=\"image\/jpeg\" \/>\n<meta name=\"twitter:card\" content=\"summary_large_image\" \/>\n<script type=\"application\/ld+json\" class=\"yoast-schema-graph\">{\"@context\":\"https:\\\/\\\/schema.org\",\"@graph\":[{\"@type\":\"WebPage\",\"@id\":\"https:\\\/\\\/iha-race.com\\\/pt-pt\\\/produto\\\/strap-iha-race-de-alta-calidad-20250mm-2-pcs\\\/\",\"url\":\"https:\\\/\\\/iha-race.com\\\/pt-pt\\\/produto\\\/strap-iha-race-de-alta-calidad-20250mm-2-pcs\\\/\",\"name\":\"Correia de alta qualidade IHA-Race 20x250mm (2 PCS) - Iha Race\",\"isPartOf\":{\"@id\":\"https:\\\/\\\/iha-race.com\\\/pt-pt\\\/#website\"},\"primaryImageOfPage\":{\"@id\":\"https:\\\/\\\/iha-race.com\\\/pt-pt\\\/produto\\\/strap-iha-race-de-alta-calidad-20250mm-2-pcs\\\/#primaryimage\"},\"image\":{\"@id\":\"https:\\\/\\\/iha-race.com\\\/pt-pt\\\/produto\\\/strap-iha-race-de-alta-calidad-20250mm-2-pcs\\\/#primaryimage\"},\"thumbnailUrl\":\"https:\\\/\\\/iha-race.com\\\/wp-content\\\/uploads\\\/2022\\\/08\\\/1ec89d27-bbe9-4734-b890-e6a21a850c78.jpg\",\"datePublished\":\"2022-08-14T17:09:32+00:00\",\"dateModified\":\"2026-04-02T18:36:53+00:00\",\"breadcrumb\":{\"@id\":\"https:\\\/\\\/iha-race.com\\\/pt-pt\\\/produto\\\/strap-iha-race-de-alta-calidad-20250mm-2-pcs\\\/#breadcrumb\"},\"inLanguage\":\"pt-PT\",\"potentialAction\":[{\"@type\":\"ReadAction\",\"target\":[\"https:\\\/\\\/iha-race.com\\\/pt-pt\\\/produto\\\/strap-iha-race-de-alta-calidad-20250mm-2-pcs\\\/\"]}]},{\"@type\":\"ImageObject\",\"inLanguage\":\"pt-PT\",\"@id\":\"https:\\\/\\\/iha-race.com\\\/pt-pt\\\/produto\\\/strap-iha-race-de-alta-calidad-20250mm-2-pcs\\\/#primaryimage\",\"url\":\"https:\\\/\\\/iha-race.com\\\/wp-content\\\/uploads\\\/2022\\\/08\\\/1ec89d27-bbe9-4734-b890-e6a21a850c78.jpg\",\"contentUrl\":\"https:\\\/\\\/iha-race.com\\\/wp-content\\\/uploads\\\/2022\\\/08\\\/1ec89d27-bbe9-4734-b890-e6a21a850c78.jpg\",\"width\":928,\"height\":958,\"caption\":\"Comprar correia de alta qualidade IHA-Race 20*250mm (2 PCS)\"},{\"@type\":\"BreadcrumbList\",\"@id\":\"https:\\\/\\\/iha-race.com\\\/pt-pt\\\/produto\\\/strap-iha-race-de-alta-calidad-20250mm-2-pcs\\\/#breadcrumb\",\"itemListElement\":[{\"@type\":\"ListItem\",\"position\":1,\"name\":\"Portada\",\"item\":\"https:\\\/\\\/iha-race.com\\\/pt-pt\\\/elementor-499\\\/\"},{\"@type\":\"ListItem\",\"position\":2,\"name\":\"Shop\",\"item\":\"https:\\\/\\\/iha-race.com\\\/pt-pt\\\/shop\\\/\"},{\"@type\":\"ListItem\",\"position\":3,\"name\":\"Correia de alta qualidade IHA-Race 20x250mm (2 PCS)\"}]},{\"@type\":\"WebSite\",\"@id\":\"https:\\\/\\\/iha-race.com\\\/pt-pt\\\/#website\",\"url\":\"https:\\\/\\\/iha-race.com\\\/pt-pt\\\/\",\"name\":\"Iha Race\",\"description\":\"Comprar drones de carreras FPV env\u00edos en un d\u00eda desde Espa\u00f1a\",\"publisher\":{\"@id\":\"https:\\\/\\\/iha-race.com\\\/pt-pt\\\/#organization\"},\"potentialAction\":[{\"@type\":\"SearchAction\",\"target\":{\"@type\":\"EntryPoint\",\"urlTemplate\":\"https:\\\/\\\/iha-race.com\\\/pt-pt\\\/?s={search_term_string}\"},\"query-input\":{\"@type\":\"PropertyValueSpecification\",\"valueRequired\":true,\"valueName\":\"search_term_string\"}}],\"inLanguage\":\"pt-PT\"},{\"@type\":\"Organization\",\"@id\":\"https:\\\/\\\/iha-race.com\\\/pt-pt\\\/#organization\",\"name\":\"Iha Race\",\"url\":\"https:\\\/\\\/iha-race.com\\\/pt-pt\\\/\",\"logo\":{\"@type\":\"ImageObject\",\"inLanguage\":\"pt-PT\",\"@id\":\"https:\\\/\\\/iha-race.com\\\/pt-pt\\\/#\\\/schema\\\/logo\\\/image\\\/\",\"url\":\"https:\\\/\\\/iha-race.com\\\/wp-content\\\/uploads\\\/2018\\\/07\\\/iha-race-drones-de-carreras-tienda-comprar-drones.png\",\"contentUrl\":\"https:\\\/\\\/iha-race.com\\\/wp-content\\\/uploads\\\/2018\\\/07\\\/iha-race-drones-de-carreras-tienda-comprar-drones.png\",\"width\":300,\"height\":100,\"caption\":\"Iha Race\"},\"image\":{\"@id\":\"https:\\\/\\\/iha-race.com\\\/pt-pt\\\/#\\\/schema\\\/logo\\\/image\\\/\"}}]}<\/script>\n<!-- \/ Yoast SEO plugin. -->","yoast_head_json":{"title":"Correia de alta qualidade IHA-Race 20x250mm (2 PCS) - Iha Race","robots":{"index":"index","follow":"follow","max-snippet":"max-snippet:-1","max-image-preview":"max-image-preview:large","max-video-preview":"max-video-preview:-1"},"canonical":"https:\/\/iha-race.com\/pt-pt\/produto\/strap-iha-race-de-alta-calidad-20250mm-2-pcs\/","og_locale":"pt_PT","og_type":"article","og_title":"Correia de alta qualidade IHA-Race 20x250mm (2 PCS) - Iha Race","og_description":"Correia de alta qualidade IHA-Race 20x250mm (2 PCS) A correia IHA-Race \u00e9 revestida de borracha no lado virado para a lipo, assegurando que n\u00e3o escorrega, mesmo sem a aplica\u00e7\u00e3o de","og_url":"https:\/\/iha-race.com\/pt-pt\/produto\/strap-iha-race-de-alta-calidad-20250mm-2-pcs\/","og_site_name":"Iha Race","article_modified_time":"2026-04-02T18:36:53+00:00","og_image":[{"width":928,"height":958,"url":"https:\/\/iha-race.com\/wp-content\/uploads\/2022\/08\/1ec89d27-bbe9-4734-b890-e6a21a850c78.jpg","type":"image\/jpeg"}],"twitter_card":"summary_large_image","schema":{"@context":"https:\/\/schema.org","@graph":[{"@type":"WebPage","@id":"https:\/\/iha-race.com\/pt-pt\/produto\/strap-iha-race-de-alta-calidad-20250mm-2-pcs\/","url":"https:\/\/iha-race.com\/pt-pt\/produto\/strap-iha-race-de-alta-calidad-20250mm-2-pcs\/","name":"Correia de alta qualidade IHA-Race 20x250mm (2 PCS) - Iha Race","isPartOf":{"@id":"https:\/\/iha-race.com\/pt-pt\/#website"},"primaryImageOfPage":{"@id":"https:\/\/iha-race.com\/pt-pt\/produto\/strap-iha-race-de-alta-calidad-20250mm-2-pcs\/#primaryimage"},"image":{"@id":"https:\/\/iha-race.com\/pt-pt\/produto\/strap-iha-race-de-alta-calidad-20250mm-2-pcs\/#primaryimage"},"thumbnailUrl":"https:\/\/iha-race.com\/wp-content\/uploads\/2022\/08\/1ec89d27-bbe9-4734-b890-e6a21a850c78.jpg","datePublished":"2022-08-14T17:09:32+00:00","dateModified":"2026-04-02T18:36:53+00:00","breadcrumb":{"@id":"https:\/\/iha-race.com\/pt-pt\/produto\/strap-iha-race-de-alta-calidad-20250mm-2-pcs\/#breadcrumb"},"inLanguage":"pt-PT","potentialAction":[{"@type":"ReadAction","target":["https:\/\/iha-race.com\/pt-pt\/produto\/strap-iha-race-de-alta-calidad-20250mm-2-pcs\/"]}]},{"@type":"ImageObject","inLanguage":"pt-PT","@id":"https:\/\/iha-race.com\/pt-pt\/produto\/strap-iha-race-de-alta-calidad-20250mm-2-pcs\/#primaryimage","url":"https:\/\/iha-race.com\/wp-content\/uploads\/2022\/08\/1ec89d27-bbe9-4734-b890-e6a21a850c78.jpg","contentUrl":"https:\/\/iha-race.com\/wp-content\/uploads\/2022\/08\/1ec89d27-bbe9-4734-b890-e6a21a850c78.jpg","width":928,"height":958,"caption":"Comprar correia de alta qualidade IHA-Race 20*250mm (2 PCS)"},{"@type":"BreadcrumbList","@id":"https:\/\/iha-race.com\/pt-pt\/produto\/strap-iha-race-de-alta-calidad-20250mm-2-pcs\/#breadcrumb","itemListElement":[{"@type":"ListItem","position":1,"name":"Portada","item":"https:\/\/iha-race.com\/pt-pt\/elementor-499\/"},{"@type":"ListItem","position":2,"name":"Shop","item":"https:\/\/iha-race.com\/pt-pt\/shop\/"},{"@type":"ListItem","position":3,"name":"Correia de alta qualidade IHA-Race 20x250mm (2 PCS)"}]},{"@type":"WebSite","@id":"https:\/\/iha-race.com\/pt-pt\/#website","url":"https:\/\/iha-race.com\/pt-pt\/","name":"Iha Race","description":"Comprar drones de carreras FPV env\u00edos en un d\u00eda desde Espa\u00f1a","publisher":{"@id":"https:\/\/iha-race.com\/pt-pt\/#organization"},"potentialAction":[{"@type":"SearchAction","target":{"@type":"EntryPoint","urlTemplate":"https:\/\/iha-race.com\/pt-pt\/?s={search_term_string}"},"query-input":{"@type":"PropertyValueSpecification","valueRequired":true,"valueName":"search_term_string"}}],"inLanguage":"pt-PT"},{"@type":"Organization","@id":"https:\/\/iha-race.com\/pt-pt\/#organization","name":"Iha Race","url":"https:\/\/iha-race.com\/pt-pt\/","logo":{"@type":"ImageObject","inLanguage":"pt-PT","@id":"https:\/\/iha-race.com\/pt-pt\/#\/schema\/logo\/image\/","url":"https:\/\/iha-race.com\/wp-content\/uploads\/2018\/07\/iha-race-drones-de-carreras-tienda-comprar-drones.png","contentUrl":"https:\/\/iha-race.com\/wp-content\/uploads\/2018\/07\/iha-race-drones-de-carreras-tienda-comprar-drones.png","width":300,"height":100,"caption":"Iha Race"},"image":{"@id":"https:\/\/iha-race.com\/pt-pt\/#\/schema\/logo\/image\/"}}]}},"brands":[],"_links":{"self":[{"href":"https:\/\/iha-race.com\/pt-pt\/wp-json\/wp\/v2\/product\/115480","targetHints":{"allow":["GET"]}}],"collection":[{"href":"https:\/\/iha-race.com\/pt-pt\/wp-json\/wp\/v2\/product"}],"about":[{"href":"https:\/\/iha-race.com\/pt-pt\/wp-json\/wp\/v2\/types\/product"}],"replies":[{"embeddable":true,"href":"https:\/\/iha-race.com\/pt-pt\/wp-json\/wp\/v2\/comments?post=115480"}],"version-history":[{"count":2,"href":"https:\/\/iha-race.com\/pt-pt\/wp-json\/wp\/v2\/product\/115480\/revisions"}],"predecessor-version":[{"id":249023,"href":"https:\/\/iha-race.com\/pt-pt\/wp-json\/wp\/v2\/product\/115480\/revisions\/249023"}],"wp:featuredmedia":[{"embeddable":true,"href":"https:\/\/iha-race.com\/pt-pt\/wp-json\/wp\/v2\/media\/115477"}],"wp:attachment":[{"href":"https:\/\/iha-race.com\/pt-pt\/wp-json\/wp\/v2\/media?parent=115480"}],"wp:term":[{"taxonomy":"pwb-brand","embeddable":true,"href":"https:\/\/iha-race.com\/pt-pt\/wp-json\/wp\/v2\/pwb-brand?post=115480"},{"taxonomy":"product_cat","embeddable":true,"href":"https:\/\/iha-race.com\/pt-pt\/wp-json\/wp\/v2\/product_cat?post=115480"},{"taxonomy":"product_tag","embeddable":true,"href":"https:\/\/iha-race.com\/pt-pt\/wp-json\/wp\/v2\/product_tag?post=115480"}],"curies":[{"name":"wp","href":"https:\/\/api.w.org\/{rel}","templated":true}]}}