{"id":115436,"date":"2022-08-12T10:23:04","date_gmt":"2022-08-12T08:23:04","guid":{"rendered":"https:\/\/iha-race.com\/producto\/motores-brushless-snow-2306-1860kv-2500kv\/"},"modified":"2024-08-29T12:00:40","modified_gmt":"2024-08-29T10:00:40","slug":"motores-sin-escobillas-snow-2306-1860kv-2500kv","status":"publish","type":"product","link":"https:\/\/iha-race.com\/pt-pt\/produto\/motores-sin-escobillas-snow-2306-1860kv-2500kv\/","title":{"rendered":"Motores Brushless Snow 2306 (1860Kv &#8211; 2500Kv)"},"content":{"rendered":"<h2>Motores Brushless Snow 2306 (1860Kv &#8211; 2500Kv)<\/h2>\n<p class=\"p1\">Os motores sem escovas BETAFPV Snow 2306 s\u00e3o feitos de materiais de primeira qualidade e v\u00eam com um novo design com um aspecto de floco de neve. Apresenta um eixo de liga de tit\u00e2nio TC4 de alta resist\u00eancia, \u00edman N52, rolamento NMB e sino de alum\u00ednio 7075 para um grande desempenho e utiliza\u00e7\u00e3o duradoura, trabalhando em conjunto para fazer do nosso Snow 2306 um dos mais potentes motores sem escovas FPV dispon\u00edveis. Perfeitamente adequado para corridas de FPV e FPV freestyle em quadcopiadoras de 5&#8243;-6&#8243;.<\/p>\n<p class=\"p1\"><img decoding=\"async\" src=\"https:\/\/cdn.shopify.com\/s\/files\/1\/1778\/6615\/files\/FB_f766b844-00a0-46c8-9a7c-1e3c0d051c5b_1024x1024.jpg?v=1656669884\" alt=\"\"><\/p>\n<h2 class=\"p1\">Caracter\u00edsticas<\/h2>\n<ul>\n<li>Feito de materiais de primeira classe. Eixo de tit\u00e2nio TC4 de alta resist\u00eancia, \u00edman N52, rolamento NMB e liga de alum\u00ednio de avia\u00e7\u00e3o 7075 s\u00e3o aplicados aos motores Snow 2306, o que torna os motores dur\u00e1veis para utiliza\u00e7\u00e3o.<\/li>\n<li>Com um desenho em estilo floco de neve. Todos os motores mostram uma cor branco prateada no ar, com um aspecto muito agrad\u00e1vel.<\/li>\n<li>Compat\u00edvel com quadcopiadoras de 5&#8243;-6&#8243; para corridas de FPV e FPV freestyle. Tem vers\u00f5es de dois motores KV de 1860KV e 2500KV \u00e0 escolha.<\/li>\n<li>Motores sem escovas Snow 2306 e h\u00e9lices de 5&#8243; h\u00e9lices de 3 p\u00e1s<\/li>\n<\/ul>\n<h2 class=\"p1\">Especifica\u00e7\u00f5es<\/h2>\n<ul>\n<li>Artigo: Motores Brushless Snow 2306<\/li>\n<li>Dimens\u00f5es: \u03c629.3*30.6mm<\/li>\n<li>Comprimento do eixo: 12,3 mm<\/li>\n<li>Di\u00e2metro do eixo: 5 mm<\/li>\n<li>Motor KV (rpm\/V): 1860KV\/2500KV (opcional)<\/li>\n<li>Configura\u00e7\u00e3o: 12N14P<\/li>\n<li>Tens\u00e3o de entrada: 4S\/6S Lipo<\/li>\n<li>Comprimento do cabo: 20 AWG 160 mm<\/li>\n<li>Peso: 34 g (com cabos)<\/li>\n<li>Eixo estilo: eixo de tit\u00e2nio TC4<\/li>\n<li>N\u00facleo de ferro: a\u00e7o sil\u00edcio de 0,15 mm<\/li>\n<li>Im\u00e3: Sinterizado N52SH NdFeB N52SH<\/li>\n<li>Tampa da extremidade: 7075 liga de alum\u00ednio para avia\u00e7\u00e3o<\/li>\n<li>Rolamento: NMB rolamento<\/li>\n<\/ul>\n<p><img decoding=\"async\" src=\"https:\/\/cdn.shopifycdn.net\/s\/files\/1\/1778\/6615\/files\/1_4da2859b-5a7f-4325-a8a1-69cda0be8862_600x600.jpg?v=1656583105\" alt=\"\"><\/p>\n<h2>Relat\u00f3rios de teste<\/h2>\n<p>  A imagem seguinte apresenta os dados de ensaio de 2306 motores de 1860KV.  <img decoding=\"async\" src=\"https:\/\/cdn.shopify.com\/s\/files\/1\/1778\/6615\/files\/680a744dc6abc6349181243892ea1d32_34f11465-9439-4652-a3a7-6819abab1ed0_1024x1024.jpg?v=1656670727\" alt=\"\">  A imagem seguinte apresenta os dados de ensaio dos motores 2306 2500KV.  <img decoding=\"async\" src=\"https:\/\/cdn.shopify.com\/s\/files\/1\/1778\/6615\/files\/680a744dc6abc6349181243892ea1d32_38eb4667-24f3-461e-9dfb-8c6c68c52b53_1100x1100.jpg?v=1656670750\" alt=\"\"><\/p>\n<h2>Pe\u00e7as recomendadas<\/h2>\n<ul>\n<li>Quadcopter: 5&#8243;-6&#8243; quadcopter<\/li>\n<li>Moldura: 5&#8243;-6&#8243; moldura<\/li>\n<li>ESC: pelo menos 40A ESC<\/li>\n<li>H\u00e9lices compat\u00edveis: h\u00e9lices de 5&#8243;-6&#8243;.<\/li>\n<li><span class=\"s2\">Bateria: 4S 1500mAh 120C \/ 6S 1300mAh 120C<\/span><\/li>\n<li><span class=\"s2\">Peso da descolagem: 580 g com bateria 4S \/ 600 g com bateria 6S  <\/span><\/li>\n<\/ul>\n<p>&nbsp;<\/p>\n<p><img decoding=\"async\" src=\"https:\/\/cdn.shopify.com\/s\/files\/1\/1778\/6615\/files\/FB_dc4d9f22-68fe-4b0a-8b32-dd0e487491ca_1024x1024.jpg?v=1656669908\" alt=\"\"><\/p>\n<h2 class=\"p1\">O pacote inclui<\/h2>\n<ul>\n<li>1 x motor Brushless Snow 2306 1860KV ou 2500KV<\/li>\n<li>5 x parafusos M3x8.<\/li>\n<li>5 x parafusos M3x10.<\/li>\n<li>1 x porca M5x6<\/li>\n<\/ul>\n<p><img decoding=\"async\" src=\"https:\/\/cdn.shopify.com\/s\/files\/1\/1778\/6615\/files\/3f89305fb1dabad87b9b93324e3c25cd_c3ea8f77-c032-49cd-a480-47ba9b16f586_600x600.jpg?v=1656483087\" alt=\"\"><\/p>\n","protected":false},"excerpt":{"rendered":"<p>Motores Brushless Snow 2306 (1860Kv &#8211; 2500Kv) Os motores sem escovas BETAFPV Snow 2306 s\u00e3o feitos de materiais de primeira qualidade e v\u00eam com um novo design com um aspecto<\/p>\n","protected":false},"featured_media":115410,"comment_status":"open","ping_status":"closed","template":"","meta":{"_joinchat":[]},"pwb-brand":[],"product_cat":[46,2475],"product_tag":[],"class_list":{"0":"post-115436","1":"product","2":"type-product","3":"status-publish","4":"has-post-thumbnail","6":"product_cat-motores","7":"product_cat-sin-escobillas-con-eje","9":"first","10":"instock","11":"taxable","12":"shipping-taxable","13":"purchasable","14":"product-type-variable"},"barcode":null,"atum_controlled":true,"out_stock_date":null,"out_stock_threshold":null,"inheritable":true,"stock_on_hold":0,"sold_today":0,"sales_last_days":1,"out_stock_days":0,"lost_sales":0,"update_date":"2026-05-07T12:05:39","atum_locations":[],"atum_stock_status":"instock","restock_status":false,"low_stock_amount":"","sales_update_date":"2026-05-06T23:41:33","calc_backorders":null,"yoast_head":"<!-- This site is optimized with the Yoast SEO plugin v27.3 - https:\/\/yoast.com\/product\/yoast-seo-wordpress\/ -->\n<title>Motores Brushless Snow 2306 (1860Kv - 2500Kv) - Iha Race<\/title>\n<meta name=\"robots\" content=\"index, follow, max-snippet:-1, max-image-preview:large, max-video-preview:-1\" \/>\n<link rel=\"canonical\" href=\"https:\/\/iha-race.com\/pt-pt\/produto\/motores-sin-escobillas-snow-2306-1860kv-2500kv\/\" \/>\n<meta property=\"og:locale\" content=\"pt_PT\" \/>\n<meta property=\"og:type\" content=\"article\" \/>\n<meta property=\"og:title\" content=\"Motores Brushless Snow 2306 (1860Kv - 2500Kv) - Iha Race\" \/>\n<meta property=\"og:description\" content=\"Motores Brushless Snow 2306 (1860Kv &#8211; 2500Kv) Os motores sem escovas BETAFPV Snow 2306 s\u00e3o feitos de materiais de primeira qualidade e v\u00eam com um novo design com um aspecto\" \/>\n<meta property=\"og:url\" content=\"https:\/\/iha-race.com\/pt-pt\/produto\/motores-sin-escobillas-snow-2306-1860kv-2500kv\/\" \/>\n<meta property=\"og:site_name\" content=\"Iha Race\" \/>\n<meta property=\"article:modified_time\" content=\"2024-08-29T10:00:40+00:00\" \/>\n<meta property=\"og:image\" content=\"https:\/\/iha-race.com\/wp-content\/uploads\/2022\/08\/1_8d6e742b-da43-469c-9ac5-6656ebfba899_720x.webp\" \/>\n\t<meta property=\"og:image:width\" content=\"720\" \/>\n\t<meta property=\"og:image:height\" content=\"720\" \/>\n\t<meta property=\"og:image:type\" content=\"image\/webp\" \/>\n<meta name=\"twitter:card\" content=\"summary_large_image\" \/>\n<meta name=\"twitter:label1\" content=\"Tempo estimado de leitura\" \/>\n\t<meta name=\"twitter:data1\" content=\"2 minutos\" \/>\n<script type=\"application\/ld+json\" class=\"yoast-schema-graph\">{\"@context\":\"https:\\\/\\\/schema.org\",\"@graph\":[{\"@type\":\"WebPage\",\"@id\":\"https:\\\/\\\/iha-race.com\\\/pt-pt\\\/produto\\\/motores-sin-escobillas-snow-2306-1860kv-2500kv\\\/\",\"url\":\"https:\\\/\\\/iha-race.com\\\/pt-pt\\\/produto\\\/motores-sin-escobillas-snow-2306-1860kv-2500kv\\\/\",\"name\":\"Motores Brushless Snow 2306 (1860Kv - 2500Kv) - Iha Race\",\"isPartOf\":{\"@id\":\"https:\\\/\\\/iha-race.com\\\/pt-pt\\\/#website\"},\"primaryImageOfPage\":{\"@id\":\"https:\\\/\\\/iha-race.com\\\/pt-pt\\\/produto\\\/motores-sin-escobillas-snow-2306-1860kv-2500kv\\\/#primaryimage\"},\"image\":{\"@id\":\"https:\\\/\\\/iha-race.com\\\/pt-pt\\\/produto\\\/motores-sin-escobillas-snow-2306-1860kv-2500kv\\\/#primaryimage\"},\"thumbnailUrl\":\"https:\\\/\\\/iha-race.com\\\/wp-content\\\/uploads\\\/2022\\\/08\\\/1_8d6e742b-da43-469c-9ac5-6656ebfba899_720x.webp\",\"datePublished\":\"2022-08-12T08:23:04+00:00\",\"dateModified\":\"2024-08-29T10:00:40+00:00\",\"breadcrumb\":{\"@id\":\"https:\\\/\\\/iha-race.com\\\/pt-pt\\\/produto\\\/motores-sin-escobillas-snow-2306-1860kv-2500kv\\\/#breadcrumb\"},\"inLanguage\":\"pt-PT\",\"potentialAction\":[{\"@type\":\"ReadAction\",\"target\":[\"https:\\\/\\\/iha-race.com\\\/pt-pt\\\/produto\\\/motores-sin-escobillas-snow-2306-1860kv-2500kv\\\/\"]}]},{\"@type\":\"ImageObject\",\"inLanguage\":\"pt-PT\",\"@id\":\"https:\\\/\\\/iha-race.com\\\/pt-pt\\\/produto\\\/motores-sin-escobillas-snow-2306-1860kv-2500kv\\\/#primaryimage\",\"url\":\"https:\\\/\\\/iha-race.com\\\/wp-content\\\/uploads\\\/2022\\\/08\\\/1_8d6e742b-da43-469c-9ac5-6656ebfba899_720x.webp\",\"contentUrl\":\"https:\\\/\\\/iha-race.com\\\/wp-content\\\/uploads\\\/2022\\\/08\\\/1_8d6e742b-da43-469c-9ac5-6656ebfba899_720x.webp\",\"width\":720,\"height\":720,\"caption\":\"Comprar Snow 2306 Brushless Motors (1860Kv- 2500Kv)\"},{\"@type\":\"BreadcrumbList\",\"@id\":\"https:\\\/\\\/iha-race.com\\\/pt-pt\\\/produto\\\/motores-sin-escobillas-snow-2306-1860kv-2500kv\\\/#breadcrumb\",\"itemListElement\":[{\"@type\":\"ListItem\",\"position\":1,\"name\":\"Portada\",\"item\":\"https:\\\/\\\/iha-race.com\\\/pt-pt\\\/\"},{\"@type\":\"ListItem\",\"position\":2,\"name\":\"Shop\",\"item\":\"https:\\\/\\\/iha-race.com\\\/pt-pt\\\/shop\\\/\"},{\"@type\":\"ListItem\",\"position\":3,\"name\":\"Motores Brushless Snow 2306 (1860Kv &#8211; 2500Kv)\"}]},{\"@type\":\"WebSite\",\"@id\":\"https:\\\/\\\/iha-race.com\\\/pt-pt\\\/#website\",\"url\":\"https:\\\/\\\/iha-race.com\\\/pt-pt\\\/\",\"name\":\"Iha Race\",\"description\":\"Comprar drones de carreras FPV env\u00edos en un d\u00eda desde Espa\u00f1a\",\"publisher\":{\"@id\":\"https:\\\/\\\/iha-race.com\\\/pt-pt\\\/#organization\"},\"potentialAction\":[{\"@type\":\"SearchAction\",\"target\":{\"@type\":\"EntryPoint\",\"urlTemplate\":\"https:\\\/\\\/iha-race.com\\\/pt-pt\\\/?s={search_term_string}\"},\"query-input\":{\"@type\":\"PropertyValueSpecification\",\"valueRequired\":true,\"valueName\":\"search_term_string\"}}],\"inLanguage\":\"pt-PT\"},{\"@type\":\"Organization\",\"@id\":\"https:\\\/\\\/iha-race.com\\\/pt-pt\\\/#organization\",\"name\":\"Iha Race\",\"url\":\"https:\\\/\\\/iha-race.com\\\/pt-pt\\\/\",\"logo\":{\"@type\":\"ImageObject\",\"inLanguage\":\"pt-PT\",\"@id\":\"https:\\\/\\\/iha-race.com\\\/pt-pt\\\/#\\\/schema\\\/logo\\\/image\\\/\",\"url\":\"https:\\\/\\\/iha-race.com\\\/wp-content\\\/uploads\\\/2018\\\/07\\\/iha-race-drones-de-carreras-tienda-comprar-drones.png\",\"contentUrl\":\"https:\\\/\\\/iha-race.com\\\/wp-content\\\/uploads\\\/2018\\\/07\\\/iha-race-drones-de-carreras-tienda-comprar-drones.png\",\"width\":300,\"height\":100,\"caption\":\"Iha Race\"},\"image\":{\"@id\":\"https:\\\/\\\/iha-race.com\\\/pt-pt\\\/#\\\/schema\\\/logo\\\/image\\\/\"}}]}<\/script>\n<!-- \/ Yoast SEO plugin. -->","yoast_head_json":{"title":"Motores Brushless Snow 2306 (1860Kv - 2500Kv) - Iha Race","robots":{"index":"index","follow":"follow","max-snippet":"max-snippet:-1","max-image-preview":"max-image-preview:large","max-video-preview":"max-video-preview:-1"},"canonical":"https:\/\/iha-race.com\/pt-pt\/produto\/motores-sin-escobillas-snow-2306-1860kv-2500kv\/","og_locale":"pt_PT","og_type":"article","og_title":"Motores Brushless Snow 2306 (1860Kv - 2500Kv) - Iha Race","og_description":"Motores Brushless Snow 2306 (1860Kv &#8211; 2500Kv) Os motores sem escovas BETAFPV Snow 2306 s\u00e3o feitos de materiais de primeira qualidade e v\u00eam com um novo design com um aspecto","og_url":"https:\/\/iha-race.com\/pt-pt\/produto\/motores-sin-escobillas-snow-2306-1860kv-2500kv\/","og_site_name":"Iha Race","article_modified_time":"2024-08-29T10:00:40+00:00","og_image":[{"width":720,"height":720,"url":"https:\/\/iha-race.com\/wp-content\/uploads\/2022\/08\/1_8d6e742b-da43-469c-9ac5-6656ebfba899_720x.webp","type":"image\/webp"}],"twitter_card":"summary_large_image","twitter_misc":{"Tempo estimado de leitura":"2 minutos"},"schema":{"@context":"https:\/\/schema.org","@graph":[{"@type":"WebPage","@id":"https:\/\/iha-race.com\/pt-pt\/produto\/motores-sin-escobillas-snow-2306-1860kv-2500kv\/","url":"https:\/\/iha-race.com\/pt-pt\/produto\/motores-sin-escobillas-snow-2306-1860kv-2500kv\/","name":"Motores Brushless Snow 2306 (1860Kv - 2500Kv) - Iha Race","isPartOf":{"@id":"https:\/\/iha-race.com\/pt-pt\/#website"},"primaryImageOfPage":{"@id":"https:\/\/iha-race.com\/pt-pt\/produto\/motores-sin-escobillas-snow-2306-1860kv-2500kv\/#primaryimage"},"image":{"@id":"https:\/\/iha-race.com\/pt-pt\/produto\/motores-sin-escobillas-snow-2306-1860kv-2500kv\/#primaryimage"},"thumbnailUrl":"https:\/\/iha-race.com\/wp-content\/uploads\/2022\/08\/1_8d6e742b-da43-469c-9ac5-6656ebfba899_720x.webp","datePublished":"2022-08-12T08:23:04+00:00","dateModified":"2024-08-29T10:00:40+00:00","breadcrumb":{"@id":"https:\/\/iha-race.com\/pt-pt\/produto\/motores-sin-escobillas-snow-2306-1860kv-2500kv\/#breadcrumb"},"inLanguage":"pt-PT","potentialAction":[{"@type":"ReadAction","target":["https:\/\/iha-race.com\/pt-pt\/produto\/motores-sin-escobillas-snow-2306-1860kv-2500kv\/"]}]},{"@type":"ImageObject","inLanguage":"pt-PT","@id":"https:\/\/iha-race.com\/pt-pt\/produto\/motores-sin-escobillas-snow-2306-1860kv-2500kv\/#primaryimage","url":"https:\/\/iha-race.com\/wp-content\/uploads\/2022\/08\/1_8d6e742b-da43-469c-9ac5-6656ebfba899_720x.webp","contentUrl":"https:\/\/iha-race.com\/wp-content\/uploads\/2022\/08\/1_8d6e742b-da43-469c-9ac5-6656ebfba899_720x.webp","width":720,"height":720,"caption":"Comprar Snow 2306 Brushless Motors (1860Kv- 2500Kv)"},{"@type":"BreadcrumbList","@id":"https:\/\/iha-race.com\/pt-pt\/produto\/motores-sin-escobillas-snow-2306-1860kv-2500kv\/#breadcrumb","itemListElement":[{"@type":"ListItem","position":1,"name":"Portada","item":"https:\/\/iha-race.com\/pt-pt\/"},{"@type":"ListItem","position":2,"name":"Shop","item":"https:\/\/iha-race.com\/pt-pt\/shop\/"},{"@type":"ListItem","position":3,"name":"Motores Brushless Snow 2306 (1860Kv &#8211; 2500Kv)"}]},{"@type":"WebSite","@id":"https:\/\/iha-race.com\/pt-pt\/#website","url":"https:\/\/iha-race.com\/pt-pt\/","name":"Iha Race","description":"Comprar drones de carreras FPV env\u00edos en un d\u00eda desde Espa\u00f1a","publisher":{"@id":"https:\/\/iha-race.com\/pt-pt\/#organization"},"potentialAction":[{"@type":"SearchAction","target":{"@type":"EntryPoint","urlTemplate":"https:\/\/iha-race.com\/pt-pt\/?s={search_term_string}"},"query-input":{"@type":"PropertyValueSpecification","valueRequired":true,"valueName":"search_term_string"}}],"inLanguage":"pt-PT"},{"@type":"Organization","@id":"https:\/\/iha-race.com\/pt-pt\/#organization","name":"Iha Race","url":"https:\/\/iha-race.com\/pt-pt\/","logo":{"@type":"ImageObject","inLanguage":"pt-PT","@id":"https:\/\/iha-race.com\/pt-pt\/#\/schema\/logo\/image\/","url":"https:\/\/iha-race.com\/wp-content\/uploads\/2018\/07\/iha-race-drones-de-carreras-tienda-comprar-drones.png","contentUrl":"https:\/\/iha-race.com\/wp-content\/uploads\/2018\/07\/iha-race-drones-de-carreras-tienda-comprar-drones.png","width":300,"height":100,"caption":"Iha Race"},"image":{"@id":"https:\/\/iha-race.com\/pt-pt\/#\/schema\/logo\/image\/"}}]}},"jetpack_sharing_enabled":true,"brands":[],"_links":{"self":[{"href":"https:\/\/iha-race.com\/pt-pt\/wp-json\/wp\/v2\/product\/115436","targetHints":{"allow":["GET"]}}],"collection":[{"href":"https:\/\/iha-race.com\/pt-pt\/wp-json\/wp\/v2\/product"}],"about":[{"href":"https:\/\/iha-race.com\/pt-pt\/wp-json\/wp\/v2\/types\/product"}],"replies":[{"embeddable":true,"href":"https:\/\/iha-race.com\/pt-pt\/wp-json\/wp\/v2\/comments?post=115436"}],"version-history":[{"count":2,"href":"https:\/\/iha-race.com\/pt-pt\/wp-json\/wp\/v2\/product\/115436\/revisions"}],"predecessor-version":[{"id":249011,"href":"https:\/\/iha-race.com\/pt-pt\/wp-json\/wp\/v2\/product\/115436\/revisions\/249011"}],"wp:featuredmedia":[{"embeddable":true,"href":"https:\/\/iha-race.com\/pt-pt\/wp-json\/wp\/v2\/media\/115410"}],"wp:attachment":[{"href":"https:\/\/iha-race.com\/pt-pt\/wp-json\/wp\/v2\/media?parent=115436"}],"wp:term":[{"taxonomy":"pwb-brand","embeddable":true,"href":"https:\/\/iha-race.com\/pt-pt\/wp-json\/wp\/v2\/pwb-brand?post=115436"},{"taxonomy":"product_cat","embeddable":true,"href":"https:\/\/iha-race.com\/pt-pt\/wp-json\/wp\/v2\/product_cat?post=115436"},{"taxonomy":"product_tag","embeddable":true,"href":"https:\/\/iha-race.com\/pt-pt\/wp-json\/wp\/v2\/product_tag?post=115436"}],"curies":[{"name":"wp","href":"https:\/\/api.w.org\/{rel}","templated":true}]}}