{"id":114808,"date":"2022-07-22T17:07:53","date_gmt":"2022-07-22T15:07:53","guid":{"rendered":"https:\/\/iha-race.com\/producto\/helices-ethix-p3-5-rad-berry-propellers-2cw2ccw\/"},"modified":"2024-08-29T12:03:16","modified_gmt":"2024-08-29T10:03:16","slug":"helices-ethix-p3-5-rad-berry-prop-2cw2ccw","status":"publish","type":"product","link":"https:\/\/iha-race.com\/pt-pt\/produto\/helices-ethix-p3-5-rad-berry-prop-2cw2ccw\/","title":{"rendered":"H\u00e9lices Ethix P3.5 RAD Berry Propellers (2CW+2CCW)"},"content":{"rendered":"<h2>H\u00e9lices Ethix P3.5 RAD Berry Propellers (2CW+2CCW)<\/h2>\n<ul>\n<li>Di\u00e2metro da h\u00e9lice: 5,1 polegadas<\/li>\n<li>Breu: 3,5<\/li>\n<li>L\u00e2minas: 3<\/li>\n<li>Material: policarbonato<\/li>\n<li>Peso: 3,5 g<\/li>\n<li>Di\u00e2metro do cubo: 12,5mm<\/li>\n<li>Espessura do cubo: 6 mm<\/li>\n<li>Eixo: 5 mm<\/li>\n<li>An\u00e9is adaptadores: N\u00c3O<\/li>\n<\/ul>\n<p><img decoding=\"async\" src=\"https:\/\/www.hqprop.com\/u_file\/2207\/photo\/c3efc21391.jpg\"><\/p>\n<h3><\/h3>\n<h3>O pacote inclui<\/h3>\n<ul>\n<li>2 x CW Ethix P3.5 RAD Berry Prop 2 x CCW Ethix P3.5 RAD Berry Prop<\/li>\n<\/ul>\n","protected":false},"excerpt":{"rendered":"<p>H\u00e9lices Ethix P3.5 RAD Berry Propellers (2CW+2CCW) Di\u00e2metro da h\u00e9lice: 5,1 polegadas Breu: 3,5 L\u00e2minas: 3 Material: policarbonato Peso: 3,5 g Di\u00e2metro do cubo: 12,5mm Espessura do cubo: 6 mm<\/p>\n","protected":false},"featured_media":110381,"comment_status":"open","ping_status":"closed","template":"","meta":{"_joinchat":[]},"pwb-brand":[],"product_cat":[53,49,133],"product_tag":[],"class_list":{"0":"post-114808","1":"product","2":"type-product","3":"status-publish","4":"has-post-thumbnail","6":"product_cat-cinco","7":"product_cat-helices-para-drones","8":"product_cat-tripalas","10":"first","11":"outofstock","12":"featured","13":"taxable","14":"shipping-taxable","15":"purchasable","16":"product-type-simple"},"barcode":null,"atum_controlled":true,"out_stock_date":"2026-03-17 00:33:40","out_stock_threshold":null,"inheritable":false,"stock_on_hold":0,"sold_today":0,"sales_last_days":0,"out_stock_days":30,"lost_sales":141,"update_date":"2026-04-16T08:25:45","atum_locations":[],"atum_stock_status":"outofstock","restock_status":false,"low_stock_amount":"","sales_update_date":"2026-04-16T08:25:45","calc_backorders":null,"yoast_head":"<!-- This site is optimized with the Yoast SEO plugin v27.3 - https:\/\/yoast.com\/product\/yoast-seo-wordpress\/ -->\n<title>H\u00e9lices Ethix P3.5 RAD Berry Propellers (2CW+2CCW) - Iha Race<\/title>\n<meta name=\"robots\" content=\"index, follow, max-snippet:-1, max-image-preview:large, max-video-preview:-1\" \/>\n<link rel=\"canonical\" href=\"https:\/\/iha-race.com\/pt-pt\/produto\/helices-ethix-p3-5-rad-berry-prop-2cw2ccw\/\" \/>\n<meta property=\"og:locale\" content=\"pt_PT\" \/>\n<meta property=\"og:type\" content=\"article\" \/>\n<meta property=\"og:title\" content=\"H\u00e9lices Ethix P3.5 RAD Berry Propellers (2CW+2CCW) - Iha Race\" \/>\n<meta property=\"og:description\" content=\"H\u00e9lices Ethix P3.5 RAD Berry Propellers (2CW+2CCW) Di\u00e2metro da h\u00e9lice: 5,1 polegadas Breu: 3,5 L\u00e2minas: 3 Material: policarbonato Peso: 3,5 g Di\u00e2metro do cubo: 12,5mm Espessura do cubo: 6 mm\" \/>\n<meta property=\"og:url\" content=\"https:\/\/iha-race.com\/pt-pt\/produto\/helices-ethix-p3-5-rad-berry-prop-2cw2ccw\/\" \/>\n<meta property=\"og:site_name\" content=\"Iha Race\" \/>\n<meta property=\"article:modified_time\" content=\"2024-08-29T10:03:16+00:00\" \/>\n<meta property=\"og:image\" content=\"https:\/\/iha-race.com\/wp-content\/uploads\/2022\/07\/Helices-Ethix-P3.5-RAD-Berry-Prop-2CW2CCW.jpeg\" \/>\n\t<meta property=\"og:image:width\" content=\"640\" \/>\n\t<meta property=\"og:image:height\" content=\"640\" \/>\n\t<meta property=\"og:image:type\" content=\"image\/jpeg\" \/>\n<meta name=\"twitter:card\" content=\"summary_large_image\" \/>\n<script type=\"application\/ld+json\" class=\"yoast-schema-graph\">{\"@context\":\"https:\\\/\\\/schema.org\",\"@graph\":[{\"@type\":\"WebPage\",\"@id\":\"https:\\\/\\\/iha-race.com\\\/pt-pt\\\/produto\\\/helices-ethix-p3-5-rad-berry-prop-2cw2ccw\\\/\",\"url\":\"https:\\\/\\\/iha-race.com\\\/pt-pt\\\/produto\\\/helices-ethix-p3-5-rad-berry-prop-2cw2ccw\\\/\",\"name\":\"H\u00e9lices Ethix P3.5 RAD Berry Propellers (2CW+2CCW) - Iha Race\",\"isPartOf\":{\"@id\":\"https:\\\/\\\/iha-race.com\\\/pt-pt\\\/#website\"},\"primaryImageOfPage\":{\"@id\":\"https:\\\/\\\/iha-race.com\\\/pt-pt\\\/produto\\\/helices-ethix-p3-5-rad-berry-prop-2cw2ccw\\\/#primaryimage\"},\"image\":{\"@id\":\"https:\\\/\\\/iha-race.com\\\/pt-pt\\\/produto\\\/helices-ethix-p3-5-rad-berry-prop-2cw2ccw\\\/#primaryimage\"},\"thumbnailUrl\":\"https:\\\/\\\/iha-race.com\\\/wp-content\\\/uploads\\\/2022\\\/07\\\/Helices-Ethix-P3.5-RAD-Berry-Prop-2CW2CCW.jpeg\",\"datePublished\":\"2022-07-22T15:07:53+00:00\",\"dateModified\":\"2024-08-29T10:03:16+00:00\",\"breadcrumb\":{\"@id\":\"https:\\\/\\\/iha-race.com\\\/pt-pt\\\/produto\\\/helices-ethix-p3-5-rad-berry-prop-2cw2ccw\\\/#breadcrumb\"},\"inLanguage\":\"pt-PT\",\"potentialAction\":[{\"@type\":\"ReadAction\",\"target\":[\"https:\\\/\\\/iha-race.com\\\/pt-pt\\\/produto\\\/helices-ethix-p3-5-rad-berry-prop-2cw2ccw\\\/\"]}]},{\"@type\":\"ImageObject\",\"inLanguage\":\"pt-PT\",\"@id\":\"https:\\\/\\\/iha-race.com\\\/pt-pt\\\/produto\\\/helices-ethix-p3-5-rad-berry-prop-2cw2ccw\\\/#primaryimage\",\"url\":\"https:\\\/\\\/iha-race.com\\\/wp-content\\\/uploads\\\/2022\\\/07\\\/Helices-Ethix-P3.5-RAD-Berry-Prop-2CW2CCW.jpeg\",\"contentUrl\":\"https:\\\/\\\/iha-race.com\\\/wp-content\\\/uploads\\\/2022\\\/07\\\/Helices-Ethix-P3.5-RAD-Berry-Prop-2CW2CCW.jpeg\",\"width\":640,\"height\":640},{\"@type\":\"BreadcrumbList\",\"@id\":\"https:\\\/\\\/iha-race.com\\\/pt-pt\\\/produto\\\/helices-ethix-p3-5-rad-berry-prop-2cw2ccw\\\/#breadcrumb\",\"itemListElement\":[{\"@type\":\"ListItem\",\"position\":1,\"name\":\"Portada\",\"item\":\"https:\\\/\\\/iha-race.com\\\/pt-pt\\\/elementor-499\\\/\"},{\"@type\":\"ListItem\",\"position\":2,\"name\":\"Shop\",\"item\":\"https:\\\/\\\/iha-race.com\\\/pt-pt\\\/shop\\\/\"},{\"@type\":\"ListItem\",\"position\":3,\"name\":\"H\u00e9lices Ethix P3.5 RAD Berry Propellers (2CW+2CCW)\"}]},{\"@type\":\"WebSite\",\"@id\":\"https:\\\/\\\/iha-race.com\\\/pt-pt\\\/#website\",\"url\":\"https:\\\/\\\/iha-race.com\\\/pt-pt\\\/\",\"name\":\"Iha Race\",\"description\":\"Comprar drones de carreras FPV env\u00edos en un d\u00eda desde Espa\u00f1a\",\"publisher\":{\"@id\":\"https:\\\/\\\/iha-race.com\\\/pt-pt\\\/#organization\"},\"potentialAction\":[{\"@type\":\"SearchAction\",\"target\":{\"@type\":\"EntryPoint\",\"urlTemplate\":\"https:\\\/\\\/iha-race.com\\\/pt-pt\\\/?s={search_term_string}\"},\"query-input\":{\"@type\":\"PropertyValueSpecification\",\"valueRequired\":true,\"valueName\":\"search_term_string\"}}],\"inLanguage\":\"pt-PT\"},{\"@type\":\"Organization\",\"@id\":\"https:\\\/\\\/iha-race.com\\\/pt-pt\\\/#organization\",\"name\":\"Iha Race\",\"url\":\"https:\\\/\\\/iha-race.com\\\/pt-pt\\\/\",\"logo\":{\"@type\":\"ImageObject\",\"inLanguage\":\"pt-PT\",\"@id\":\"https:\\\/\\\/iha-race.com\\\/pt-pt\\\/#\\\/schema\\\/logo\\\/image\\\/\",\"url\":\"https:\\\/\\\/iha-race.com\\\/wp-content\\\/uploads\\\/2018\\\/07\\\/iha-race-drones-de-carreras-tienda-comprar-drones.png\",\"contentUrl\":\"https:\\\/\\\/iha-race.com\\\/wp-content\\\/uploads\\\/2018\\\/07\\\/iha-race-drones-de-carreras-tienda-comprar-drones.png\",\"width\":300,\"height\":100,\"caption\":\"Iha Race\"},\"image\":{\"@id\":\"https:\\\/\\\/iha-race.com\\\/pt-pt\\\/#\\\/schema\\\/logo\\\/image\\\/\"}}]}<\/script>\n<!-- \/ Yoast SEO plugin. -->","yoast_head_json":{"title":"H\u00e9lices Ethix P3.5 RAD Berry Propellers (2CW+2CCW) - Iha Race","robots":{"index":"index","follow":"follow","max-snippet":"max-snippet:-1","max-image-preview":"max-image-preview:large","max-video-preview":"max-video-preview:-1"},"canonical":"https:\/\/iha-race.com\/pt-pt\/produto\/helices-ethix-p3-5-rad-berry-prop-2cw2ccw\/","og_locale":"pt_PT","og_type":"article","og_title":"H\u00e9lices Ethix P3.5 RAD Berry Propellers (2CW+2CCW) - Iha Race","og_description":"H\u00e9lices Ethix P3.5 RAD Berry Propellers (2CW+2CCW) Di\u00e2metro da h\u00e9lice: 5,1 polegadas Breu: 3,5 L\u00e2minas: 3 Material: policarbonato Peso: 3,5 g Di\u00e2metro do cubo: 12,5mm Espessura do cubo: 6 mm","og_url":"https:\/\/iha-race.com\/pt-pt\/produto\/helices-ethix-p3-5-rad-berry-prop-2cw2ccw\/","og_site_name":"Iha Race","article_modified_time":"2024-08-29T10:03:16+00:00","og_image":[{"width":640,"height":640,"url":"https:\/\/iha-race.com\/wp-content\/uploads\/2022\/07\/Helices-Ethix-P3.5-RAD-Berry-Prop-2CW2CCW.jpeg","type":"image\/jpeg"}],"twitter_card":"summary_large_image","schema":{"@context":"https:\/\/schema.org","@graph":[{"@type":"WebPage","@id":"https:\/\/iha-race.com\/pt-pt\/produto\/helices-ethix-p3-5-rad-berry-prop-2cw2ccw\/","url":"https:\/\/iha-race.com\/pt-pt\/produto\/helices-ethix-p3-5-rad-berry-prop-2cw2ccw\/","name":"H\u00e9lices Ethix P3.5 RAD Berry Propellers (2CW+2CCW) - Iha Race","isPartOf":{"@id":"https:\/\/iha-race.com\/pt-pt\/#website"},"primaryImageOfPage":{"@id":"https:\/\/iha-race.com\/pt-pt\/produto\/helices-ethix-p3-5-rad-berry-prop-2cw2ccw\/#primaryimage"},"image":{"@id":"https:\/\/iha-race.com\/pt-pt\/produto\/helices-ethix-p3-5-rad-berry-prop-2cw2ccw\/#primaryimage"},"thumbnailUrl":"https:\/\/iha-race.com\/wp-content\/uploads\/2022\/07\/Helices-Ethix-P3.5-RAD-Berry-Prop-2CW2CCW.jpeg","datePublished":"2022-07-22T15:07:53+00:00","dateModified":"2024-08-29T10:03:16+00:00","breadcrumb":{"@id":"https:\/\/iha-race.com\/pt-pt\/produto\/helices-ethix-p3-5-rad-berry-prop-2cw2ccw\/#breadcrumb"},"inLanguage":"pt-PT","potentialAction":[{"@type":"ReadAction","target":["https:\/\/iha-race.com\/pt-pt\/produto\/helices-ethix-p3-5-rad-berry-prop-2cw2ccw\/"]}]},{"@type":"ImageObject","inLanguage":"pt-PT","@id":"https:\/\/iha-race.com\/pt-pt\/produto\/helices-ethix-p3-5-rad-berry-prop-2cw2ccw\/#primaryimage","url":"https:\/\/iha-race.com\/wp-content\/uploads\/2022\/07\/Helices-Ethix-P3.5-RAD-Berry-Prop-2CW2CCW.jpeg","contentUrl":"https:\/\/iha-race.com\/wp-content\/uploads\/2022\/07\/Helices-Ethix-P3.5-RAD-Berry-Prop-2CW2CCW.jpeg","width":640,"height":640},{"@type":"BreadcrumbList","@id":"https:\/\/iha-race.com\/pt-pt\/produto\/helices-ethix-p3-5-rad-berry-prop-2cw2ccw\/#breadcrumb","itemListElement":[{"@type":"ListItem","position":1,"name":"Portada","item":"https:\/\/iha-race.com\/pt-pt\/elementor-499\/"},{"@type":"ListItem","position":2,"name":"Shop","item":"https:\/\/iha-race.com\/pt-pt\/shop\/"},{"@type":"ListItem","position":3,"name":"H\u00e9lices Ethix P3.5 RAD Berry Propellers (2CW+2CCW)"}]},{"@type":"WebSite","@id":"https:\/\/iha-race.com\/pt-pt\/#website","url":"https:\/\/iha-race.com\/pt-pt\/","name":"Iha Race","description":"Comprar drones de carreras FPV env\u00edos en un d\u00eda desde Espa\u00f1a","publisher":{"@id":"https:\/\/iha-race.com\/pt-pt\/#organization"},"potentialAction":[{"@type":"SearchAction","target":{"@type":"EntryPoint","urlTemplate":"https:\/\/iha-race.com\/pt-pt\/?s={search_term_string}"},"query-input":{"@type":"PropertyValueSpecification","valueRequired":true,"valueName":"search_term_string"}}],"inLanguage":"pt-PT"},{"@type":"Organization","@id":"https:\/\/iha-race.com\/pt-pt\/#organization","name":"Iha Race","url":"https:\/\/iha-race.com\/pt-pt\/","logo":{"@type":"ImageObject","inLanguage":"pt-PT","@id":"https:\/\/iha-race.com\/pt-pt\/#\/schema\/logo\/image\/","url":"https:\/\/iha-race.com\/wp-content\/uploads\/2018\/07\/iha-race-drones-de-carreras-tienda-comprar-drones.png","contentUrl":"https:\/\/iha-race.com\/wp-content\/uploads\/2018\/07\/iha-race-drones-de-carreras-tienda-comprar-drones.png","width":300,"height":100,"caption":"Iha Race"},"image":{"@id":"https:\/\/iha-race.com\/pt-pt\/#\/schema\/logo\/image\/"}}]}},"brands":[],"_links":{"self":[{"href":"https:\/\/iha-race.com\/pt-pt\/wp-json\/wp\/v2\/product\/114808","targetHints":{"allow":["GET"]}}],"collection":[{"href":"https:\/\/iha-race.com\/pt-pt\/wp-json\/wp\/v2\/product"}],"about":[{"href":"https:\/\/iha-race.com\/pt-pt\/wp-json\/wp\/v2\/types\/product"}],"replies":[{"embeddable":true,"href":"https:\/\/iha-race.com\/pt-pt\/wp-json\/wp\/v2\/comments?post=114808"}],"version-history":[{"count":2,"href":"https:\/\/iha-race.com\/pt-pt\/wp-json\/wp\/v2\/product\/114808\/revisions"}],"predecessor-version":[{"id":249095,"href":"https:\/\/iha-race.com\/pt-pt\/wp-json\/wp\/v2\/product\/114808\/revisions\/249095"}],"wp:featuredmedia":[{"embeddable":true,"href":"https:\/\/iha-race.com\/pt-pt\/wp-json\/wp\/v2\/media\/110381"}],"wp:attachment":[{"href":"https:\/\/iha-race.com\/pt-pt\/wp-json\/wp\/v2\/media?parent=114808"}],"wp:term":[{"taxonomy":"pwb-brand","embeddable":true,"href":"https:\/\/iha-race.com\/pt-pt\/wp-json\/wp\/v2\/pwb-brand?post=114808"},{"taxonomy":"product_cat","embeddable":true,"href":"https:\/\/iha-race.com\/pt-pt\/wp-json\/wp\/v2\/product_cat?post=114808"},{"taxonomy":"product_tag","embeddable":true,"href":"https:\/\/iha-race.com\/pt-pt\/wp-json\/wp\/v2\/product_tag?post=114808"}],"curies":[{"name":"wp","href":"https:\/\/api.w.org\/{rel}","templated":true}]}}