{"id":114730,"date":"2022-05-23T16:30:37","date_gmt":"2022-05-23T14:30:37","guid":{"rendered":"https:\/\/iha-race.com\/producto\/liitokala-lii-402-18650-cabo-usb-com-carregador-inteligente-preto\/"},"modified":"2025-01-28T01:28:49","modified_gmt":"2025-01-28T00:28:49","slug":"liitokala-liitokala-lii-402-18650-smart-charger-usb-cable-black","status":"publish","type":"product","link":"https:\/\/iha-race.com\/pt-pt\/produto\/liitokala-liitokala-lii-402-18650-smart-charger-usb-cable-black\/","title":{"rendered":"Liitokala Lii-402 18650 Cabo USB com Carregador Inteligente \/ Preto"},"content":{"rendered":"<h2><span data-sheets-value=\"{\"1\":2,\"2\":\"Liitokala Lii-402 18650 Cargador Inteligente Cable USB \/ Negro\"}\" data-sheets-userformat=\"{\"2\":11009,\"3\":{\"1\":0},\"11\":4,\"12\":0,\"14\":{\"1\":2,\"2\":3355443},\"16\":12}\">Liitokala Lii-402 18650 Cabo USB com Carregador Inteligente \/ Preto<\/span><\/h2>\n<ul>\n<li data-spm-anchor-id=\"a2g0o.detail.1000023.i0.3fcebc94WBpowK\">O carregador pode carregar baterias de i\u00f5es de l\u00edtio (3,7 V e 3,8 V), Ni-MH\/Cd, c\u00e9lulas de fosfato f\u00e9rrico de l\u00edtio (LiFePO4).<\/li>\n<li data-spm-anchor-id=\"a2g0o.detail.1000023.i0.3fcebc94WBpowK\">Leia este manual antes de utilizar e preste especial aten\u00e7\u00e3o \u00e0 corrente de carga recomendada, deve evitar carregar a bateria para al\u00e9m do limite de corrente recomendado.<\/li>\n<li data-spm-anchor-id=\"a2g0o.detail.1000023.i0.3fcebc94WBpowK\">Recomenda-se um adaptador USB de 3,5 V (2A adaptador de energia).<\/li>\n<li data-spm-anchor-id=\"a2g0o.detail.1000023.i0.3fcebc94WBpowK\">Esta\u00e7\u00e3o de aquecimento durante o carregamento<\/li>\n<li data-spm-anchor-id=\"a2g0o.detail.1000023.i0.3fcebc94WBpowK\">Retirar o carregador da fonte de alimenta\u00e7\u00e3o ap\u00f3s carga completa e remover a bateria do carregador ao mesmo tempo.<\/li>\n<li data-spm-anchor-id=\"a2g0o.detail.1000023.i0.3fcebc94WBpowK\">Apenas para uso interior<\/li>\n<li data-spm-anchor-id=\"a2g0o.detail.1000023.i0.3fcebc94WBpowK\">Uma apresenta\u00e7\u00e3o de dados para refer\u00eancia e refer\u00eancia ao instrumento profissional para os dados mais exactos.<\/li>\n<\/ul>\n<div><\/div>\n<div><img decoding=\"async\" src=\"https:\/\/ae01.alicdn.com\/kf\/HTB16z.jk5qAXuNjy1Xdq6yYcVXaD.jpg?width=950&amp;height=614&amp;size=201008&amp;hash=202572\" data-spm-anchor-id=\"a2g0o.detail.1000023.i2.3fcebc94WBpowK\"><img decoding=\"async\" src=\"https:\/\/ae01.alicdn.com\/kf\/HTB1bip5nsnI8KJjSspeq6AwIpXa3.jpg?width=950&amp;height=642&amp;size=252972&amp;hash=254564\"><img decoding=\"async\" src=\"https:\/\/ae01.alicdn.com\/kf\/HTB1fkO1nCfD8KJjSszhq6zIJFXaI.jpg?width=950&amp;height=653&amp;size=223382&amp;hash=224985\"><\/div>\n<div><\/div>\n<div>\n<h3>Especifica\u00e7\u00f5es e fun\u00e7\u00f5es:<\/h3>\n<ul>\n<li>Entrada micro USB DC 5V, quatro cargas independentes e sistema de gest\u00e3o de microcomputadores.<\/li>\n<li>Corrente de carga com quatro modos (500 mAh \/ 700 mAh\/1000 mAh \/ 2000 mAh), corrente 2000 mAh apenas no quarto slot fixo<\/li>\n<li>Os indicadores LED mostram o progresso da carga: 25% -50% -75% -100% e tipo de bateria (tamanho): Ni-MH 1.2V, Li-Fe 3.2V, Li-ion 3.7V, Ion 3.85V.<\/li>\n<li>Identifica automaticamente as baterias de i\u00f5es de l\u00edtio e Ni-MH e define manualmente o modo de carregamento das baterias de i\u00f5es de l\u00edtio LiFePO4 e 3,85 V.<\/li>\n<li>Bateria de actualiza\u00e7\u00e3o para OV. N\u00e3o carrega a bateria inteira de 1,65-1,85 V (actualiza\u00e7\u00e3o actual apenas detect\u00e1vel)<\/li>\n<li>Protec\u00e7\u00e3o contra sobrecarga, sobrecarga e curto-circuito. Inspec\u00e7\u00e3o de bateria polar quebrada e invertida<\/li>\n<li>Cartografia de baixa tens\u00e3o e corrente constante<\/li>\n<li>A interface de entrada e a tens\u00e3o DC de funcionamento \u00e9 de 5V-2A (Micro ficha).<\/li>\n<li>Com fun\u00e7\u00e3o de descarga USB 5V \/ 1000 mAh integrada (sa\u00edda).<\/li>\n<\/ul>\n<h3>Bot\u00e3o, LED e fun\u00e7\u00e3o<\/h3>\n<ul>\n<li><strong>Bot\u00f5es:<\/strong> Enquanto a energia estiver ligada, 1) Pressione o bot\u00e3o para mudar o tipo de bateria, come\u00e7ar\u00e1 a carregar 5 segundos depois de definir o tipo de bateria (3.2V ou 3.85V), 1.2V Ni-MH e 3.7V li-ion deve ser detectado automaticamente, pelo que necessita apenas de um conjunto para baterias de 3.2V e 3.8V; 2) Alterar a quantidade de corrente de carga em qualquer altura durante o carregamento longo do bot\u00e3o.<\/li>\n<li><strong>LED:<\/strong> enquanto ligado \u00e0 entrada de 5V, todos os LEDs acendem imediatamente. 1) Se n\u00e3o for inserida nenhuma bateria, o LED de 500 mAh continua e os outros ir\u00e3o apagar-se. 2) Quando a bateria \u00e9 detectada, 4 luzes LED e 3,7V LED continuam a piscar para indicar o tipo de bateria, se n\u00e3o funcionar, come\u00e7a a carregar 5 segundos mais tarde automaticamente sob detec\u00e7\u00e3o, quatro luzes LED mostrar\u00e3o o estado de carga. 3) tocar no bot\u00e3o. Pode exibir o tipo de bateria durante 5 segundos. 4) Sem a energia ligada, inserir uma bateria que mostre rapidamente o volume restante da carga da bateria.<\/li>\n<li><strong>Indicador de sa\u00edda USB:<\/strong> Quando for detectada a descarga da porta USB, o indicador do volume da bateria acende-se durante 10 segundos e desliga-se, premir o bot\u00e3o para a ligar novamente.<\/li>\n<li>Tabela de refer\u00eancia do visor LED<\/li>\n<\/ul>\n<h3>Especifica\u00e7\u00f5es t\u00e9cnicas<\/h3>\n<ul>\n<li>Entrada: Micro USB DC 5V \/ 2A<\/li>\n<li>Sa\u00edda: 1,42 V 4,2 V \u00b1.<br \/>\n05 V, 3,65 \u00b1.<br \/>\n05 V 4,35 \u00b1.   05 V<\/li>\n<li>Corrente: Ma * 1 * MA 2 mA 500Ma * 3*4<\/li>\n<li>Tens\u00e3o constante, corte de corrente: menos de 100 mAh.<\/li>\n<li>Corrente em espera: menos de 15 mAh<\/li>\n<\/ul>\n<h3>Cinco, fun\u00e7\u00e3o de sa\u00edda USB<\/h3>\n<ul>\n<li>Tens\u00e3o de sa\u00edda do circuito 1.0pen USB: 4.9-5.3 V; e a 4\u00aa ranhura \u00e9 fixada \u00e0 fonte de alimenta\u00e7\u00e3o de descarga USB.<\/li>\n<li>Corrente de sa\u00edda: 1000 mAh<\/li>\n<li>Circuito aberto de corrente: &lt;1 mAh<\/li>\n<li>A voltagem correspondente \u00e9 4,75-5,25 V com uma corrente de 1000 mAh.<\/li>\n<li>Tens\u00e3o de corte para protec\u00e7\u00e3o de descarga: 3,0 \u00b1. 1 V<\/li>\n<li>Li-ion \/ IMR: 18650, 18490, 18350, 18350, 17670, 17500, 16340 (RCR123), 14500, 10440<\/li>\n<li>Compatibilidade: Li-ion \/ IMR: 18650, 18490, 18350, 17670, 17500, 16340 (RCR123), 14500, 10440<\/li>\n<li>Tamanho: 112mm x 90mm x 30mm (C x L x L x A)<\/li>\n<li>Peso: 150 gramas (incl. Micro-cabo)<\/li>\n<\/ul>\n<\/div>\n<div><img decoding=\"async\" src=\"https:\/\/ae01.alicdn.com\/kf\/HTB1Sv5pnwvD8KJjy0Flq6ygBFXaP.jpg?width=1000&amp;height=1000&amp;size=229074&amp;hash=231074\"><img decoding=\"async\" src=\"https:\/\/ae01.alicdn.com\/kf\/HTB1ckSbnwLD8KJjSszeq6yGRpXai.jpg?width=950&amp;height=950&amp;size=404340&amp;hash=406240\"><img decoding=\"async\" src=\"https:\/\/ae01.alicdn.com\/kf\/HTB13ZaDnznD8KJjSspbq6zbEXXae.jpg\"><\/div>\n<div><img decoding=\"async\" src=\"https:\/\/ae01.alicdn.com\/kf\/HTB1hXyDnznD8KJjSspbq6zbEXXal.jpg?width=950&amp;height=834&amp;size=180944&amp;hash=182728\" data-spm-anchor-id=\"a2g0o.detail.1000023.i1.3fcebc94WBpowK\"><\/div>\n","protected":false},"excerpt":{"rendered":"<p>Liitokala Lii-402 18650 Cabo USB com Carregador Inteligente \/ Preto O carregador pode carregar baterias de i\u00f5es de l\u00edtio (3,7 V e 3,8 V), Ni-MH\/Cd, c\u00e9lulas de fosfato f\u00e9rrico de<\/p>\n","protected":false},"featured_media":108822,"comment_status":"open","ping_status":"closed","template":"","meta":{"_joinchat":[]},"pwb-brand":[],"product_cat":[1068],"product_tag":[],"class_list":{"0":"post-114730","1":"product","2":"type-product","3":"status-publish","4":"has-post-thumbnail","6":"product_cat-carregadores","8":"first","9":"instock","10":"taxable","11":"shipping-taxable","12":"purchasable","13":"product-type-simple"},"barcode":null,"atum_controlled":true,"out_stock_date":null,"out_stock_threshold":null,"inheritable":false,"stock_on_hold":0,"sold_today":0,"sales_last_days":0,"out_stock_days":0,"lost_sales":0,"update_date":"2026-04-18T09:22:07","atum_locations":[],"atum_stock_status":"instock","restock_status":false,"low_stock_amount":"","sales_update_date":"2026-04-18T09:22:07","calc_backorders":null,"yoast_head":"<!-- This site is optimized with the Yoast SEO plugin v27.3 - https:\/\/yoast.com\/product\/yoast-seo-wordpress\/ -->\n<title>Liitokala Lii-402 18650 Cabo USB com Carregador Inteligente \/ Preto - Iha Race<\/title>\n<meta name=\"robots\" content=\"index, follow, max-snippet:-1, max-image-preview:large, max-video-preview:-1\" \/>\n<link rel=\"canonical\" href=\"https:\/\/iha-race.com\/pt-pt\/produto\/liitokala-liitokala-lii-402-18650-smart-charger-usb-cable-black\/\" \/>\n<meta property=\"og:locale\" content=\"pt_PT\" \/>\n<meta property=\"og:type\" content=\"article\" \/>\n<meta property=\"og:title\" content=\"Liitokala Lii-402 18650 Cabo USB com Carregador Inteligente \/ Preto - Iha Race\" \/>\n<meta property=\"og:description\" content=\"Liitokala Lii-402 18650 Cabo USB com Carregador Inteligente \/ Preto O carregador pode carregar baterias de i\u00f5es de l\u00edtio (3,7 V e 3,8 V), Ni-MH\/Cd, c\u00e9lulas de fosfato f\u00e9rrico de\" \/>\n<meta property=\"og:url\" content=\"https:\/\/iha-race.com\/pt-pt\/produto\/liitokala-liitokala-lii-402-18650-smart-charger-usb-cable-black\/\" \/>\n<meta property=\"og:site_name\" content=\"Iha Race\" \/>\n<meta property=\"article:modified_time\" content=\"2025-01-28T00:28:49+00:00\" \/>\n<meta property=\"og:image\" content=\"https:\/\/iha-race.com\/wp-content\/uploads\/2022\/05\/NUEVA-LiitoKala-lii-100-lii-202-lii-402-1-2-V-3-7-V-3-2.jpg\" \/>\n\t<meta property=\"og:image:width\" content=\"1000\" \/>\n\t<meta property=\"og:image:height\" content=\"1000\" \/>\n\t<meta property=\"og:image:type\" content=\"image\/jpeg\" \/>\n<meta name=\"twitter:card\" content=\"summary_large_image\" \/>\n<meta name=\"twitter:label1\" content=\"Tempo estimado de leitura\" \/>\n\t<meta name=\"twitter:data1\" content=\"3 minutos\" \/>\n<script type=\"application\/ld+json\" class=\"yoast-schema-graph\">{\"@context\":\"https:\\\/\\\/schema.org\",\"@graph\":[{\"@type\":\"WebPage\",\"@id\":\"https:\\\/\\\/iha-race.com\\\/pt-pt\\\/produto\\\/liitokala-liitokala-lii-402-18650-smart-charger-usb-cable-black\\\/\",\"url\":\"https:\\\/\\\/iha-race.com\\\/pt-pt\\\/produto\\\/liitokala-liitokala-lii-402-18650-smart-charger-usb-cable-black\\\/\",\"name\":\"Liitokala Lii-402 18650 Cabo USB com Carregador Inteligente \\\/ Preto - Iha Race\",\"isPartOf\":{\"@id\":\"https:\\\/\\\/iha-race.com\\\/pt-pt\\\/#website\"},\"primaryImageOfPage\":{\"@id\":\"https:\\\/\\\/iha-race.com\\\/pt-pt\\\/produto\\\/liitokala-liitokala-lii-402-18650-smart-charger-usb-cable-black\\\/#primaryimage\"},\"image\":{\"@id\":\"https:\\\/\\\/iha-race.com\\\/pt-pt\\\/produto\\\/liitokala-liitokala-lii-402-18650-smart-charger-usb-cable-black\\\/#primaryimage\"},\"thumbnailUrl\":\"https:\\\/\\\/iha-race.com\\\/wp-content\\\/uploads\\\/2022\\\/05\\\/NUEVA-LiitoKala-lii-100-lii-202-lii-402-1-2-V-3-7-V-3-2.jpg\",\"datePublished\":\"2022-05-23T14:30:37+00:00\",\"dateModified\":\"2025-01-28T00:28:49+00:00\",\"breadcrumb\":{\"@id\":\"https:\\\/\\\/iha-race.com\\\/pt-pt\\\/produto\\\/liitokala-liitokala-lii-402-18650-smart-charger-usb-cable-black\\\/#breadcrumb\"},\"inLanguage\":\"pt-PT\",\"potentialAction\":[{\"@type\":\"ReadAction\",\"target\":[\"https:\\\/\\\/iha-race.com\\\/pt-pt\\\/produto\\\/liitokala-liitokala-lii-402-18650-smart-charger-usb-cable-black\\\/\"]}]},{\"@type\":\"ImageObject\",\"inLanguage\":\"pt-PT\",\"@id\":\"https:\\\/\\\/iha-race.com\\\/pt-pt\\\/produto\\\/liitokala-liitokala-lii-402-18650-smart-charger-usb-cable-black\\\/#primaryimage\",\"url\":\"https:\\\/\\\/iha-race.com\\\/wp-content\\\/uploads\\\/2022\\\/05\\\/NUEVA-LiitoKala-lii-100-lii-202-lii-402-1-2-V-3-7-V-3-2.jpg\",\"contentUrl\":\"https:\\\/\\\/iha-race.com\\\/wp-content\\\/uploads\\\/2022\\\/05\\\/NUEVA-LiitoKala-lii-100-lii-202-lii-402-1-2-V-3-7-V-3-2.jpg\",\"width\":1000,\"height\":1000,\"caption\":\"Comprar Liitokala Lii-402 18650 Cabo USB com Carregador Inteligente \\\/ Preto\"},{\"@type\":\"BreadcrumbList\",\"@id\":\"https:\\\/\\\/iha-race.com\\\/pt-pt\\\/produto\\\/liitokala-liitokala-lii-402-18650-smart-charger-usb-cable-black\\\/#breadcrumb\",\"itemListElement\":[{\"@type\":\"ListItem\",\"position\":1,\"name\":\"Portada\",\"item\":\"https:\\\/\\\/iha-race.com\\\/pt-pt\\\/elementor-499\\\/\"},{\"@type\":\"ListItem\",\"position\":2,\"name\":\"Shop\",\"item\":\"https:\\\/\\\/iha-race.com\\\/pt-pt\\\/shop\\\/\"},{\"@type\":\"ListItem\",\"position\":3,\"name\":\"Liitokala Lii-402 18650 Cabo USB com Carregador Inteligente \\\/ Preto\"}]},{\"@type\":\"WebSite\",\"@id\":\"https:\\\/\\\/iha-race.com\\\/pt-pt\\\/#website\",\"url\":\"https:\\\/\\\/iha-race.com\\\/pt-pt\\\/\",\"name\":\"Iha Race\",\"description\":\"Comprar drones de carreras FPV env\u00edos en un d\u00eda desde Espa\u00f1a\",\"publisher\":{\"@id\":\"https:\\\/\\\/iha-race.com\\\/pt-pt\\\/#organization\"},\"potentialAction\":[{\"@type\":\"SearchAction\",\"target\":{\"@type\":\"EntryPoint\",\"urlTemplate\":\"https:\\\/\\\/iha-race.com\\\/pt-pt\\\/?s={search_term_string}\"},\"query-input\":{\"@type\":\"PropertyValueSpecification\",\"valueRequired\":true,\"valueName\":\"search_term_string\"}}],\"inLanguage\":\"pt-PT\"},{\"@type\":\"Organization\",\"@id\":\"https:\\\/\\\/iha-race.com\\\/pt-pt\\\/#organization\",\"name\":\"Iha Race\",\"url\":\"https:\\\/\\\/iha-race.com\\\/pt-pt\\\/\",\"logo\":{\"@type\":\"ImageObject\",\"inLanguage\":\"pt-PT\",\"@id\":\"https:\\\/\\\/iha-race.com\\\/pt-pt\\\/#\\\/schema\\\/logo\\\/image\\\/\",\"url\":\"https:\\\/\\\/iha-race.com\\\/wp-content\\\/uploads\\\/2018\\\/07\\\/iha-race-drones-de-carreras-tienda-comprar-drones.png\",\"contentUrl\":\"https:\\\/\\\/iha-race.com\\\/wp-content\\\/uploads\\\/2018\\\/07\\\/iha-race-drones-de-carreras-tienda-comprar-drones.png\",\"width\":300,\"height\":100,\"caption\":\"Iha Race\"},\"image\":{\"@id\":\"https:\\\/\\\/iha-race.com\\\/pt-pt\\\/#\\\/schema\\\/logo\\\/image\\\/\"}}]}<\/script>\n<!-- \/ Yoast SEO plugin. -->","yoast_head_json":{"title":"Liitokala Lii-402 18650 Cabo USB com Carregador Inteligente \/ Preto - Iha Race","robots":{"index":"index","follow":"follow","max-snippet":"max-snippet:-1","max-image-preview":"max-image-preview:large","max-video-preview":"max-video-preview:-1"},"canonical":"https:\/\/iha-race.com\/pt-pt\/produto\/liitokala-liitokala-lii-402-18650-smart-charger-usb-cable-black\/","og_locale":"pt_PT","og_type":"article","og_title":"Liitokala Lii-402 18650 Cabo USB com Carregador Inteligente \/ Preto - Iha Race","og_description":"Liitokala Lii-402 18650 Cabo USB com Carregador Inteligente \/ Preto O carregador pode carregar baterias de i\u00f5es de l\u00edtio (3,7 V e 3,8 V), Ni-MH\/Cd, c\u00e9lulas de fosfato f\u00e9rrico de","og_url":"https:\/\/iha-race.com\/pt-pt\/produto\/liitokala-liitokala-lii-402-18650-smart-charger-usb-cable-black\/","og_site_name":"Iha Race","article_modified_time":"2025-01-28T00:28:49+00:00","og_image":[{"width":1000,"height":1000,"url":"https:\/\/iha-race.com\/wp-content\/uploads\/2022\/05\/NUEVA-LiitoKala-lii-100-lii-202-lii-402-1-2-V-3-7-V-3-2.jpg","type":"image\/jpeg"}],"twitter_card":"summary_large_image","twitter_misc":{"Tempo estimado de leitura":"3 minutos"},"schema":{"@context":"https:\/\/schema.org","@graph":[{"@type":"WebPage","@id":"https:\/\/iha-race.com\/pt-pt\/produto\/liitokala-liitokala-lii-402-18650-smart-charger-usb-cable-black\/","url":"https:\/\/iha-race.com\/pt-pt\/produto\/liitokala-liitokala-lii-402-18650-smart-charger-usb-cable-black\/","name":"Liitokala Lii-402 18650 Cabo USB com Carregador Inteligente \/ Preto - Iha Race","isPartOf":{"@id":"https:\/\/iha-race.com\/pt-pt\/#website"},"primaryImageOfPage":{"@id":"https:\/\/iha-race.com\/pt-pt\/produto\/liitokala-liitokala-lii-402-18650-smart-charger-usb-cable-black\/#primaryimage"},"image":{"@id":"https:\/\/iha-race.com\/pt-pt\/produto\/liitokala-liitokala-lii-402-18650-smart-charger-usb-cable-black\/#primaryimage"},"thumbnailUrl":"https:\/\/iha-race.com\/wp-content\/uploads\/2022\/05\/NUEVA-LiitoKala-lii-100-lii-202-lii-402-1-2-V-3-7-V-3-2.jpg","datePublished":"2022-05-23T14:30:37+00:00","dateModified":"2025-01-28T00:28:49+00:00","breadcrumb":{"@id":"https:\/\/iha-race.com\/pt-pt\/produto\/liitokala-liitokala-lii-402-18650-smart-charger-usb-cable-black\/#breadcrumb"},"inLanguage":"pt-PT","potentialAction":[{"@type":"ReadAction","target":["https:\/\/iha-race.com\/pt-pt\/produto\/liitokala-liitokala-lii-402-18650-smart-charger-usb-cable-black\/"]}]},{"@type":"ImageObject","inLanguage":"pt-PT","@id":"https:\/\/iha-race.com\/pt-pt\/produto\/liitokala-liitokala-lii-402-18650-smart-charger-usb-cable-black\/#primaryimage","url":"https:\/\/iha-race.com\/wp-content\/uploads\/2022\/05\/NUEVA-LiitoKala-lii-100-lii-202-lii-402-1-2-V-3-7-V-3-2.jpg","contentUrl":"https:\/\/iha-race.com\/wp-content\/uploads\/2022\/05\/NUEVA-LiitoKala-lii-100-lii-202-lii-402-1-2-V-3-7-V-3-2.jpg","width":1000,"height":1000,"caption":"Comprar Liitokala Lii-402 18650 Cabo USB com Carregador Inteligente \/ Preto"},{"@type":"BreadcrumbList","@id":"https:\/\/iha-race.com\/pt-pt\/produto\/liitokala-liitokala-lii-402-18650-smart-charger-usb-cable-black\/#breadcrumb","itemListElement":[{"@type":"ListItem","position":1,"name":"Portada","item":"https:\/\/iha-race.com\/pt-pt\/elementor-499\/"},{"@type":"ListItem","position":2,"name":"Shop","item":"https:\/\/iha-race.com\/pt-pt\/shop\/"},{"@type":"ListItem","position":3,"name":"Liitokala Lii-402 18650 Cabo USB com Carregador Inteligente \/ Preto"}]},{"@type":"WebSite","@id":"https:\/\/iha-race.com\/pt-pt\/#website","url":"https:\/\/iha-race.com\/pt-pt\/","name":"Iha Race","description":"Comprar drones de carreras FPV env\u00edos en un d\u00eda desde Espa\u00f1a","publisher":{"@id":"https:\/\/iha-race.com\/pt-pt\/#organization"},"potentialAction":[{"@type":"SearchAction","target":{"@type":"EntryPoint","urlTemplate":"https:\/\/iha-race.com\/pt-pt\/?s={search_term_string}"},"query-input":{"@type":"PropertyValueSpecification","valueRequired":true,"valueName":"search_term_string"}}],"inLanguage":"pt-PT"},{"@type":"Organization","@id":"https:\/\/iha-race.com\/pt-pt\/#organization","name":"Iha Race","url":"https:\/\/iha-race.com\/pt-pt\/","logo":{"@type":"ImageObject","inLanguage":"pt-PT","@id":"https:\/\/iha-race.com\/pt-pt\/#\/schema\/logo\/image\/","url":"https:\/\/iha-race.com\/wp-content\/uploads\/2018\/07\/iha-race-drones-de-carreras-tienda-comprar-drones.png","contentUrl":"https:\/\/iha-race.com\/wp-content\/uploads\/2018\/07\/iha-race-drones-de-carreras-tienda-comprar-drones.png","width":300,"height":100,"caption":"Iha Race"},"image":{"@id":"https:\/\/iha-race.com\/pt-pt\/#\/schema\/logo\/image\/"}}]}},"jetpack_sharing_enabled":true,"brands":[],"_links":{"self":[{"href":"https:\/\/iha-race.com\/pt-pt\/wp-json\/wp\/v2\/product\/114730","targetHints":{"allow":["GET"]}}],"collection":[{"href":"https:\/\/iha-race.com\/pt-pt\/wp-json\/wp\/v2\/product"}],"about":[{"href":"https:\/\/iha-race.com\/pt-pt\/wp-json\/wp\/v2\/types\/product"}],"replies":[{"embeddable":true,"href":"https:\/\/iha-race.com\/pt-pt\/wp-json\/wp\/v2\/comments?post=114730"}],"version-history":[{"count":2,"href":"https:\/\/iha-race.com\/pt-pt\/wp-json\/wp\/v2\/product\/114730\/revisions"}],"predecessor-version":[{"id":249143,"href":"https:\/\/iha-race.com\/pt-pt\/wp-json\/wp\/v2\/product\/114730\/revisions\/249143"}],"wp:featuredmedia":[{"embeddable":true,"href":"https:\/\/iha-race.com\/pt-pt\/wp-json\/wp\/v2\/media\/108822"}],"wp:attachment":[{"href":"https:\/\/iha-race.com\/pt-pt\/wp-json\/wp\/v2\/media?parent=114730"}],"wp:term":[{"taxonomy":"pwb-brand","embeddable":true,"href":"https:\/\/iha-race.com\/pt-pt\/wp-json\/wp\/v2\/pwb-brand?post=114730"},{"taxonomy":"product_cat","embeddable":true,"href":"https:\/\/iha-race.com\/pt-pt\/wp-json\/wp\/v2\/product_cat?post=114730"},{"taxonomy":"product_tag","embeddable":true,"href":"https:\/\/iha-race.com\/pt-pt\/wp-json\/wp\/v2\/product_tag?post=114730"}],"curies":[{"name":"wp","href":"https:\/\/api.w.org\/{rel}","templated":true}]}}