{"id":114718,"date":"2022-06-12T13:03:42","date_gmt":"2022-06-12T11:03:42","guid":{"rendered":"https:\/\/iha-race.com\/producto\/mateksys-pdb-hex-12s\/"},"modified":"2024-08-29T12:04:21","modified_gmt":"2024-08-29T10:04:21","slug":"mateksys-pdb-hex-12s","status":"publish","type":"product","link":"https:\/\/iha-race.com\/pt-pt\/produto\/mateksys-pdb-hex-12s\/","title":{"rendered":"Mateksys PDB-HEX 12S"},"content":{"rendered":"<h2>Mateksys PDB-HEX 12S<\/h2>\n<h3>Especifica\u00e7\u00f5es<\/h3>\n<ul>\n<li>Gama de voltagem de entrada: 6~60V (2~12S LiPo)<\/li>\n<li>PDB\/resist\u00eancia de detec\u00e7\u00e3o de corrente: 140 A cont\u00ednuo, 264 A rebentamento.<\/li>\n<li>Blocos de alimenta\u00e7\u00e3o ESC: 60A cont. 100A rebentamento<\/li>\n<li>6 almofadas de pot\u00eancia\/sinal\/telemetria ESC<\/li>\n<li>Actual senhor: 264A, 3.3V ADC<\/li>\n<li>Escala actual 125 (INAV\/BF), BATT_AMP_PERVLT 80 (ArduPilot)<\/li>\n<\/ul>\n<h3>Conector e almofadas JST-SH-8P<\/h3>\n<ul>\n<li>Vbat: voltagem da bateria<\/li>\n<li>G: terra<\/li>\n<li>Moeda: sinal de corrente<\/li>\n<li>Tlm: Duplica as almofadas de Tlm para telemetria ESC.<\/li>\n<li>S1\/S2\/S3\/S4\/S4\/S5\/S6: Sinal ESC<\/li>\n<li>Vx: Sa\u00edda do controlador<\/li>\n<\/ul>\n<h3>Sa\u00edda BEC Vx (5V por defeito)<\/h3>\n<ul>\n<li>Vx= 5V por defeito, 5 Amps Cont\u00ednuo<\/li>\n<li>Ponte de Salto 9V, Vx= 9V, Cont\u00ednuo 4 Amps, Max.5A<\/li>\n<li>Ponte de Salto 12V, Vx= 12V, Cont\u00ednuo 4 Amps, Max.5A<\/li>\n<li>Sa\u00edda tolerante a curto-circuitos (1 segundo)<\/li>\n<li>Protec\u00e7\u00e3o contra sobre-corrente e auto-recupera\u00e7\u00e3o<\/li>\n<\/ul>\n<h3>Divisor de voltagem<\/h3>\n<ul>\n<li>Resist\u00eancias 1K:20K<\/li>\n<li>Tens\u00e3o de sa\u00edda 1\/21 Vbat<\/li>\n<\/ul>\n<h3>F\u00edsico<\/h3>\n<ul>\n<li>Montagem: 30,5 x 30,5 mm, 20 x 20 mm, \u03a63 mm<\/li>\n<li>Dimens\u00f5es: 49 x 40 x 6 mm<\/li>\n<li>Peso: 12g<\/li>\n<\/ul>\n<h3>O pacote inclui<\/h3>\n<ul>\n<li>1 x PDB-HEX<\/li>\n<li>1 x Rubycon ZLJ 63V 390uF<\/li>\n<li>1 x cabo JST-SH1.0_8-pinos, 5 cm<\/li>\n<li>2 x conectores JST-SH1.0_8pin<\/li>\n<\/ul>\n<p>&nbsp;<\/p>\n<p><img fetchpriority=\"high\" decoding=\"async\" class=\"alignnone size-full wp-image-8153\" src=\"http:\/\/www.mateksys.com\/wp-content\/uploads\/2020\/11\/PDB-HEX_2.jpg\" alt=\"\" width=\"1500\" height=\"600\"> <img decoding=\"async\" class=\"alignnone size-full wp-image-8159\" src=\"http:\/\/www.mateksys.com\/wp-content\/uploads\/2020\/11\/PDB-HEX_3.jpg\" alt=\"\" width=\"1500\" height=\"600\"> <img decoding=\"async\" class=\"alignnone size-full wp-image-8158\" src=\"http:\/\/www.mateksys.com\/wp-content\/uploads\/2020\/11\/PDB-HEX_4.jpg\" alt=\"\" width=\"1500\" height=\"600\"><\/p>\n<p>&nbsp;<\/p>\n<p>&nbsp;<\/p>\n","protected":false},"excerpt":{"rendered":"<p>Mateksys PDB-HEX 12S Especifica\u00e7\u00f5es Gama de voltagem de entrada: 6~60V (2~12S LiPo) PDB\/resist\u00eancia de detec\u00e7\u00e3o de corrente: 140 A cont\u00ednuo, 264 A rebentamento. Blocos de alimenta\u00e7\u00e3o ESC: 60A cont. 100A<\/p>\n","protected":false},"featured_media":109584,"comment_status":"open","ping_status":"closed","template":"","meta":{"_joinchat":[]},"pwb-brand":[],"product_cat":[1118,2467],"product_tag":[],"class_list":{"0":"post-114718","1":"product","2":"type-product","3":"status-publish","4":"has-post-thumbnail","6":"product_cat-fpv-electronica-e-acessorios","7":"product_cat-pdb-pt-pt","9":"first","10":"outofstock","11":"taxable","12":"shipping-taxable","13":"purchasable","14":"product-type-simple"},"barcode":null,"atum_controlled":true,"out_stock_date":"2025-08-07 18:08:47","out_stock_threshold":null,"inheritable":false,"stock_on_hold":0,"sold_today":0,"sales_last_days":0,"out_stock_days":263,"lost_sales":785,"update_date":"2026-04-27T19:56:07","atum_locations":[],"atum_stock_status":"outofstock","restock_status":false,"low_stock_amount":"","sales_update_date":"2026-04-27T19:56:07","calc_backorders":null,"yoast_head":"<!-- This site is optimized with the Yoast SEO plugin v27.3 - https:\/\/yoast.com\/product\/yoast-seo-wordpress\/ -->\n<title>Mateksys PDB-HEX 12S - Iha Race<\/title>\n<meta name=\"robots\" content=\"index, follow, max-snippet:-1, max-image-preview:large, max-video-preview:-1\" \/>\n<link rel=\"canonical\" href=\"https:\/\/iha-race.com\/pt-pt\/produto\/mateksys-pdb-hex-12s\/\" \/>\n<meta property=\"og:locale\" content=\"pt_PT\" \/>\n<meta property=\"og:type\" content=\"article\" \/>\n<meta property=\"og:title\" content=\"Mateksys PDB-HEX 12S - Iha Race\" \/>\n<meta property=\"og:description\" content=\"Mateksys PDB-HEX 12S Especifica\u00e7\u00f5es Gama de voltagem de entrada: 6~60V (2~12S LiPo) PDB\/resist\u00eancia de detec\u00e7\u00e3o de corrente: 140 A cont\u00ednuo, 264 A rebentamento. Blocos de alimenta\u00e7\u00e3o ESC: 60A cont. 100A\" \/>\n<meta property=\"og:url\" content=\"https:\/\/iha-race.com\/pt-pt\/produto\/mateksys-pdb-hex-12s\/\" \/>\n<meta property=\"og:site_name\" content=\"Iha Race\" \/>\n<meta property=\"article:modified_time\" content=\"2024-08-29T10:04:21+00:00\" \/>\n<meta property=\"og:image\" content=\"https:\/\/iha-race.com\/wp-content\/uploads\/2022\/06\/Captura-de-Pantalla-2022-06-12-a-las-13.00.57.png\" \/>\n\t<meta property=\"og:image:width\" content=\"660\" \/>\n\t<meta property=\"og:image:height\" content=\"596\" \/>\n\t<meta property=\"og:image:type\" content=\"image\/png\" \/>\n<meta name=\"twitter:card\" content=\"summary_large_image\" \/>\n<meta name=\"twitter:label1\" content=\"Tempo estimado de leitura\" \/>\n\t<meta name=\"twitter:data1\" content=\"1 minuto\" \/>\n<script type=\"application\/ld+json\" class=\"yoast-schema-graph\">{\"@context\":\"https:\\\/\\\/schema.org\",\"@graph\":[{\"@type\":\"WebPage\",\"@id\":\"https:\\\/\\\/iha-race.com\\\/pt-pt\\\/produto\\\/mateksys-pdb-hex-12s\\\/\",\"url\":\"https:\\\/\\\/iha-race.com\\\/pt-pt\\\/produto\\\/mateksys-pdb-hex-12s\\\/\",\"name\":\"Mateksys PDB-HEX 12S - Iha Race\",\"isPartOf\":{\"@id\":\"https:\\\/\\\/iha-race.com\\\/pt-pt\\\/#website\"},\"primaryImageOfPage\":{\"@id\":\"https:\\\/\\\/iha-race.com\\\/pt-pt\\\/produto\\\/mateksys-pdb-hex-12s\\\/#primaryimage\"},\"image\":{\"@id\":\"https:\\\/\\\/iha-race.com\\\/pt-pt\\\/produto\\\/mateksys-pdb-hex-12s\\\/#primaryimage\"},\"thumbnailUrl\":\"https:\\\/\\\/iha-race.com\\\/wp-content\\\/uploads\\\/2022\\\/06\\\/Captura-de-Pantalla-2022-06-12-a-las-13.00.57.png\",\"datePublished\":\"2022-06-12T11:03:42+00:00\",\"dateModified\":\"2024-08-29T10:04:21+00:00\",\"breadcrumb\":{\"@id\":\"https:\\\/\\\/iha-race.com\\\/pt-pt\\\/produto\\\/mateksys-pdb-hex-12s\\\/#breadcrumb\"},\"inLanguage\":\"pt-PT\",\"potentialAction\":[{\"@type\":\"ReadAction\",\"target\":[\"https:\\\/\\\/iha-race.com\\\/pt-pt\\\/produto\\\/mateksys-pdb-hex-12s\\\/\"]}]},{\"@type\":\"ImageObject\",\"inLanguage\":\"pt-PT\",\"@id\":\"https:\\\/\\\/iha-race.com\\\/pt-pt\\\/produto\\\/mateksys-pdb-hex-12s\\\/#primaryimage\",\"url\":\"https:\\\/\\\/iha-race.com\\\/wp-content\\\/uploads\\\/2022\\\/06\\\/Captura-de-Pantalla-2022-06-12-a-las-13.00.57.png\",\"contentUrl\":\"https:\\\/\\\/iha-race.com\\\/wp-content\\\/uploads\\\/2022\\\/06\\\/Captura-de-Pantalla-2022-06-12-a-las-13.00.57.png\",\"width\":660,\"height\":596,\"caption\":\"Comprar Mateksys PDB-HEX, 12S\"},{\"@type\":\"BreadcrumbList\",\"@id\":\"https:\\\/\\\/iha-race.com\\\/pt-pt\\\/produto\\\/mateksys-pdb-hex-12s\\\/#breadcrumb\",\"itemListElement\":[{\"@type\":\"ListItem\",\"position\":1,\"name\":\"Portada\",\"item\":\"https:\\\/\\\/iha-race.com\\\/pt-pt\\\/elementor-499\\\/\"},{\"@type\":\"ListItem\",\"position\":2,\"name\":\"Shop\",\"item\":\"https:\\\/\\\/iha-race.com\\\/pt-pt\\\/shop\\\/\"},{\"@type\":\"ListItem\",\"position\":3,\"name\":\"Mateksys PDB-HEX 12S\"}]},{\"@type\":\"WebSite\",\"@id\":\"https:\\\/\\\/iha-race.com\\\/pt-pt\\\/#website\",\"url\":\"https:\\\/\\\/iha-race.com\\\/pt-pt\\\/\",\"name\":\"Iha Race\",\"description\":\"Comprar drones de carreras FPV env\u00edos en un d\u00eda desde Espa\u00f1a\",\"publisher\":{\"@id\":\"https:\\\/\\\/iha-race.com\\\/pt-pt\\\/#organization\"},\"potentialAction\":[{\"@type\":\"SearchAction\",\"target\":{\"@type\":\"EntryPoint\",\"urlTemplate\":\"https:\\\/\\\/iha-race.com\\\/pt-pt\\\/?s={search_term_string}\"},\"query-input\":{\"@type\":\"PropertyValueSpecification\",\"valueRequired\":true,\"valueName\":\"search_term_string\"}}],\"inLanguage\":\"pt-PT\"},{\"@type\":\"Organization\",\"@id\":\"https:\\\/\\\/iha-race.com\\\/pt-pt\\\/#organization\",\"name\":\"Iha Race\",\"url\":\"https:\\\/\\\/iha-race.com\\\/pt-pt\\\/\",\"logo\":{\"@type\":\"ImageObject\",\"inLanguage\":\"pt-PT\",\"@id\":\"https:\\\/\\\/iha-race.com\\\/pt-pt\\\/#\\\/schema\\\/logo\\\/image\\\/\",\"url\":\"https:\\\/\\\/iha-race.com\\\/wp-content\\\/uploads\\\/2018\\\/07\\\/iha-race-drones-de-carreras-tienda-comprar-drones.png\",\"contentUrl\":\"https:\\\/\\\/iha-race.com\\\/wp-content\\\/uploads\\\/2018\\\/07\\\/iha-race-drones-de-carreras-tienda-comprar-drones.png\",\"width\":300,\"height\":100,\"caption\":\"Iha Race\"},\"image\":{\"@id\":\"https:\\\/\\\/iha-race.com\\\/pt-pt\\\/#\\\/schema\\\/logo\\\/image\\\/\"}}]}<\/script>\n<!-- \/ Yoast SEO plugin. -->","yoast_head_json":{"title":"Mateksys PDB-HEX 12S - Iha Race","robots":{"index":"index","follow":"follow","max-snippet":"max-snippet:-1","max-image-preview":"max-image-preview:large","max-video-preview":"max-video-preview:-1"},"canonical":"https:\/\/iha-race.com\/pt-pt\/produto\/mateksys-pdb-hex-12s\/","og_locale":"pt_PT","og_type":"article","og_title":"Mateksys PDB-HEX 12S - Iha Race","og_description":"Mateksys PDB-HEX 12S Especifica\u00e7\u00f5es Gama de voltagem de entrada: 6~60V (2~12S LiPo) PDB\/resist\u00eancia de detec\u00e7\u00e3o de corrente: 140 A cont\u00ednuo, 264 A rebentamento. Blocos de alimenta\u00e7\u00e3o ESC: 60A cont. 100A","og_url":"https:\/\/iha-race.com\/pt-pt\/produto\/mateksys-pdb-hex-12s\/","og_site_name":"Iha Race","article_modified_time":"2024-08-29T10:04:21+00:00","og_image":[{"width":660,"height":596,"url":"https:\/\/iha-race.com\/wp-content\/uploads\/2022\/06\/Captura-de-Pantalla-2022-06-12-a-las-13.00.57.png","type":"image\/png"}],"twitter_card":"summary_large_image","twitter_misc":{"Tempo estimado de leitura":"1 minuto"},"schema":{"@context":"https:\/\/schema.org","@graph":[{"@type":"WebPage","@id":"https:\/\/iha-race.com\/pt-pt\/produto\/mateksys-pdb-hex-12s\/","url":"https:\/\/iha-race.com\/pt-pt\/produto\/mateksys-pdb-hex-12s\/","name":"Mateksys PDB-HEX 12S - Iha Race","isPartOf":{"@id":"https:\/\/iha-race.com\/pt-pt\/#website"},"primaryImageOfPage":{"@id":"https:\/\/iha-race.com\/pt-pt\/produto\/mateksys-pdb-hex-12s\/#primaryimage"},"image":{"@id":"https:\/\/iha-race.com\/pt-pt\/produto\/mateksys-pdb-hex-12s\/#primaryimage"},"thumbnailUrl":"https:\/\/iha-race.com\/wp-content\/uploads\/2022\/06\/Captura-de-Pantalla-2022-06-12-a-las-13.00.57.png","datePublished":"2022-06-12T11:03:42+00:00","dateModified":"2024-08-29T10:04:21+00:00","breadcrumb":{"@id":"https:\/\/iha-race.com\/pt-pt\/produto\/mateksys-pdb-hex-12s\/#breadcrumb"},"inLanguage":"pt-PT","potentialAction":[{"@type":"ReadAction","target":["https:\/\/iha-race.com\/pt-pt\/produto\/mateksys-pdb-hex-12s\/"]}]},{"@type":"ImageObject","inLanguage":"pt-PT","@id":"https:\/\/iha-race.com\/pt-pt\/produto\/mateksys-pdb-hex-12s\/#primaryimage","url":"https:\/\/iha-race.com\/wp-content\/uploads\/2022\/06\/Captura-de-Pantalla-2022-06-12-a-las-13.00.57.png","contentUrl":"https:\/\/iha-race.com\/wp-content\/uploads\/2022\/06\/Captura-de-Pantalla-2022-06-12-a-las-13.00.57.png","width":660,"height":596,"caption":"Comprar Mateksys PDB-HEX, 12S"},{"@type":"BreadcrumbList","@id":"https:\/\/iha-race.com\/pt-pt\/produto\/mateksys-pdb-hex-12s\/#breadcrumb","itemListElement":[{"@type":"ListItem","position":1,"name":"Portada","item":"https:\/\/iha-race.com\/pt-pt\/elementor-499\/"},{"@type":"ListItem","position":2,"name":"Shop","item":"https:\/\/iha-race.com\/pt-pt\/shop\/"},{"@type":"ListItem","position":3,"name":"Mateksys PDB-HEX 12S"}]},{"@type":"WebSite","@id":"https:\/\/iha-race.com\/pt-pt\/#website","url":"https:\/\/iha-race.com\/pt-pt\/","name":"Iha Race","description":"Comprar drones de carreras FPV env\u00edos en un d\u00eda desde Espa\u00f1a","publisher":{"@id":"https:\/\/iha-race.com\/pt-pt\/#organization"},"potentialAction":[{"@type":"SearchAction","target":{"@type":"EntryPoint","urlTemplate":"https:\/\/iha-race.com\/pt-pt\/?s={search_term_string}"},"query-input":{"@type":"PropertyValueSpecification","valueRequired":true,"valueName":"search_term_string"}}],"inLanguage":"pt-PT"},{"@type":"Organization","@id":"https:\/\/iha-race.com\/pt-pt\/#organization","name":"Iha Race","url":"https:\/\/iha-race.com\/pt-pt\/","logo":{"@type":"ImageObject","inLanguage":"pt-PT","@id":"https:\/\/iha-race.com\/pt-pt\/#\/schema\/logo\/image\/","url":"https:\/\/iha-race.com\/wp-content\/uploads\/2018\/07\/iha-race-drones-de-carreras-tienda-comprar-drones.png","contentUrl":"https:\/\/iha-race.com\/wp-content\/uploads\/2018\/07\/iha-race-drones-de-carreras-tienda-comprar-drones.png","width":300,"height":100,"caption":"Iha Race"},"image":{"@id":"https:\/\/iha-race.com\/pt-pt\/#\/schema\/logo\/image\/"}}]}},"jetpack_sharing_enabled":true,"brands":[],"_links":{"self":[{"href":"https:\/\/iha-race.com\/pt-pt\/wp-json\/wp\/v2\/product\/114718","targetHints":{"allow":["GET"]}}],"collection":[{"href":"https:\/\/iha-race.com\/pt-pt\/wp-json\/wp\/v2\/product"}],"about":[{"href":"https:\/\/iha-race.com\/pt-pt\/wp-json\/wp\/v2\/types\/product"}],"replies":[{"embeddable":true,"href":"https:\/\/iha-race.com\/pt-pt\/wp-json\/wp\/v2\/comments?post=114718"}],"version-history":[{"count":1,"href":"https:\/\/iha-race.com\/pt-pt\/wp-json\/wp\/v2\/product\/114718\/revisions"}],"predecessor-version":[{"id":117638,"href":"https:\/\/iha-race.com\/pt-pt\/wp-json\/wp\/v2\/product\/114718\/revisions\/117638"}],"wp:featuredmedia":[{"embeddable":true,"href":"https:\/\/iha-race.com\/pt-pt\/wp-json\/wp\/v2\/media\/109584"}],"wp:attachment":[{"href":"https:\/\/iha-race.com\/pt-pt\/wp-json\/wp\/v2\/media?parent=114718"}],"wp:term":[{"taxonomy":"pwb-brand","embeddable":true,"href":"https:\/\/iha-race.com\/pt-pt\/wp-json\/wp\/v2\/pwb-brand?post=114718"},{"taxonomy":"product_cat","embeddable":true,"href":"https:\/\/iha-race.com\/pt-pt\/wp-json\/wp\/v2\/product_cat?post=114718"},{"taxonomy":"product_tag","embeddable":true,"href":"https:\/\/iha-race.com\/pt-pt\/wp-json\/wp\/v2\/product_tag?post=114718"}],"curies":[{"name":"wp","href":"https:\/\/api.w.org\/{rel}","templated":true}]}}