{"id":114710,"date":"2022-04-27T12:55:40","date_gmt":"2022-04-27T10:55:40","guid":{"rendered":"https:\/\/iha-race.com\/producto\/manteiga-da-camara-universal-nd-filter-black-diamond\/"},"modified":"2024-08-29T12:06:00","modified_gmt":"2024-08-29T10:06:00","slug":"camera-butter-filter-nd-universal-black-diamond","status":"publish","type":"product","link":"https:\/\/iha-race.com\/pt-pt\/produto\/camera-butter-filter-nd-universal-black-diamond\/","title":{"rendered":"Manteiga da C\u00e2mara Universal ND Filter Black Diamond"},"content":{"rendered":"<h2><span data-sheets-value=\"{\"1\":2,\"2\":\"Camera Butter Filtro ND universal Black Diamond\"}\" data-sheets-userformat=\"{\"2\":15105,\"3\":{\"1\":0},\"11\":4,\"12\":0,\"14\":{\"1\":3,\"3\":1},\"15\":\"Arial\",\"16\":12}\">Manteiga da C\u00e2mara Universal ND Filter Black Diamond<\/span><\/h2>\n<p>  A mesma qualidade superior dos outros filtros Camera Butter e adapta-se a qualquer suporte de filtro deslizante que aceite filtros de 33 mm x 36 mm (concebido para o TBS Jello Guard). Estes s\u00e3o <strong>os filtros ND mais fortes e resistentes dispon\u00edveis em qualquer lugar<\/strong>, feitos de vidro de Gorila super-resistente. Actuam tamb\u00e9m como protector de lentes: n\u00e3o se pode comprar um protector de lentes mais forte para a sua GoPro. Tamb\u00e9m oferecemos uma variante clara (ND0) a utilizar para proteger a sua lente quando n\u00e3o estiver a utilizar um filtro ND. Estes filtros universais de densidade neutra est\u00e3o dispon\u00edveis em ND8 e 16. Filtros ND de muito alta qualidade feitos para GoPro Session 4\/5 e Hero 4\/5\/6\/6\/7\/8\/9\/10, DJI Action 2 e qualquer outra montagem de c\u00e2mara com uma ranhura para um filtro ND. N\u00e3o s\u00f3 s\u00e3o muito mais fortes do que qualquer outro filtro ND, como tamb\u00e9m t\u00eam uma \u00f3ptica sublime e um nano-revestimento especial que repele \u00e1gua, sujidade e impress\u00f5es digitais e s\u00e3o muito mais f\u00e1ceis de limpar do que o vidro normal. Quer estejas a utilizar o filtro ND para drones FPV, filmagens de ciclismo de montanha ou outros v\u00eddeos de a\u00e7\u00e3o, este filtro vai dar-te aquele movimento cinematogr\u00e1fico suave e reduzir ou eliminar a gelatina.  <\/p>\n<ul>\n<li><strong>Dimens\u00f5es:<\/strong> 33 mm x 36 mm x 2 mm de espessura<\/li>\n<\/ul>\n<p><strong>A montagem da TPU na imagem N\u00c3O est\u00e1 inclu\u00edda.  <\/strong><\/p>\n<h3>Transmiss\u00e3o ND:<\/h3>\n<ul>\n<li>ND8 (ND 0,9) 12,5% de transmiss\u00e3o (alguma luz solar)<\/li>\n<li>ND16 (ND 1,2) 6,25% de transmiss\u00e3o (luz solar intensa)<\/li>\n<\/ul>\n","protected":false},"excerpt":{"rendered":"<p>Manteiga da C\u00e2mara Universal ND Filter Black Diamond A mesma qualidade superior dos outros filtros Camera Butter e adapta-se a qualquer suporte de filtro deslizante que aceite filtros de 33<\/p>\n","protected":false},"featured_media":108656,"comment_status":"open","ping_status":"closed","template":"","meta":{"_joinchat":[]},"pwb-brand":[],"product_cat":[41,1005],"product_tag":[],"class_list":{"0":"post-114710","1":"product","2":"type-product","3":"status-publish","4":"has-post-thumbnail","6":"product_cat-camaras","7":"product_cat-filtros","9":"first","10":"instock","11":"taxable","12":"shipping-taxable","13":"purchasable","14":"product-type-variable"},"barcode":null,"atum_controlled":true,"out_stock_date":null,"out_stock_threshold":null,"inheritable":true,"stock_on_hold":0,"sold_today":1,"sales_last_days":1,"out_stock_days":0,"lost_sales":0,"update_date":"2026-04-18T23:29:47","atum_locations":[],"atum_stock_status":"instock","restock_status":false,"low_stock_amount":"","sales_update_date":"2026-04-18T23:29:47","calc_backorders":null,"yoast_head":"<!-- This site is optimized with the Yoast SEO plugin v27.3 - https:\/\/yoast.com\/product\/yoast-seo-wordpress\/ -->\n<title>Manteiga da C\u00e2mara Universal ND Filter Black Diamond - Iha Race<\/title>\n<meta name=\"robots\" content=\"index, follow, max-snippet:-1, max-image-preview:large, max-video-preview:-1\" \/>\n<link rel=\"canonical\" href=\"https:\/\/iha-race.com\/pt-pt\/produto\/camera-butter-filter-nd-universal-black-diamond\/\" \/>\n<meta property=\"og:locale\" content=\"pt_PT\" \/>\n<meta property=\"og:type\" content=\"article\" \/>\n<meta property=\"og:title\" content=\"Manteiga da C\u00e2mara Universal ND Filter Black Diamond - Iha Race\" \/>\n<meta property=\"og:description\" content=\"Manteiga da C\u00e2mara Universal ND Filter Black Diamond A mesma qualidade superior dos outros filtros Camera Butter e adapta-se a qualquer suporte de filtro deslizante que aceite filtros de 33\" \/>\n<meta property=\"og:url\" content=\"https:\/\/iha-race.com\/pt-pt\/produto\/camera-butter-filter-nd-universal-black-diamond\/\" \/>\n<meta property=\"og:site_name\" content=\"Iha Race\" \/>\n<meta property=\"article:modified_time\" content=\"2024-08-29T10:06:00+00:00\" \/>\n<meta property=\"og:image\" content=\"https:\/\/iha-race.com\/wp-content\/uploads\/2022\/04\/hero1_530x@2x.webp\" \/>\n\t<meta property=\"og:image:width\" content=\"1060\" \/>\n\t<meta property=\"og:image:height\" content=\"1060\" \/>\n\t<meta property=\"og:image:type\" content=\"image\/webp\" \/>\n<meta name=\"twitter:card\" content=\"summary_large_image\" \/>\n<meta name=\"twitter:label1\" content=\"Tempo estimado de leitura\" \/>\n\t<meta name=\"twitter:data1\" content=\"1 minuto\" \/>\n<script type=\"application\/ld+json\" class=\"yoast-schema-graph\">{\"@context\":\"https:\\\/\\\/schema.org\",\"@graph\":[{\"@type\":\"WebPage\",\"@id\":\"https:\\\/\\\/iha-race.com\\\/pt-pt\\\/produto\\\/camera-butter-filter-nd-universal-black-diamond\\\/\",\"url\":\"https:\\\/\\\/iha-race.com\\\/pt-pt\\\/produto\\\/camera-butter-filter-nd-universal-black-diamond\\\/\",\"name\":\"Manteiga da C\u00e2mara Universal ND Filter Black Diamond - Iha Race\",\"isPartOf\":{\"@id\":\"https:\\\/\\\/iha-race.com\\\/pt-pt\\\/#website\"},\"primaryImageOfPage\":{\"@id\":\"https:\\\/\\\/iha-race.com\\\/pt-pt\\\/produto\\\/camera-butter-filter-nd-universal-black-diamond\\\/#primaryimage\"},\"image\":{\"@id\":\"https:\\\/\\\/iha-race.com\\\/pt-pt\\\/produto\\\/camera-butter-filter-nd-universal-black-diamond\\\/#primaryimage\"},\"thumbnailUrl\":\"https:\\\/\\\/iha-race.com\\\/wp-content\\\/uploads\\\/2022\\\/04\\\/hero1_530x@2x.webp\",\"datePublished\":\"2022-04-27T10:55:40+00:00\",\"dateModified\":\"2024-08-29T10:06:00+00:00\",\"breadcrumb\":{\"@id\":\"https:\\\/\\\/iha-race.com\\\/pt-pt\\\/produto\\\/camera-butter-filter-nd-universal-black-diamond\\\/#breadcrumb\"},\"inLanguage\":\"pt-PT\",\"potentialAction\":[{\"@type\":\"ReadAction\",\"target\":[\"https:\\\/\\\/iha-race.com\\\/pt-pt\\\/produto\\\/camera-butter-filter-nd-universal-black-diamond\\\/\"]}]},{\"@type\":\"ImageObject\",\"inLanguage\":\"pt-PT\",\"@id\":\"https:\\\/\\\/iha-race.com\\\/pt-pt\\\/produto\\\/camera-butter-filter-nd-universal-black-diamond\\\/#primaryimage\",\"url\":\"https:\\\/\\\/iha-race.com\\\/wp-content\\\/uploads\\\/2022\\\/04\\\/hero1_530x@2x.webp\",\"contentUrl\":\"https:\\\/\\\/iha-race.com\\\/wp-content\\\/uploads\\\/2022\\\/04\\\/hero1_530x@2x.webp\",\"width\":1060,\"height\":1060,\"caption\":\"Comprar Manteiga da C\u00e2mara Universal ND Filter Black Diamond\"},{\"@type\":\"BreadcrumbList\",\"@id\":\"https:\\\/\\\/iha-race.com\\\/pt-pt\\\/produto\\\/camera-butter-filter-nd-universal-black-diamond\\\/#breadcrumb\",\"itemListElement\":[{\"@type\":\"ListItem\",\"position\":1,\"name\":\"Portada\",\"item\":\"https:\\\/\\\/iha-race.com\\\/pt-pt\\\/elementor-499\\\/\"},{\"@type\":\"ListItem\",\"position\":2,\"name\":\"Shop\",\"item\":\"https:\\\/\\\/iha-race.com\\\/pt-pt\\\/shop\\\/\"},{\"@type\":\"ListItem\",\"position\":3,\"name\":\"Manteiga da C\u00e2mara Universal ND Filter Black Diamond\"}]},{\"@type\":\"WebSite\",\"@id\":\"https:\\\/\\\/iha-race.com\\\/pt-pt\\\/#website\",\"url\":\"https:\\\/\\\/iha-race.com\\\/pt-pt\\\/\",\"name\":\"Iha Race\",\"description\":\"Comprar drones de carreras FPV env\u00edos en un d\u00eda desde Espa\u00f1a\",\"publisher\":{\"@id\":\"https:\\\/\\\/iha-race.com\\\/pt-pt\\\/#organization\"},\"potentialAction\":[{\"@type\":\"SearchAction\",\"target\":{\"@type\":\"EntryPoint\",\"urlTemplate\":\"https:\\\/\\\/iha-race.com\\\/pt-pt\\\/?s={search_term_string}\"},\"query-input\":{\"@type\":\"PropertyValueSpecification\",\"valueRequired\":true,\"valueName\":\"search_term_string\"}}],\"inLanguage\":\"pt-PT\"},{\"@type\":\"Organization\",\"@id\":\"https:\\\/\\\/iha-race.com\\\/pt-pt\\\/#organization\",\"name\":\"Iha Race\",\"url\":\"https:\\\/\\\/iha-race.com\\\/pt-pt\\\/\",\"logo\":{\"@type\":\"ImageObject\",\"inLanguage\":\"pt-PT\",\"@id\":\"https:\\\/\\\/iha-race.com\\\/pt-pt\\\/#\\\/schema\\\/logo\\\/image\\\/\",\"url\":\"https:\\\/\\\/iha-race.com\\\/wp-content\\\/uploads\\\/2018\\\/07\\\/iha-race-drones-de-carreras-tienda-comprar-drones.png\",\"contentUrl\":\"https:\\\/\\\/iha-race.com\\\/wp-content\\\/uploads\\\/2018\\\/07\\\/iha-race-drones-de-carreras-tienda-comprar-drones.png\",\"width\":300,\"height\":100,\"caption\":\"Iha Race\"},\"image\":{\"@id\":\"https:\\\/\\\/iha-race.com\\\/pt-pt\\\/#\\\/schema\\\/logo\\\/image\\\/\"}}]}<\/script>\n<!-- \/ Yoast SEO plugin. -->","yoast_head_json":{"title":"Manteiga da C\u00e2mara Universal ND Filter Black Diamond - Iha Race","robots":{"index":"index","follow":"follow","max-snippet":"max-snippet:-1","max-image-preview":"max-image-preview:large","max-video-preview":"max-video-preview:-1"},"canonical":"https:\/\/iha-race.com\/pt-pt\/produto\/camera-butter-filter-nd-universal-black-diamond\/","og_locale":"pt_PT","og_type":"article","og_title":"Manteiga da C\u00e2mara Universal ND Filter Black Diamond - Iha Race","og_description":"Manteiga da C\u00e2mara Universal ND Filter Black Diamond A mesma qualidade superior dos outros filtros Camera Butter e adapta-se a qualquer suporte de filtro deslizante que aceite filtros de 33","og_url":"https:\/\/iha-race.com\/pt-pt\/produto\/camera-butter-filter-nd-universal-black-diamond\/","og_site_name":"Iha Race","article_modified_time":"2024-08-29T10:06:00+00:00","og_image":[{"width":1060,"height":1060,"url":"https:\/\/iha-race.com\/wp-content\/uploads\/2022\/04\/hero1_530x@2x.webp","type":"image\/webp"}],"twitter_card":"summary_large_image","twitter_misc":{"Tempo estimado de leitura":"1 minuto"},"schema":{"@context":"https:\/\/schema.org","@graph":[{"@type":"WebPage","@id":"https:\/\/iha-race.com\/pt-pt\/produto\/camera-butter-filter-nd-universal-black-diamond\/","url":"https:\/\/iha-race.com\/pt-pt\/produto\/camera-butter-filter-nd-universal-black-diamond\/","name":"Manteiga da C\u00e2mara Universal ND Filter Black Diamond - Iha Race","isPartOf":{"@id":"https:\/\/iha-race.com\/pt-pt\/#website"},"primaryImageOfPage":{"@id":"https:\/\/iha-race.com\/pt-pt\/produto\/camera-butter-filter-nd-universal-black-diamond\/#primaryimage"},"image":{"@id":"https:\/\/iha-race.com\/pt-pt\/produto\/camera-butter-filter-nd-universal-black-diamond\/#primaryimage"},"thumbnailUrl":"https:\/\/iha-race.com\/wp-content\/uploads\/2022\/04\/hero1_530x@2x.webp","datePublished":"2022-04-27T10:55:40+00:00","dateModified":"2024-08-29T10:06:00+00:00","breadcrumb":{"@id":"https:\/\/iha-race.com\/pt-pt\/produto\/camera-butter-filter-nd-universal-black-diamond\/#breadcrumb"},"inLanguage":"pt-PT","potentialAction":[{"@type":"ReadAction","target":["https:\/\/iha-race.com\/pt-pt\/produto\/camera-butter-filter-nd-universal-black-diamond\/"]}]},{"@type":"ImageObject","inLanguage":"pt-PT","@id":"https:\/\/iha-race.com\/pt-pt\/produto\/camera-butter-filter-nd-universal-black-diamond\/#primaryimage","url":"https:\/\/iha-race.com\/wp-content\/uploads\/2022\/04\/hero1_530x@2x.webp","contentUrl":"https:\/\/iha-race.com\/wp-content\/uploads\/2022\/04\/hero1_530x@2x.webp","width":1060,"height":1060,"caption":"Comprar Manteiga da C\u00e2mara Universal ND Filter Black Diamond"},{"@type":"BreadcrumbList","@id":"https:\/\/iha-race.com\/pt-pt\/produto\/camera-butter-filter-nd-universal-black-diamond\/#breadcrumb","itemListElement":[{"@type":"ListItem","position":1,"name":"Portada","item":"https:\/\/iha-race.com\/pt-pt\/elementor-499\/"},{"@type":"ListItem","position":2,"name":"Shop","item":"https:\/\/iha-race.com\/pt-pt\/shop\/"},{"@type":"ListItem","position":3,"name":"Manteiga da C\u00e2mara Universal ND Filter Black Diamond"}]},{"@type":"WebSite","@id":"https:\/\/iha-race.com\/pt-pt\/#website","url":"https:\/\/iha-race.com\/pt-pt\/","name":"Iha Race","description":"Comprar drones de carreras FPV env\u00edos en un d\u00eda desde Espa\u00f1a","publisher":{"@id":"https:\/\/iha-race.com\/pt-pt\/#organization"},"potentialAction":[{"@type":"SearchAction","target":{"@type":"EntryPoint","urlTemplate":"https:\/\/iha-race.com\/pt-pt\/?s={search_term_string}"},"query-input":{"@type":"PropertyValueSpecification","valueRequired":true,"valueName":"search_term_string"}}],"inLanguage":"pt-PT"},{"@type":"Organization","@id":"https:\/\/iha-race.com\/pt-pt\/#organization","name":"Iha Race","url":"https:\/\/iha-race.com\/pt-pt\/","logo":{"@type":"ImageObject","inLanguage":"pt-PT","@id":"https:\/\/iha-race.com\/pt-pt\/#\/schema\/logo\/image\/","url":"https:\/\/iha-race.com\/wp-content\/uploads\/2018\/07\/iha-race-drones-de-carreras-tienda-comprar-drones.png","contentUrl":"https:\/\/iha-race.com\/wp-content\/uploads\/2018\/07\/iha-race-drones-de-carreras-tienda-comprar-drones.png","width":300,"height":100,"caption":"Iha Race"},"image":{"@id":"https:\/\/iha-race.com\/pt-pt\/#\/schema\/logo\/image\/"}}]}},"jetpack_sharing_enabled":true,"brands":[],"_links":{"self":[{"href":"https:\/\/iha-race.com\/pt-pt\/wp-json\/wp\/v2\/product\/114710","targetHints":{"allow":["GET"]}}],"collection":[{"href":"https:\/\/iha-race.com\/pt-pt\/wp-json\/wp\/v2\/product"}],"about":[{"href":"https:\/\/iha-race.com\/pt-pt\/wp-json\/wp\/v2\/types\/product"}],"replies":[{"embeddable":true,"href":"https:\/\/iha-race.com\/pt-pt\/wp-json\/wp\/v2\/comments?post=114710"}],"version-history":[{"count":2,"href":"https:\/\/iha-race.com\/pt-pt\/wp-json\/wp\/v2\/product\/114710\/revisions"}],"predecessor-version":[{"id":249155,"href":"https:\/\/iha-race.com\/pt-pt\/wp-json\/wp\/v2\/product\/114710\/revisions\/249155"}],"wp:featuredmedia":[{"embeddable":true,"href":"https:\/\/iha-race.com\/pt-pt\/wp-json\/wp\/v2\/media\/108656"}],"wp:attachment":[{"href":"https:\/\/iha-race.com\/pt-pt\/wp-json\/wp\/v2\/media?parent=114710"}],"wp:term":[{"taxonomy":"pwb-brand","embeddable":true,"href":"https:\/\/iha-race.com\/pt-pt\/wp-json\/wp\/v2\/pwb-brand?post=114710"},{"taxonomy":"product_cat","embeddable":true,"href":"https:\/\/iha-race.com\/pt-pt\/wp-json\/wp\/v2\/product_cat?post=114710"},{"taxonomy":"product_tag","embeddable":true,"href":"https:\/\/iha-race.com\/pt-pt\/wp-json\/wp\/v2\/product_tag?post=114710"}],"curies":[{"name":"wp","href":"https:\/\/api.w.org\/{rel}","templated":true}]}}