{"id":114697,"date":"2022-08-04T18:52:48","date_gmt":"2022-08-04T16:52:48","guid":{"rendered":"https:\/\/iha-race.com\/producto\/helices-dalprop-t6040\/"},"modified":"2024-08-29T12:00:27","modified_gmt":"2024-08-29T10:00:27","slug":"propulsor-dalprop-t6040","status":"publish","type":"product","link":"https:\/\/iha-race.com\/pt-pt\/produto\/propulsor-dalprop-t6040\/","title":{"rendered":"H\u00e9lices Dalprop T6040"},"content":{"rendered":"<h2>H\u00e9lices Dalprop T6040<\/h2>\n<p>  A DALPROP CYCLONE T6040C \u00e9 uma h\u00e9lice de tr\u00eas p\u00e1s para quadric\u00f3pteros de 6&#8243;. A DAL tem um rigoroso controlo de qualidade e introduz instrumentos profissionais para assegurar que cada h\u00e9lice tenha um excelente equil\u00edbrio e baixa vibra\u00e7\u00e3o. Est\u00e1 marcado como intacto. Desde o primeiro ciclone, as escoras DAL foram concebidas por um professor l\u00edder de aerodin\u00e2mica na China. Nos primeiros segundos ap\u00f3s voar uma h\u00e9lice Cyclone, pode sentir a resposta ajustada e sentir a sensa\u00e7\u00e3o. Esta qualidade especial foi claramente mantida ao longo de toda a linha Cyclone, uma e outra vez, e sentir\u00e1s isso com o T6040C. Com centenas de milhares de jogos vendidos todos os meses, a linha de acess\u00f3rios Cyclone tem sido um dos acess\u00f3rios de maior sucesso que a ind\u00fastria j\u00e1 viu. A T6040C \u00e9 uma adi\u00e7\u00e3o fant\u00e1stica \u00e0 linha.  <\/p>\n<h3><b>Especifica\u00e7\u00f5es<\/b><\/h3>\n<div>\n<ul>\n<li>Material: policarbonato + fibra de vidro.<\/li>\n<li>Cor: preto, azul, lil\u00e1s<\/li>\n<li>Di\u00e2metro interno (suporte de apoio): \u03c65 mm<\/li>\n<li>Comprimento: 6 polegadas<\/li>\n<li>Passo: 4 polegadas<\/li>\n<li>Peso: 5,8 g cada.<\/li>\n<\/ul>\n<\/div>\n<h3><b>O pacote inclui<\/b><\/h3>\n<ul>\n<li>2 x CW Cyclone T6040C<\/li>\n<li>2 x CCW Cyclone T6040C<\/li>\n<\/ul>\n","protected":false},"excerpt":{"rendered":"<p>H\u00e9lices Dalprop T6040 A DALPROP CYCLONE T6040C \u00e9 uma h\u00e9lice de tr\u00eas p\u00e1s para quadric\u00f3pteros de 6&#8243;. A DAL tem um rigoroso controlo de qualidade e introduz instrumentos profissionais para<\/p>\n","protected":false},"featured_media":110611,"comment_status":"open","ping_status":"closed","template":"","meta":{"_joinchat":[]},"pwb-brand":[],"product_cat":[1153],"product_tag":[],"class_list":{"0":"post-114697","1":"product","2":"type-product","3":"status-publish","4":"has-post-thumbnail","6":"product_cat-outlet-pt-pt","8":"first","9":"instock","10":"taxable","11":"shipping-taxable","12":"purchasable","13":"product-type-variable"},"barcode":null,"atum_controlled":true,"out_stock_date":null,"out_stock_threshold":null,"inheritable":true,"stock_on_hold":1,"sold_today":1,"sales_last_days":1,"out_stock_days":0,"lost_sales":0,"update_date":"2026-04-15T09:41:08","atum_locations":[],"atum_stock_status":"instock","restock_status":false,"low_stock_amount":"","sales_update_date":"2026-03-04T15:34:05","calc_backorders":null,"yoast_head":"<!-- This site is optimized with the Yoast SEO plugin v27.3 - https:\/\/yoast.com\/product\/yoast-seo-wordpress\/ -->\n<title>H\u00e9lices Dalprop T6040 - Iha Race<\/title>\n<meta name=\"robots\" content=\"index, follow, max-snippet:-1, max-image-preview:large, max-video-preview:-1\" \/>\n<link rel=\"canonical\" href=\"https:\/\/iha-race.com\/pt-pt\/produto\/propulsor-dalprop-t6040\/\" \/>\n<meta property=\"og:locale\" content=\"pt_PT\" \/>\n<meta property=\"og:type\" content=\"article\" \/>\n<meta property=\"og:title\" content=\"H\u00e9lices Dalprop T6040 - Iha Race\" \/>\n<meta property=\"og:description\" content=\"H\u00e9lices Dalprop T6040 A DALPROP CYCLONE T6040C \u00e9 uma h\u00e9lice de tr\u00eas p\u00e1s para quadric\u00f3pteros de 6&#8243;. A DAL tem um rigoroso controlo de qualidade e introduz instrumentos profissionais para\" \/>\n<meta property=\"og:url\" content=\"https:\/\/iha-race.com\/pt-pt\/produto\/propulsor-dalprop-t6040\/\" \/>\n<meta property=\"og:site_name\" content=\"Iha Race\" \/>\n<meta property=\"article:modified_time\" content=\"2024-08-29T10:00:27+00:00\" \/>\n<meta property=\"og:image\" content=\"https:\/\/iha-race.com\/wp-content\/uploads\/2022\/08\/Helices-Dalprop-T6040.jpg\" \/>\n\t<meta property=\"og:image:width\" content=\"500\" \/>\n\t<meta property=\"og:image:height\" content=\"500\" \/>\n\t<meta property=\"og:image:type\" content=\"image\/jpeg\" \/>\n<meta name=\"twitter:card\" content=\"summary_large_image\" \/>\n<meta name=\"twitter:label1\" content=\"Tempo estimado de leitura\" \/>\n\t<meta name=\"twitter:data1\" content=\"1 minuto\" \/>\n<script type=\"application\/ld+json\" class=\"yoast-schema-graph\">{\"@context\":\"https:\\\/\\\/schema.org\",\"@graph\":[{\"@type\":\"WebPage\",\"@id\":\"https:\\\/\\\/iha-race.com\\\/pt-pt\\\/produto\\\/propulsor-dalprop-t6040\\\/\",\"url\":\"https:\\\/\\\/iha-race.com\\\/pt-pt\\\/produto\\\/propulsor-dalprop-t6040\\\/\",\"name\":\"H\u00e9lices Dalprop T6040 - Iha Race\",\"isPartOf\":{\"@id\":\"https:\\\/\\\/iha-race.com\\\/pt-pt\\\/#website\"},\"primaryImageOfPage\":{\"@id\":\"https:\\\/\\\/iha-race.com\\\/pt-pt\\\/produto\\\/propulsor-dalprop-t6040\\\/#primaryimage\"},\"image\":{\"@id\":\"https:\\\/\\\/iha-race.com\\\/pt-pt\\\/produto\\\/propulsor-dalprop-t6040\\\/#primaryimage\"},\"thumbnailUrl\":\"https:\\\/\\\/iha-race.com\\\/wp-content\\\/uploads\\\/2022\\\/08\\\/Helices-Dalprop-T6040.jpg\",\"datePublished\":\"2022-08-04T16:52:48+00:00\",\"dateModified\":\"2024-08-29T10:00:27+00:00\",\"breadcrumb\":{\"@id\":\"https:\\\/\\\/iha-race.com\\\/pt-pt\\\/produto\\\/propulsor-dalprop-t6040\\\/#breadcrumb\"},\"inLanguage\":\"pt-PT\",\"potentialAction\":[{\"@type\":\"ReadAction\",\"target\":[\"https:\\\/\\\/iha-race.com\\\/pt-pt\\\/produto\\\/propulsor-dalprop-t6040\\\/\"]}]},{\"@type\":\"ImageObject\",\"inLanguage\":\"pt-PT\",\"@id\":\"https:\\\/\\\/iha-race.com\\\/pt-pt\\\/produto\\\/propulsor-dalprop-t6040\\\/#primaryimage\",\"url\":\"https:\\\/\\\/iha-race.com\\\/wp-content\\\/uploads\\\/2022\\\/08\\\/Helices-Dalprop-T6040.jpg\",\"contentUrl\":\"https:\\\/\\\/iha-race.com\\\/wp-content\\\/uploads\\\/2022\\\/08\\\/Helices-Dalprop-T6040.jpg\",\"width\":500,\"height\":500},{\"@type\":\"BreadcrumbList\",\"@id\":\"https:\\\/\\\/iha-race.com\\\/pt-pt\\\/produto\\\/propulsor-dalprop-t6040\\\/#breadcrumb\",\"itemListElement\":[{\"@type\":\"ListItem\",\"position\":1,\"name\":\"Portada\",\"item\":\"https:\\\/\\\/iha-race.com\\\/pt-pt\\\/elementor-499\\\/\"},{\"@type\":\"ListItem\",\"position\":2,\"name\":\"Shop\",\"item\":\"https:\\\/\\\/iha-race.com\\\/pt-pt\\\/shop\\\/\"},{\"@type\":\"ListItem\",\"position\":3,\"name\":\"H\u00e9lices Dalprop T6040\"}]},{\"@type\":\"WebSite\",\"@id\":\"https:\\\/\\\/iha-race.com\\\/pt-pt\\\/#website\",\"url\":\"https:\\\/\\\/iha-race.com\\\/pt-pt\\\/\",\"name\":\"Iha Race\",\"description\":\"Comprar drones de carreras FPV env\u00edos en un d\u00eda desde Espa\u00f1a\",\"publisher\":{\"@id\":\"https:\\\/\\\/iha-race.com\\\/pt-pt\\\/#organization\"},\"potentialAction\":[{\"@type\":\"SearchAction\",\"target\":{\"@type\":\"EntryPoint\",\"urlTemplate\":\"https:\\\/\\\/iha-race.com\\\/pt-pt\\\/?s={search_term_string}\"},\"query-input\":{\"@type\":\"PropertyValueSpecification\",\"valueRequired\":true,\"valueName\":\"search_term_string\"}}],\"inLanguage\":\"pt-PT\"},{\"@type\":\"Organization\",\"@id\":\"https:\\\/\\\/iha-race.com\\\/pt-pt\\\/#organization\",\"name\":\"Iha Race\",\"url\":\"https:\\\/\\\/iha-race.com\\\/pt-pt\\\/\",\"logo\":{\"@type\":\"ImageObject\",\"inLanguage\":\"pt-PT\",\"@id\":\"https:\\\/\\\/iha-race.com\\\/pt-pt\\\/#\\\/schema\\\/logo\\\/image\\\/\",\"url\":\"https:\\\/\\\/iha-race.com\\\/wp-content\\\/uploads\\\/2018\\\/07\\\/iha-race-drones-de-carreras-tienda-comprar-drones.png\",\"contentUrl\":\"https:\\\/\\\/iha-race.com\\\/wp-content\\\/uploads\\\/2018\\\/07\\\/iha-race-drones-de-carreras-tienda-comprar-drones.png\",\"width\":300,\"height\":100,\"caption\":\"Iha Race\"},\"image\":{\"@id\":\"https:\\\/\\\/iha-race.com\\\/pt-pt\\\/#\\\/schema\\\/logo\\\/image\\\/\"}}]}<\/script>\n<!-- \/ Yoast SEO plugin. -->","yoast_head_json":{"title":"H\u00e9lices Dalprop T6040 - Iha Race","robots":{"index":"index","follow":"follow","max-snippet":"max-snippet:-1","max-image-preview":"max-image-preview:large","max-video-preview":"max-video-preview:-1"},"canonical":"https:\/\/iha-race.com\/pt-pt\/produto\/propulsor-dalprop-t6040\/","og_locale":"pt_PT","og_type":"article","og_title":"H\u00e9lices Dalprop T6040 - Iha Race","og_description":"H\u00e9lices Dalprop T6040 A DALPROP CYCLONE T6040C \u00e9 uma h\u00e9lice de tr\u00eas p\u00e1s para quadric\u00f3pteros de 6&#8243;. A DAL tem um rigoroso controlo de qualidade e introduz instrumentos profissionais para","og_url":"https:\/\/iha-race.com\/pt-pt\/produto\/propulsor-dalprop-t6040\/","og_site_name":"Iha Race","article_modified_time":"2024-08-29T10:00:27+00:00","og_image":[{"width":500,"height":500,"url":"https:\/\/iha-race.com\/wp-content\/uploads\/2022\/08\/Helices-Dalprop-T6040.jpg","type":"image\/jpeg"}],"twitter_card":"summary_large_image","twitter_misc":{"Tempo estimado de leitura":"1 minuto"},"schema":{"@context":"https:\/\/schema.org","@graph":[{"@type":"WebPage","@id":"https:\/\/iha-race.com\/pt-pt\/produto\/propulsor-dalprop-t6040\/","url":"https:\/\/iha-race.com\/pt-pt\/produto\/propulsor-dalprop-t6040\/","name":"H\u00e9lices Dalprop T6040 - Iha Race","isPartOf":{"@id":"https:\/\/iha-race.com\/pt-pt\/#website"},"primaryImageOfPage":{"@id":"https:\/\/iha-race.com\/pt-pt\/produto\/propulsor-dalprop-t6040\/#primaryimage"},"image":{"@id":"https:\/\/iha-race.com\/pt-pt\/produto\/propulsor-dalprop-t6040\/#primaryimage"},"thumbnailUrl":"https:\/\/iha-race.com\/wp-content\/uploads\/2022\/08\/Helices-Dalprop-T6040.jpg","datePublished":"2022-08-04T16:52:48+00:00","dateModified":"2024-08-29T10:00:27+00:00","breadcrumb":{"@id":"https:\/\/iha-race.com\/pt-pt\/produto\/propulsor-dalprop-t6040\/#breadcrumb"},"inLanguage":"pt-PT","potentialAction":[{"@type":"ReadAction","target":["https:\/\/iha-race.com\/pt-pt\/produto\/propulsor-dalprop-t6040\/"]}]},{"@type":"ImageObject","inLanguage":"pt-PT","@id":"https:\/\/iha-race.com\/pt-pt\/produto\/propulsor-dalprop-t6040\/#primaryimage","url":"https:\/\/iha-race.com\/wp-content\/uploads\/2022\/08\/Helices-Dalprop-T6040.jpg","contentUrl":"https:\/\/iha-race.com\/wp-content\/uploads\/2022\/08\/Helices-Dalprop-T6040.jpg","width":500,"height":500},{"@type":"BreadcrumbList","@id":"https:\/\/iha-race.com\/pt-pt\/produto\/propulsor-dalprop-t6040\/#breadcrumb","itemListElement":[{"@type":"ListItem","position":1,"name":"Portada","item":"https:\/\/iha-race.com\/pt-pt\/elementor-499\/"},{"@type":"ListItem","position":2,"name":"Shop","item":"https:\/\/iha-race.com\/pt-pt\/shop\/"},{"@type":"ListItem","position":3,"name":"H\u00e9lices Dalprop T6040"}]},{"@type":"WebSite","@id":"https:\/\/iha-race.com\/pt-pt\/#website","url":"https:\/\/iha-race.com\/pt-pt\/","name":"Iha Race","description":"Comprar drones de carreras FPV env\u00edos en un d\u00eda desde Espa\u00f1a","publisher":{"@id":"https:\/\/iha-race.com\/pt-pt\/#organization"},"potentialAction":[{"@type":"SearchAction","target":{"@type":"EntryPoint","urlTemplate":"https:\/\/iha-race.com\/pt-pt\/?s={search_term_string}"},"query-input":{"@type":"PropertyValueSpecification","valueRequired":true,"valueName":"search_term_string"}}],"inLanguage":"pt-PT"},{"@type":"Organization","@id":"https:\/\/iha-race.com\/pt-pt\/#organization","name":"Iha Race","url":"https:\/\/iha-race.com\/pt-pt\/","logo":{"@type":"ImageObject","inLanguage":"pt-PT","@id":"https:\/\/iha-race.com\/pt-pt\/#\/schema\/logo\/image\/","url":"https:\/\/iha-race.com\/wp-content\/uploads\/2018\/07\/iha-race-drones-de-carreras-tienda-comprar-drones.png","contentUrl":"https:\/\/iha-race.com\/wp-content\/uploads\/2018\/07\/iha-race-drones-de-carreras-tienda-comprar-drones.png","width":300,"height":100,"caption":"Iha Race"},"image":{"@id":"https:\/\/iha-race.com\/pt-pt\/#\/schema\/logo\/image\/"}}]}},"brands":[],"_links":{"self":[{"href":"https:\/\/iha-race.com\/pt-pt\/wp-json\/wp\/v2\/product\/114697","targetHints":{"allow":["GET"]}}],"collection":[{"href":"https:\/\/iha-race.com\/pt-pt\/wp-json\/wp\/v2\/product"}],"about":[{"href":"https:\/\/iha-race.com\/pt-pt\/wp-json\/wp\/v2\/types\/product"}],"replies":[{"embeddable":true,"href":"https:\/\/iha-race.com\/pt-pt\/wp-json\/wp\/v2\/comments?post=114697"}],"version-history":[{"count":2,"href":"https:\/\/iha-race.com\/pt-pt\/wp-json\/wp\/v2\/product\/114697\/revisions"}],"predecessor-version":[{"id":249004,"href":"https:\/\/iha-race.com\/pt-pt\/wp-json\/wp\/v2\/product\/114697\/revisions\/249004"}],"wp:featuredmedia":[{"embeddable":true,"href":"https:\/\/iha-race.com\/pt-pt\/wp-json\/wp\/v2\/media\/110611"}],"wp:attachment":[{"href":"https:\/\/iha-race.com\/pt-pt\/wp-json\/wp\/v2\/media?parent=114697"}],"wp:term":[{"taxonomy":"pwb-brand","embeddable":true,"href":"https:\/\/iha-race.com\/pt-pt\/wp-json\/wp\/v2\/pwb-brand?post=114697"},{"taxonomy":"product_cat","embeddable":true,"href":"https:\/\/iha-race.com\/pt-pt\/wp-json\/wp\/v2\/product_cat?post=114697"},{"taxonomy":"product_tag","embeddable":true,"href":"https:\/\/iha-race.com\/pt-pt\/wp-json\/wp\/v2\/product_tag?post=114697"}],"curies":[{"name":"wp","href":"https:\/\/api.w.org\/{rel}","templated":true}]}}