{"id":114653,"date":"2021-10-05T09:43:17","date_gmt":"2021-10-05T07:43:17","guid":{"rendered":"https:\/\/iha-race.com\/producto\/motores-betafpv-1102-18000kv\/"},"modified":"2024-08-29T12:14:53","modified_gmt":"2024-08-29T10:14:53","slug":"motores-betafpv-1102-18000kv","status":"publish","type":"product","link":"https:\/\/iha-race.com\/pt-pt\/produto\/motores-betafpv-1102-18000kv\/","title":{"rendered":"Motores BetaFPV 1102 &#8211; 18000kv"},"content":{"rendered":"<h2>Motores BetaFPV 1102 &#8211; 18000kv<\/h2>\n<h3>Caracter\u00edsticas:<\/h3>\n<p>  Para dar mais impulso ao drone 1S, foi lan\u00e7ado o motor 1102 &#8211; 18000KV. \u00c9 adequado para a maioria das molduras de 75 mm 1 s. Emparelhado com a <a href=\"https:\/\/iha-race.com\/categoria-producto\/baterias-para-drones\/s1\/?filter_marca=betafpv&amp;query_type_marca=or\" target=\"_blank\" rel=\"noopener\">bateria da s\u00e9rie BT2.0<\/a>, o tempo de voo ser\u00e1 maior.  <span class=\"a-list-item\">O motor 1102 18000KV tem um comprimento de cabo de 37mm que pode combinar bem com a s\u00e9rie <strong>Meteor75<\/strong> de zang\u00f5es.<\/span><\/p>\n<p><img fetchpriority=\"high\" decoding=\"async\" class=\"wp-image-70647 size-large aligncenter\" src=\"https:\/\/iha-race.com\/wp-content\/uploads\/2021\/10\/Motores-BetaFPV-1102-18000kv-1-1024x576.jpg\" alt=\"\" width=\"840\" height=\"473\" srcset=\"https:\/\/iha-race.com\/wp-content\/uploads\/2021\/10\/Motores-BetaFPV-1102-18000kv-1.jpg 1024w, https:\/\/iha-race.com\/wp-content\/uploads\/2021\/10\/Motores-BetaFPV-1102-18000kv-1-300x169.jpg 300w, https:\/\/iha-race.com\/wp-content\/uploads\/2021\/10\/Motores-BetaFPV-1102-18000kv-1-768x432.jpg 768w, https:\/\/iha-race.com\/wp-content\/uploads\/2021\/10\/Motores-BetaFPV-1102-18000kv-1-1536x864.jpg 1536w, https:\/\/iha-race.com\/wp-content\/uploads\/2021\/10\/Motores-BetaFPV-1102-18000kv-1-2048x1152.jpg 2048w, https:\/\/iha-race.com\/wp-content\/uploads\/2021\/10\/Motores-BetaFPV-1102-18000kv-1-267x150.jpg 267w, https:\/\/iha-race.com\/wp-content\/uploads\/2021\/10\/Motores-BetaFPV-1102-18000kv-1-100x56.jpg 100w, https:\/\/iha-race.com\/wp-content\/uploads\/2021\/10\/Motores-BetaFPV-1102-18000kv-1-622x350.jpg 622w, https:\/\/iha-race.com\/wp-content\/uploads\/2021\/10\/Motores-BetaFPV-1102-18000kv-1-788x443.jpg 788w, https:\/\/iha-race.com\/wp-content\/uploads\/2021\/10\/Motores-BetaFPV-1102-18000kv-1-599x337.jpg 599w\" sizes=\"(max-width: 840px) 100vw, 840px\" \/>  Ao utilizar a tecnologia de rolamentos de esferas, a fric\u00e7\u00e3o entre os rolamentos de esferas foi efetivamente reduzida. <span class=\"tlid-translation translation\" lang=\"en\"><span class=\"\" title=\"\">as <\/span><\/span><span lang=\"en\"><span title=\"\">superf\u00edcies dos <\/span><\/span><span class=\"tlid-translation translation\" lang=\"en\"><span class=\"\" title=\"\">dos rolamentos <\/span><\/span><span lang=\"en\"><span title=\"\">aumentaram a sua durabilidade e melhoraram a sua efici\u00eancia.<\/span><\/span> melhorou a efici\u00eancia.  <img decoding=\"async\" class=\"wp-image-70648 size-large aligncenter\" src=\"https:\/\/iha-race.com\/wp-content\/uploads\/2021\/10\/Motores-BetaFPV-1102-18000kv-2-1024x340.jpg\" alt=\"\" width=\"840\" height=\"279\" srcset=\"https:\/\/iha-race.com\/wp-content\/uploads\/2021\/10\/Motores-BetaFPV-1102-18000kv-2-1024x340.jpg 1024w, https:\/\/iha-race.com\/wp-content\/uploads\/2021\/10\/Motores-BetaFPV-1102-18000kv-2-300x100.jpg 300w, https:\/\/iha-race.com\/wp-content\/uploads\/2021\/10\/Motores-BetaFPV-1102-18000kv-2-766x254.jpg 766w, https:\/\/iha-race.com\/wp-content\/uploads\/2021\/10\/Motores-BetaFPV-1102-18000kv-2-1536x509.jpg 1536w, https:\/\/iha-race.com\/wp-content\/uploads\/2021\/10\/Motores-BetaFPV-1102-18000kv-2-2048x679.jpg 2048w, https:\/\/iha-race.com\/wp-content\/uploads\/2021\/10\/Motores-BetaFPV-1102-18000kv-2-452x150.jpg 452w, https:\/\/iha-race.com\/wp-content\/uploads\/2021\/10\/Motores-BetaFPV-1102-18000kv-2-100x33.jpg 100w, https:\/\/iha-race.com\/wp-content\/uploads\/2021\/10\/Motores-BetaFPV-1102-18000kv-2-1055x350.jpg 1055w, https:\/\/iha-race.com\/wp-content\/uploads\/2021\/10\/Motores-BetaFPV-1102-18000kv-2-788x261.jpg 788w, https:\/\/iha-race.com\/wp-content\/uploads\/2021\/10\/Motores-BetaFPV-1102-18000kv-2.jpg 600w\" sizes=\"(max-width: 840px) 100vw, 840px\" \/><\/p>\n<h3>Informa\u00e7\u00e3o adicional:<\/h3>\n<ul>\n<li>Adopta a tecnologia de rolamento de esferas, o que reduz eficazmente a fric\u00e7\u00e3o entre o <span class=\"tlid-translation translation\" lang=\"en\"><span class=\"\" title=\"\">as<\/span><\/span><span lang=\"en\"><span title=\"\"> superf\u00edcies <\/span><\/span><span class=\"tlid-translation translation\" lang=\"en\"><span class=\"\" title=\"\">superf\u00edcies dos<\/span><\/span><span lang=\"en\"><span title=\"\"> superf\u00edcies de rolamento, aumenta a vida \u00fatil do motor e<\/span><\/span> e melhora a sua efici\u00eancia.<\/li>\n<li>Fio de chumbo soldado ao PCB, permitindo-lhe repar\u00e1-lo mais facilmente uma vez desligado.<\/li>\n<li>Com um acabamento requintado, proporciona a mais incr\u00edvel pot\u00eancia e impulso com o peso mais leve de 3,01g, uma constru\u00e7\u00e3o robusta e materiais de alta qualidade que a fazem funcionar como uma besta.<\/li>\n<li><span class=\"a-list-item\">Possui equil\u00edbrio din\u00e2mico, rolamento amortecedor resistente ao esmagamento, que pode eliminar eficazmente a vibra\u00e7\u00e3o.<\/span><\/li>\n<\/ul>\n<p>&nbsp;<\/p>\n<h3>Especifica\u00e7\u00f5es:<\/h3>\n<ul>\n<li><strong>Altura:<\/strong> 15,2 mm.<\/li>\n<li><strong>Peso:<\/strong> 2,95 g \/ pc.<\/li>\n<li><strong>Eixo:<\/strong> \u03c61.5mm.<\/li>\n<li><strong>Furos de montagem do motor:<\/strong> 6,6 mm.<\/li>\n<li><strong>KV (rpm \/ V):<\/strong> 18000KV.<\/li>\n<li><strong>Tens\u00e3o de entrada:<\/strong> lipo 1-2 S.<\/li>\n<li><strong>Ficha e cabos:<\/strong> conector Micro JST-1.25 de 3 pinos com fios de 30AWG.<\/li>\n<\/ul>\n<p><img decoding=\"async\" class=\"aligncenter wp-image-70649 size-large\" src=\"https:\/\/iha-race.com\/wp-content\/uploads\/2021\/10\/Motores-BetaFPV-1102-18000kv-3-1024x490.jpg\" alt=\"\" width=\"840\" height=\"402\" srcset=\"https:\/\/iha-race.com\/wp-content\/uploads\/2021\/10\/Motores-BetaFPV-1102-18000kv-3-1024x490.jpg 1024w, https:\/\/iha-race.com\/wp-content\/uploads\/2021\/10\/Motores-BetaFPV-1102-18000kv-3-300x144.jpg 300w, https:\/\/iha-race.com\/wp-content\/uploads\/2021\/10\/Motores-BetaFPV-1102-18000kv-3-767x367.jpg 767w, https:\/\/iha-race.com\/wp-content\/uploads\/2021\/10\/Motores-BetaFPV-1102-18000kv-3-1536x735.jpg 1536w, https:\/\/iha-race.com\/wp-content\/uploads\/2021\/10\/Motores-BetaFPV-1102-18000kv-3-2048x980.jpg 2048w, https:\/\/iha-race.com\/wp-content\/uploads\/2021\/10\/Motores-BetaFPV-1102-18000kv-3-314x150.jpg 314w, https:\/\/iha-race.com\/wp-content\/uploads\/2021\/10\/Motores-BetaFPV-1102-18000kv-3-100x48.jpg 100w, https:\/\/iha-race.com\/wp-content\/uploads\/2021\/10\/Motores-BetaFPV-1102-18000kv-3-732x350.jpg 732w, https:\/\/iha-race.com\/wp-content\/uploads\/2021\/10\/Motores-BetaFPV-1102-18000kv-3-788x376.jpg 788w, https:\/\/iha-race.com\/wp-content\/uploads\/2021\/10\/Motores-BetaFPV-1102-18000kv-3.jpg 600w\" sizes=\"(max-width: 840px) 100vw, 840px\" \/><\/p>\n<h3>Recomenda\u00e7\u00e3o de pe\u00e7as:<\/h3>\n<ul>\n<li><strong>Baterias: <\/strong><a href=\"https:\/\/iha-race.com\/producto\/bateria-betafpv-bt2-0-300mah-1s-30c-2-unidades\/\" target=\"_blank\" rel=\"noopener\">BT2.0 300mAh 1S Bateria<\/a> \/ <a href=\"https:\/\/iha-race.com\/producto\/bateria-betafpv-bt2-0-450mah-1s-30c-4-unidades\/\" target=\"_blank\" rel=\"noopener\">BT2.0 450mAh 1S Bateria<\/a><\/li>\n<li><strong>Moldura:<\/strong> Moldura de fibra de carbono HX100 SE \/ Moldura Beta75 Pro \/ Moldura Meteor75 \/ <a href=\"https:\/\/iha-race.com\/producto\/marco-meteor65-micro-whoop-sin-escobillas\/\">Moldura Meteor65<\/a><\/li>\n<li>H\u00e9lices<strong>:<\/strong> H\u00e9lices de 4 p\u00e1s de 40 mm \/ <a href=\"https:\/\/iha-race.com\/producto\/betafpv-x-gemfan-40mm-helices-de-4-cuchillas-eje-de-1-5mm\/\">Betafpv X Gemfan H\u00e9lices de 4 p\u00e1s de 40 mm (veio de 1,5 mm)<\/a> \/ H\u00e9lices de 2 p\u00e1s de 65 mm \/ <a href=\"https:\/\/iha-race.com\/producto\/helices-bi-pala-betafpv-hq3020-eje-1-5mm\/\">BetaFPV HQ3020 H\u00e9lices de 2<\/a> p\u00e1s<\/li>\n<li><strong>Controlador de voo:<\/strong> controlador de voo F4 1S FC brushless \/AIO F4 1S 12A placa AIO<\/li>\n<\/ul>\n<h3>O pacote inclui:<\/h3>\n<ul>\n<li>1 ou 4 motores Brushless 1102 18000KV<\/li>\n<li>1 x pacote de parafusos M1.4 x 4<\/li>\n<\/ul>\n","protected":false},"excerpt":{"rendered":"<p>Para fornecer um impulso mais forte sobre o drone 1S, o motor 1102 &#8211; 18000KV foi lan\u00e7ado. \u00c9 adequado para a maioria das molduras de 75 mm 1 s. Emparelhado com a <a href=\"https:\/\/iha-race.com\/categoria-producto\/baterias-para-drones\/s1\/?filter_marca=betafpv&amp;query_type_marca=or\" target=\"_blank\" rel=\"noopener\">bateria da s\u00e9rie BT2.0<\/a>, o tempo de voo ser\u00e1 mais longo.<\/p>\n","protected":false},"featured_media":105869,"comment_status":"open","ping_status":"closed","template":"","meta":{"_joinchat":[]},"pwb-brand":[],"product_cat":[1289,2480],"product_tag":[],"class_list":{"0":"post-114653","1":"product","2":"type-product","3":"status-publish","4":"has-post-thumbnail","6":"product_cat-motores-fpv","7":"product_cat-sem-eixo-sem-escovas","9":"first","10":"instock","11":"sale","12":"taxable","13":"shipping-taxable","14":"purchasable","15":"product-type-variable"},"barcode":null,"atum_controlled":true,"out_stock_date":null,"out_stock_threshold":null,"inheritable":true,"stock_on_hold":0,"sold_today":0,"sales_last_days":0,"out_stock_days":0,"lost_sales":0,"update_date":"2026-04-20T23:23:05","atum_locations":[],"atum_stock_status":"instock","restock_status":false,"low_stock_amount":"","sales_update_date":"2026-03-21T11:17:11","calc_backorders":null,"yoast_head":"<!-- This site is optimized with the Yoast SEO plugin v27.3 - https:\/\/yoast.com\/product\/yoast-seo-wordpress\/ -->\n<title>Motores BetaFPV 1102 - 18000kv - Iha Race<\/title>\n<meta name=\"robots\" content=\"index, follow, max-snippet:-1, max-image-preview:large, max-video-preview:-1\" \/>\n<link rel=\"canonical\" href=\"https:\/\/iha-race.com\/pt-pt\/produto\/motores-betafpv-1102-18000kv\/\" \/>\n<meta property=\"og:locale\" content=\"pt_PT\" \/>\n<meta property=\"og:type\" content=\"article\" \/>\n<meta property=\"og:title\" content=\"Motores BetaFPV 1102 - 18000kv - Iha Race\" \/>\n<meta property=\"og:description\" content=\"Para fornecer um impulso mais forte sobre o drone 1S, o motor 1102 - 18000KV foi lan\u00e7ado. \u00c9 adequado para a maioria das molduras de 75 mm 1 s. Emparelhado com a bateria da s\u00e9rie BT2.0, o tempo de voo ser\u00e1 mais longo.\" \/>\n<meta property=\"og:url\" content=\"https:\/\/iha-race.com\/pt-pt\/produto\/motores-betafpv-1102-18000kv\/\" \/>\n<meta property=\"og:site_name\" content=\"Iha Race\" \/>\n<meta property=\"article:modified_time\" content=\"2024-08-29T10:14:53+00:00\" \/>\n<meta property=\"og:image\" content=\"https:\/\/iha-race.com\/wp-content\/uploads\/2021\/10\/Motores-BetaFPV-1102-18000kv.jpg\" \/>\n\t<meta property=\"og:image:width\" content=\"720\" \/>\n\t<meta property=\"og:image:height\" content=\"720\" \/>\n\t<meta property=\"og:image:type\" content=\"image\/jpeg\" \/>\n<meta name=\"twitter:card\" content=\"summary_large_image\" \/>\n<meta name=\"twitter:label1\" content=\"Tempo estimado de leitura\" \/>\n\t<meta name=\"twitter:data1\" content=\"2 minutos\" \/>\n<script type=\"application\/ld+json\" class=\"yoast-schema-graph\">{\"@context\":\"https:\\\/\\\/schema.org\",\"@graph\":[{\"@type\":\"WebPage\",\"@id\":\"https:\\\/\\\/iha-race.com\\\/pt-pt\\\/produto\\\/motores-betafpv-1102-18000kv\\\/\",\"url\":\"https:\\\/\\\/iha-race.com\\\/pt-pt\\\/produto\\\/motores-betafpv-1102-18000kv\\\/\",\"name\":\"Motores BetaFPV 1102 - 18000kv - Iha Race\",\"isPartOf\":{\"@id\":\"https:\\\/\\\/iha-race.com\\\/pt-pt\\\/#website\"},\"primaryImageOfPage\":{\"@id\":\"https:\\\/\\\/iha-race.com\\\/pt-pt\\\/produto\\\/motores-betafpv-1102-18000kv\\\/#primaryimage\"},\"image\":{\"@id\":\"https:\\\/\\\/iha-race.com\\\/pt-pt\\\/produto\\\/motores-betafpv-1102-18000kv\\\/#primaryimage\"},\"thumbnailUrl\":\"https:\\\/\\\/iha-race.com\\\/wp-content\\\/uploads\\\/2021\\\/10\\\/Motores-BetaFPV-1102-18000kv.jpg\",\"datePublished\":\"2021-10-05T07:43:17+00:00\",\"dateModified\":\"2024-08-29T10:14:53+00:00\",\"breadcrumb\":{\"@id\":\"https:\\\/\\\/iha-race.com\\\/pt-pt\\\/produto\\\/motores-betafpv-1102-18000kv\\\/#breadcrumb\"},\"inLanguage\":\"pt-PT\",\"potentialAction\":[{\"@type\":\"ReadAction\",\"target\":[\"https:\\\/\\\/iha-race.com\\\/pt-pt\\\/produto\\\/motores-betafpv-1102-18000kv\\\/\"]}]},{\"@type\":\"ImageObject\",\"inLanguage\":\"pt-PT\",\"@id\":\"https:\\\/\\\/iha-race.com\\\/pt-pt\\\/produto\\\/motores-betafpv-1102-18000kv\\\/#primaryimage\",\"url\":\"https:\\\/\\\/iha-race.com\\\/wp-content\\\/uploads\\\/2021\\\/10\\\/Motores-BetaFPV-1102-18000kv.jpg\",\"contentUrl\":\"https:\\\/\\\/iha-race.com\\\/wp-content\\\/uploads\\\/2021\\\/10\\\/Motores-BetaFPV-1102-18000kv.jpg\",\"width\":720,\"height\":720,\"caption\":\"comprar os motores BetaFPV 1102 18000kv mais baratos\"},{\"@type\":\"BreadcrumbList\",\"@id\":\"https:\\\/\\\/iha-race.com\\\/pt-pt\\\/produto\\\/motores-betafpv-1102-18000kv\\\/#breadcrumb\",\"itemListElement\":[{\"@type\":\"ListItem\",\"position\":1,\"name\":\"Portada\",\"item\":\"https:\\\/\\\/iha-race.com\\\/pt-pt\\\/elementor-499\\\/\"},{\"@type\":\"ListItem\",\"position\":2,\"name\":\"Shop\",\"item\":\"https:\\\/\\\/iha-race.com\\\/pt-pt\\\/shop\\\/\"},{\"@type\":\"ListItem\",\"position\":3,\"name\":\"Motores BetaFPV 1102 &#8211; 18000kv\"}]},{\"@type\":\"WebSite\",\"@id\":\"https:\\\/\\\/iha-race.com\\\/pt-pt\\\/#website\",\"url\":\"https:\\\/\\\/iha-race.com\\\/pt-pt\\\/\",\"name\":\"Iha Race\",\"description\":\"Comprar drones de carreras FPV env\u00edos en un d\u00eda desde Espa\u00f1a\",\"publisher\":{\"@id\":\"https:\\\/\\\/iha-race.com\\\/pt-pt\\\/#organization\"},\"potentialAction\":[{\"@type\":\"SearchAction\",\"target\":{\"@type\":\"EntryPoint\",\"urlTemplate\":\"https:\\\/\\\/iha-race.com\\\/pt-pt\\\/?s={search_term_string}\"},\"query-input\":{\"@type\":\"PropertyValueSpecification\",\"valueRequired\":true,\"valueName\":\"search_term_string\"}}],\"inLanguage\":\"pt-PT\"},{\"@type\":\"Organization\",\"@id\":\"https:\\\/\\\/iha-race.com\\\/pt-pt\\\/#organization\",\"name\":\"Iha Race\",\"url\":\"https:\\\/\\\/iha-race.com\\\/pt-pt\\\/\",\"logo\":{\"@type\":\"ImageObject\",\"inLanguage\":\"pt-PT\",\"@id\":\"https:\\\/\\\/iha-race.com\\\/pt-pt\\\/#\\\/schema\\\/logo\\\/image\\\/\",\"url\":\"https:\\\/\\\/iha-race.com\\\/wp-content\\\/uploads\\\/2018\\\/07\\\/iha-race-drones-de-carreras-tienda-comprar-drones.png\",\"contentUrl\":\"https:\\\/\\\/iha-race.com\\\/wp-content\\\/uploads\\\/2018\\\/07\\\/iha-race-drones-de-carreras-tienda-comprar-drones.png\",\"width\":300,\"height\":100,\"caption\":\"Iha Race\"},\"image\":{\"@id\":\"https:\\\/\\\/iha-race.com\\\/pt-pt\\\/#\\\/schema\\\/logo\\\/image\\\/\"}}]}<\/script>\n<!-- \/ Yoast SEO plugin. -->","yoast_head_json":{"title":"Motores BetaFPV 1102 - 18000kv - Iha Race","robots":{"index":"index","follow":"follow","max-snippet":"max-snippet:-1","max-image-preview":"max-image-preview:large","max-video-preview":"max-video-preview:-1"},"canonical":"https:\/\/iha-race.com\/pt-pt\/produto\/motores-betafpv-1102-18000kv\/","og_locale":"pt_PT","og_type":"article","og_title":"Motores BetaFPV 1102 - 18000kv - Iha Race","og_description":"Para fornecer um impulso mais forte sobre o drone 1S, o motor 1102 - 18000KV foi lan\u00e7ado. \u00c9 adequado para a maioria das molduras de 75 mm 1 s. Emparelhado com a bateria da s\u00e9rie BT2.0, o tempo de voo ser\u00e1 mais longo.","og_url":"https:\/\/iha-race.com\/pt-pt\/produto\/motores-betafpv-1102-18000kv\/","og_site_name":"Iha Race","article_modified_time":"2024-08-29T10:14:53+00:00","og_image":[{"width":720,"height":720,"url":"https:\/\/iha-race.com\/wp-content\/uploads\/2021\/10\/Motores-BetaFPV-1102-18000kv.jpg","type":"image\/jpeg"}],"twitter_card":"summary_large_image","twitter_misc":{"Tempo estimado de leitura":"2 minutos"},"schema":{"@context":"https:\/\/schema.org","@graph":[{"@type":"WebPage","@id":"https:\/\/iha-race.com\/pt-pt\/produto\/motores-betafpv-1102-18000kv\/","url":"https:\/\/iha-race.com\/pt-pt\/produto\/motores-betafpv-1102-18000kv\/","name":"Motores BetaFPV 1102 - 18000kv - Iha Race","isPartOf":{"@id":"https:\/\/iha-race.com\/pt-pt\/#website"},"primaryImageOfPage":{"@id":"https:\/\/iha-race.com\/pt-pt\/produto\/motores-betafpv-1102-18000kv\/#primaryimage"},"image":{"@id":"https:\/\/iha-race.com\/pt-pt\/produto\/motores-betafpv-1102-18000kv\/#primaryimage"},"thumbnailUrl":"https:\/\/iha-race.com\/wp-content\/uploads\/2021\/10\/Motores-BetaFPV-1102-18000kv.jpg","datePublished":"2021-10-05T07:43:17+00:00","dateModified":"2024-08-29T10:14:53+00:00","breadcrumb":{"@id":"https:\/\/iha-race.com\/pt-pt\/produto\/motores-betafpv-1102-18000kv\/#breadcrumb"},"inLanguage":"pt-PT","potentialAction":[{"@type":"ReadAction","target":["https:\/\/iha-race.com\/pt-pt\/produto\/motores-betafpv-1102-18000kv\/"]}]},{"@type":"ImageObject","inLanguage":"pt-PT","@id":"https:\/\/iha-race.com\/pt-pt\/produto\/motores-betafpv-1102-18000kv\/#primaryimage","url":"https:\/\/iha-race.com\/wp-content\/uploads\/2021\/10\/Motores-BetaFPV-1102-18000kv.jpg","contentUrl":"https:\/\/iha-race.com\/wp-content\/uploads\/2021\/10\/Motores-BetaFPV-1102-18000kv.jpg","width":720,"height":720,"caption":"comprar os motores BetaFPV 1102 18000kv mais baratos"},{"@type":"BreadcrumbList","@id":"https:\/\/iha-race.com\/pt-pt\/produto\/motores-betafpv-1102-18000kv\/#breadcrumb","itemListElement":[{"@type":"ListItem","position":1,"name":"Portada","item":"https:\/\/iha-race.com\/pt-pt\/elementor-499\/"},{"@type":"ListItem","position":2,"name":"Shop","item":"https:\/\/iha-race.com\/pt-pt\/shop\/"},{"@type":"ListItem","position":3,"name":"Motores BetaFPV 1102 &#8211; 18000kv"}]},{"@type":"WebSite","@id":"https:\/\/iha-race.com\/pt-pt\/#website","url":"https:\/\/iha-race.com\/pt-pt\/","name":"Iha Race","description":"Comprar drones de carreras FPV env\u00edos en un d\u00eda desde Espa\u00f1a","publisher":{"@id":"https:\/\/iha-race.com\/pt-pt\/#organization"},"potentialAction":[{"@type":"SearchAction","target":{"@type":"EntryPoint","urlTemplate":"https:\/\/iha-race.com\/pt-pt\/?s={search_term_string}"},"query-input":{"@type":"PropertyValueSpecification","valueRequired":true,"valueName":"search_term_string"}}],"inLanguage":"pt-PT"},{"@type":"Organization","@id":"https:\/\/iha-race.com\/pt-pt\/#organization","name":"Iha Race","url":"https:\/\/iha-race.com\/pt-pt\/","logo":{"@type":"ImageObject","inLanguage":"pt-PT","@id":"https:\/\/iha-race.com\/pt-pt\/#\/schema\/logo\/image\/","url":"https:\/\/iha-race.com\/wp-content\/uploads\/2018\/07\/iha-race-drones-de-carreras-tienda-comprar-drones.png","contentUrl":"https:\/\/iha-race.com\/wp-content\/uploads\/2018\/07\/iha-race-drones-de-carreras-tienda-comprar-drones.png","width":300,"height":100,"caption":"Iha Race"},"image":{"@id":"https:\/\/iha-race.com\/pt-pt\/#\/schema\/logo\/image\/"}}]}},"jetpack_sharing_enabled":true,"brands":[],"_links":{"self":[{"href":"https:\/\/iha-race.com\/pt-pt\/wp-json\/wp\/v2\/product\/114653","targetHints":{"allow":["GET"]}}],"collection":[{"href":"https:\/\/iha-race.com\/pt-pt\/wp-json\/wp\/v2\/product"}],"about":[{"href":"https:\/\/iha-race.com\/pt-pt\/wp-json\/wp\/v2\/types\/product"}],"replies":[{"embeddable":true,"href":"https:\/\/iha-race.com\/pt-pt\/wp-json\/wp\/v2\/comments?post=114653"}],"version-history":[{"count":3,"href":"https:\/\/iha-race.com\/pt-pt\/wp-json\/wp\/v2\/product\/114653\/revisions"}],"predecessor-version":[{"id":249309,"href":"https:\/\/iha-race.com\/pt-pt\/wp-json\/wp\/v2\/product\/114653\/revisions\/249309"}],"wp:featuredmedia":[{"embeddable":true,"href":"https:\/\/iha-race.com\/pt-pt\/wp-json\/wp\/v2\/media\/105869"}],"wp:attachment":[{"href":"https:\/\/iha-race.com\/pt-pt\/wp-json\/wp\/v2\/media?parent=114653"}],"wp:term":[{"taxonomy":"pwb-brand","embeddable":true,"href":"https:\/\/iha-race.com\/pt-pt\/wp-json\/wp\/v2\/pwb-brand?post=114653"},{"taxonomy":"product_cat","embeddable":true,"href":"https:\/\/iha-race.com\/pt-pt\/wp-json\/wp\/v2\/product_cat?post=114653"},{"taxonomy":"product_tag","embeddable":true,"href":"https:\/\/iha-race.com\/pt-pt\/wp-json\/wp\/v2\/product_tag?post=114653"}],"curies":[{"name":"wp","href":"https:\/\/api.w.org\/{rel}","templated":true}]}}