{"id":114559,"date":"2021-02-04T16:19:39","date_gmt":"2021-02-04T15:19:39","guid":{"rendered":"https:\/\/iha-race.com\/producto\/conjunto-original-de-pecas-de-reposicao-em-metal-radiomaster-tx16s-varias-cores\/"},"modified":"2024-08-29T12:34:45","modified_gmt":"2024-08-29T10:34:45","slug":"set-of-original-espaco-partes-original-espaco-partes-radiomaster-metal-tx16s-various-colours","status":"publish","type":"product","link":"https:\/\/iha-race.com\/pt-pt\/produto\/set-of-original-espaco-partes-original-espaco-partes-radiomaster-metal-tx16s-various-colours\/","title":{"rendered":"Conjunto Original de Pe\u00e7as de Reposi\u00e7\u00e3o em Metal RADIOMASTER TX16S &#8211; V\u00e1rias Cores"},"content":{"rendered":"<h2>Conjunto Original de Pe\u00e7as de Reposi\u00e7\u00e3o em Metal RADIOMASTER TX16S &#8211; V\u00e1rias Cores<\/h2>\n<p>  Personaliza o aspeto da tua TX16S com o conjunto de pe\u00e7as met\u00e1licas dispon\u00edvel em v\u00e1rias cores.  <img decoding=\"async\" src=\"https:\/\/hobbyporter.com\/u_file\/2010\/photo\/1a4a47bd8a.png\"><\/p>\n<h2>O pacote inclui:<\/h2>\n<ul>\n<li>1 x RADIOMASTER TX16S Kit de Pe\u00e7as Sobresselentes\/Customiza\u00e7\u00e3o (Cor \u00e0 sua escolha)<\/li>\n<\/ul>\n<p><img fetchpriority=\"high\" decoding=\"async\" class=\"alignnone wp-image-60473 size-full\" src=\"https:\/\/iha-race.com\/wp-content\/uploads\/2021\/02\/Set-de-Piezas-de-repuesto-originales-RADIOMASTER-de-Metal-TX16S-lila.jpg\" alt=\"\" width=\"1000\" height=\"1000\" srcset=\"https:\/\/iha-race.com\/wp-content\/uploads\/2021\/02\/Set-de-Piezas-de-repuesto-originales-RADIOMASTER-de-Metal-TX16S-lila.jpg 1000w, https:\/\/iha-race.com\/wp-content\/uploads\/2021\/02\/Set-de-Piezas-de-repuesto-originales-RADIOMASTER-de-Metal-TX16S-lila-300x300.jpg 300w, https:\/\/iha-race.com\/wp-content\/uploads\/2021\/02\/Set-de-Piezas-de-repuesto-originales-RADIOMASTER-de-Metal-TX16S-lila-100x100.jpg 100w, https:\/\/iha-race.com\/wp-content\/uploads\/2021\/02\/Set-de-Piezas-de-repuesto-originales-RADIOMASTER-de-Metal-TX16S-lila-600x600.jpg 600w, https:\/\/iha-race.com\/wp-content\/uploads\/2021\/02\/Set-de-Piezas-de-repuesto-originales-RADIOMASTER-de-Metal-TX16S-lila-1024x1024.jpg 1024w, https:\/\/iha-race.com\/wp-content\/uploads\/2021\/02\/Set-de-Piezas-de-repuesto-originales-RADIOMASTER-de-Metal-TX16S-lila-150x150.jpg 150w, https:\/\/iha-race.com\/wp-content\/uploads\/2021\/02\/Set-de-Piezas-de-repuesto-originales-RADIOMASTER-de-Metal-TX16S-lila-768x768.jpg 768w, https:\/\/iha-race.com\/wp-content\/uploads\/2021\/02\/Set-de-Piezas-de-repuesto-originales-RADIOMASTER-de-Metal-TX16S-lila-1536x1536.jpg 1536w, https:\/\/iha-race.com\/wp-content\/uploads\/2021\/02\/Set-de-Piezas-de-repuesto-originales-RADIOMASTER-de-Metal-TX16S-lila-2048x2048.jpg 2048w, https:\/\/iha-race.com\/wp-content\/uploads\/2021\/02\/Set-de-Piezas-de-repuesto-originales-RADIOMASTER-de-Metal-TX16S-lila-788x788.jpg 788w, https:\/\/iha-race.com\/wp-content\/uploads\/2021\/02\/Set-de-Piezas-de-repuesto-originales-RADIOMASTER-de-Metal-TX16S-lila-135x135.jpg 135w\" sizes=\"(max-width: 1000px) 100vw, 1000px\" \/><\/p>\n<p><em>*Nota: Transmissor RADIOMASTER e pegas laterais de couro N\u00c3O INCLU\u00cdDAS.<\/em><\/p>\n","protected":false},"excerpt":{"rendered":"<p>Personalize o seu RADIOMASTER TX16S!<\/p>\n","protected":false},"featured_media":96666,"comment_status":"open","ping_status":"closed","template":"","meta":{"_joinchat":[]},"pwb-brand":[],"product_cat":[1249,2448],"product_tag":[],"class_list":{"0":"post-114559","1":"product","2":"type-product","3":"status-publish","4":"has-post-thumbnail","6":"product_cat-emissoras","7":"product_cat-pecas-sobressalentes-pt-pt","9":"first","10":"instock","11":"taxable","12":"shipping-taxable","13":"purchasable","14":"product-type-variable"},"barcode":null,"atum_controlled":true,"out_stock_date":null,"out_stock_threshold":null,"inheritable":true,"stock_on_hold":0,"sold_today":0,"sales_last_days":1,"out_stock_days":0,"lost_sales":0,"update_date":"2026-03-04T15:34:08","atum_locations":[],"atum_stock_status":"instock","restock_status":false,"low_stock_amount":"","sales_update_date":"2026-03-04T15:34:08","calc_backorders":null,"yoast_head":"<!-- This site is optimized with the Yoast SEO plugin v27.3 - https:\/\/yoast.com\/product\/yoast-seo-wordpress\/ -->\n<title>Conjunto Original de Pe\u00e7as de Reposi\u00e7\u00e3o em Metal RADIOMASTER TX16S - V\u00e1rias Cores - Iha Race<\/title>\n<meta name=\"robots\" content=\"index, follow, max-snippet:-1, max-image-preview:large, max-video-preview:-1\" \/>\n<link rel=\"canonical\" href=\"https:\/\/iha-race.com\/pt-pt\/produto\/set-of-original-espaco-partes-original-espaco-partes-radiomaster-metal-tx16s-various-colours\/\" \/>\n<meta property=\"og:locale\" content=\"pt_PT\" \/>\n<meta property=\"og:type\" content=\"article\" \/>\n<meta property=\"og:title\" content=\"Conjunto Original de Pe\u00e7as de Reposi\u00e7\u00e3o em Metal RADIOMASTER TX16S - V\u00e1rias Cores - Iha Race\" \/>\n<meta property=\"og:description\" content=\"Personalize o seu RADIOMASTER TX16S!\" \/>\n<meta property=\"og:url\" content=\"https:\/\/iha-race.com\/pt-pt\/produto\/set-of-original-espaco-partes-original-espaco-partes-radiomaster-metal-tx16s-various-colours\/\" \/>\n<meta property=\"og:site_name\" content=\"Iha Race\" \/>\n<meta property=\"article:modified_time\" content=\"2024-08-29T10:34:45+00:00\" \/>\n<meta property=\"og:image\" content=\"https:\/\/iha-race.com\/wp-content\/uploads\/2021\/02\/Set-de-Piezas-de-repuesto-originales-RADIOMASTER-de-Metal-TX16S-rojo.jpg\" \/>\n\t<meta property=\"og:image:width\" content=\"1000\" \/>\n\t<meta property=\"og:image:height\" content=\"1000\" \/>\n\t<meta property=\"og:image:type\" content=\"image\/jpeg\" \/>\n<meta name=\"twitter:card\" content=\"summary_large_image\" \/>\n<script type=\"application\/ld+json\" class=\"yoast-schema-graph\">{\"@context\":\"https:\\\/\\\/schema.org\",\"@graph\":[{\"@type\":\"WebPage\",\"@id\":\"https:\\\/\\\/iha-race.com\\\/pt-pt\\\/produto\\\/set-of-original-espaco-partes-original-espaco-partes-radiomaster-metal-tx16s-various-colours\\\/\",\"url\":\"https:\\\/\\\/iha-race.com\\\/pt-pt\\\/produto\\\/set-of-original-espaco-partes-original-espaco-partes-radiomaster-metal-tx16s-various-colours\\\/\",\"name\":\"Conjunto Original de Pe\u00e7as de Reposi\u00e7\u00e3o em Metal RADIOMASTER TX16S - V\u00e1rias Cores - Iha Race\",\"isPartOf\":{\"@id\":\"https:\\\/\\\/iha-race.com\\\/pt-pt\\\/#website\"},\"primaryImageOfPage\":{\"@id\":\"https:\\\/\\\/iha-race.com\\\/pt-pt\\\/produto\\\/set-of-original-espaco-partes-original-espaco-partes-radiomaster-metal-tx16s-various-colours\\\/#primaryimage\"},\"image\":{\"@id\":\"https:\\\/\\\/iha-race.com\\\/pt-pt\\\/produto\\\/set-of-original-espaco-partes-original-espaco-partes-radiomaster-metal-tx16s-various-colours\\\/#primaryimage\"},\"thumbnailUrl\":\"https:\\\/\\\/iha-race.com\\\/wp-content\\\/uploads\\\/2021\\\/02\\\/Set-de-Piezas-de-repuesto-originales-RADIOMASTER-de-Metal-TX16S-rojo.jpg\",\"datePublished\":\"2021-02-04T15:19:39+00:00\",\"dateModified\":\"2024-08-29T10:34:45+00:00\",\"breadcrumb\":{\"@id\":\"https:\\\/\\\/iha-race.com\\\/pt-pt\\\/produto\\\/set-of-original-espaco-partes-original-espaco-partes-radiomaster-metal-tx16s-various-colours\\\/#breadcrumb\"},\"inLanguage\":\"pt-PT\",\"potentialAction\":[{\"@type\":\"ReadAction\",\"target\":[\"https:\\\/\\\/iha-race.com\\\/pt-pt\\\/produto\\\/set-of-original-espaco-partes-original-espaco-partes-radiomaster-metal-tx16s-various-colours\\\/\"]}]},{\"@type\":\"ImageObject\",\"inLanguage\":\"pt-PT\",\"@id\":\"https:\\\/\\\/iha-race.com\\\/pt-pt\\\/produto\\\/set-of-original-espaco-partes-original-espaco-partes-radiomaster-metal-tx16s-various-colours\\\/#primaryimage\",\"url\":\"https:\\\/\\\/iha-race.com\\\/wp-content\\\/uploads\\\/2021\\\/02\\\/Set-de-Piezas-de-repuesto-originales-RADIOMASTER-de-Metal-TX16S-rojo.jpg\",\"contentUrl\":\"https:\\\/\\\/iha-race.com\\\/wp-content\\\/uploads\\\/2021\\\/02\\\/Set-de-Piezas-de-repuesto-originales-RADIOMASTER-de-Metal-TX16S-rojo.jpg\",\"width\":1000,\"height\":1000,\"caption\":\"comprar o mais barato RADIOMASTER Conjunto de Pe\u00e7as Sobresselentes Originais Metal TX16S\"},{\"@type\":\"BreadcrumbList\",\"@id\":\"https:\\\/\\\/iha-race.com\\\/pt-pt\\\/produto\\\/set-of-original-espaco-partes-original-espaco-partes-radiomaster-metal-tx16s-various-colours\\\/#breadcrumb\",\"itemListElement\":[{\"@type\":\"ListItem\",\"position\":1,\"name\":\"Portada\",\"item\":\"https:\\\/\\\/iha-race.com\\\/pt-pt\\\/elementor-499\\\/\"},{\"@type\":\"ListItem\",\"position\":2,\"name\":\"Shop\",\"item\":\"https:\\\/\\\/iha-race.com\\\/pt-pt\\\/shop\\\/\"},{\"@type\":\"ListItem\",\"position\":3,\"name\":\"Conjunto Original de Pe\u00e7as de Reposi\u00e7\u00e3o em Metal RADIOMASTER TX16S &#8211; V\u00e1rias Cores\"}]},{\"@type\":\"WebSite\",\"@id\":\"https:\\\/\\\/iha-race.com\\\/pt-pt\\\/#website\",\"url\":\"https:\\\/\\\/iha-race.com\\\/pt-pt\\\/\",\"name\":\"Iha Race\",\"description\":\"Comprar drones de carreras FPV env\u00edos en un d\u00eda desde Espa\u00f1a\",\"publisher\":{\"@id\":\"https:\\\/\\\/iha-race.com\\\/pt-pt\\\/#organization\"},\"potentialAction\":[{\"@type\":\"SearchAction\",\"target\":{\"@type\":\"EntryPoint\",\"urlTemplate\":\"https:\\\/\\\/iha-race.com\\\/pt-pt\\\/?s={search_term_string}\"},\"query-input\":{\"@type\":\"PropertyValueSpecification\",\"valueRequired\":true,\"valueName\":\"search_term_string\"}}],\"inLanguage\":\"pt-PT\"},{\"@type\":\"Organization\",\"@id\":\"https:\\\/\\\/iha-race.com\\\/pt-pt\\\/#organization\",\"name\":\"Iha Race\",\"url\":\"https:\\\/\\\/iha-race.com\\\/pt-pt\\\/\",\"logo\":{\"@type\":\"ImageObject\",\"inLanguage\":\"pt-PT\",\"@id\":\"https:\\\/\\\/iha-race.com\\\/pt-pt\\\/#\\\/schema\\\/logo\\\/image\\\/\",\"url\":\"https:\\\/\\\/iha-race.com\\\/wp-content\\\/uploads\\\/2018\\\/07\\\/iha-race-drones-de-carreras-tienda-comprar-drones.png\",\"contentUrl\":\"https:\\\/\\\/iha-race.com\\\/wp-content\\\/uploads\\\/2018\\\/07\\\/iha-race-drones-de-carreras-tienda-comprar-drones.png\",\"width\":300,\"height\":100,\"caption\":\"Iha Race\"},\"image\":{\"@id\":\"https:\\\/\\\/iha-race.com\\\/pt-pt\\\/#\\\/schema\\\/logo\\\/image\\\/\"}}]}<\/script>\n<!-- \/ Yoast SEO plugin. -->","yoast_head_json":{"title":"Conjunto Original de Pe\u00e7as de Reposi\u00e7\u00e3o em Metal RADIOMASTER TX16S - V\u00e1rias Cores - Iha Race","robots":{"index":"index","follow":"follow","max-snippet":"max-snippet:-1","max-image-preview":"max-image-preview:large","max-video-preview":"max-video-preview:-1"},"canonical":"https:\/\/iha-race.com\/pt-pt\/produto\/set-of-original-espaco-partes-original-espaco-partes-radiomaster-metal-tx16s-various-colours\/","og_locale":"pt_PT","og_type":"article","og_title":"Conjunto Original de Pe\u00e7as de Reposi\u00e7\u00e3o em Metal RADIOMASTER TX16S - V\u00e1rias Cores - Iha Race","og_description":"Personalize o seu RADIOMASTER TX16S!","og_url":"https:\/\/iha-race.com\/pt-pt\/produto\/set-of-original-espaco-partes-original-espaco-partes-radiomaster-metal-tx16s-various-colours\/","og_site_name":"Iha Race","article_modified_time":"2024-08-29T10:34:45+00:00","og_image":[{"width":1000,"height":1000,"url":"https:\/\/iha-race.com\/wp-content\/uploads\/2021\/02\/Set-de-Piezas-de-repuesto-originales-RADIOMASTER-de-Metal-TX16S-rojo.jpg","type":"image\/jpeg"}],"twitter_card":"summary_large_image","schema":{"@context":"https:\/\/schema.org","@graph":[{"@type":"WebPage","@id":"https:\/\/iha-race.com\/pt-pt\/produto\/set-of-original-espaco-partes-original-espaco-partes-radiomaster-metal-tx16s-various-colours\/","url":"https:\/\/iha-race.com\/pt-pt\/produto\/set-of-original-espaco-partes-original-espaco-partes-radiomaster-metal-tx16s-various-colours\/","name":"Conjunto Original de Pe\u00e7as de Reposi\u00e7\u00e3o em Metal RADIOMASTER TX16S - V\u00e1rias Cores - Iha Race","isPartOf":{"@id":"https:\/\/iha-race.com\/pt-pt\/#website"},"primaryImageOfPage":{"@id":"https:\/\/iha-race.com\/pt-pt\/produto\/set-of-original-espaco-partes-original-espaco-partes-radiomaster-metal-tx16s-various-colours\/#primaryimage"},"image":{"@id":"https:\/\/iha-race.com\/pt-pt\/produto\/set-of-original-espaco-partes-original-espaco-partes-radiomaster-metal-tx16s-various-colours\/#primaryimage"},"thumbnailUrl":"https:\/\/iha-race.com\/wp-content\/uploads\/2021\/02\/Set-de-Piezas-de-repuesto-originales-RADIOMASTER-de-Metal-TX16S-rojo.jpg","datePublished":"2021-02-04T15:19:39+00:00","dateModified":"2024-08-29T10:34:45+00:00","breadcrumb":{"@id":"https:\/\/iha-race.com\/pt-pt\/produto\/set-of-original-espaco-partes-original-espaco-partes-radiomaster-metal-tx16s-various-colours\/#breadcrumb"},"inLanguage":"pt-PT","potentialAction":[{"@type":"ReadAction","target":["https:\/\/iha-race.com\/pt-pt\/produto\/set-of-original-espaco-partes-original-espaco-partes-radiomaster-metal-tx16s-various-colours\/"]}]},{"@type":"ImageObject","inLanguage":"pt-PT","@id":"https:\/\/iha-race.com\/pt-pt\/produto\/set-of-original-espaco-partes-original-espaco-partes-radiomaster-metal-tx16s-various-colours\/#primaryimage","url":"https:\/\/iha-race.com\/wp-content\/uploads\/2021\/02\/Set-de-Piezas-de-repuesto-originales-RADIOMASTER-de-Metal-TX16S-rojo.jpg","contentUrl":"https:\/\/iha-race.com\/wp-content\/uploads\/2021\/02\/Set-de-Piezas-de-repuesto-originales-RADIOMASTER-de-Metal-TX16S-rojo.jpg","width":1000,"height":1000,"caption":"comprar o mais barato RADIOMASTER Conjunto de Pe\u00e7as Sobresselentes Originais Metal TX16S"},{"@type":"BreadcrumbList","@id":"https:\/\/iha-race.com\/pt-pt\/produto\/set-of-original-espaco-partes-original-espaco-partes-radiomaster-metal-tx16s-various-colours\/#breadcrumb","itemListElement":[{"@type":"ListItem","position":1,"name":"Portada","item":"https:\/\/iha-race.com\/pt-pt\/elementor-499\/"},{"@type":"ListItem","position":2,"name":"Shop","item":"https:\/\/iha-race.com\/pt-pt\/shop\/"},{"@type":"ListItem","position":3,"name":"Conjunto Original de Pe\u00e7as de Reposi\u00e7\u00e3o em Metal RADIOMASTER TX16S &#8211; V\u00e1rias Cores"}]},{"@type":"WebSite","@id":"https:\/\/iha-race.com\/pt-pt\/#website","url":"https:\/\/iha-race.com\/pt-pt\/","name":"Iha Race","description":"Comprar drones de carreras FPV env\u00edos en un d\u00eda desde Espa\u00f1a","publisher":{"@id":"https:\/\/iha-race.com\/pt-pt\/#organization"},"potentialAction":[{"@type":"SearchAction","target":{"@type":"EntryPoint","urlTemplate":"https:\/\/iha-race.com\/pt-pt\/?s={search_term_string}"},"query-input":{"@type":"PropertyValueSpecification","valueRequired":true,"valueName":"search_term_string"}}],"inLanguage":"pt-PT"},{"@type":"Organization","@id":"https:\/\/iha-race.com\/pt-pt\/#organization","name":"Iha Race","url":"https:\/\/iha-race.com\/pt-pt\/","logo":{"@type":"ImageObject","inLanguage":"pt-PT","@id":"https:\/\/iha-race.com\/pt-pt\/#\/schema\/logo\/image\/","url":"https:\/\/iha-race.com\/wp-content\/uploads\/2018\/07\/iha-race-drones-de-carreras-tienda-comprar-drones.png","contentUrl":"https:\/\/iha-race.com\/wp-content\/uploads\/2018\/07\/iha-race-drones-de-carreras-tienda-comprar-drones.png","width":300,"height":100,"caption":"Iha Race"},"image":{"@id":"https:\/\/iha-race.com\/pt-pt\/#\/schema\/logo\/image\/"}}]}},"brands":[],"_links":{"self":[{"href":"https:\/\/iha-race.com\/pt-pt\/wp-json\/wp\/v2\/product\/114559","targetHints":{"allow":["GET"]}}],"collection":[{"href":"https:\/\/iha-race.com\/pt-pt\/wp-json\/wp\/v2\/product"}],"about":[{"href":"https:\/\/iha-race.com\/pt-pt\/wp-json\/wp\/v2\/types\/product"}],"replies":[{"embeddable":true,"href":"https:\/\/iha-race.com\/pt-pt\/wp-json\/wp\/v2\/comments?post=114559"}],"version-history":[{"count":2,"href":"https:\/\/iha-race.com\/pt-pt\/wp-json\/wp\/v2\/product\/114559\/revisions"}],"predecessor-version":[{"id":249662,"href":"https:\/\/iha-race.com\/pt-pt\/wp-json\/wp\/v2\/product\/114559\/revisions\/249662"}],"wp:featuredmedia":[{"embeddable":true,"href":"https:\/\/iha-race.com\/pt-pt\/wp-json\/wp\/v2\/media\/96666"}],"wp:attachment":[{"href":"https:\/\/iha-race.com\/pt-pt\/wp-json\/wp\/v2\/media?parent=114559"}],"wp:term":[{"taxonomy":"pwb-brand","embeddable":true,"href":"https:\/\/iha-race.com\/pt-pt\/wp-json\/wp\/v2\/pwb-brand?post=114559"},{"taxonomy":"product_cat","embeddable":true,"href":"https:\/\/iha-race.com\/pt-pt\/wp-json\/wp\/v2\/product_cat?post=114559"},{"taxonomy":"product_tag","embeddable":true,"href":"https:\/\/iha-race.com\/pt-pt\/wp-json\/wp\/v2\/product_tag?post=114559"}],"curies":[{"name":"wp","href":"https:\/\/api.w.org\/{rel}","templated":true}]}}