{"id":114546,"date":"2020-10-26T17:43:02","date_gmt":"2020-10-26T16:43:02","guid":{"rendered":"https:\/\/iha-race.com\/producto\/helices-azure-power-2-0x3-5x3-serie-2035\/"},"modified":"2024-08-29T15:56:18","modified_gmt":"2024-08-29T13:56:18","slug":"helices-azure-power-2-0x3-5x3-serie-2035","status":"publish","type":"product","link":"https:\/\/iha-race.com\/pt-pt\/produto\/helices-azure-power-2-0x3-5x3-serie-2035\/","title":{"rendered":"H\u00e9lices Azure Power 2.0&#215;3.5&#215;3 &#8211; S\u00e9rie 2035"},"content":{"rendered":"<h2>H\u00e9lices Azure Power 2.0&#215;3.5&#215;3 &#8211; S\u00e9rie 2035 (V\u00e1rias cores)<\/h2>\n<p><img fetchpriority=\"high\" decoding=\"async\" class=\"alignnone wp-image-55636 size-large\" src=\"https:\/\/iha-race.com\/wp-content\/uploads\/2020\/10\/azure-power-2035-2034-series-1024x640.jpg\" alt=\"\" width=\"840\" height=\"525\" srcset=\"https:\/\/iha-race.com\/wp-content\/uploads\/2020\/10\/azure-power-2035-2034-series-1024x640.jpg 1024w, https:\/\/iha-race.com\/wp-content\/uploads\/2020\/10\/azure-power-2035-2034-series-600x375.jpg 600w, https:\/\/iha-race.com\/wp-content\/uploads\/2020\/10\/azure-power-2035-2034-series-300x188.jpg 300w, https:\/\/iha-race.com\/wp-content\/uploads\/2020\/10\/azure-power-2035-2034-series-768x480.jpg 768w, https:\/\/iha-race.com\/wp-content\/uploads\/2020\/10\/azure-power-2035-2034-series-1536x960.jpg 1536w, https:\/\/iha-race.com\/wp-content\/uploads\/2020\/10\/azure-power-2035-2034-series-2048x1280.jpg 2048w, https:\/\/iha-race.com\/wp-content\/uploads\/2020\/10\/azure-power-2035-2034-series-788x492.jpg 788w, https:\/\/iha-race.com\/wp-content\/uploads\/2020\/10\/azure-power-2035-2034-series.jpg 1600w\" sizes=\"(max-width: 840px) 100vw, 840px\" \/><\/p>\n<h2>Especifica\u00e7\u00f5es:<\/h2>\n<ul>\n<li><strong>Comprimento:<\/strong> 2.0&#8243; (2.0&#8243;)<\/li>\n<li><strong>Tom:<\/strong> 3,5 &#8220;<\/li>\n<li><strong>N\u00famero de l\u00e2minas:<\/strong> 3<\/li>\n<li><strong>Material:<\/strong> Policarbonato<\/li>\n<li><strong>Peso:<\/strong> 0,7 g.<\/li>\n<\/ul>\n<h2>O pacote inclui:<\/h2>\n<ul>\n<li>4 x h\u00e9lices CW<\/li>\n<li>4x h\u00e9lices CCW<\/li>\n<\/ul>\n<p>&nbsp;<\/p>\n","protected":false},"excerpt":{"rendered":"<p>H\u00e9lices Azure Power 2.0&#215;3.5&#215;3 &#8211; S\u00e9rie 2035 (V\u00e1rias cores) Especifica\u00e7\u00f5es: Comprimento: 2.0&#8243; (2.0&#8243;) Tom: 3,5 &#8220; N\u00famero de l\u00e2minas: 3 Material: Policarbonato Peso: 0,7 g. O pacote inclui: 4 x<\/p>\n","protected":false},"featured_media":92810,"comment_status":"open","ping_status":"closed","template":"","meta":{"_joinchat":[]},"pwb-brand":[],"product_cat":[50,49,133],"product_tag":[],"class_list":{"0":"post-114546","1":"product","2":"type-product","3":"status-publish","4":"has-post-thumbnail","6":"product_cat-dos","7":"product_cat-helices-para-drones","8":"product_cat-tripalas","10":"first","11":"instock","12":"taxable","13":"shipping-taxable","14":"purchasable","15":"product-type-variable"},"barcode":null,"atum_controlled":true,"out_stock_date":null,"out_stock_threshold":null,"inheritable":true,"stock_on_hold":0,"sold_today":1,"sales_last_days":3,"out_stock_days":0,"lost_sales":0,"update_date":"2026-03-09T11:18:12","atum_locations":[],"atum_stock_status":"instock","restock_status":false,"low_stock_amount":"","sales_update_date":"2026-03-09T11:18:12","calc_backorders":null,"yoast_head":"<!-- This site is optimized with the Yoast SEO plugin v27.3 - https:\/\/yoast.com\/product\/yoast-seo-wordpress\/ -->\n<title>H\u00e9lices Azure Power 2.0x3.5x3 - S\u00e9rie 2035 - Iha Race<\/title>\n<meta name=\"robots\" content=\"index, follow, max-snippet:-1, max-image-preview:large, max-video-preview:-1\" \/>\n<link rel=\"canonical\" href=\"https:\/\/iha-race.com\/pt-pt\/produto\/helices-azure-power-2-0x3-5x3-serie-2035\/\" \/>\n<meta property=\"og:locale\" content=\"pt_PT\" \/>\n<meta property=\"og:type\" content=\"article\" \/>\n<meta property=\"og:title\" content=\"H\u00e9lices Azure Power 2.0x3.5x3 - S\u00e9rie 2035 - Iha Race\" \/>\n<meta property=\"og:description\" content=\"H\u00e9lices Azure Power 2.0&#215;3.5&#215;3 &#8211; S\u00e9rie 2035 (V\u00e1rias cores) Especifica\u00e7\u00f5es: Comprimento: 2.0&#8243; (2.0&#8243;) Tom: 3,5 &#8220; N\u00famero de l\u00e2minas: 3 Material: Policarbonato Peso: 0,7 g. O pacote inclui: 4 x\" \/>\n<meta property=\"og:url\" content=\"https:\/\/iha-race.com\/pt-pt\/produto\/helices-azure-power-2-0x3-5x3-serie-2035\/\" \/>\n<meta property=\"og:site_name\" content=\"Iha Race\" \/>\n<meta property=\"article:modified_time\" content=\"2024-08-29T13:56:18+00:00\" \/>\n<meta property=\"og:image\" content=\"https:\/\/iha-race.com\/wp-content\/uploads\/2020\/10\/azure-power-2x3.5x3-azul-1.jpg\" \/>\n\t<meta property=\"og:image:width\" content=\"800\" \/>\n\t<meta property=\"og:image:height\" content=\"800\" \/>\n\t<meta property=\"og:image:type\" content=\"image\/jpeg\" \/>\n<meta name=\"twitter:card\" content=\"summary_large_image\" \/>\n<script type=\"application\/ld+json\" class=\"yoast-schema-graph\">{\"@context\":\"https:\\\/\\\/schema.org\",\"@graph\":[{\"@type\":\"WebPage\",\"@id\":\"https:\\\/\\\/iha-race.com\\\/pt-pt\\\/produto\\\/helices-azure-power-2-0x3-5x3-serie-2035\\\/\",\"url\":\"https:\\\/\\\/iha-race.com\\\/pt-pt\\\/produto\\\/helices-azure-power-2-0x3-5x3-serie-2035\\\/\",\"name\":\"H\u00e9lices Azure Power 2.0x3.5x3 - S\u00e9rie 2035 - Iha Race\",\"isPartOf\":{\"@id\":\"https:\\\/\\\/iha-race.com\\\/pt-pt\\\/#website\"},\"primaryImageOfPage\":{\"@id\":\"https:\\\/\\\/iha-race.com\\\/pt-pt\\\/produto\\\/helices-azure-power-2-0x3-5x3-serie-2035\\\/#primaryimage\"},\"image\":{\"@id\":\"https:\\\/\\\/iha-race.com\\\/pt-pt\\\/produto\\\/helices-azure-power-2-0x3-5x3-serie-2035\\\/#primaryimage\"},\"thumbnailUrl\":\"https:\\\/\\\/iha-race.com\\\/wp-content\\\/uploads\\\/2020\\\/10\\\/azure-power-2x3.5x3-azul-1.jpg\",\"datePublished\":\"2020-10-26T16:43:02+00:00\",\"dateModified\":\"2024-08-29T13:56:18+00:00\",\"breadcrumb\":{\"@id\":\"https:\\\/\\\/iha-race.com\\\/pt-pt\\\/produto\\\/helices-azure-power-2-0x3-5x3-serie-2035\\\/#breadcrumb\"},\"inLanguage\":\"pt-PT\",\"potentialAction\":[{\"@type\":\"ReadAction\",\"target\":[\"https:\\\/\\\/iha-race.com\\\/pt-pt\\\/produto\\\/helices-azure-power-2-0x3-5x3-serie-2035\\\/\"]}]},{\"@type\":\"ImageObject\",\"inLanguage\":\"pt-PT\",\"@id\":\"https:\\\/\\\/iha-race.com\\\/pt-pt\\\/produto\\\/helices-azure-power-2-0x3-5x3-serie-2035\\\/#primaryimage\",\"url\":\"https:\\\/\\\/iha-race.com\\\/wp-content\\\/uploads\\\/2020\\\/10\\\/azure-power-2x3.5x3-azul-1.jpg\",\"contentUrl\":\"https:\\\/\\\/iha-race.com\\\/wp-content\\\/uploads\\\/2020\\\/10\\\/azure-power-2x3.5x3-azul-1.jpg\",\"width\":800,\"height\":800,\"caption\":\"azure-power-2x3.5x3-azul\"},{\"@type\":\"BreadcrumbList\",\"@id\":\"https:\\\/\\\/iha-race.com\\\/pt-pt\\\/produto\\\/helices-azure-power-2-0x3-5x3-serie-2035\\\/#breadcrumb\",\"itemListElement\":[{\"@type\":\"ListItem\",\"position\":1,\"name\":\"Portada\",\"item\":\"https:\\\/\\\/iha-race.com\\\/pt-pt\\\/elementor-499\\\/\"},{\"@type\":\"ListItem\",\"position\":2,\"name\":\"Shop\",\"item\":\"https:\\\/\\\/iha-race.com\\\/pt-pt\\\/shop\\\/\"},{\"@type\":\"ListItem\",\"position\":3,\"name\":\"H\u00e9lices Azure Power 2.0&#215;3.5&#215;3 &#8211; S\u00e9rie 2035\"}]},{\"@type\":\"WebSite\",\"@id\":\"https:\\\/\\\/iha-race.com\\\/pt-pt\\\/#website\",\"url\":\"https:\\\/\\\/iha-race.com\\\/pt-pt\\\/\",\"name\":\"Iha Race\",\"description\":\"Comprar drones de carreras FPV env\u00edos en un d\u00eda desde Espa\u00f1a\",\"publisher\":{\"@id\":\"https:\\\/\\\/iha-race.com\\\/pt-pt\\\/#organization\"},\"potentialAction\":[{\"@type\":\"SearchAction\",\"target\":{\"@type\":\"EntryPoint\",\"urlTemplate\":\"https:\\\/\\\/iha-race.com\\\/pt-pt\\\/?s={search_term_string}\"},\"query-input\":{\"@type\":\"PropertyValueSpecification\",\"valueRequired\":true,\"valueName\":\"search_term_string\"}}],\"inLanguage\":\"pt-PT\"},{\"@type\":\"Organization\",\"@id\":\"https:\\\/\\\/iha-race.com\\\/pt-pt\\\/#organization\",\"name\":\"Iha Race\",\"url\":\"https:\\\/\\\/iha-race.com\\\/pt-pt\\\/\",\"logo\":{\"@type\":\"ImageObject\",\"inLanguage\":\"pt-PT\",\"@id\":\"https:\\\/\\\/iha-race.com\\\/pt-pt\\\/#\\\/schema\\\/logo\\\/image\\\/\",\"url\":\"https:\\\/\\\/iha-race.com\\\/wp-content\\\/uploads\\\/2018\\\/07\\\/iha-race-drones-de-carreras-tienda-comprar-drones.png\",\"contentUrl\":\"https:\\\/\\\/iha-race.com\\\/wp-content\\\/uploads\\\/2018\\\/07\\\/iha-race-drones-de-carreras-tienda-comprar-drones.png\",\"width\":300,\"height\":100,\"caption\":\"Iha Race\"},\"image\":{\"@id\":\"https:\\\/\\\/iha-race.com\\\/pt-pt\\\/#\\\/schema\\\/logo\\\/image\\\/\"}}]}<\/script>\n<!-- \/ Yoast SEO plugin. -->","yoast_head_json":{"title":"H\u00e9lices Azure Power 2.0x3.5x3 - S\u00e9rie 2035 - Iha Race","robots":{"index":"index","follow":"follow","max-snippet":"max-snippet:-1","max-image-preview":"max-image-preview:large","max-video-preview":"max-video-preview:-1"},"canonical":"https:\/\/iha-race.com\/pt-pt\/produto\/helices-azure-power-2-0x3-5x3-serie-2035\/","og_locale":"pt_PT","og_type":"article","og_title":"H\u00e9lices Azure Power 2.0x3.5x3 - S\u00e9rie 2035 - Iha Race","og_description":"H\u00e9lices Azure Power 2.0&#215;3.5&#215;3 &#8211; S\u00e9rie 2035 (V\u00e1rias cores) Especifica\u00e7\u00f5es: Comprimento: 2.0&#8243; (2.0&#8243;) Tom: 3,5 &#8220; N\u00famero de l\u00e2minas: 3 Material: Policarbonato Peso: 0,7 g. O pacote inclui: 4 x","og_url":"https:\/\/iha-race.com\/pt-pt\/produto\/helices-azure-power-2-0x3-5x3-serie-2035\/","og_site_name":"Iha Race","article_modified_time":"2024-08-29T13:56:18+00:00","og_image":[{"width":800,"height":800,"url":"https:\/\/iha-race.com\/wp-content\/uploads\/2020\/10\/azure-power-2x3.5x3-azul-1.jpg","type":"image\/jpeg"}],"twitter_card":"summary_large_image","schema":{"@context":"https:\/\/schema.org","@graph":[{"@type":"WebPage","@id":"https:\/\/iha-race.com\/pt-pt\/produto\/helices-azure-power-2-0x3-5x3-serie-2035\/","url":"https:\/\/iha-race.com\/pt-pt\/produto\/helices-azure-power-2-0x3-5x3-serie-2035\/","name":"H\u00e9lices Azure Power 2.0x3.5x3 - S\u00e9rie 2035 - Iha Race","isPartOf":{"@id":"https:\/\/iha-race.com\/pt-pt\/#website"},"primaryImageOfPage":{"@id":"https:\/\/iha-race.com\/pt-pt\/produto\/helices-azure-power-2-0x3-5x3-serie-2035\/#primaryimage"},"image":{"@id":"https:\/\/iha-race.com\/pt-pt\/produto\/helices-azure-power-2-0x3-5x3-serie-2035\/#primaryimage"},"thumbnailUrl":"https:\/\/iha-race.com\/wp-content\/uploads\/2020\/10\/azure-power-2x3.5x3-azul-1.jpg","datePublished":"2020-10-26T16:43:02+00:00","dateModified":"2024-08-29T13:56:18+00:00","breadcrumb":{"@id":"https:\/\/iha-race.com\/pt-pt\/produto\/helices-azure-power-2-0x3-5x3-serie-2035\/#breadcrumb"},"inLanguage":"pt-PT","potentialAction":[{"@type":"ReadAction","target":["https:\/\/iha-race.com\/pt-pt\/produto\/helices-azure-power-2-0x3-5x3-serie-2035\/"]}]},{"@type":"ImageObject","inLanguage":"pt-PT","@id":"https:\/\/iha-race.com\/pt-pt\/produto\/helices-azure-power-2-0x3-5x3-serie-2035\/#primaryimage","url":"https:\/\/iha-race.com\/wp-content\/uploads\/2020\/10\/azure-power-2x3.5x3-azul-1.jpg","contentUrl":"https:\/\/iha-race.com\/wp-content\/uploads\/2020\/10\/azure-power-2x3.5x3-azul-1.jpg","width":800,"height":800,"caption":"azure-power-2x3.5x3-azul"},{"@type":"BreadcrumbList","@id":"https:\/\/iha-race.com\/pt-pt\/produto\/helices-azure-power-2-0x3-5x3-serie-2035\/#breadcrumb","itemListElement":[{"@type":"ListItem","position":1,"name":"Portada","item":"https:\/\/iha-race.com\/pt-pt\/elementor-499\/"},{"@type":"ListItem","position":2,"name":"Shop","item":"https:\/\/iha-race.com\/pt-pt\/shop\/"},{"@type":"ListItem","position":3,"name":"H\u00e9lices Azure Power 2.0&#215;3.5&#215;3 &#8211; S\u00e9rie 2035"}]},{"@type":"WebSite","@id":"https:\/\/iha-race.com\/pt-pt\/#website","url":"https:\/\/iha-race.com\/pt-pt\/","name":"Iha Race","description":"Comprar drones de carreras FPV env\u00edos en un d\u00eda desde Espa\u00f1a","publisher":{"@id":"https:\/\/iha-race.com\/pt-pt\/#organization"},"potentialAction":[{"@type":"SearchAction","target":{"@type":"EntryPoint","urlTemplate":"https:\/\/iha-race.com\/pt-pt\/?s={search_term_string}"},"query-input":{"@type":"PropertyValueSpecification","valueRequired":true,"valueName":"search_term_string"}}],"inLanguage":"pt-PT"},{"@type":"Organization","@id":"https:\/\/iha-race.com\/pt-pt\/#organization","name":"Iha Race","url":"https:\/\/iha-race.com\/pt-pt\/","logo":{"@type":"ImageObject","inLanguage":"pt-PT","@id":"https:\/\/iha-race.com\/pt-pt\/#\/schema\/logo\/image\/","url":"https:\/\/iha-race.com\/wp-content\/uploads\/2018\/07\/iha-race-drones-de-carreras-tienda-comprar-drones.png","contentUrl":"https:\/\/iha-race.com\/wp-content\/uploads\/2018\/07\/iha-race-drones-de-carreras-tienda-comprar-drones.png","width":300,"height":100,"caption":"Iha Race"},"image":{"@id":"https:\/\/iha-race.com\/pt-pt\/#\/schema\/logo\/image\/"}}]}},"brands":[],"_links":{"self":[{"href":"https:\/\/iha-race.com\/pt-pt\/wp-json\/wp\/v2\/product\/114546","targetHints":{"allow":["GET"]}}],"collection":[{"href":"https:\/\/iha-race.com\/pt-pt\/wp-json\/wp\/v2\/product"}],"about":[{"href":"https:\/\/iha-race.com\/pt-pt\/wp-json\/wp\/v2\/types\/product"}],"replies":[{"embeddable":true,"href":"https:\/\/iha-race.com\/pt-pt\/wp-json\/wp\/v2\/comments?post=114546"}],"version-history":[{"count":1,"href":"https:\/\/iha-race.com\/pt-pt\/wp-json\/wp\/v2\/product\/114546\/revisions"}],"predecessor-version":[{"id":234725,"href":"https:\/\/iha-race.com\/pt-pt\/wp-json\/wp\/v2\/product\/114546\/revisions\/234725"}],"wp:featuredmedia":[{"embeddable":true,"href":"https:\/\/iha-race.com\/pt-pt\/wp-json\/wp\/v2\/media\/92810"}],"wp:attachment":[{"href":"https:\/\/iha-race.com\/pt-pt\/wp-json\/wp\/v2\/media?parent=114546"}],"wp:term":[{"taxonomy":"pwb-brand","embeddable":true,"href":"https:\/\/iha-race.com\/pt-pt\/wp-json\/wp\/v2\/pwb-brand?post=114546"},{"taxonomy":"product_cat","embeddable":true,"href":"https:\/\/iha-race.com\/pt-pt\/wp-json\/wp\/v2\/product_cat?post=114546"},{"taxonomy":"product_tag","embeddable":true,"href":"https:\/\/iha-race.com\/pt-pt\/wp-json\/wp\/v2\/product_tag?post=114546"}],"curies":[{"name":"wp","href":"https:\/\/api.w.org\/{rel}","templated":true}]}}