{"id":114429,"date":"2022-06-21T10:17:30","date_gmt":"2022-06-21T08:17:30","guid":{"rendered":"https:\/\/iha-race.com\/producto\/motor-t-motor-f60-pro-v-1750kv\/"},"modified":"2025-10-06T17:53:55","modified_gmt":"2025-10-06T15:53:55","slug":"motor-t-motor-f60-pro-v-1750kv-1950kv","status":"publish","type":"product","link":"https:\/\/iha-race.com\/pt-pt\/produto\/motor-t-motor-f60-pro-v-1750kv-1950kv\/","title":{"rendered":"Motor T-Motor F60 PRO V (1750Kv\/1950Kv\/2020\/2550Kv)"},"content":{"rendered":"<h2>Motor T-Motor F60 PRO V (1750Kv\/1950Kv\/2020\/2550Kv)<\/h2>\n<p>  O <strong>motor T-Motor F60 PRO V<\/strong> continua a linhagem de grandes motores de corrida FPV da T-Motor! O Pro V proporciona mais impulso e maior durabilidade em compara\u00e7\u00e3o com o seu antecessor.  <\/p>\n<h3>Caracter\u00edsticas<\/h3>\n<ul>\n<li>Parafuso de bloqueio para f\u00e1cil remo\u00e7\u00e3o da capota do motor<\/li>\n<li>Desenho antideslizante.<\/li>\n<li>EZO Bearing<\/li>\n<\/ul>\n<p><img decoding=\"async\" src=\"https:\/\/store.tmotor.com\/images\/202204\/111649660889299311.jpg\"><img decoding=\"async\" src=\"https:\/\/store.tmotor.com\/images\/202204\/111649660889580150.jpg\"><img decoding=\"async\" src=\"https:\/\/store.tmotor.com\/images\/202204\/111649660889874204.jpg\"><img decoding=\"async\" src=\"https:\/\/store.tmotor.com\/images\/202204\/111649660889836494.jpg\"><img decoding=\"async\" src=\"https:\/\/store.tmotor.com\/images\/202204\/111649660889640914.jpg\"><\/p>\n<div id=\"news11\" class=\"tabblock\">\n<div id=\"a_news11\" class=\"tabcon\">\n<div class=\"wrap-sticky\">\n<div id=\"news11tabs\" class=\"navbar navbar-sticky bootsnav on sticked\"><\/div>\n<\/div>\n<div id=\"news11\" class=\"tabblock\">\n<div id=\"b_news11\" class=\"tabcon\">\n<p>&nbsp;<\/p>\n<p>&nbsp;<\/p>\n<p>&nbsp;<\/p>\n<div class=\"wrap-sticky\">\n<div id=\"news11tabs\" class=\"navbar navbar-sticky bootsnav on sticked\"><\/div>\n<\/div>\n<div id=\"news11\" class=\"tabblock\">\n<div id=\"b_news11\" class=\"tabcon\">\n<p><img decoding=\"async\" src=\"https:\/\/store.tmotor.com\/images\/202205\/121652347527776947.jpg\"><img decoding=\"async\" src=\"https:\/\/store.tmotor.com\/images\/202205\/121652347528623903.jpg\"><img decoding=\"async\" src=\"https:\/\/store.tmotor.com\/images\/202205\/121652347528507227.jpg\"><img decoding=\"async\" src=\"https:\/\/store.tmotor.com\/images\/202205\/121652347528193402.jpg\"><img decoding=\"async\" src=\"https:\/\/store.tmotor.com\/images\/202205\/121652347528650781.jpg\"><\/p>\n<h2>Especifica\u00e7\u00f5es<\/h2>\n<p><strong>KV: 1750<\/strong><\/p>\n<ul>\n<li>Dimens\u00f5es do motor: 26,8*31,7mm<\/li>\n<li>Corrente m\u00e1xima (10s): 40.5A<\/li>\n<li>Peso (incl. cabo): 34,3 g<\/li>\n<li>Tamanho de montagem da h\u00e9lice: 5 mm<\/li>\n<li>Pot\u00eancia m\u00e1xima (10s): 1003W<\/li>\n<li>Tens\u00e3o nominal (Lipo): 4<\/li>\n<li>Chumbo: 20#AWG 150mm<\/li>\n<li>Configura\u00e7\u00e3o: 12N14P<\/li>\n<li>Di\u00e2metro do eixo: 4 mm<\/li>\n<li>Corrente inactiva: 1A<\/li>\n<li>Tens\u00e3o: 25.2 V<\/li>\n<li>KV: 1750<\/li>\n<\/ul>\n<p><strong>KV: 1950  <\/strong><\/p>\n<ul>\n<li>Dimens\u00f5es do motor: 26,8*31,7mm<\/li>\n<li>Corrente m\u00e1xima (10s): 49.3A<\/li>\n<li>Tamanho de montagem da h\u00e9lice: 5 mm<\/li>\n<li>Peso (incl. cabo): 33,9 g<\/li>\n<li>Pot\u00eancia m\u00e1xima (10s): 1216W<\/li>\n<li>Voltagem nominal (Lipo): 6S<\/li>\n<li>Chumbo: 20#AWG 150mm<\/li>\n<li>Configura\u00e7\u00e3o: 12N14P.<\/li>\n<li>Di\u00e2metro do eixo: 4 mm<\/li>\n<li>Corrente inactiva: 1.1A<\/li>\n<li>KV: 1950<\/li>\n<\/ul>\n<h2>O pacote inclui<\/h2>\n<ul>\n<li>1 x motor T-Motor F60 PRO V<\/li>\n<li>4 x parafusos de cabe\u00e7a de encaixe<\/li>\n<li>1 x porcas de bloqueio de suporte<\/li>\n<li>1 x parafusos de eixo.<\/li>\n<\/ul>\n<\/div>\n<\/div>\n<\/div>\n<\/div>\n<\/div>\n<\/div>\n","protected":false},"excerpt":{"rendered":"<p>O motor T-Motor F60 PRO V continua a linhagem de grandes motores de corridas FPV da T-Motor! O Pro V proporciona mais impulso e maior durabilidade em compara\u00e7\u00e3o com o seu predecessor.<\/p>\n","protected":false},"featured_media":109637,"comment_status":"open","ping_status":"closed","template":"","meta":{"_joinchat":[]},"pwb-brand":[],"product_cat":[46,2475],"product_tag":[],"class_list":{"0":"post-114429","1":"product","2":"type-product","3":"status-publish","4":"has-post-thumbnail","6":"product_cat-motores","7":"product_cat-sin-escobillas-con-eje","9":"first","10":"instock","11":"taxable","12":"shipping-taxable","13":"purchasable","14":"product-type-variable"},"barcode":null,"atum_controlled":true,"out_stock_date":null,"out_stock_threshold":null,"inheritable":true,"stock_on_hold":0,"sold_today":5,"sales_last_days":5,"out_stock_days":0,"lost_sales":0,"update_date":"2026-04-18T23:34:58","atum_locations":[],"atum_stock_status":"instock","restock_status":false,"low_stock_amount":"","sales_update_date":"2026-04-18T23:34:58","calc_backorders":null,"yoast_head":"<!-- This site is optimized with the Yoast SEO plugin v27.3 - https:\/\/yoast.com\/product\/yoast-seo-wordpress\/ -->\n<title>Motor T-Motor F60 PRO V (1750Kv\/1950Kv\/2020\/2550Kv) - Iha Race<\/title>\n<meta name=\"robots\" content=\"index, follow, max-snippet:-1, max-image-preview:large, max-video-preview:-1\" \/>\n<link rel=\"canonical\" href=\"https:\/\/iha-race.com\/pt-pt\/produto\/motor-t-motor-f60-pro-v-1750kv-1950kv\/\" \/>\n<meta property=\"og:locale\" content=\"pt_PT\" \/>\n<meta property=\"og:type\" content=\"article\" \/>\n<meta property=\"og:title\" content=\"Motor T-Motor F60 PRO V (1750Kv\/1950Kv\/2020\/2550Kv) - Iha Race\" \/>\n<meta property=\"og:description\" content=\"O motor T-Motor F60 PRO V continua a linhagem de grandes motores de corridas FPV da T-Motor! O Pro V proporciona mais impulso e maior durabilidade em compara\u00e7\u00e3o com o seu predecessor.\" \/>\n<meta property=\"og:url\" content=\"https:\/\/iha-race.com\/pt-pt\/produto\/motor-t-motor-f60-pro-v-1750kv-1950kv\/\" \/>\n<meta property=\"og:site_name\" content=\"Iha Race\" \/>\n<meta property=\"article:modified_time\" content=\"2025-10-06T15:53:55+00:00\" \/>\n<meta property=\"og:image\" content=\"https:\/\/iha-race.com\/wp-content\/uploads\/2022\/06\/1649660857334567033.jpg\" \/>\n\t<meta property=\"og:image:width\" content=\"1000\" \/>\n\t<meta property=\"og:image:height\" content=\"780\" \/>\n\t<meta property=\"og:image:type\" content=\"image\/jpeg\" \/>\n<meta name=\"twitter:card\" content=\"summary_large_image\" \/>\n<meta name=\"twitter:label1\" content=\"Tempo estimado de leitura\" \/>\n\t<meta name=\"twitter:data1\" content=\"1 minuto\" \/>\n<script type=\"application\/ld+json\" class=\"yoast-schema-graph\">{\"@context\":\"https:\\\/\\\/schema.org\",\"@graph\":[{\"@type\":\"WebPage\",\"@id\":\"https:\\\/\\\/iha-race.com\\\/pt-pt\\\/produto\\\/motor-t-motor-f60-pro-v-1750kv-1950kv\\\/\",\"url\":\"https:\\\/\\\/iha-race.com\\\/pt-pt\\\/produto\\\/motor-t-motor-f60-pro-v-1750kv-1950kv\\\/\",\"name\":\"Motor T-Motor F60 PRO V (1750Kv\\\/1950Kv\\\/2020\\\/2550Kv) - Iha Race\",\"isPartOf\":{\"@id\":\"https:\\\/\\\/iha-race.com\\\/pt-pt\\\/#website\"},\"primaryImageOfPage\":{\"@id\":\"https:\\\/\\\/iha-race.com\\\/pt-pt\\\/produto\\\/motor-t-motor-f60-pro-v-1750kv-1950kv\\\/#primaryimage\"},\"image\":{\"@id\":\"https:\\\/\\\/iha-race.com\\\/pt-pt\\\/produto\\\/motor-t-motor-f60-pro-v-1750kv-1950kv\\\/#primaryimage\"},\"thumbnailUrl\":\"https:\\\/\\\/iha-race.com\\\/wp-content\\\/uploads\\\/2022\\\/06\\\/1649660857334567033.jpg\",\"datePublished\":\"2022-06-21T08:17:30+00:00\",\"dateModified\":\"2025-10-06T15:53:55+00:00\",\"breadcrumb\":{\"@id\":\"https:\\\/\\\/iha-race.com\\\/pt-pt\\\/produto\\\/motor-t-motor-f60-pro-v-1750kv-1950kv\\\/#breadcrumb\"},\"inLanguage\":\"pt-PT\",\"potentialAction\":[{\"@type\":\"ReadAction\",\"target\":[\"https:\\\/\\\/iha-race.com\\\/pt-pt\\\/produto\\\/motor-t-motor-f60-pro-v-1750kv-1950kv\\\/\"]}]},{\"@type\":\"ImageObject\",\"inLanguage\":\"pt-PT\",\"@id\":\"https:\\\/\\\/iha-race.com\\\/pt-pt\\\/produto\\\/motor-t-motor-f60-pro-v-1750kv-1950kv\\\/#primaryimage\",\"url\":\"https:\\\/\\\/iha-race.com\\\/wp-content\\\/uploads\\\/2022\\\/06\\\/1649660857334567033.jpg\",\"contentUrl\":\"https:\\\/\\\/iha-race.com\\\/wp-content\\\/uploads\\\/2022\\\/06\\\/1649660857334567033.jpg\",\"width\":1000,\"height\":780,\"caption\":\"Comprar T-Motor F60 PRO V 1750Kv Motor\"},{\"@type\":\"BreadcrumbList\",\"@id\":\"https:\\\/\\\/iha-race.com\\\/pt-pt\\\/produto\\\/motor-t-motor-f60-pro-v-1750kv-1950kv\\\/#breadcrumb\",\"itemListElement\":[{\"@type\":\"ListItem\",\"position\":1,\"name\":\"Portada\",\"item\":\"https:\\\/\\\/iha-race.com\\\/pt-pt\\\/elementor-499\\\/\"},{\"@type\":\"ListItem\",\"position\":2,\"name\":\"Shop\",\"item\":\"https:\\\/\\\/iha-race.com\\\/pt-pt\\\/shop\\\/\"},{\"@type\":\"ListItem\",\"position\":3,\"name\":\"Motor T-Motor F60 PRO V (1750Kv\\\/1950Kv\\\/2020\\\/2550Kv)\"}]},{\"@type\":\"WebSite\",\"@id\":\"https:\\\/\\\/iha-race.com\\\/pt-pt\\\/#website\",\"url\":\"https:\\\/\\\/iha-race.com\\\/pt-pt\\\/\",\"name\":\"Iha Race\",\"description\":\"Comprar drones de carreras FPV env\u00edos en un d\u00eda desde Espa\u00f1a\",\"publisher\":{\"@id\":\"https:\\\/\\\/iha-race.com\\\/pt-pt\\\/#organization\"},\"potentialAction\":[{\"@type\":\"SearchAction\",\"target\":{\"@type\":\"EntryPoint\",\"urlTemplate\":\"https:\\\/\\\/iha-race.com\\\/pt-pt\\\/?s={search_term_string}\"},\"query-input\":{\"@type\":\"PropertyValueSpecification\",\"valueRequired\":true,\"valueName\":\"search_term_string\"}}],\"inLanguage\":\"pt-PT\"},{\"@type\":\"Organization\",\"@id\":\"https:\\\/\\\/iha-race.com\\\/pt-pt\\\/#organization\",\"name\":\"Iha Race\",\"url\":\"https:\\\/\\\/iha-race.com\\\/pt-pt\\\/\",\"logo\":{\"@type\":\"ImageObject\",\"inLanguage\":\"pt-PT\",\"@id\":\"https:\\\/\\\/iha-race.com\\\/pt-pt\\\/#\\\/schema\\\/logo\\\/image\\\/\",\"url\":\"https:\\\/\\\/iha-race.com\\\/wp-content\\\/uploads\\\/2018\\\/07\\\/iha-race-drones-de-carreras-tienda-comprar-drones.png\",\"contentUrl\":\"https:\\\/\\\/iha-race.com\\\/wp-content\\\/uploads\\\/2018\\\/07\\\/iha-race-drones-de-carreras-tienda-comprar-drones.png\",\"width\":300,\"height\":100,\"caption\":\"Iha Race\"},\"image\":{\"@id\":\"https:\\\/\\\/iha-race.com\\\/pt-pt\\\/#\\\/schema\\\/logo\\\/image\\\/\"}}]}<\/script>\n<!-- \/ Yoast SEO plugin. -->","yoast_head_json":{"title":"Motor T-Motor F60 PRO V (1750Kv\/1950Kv\/2020\/2550Kv) - Iha Race","robots":{"index":"index","follow":"follow","max-snippet":"max-snippet:-1","max-image-preview":"max-image-preview:large","max-video-preview":"max-video-preview:-1"},"canonical":"https:\/\/iha-race.com\/pt-pt\/produto\/motor-t-motor-f60-pro-v-1750kv-1950kv\/","og_locale":"pt_PT","og_type":"article","og_title":"Motor T-Motor F60 PRO V (1750Kv\/1950Kv\/2020\/2550Kv) - Iha Race","og_description":"O motor T-Motor F60 PRO V continua a linhagem de grandes motores de corridas FPV da T-Motor! O Pro V proporciona mais impulso e maior durabilidade em compara\u00e7\u00e3o com o seu predecessor.","og_url":"https:\/\/iha-race.com\/pt-pt\/produto\/motor-t-motor-f60-pro-v-1750kv-1950kv\/","og_site_name":"Iha Race","article_modified_time":"2025-10-06T15:53:55+00:00","og_image":[{"width":1000,"height":780,"url":"https:\/\/iha-race.com\/wp-content\/uploads\/2022\/06\/1649660857334567033.jpg","type":"image\/jpeg"}],"twitter_card":"summary_large_image","twitter_misc":{"Tempo estimado de leitura":"1 minuto"},"schema":{"@context":"https:\/\/schema.org","@graph":[{"@type":"WebPage","@id":"https:\/\/iha-race.com\/pt-pt\/produto\/motor-t-motor-f60-pro-v-1750kv-1950kv\/","url":"https:\/\/iha-race.com\/pt-pt\/produto\/motor-t-motor-f60-pro-v-1750kv-1950kv\/","name":"Motor T-Motor F60 PRO V (1750Kv\/1950Kv\/2020\/2550Kv) - Iha Race","isPartOf":{"@id":"https:\/\/iha-race.com\/pt-pt\/#website"},"primaryImageOfPage":{"@id":"https:\/\/iha-race.com\/pt-pt\/produto\/motor-t-motor-f60-pro-v-1750kv-1950kv\/#primaryimage"},"image":{"@id":"https:\/\/iha-race.com\/pt-pt\/produto\/motor-t-motor-f60-pro-v-1750kv-1950kv\/#primaryimage"},"thumbnailUrl":"https:\/\/iha-race.com\/wp-content\/uploads\/2022\/06\/1649660857334567033.jpg","datePublished":"2022-06-21T08:17:30+00:00","dateModified":"2025-10-06T15:53:55+00:00","breadcrumb":{"@id":"https:\/\/iha-race.com\/pt-pt\/produto\/motor-t-motor-f60-pro-v-1750kv-1950kv\/#breadcrumb"},"inLanguage":"pt-PT","potentialAction":[{"@type":"ReadAction","target":["https:\/\/iha-race.com\/pt-pt\/produto\/motor-t-motor-f60-pro-v-1750kv-1950kv\/"]}]},{"@type":"ImageObject","inLanguage":"pt-PT","@id":"https:\/\/iha-race.com\/pt-pt\/produto\/motor-t-motor-f60-pro-v-1750kv-1950kv\/#primaryimage","url":"https:\/\/iha-race.com\/wp-content\/uploads\/2022\/06\/1649660857334567033.jpg","contentUrl":"https:\/\/iha-race.com\/wp-content\/uploads\/2022\/06\/1649660857334567033.jpg","width":1000,"height":780,"caption":"Comprar T-Motor F60 PRO V 1750Kv Motor"},{"@type":"BreadcrumbList","@id":"https:\/\/iha-race.com\/pt-pt\/produto\/motor-t-motor-f60-pro-v-1750kv-1950kv\/#breadcrumb","itemListElement":[{"@type":"ListItem","position":1,"name":"Portada","item":"https:\/\/iha-race.com\/pt-pt\/elementor-499\/"},{"@type":"ListItem","position":2,"name":"Shop","item":"https:\/\/iha-race.com\/pt-pt\/shop\/"},{"@type":"ListItem","position":3,"name":"Motor T-Motor F60 PRO V (1750Kv\/1950Kv\/2020\/2550Kv)"}]},{"@type":"WebSite","@id":"https:\/\/iha-race.com\/pt-pt\/#website","url":"https:\/\/iha-race.com\/pt-pt\/","name":"Iha Race","description":"Comprar drones de carreras FPV env\u00edos en un d\u00eda desde Espa\u00f1a","publisher":{"@id":"https:\/\/iha-race.com\/pt-pt\/#organization"},"potentialAction":[{"@type":"SearchAction","target":{"@type":"EntryPoint","urlTemplate":"https:\/\/iha-race.com\/pt-pt\/?s={search_term_string}"},"query-input":{"@type":"PropertyValueSpecification","valueRequired":true,"valueName":"search_term_string"}}],"inLanguage":"pt-PT"},{"@type":"Organization","@id":"https:\/\/iha-race.com\/pt-pt\/#organization","name":"Iha Race","url":"https:\/\/iha-race.com\/pt-pt\/","logo":{"@type":"ImageObject","inLanguage":"pt-PT","@id":"https:\/\/iha-race.com\/pt-pt\/#\/schema\/logo\/image\/","url":"https:\/\/iha-race.com\/wp-content\/uploads\/2018\/07\/iha-race-drones-de-carreras-tienda-comprar-drones.png","contentUrl":"https:\/\/iha-race.com\/wp-content\/uploads\/2018\/07\/iha-race-drones-de-carreras-tienda-comprar-drones.png","width":300,"height":100,"caption":"Iha Race"},"image":{"@id":"https:\/\/iha-race.com\/pt-pt\/#\/schema\/logo\/image\/"}}]}},"jetpack_sharing_enabled":true,"brands":[],"_links":{"self":[{"href":"https:\/\/iha-race.com\/pt-pt\/wp-json\/wp\/v2\/product\/114429","targetHints":{"allow":["GET"]}}],"collection":[{"href":"https:\/\/iha-race.com\/pt-pt\/wp-json\/wp\/v2\/product"}],"about":[{"href":"https:\/\/iha-race.com\/pt-pt\/wp-json\/wp\/v2\/types\/product"}],"replies":[{"embeddable":true,"href":"https:\/\/iha-race.com\/pt-pt\/wp-json\/wp\/v2\/comments?post=114429"}],"version-history":[{"count":6,"href":"https:\/\/iha-race.com\/pt-pt\/wp-json\/wp\/v2\/product\/114429\/revisions"}],"predecessor-version":[{"id":249114,"href":"https:\/\/iha-race.com\/pt-pt\/wp-json\/wp\/v2\/product\/114429\/revisions\/249114"}],"wp:featuredmedia":[{"embeddable":true,"href":"https:\/\/iha-race.com\/pt-pt\/wp-json\/wp\/v2\/media\/109637"}],"wp:attachment":[{"href":"https:\/\/iha-race.com\/pt-pt\/wp-json\/wp\/v2\/media?parent=114429"}],"wp:term":[{"taxonomy":"pwb-brand","embeddable":true,"href":"https:\/\/iha-race.com\/pt-pt\/wp-json\/wp\/v2\/pwb-brand?post=114429"},{"taxonomy":"product_cat","embeddable":true,"href":"https:\/\/iha-race.com\/pt-pt\/wp-json\/wp\/v2\/product_cat?post=114429"},{"taxonomy":"product_tag","embeddable":true,"href":"https:\/\/iha-race.com\/pt-pt\/wp-json\/wp\/v2\/product_tag?post=114429"}],"curies":[{"name":"wp","href":"https:\/\/api.w.org\/{rel}","templated":true}]}}