{"id":114404,"date":"2022-07-25T13:59:04","date_gmt":"2022-07-25T11:59:04","guid":{"rendered":"https:\/\/iha-race.com\/producto\/hglrc-ares-ds230-moldura-de-futebol-com-drone\/"},"modified":"2026-03-21T12:39:54","modified_gmt":"2026-03-21T11:39:54","slug":"hglrc-ares-ds230-drone-soccer-frame","status":"publish","type":"product","link":"https:\/\/iha-race.com\/pt-pt\/produto\/hglrc-ares-ds230-drone-soccer-frame\/","title":{"rendered":"HGLRC Ares DS230 Moldura de Futebol com Drone"},"content":{"rendered":"<h2>HGLRC Ares DS230 Moldura de Futebol com Drone<\/h2>\n<h3>Caracter\u00edsticas:<\/h3>\n<ul>\n<li>Estrutura feita de material esf\u00e9rico \u00e0 prova de explos\u00e3o, podes fazer o que quiseres;<\/li>\n<li>A capa protetora est\u00e1 dispon\u00edvel em tr\u00eas cores, laranja, amarelo e cinzento, que s\u00e3o f\u00e1ceis de distinguir.<\/li>\n<\/ul>\n<h3>Especifica\u00e7\u00f5es<\/h3>\n<ul>\n<li>Modelo: Ares DS230 Drone Soccer<\/li>\n<li>Material da moldura: fibra de carbono 3K<\/li>\n<li>Tipo: moldura de 3 polegadas<\/li>\n<li>Dist\u00e2ncia entre eixos: 126 mm<\/li>\n<li>Tamanho: 230 * 230 * 220mm<\/li>\n<li>Placa inferior: 3 mm<\/li>\n<li>Orif\u00edcio de montagem do controlo de voo: 20&#215;20 mm \/ 25,5&#215;25,5 mm<\/li>\n<li>Suporte da c\u00e2mara: 14 * 14 mm<\/li>\n<li>Peso: 0 g<\/li>\n<\/ul>\n<p><img decoding=\"async\" src=\"https:\/\/cdn.shopifycdn.net\/s\/files\/1\/2672\/8290\/files\/DS230_7f0d6880-d659-49e4-979e-1eeb076a74db.jpg?v=1654413880\"><\/p>\n<h3>Conte\u00fado da embalagem:<\/h3>\n<ul>\n<li>1 x caixa de esfera superior, 1 x caixa de esfera inferior,<\/li>\n<li>4 x an\u00e9is de protec\u00e7\u00e3o de apoio central,<\/li>\n<li>1 x 0,118&#8243; placa de arma\u00e7\u00e3o inferior (placa de carbono),<\/li>\n<li>1 x luz VTX com suporte de c\u00e2mara,<\/li>\n<li>1 x protector (preto)<\/li>\n<li>8 x parafusos de cabe\u00e7a de encaixe auto-roscante M1.7 x 7.<\/li>\n<li>4 x cabe\u00e7a sextavada M3 * 25 parafuso chapeado de tit\u00e2nio<\/li>\n<li>16 x cabe\u00e7a de encaixe cabe\u00e7a de encaixe M2 * 7 parafuso<\/li>\n<li>8 x M3 * 8 coluna amortecedora<\/li>\n<li>4 x amortecedor de O-ring M3<\/li>\n<li>4 x evita o afrouxamento Porca M3 autoblocante<\/li>\n<li>1 x fio de silicone extra macio resistente a alta e baixa temperatura, especifica\u00e7\u00e3o n\u00ba 30AWG, comprimento do fio 65 mm, cabe\u00e7a \u00fanica PH1.0-3P, imers\u00e3o em estanho 1.5 mm de cor: amarelo, vermelho e preto (twist twist twist)<\/li>\n<li>1 x fita LED W554B (1 pe\u00e7a)<\/li>\n<li>1 x correia de bateria HGLRC, tamanho: 10 x 150 mm, fivela de ferro com 50 mm de comprimento, com dois fios, preto\/PU+nylon<\/li>\n<li>1 x adesivo antiderrapante de bateria Racewhoop30, superf\u00edcie de malha preta, almofada de silicone antiderrapante, tamanho: 26 mm x 26 mm x 2 mm, adesivo 3M na parte traseira<\/li>\n<li>1 x adesivo grande HGLRC, tamanho 90*60MM, material PVC branco claro, adesivo brilhante<\/li>\n<li>1 x etiqueta de certificado B4<\/li>\n<li>1 x Ares DS230 Manual de montagem da arma\u00e7\u00e3o de futebol Drone Soccer<\/li>\n<\/ul>\n<p>Pe\u00e7as recomendadas: (n\u00e3o inclu\u00eddas)<\/p>\n<ul>\n<li>Controlo de voo:Zeus F722 mini<\/li>\n<li>Motor:14XX<\/li>\n<li>ESC :Zeus 28A BL_S<\/li>\n<li>C\u00e2mara: 14X14mm<\/li>\n<li>H\u00e9lice: 3 polegadas<\/li>\n<\/ul>\n","protected":false},"excerpt":{"rendered":"<p>HGLRC Ares DS230 Moldura de Futebol com Drone Caracter\u00edsticas: Estrutura feita de material esf\u00e9rico \u00e0 prova de explos\u00e3o, podes fazer o que quiseres; A capa protetora est\u00e1 dispon\u00edvel em tr\u00eas<\/p>\n","protected":false},"featured_media":110497,"comment_status":"open","ping_status":"closed","template":"","meta":{"_joinchat":[]},"pwb-brand":[],"product_cat":[951,27,3667,4114],"product_tag":[],"class_list":{"0":"post-114404","1":"product","2":"type-product","3":"status-publish","4":"has-post-thumbnail","6":"product_cat-drones-de-iniciacion-e-interior","7":"product_cat-drones-fpv","8":"product_cat-cuadros-frame","9":"product_cat-black-friday-2024","11":"first","12":"instock","13":"taxable","14":"shipping-taxable","15":"purchasable","16":"product-type-variable"},"barcode":null,"atum_controlled":true,"out_stock_date":null,"out_stock_threshold":null,"inheritable":true,"stock_on_hold":0,"sold_today":1,"sales_last_days":1,"out_stock_days":0,"lost_sales":0,"update_date":"2026-03-21T11:32:14","atum_locations":[],"atum_stock_status":"instock","restock_status":false,"low_stock_amount":"","sales_update_date":"2026-03-21T11:32:14","calc_backorders":null,"yoast_head":"<!-- This site is optimized with the Yoast SEO plugin v27.3 - https:\/\/yoast.com\/product\/yoast-seo-wordpress\/ -->\n<title>HGLRC Ares DS230 Moldura de Futebol com Drone - Iha Race<\/title>\n<meta name=\"robots\" content=\"index, follow, max-snippet:-1, max-image-preview:large, max-video-preview:-1\" \/>\n<link rel=\"canonical\" href=\"https:\/\/iha-race.com\/pt-pt\/produto\/hglrc-ares-ds230-drone-soccer-frame\/\" \/>\n<meta property=\"og:locale\" content=\"pt_PT\" \/>\n<meta property=\"og:type\" content=\"article\" \/>\n<meta property=\"og:title\" content=\"HGLRC Ares DS230 Moldura de Futebol com Drone - Iha Race\" \/>\n<meta property=\"og:description\" content=\"HGLRC Ares DS230 Moldura de Futebol com Drone Caracter\u00edsticas: Estrutura feita de material esf\u00e9rico \u00e0 prova de explos\u00e3o, podes fazer o que quiseres; A capa protetora est\u00e1 dispon\u00edvel em tr\u00eas\" \/>\n<meta property=\"og:url\" content=\"https:\/\/iha-race.com\/pt-pt\/produto\/hglrc-ares-ds230-drone-soccer-frame\/\" \/>\n<meta property=\"og:site_name\" content=\"Iha Race\" \/>\n<meta property=\"article:modified_time\" content=\"2026-03-21T11:39:54+00:00\" \/>\n<meta property=\"og:image\" content=\"https:\/\/iha-race.com\/wp-content\/uploads\/2022\/07\/HGLRC-Ares-DS230-Drone-Soccer-Frame.webp\" \/>\n\t<meta property=\"og:image:width\" content=\"900\" \/>\n\t<meta property=\"og:image:height\" content=\"900\" \/>\n\t<meta property=\"og:image:type\" content=\"image\/webp\" \/>\n<meta name=\"twitter:card\" content=\"summary_large_image\" \/>\n<meta name=\"twitter:label1\" content=\"Tempo estimado de leitura\" \/>\n\t<meta name=\"twitter:data1\" content=\"2 minutos\" \/>\n<script type=\"application\/ld+json\" class=\"yoast-schema-graph\">{\"@context\":\"https:\\\/\\\/schema.org\",\"@graph\":[{\"@type\":\"WebPage\",\"@id\":\"https:\\\/\\\/iha-race.com\\\/pt-pt\\\/produto\\\/hglrc-ares-ds230-drone-soccer-frame\\\/\",\"url\":\"https:\\\/\\\/iha-race.com\\\/pt-pt\\\/produto\\\/hglrc-ares-ds230-drone-soccer-frame\\\/\",\"name\":\"HGLRC Ares DS230 Moldura de Futebol com Drone - Iha Race\",\"isPartOf\":{\"@id\":\"https:\\\/\\\/iha-race.com\\\/pt-pt\\\/#website\"},\"primaryImageOfPage\":{\"@id\":\"https:\\\/\\\/iha-race.com\\\/pt-pt\\\/produto\\\/hglrc-ares-ds230-drone-soccer-frame\\\/#primaryimage\"},\"image\":{\"@id\":\"https:\\\/\\\/iha-race.com\\\/pt-pt\\\/produto\\\/hglrc-ares-ds230-drone-soccer-frame\\\/#primaryimage\"},\"thumbnailUrl\":\"https:\\\/\\\/iha-race.com\\\/wp-content\\\/uploads\\\/2022\\\/07\\\/HGLRC-Ares-DS230-Drone-Soccer-Frame.webp\",\"datePublished\":\"2022-07-25T11:59:04+00:00\",\"dateModified\":\"2026-03-21T11:39:54+00:00\",\"breadcrumb\":{\"@id\":\"https:\\\/\\\/iha-race.com\\\/pt-pt\\\/produto\\\/hglrc-ares-ds230-drone-soccer-frame\\\/#breadcrumb\"},\"inLanguage\":\"pt-PT\",\"potentialAction\":[{\"@type\":\"ReadAction\",\"target\":[\"https:\\\/\\\/iha-race.com\\\/pt-pt\\\/produto\\\/hglrc-ares-ds230-drone-soccer-frame\\\/\"]}]},{\"@type\":\"ImageObject\",\"inLanguage\":\"pt-PT\",\"@id\":\"https:\\\/\\\/iha-race.com\\\/pt-pt\\\/produto\\\/hglrc-ares-ds230-drone-soccer-frame\\\/#primaryimage\",\"url\":\"https:\\\/\\\/iha-race.com\\\/wp-content\\\/uploads\\\/2022\\\/07\\\/HGLRC-Ares-DS230-Drone-Soccer-Frame.webp\",\"contentUrl\":\"https:\\\/\\\/iha-race.com\\\/wp-content\\\/uploads\\\/2022\\\/07\\\/HGLRC-Ares-DS230-Drone-Soccer-Frame.webp\",\"width\":900,\"height\":900,\"caption\":\"comprar a Moldura de Futebol Drone Ares DS230 da HGLRC mais barata\"},{\"@type\":\"BreadcrumbList\",\"@id\":\"https:\\\/\\\/iha-race.com\\\/pt-pt\\\/produto\\\/hglrc-ares-ds230-drone-soccer-frame\\\/#breadcrumb\",\"itemListElement\":[{\"@type\":\"ListItem\",\"position\":1,\"name\":\"Portada\",\"item\":\"https:\\\/\\\/iha-race.com\\\/pt-pt\\\/elementor-499\\\/\"},{\"@type\":\"ListItem\",\"position\":2,\"name\":\"Shop\",\"item\":\"https:\\\/\\\/iha-race.com\\\/pt-pt\\\/shop\\\/\"},{\"@type\":\"ListItem\",\"position\":3,\"name\":\"HGLRC Ares DS230 Moldura de Futebol com Drone\"}]},{\"@type\":\"WebSite\",\"@id\":\"https:\\\/\\\/iha-race.com\\\/pt-pt\\\/#website\",\"url\":\"https:\\\/\\\/iha-race.com\\\/pt-pt\\\/\",\"name\":\"Iha Race\",\"description\":\"Comprar drones de carreras FPV env\u00edos en un d\u00eda desde Espa\u00f1a\",\"publisher\":{\"@id\":\"https:\\\/\\\/iha-race.com\\\/pt-pt\\\/#organization\"},\"potentialAction\":[{\"@type\":\"SearchAction\",\"target\":{\"@type\":\"EntryPoint\",\"urlTemplate\":\"https:\\\/\\\/iha-race.com\\\/pt-pt\\\/?s={search_term_string}\"},\"query-input\":{\"@type\":\"PropertyValueSpecification\",\"valueRequired\":true,\"valueName\":\"search_term_string\"}}],\"inLanguage\":\"pt-PT\"},{\"@type\":\"Organization\",\"@id\":\"https:\\\/\\\/iha-race.com\\\/pt-pt\\\/#organization\",\"name\":\"Iha Race\",\"url\":\"https:\\\/\\\/iha-race.com\\\/pt-pt\\\/\",\"logo\":{\"@type\":\"ImageObject\",\"inLanguage\":\"pt-PT\",\"@id\":\"https:\\\/\\\/iha-race.com\\\/pt-pt\\\/#\\\/schema\\\/logo\\\/image\\\/\",\"url\":\"https:\\\/\\\/iha-race.com\\\/wp-content\\\/uploads\\\/2018\\\/07\\\/iha-race-drones-de-carreras-tienda-comprar-drones.png\",\"contentUrl\":\"https:\\\/\\\/iha-race.com\\\/wp-content\\\/uploads\\\/2018\\\/07\\\/iha-race-drones-de-carreras-tienda-comprar-drones.png\",\"width\":300,\"height\":100,\"caption\":\"Iha Race\"},\"image\":{\"@id\":\"https:\\\/\\\/iha-race.com\\\/pt-pt\\\/#\\\/schema\\\/logo\\\/image\\\/\"}}]}<\/script>\n<!-- \/ Yoast SEO plugin. -->","yoast_head_json":{"title":"HGLRC Ares DS230 Moldura de Futebol com Drone - Iha Race","robots":{"index":"index","follow":"follow","max-snippet":"max-snippet:-1","max-image-preview":"max-image-preview:large","max-video-preview":"max-video-preview:-1"},"canonical":"https:\/\/iha-race.com\/pt-pt\/produto\/hglrc-ares-ds230-drone-soccer-frame\/","og_locale":"pt_PT","og_type":"article","og_title":"HGLRC Ares DS230 Moldura de Futebol com Drone - Iha Race","og_description":"HGLRC Ares DS230 Moldura de Futebol com Drone Caracter\u00edsticas: Estrutura feita de material esf\u00e9rico \u00e0 prova de explos\u00e3o, podes fazer o que quiseres; A capa protetora est\u00e1 dispon\u00edvel em tr\u00eas","og_url":"https:\/\/iha-race.com\/pt-pt\/produto\/hglrc-ares-ds230-drone-soccer-frame\/","og_site_name":"Iha Race","article_modified_time":"2026-03-21T11:39:54+00:00","og_image":[{"width":900,"height":900,"url":"https:\/\/iha-race.com\/wp-content\/uploads\/2022\/07\/HGLRC-Ares-DS230-Drone-Soccer-Frame.webp","type":"image\/webp"}],"twitter_card":"summary_large_image","twitter_misc":{"Tempo estimado de leitura":"2 minutos"},"schema":{"@context":"https:\/\/schema.org","@graph":[{"@type":"WebPage","@id":"https:\/\/iha-race.com\/pt-pt\/produto\/hglrc-ares-ds230-drone-soccer-frame\/","url":"https:\/\/iha-race.com\/pt-pt\/produto\/hglrc-ares-ds230-drone-soccer-frame\/","name":"HGLRC Ares DS230 Moldura de Futebol com Drone - Iha Race","isPartOf":{"@id":"https:\/\/iha-race.com\/pt-pt\/#website"},"primaryImageOfPage":{"@id":"https:\/\/iha-race.com\/pt-pt\/produto\/hglrc-ares-ds230-drone-soccer-frame\/#primaryimage"},"image":{"@id":"https:\/\/iha-race.com\/pt-pt\/produto\/hglrc-ares-ds230-drone-soccer-frame\/#primaryimage"},"thumbnailUrl":"https:\/\/iha-race.com\/wp-content\/uploads\/2022\/07\/HGLRC-Ares-DS230-Drone-Soccer-Frame.webp","datePublished":"2022-07-25T11:59:04+00:00","dateModified":"2026-03-21T11:39:54+00:00","breadcrumb":{"@id":"https:\/\/iha-race.com\/pt-pt\/produto\/hglrc-ares-ds230-drone-soccer-frame\/#breadcrumb"},"inLanguage":"pt-PT","potentialAction":[{"@type":"ReadAction","target":["https:\/\/iha-race.com\/pt-pt\/produto\/hglrc-ares-ds230-drone-soccer-frame\/"]}]},{"@type":"ImageObject","inLanguage":"pt-PT","@id":"https:\/\/iha-race.com\/pt-pt\/produto\/hglrc-ares-ds230-drone-soccer-frame\/#primaryimage","url":"https:\/\/iha-race.com\/wp-content\/uploads\/2022\/07\/HGLRC-Ares-DS230-Drone-Soccer-Frame.webp","contentUrl":"https:\/\/iha-race.com\/wp-content\/uploads\/2022\/07\/HGLRC-Ares-DS230-Drone-Soccer-Frame.webp","width":900,"height":900,"caption":"comprar a Moldura de Futebol Drone Ares DS230 da HGLRC mais barata"},{"@type":"BreadcrumbList","@id":"https:\/\/iha-race.com\/pt-pt\/produto\/hglrc-ares-ds230-drone-soccer-frame\/#breadcrumb","itemListElement":[{"@type":"ListItem","position":1,"name":"Portada","item":"https:\/\/iha-race.com\/pt-pt\/elementor-499\/"},{"@type":"ListItem","position":2,"name":"Shop","item":"https:\/\/iha-race.com\/pt-pt\/shop\/"},{"@type":"ListItem","position":3,"name":"HGLRC Ares DS230 Moldura de Futebol com Drone"}]},{"@type":"WebSite","@id":"https:\/\/iha-race.com\/pt-pt\/#website","url":"https:\/\/iha-race.com\/pt-pt\/","name":"Iha Race","description":"Comprar drones de carreras FPV env\u00edos en un d\u00eda desde Espa\u00f1a","publisher":{"@id":"https:\/\/iha-race.com\/pt-pt\/#organization"},"potentialAction":[{"@type":"SearchAction","target":{"@type":"EntryPoint","urlTemplate":"https:\/\/iha-race.com\/pt-pt\/?s={search_term_string}"},"query-input":{"@type":"PropertyValueSpecification","valueRequired":true,"valueName":"search_term_string"}}],"inLanguage":"pt-PT"},{"@type":"Organization","@id":"https:\/\/iha-race.com\/pt-pt\/#organization","name":"Iha Race","url":"https:\/\/iha-race.com\/pt-pt\/","logo":{"@type":"ImageObject","inLanguage":"pt-PT","@id":"https:\/\/iha-race.com\/pt-pt\/#\/schema\/logo\/image\/","url":"https:\/\/iha-race.com\/wp-content\/uploads\/2018\/07\/iha-race-drones-de-carreras-tienda-comprar-drones.png","contentUrl":"https:\/\/iha-race.com\/wp-content\/uploads\/2018\/07\/iha-race-drones-de-carreras-tienda-comprar-drones.png","width":300,"height":100,"caption":"Iha Race"},"image":{"@id":"https:\/\/iha-race.com\/pt-pt\/#\/schema\/logo\/image\/"}}]}},"jetpack_sharing_enabled":true,"brands":[],"_links":{"self":[{"href":"https:\/\/iha-race.com\/pt-pt\/wp-json\/wp\/v2\/product\/114404","targetHints":{"allow":["GET"]}}],"collection":[{"href":"https:\/\/iha-race.com\/pt-pt\/wp-json\/wp\/v2\/product"}],"about":[{"href":"https:\/\/iha-race.com\/pt-pt\/wp-json\/wp\/v2\/types\/product"}],"replies":[{"embeddable":true,"href":"https:\/\/iha-race.com\/pt-pt\/wp-json\/wp\/v2\/comments?post=114404"}],"version-history":[{"count":3,"href":"https:\/\/iha-race.com\/pt-pt\/wp-json\/wp\/v2\/product\/114404\/revisions"}],"predecessor-version":[{"id":252565,"href":"https:\/\/iha-race.com\/pt-pt\/wp-json\/wp\/v2\/product\/114404\/revisions\/252565"}],"wp:featuredmedia":[{"embeddable":true,"href":"https:\/\/iha-race.com\/pt-pt\/wp-json\/wp\/v2\/media\/110497"}],"wp:attachment":[{"href":"https:\/\/iha-race.com\/pt-pt\/wp-json\/wp\/v2\/media?parent=114404"}],"wp:term":[{"taxonomy":"pwb-brand","embeddable":true,"href":"https:\/\/iha-race.com\/pt-pt\/wp-json\/wp\/v2\/pwb-brand?post=114404"},{"taxonomy":"product_cat","embeddable":true,"href":"https:\/\/iha-race.com\/pt-pt\/wp-json\/wp\/v2\/product_cat?post=114404"},{"taxonomy":"product_tag","embeddable":true,"href":"https:\/\/iha-race.com\/pt-pt\/wp-json\/wp\/v2\/product_tag?post=114404"}],"curies":[{"name":"wp","href":"https:\/\/api.w.org\/{rel}","templated":true}]}}