{"id":114378,"date":"2022-05-23T15:55:21","date_gmt":"2022-05-23T13:55:21","guid":{"rendered":"https:\/\/iha-race.com\/producto\/cetus-pro-brushless-whoop-frame\/"},"modified":"2024-12-12T12:12:42","modified_gmt":"2024-12-12T11:12:42","slug":"frame-whoop-whoop-without-brushes-cetus-pro","status":"publish","type":"product","link":"https:\/\/iha-race.com\/pt-pt\/produto\/frame-whoop-whoop-without-brushes-cetus-pro\/","title":{"rendered":"Cetus Pro brushless Whoop frame"},"content":{"rendered":"<h2><span data-sheets-value=\"{\"1\":2,\"2\":\"Cuadro Whoop sin escobillas Cetus Pro\"}\" data-sheets-userformat=\"{\"2\":7107,\"3\":{\"1\":0},\"4\":{\"1\":2,\"2\":16777215},\"9\":1,\"10\":2,\"11\":4,\"12\":0,\"14\":{\"1\":3,\"3\":1},\"15\":\"\\\"Work Sans\\\", sans-serif\"}\">Cetus Pro brushless Whoop frame<\/span><\/h2>\n<p>Esta magn\u00edfica moldura Cetus Pro est\u00e1 agora dispon\u00edvel para compra! \u00c9 a moldura original de substitui\u00e7\u00e3o do <a href=\"https:\/\/iha-race.com\/producto\/dron-cetus-pro-betafpv\/\">Cetus Pro<\/a> e <a href=\"https:\/\/iha-race.com\/producto\/kit-betafpv-cetus-pro\/\">Cetus Pro FPV Kit<\/a>. Compr\u00e1-lo em conjunto com o zang\u00e3o como apoio \u00e9 uma boa op\u00e7\u00e3o.<\/p>\n<p><img decoding=\"async\" src=\"https:\/\/cdn.shopifycdn.net\/s\/files\/1\/1778\/6615\/files\/FB_26d2c7c7-023a-4547-97eb-206cb513c7a6_1024x1024.jpg?v=1650770964\" alt=\"\"><\/p>\n<h2><a href=\"https:\/\/betafpv.com\/collections\/all-drone\/products\/cetus-pro-fpv-kit\" target=\"_blank\" rel=\"noopener\">Kit Cetus Pro FPV<\/a><\/h2>\n<p>\u00c9 a escolha ideal para os principiantes fazerem progressos hoje em dia. Vem com um quadcopter Cetus Pro brushless, um transmissor LiteRadio2 SE e \u00f3culos VR02 FPV, \u00e9 mais potente e manobr\u00e1vel para todos os principiantes, bem como para os profissionais de FPV, para praticar dentro e fora de casa.<\/p>\n<p><img decoding=\"async\" src=\"https:\/\/cdn.shopifycdn.net\/s\/files\/1\/1778\/6615\/files\/web_theme_1024x1024.jpg?v=1629890911\"><\/p>\n<h2>Caracter\u00edsticas<\/h2>\n<ul>\n<li>A estrutura de substitui\u00e7\u00e3o original para o Cetus Pro Quadcopter e Cetus Pro FPV Kit.<\/li>\n<li>Feito de material PA12, o quadro tem uma excelente resist\u00eancia ao impacto a quedas e impactos. Entretanto, a protec\u00e7\u00e3o de 360\u00b0 da estrutura whoop assegura voos seguros tanto dentro como fora de casa.<\/li>\n<li>O desenho da moldura \u00e9 razo\u00e1vel com o dossel. \u00c9 f\u00e1cil de montar a c\u00e2mara.<\/li>\n<li>Estrutura ultra-leve e dur\u00e1vel. Compr\u00e1-lo em conjunto com o zang\u00e3o como apoio ser\u00e1 uma boa op\u00e7\u00e3o.<\/li>\n<li>Recomenda-se a utiliza\u00e7\u00e3o de escoras de 40 mm e motores 1102. Por exemplo, motor sem escovas BETAFPV 1102-18000KV e furo de eixo de 1,5 mm de l\u00e2minas de 3 x 40 mm.<\/li>\n<\/ul>\n<h2><img decoding=\"async\" src=\"https:\/\/cdn.shopifycdn.net\/s\/files\/1\/1778\/6615\/files\/FB1_bad576fd-4fb5-477e-b87b-f854556cc8e7_1024x1024.jpg?v=1650786986\" alt=\"\"><\/h2>\n<h2>Especifica\u00e7\u00f5es<\/h2>\n<ul>\n<li>Item: Cetus Pro Brushless Whoop Frame<\/li>\n<li>Materiais: PA12<\/li>\n<li>Tamanho: 76,75 mm<\/li>\n<li>Peso: 9,39 g\/pe\u00e7a<\/li>\n<li>Cor branca<\/li>\n<li>Furo de montagem do motor: \u03c61,4 mm<\/li>\n<\/ul>\n<p><img decoding=\"async\" src=\"https:\/\/cdn.shopifycdn.net\/s\/files\/1\/1778\/6615\/files\/f7d7c897f798fc44c391847188c3ac79_5e51b384-df07-4a58-85d9-5946b6948f5e_600x600.jpg?v=1650787023\" alt=\"\"><\/p>\n<h2>Pe\u00e7as recomendadas (N\u00c3O INCLU\u00cdDAS)<\/h2>\n<ul>\n<li>Controlador de voo: Lite 1-2S Pro Brushless FC<\/li>\n<li>VTX: 25mW<\/li>\n<li>C\u00e2mara: Microc\u00e2mara C02 FPV<\/li>\n<li>Motor: motor Brushless 1102-18000KV<\/li>\n<li>H\u00e9lices: furo de eixo de 1,5 mm de l\u00e2minas de 3 x 40 mm<\/li>\n<li>Bateria: BT2.0 450mah 1S Bateria<\/li>\n<\/ul>\n<div style=\"text-align: start;\"><img decoding=\"async\" src=\"https:\/\/cdn.shopifycdn.net\/s\/files\/1\/1778\/6615\/files\/f1d3f2e934a7f7df4970562b60a46e3c_8193c434-c36f-494d-a349-d64c921bf816_480x480.jpg?v=1650787127\" alt=\"\"><\/div>\n<h2 class=\"p1\">Pacote<\/h2>\n<ul>\n<li>1 x moldura Cetus Pro brushless<\/li>\n<\/ul>\n","protected":false},"excerpt":{"rendered":"<p>Cetus Pro brushless Whoop frame Esta magn\u00edfica moldura Cetus Pro est\u00e1 agora dispon\u00edvel para compra! \u00c9 a moldura original de substitui\u00e7\u00e3o do Cetus Pro e Cetus Pro FPV Kit. Compr\u00e1-lo<\/p>\n","protected":false},"featured_media":108795,"comment_status":"open","ping_status":"closed","template":"","meta":{"_joinchat":[]},"pwb-brand":[],"product_cat":[1474,1458,3671,4116],"product_tag":[],"class_list":{"0":"post-114378","1":"product","2":"type-product","3":"status-publish","4":"has-post-thumbnail","6":"product_cat-arrancadores","7":"product_cat-fpv-drones","8":"product_cat-molduras","9":"product_cat-sexta-feira-negra-2024","11":"first","12":"instock","13":"taxable","14":"shipping-taxable","15":"purchasable","16":"product-type-simple"},"barcode":null,"atum_controlled":true,"out_stock_date":null,"out_stock_threshold":null,"inheritable":false,"stock_on_hold":0,"sold_today":0,"sales_last_days":0,"out_stock_days":0,"lost_sales":0,"update_date":"2026-04-18T20:30:54","atum_locations":[],"atum_stock_status":"instock","restock_status":false,"low_stock_amount":"","sales_update_date":"2026-04-18T20:30:54","calc_backorders":null,"yoast_head":"<!-- This site is optimized with the Yoast SEO plugin v27.3 - https:\/\/yoast.com\/product\/yoast-seo-wordpress\/ -->\n<title>Cetus Pro brushless Whoop frame - Iha Race<\/title>\n<meta name=\"robots\" content=\"index, follow, max-snippet:-1, max-image-preview:large, max-video-preview:-1\" \/>\n<link rel=\"canonical\" href=\"https:\/\/iha-race.com\/pt-pt\/produto\/frame-whoop-whoop-without-brushes-cetus-pro\/\" \/>\n<meta property=\"og:locale\" content=\"pt_PT\" \/>\n<meta property=\"og:type\" content=\"article\" \/>\n<meta property=\"og:title\" content=\"Cetus Pro brushless Whoop frame - Iha Race\" \/>\n<meta property=\"og:description\" content=\"Cetus Pro brushless Whoop frame Esta magn\u00edfica moldura Cetus Pro est\u00e1 agora dispon\u00edvel para compra! \u00c9 a moldura original de substitui\u00e7\u00e3o do Cetus Pro e Cetus Pro FPV Kit. Compr\u00e1-lo\" \/>\n<meta property=\"og:url\" content=\"https:\/\/iha-race.com\/pt-pt\/produto\/frame-whoop-whoop-without-brushes-cetus-pro\/\" \/>\n<meta property=\"og:site_name\" content=\"Iha Race\" \/>\n<meta property=\"article:modified_time\" content=\"2024-12-12T11:12:42+00:00\" \/>\n<meta property=\"og:image\" content=\"https:\/\/iha-race.com\/wp-content\/uploads\/2022\/05\/74b96dbb2d19db9758ba306fc55ad040_cbab1e83-e234-4130-a896-9120ae6f138d_720x.webp\" \/>\n\t<meta property=\"og:image:width\" content=\"720\" \/>\n\t<meta property=\"og:image:height\" content=\"720\" \/>\n\t<meta property=\"og:image:type\" content=\"image\/webp\" \/>\n<meta name=\"twitter:card\" content=\"summary_large_image\" \/>\n<meta name=\"twitter:label1\" content=\"Tempo estimado de leitura\" \/>\n\t<meta name=\"twitter:data1\" content=\"1 minuto\" \/>\n<script type=\"application\/ld+json\" class=\"yoast-schema-graph\">{\"@context\":\"https:\\\/\\\/schema.org\",\"@graph\":[{\"@type\":\"WebPage\",\"@id\":\"https:\\\/\\\/iha-race.com\\\/pt-pt\\\/produto\\\/frame-whoop-whoop-without-brushes-cetus-pro\\\/\",\"url\":\"https:\\\/\\\/iha-race.com\\\/pt-pt\\\/produto\\\/frame-whoop-whoop-without-brushes-cetus-pro\\\/\",\"name\":\"Cetus Pro brushless Whoop frame - Iha Race\",\"isPartOf\":{\"@id\":\"https:\\\/\\\/iha-race.com\\\/pt-pt\\\/#website\"},\"primaryImageOfPage\":{\"@id\":\"https:\\\/\\\/iha-race.com\\\/pt-pt\\\/produto\\\/frame-whoop-whoop-without-brushes-cetus-pro\\\/#primaryimage\"},\"image\":{\"@id\":\"https:\\\/\\\/iha-race.com\\\/pt-pt\\\/produto\\\/frame-whoop-whoop-without-brushes-cetus-pro\\\/#primaryimage\"},\"thumbnailUrl\":\"https:\\\/\\\/iha-race.com\\\/wp-content\\\/uploads\\\/2022\\\/05\\\/74b96dbb2d19db9758ba306fc55ad040_cbab1e83-e234-4130-a896-9120ae6f138d_720x.webp\",\"datePublished\":\"2022-05-23T13:55:21+00:00\",\"dateModified\":\"2024-12-12T11:12:42+00:00\",\"breadcrumb\":{\"@id\":\"https:\\\/\\\/iha-race.com\\\/pt-pt\\\/produto\\\/frame-whoop-whoop-without-brushes-cetus-pro\\\/#breadcrumb\"},\"inLanguage\":\"pt-PT\",\"potentialAction\":[{\"@type\":\"ReadAction\",\"target\":[\"https:\\\/\\\/iha-race.com\\\/pt-pt\\\/produto\\\/frame-whoop-whoop-without-brushes-cetus-pro\\\/\"]}]},{\"@type\":\"ImageObject\",\"inLanguage\":\"pt-PT\",\"@id\":\"https:\\\/\\\/iha-race.com\\\/pt-pt\\\/produto\\\/frame-whoop-whoop-without-brushes-cetus-pro\\\/#primaryimage\",\"url\":\"https:\\\/\\\/iha-race.com\\\/wp-content\\\/uploads\\\/2022\\\/05\\\/74b96dbb2d19db9758ba306fc55ad040_cbab1e83-e234-4130-a896-9120ae6f138d_720x.webp\",\"contentUrl\":\"https:\\\/\\\/iha-race.com\\\/wp-content\\\/uploads\\\/2022\\\/05\\\/74b96dbb2d19db9758ba306fc55ad040_cbab1e83-e234-4130-a896-9120ae6f138d_720x.webp\",\"width\":720,\"height\":720,\"caption\":\"Comprar Cetus Pro brushless Whoop frame\"},{\"@type\":\"BreadcrumbList\",\"@id\":\"https:\\\/\\\/iha-race.com\\\/pt-pt\\\/produto\\\/frame-whoop-whoop-without-brushes-cetus-pro\\\/#breadcrumb\",\"itemListElement\":[{\"@type\":\"ListItem\",\"position\":1,\"name\":\"Portada\",\"item\":\"https:\\\/\\\/iha-race.com\\\/pt-pt\\\/elementor-499\\\/\"},{\"@type\":\"ListItem\",\"position\":2,\"name\":\"Shop\",\"item\":\"https:\\\/\\\/iha-race.com\\\/pt-pt\\\/shop\\\/\"},{\"@type\":\"ListItem\",\"position\":3,\"name\":\"Cetus Pro brushless Whoop frame\"}]},{\"@type\":\"WebSite\",\"@id\":\"https:\\\/\\\/iha-race.com\\\/pt-pt\\\/#website\",\"url\":\"https:\\\/\\\/iha-race.com\\\/pt-pt\\\/\",\"name\":\"Iha Race\",\"description\":\"Comprar drones de carreras FPV env\u00edos en un d\u00eda desde Espa\u00f1a\",\"publisher\":{\"@id\":\"https:\\\/\\\/iha-race.com\\\/pt-pt\\\/#organization\"},\"potentialAction\":[{\"@type\":\"SearchAction\",\"target\":{\"@type\":\"EntryPoint\",\"urlTemplate\":\"https:\\\/\\\/iha-race.com\\\/pt-pt\\\/?s={search_term_string}\"},\"query-input\":{\"@type\":\"PropertyValueSpecification\",\"valueRequired\":true,\"valueName\":\"search_term_string\"}}],\"inLanguage\":\"pt-PT\"},{\"@type\":\"Organization\",\"@id\":\"https:\\\/\\\/iha-race.com\\\/pt-pt\\\/#organization\",\"name\":\"Iha Race\",\"url\":\"https:\\\/\\\/iha-race.com\\\/pt-pt\\\/\",\"logo\":{\"@type\":\"ImageObject\",\"inLanguage\":\"pt-PT\",\"@id\":\"https:\\\/\\\/iha-race.com\\\/pt-pt\\\/#\\\/schema\\\/logo\\\/image\\\/\",\"url\":\"https:\\\/\\\/iha-race.com\\\/wp-content\\\/uploads\\\/2018\\\/07\\\/iha-race-drones-de-carreras-tienda-comprar-drones.png\",\"contentUrl\":\"https:\\\/\\\/iha-race.com\\\/wp-content\\\/uploads\\\/2018\\\/07\\\/iha-race-drones-de-carreras-tienda-comprar-drones.png\",\"width\":300,\"height\":100,\"caption\":\"Iha Race\"},\"image\":{\"@id\":\"https:\\\/\\\/iha-race.com\\\/pt-pt\\\/#\\\/schema\\\/logo\\\/image\\\/\"}}]}<\/script>\n<!-- \/ Yoast SEO plugin. -->","yoast_head_json":{"title":"Cetus Pro brushless Whoop frame - Iha Race","robots":{"index":"index","follow":"follow","max-snippet":"max-snippet:-1","max-image-preview":"max-image-preview:large","max-video-preview":"max-video-preview:-1"},"canonical":"https:\/\/iha-race.com\/pt-pt\/produto\/frame-whoop-whoop-without-brushes-cetus-pro\/","og_locale":"pt_PT","og_type":"article","og_title":"Cetus Pro brushless Whoop frame - Iha Race","og_description":"Cetus Pro brushless Whoop frame Esta magn\u00edfica moldura Cetus Pro est\u00e1 agora dispon\u00edvel para compra! \u00c9 a moldura original de substitui\u00e7\u00e3o do Cetus Pro e Cetus Pro FPV Kit. Compr\u00e1-lo","og_url":"https:\/\/iha-race.com\/pt-pt\/produto\/frame-whoop-whoop-without-brushes-cetus-pro\/","og_site_name":"Iha Race","article_modified_time":"2024-12-12T11:12:42+00:00","og_image":[{"width":720,"height":720,"url":"https:\/\/iha-race.com\/wp-content\/uploads\/2022\/05\/74b96dbb2d19db9758ba306fc55ad040_cbab1e83-e234-4130-a896-9120ae6f138d_720x.webp","type":"image\/webp"}],"twitter_card":"summary_large_image","twitter_misc":{"Tempo estimado de leitura":"1 minuto"},"schema":{"@context":"https:\/\/schema.org","@graph":[{"@type":"WebPage","@id":"https:\/\/iha-race.com\/pt-pt\/produto\/frame-whoop-whoop-without-brushes-cetus-pro\/","url":"https:\/\/iha-race.com\/pt-pt\/produto\/frame-whoop-whoop-without-brushes-cetus-pro\/","name":"Cetus Pro brushless Whoop frame - Iha Race","isPartOf":{"@id":"https:\/\/iha-race.com\/pt-pt\/#website"},"primaryImageOfPage":{"@id":"https:\/\/iha-race.com\/pt-pt\/produto\/frame-whoop-whoop-without-brushes-cetus-pro\/#primaryimage"},"image":{"@id":"https:\/\/iha-race.com\/pt-pt\/produto\/frame-whoop-whoop-without-brushes-cetus-pro\/#primaryimage"},"thumbnailUrl":"https:\/\/iha-race.com\/wp-content\/uploads\/2022\/05\/74b96dbb2d19db9758ba306fc55ad040_cbab1e83-e234-4130-a896-9120ae6f138d_720x.webp","datePublished":"2022-05-23T13:55:21+00:00","dateModified":"2024-12-12T11:12:42+00:00","breadcrumb":{"@id":"https:\/\/iha-race.com\/pt-pt\/produto\/frame-whoop-whoop-without-brushes-cetus-pro\/#breadcrumb"},"inLanguage":"pt-PT","potentialAction":[{"@type":"ReadAction","target":["https:\/\/iha-race.com\/pt-pt\/produto\/frame-whoop-whoop-without-brushes-cetus-pro\/"]}]},{"@type":"ImageObject","inLanguage":"pt-PT","@id":"https:\/\/iha-race.com\/pt-pt\/produto\/frame-whoop-whoop-without-brushes-cetus-pro\/#primaryimage","url":"https:\/\/iha-race.com\/wp-content\/uploads\/2022\/05\/74b96dbb2d19db9758ba306fc55ad040_cbab1e83-e234-4130-a896-9120ae6f138d_720x.webp","contentUrl":"https:\/\/iha-race.com\/wp-content\/uploads\/2022\/05\/74b96dbb2d19db9758ba306fc55ad040_cbab1e83-e234-4130-a896-9120ae6f138d_720x.webp","width":720,"height":720,"caption":"Comprar Cetus Pro brushless Whoop frame"},{"@type":"BreadcrumbList","@id":"https:\/\/iha-race.com\/pt-pt\/produto\/frame-whoop-whoop-without-brushes-cetus-pro\/#breadcrumb","itemListElement":[{"@type":"ListItem","position":1,"name":"Portada","item":"https:\/\/iha-race.com\/pt-pt\/elementor-499\/"},{"@type":"ListItem","position":2,"name":"Shop","item":"https:\/\/iha-race.com\/pt-pt\/shop\/"},{"@type":"ListItem","position":3,"name":"Cetus Pro brushless Whoop frame"}]},{"@type":"WebSite","@id":"https:\/\/iha-race.com\/pt-pt\/#website","url":"https:\/\/iha-race.com\/pt-pt\/","name":"Iha Race","description":"Comprar drones de carreras FPV env\u00edos en un d\u00eda desde Espa\u00f1a","publisher":{"@id":"https:\/\/iha-race.com\/pt-pt\/#organization"},"potentialAction":[{"@type":"SearchAction","target":{"@type":"EntryPoint","urlTemplate":"https:\/\/iha-race.com\/pt-pt\/?s={search_term_string}"},"query-input":{"@type":"PropertyValueSpecification","valueRequired":true,"valueName":"search_term_string"}}],"inLanguage":"pt-PT"},{"@type":"Organization","@id":"https:\/\/iha-race.com\/pt-pt\/#organization","name":"Iha Race","url":"https:\/\/iha-race.com\/pt-pt\/","logo":{"@type":"ImageObject","inLanguage":"pt-PT","@id":"https:\/\/iha-race.com\/pt-pt\/#\/schema\/logo\/image\/","url":"https:\/\/iha-race.com\/wp-content\/uploads\/2018\/07\/iha-race-drones-de-carreras-tienda-comprar-drones.png","contentUrl":"https:\/\/iha-race.com\/wp-content\/uploads\/2018\/07\/iha-race-drones-de-carreras-tienda-comprar-drones.png","width":300,"height":100,"caption":"Iha Race"},"image":{"@id":"https:\/\/iha-race.com\/pt-pt\/#\/schema\/logo\/image\/"}}]}},"brands":[],"_links":{"self":[{"href":"https:\/\/iha-race.com\/pt-pt\/wp-json\/wp\/v2\/product\/114378","targetHints":{"allow":["GET"]}}],"collection":[{"href":"https:\/\/iha-race.com\/pt-pt\/wp-json\/wp\/v2\/product"}],"about":[{"href":"https:\/\/iha-race.com\/pt-pt\/wp-json\/wp\/v2\/types\/product"}],"replies":[{"embeddable":true,"href":"https:\/\/iha-race.com\/pt-pt\/wp-json\/wp\/v2\/comments?post=114378"}],"version-history":[{"count":3,"href":"https:\/\/iha-race.com\/pt-pt\/wp-json\/wp\/v2\/product\/114378\/revisions"}],"predecessor-version":[{"id":252577,"href":"https:\/\/iha-race.com\/pt-pt\/wp-json\/wp\/v2\/product\/114378\/revisions\/252577"}],"wp:featuredmedia":[{"embeddable":true,"href":"https:\/\/iha-race.com\/pt-pt\/wp-json\/wp\/v2\/media\/108795"}],"wp:attachment":[{"href":"https:\/\/iha-race.com\/pt-pt\/wp-json\/wp\/v2\/media?parent=114378"}],"wp:term":[{"taxonomy":"pwb-brand","embeddable":true,"href":"https:\/\/iha-race.com\/pt-pt\/wp-json\/wp\/v2\/pwb-brand?post=114378"},{"taxonomy":"product_cat","embeddable":true,"href":"https:\/\/iha-race.com\/pt-pt\/wp-json\/wp\/v2\/product_cat?post=114378"},{"taxonomy":"product_tag","embeddable":true,"href":"https:\/\/iha-race.com\/pt-pt\/wp-json\/wp\/v2\/product_tag?post=114378"}],"curies":[{"name":"wp","href":"https:\/\/api.w.org\/{rel}","templated":true}]}}