{"id":114326,"date":"2022-05-04T12:06:18","date_gmt":"2022-05-04T10:06:18","guid":{"rendered":"https:\/\/iha-race.com\/producto\/foxeer-lollipop-4-plus-alta-qualidade-5-8g-2-6dbi-fpv-antena-omnidireccional-2-pecas\/"},"modified":"2025-08-04T11:57:06","modified_gmt":"2025-08-04T09:57:06","slug":"antena-omni-direccional-foxeer-lollipop-4-plus-highh-quality-5-8g-2-6dbi-fpv-2-units","status":"publish","type":"product","link":"https:\/\/iha-race.com\/pt-pt\/produto\/antena-omni-direccional-foxeer-lollipop-4-plus-highh-quality-5-8g-2-6dbi-fpv-2-units\/","title":{"rendered":"Foxeer Lollipop 4 Plus Antena 5.8G &#8211; 2.6dBi &#8220;RHCP&#8221; &#8211; SMA\/RPSMA\/UFL\/MMCX (2 Pe\u00e7as)"},"content":{"rendered":"<h2>Foxeer Lollipop 4 Plus Antena 5.8G &#8211; 2.6dBi RHCP &#8211; SMA\/RPSMA\/UFL\/MMCX (2 Pe\u00e7as)<\/h2>\n<p>&nbsp;<\/p>\n<nav>\n<div id=\"nav-tab\" class=\"nav nav-tabs justify-content-center\" role=\"tablist\">\n<p><img decoding=\"async\" src=\"https:\/\/inew.foxeer.com\/upload\/image\/20211214\/20211214215904_23753.jpg\" alt=\"\"><\/p>\n<p><img decoding=\"async\" src=\"https:\/\/inew.foxeer.com\/upload\/image\/20211214\/20211214215933_35050.jpg\" alt=\"\"><\/p>\n<p><img decoding=\"async\" src=\"https:\/\/inew.foxeer.com\/upload\/image\/20211214\/20211214215941_45488.jpg\" alt=\"\"><\/p>\n<p><img decoding=\"async\" src=\"https:\/\/inew.foxeer.com\/upload\/image\/20211214\/20211214215953_50871.jpg\" alt=\"\"><\/p>\n<p><img decoding=\"async\" src=\"https:\/\/inew.foxeer.com\/upload\/image\/20211214\/20211214220005_22595.jpg\" alt=\"\"><\/p>\n<\/div>\n<\/nav>\n<div id=\"nav-tabContent\" class=\"tab-content\">\n<div id=\"nav-n1\" class=\"tab-pane fade show active\" role=\"tabpanel\" aria-labelledby=\"nav-n1-tab\">\n<p>&nbsp;<\/p>\n<p>&nbsp;<\/p>\n<\/div>\n<\/div>\n","protected":false},"excerpt":{"rendered":"<p>Foxeer Lollipop 4 Plus Antena 5.8G &#8211; 2.6dBi RHCP &#8211; SMA\/RPSMA\/UFL\/MMCX (2 Pe\u00e7as) &nbsp; &nbsp; &nbsp;<\/p>\n","protected":false},"featured_media":212266,"comment_status":"open","ping_status":"closed","template":"","meta":{"_joinchat":[]},"pwb-brand":[],"product_cat":[43],"product_tag":[],"class_list":{"0":"post-114326","1":"product","2":"type-product","3":"status-publish","4":"has-post-thumbnail","6":"product_cat-antenas","8":"first","9":"instock","10":"taxable","11":"shipping-taxable","12":"purchasable","13":"product-type-variable"},"barcode":null,"atum_controlled":true,"out_stock_date":null,"out_stock_threshold":null,"inheritable":true,"stock_on_hold":0,"sold_today":0,"sales_last_days":5,"out_stock_days":0,"lost_sales":0,"update_date":"2026-04-16T08:17:39","atum_locations":[],"atum_stock_status":"instock","restock_status":false,"low_stock_amount":"","sales_update_date":"2026-04-16T08:17:39","calc_backorders":null,"yoast_head":"<!-- This site is optimized with the Yoast SEO plugin v27.3 - https:\/\/yoast.com\/product\/yoast-seo-wordpress\/ -->\n<title>Foxeer Lollipop 4 Plus Antena 5.8G - 2.6dBi &quot;RHCP&quot; - SMA\/RPSMA\/UFL\/MMCX (2 Pe\u00e7as) - Iha Race<\/title>\n<meta name=\"robots\" content=\"index, follow, max-snippet:-1, max-image-preview:large, max-video-preview:-1\" \/>\n<link rel=\"canonical\" href=\"https:\/\/iha-race.com\/pt-pt\/produto\/antena-omni-direccional-foxeer-lollipop-4-plus-highh-quality-5-8g-2-6dbi-fpv-2-units\/\" \/>\n<meta property=\"og:locale\" content=\"pt_PT\" \/>\n<meta property=\"og:type\" content=\"article\" \/>\n<meta property=\"og:title\" content=\"Foxeer Lollipop 4 Plus Antena 5.8G - 2.6dBi &quot;RHCP&quot; - SMA\/RPSMA\/UFL\/MMCX (2 Pe\u00e7as) - Iha Race\" \/>\n<meta property=\"og:description\" content=\"Foxeer Lollipop 4 Plus Antena 5.8G &#8211; 2.6dBi RHCP &#8211; SMA\/RPSMA\/UFL\/MMCX (2 Pe\u00e7as) &nbsp; &nbsp; &nbsp;\" \/>\n<meta property=\"og:url\" content=\"https:\/\/iha-race.com\/pt-pt\/produto\/antena-omni-direccional-foxeer-lollipop-4-plus-highh-quality-5-8g-2-6dbi-fpv-2-units\/\" \/>\n<meta property=\"og:site_name\" content=\"Iha Race\" \/>\n<meta property=\"article:modified_time\" content=\"2025-08-04T09:57:06+00:00\" \/>\n<meta property=\"og:image\" content=\"https:\/\/iha-race.com\/wp-content\/uploads\/2022\/05\/1Tmngro3uZxJC_i3.jpg\" \/>\n\t<meta property=\"og:image:width\" content=\"990\" \/>\n\t<meta property=\"og:image:height\" content=\"990\" \/>\n\t<meta property=\"og:image:type\" content=\"image\/jpeg\" \/>\n<meta name=\"twitter:card\" content=\"summary_large_image\" \/>\n<script type=\"application\/ld+json\" class=\"yoast-schema-graph\">{\"@context\":\"https:\\\/\\\/schema.org\",\"@graph\":[{\"@type\":\"WebPage\",\"@id\":\"https:\\\/\\\/iha-race.com\\\/pt-pt\\\/produto\\\/antena-omni-direccional-foxeer-lollipop-4-plus-highh-quality-5-8g-2-6dbi-fpv-2-units\\\/\",\"url\":\"https:\\\/\\\/iha-race.com\\\/pt-pt\\\/produto\\\/antena-omni-direccional-foxeer-lollipop-4-plus-highh-quality-5-8g-2-6dbi-fpv-2-units\\\/\",\"name\":\"Foxeer Lollipop 4 Plus Antena 5.8G - 2.6dBi \\\"RHCP\\\" - SMA\\\/RPSMA\\\/UFL\\\/MMCX (2 Pe\u00e7as) - Iha Race\",\"isPartOf\":{\"@id\":\"https:\\\/\\\/iha-race.com\\\/pt-pt\\\/#website\"},\"primaryImageOfPage\":{\"@id\":\"https:\\\/\\\/iha-race.com\\\/pt-pt\\\/produto\\\/antena-omni-direccional-foxeer-lollipop-4-plus-highh-quality-5-8g-2-6dbi-fpv-2-units\\\/#primaryimage\"},\"image\":{\"@id\":\"https:\\\/\\\/iha-race.com\\\/pt-pt\\\/produto\\\/antena-omni-direccional-foxeer-lollipop-4-plus-highh-quality-5-8g-2-6dbi-fpv-2-units\\\/#primaryimage\"},\"thumbnailUrl\":\"https:\\\/\\\/iha-race.com\\\/wp-content\\\/uploads\\\/2022\\\/05\\\/1Tmngro3uZxJC_i3.jpg\",\"datePublished\":\"2022-05-04T10:06:18+00:00\",\"dateModified\":\"2025-08-04T09:57:06+00:00\",\"breadcrumb\":{\"@id\":\"https:\\\/\\\/iha-race.com\\\/pt-pt\\\/produto\\\/antena-omni-direccional-foxeer-lollipop-4-plus-highh-quality-5-8g-2-6dbi-fpv-2-units\\\/#breadcrumb\"},\"inLanguage\":\"pt-PT\",\"potentialAction\":[{\"@type\":\"ReadAction\",\"target\":[\"https:\\\/\\\/iha-race.com\\\/pt-pt\\\/produto\\\/antena-omni-direccional-foxeer-lollipop-4-plus-highh-quality-5-8g-2-6dbi-fpv-2-units\\\/\"]}]},{\"@type\":\"ImageObject\",\"inLanguage\":\"pt-PT\",\"@id\":\"https:\\\/\\\/iha-race.com\\\/pt-pt\\\/produto\\\/antena-omni-direccional-foxeer-lollipop-4-plus-highh-quality-5-8g-2-6dbi-fpv-2-units\\\/#primaryimage\",\"url\":\"https:\\\/\\\/iha-race.com\\\/wp-content\\\/uploads\\\/2022\\\/05\\\/1Tmngro3uZxJC_i3.jpg\",\"contentUrl\":\"https:\\\/\\\/iha-race.com\\\/wp-content\\\/uploads\\\/2022\\\/05\\\/1Tmngro3uZxJC_i3.jpg\",\"width\":990,\"height\":990,\"caption\":\"Comprar Antena Foxeer Lollipop 4 Plus 5.8G - 2.6dBi \\\"RHCP\\\"\"},{\"@type\":\"BreadcrumbList\",\"@id\":\"https:\\\/\\\/iha-race.com\\\/pt-pt\\\/produto\\\/antena-omni-direccional-foxeer-lollipop-4-plus-highh-quality-5-8g-2-6dbi-fpv-2-units\\\/#breadcrumb\",\"itemListElement\":[{\"@type\":\"ListItem\",\"position\":1,\"name\":\"Portada\",\"item\":\"https:\\\/\\\/iha-race.com\\\/pt-pt\\\/elementor-499\\\/\"},{\"@type\":\"ListItem\",\"position\":2,\"name\":\"Shop\",\"item\":\"https:\\\/\\\/iha-race.com\\\/pt-pt\\\/shop\\\/\"},{\"@type\":\"ListItem\",\"position\":3,\"name\":\"Foxeer Lollipop 4 Plus Antena 5.8G &#8211; 2.6dBi &#8220;RHCP&#8221; &#8211; SMA\\\/RPSMA\\\/UFL\\\/MMCX (2 Pe\u00e7as)\"}]},{\"@type\":\"WebSite\",\"@id\":\"https:\\\/\\\/iha-race.com\\\/pt-pt\\\/#website\",\"url\":\"https:\\\/\\\/iha-race.com\\\/pt-pt\\\/\",\"name\":\"Iha Race\",\"description\":\"Comprar drones de carreras FPV env\u00edos en un d\u00eda desde Espa\u00f1a\",\"publisher\":{\"@id\":\"https:\\\/\\\/iha-race.com\\\/pt-pt\\\/#organization\"},\"potentialAction\":[{\"@type\":\"SearchAction\",\"target\":{\"@type\":\"EntryPoint\",\"urlTemplate\":\"https:\\\/\\\/iha-race.com\\\/pt-pt\\\/?s={search_term_string}\"},\"query-input\":{\"@type\":\"PropertyValueSpecification\",\"valueRequired\":true,\"valueName\":\"search_term_string\"}}],\"inLanguage\":\"pt-PT\"},{\"@type\":\"Organization\",\"@id\":\"https:\\\/\\\/iha-race.com\\\/pt-pt\\\/#organization\",\"name\":\"Iha Race\",\"url\":\"https:\\\/\\\/iha-race.com\\\/pt-pt\\\/\",\"logo\":{\"@type\":\"ImageObject\",\"inLanguage\":\"pt-PT\",\"@id\":\"https:\\\/\\\/iha-race.com\\\/pt-pt\\\/#\\\/schema\\\/logo\\\/image\\\/\",\"url\":\"https:\\\/\\\/iha-race.com\\\/wp-content\\\/uploads\\\/2018\\\/07\\\/iha-race-drones-de-carreras-tienda-comprar-drones.png\",\"contentUrl\":\"https:\\\/\\\/iha-race.com\\\/wp-content\\\/uploads\\\/2018\\\/07\\\/iha-race-drones-de-carreras-tienda-comprar-drones.png\",\"width\":300,\"height\":100,\"caption\":\"Iha Race\"},\"image\":{\"@id\":\"https:\\\/\\\/iha-race.com\\\/pt-pt\\\/#\\\/schema\\\/logo\\\/image\\\/\"}}]}<\/script>\n<!-- \/ Yoast SEO plugin. -->","yoast_head_json":{"title":"Foxeer Lollipop 4 Plus Antena 5.8G - 2.6dBi \"RHCP\" - SMA\/RPSMA\/UFL\/MMCX (2 Pe\u00e7as) - Iha Race","robots":{"index":"index","follow":"follow","max-snippet":"max-snippet:-1","max-image-preview":"max-image-preview:large","max-video-preview":"max-video-preview:-1"},"canonical":"https:\/\/iha-race.com\/pt-pt\/produto\/antena-omni-direccional-foxeer-lollipop-4-plus-highh-quality-5-8g-2-6dbi-fpv-2-units\/","og_locale":"pt_PT","og_type":"article","og_title":"Foxeer Lollipop 4 Plus Antena 5.8G - 2.6dBi \"RHCP\" - SMA\/RPSMA\/UFL\/MMCX (2 Pe\u00e7as) - Iha Race","og_description":"Foxeer Lollipop 4 Plus Antena 5.8G &#8211; 2.6dBi RHCP &#8211; SMA\/RPSMA\/UFL\/MMCX (2 Pe\u00e7as) &nbsp; &nbsp; &nbsp;","og_url":"https:\/\/iha-race.com\/pt-pt\/produto\/antena-omni-direccional-foxeer-lollipop-4-plus-highh-quality-5-8g-2-6dbi-fpv-2-units\/","og_site_name":"Iha Race","article_modified_time":"2025-08-04T09:57:06+00:00","og_image":[{"width":990,"height":990,"url":"https:\/\/iha-race.com\/wp-content\/uploads\/2022\/05\/1Tmngro3uZxJC_i3.jpg","type":"image\/jpeg"}],"twitter_card":"summary_large_image","schema":{"@context":"https:\/\/schema.org","@graph":[{"@type":"WebPage","@id":"https:\/\/iha-race.com\/pt-pt\/produto\/antena-omni-direccional-foxeer-lollipop-4-plus-highh-quality-5-8g-2-6dbi-fpv-2-units\/","url":"https:\/\/iha-race.com\/pt-pt\/produto\/antena-omni-direccional-foxeer-lollipop-4-plus-highh-quality-5-8g-2-6dbi-fpv-2-units\/","name":"Foxeer Lollipop 4 Plus Antena 5.8G - 2.6dBi \"RHCP\" - SMA\/RPSMA\/UFL\/MMCX (2 Pe\u00e7as) - Iha Race","isPartOf":{"@id":"https:\/\/iha-race.com\/pt-pt\/#website"},"primaryImageOfPage":{"@id":"https:\/\/iha-race.com\/pt-pt\/produto\/antena-omni-direccional-foxeer-lollipop-4-plus-highh-quality-5-8g-2-6dbi-fpv-2-units\/#primaryimage"},"image":{"@id":"https:\/\/iha-race.com\/pt-pt\/produto\/antena-omni-direccional-foxeer-lollipop-4-plus-highh-quality-5-8g-2-6dbi-fpv-2-units\/#primaryimage"},"thumbnailUrl":"https:\/\/iha-race.com\/wp-content\/uploads\/2022\/05\/1Tmngro3uZxJC_i3.jpg","datePublished":"2022-05-04T10:06:18+00:00","dateModified":"2025-08-04T09:57:06+00:00","breadcrumb":{"@id":"https:\/\/iha-race.com\/pt-pt\/produto\/antena-omni-direccional-foxeer-lollipop-4-plus-highh-quality-5-8g-2-6dbi-fpv-2-units\/#breadcrumb"},"inLanguage":"pt-PT","potentialAction":[{"@type":"ReadAction","target":["https:\/\/iha-race.com\/pt-pt\/produto\/antena-omni-direccional-foxeer-lollipop-4-plus-highh-quality-5-8g-2-6dbi-fpv-2-units\/"]}]},{"@type":"ImageObject","inLanguage":"pt-PT","@id":"https:\/\/iha-race.com\/pt-pt\/produto\/antena-omni-direccional-foxeer-lollipop-4-plus-highh-quality-5-8g-2-6dbi-fpv-2-units\/#primaryimage","url":"https:\/\/iha-race.com\/wp-content\/uploads\/2022\/05\/1Tmngro3uZxJC_i3.jpg","contentUrl":"https:\/\/iha-race.com\/wp-content\/uploads\/2022\/05\/1Tmngro3uZxJC_i3.jpg","width":990,"height":990,"caption":"Comprar Antena Foxeer Lollipop 4 Plus 5.8G - 2.6dBi \"RHCP\""},{"@type":"BreadcrumbList","@id":"https:\/\/iha-race.com\/pt-pt\/produto\/antena-omni-direccional-foxeer-lollipop-4-plus-highh-quality-5-8g-2-6dbi-fpv-2-units\/#breadcrumb","itemListElement":[{"@type":"ListItem","position":1,"name":"Portada","item":"https:\/\/iha-race.com\/pt-pt\/elementor-499\/"},{"@type":"ListItem","position":2,"name":"Shop","item":"https:\/\/iha-race.com\/pt-pt\/shop\/"},{"@type":"ListItem","position":3,"name":"Foxeer Lollipop 4 Plus Antena 5.8G &#8211; 2.6dBi &#8220;RHCP&#8221; &#8211; SMA\/RPSMA\/UFL\/MMCX (2 Pe\u00e7as)"}]},{"@type":"WebSite","@id":"https:\/\/iha-race.com\/pt-pt\/#website","url":"https:\/\/iha-race.com\/pt-pt\/","name":"Iha Race","description":"Comprar drones de carreras FPV env\u00edos en un d\u00eda desde Espa\u00f1a","publisher":{"@id":"https:\/\/iha-race.com\/pt-pt\/#organization"},"potentialAction":[{"@type":"SearchAction","target":{"@type":"EntryPoint","urlTemplate":"https:\/\/iha-race.com\/pt-pt\/?s={search_term_string}"},"query-input":{"@type":"PropertyValueSpecification","valueRequired":true,"valueName":"search_term_string"}}],"inLanguage":"pt-PT"},{"@type":"Organization","@id":"https:\/\/iha-race.com\/pt-pt\/#organization","name":"Iha Race","url":"https:\/\/iha-race.com\/pt-pt\/","logo":{"@type":"ImageObject","inLanguage":"pt-PT","@id":"https:\/\/iha-race.com\/pt-pt\/#\/schema\/logo\/image\/","url":"https:\/\/iha-race.com\/wp-content\/uploads\/2018\/07\/iha-race-drones-de-carreras-tienda-comprar-drones.png","contentUrl":"https:\/\/iha-race.com\/wp-content\/uploads\/2018\/07\/iha-race-drones-de-carreras-tienda-comprar-drones.png","width":300,"height":100,"caption":"Iha Race"},"image":{"@id":"https:\/\/iha-race.com\/pt-pt\/#\/schema\/logo\/image\/"}}]}},"brands":[],"_links":{"self":[{"href":"https:\/\/iha-race.com\/pt-pt\/wp-json\/wp\/v2\/product\/114326","targetHints":{"allow":["GET"]}}],"collection":[{"href":"https:\/\/iha-race.com\/pt-pt\/wp-json\/wp\/v2\/product"}],"about":[{"href":"https:\/\/iha-race.com\/pt-pt\/wp-json\/wp\/v2\/types\/product"}],"replies":[{"embeddable":true,"href":"https:\/\/iha-race.com\/pt-pt\/wp-json\/wp\/v2\/comments?post=114326"}],"version-history":[{"count":3,"href":"https:\/\/iha-race.com\/pt-pt\/wp-json\/wp\/v2\/product\/114326\/revisions"}],"predecessor-version":[{"id":212269,"href":"https:\/\/iha-race.com\/pt-pt\/wp-json\/wp\/v2\/product\/114326\/revisions\/212269"}],"wp:featuredmedia":[{"embeddable":true,"href":"https:\/\/iha-race.com\/pt-pt\/wp-json\/wp\/v2\/media\/212266"}],"wp:attachment":[{"href":"https:\/\/iha-race.com\/pt-pt\/wp-json\/wp\/v2\/media?parent=114326"}],"wp:term":[{"taxonomy":"pwb-brand","embeddable":true,"href":"https:\/\/iha-race.com\/pt-pt\/wp-json\/wp\/v2\/pwb-brand?post=114326"},{"taxonomy":"product_cat","embeddable":true,"href":"https:\/\/iha-race.com\/pt-pt\/wp-json\/wp\/v2\/product_cat?post=114326"},{"taxonomy":"product_tag","embeddable":true,"href":"https:\/\/iha-race.com\/pt-pt\/wp-json\/wp\/v2\/product_tag?post=114326"}],"curies":[{"name":"wp","href":"https:\/\/api.w.org\/{rel}","templated":true}]}}