{"id":114281,"date":"2022-04-12T11:01:22","date_gmt":"2022-04-12T09:01:22","guid":{"rendered":"https:\/\/iha-race.com\/producto\/skyzone-sky020-fpv-oculos-de-fpv\/"},"modified":"2024-08-29T12:07:01","modified_gmt":"2024-08-29T10:07:01","slug":"glasses-fpv-skyzone-sky020","status":"publish","type":"product","link":"https:\/\/iha-race.com\/pt-pt\/produto\/glasses-fpv-skyzone-sky020\/","title":{"rendered":"SKYZONE SKY020 FPV \u00d3culos de FPV"},"content":{"rendered":"<h2><span data-sheets-value=\"{\"1\":2,\"2\":\"Gafas FPV SKYZONE SKY020\"}\" data-sheets-userformat=\"{\"2\":513,\"3\":{\"1\":0},\"12\":0}\">SKYZONE SKY020 FPV \u00d3culos de FPV<\/span><\/h2>\n<p>  O SKY02O \u00e9 uma vers\u00e3o melhorada da s\u00e9rie cl\u00e1ssica SKY02. Com um visor OLED de 640&#215;400 com cores vivas e uma elevada rela\u00e7\u00e3o de contraste, o condutor pode ver mais detalhes nas corridas. Com o receptor de vis\u00e3o constante, o receptor combina dois sinais num s\u00f3, evita que a imagem se rasgue e se mova, torna a imagem mais est\u00e1vel e mais clara em condi\u00e7\u00f5es dif\u00edceis. A nova interface do utilizador tem uma l\u00f3gica melhor, o utilizador pode navegar facilmente no menu.  <img fetchpriority=\"high\" decoding=\"async\" class=\"aligncenter wp-image-75463 size-large\" src=\"https:\/\/iha-race.com\/wp-content\/uploads\/2022\/04\/H056b378051884d56883a9091a34a7ccdi-1024x642.png\" alt=\"SKYZONE SKY020 FPV \u00d3culos de FPV\" width=\"840\" height=\"527\" srcset=\"https:\/\/iha-race.com\/wp-content\/uploads\/2022\/04\/H056b378051884d56883a9091a34a7ccdi-1024x642.png 1024w, https:\/\/iha-race.com\/wp-content\/uploads\/2022\/04\/H056b378051884d56883a9091a34a7ccdi-300x188.png 300w, https:\/\/iha-race.com\/wp-content\/uploads\/2022\/04\/H056b378051884d56883a9091a34a7ccdi-767x481.png 767w, https:\/\/iha-race.com\/wp-content\/uploads\/2022\/04\/H056b378051884d56883a9091a34a7ccdi-1536x963.png 1536w, https:\/\/iha-race.com\/wp-content\/uploads\/2022\/04\/H056b378051884d56883a9091a34a7ccdi-2048x1284.png 2048w, https:\/\/iha-race.com\/wp-content\/uploads\/2022\/04\/H056b378051884d56883a9091a34a7ccdi-239x150.png 239w, https:\/\/iha-race.com\/wp-content\/uploads\/2022\/04\/H056b378051884d56883a9091a34a7ccdi-100x63.png 100w, https:\/\/iha-race.com\/wp-content\/uploads\/2022\/04\/H056b378051884d56883a9091a34a7ccdi-558x350.png 558w, https:\/\/iha-race.com\/wp-content\/uploads\/2022\/04\/H056b378051884d56883a9091a34a7ccdi-788x493.png 788w, https:\/\/iha-race.com\/wp-content\/uploads\/2022\/04\/H056b378051884d56883a9091a34a7ccdi-600x376.png 600w, https:\/\/iha-race.com\/wp-content\/uploads\/2022\/04\/H056b378051884d56883a9091a34a7ccdi.png 1723w\" sizes=\"(max-width: 840px) 100vw, 840px\" \/><img decoding=\"async\" class=\"aligncenter wp-image-75464 size-large\" src=\"https:\/\/iha-race.com\/wp-content\/uploads\/2022\/04\/H56fc0cf376ae449c86fa1382b369a699L-1024x642.png\" alt=\"SKYZONE SKY020 FPV \u00d3culos de FPV\" width=\"840\" height=\"527\" srcset=\"https:\/\/iha-race.com\/wp-content\/uploads\/2022\/04\/H56fc0cf376ae449c86fa1382b369a699L-1024x642.png 1024w, https:\/\/iha-race.com\/wp-content\/uploads\/2022\/04\/H56fc0cf376ae449c86fa1382b369a699L-300x188.png 300w, https:\/\/iha-race.com\/wp-content\/uploads\/2022\/04\/H56fc0cf376ae449c86fa1382b369a699L-767x481.png 767w, https:\/\/iha-race.com\/wp-content\/uploads\/2022\/04\/H56fc0cf376ae449c86fa1382b369a699L-1536x963.png 1536w, https:\/\/iha-race.com\/wp-content\/uploads\/2022\/04\/H56fc0cf376ae449c86fa1382b369a699L-2048x1284.png 2048w, https:\/\/iha-race.com\/wp-content\/uploads\/2022\/04\/H56fc0cf376ae449c86fa1382b369a699L-239x150.png 239w, https:\/\/iha-race.com\/wp-content\/uploads\/2022\/04\/H56fc0cf376ae449c86fa1382b369a699L-100x63.png 100w, https:\/\/iha-race.com\/wp-content\/uploads\/2022\/04\/H56fc0cf376ae449c86fa1382b369a699L-558x350.png 558w, https:\/\/iha-race.com\/wp-content\/uploads\/2022\/04\/H56fc0cf376ae449c86fa1382b369a699L-788x493.png 788w, https:\/\/iha-race.com\/wp-content\/uploads\/2022\/04\/H56fc0cf376ae449c86fa1382b369a699L-600x376.png 600w, https:\/\/iha-race.com\/wp-content\/uploads\/2022\/04\/H56fc0cf376ae449c86fa1382b369a699L.png 1723w\" sizes=\"(max-width: 840px) 100vw, 840px\" \/><img decoding=\"async\" class=\"aligncenter wp-image-75465 \" src=\"https:\/\/iha-race.com\/wp-content\/uploads\/2022\/04\/H387fc0feb5024386822f10a5f9513e710-1024x641.png\" alt=\"SKYZONE SKY020 FPV \u00d3culos de FPV\" width=\"843\" height=\"528\" srcset=\"https:\/\/iha-race.com\/wp-content\/uploads\/2022\/04\/H387fc0feb5024386822f10a5f9513e710.png 1024w, https:\/\/iha-race.com\/wp-content\/uploads\/2022\/04\/H387fc0feb5024386822f10a5f9513e710-300x188.png 300w, https:\/\/iha-race.com\/wp-content\/uploads\/2022\/04\/H387fc0feb5024386822f10a5f9513e710-767x480.png 767w, https:\/\/iha-race.com\/wp-content\/uploads\/2022\/04\/H387fc0feb5024386822f10a5f9513e710-1536x962.png 1536w, https:\/\/iha-race.com\/wp-content\/uploads\/2022\/04\/H387fc0feb5024386822f10a5f9513e710-2048x1282.png 2048w, https:\/\/iha-race.com\/wp-content\/uploads\/2022\/04\/H387fc0feb5024386822f10a5f9513e710-240x150.png 240w, https:\/\/iha-race.com\/wp-content\/uploads\/2022\/04\/H387fc0feb5024386822f10a5f9513e710-100x63.png 100w, https:\/\/iha-race.com\/wp-content\/uploads\/2022\/04\/H387fc0feb5024386822f10a5f9513e710-559x350.png 559w, https:\/\/iha-race.com\/wp-content\/uploads\/2022\/04\/H387fc0feb5024386822f10a5f9513e710-788x493.png 788w, https:\/\/iha-race.com\/wp-content\/uploads\/2022\/04\/H387fc0feb5024386822f10a5f9513e710-599x375.png 599w\" sizes=\"(max-width: 843px) 100vw, 843px\" \/><img loading=\"lazy\" decoding=\"async\" class=\"aligncenter wp-image-75466 size-large\" src=\"https:\/\/iha-race.com\/wp-content\/uploads\/2022\/04\/He28e308ad767491e8ac7441366f9f694c-1024x641.jpg\" alt=\"SKYZONE SKY020 FPV \u00d3culos de FPV\" width=\"840\" height=\"526\" srcset=\"https:\/\/iha-race.com\/wp-content\/uploads\/2022\/04\/He28e308ad767491e8ac7441366f9f694c.jpg 1024w, https:\/\/iha-race.com\/wp-content\/uploads\/2022\/04\/He28e308ad767491e8ac7441366f9f694c-300x188.jpg 300w, https:\/\/iha-race.com\/wp-content\/uploads\/2022\/04\/He28e308ad767491e8ac7441366f9f694c-767x480.jpg 767w, https:\/\/iha-race.com\/wp-content\/uploads\/2022\/04\/He28e308ad767491e8ac7441366f9f694c-1536x962.jpg 1536w, https:\/\/iha-race.com\/wp-content\/uploads\/2022\/04\/He28e308ad767491e8ac7441366f9f694c-2048x1282.jpg 2048w, https:\/\/iha-race.com\/wp-content\/uploads\/2022\/04\/He28e308ad767491e8ac7441366f9f694c-240x150.jpg 240w, https:\/\/iha-race.com\/wp-content\/uploads\/2022\/04\/He28e308ad767491e8ac7441366f9f694c-100x63.jpg 100w, https:\/\/iha-race.com\/wp-content\/uploads\/2022\/04\/He28e308ad767491e8ac7441366f9f694c-559x350.jpg 559w, https:\/\/iha-race.com\/wp-content\/uploads\/2022\/04\/He28e308ad767491e8ac7441366f9f694c-788x493.jpg 788w, https:\/\/iha-race.com\/wp-content\/uploads\/2022\/04\/He28e308ad767491e8ac7441366f9f694c-599x375.jpg 599w\" sizes=\"(max-width: 840px) 100vw, 840px\" \/><\/p>\n<h3>Caracter\u00edsticas<\/h3>\n<ul>\n<li>5.8G 48CH receptor de vis\u00e3o est\u00e1vel<\/li>\n<li>16:9 e 4:3 comut\u00e1veis<\/li>\n<li>Visor de resolu\u00e7\u00e3o OLED 640X400<\/li>\n<li>Campo de vis\u00e3o at\u00e9 29\u00b0.<\/li>\n<li>Bulit-in com descongelador e ventilador de dissipador de calor<\/li>\n<li>Gama IPD 59\u301c69mm<\/li>\n<li>digitaliza\u00e7\u00e3o de canais<\/li>\n<li>Apoio em chin\u00eas e ingl\u00eas<\/li>\n<li>Entrada HDMI<\/li>\n<li>Suporte de voltagem larga 2S-6S<\/li>\n<li>Construir sobre o Headtracker<\/li>\n<li>MJPEG, 30 fps, AVI, suporte para cart\u00f5es SD at\u00e9 64 GB<\/li>\n<li>Vem com antena Patch e Ommi<\/li>\n<\/ul>\n<h3>O pacote inclui:<\/h3>\n<div>\n<ul>\n<li>1 x SKY02O.<\/li>\n<li>\n<div>1 x Estojo de transporte.<\/div>\n<\/li>\n<li>\n<div>1 x Cabo de dados.<\/div>\n<\/li>\n<li>\n<div>1 x Cabo de dados JR.<\/div>\n<\/li>\n<li>\n<div>2 x 5,8 Ghz antenas (patch e Ommi)<\/div>\n<\/li>\n<li>\n<div>1 x Esponja com Velcro<\/div>\n<\/li>\n<li>\n<div>1 x cabo AV.<\/div>\n<\/li>\n<li>\n<div>1 x cabo de alimenta\u00e7\u00e3o CC para XT60<\/div>\n<\/li>\n<li>\n<div>1 x Manual do Utilizador (Ingl\u00eas).<\/div>\n<\/li>\n<\/ul>\n<\/div>\n","protected":false},"excerpt":{"rendered":"<p>O SKY02O \u00e9 uma vers\u00e3o melhorada da s\u00e9rie cl\u00e1ssica SKY02.<\/p>\n","protected":false},"featured_media":108413,"comment_status":"open","ping_status":"closed","template":"","meta":{"_joinchat":[]},"pwb-brand":[3552],"product_cat":[1132,2454],"product_tag":[],"class_list":{"0":"post-114281","1":"product","2":"type-product","3":"status-publish","4":"has-post-thumbnail","6":"pwb-brand-tbs","7":"product_cat-oculos-de-proteccao-fpv","8":"product_cat-vidros-e-monitores","10":"first","11":"outofstock","12":"taxable","13":"shipping-taxable","14":"purchasable","15":"product-type-simple"},"barcode":null,"atum_controlled":true,"out_stock_date":"2025-07-17 20:15:48","out_stock_threshold":null,"inheritable":false,"stock_on_hold":0,"sold_today":0,"sales_last_days":0,"out_stock_days":275,"lost_sales":0,"update_date":"2026-04-18T20:30:54","atum_locations":[],"atum_stock_status":"outofstock","restock_status":false,"low_stock_amount":"","sales_update_date":"2026-04-18T20:30:54","calc_backorders":null,"yoast_head":"<!-- This site is optimized with the Yoast SEO plugin v27.3 - https:\/\/yoast.com\/product\/yoast-seo-wordpress\/ -->\n<title>SKYZONE SKY020 FPV \u00d3culos de FPV - Iha Race<\/title>\n<meta name=\"robots\" content=\"index, follow, max-snippet:-1, max-image-preview:large, max-video-preview:-1\" \/>\n<link rel=\"canonical\" href=\"https:\/\/iha-race.com\/pt-pt\/produto\/glasses-fpv-skyzone-sky020\/\" \/>\n<meta property=\"og:locale\" content=\"pt_PT\" \/>\n<meta property=\"og:type\" content=\"article\" \/>\n<meta property=\"og:title\" content=\"SKYZONE SKY020 FPV \u00d3culos de FPV - Iha Race\" \/>\n<meta property=\"og:description\" content=\"O SKY02O \u00e9 uma vers\u00e3o melhorada da s\u00e9rie cl\u00e1ssica SKY02.\" \/>\n<meta property=\"og:url\" content=\"https:\/\/iha-race.com\/pt-pt\/produto\/glasses-fpv-skyzone-sky020\/\" \/>\n<meta property=\"og:site_name\" content=\"Iha Race\" \/>\n<meta property=\"article:modified_time\" content=\"2024-08-29T10:07:01+00:00\" \/>\n<meta property=\"og:image\" content=\"https:\/\/iha-race.com\/wp-content\/uploads\/2022\/04\/02\u2161.483.jpg\" \/>\n\t<meta property=\"og:image:width\" content=\"2560\" \/>\n\t<meta property=\"og:image:height\" content=\"1757\" \/>\n\t<meta property=\"og:image:type\" content=\"image\/jpeg\" \/>\n<meta name=\"twitter:card\" content=\"summary_large_image\" \/>\n<meta name=\"twitter:label1\" content=\"Tempo estimado de leitura\" \/>\n\t<meta name=\"twitter:data1\" content=\"1 minuto\" \/>\n<script type=\"application\/ld+json\" class=\"yoast-schema-graph\">{\"@context\":\"https:\\\/\\\/schema.org\",\"@graph\":[{\"@type\":\"WebPage\",\"@id\":\"https:\\\/\\\/iha-race.com\\\/pt-pt\\\/produto\\\/glasses-fpv-skyzone-sky020\\\/\",\"url\":\"https:\\\/\\\/iha-race.com\\\/pt-pt\\\/produto\\\/glasses-fpv-skyzone-sky020\\\/\",\"name\":\"SKYZONE SKY020 FPV \u00d3culos de FPV - Iha Race\",\"isPartOf\":{\"@id\":\"https:\\\/\\\/iha-race.com\\\/pt-pt\\\/#website\"},\"primaryImageOfPage\":{\"@id\":\"https:\\\/\\\/iha-race.com\\\/pt-pt\\\/produto\\\/glasses-fpv-skyzone-sky020\\\/#primaryimage\"},\"image\":{\"@id\":\"https:\\\/\\\/iha-race.com\\\/pt-pt\\\/produto\\\/glasses-fpv-skyzone-sky020\\\/#primaryimage\"},\"thumbnailUrl\":\"https:\\\/\\\/iha-race.com\\\/wp-content\\\/uploads\\\/2022\\\/04\\\/02\u2161.483.jpg\",\"datePublished\":\"2022-04-12T09:01:22+00:00\",\"dateModified\":\"2024-08-29T10:07:01+00:00\",\"breadcrumb\":{\"@id\":\"https:\\\/\\\/iha-race.com\\\/pt-pt\\\/produto\\\/glasses-fpv-skyzone-sky020\\\/#breadcrumb\"},\"inLanguage\":\"pt-PT\",\"potentialAction\":[{\"@type\":\"ReadAction\",\"target\":[\"https:\\\/\\\/iha-race.com\\\/pt-pt\\\/produto\\\/glasses-fpv-skyzone-sky020\\\/\"]}]},{\"@type\":\"ImageObject\",\"inLanguage\":\"pt-PT\",\"@id\":\"https:\\\/\\\/iha-race.com\\\/pt-pt\\\/produto\\\/glasses-fpv-skyzone-sky020\\\/#primaryimage\",\"url\":\"https:\\\/\\\/iha-race.com\\\/wp-content\\\/uploads\\\/2022\\\/04\\\/02\u2161.483.jpg\",\"contentUrl\":\"https:\\\/\\\/iha-race.com\\\/wp-content\\\/uploads\\\/2022\\\/04\\\/02\u2161.483.jpg\",\"width\":2560,\"height\":1757,\"caption\":\"Comprar \u00f3culos de FPV SKYZONE SKY020\"},{\"@type\":\"BreadcrumbList\",\"@id\":\"https:\\\/\\\/iha-race.com\\\/pt-pt\\\/produto\\\/glasses-fpv-skyzone-sky020\\\/#breadcrumb\",\"itemListElement\":[{\"@type\":\"ListItem\",\"position\":1,\"name\":\"Portada\",\"item\":\"https:\\\/\\\/iha-race.com\\\/pt-pt\\\/elementor-499\\\/\"},{\"@type\":\"ListItem\",\"position\":2,\"name\":\"Shop\",\"item\":\"https:\\\/\\\/iha-race.com\\\/pt-pt\\\/shop\\\/\"},{\"@type\":\"ListItem\",\"position\":3,\"name\":\"SKYZONE SKY020 FPV \u00d3culos de FPV\"}]},{\"@type\":\"WebSite\",\"@id\":\"https:\\\/\\\/iha-race.com\\\/pt-pt\\\/#website\",\"url\":\"https:\\\/\\\/iha-race.com\\\/pt-pt\\\/\",\"name\":\"Iha Race\",\"description\":\"Comprar drones de carreras FPV env\u00edos en un d\u00eda desde Espa\u00f1a\",\"publisher\":{\"@id\":\"https:\\\/\\\/iha-race.com\\\/pt-pt\\\/#organization\"},\"potentialAction\":[{\"@type\":\"SearchAction\",\"target\":{\"@type\":\"EntryPoint\",\"urlTemplate\":\"https:\\\/\\\/iha-race.com\\\/pt-pt\\\/?s={search_term_string}\"},\"query-input\":{\"@type\":\"PropertyValueSpecification\",\"valueRequired\":true,\"valueName\":\"search_term_string\"}}],\"inLanguage\":\"pt-PT\"},{\"@type\":\"Organization\",\"@id\":\"https:\\\/\\\/iha-race.com\\\/pt-pt\\\/#organization\",\"name\":\"Iha Race\",\"url\":\"https:\\\/\\\/iha-race.com\\\/pt-pt\\\/\",\"logo\":{\"@type\":\"ImageObject\",\"inLanguage\":\"pt-PT\",\"@id\":\"https:\\\/\\\/iha-race.com\\\/pt-pt\\\/#\\\/schema\\\/logo\\\/image\\\/\",\"url\":\"https:\\\/\\\/iha-race.com\\\/wp-content\\\/uploads\\\/2018\\\/07\\\/iha-race-drones-de-carreras-tienda-comprar-drones.png\",\"contentUrl\":\"https:\\\/\\\/iha-race.com\\\/wp-content\\\/uploads\\\/2018\\\/07\\\/iha-race-drones-de-carreras-tienda-comprar-drones.png\",\"width\":300,\"height\":100,\"caption\":\"Iha Race\"},\"image\":{\"@id\":\"https:\\\/\\\/iha-race.com\\\/pt-pt\\\/#\\\/schema\\\/logo\\\/image\\\/\"}}]}<\/script>\n<!-- \/ Yoast SEO plugin. -->","yoast_head_json":{"title":"SKYZONE SKY020 FPV \u00d3culos de FPV - Iha Race","robots":{"index":"index","follow":"follow","max-snippet":"max-snippet:-1","max-image-preview":"max-image-preview:large","max-video-preview":"max-video-preview:-1"},"canonical":"https:\/\/iha-race.com\/pt-pt\/produto\/glasses-fpv-skyzone-sky020\/","og_locale":"pt_PT","og_type":"article","og_title":"SKYZONE SKY020 FPV \u00d3culos de FPV - Iha Race","og_description":"O SKY02O \u00e9 uma vers\u00e3o melhorada da s\u00e9rie cl\u00e1ssica SKY02.","og_url":"https:\/\/iha-race.com\/pt-pt\/produto\/glasses-fpv-skyzone-sky020\/","og_site_name":"Iha Race","article_modified_time":"2024-08-29T10:07:01+00:00","og_image":[{"width":2560,"height":1757,"url":"https:\/\/iha-race.com\/wp-content\/uploads\/2022\/04\/02\u2161.483.jpg","type":"image\/jpeg"}],"twitter_card":"summary_large_image","twitter_misc":{"Tempo estimado de leitura":"1 minuto"},"schema":{"@context":"https:\/\/schema.org","@graph":[{"@type":"WebPage","@id":"https:\/\/iha-race.com\/pt-pt\/produto\/glasses-fpv-skyzone-sky020\/","url":"https:\/\/iha-race.com\/pt-pt\/produto\/glasses-fpv-skyzone-sky020\/","name":"SKYZONE SKY020 FPV \u00d3culos de FPV - Iha Race","isPartOf":{"@id":"https:\/\/iha-race.com\/pt-pt\/#website"},"primaryImageOfPage":{"@id":"https:\/\/iha-race.com\/pt-pt\/produto\/glasses-fpv-skyzone-sky020\/#primaryimage"},"image":{"@id":"https:\/\/iha-race.com\/pt-pt\/produto\/glasses-fpv-skyzone-sky020\/#primaryimage"},"thumbnailUrl":"https:\/\/iha-race.com\/wp-content\/uploads\/2022\/04\/02\u2161.483.jpg","datePublished":"2022-04-12T09:01:22+00:00","dateModified":"2024-08-29T10:07:01+00:00","breadcrumb":{"@id":"https:\/\/iha-race.com\/pt-pt\/produto\/glasses-fpv-skyzone-sky020\/#breadcrumb"},"inLanguage":"pt-PT","potentialAction":[{"@type":"ReadAction","target":["https:\/\/iha-race.com\/pt-pt\/produto\/glasses-fpv-skyzone-sky020\/"]}]},{"@type":"ImageObject","inLanguage":"pt-PT","@id":"https:\/\/iha-race.com\/pt-pt\/produto\/glasses-fpv-skyzone-sky020\/#primaryimage","url":"https:\/\/iha-race.com\/wp-content\/uploads\/2022\/04\/02\u2161.483.jpg","contentUrl":"https:\/\/iha-race.com\/wp-content\/uploads\/2022\/04\/02\u2161.483.jpg","width":2560,"height":1757,"caption":"Comprar \u00f3culos de FPV SKYZONE SKY020"},{"@type":"BreadcrumbList","@id":"https:\/\/iha-race.com\/pt-pt\/produto\/glasses-fpv-skyzone-sky020\/#breadcrumb","itemListElement":[{"@type":"ListItem","position":1,"name":"Portada","item":"https:\/\/iha-race.com\/pt-pt\/elementor-499\/"},{"@type":"ListItem","position":2,"name":"Shop","item":"https:\/\/iha-race.com\/pt-pt\/shop\/"},{"@type":"ListItem","position":3,"name":"SKYZONE SKY020 FPV \u00d3culos de FPV"}]},{"@type":"WebSite","@id":"https:\/\/iha-race.com\/pt-pt\/#website","url":"https:\/\/iha-race.com\/pt-pt\/","name":"Iha Race","description":"Comprar drones de carreras FPV env\u00edos en un d\u00eda desde Espa\u00f1a","publisher":{"@id":"https:\/\/iha-race.com\/pt-pt\/#organization"},"potentialAction":[{"@type":"SearchAction","target":{"@type":"EntryPoint","urlTemplate":"https:\/\/iha-race.com\/pt-pt\/?s={search_term_string}"},"query-input":{"@type":"PropertyValueSpecification","valueRequired":true,"valueName":"search_term_string"}}],"inLanguage":"pt-PT"},{"@type":"Organization","@id":"https:\/\/iha-race.com\/pt-pt\/#organization","name":"Iha Race","url":"https:\/\/iha-race.com\/pt-pt\/","logo":{"@type":"ImageObject","inLanguage":"pt-PT","@id":"https:\/\/iha-race.com\/pt-pt\/#\/schema\/logo\/image\/","url":"https:\/\/iha-race.com\/wp-content\/uploads\/2018\/07\/iha-race-drones-de-carreras-tienda-comprar-drones.png","contentUrl":"https:\/\/iha-race.com\/wp-content\/uploads\/2018\/07\/iha-race-drones-de-carreras-tienda-comprar-drones.png","width":300,"height":100,"caption":"Iha Race"},"image":{"@id":"https:\/\/iha-race.com\/pt-pt\/#\/schema\/logo\/image\/"}}]}},"jetpack_sharing_enabled":true,"brands":[{"id":3552,"name":"TBS","slug":"tbs"}],"_links":{"self":[{"href":"https:\/\/iha-race.com\/pt-pt\/wp-json\/wp\/v2\/product\/114281","targetHints":{"allow":["GET"]}}],"collection":[{"href":"https:\/\/iha-race.com\/pt-pt\/wp-json\/wp\/v2\/product"}],"about":[{"href":"https:\/\/iha-race.com\/pt-pt\/wp-json\/wp\/v2\/types\/product"}],"replies":[{"embeddable":true,"href":"https:\/\/iha-race.com\/pt-pt\/wp-json\/wp\/v2\/comments?post=114281"}],"version-history":[{"count":2,"href":"https:\/\/iha-race.com\/pt-pt\/wp-json\/wp\/v2\/product\/114281\/revisions"}],"predecessor-version":[{"id":249173,"href":"https:\/\/iha-race.com\/pt-pt\/wp-json\/wp\/v2\/product\/114281\/revisions\/249173"}],"wp:featuredmedia":[{"embeddable":true,"href":"https:\/\/iha-race.com\/pt-pt\/wp-json\/wp\/v2\/media\/108413"}],"wp:attachment":[{"href":"https:\/\/iha-race.com\/pt-pt\/wp-json\/wp\/v2\/media?parent=114281"}],"wp:term":[{"taxonomy":"pwb-brand","embeddable":true,"href":"https:\/\/iha-race.com\/pt-pt\/wp-json\/wp\/v2\/pwb-brand?post=114281"},{"taxonomy":"product_cat","embeddable":true,"href":"https:\/\/iha-race.com\/pt-pt\/wp-json\/wp\/v2\/product_cat?post=114281"},{"taxonomy":"product_tag","embeddable":true,"href":"https:\/\/iha-race.com\/pt-pt\/wp-json\/wp\/v2\/product_tag?post=114281"}],"curies":[{"name":"wp","href":"https:\/\/api.w.org\/{rel}","templated":true}]}}