{"id":114254,"date":"2022-03-16T12:25:12","date_gmt":"2022-03-16T11:25:12","guid":{"rendered":"https:\/\/iha-race.com\/producto\/iflight-mach-r5-braco-suplente-5mm-6mm\/"},"modified":"2026-03-21T12:50:10","modified_gmt":"2026-03-21T11:50:10","slug":"braco-arme-leve-ifleve-mach-r5-5mm-r5-arm","status":"publish","type":"product","link":"https:\/\/iha-race.com\/pt-pt\/produto\/braco-arme-leve-ifleve-mach-r5-5mm-r5-arm\/","title":{"rendered":"iFlight Mach R5 bra\u00e7o suplente 5mm\/6mm"},"content":{"rendered":"<h2>iFlight Mach R5 bra\u00e7o suplente 5mm\/6mm<\/h2>\n<p>Pe\u00e7a de carbono com 5mm e 6mm de espessura. Ideal para o iFlight Mach R5.<\/p>\n<h3>O pacote inclui:<\/h3>\n<ul>\n<li>1 x par de bra\u00e7os de substitui\u00e7\u00e3o iFlight Mach R5 de 5mm e 6mm<\/li>\n<\/ul>\n","protected":false},"excerpt":{"rendered":"<p>iFlight Mach R5 bra\u00e7o suplente 5mm\/6mm Pe\u00e7a de carbono com 5mm e 6mm de espessura. Ideal para o iFlight Mach R5. O pacote inclui: 1 x par de bra\u00e7os de<\/p>\n","protected":false},"featured_media":108088,"comment_status":"open","ping_status":"closed","template":"","meta":{"_joinchat":[]},"pwb-brand":[3571],"product_cat":[1458,3671,4116],"product_tag":[],"class_list":{"0":"post-114254","1":"product","2":"type-product","3":"status-publish","4":"has-post-thumbnail","6":"pwb-brand-iflight","7":"product_cat-fpv-drones","8":"product_cat-molduras","9":"product_cat-sexta-feira-negra-2024","11":"first","12":"instock","13":"taxable","14":"shipping-taxable","15":"purchasable","16":"product-type-variable"},"barcode":null,"atum_controlled":true,"out_stock_date":null,"out_stock_threshold":null,"inheritable":true,"stock_on_hold":0,"sold_today":0,"sales_last_days":0,"out_stock_days":0,"lost_sales":0,"update_date":"2026-03-21T11:41:44","atum_locations":[],"atum_stock_status":"instock","restock_status":false,"low_stock_amount":"","sales_update_date":"2026-03-21T11:41:44","calc_backorders":null,"yoast_head":"<!-- This site is optimized with the Yoast SEO plugin v27.3 - https:\/\/yoast.com\/product\/yoast-seo-wordpress\/ -->\n<title>iFlight Mach R5 bra\u00e7o suplente 5mm\/6mm - Iha Race<\/title>\n<meta name=\"robots\" content=\"index, follow, max-snippet:-1, max-image-preview:large, max-video-preview:-1\" \/>\n<link rel=\"canonical\" href=\"https:\/\/iha-race.com\/pt-pt\/produto\/braco-arme-leve-ifleve-mach-r5-5mm-r5-arm\/\" \/>\n<meta property=\"og:locale\" content=\"pt_PT\" \/>\n<meta property=\"og:type\" content=\"article\" \/>\n<meta property=\"og:title\" content=\"iFlight Mach R5 bra\u00e7o suplente 5mm\/6mm - Iha Race\" \/>\n<meta property=\"og:description\" content=\"iFlight Mach R5 bra\u00e7o suplente 5mm\/6mm Pe\u00e7a de carbono com 5mm e 6mm de espessura. Ideal para o iFlight Mach R5. O pacote inclui: 1 x par de bra\u00e7os de\" \/>\n<meta property=\"og:url\" content=\"https:\/\/iha-race.com\/pt-pt\/produto\/braco-arme-leve-ifleve-mach-r5-5mm-r5-arm\/\" \/>\n<meta property=\"og:site_name\" content=\"Iha Race\" \/>\n<meta property=\"article:modified_time\" content=\"2026-03-21T11:50:10+00:00\" \/>\n<meta property=\"og:image\" content=\"https:\/\/iha-race.com\/wp-content\/uploads\/2022\/03\/Brazo-de-respuesto-iFlight-Mach-R5-de-5mm.jpg\" \/>\n\t<meta property=\"og:image:width\" content=\"1000\" \/>\n\t<meta property=\"og:image:height\" content=\"1000\" \/>\n\t<meta property=\"og:image:type\" content=\"image\/jpeg\" \/>\n<meta name=\"twitter:card\" content=\"summary_large_image\" \/>\n<script type=\"application\/ld+json\" class=\"yoast-schema-graph\">{\"@context\":\"https:\\\/\\\/schema.org\",\"@graph\":[{\"@type\":\"WebPage\",\"@id\":\"https:\\\/\\\/iha-race.com\\\/pt-pt\\\/produto\\\/braco-arme-leve-ifleve-mach-r5-5mm-r5-arm\\\/\",\"url\":\"https:\\\/\\\/iha-race.com\\\/pt-pt\\\/produto\\\/braco-arme-leve-ifleve-mach-r5-5mm-r5-arm\\\/\",\"name\":\"iFlight Mach R5 bra\u00e7o suplente 5mm\\\/6mm - Iha Race\",\"isPartOf\":{\"@id\":\"https:\\\/\\\/iha-race.com\\\/pt-pt\\\/#website\"},\"primaryImageOfPage\":{\"@id\":\"https:\\\/\\\/iha-race.com\\\/pt-pt\\\/produto\\\/braco-arme-leve-ifleve-mach-r5-5mm-r5-arm\\\/#primaryimage\"},\"image\":{\"@id\":\"https:\\\/\\\/iha-race.com\\\/pt-pt\\\/produto\\\/braco-arme-leve-ifleve-mach-r5-5mm-r5-arm\\\/#primaryimage\"},\"thumbnailUrl\":\"https:\\\/\\\/iha-race.com\\\/wp-content\\\/uploads\\\/2022\\\/03\\\/Brazo-de-respuesto-iFlight-Mach-R5-de-5mm.jpg\",\"datePublished\":\"2022-03-16T11:25:12+00:00\",\"dateModified\":\"2026-03-21T11:50:10+00:00\",\"breadcrumb\":{\"@id\":\"https:\\\/\\\/iha-race.com\\\/pt-pt\\\/produto\\\/braco-arme-leve-ifleve-mach-r5-5mm-r5-arm\\\/#breadcrumb\"},\"inLanguage\":\"pt-PT\",\"potentialAction\":[{\"@type\":\"ReadAction\",\"target\":[\"https:\\\/\\\/iha-race.com\\\/pt-pt\\\/produto\\\/braco-arme-leve-ifleve-mach-r5-5mm-r5-arm\\\/\"]}]},{\"@type\":\"ImageObject\",\"inLanguage\":\"pt-PT\",\"@id\":\"https:\\\/\\\/iha-race.com\\\/pt-pt\\\/produto\\\/braco-arme-leve-ifleve-mach-r5-5mm-r5-arm\\\/#primaryimage\",\"url\":\"https:\\\/\\\/iha-race.com\\\/wp-content\\\/uploads\\\/2022\\\/03\\\/Brazo-de-respuesto-iFlight-Mach-R5-de-5mm.jpg\",\"contentUrl\":\"https:\\\/\\\/iha-race.com\\\/wp-content\\\/uploads\\\/2022\\\/03\\\/Brazo-de-respuesto-iFlight-Mach-R5-de-5mm.jpg\",\"width\":1000,\"height\":1000,\"caption\":\"comprar o bra\u00e7o de substitui\u00e7\u00e3o mais barato do iFlight Mach R5 5mm\"},{\"@type\":\"BreadcrumbList\",\"@id\":\"https:\\\/\\\/iha-race.com\\\/pt-pt\\\/produto\\\/braco-arme-leve-ifleve-mach-r5-5mm-r5-arm\\\/#breadcrumb\",\"itemListElement\":[{\"@type\":\"ListItem\",\"position\":1,\"name\":\"Portada\",\"item\":\"https:\\\/\\\/iha-race.com\\\/pt-pt\\\/elementor-499\\\/\"},{\"@type\":\"ListItem\",\"position\":2,\"name\":\"Shop\",\"item\":\"https:\\\/\\\/iha-race.com\\\/pt-pt\\\/shop\\\/\"},{\"@type\":\"ListItem\",\"position\":3,\"name\":\"iFlight Mach R5 bra\u00e7o suplente 5mm\\\/6mm\"}]},{\"@type\":\"WebSite\",\"@id\":\"https:\\\/\\\/iha-race.com\\\/pt-pt\\\/#website\",\"url\":\"https:\\\/\\\/iha-race.com\\\/pt-pt\\\/\",\"name\":\"Iha Race\",\"description\":\"Comprar drones de carreras FPV env\u00edos en un d\u00eda desde Espa\u00f1a\",\"publisher\":{\"@id\":\"https:\\\/\\\/iha-race.com\\\/pt-pt\\\/#organization\"},\"potentialAction\":[{\"@type\":\"SearchAction\",\"target\":{\"@type\":\"EntryPoint\",\"urlTemplate\":\"https:\\\/\\\/iha-race.com\\\/pt-pt\\\/?s={search_term_string}\"},\"query-input\":{\"@type\":\"PropertyValueSpecification\",\"valueRequired\":true,\"valueName\":\"search_term_string\"}}],\"inLanguage\":\"pt-PT\"},{\"@type\":\"Organization\",\"@id\":\"https:\\\/\\\/iha-race.com\\\/pt-pt\\\/#organization\",\"name\":\"Iha Race\",\"url\":\"https:\\\/\\\/iha-race.com\\\/pt-pt\\\/\",\"logo\":{\"@type\":\"ImageObject\",\"inLanguage\":\"pt-PT\",\"@id\":\"https:\\\/\\\/iha-race.com\\\/pt-pt\\\/#\\\/schema\\\/logo\\\/image\\\/\",\"url\":\"https:\\\/\\\/iha-race.com\\\/wp-content\\\/uploads\\\/2018\\\/07\\\/iha-race-drones-de-carreras-tienda-comprar-drones.png\",\"contentUrl\":\"https:\\\/\\\/iha-race.com\\\/wp-content\\\/uploads\\\/2018\\\/07\\\/iha-race-drones-de-carreras-tienda-comprar-drones.png\",\"width\":300,\"height\":100,\"caption\":\"Iha Race\"},\"image\":{\"@id\":\"https:\\\/\\\/iha-race.com\\\/pt-pt\\\/#\\\/schema\\\/logo\\\/image\\\/\"}}]}<\/script>\n<!-- \/ Yoast SEO plugin. -->","yoast_head_json":{"title":"iFlight Mach R5 bra\u00e7o suplente 5mm\/6mm - Iha Race","robots":{"index":"index","follow":"follow","max-snippet":"max-snippet:-1","max-image-preview":"max-image-preview:large","max-video-preview":"max-video-preview:-1"},"canonical":"https:\/\/iha-race.com\/pt-pt\/produto\/braco-arme-leve-ifleve-mach-r5-5mm-r5-arm\/","og_locale":"pt_PT","og_type":"article","og_title":"iFlight Mach R5 bra\u00e7o suplente 5mm\/6mm - Iha Race","og_description":"iFlight Mach R5 bra\u00e7o suplente 5mm\/6mm Pe\u00e7a de carbono com 5mm e 6mm de espessura. Ideal para o iFlight Mach R5. O pacote inclui: 1 x par de bra\u00e7os de","og_url":"https:\/\/iha-race.com\/pt-pt\/produto\/braco-arme-leve-ifleve-mach-r5-5mm-r5-arm\/","og_site_name":"Iha Race","article_modified_time":"2026-03-21T11:50:10+00:00","og_image":[{"width":1000,"height":1000,"url":"https:\/\/iha-race.com\/wp-content\/uploads\/2022\/03\/Brazo-de-respuesto-iFlight-Mach-R5-de-5mm.jpg","type":"image\/jpeg"}],"twitter_card":"summary_large_image","schema":{"@context":"https:\/\/schema.org","@graph":[{"@type":"WebPage","@id":"https:\/\/iha-race.com\/pt-pt\/produto\/braco-arme-leve-ifleve-mach-r5-5mm-r5-arm\/","url":"https:\/\/iha-race.com\/pt-pt\/produto\/braco-arme-leve-ifleve-mach-r5-5mm-r5-arm\/","name":"iFlight Mach R5 bra\u00e7o suplente 5mm\/6mm - Iha Race","isPartOf":{"@id":"https:\/\/iha-race.com\/pt-pt\/#website"},"primaryImageOfPage":{"@id":"https:\/\/iha-race.com\/pt-pt\/produto\/braco-arme-leve-ifleve-mach-r5-5mm-r5-arm\/#primaryimage"},"image":{"@id":"https:\/\/iha-race.com\/pt-pt\/produto\/braco-arme-leve-ifleve-mach-r5-5mm-r5-arm\/#primaryimage"},"thumbnailUrl":"https:\/\/iha-race.com\/wp-content\/uploads\/2022\/03\/Brazo-de-respuesto-iFlight-Mach-R5-de-5mm.jpg","datePublished":"2022-03-16T11:25:12+00:00","dateModified":"2026-03-21T11:50:10+00:00","breadcrumb":{"@id":"https:\/\/iha-race.com\/pt-pt\/produto\/braco-arme-leve-ifleve-mach-r5-5mm-r5-arm\/#breadcrumb"},"inLanguage":"pt-PT","potentialAction":[{"@type":"ReadAction","target":["https:\/\/iha-race.com\/pt-pt\/produto\/braco-arme-leve-ifleve-mach-r5-5mm-r5-arm\/"]}]},{"@type":"ImageObject","inLanguage":"pt-PT","@id":"https:\/\/iha-race.com\/pt-pt\/produto\/braco-arme-leve-ifleve-mach-r5-5mm-r5-arm\/#primaryimage","url":"https:\/\/iha-race.com\/wp-content\/uploads\/2022\/03\/Brazo-de-respuesto-iFlight-Mach-R5-de-5mm.jpg","contentUrl":"https:\/\/iha-race.com\/wp-content\/uploads\/2022\/03\/Brazo-de-respuesto-iFlight-Mach-R5-de-5mm.jpg","width":1000,"height":1000,"caption":"comprar o bra\u00e7o de substitui\u00e7\u00e3o mais barato do iFlight Mach R5 5mm"},{"@type":"BreadcrumbList","@id":"https:\/\/iha-race.com\/pt-pt\/produto\/braco-arme-leve-ifleve-mach-r5-5mm-r5-arm\/#breadcrumb","itemListElement":[{"@type":"ListItem","position":1,"name":"Portada","item":"https:\/\/iha-race.com\/pt-pt\/elementor-499\/"},{"@type":"ListItem","position":2,"name":"Shop","item":"https:\/\/iha-race.com\/pt-pt\/shop\/"},{"@type":"ListItem","position":3,"name":"iFlight Mach R5 bra\u00e7o suplente 5mm\/6mm"}]},{"@type":"WebSite","@id":"https:\/\/iha-race.com\/pt-pt\/#website","url":"https:\/\/iha-race.com\/pt-pt\/","name":"Iha Race","description":"Comprar drones de carreras FPV env\u00edos en un d\u00eda desde Espa\u00f1a","publisher":{"@id":"https:\/\/iha-race.com\/pt-pt\/#organization"},"potentialAction":[{"@type":"SearchAction","target":{"@type":"EntryPoint","urlTemplate":"https:\/\/iha-race.com\/pt-pt\/?s={search_term_string}"},"query-input":{"@type":"PropertyValueSpecification","valueRequired":true,"valueName":"search_term_string"}}],"inLanguage":"pt-PT"},{"@type":"Organization","@id":"https:\/\/iha-race.com\/pt-pt\/#organization","name":"Iha Race","url":"https:\/\/iha-race.com\/pt-pt\/","logo":{"@type":"ImageObject","inLanguage":"pt-PT","@id":"https:\/\/iha-race.com\/pt-pt\/#\/schema\/logo\/image\/","url":"https:\/\/iha-race.com\/wp-content\/uploads\/2018\/07\/iha-race-drones-de-carreras-tienda-comprar-drones.png","contentUrl":"https:\/\/iha-race.com\/wp-content\/uploads\/2018\/07\/iha-race-drones-de-carreras-tienda-comprar-drones.png","width":300,"height":100,"caption":"Iha Race"},"image":{"@id":"https:\/\/iha-race.com\/pt-pt\/#\/schema\/logo\/image\/"}}]}},"brands":[{"id":3571,"name":"iFlight","slug":"iflight"}],"_links":{"self":[{"href":"https:\/\/iha-race.com\/pt-pt\/wp-json\/wp\/v2\/product\/114254","targetHints":{"allow":["GET"]}}],"collection":[{"href":"https:\/\/iha-race.com\/pt-pt\/wp-json\/wp\/v2\/product"}],"about":[{"href":"https:\/\/iha-race.com\/pt-pt\/wp-json\/wp\/v2\/types\/product"}],"replies":[{"embeddable":true,"href":"https:\/\/iha-race.com\/pt-pt\/wp-json\/wp\/v2\/comments?post=114254"}],"version-history":[{"count":3,"href":"https:\/\/iha-race.com\/pt-pt\/wp-json\/wp\/v2\/product\/114254\/revisions"}],"predecessor-version":[{"id":252579,"href":"https:\/\/iha-race.com\/pt-pt\/wp-json\/wp\/v2\/product\/114254\/revisions\/252579"}],"wp:featuredmedia":[{"embeddable":true,"href":"https:\/\/iha-race.com\/pt-pt\/wp-json\/wp\/v2\/media\/108088"}],"wp:attachment":[{"href":"https:\/\/iha-race.com\/pt-pt\/wp-json\/wp\/v2\/media?parent=114254"}],"wp:term":[{"taxonomy":"pwb-brand","embeddable":true,"href":"https:\/\/iha-race.com\/pt-pt\/wp-json\/wp\/v2\/pwb-brand?post=114254"},{"taxonomy":"product_cat","embeddable":true,"href":"https:\/\/iha-race.com\/pt-pt\/wp-json\/wp\/v2\/product_cat?post=114254"},{"taxonomy":"product_tag","embeddable":true,"href":"https:\/\/iha-race.com\/pt-pt\/wp-json\/wp\/v2\/product_tag?post=114254"}],"curies":[{"name":"wp","href":"https:\/\/api.w.org\/{rel}","templated":true}]}}