{"id":114185,"date":"2022-02-15T10:56:48","date_gmt":"2022-02-15T09:56:48","guid":{"rendered":"https:\/\/iha-race.com\/producto\/protek60-pro-hd-6s-cinelifter-c-unidade-de-ar-dji-bnf\/"},"modified":"2024-08-29T12:09:45","modified_gmt":"2024-08-29T10:09:45","slug":"protek60-pro-hd-6s-cinelifter-w-dji-air-unit-bnf","status":"publish","type":"product","link":"https:\/\/iha-race.com\/pt-pt\/produto\/protek60-pro-hd-6s-cinelifter-w-dji-air-unit-bnf\/","title":{"rendered":"ProTek60 Pro HD 6S Cinelifter c\/ unidade de ar DJI &#8211; BNF"},"content":{"rendered":"<h1>ProTek60 Pro HD 6S Cinelifter c\/ unidade de ar DJI &#8211; BNF<\/h1>\n<ul>\n<li><strong>TEMPO DE ESPERA PARA O SERVI\u00c7O E ENTREGA DO ZANG\u00c3O: <\/strong><span style=\"color: #ff0000;\">2 a 3 semanas<\/span><\/li>\n<\/ul>\n<h3 class=\"product-property-title\">Descri\u00e7\u00e3o do produto:<\/h3>\n<p>  Quase como algo sa\u00eddo do filme de 1989 <em>&#8220;Querida, encolhi os mi\u00fados&#8221;<\/em>. As coisas est\u00e3o a ficar grandes! Apresentamos o \u00faltimo membro da nossa fam\u00edlia ProTek, o novo iFlight ProTek60 Cinelifter! Percorremos um longo caminho com c\u00e2maras de ac\u00e7\u00e3o, fornecendo uma qualidade excepcional com baixo peso e tamanho reduzido. Mas quer tornar-se profissional ou filmar alguns an\u00fancios publicit\u00e1rios, talvez ir para a videografia cinematogr\u00e1fica? Bem, ent\u00e3o precisa de intensificar o seu jogo. Estas c\u00e2maras oferecem lentes de maior qualidade mas maiores, mais peso em troca de toda a gama din\u00e2mica, perfis de cor e filmagens n\u00edtidas que possa querer. Este kit foi concebido para um Komodo, Zcam, BMPCC ou mesmo um GH5. Encaixa bem, seguro e apertado.  <\/p>\n<ul>\n<li><strong>Tamanho recomendado da bateria:<\/strong> 6S 3700mAh &#8211; 6S 4400mAh<\/li>\n<li><strong>Tempo de voo estimado:<\/strong> 3-6 min (dependendo do peso da bateria e da descolagem)<\/li>\n<\/ul>\n<p>&nbsp;<\/p>\n<h3>Destaques e caracter\u00edsticas:<\/h3>\n<ul>\n<li>H\u00e9lices protegidas para uso interior e exterior, protegendo tudo o que possa esbarrar contra cortes desagrad\u00e1veis<\/li>\n<li>Suporte e acess\u00f3rios universais para uma vasta gama de c\u00e2maras a instalar<\/li>\n<li>iFlight ESC Comandante PCB<\/li>\n<li>Quadro de distribui\u00e7\u00e3o de energia com alta capacidade e dissipa\u00e7\u00e3o de calor<\/li>\n<li>Controladores de motor ESC individuais de classe X para mais pot\u00eancia e fiabilidade<\/li>\n<li>Tamanho grande XING2 3110<\/li>\n<li>Motores de pot\u00eancia com elevadores extremos e desempenho de voo<\/li>\n<li>M\u00f3dulo GPS pr\u00e9-instalado (fun\u00e7\u00e3o de salvamento BF GPS ou RTH GPS INAV dispon\u00edvel)<\/li>\n<li>At\u00e9 110 km\/h.<\/li>\n<li>1,5 kg de carga \u00fatil<\/li>\n<li>Peso total \u00e0 descolagem: at\u00e9 3,5 kg (MTOW m\u00e1ximo recomendado)<\/li>\n<\/ul>\n<p>&nbsp;<\/p>\n<h3>Especifica\u00e7\u00f5es ProTek60 Pro BNF:<\/h3>\n<ul>\n<li>BLITZ F7 Controlador de Voo<\/li>\n<li><span style=\"color: #636363; font-family: sans-serif;\">SucceX X80A ESC da classe X  <\/span><\/li>\n<li>Motor: XING2 3110 1600KV<\/li>\n<li>M\u00f3dulo GPS: iFlight M8Q-5883-GPS &amp; Compass V2.0<\/li>\n<li>Dist\u00e2ncia entre eixos: 282 mm<\/li>\n<li>Tamanho do corpo: 380*351mm<\/li>\n<li>Espa\u00e7amento entre as placas superiores e inferiores: 35 mm (altura da fenda de alum\u00ednio)<\/li>\n<li>Tamanho da h\u00e9lice: 6 polegadas<\/li>\n<li>Peso: 1330g (sem bateria)<\/li>\n<\/ul>\n<p>&nbsp;<\/p>\n<h3>FC \/\/ BLITZ F7<\/h3>\n<ul>\n<li>UCM: STM32 F722<\/li>\n<li>Girosc\u00f3pio: MPU6000<\/li>\n<li>Bar\u00e3o: N\u00c3O<\/li>\n<li>OSD: AT7456E<\/li>\n<li>BCE: 5V 2.5A<\/li>\n<li>Caixa negra: 32 MB<\/li>\n<li>UART: 6<\/li>\n<li>Suporte de protocolo VTX de \u00e1udio inteligente\/IRC Tramp VTX<\/li>\n<li>Fita LED WS2812: Sim<\/li>\n<li>Bepper: Sim<\/li>\n<li>Objectivo do firmware: IFRC-IFLIGHT_IFLIGHT_BLITZ_F722<\/li>\n<li>Padr\u00e3o de montagem: 30,5&#215;30,5 mm\/\u03c64<\/li>\n<li>Dimens\u00f5es: 36,5x35mm<\/li>\n<li>Peso: 7,8 g<\/li>\n<\/ul>\n<p>&nbsp;<\/p>\n<h3>ESC \/\/ iFlight ESC Commander PCB (4x SucceX X80A)<\/h3>\n<ul>\n<li>UCM: G071<\/li>\n<li>Capacit\u00e2ncia por ESC: total 240UF ESR baixo<\/li>\n<li>Sensor de corrente: Sim<\/li>\n<li>Entrada: 2-8S LIPO<\/li>\n<li>BlHeli32 telemetria: Sim<\/li>\n<li>BEC: N\u00e3o<\/li>\n<li>Suporta unidades PWM at\u00e9 DShot DShot150\/300\/300\/600\/1200\/MultiShot\/OneShot<\/li>\n<li>Objectivo do Firmware: iFlight-BL32-PRO<\/li>\n<li>Peso: 8.1g<\/li>\n<li>Dimens\u00e3o: 40x17mm<\/li>\n<\/ul>\n<p>&nbsp;<\/p>\n<h3>ProTek60 Pro HD BNF Componentes e pe\u00e7as inclu\u00eddas<\/h3>\n<ul>\n<li>ProTek60 Pro pr\u00e9-constru\u00eddo e testado<\/li>\n<li>1 x Fullsend X 6S 70C 4400mAh<\/li>\n<li>1 x m\u00f3dulo compressor DJI FPV + c\u00e2mara<\/li>\n<li>2 x Albatross LHCP 5.8GHz 100mm SMA FPV antenae<\/li>\n<li>4 x H\u00e9lices 6x4x3 (a cor pode variar)<\/li>\n<li>2 x correia iFlight Lipo 20*295mm (Preto)<\/li>\n<li>1 x montagem r\u00e1pida da bateria<\/li>\n<li>1 x chave de porcas.<\/li>\n<li>1 x XT90 cabo adaptador macho para XT60 cabo adaptador f\u00eamea.<\/li>\n<\/ul>\n<h4>Nota:<\/h4>\n<ul>\n<li>Todos os iFlight BNF s\u00e3o testados antes do envio para garantir a mais alta qualidade.<\/li>\n<\/ul>\n<div id=\"collapse-description\" class=\"desc-collapse showup\">\n<p>&nbsp;<\/p>\n<p><img decoding=\"async\" src=\"https:\/\/shop.iflight-rc.com\/image\/catalog\/product\/ProTek60-Pro\/ProTek60-description-1.jpg\"><\/p>\n<p><img decoding=\"async\" src=\"https:\/\/shop.iflight-rc.com\/image\/catalog\/product\/ProTek60-Pro\/ProTek60-description-2.jpg\"><img decoding=\"async\" src=\"https:\/\/shop.iflight-rc.com\/image\/catalog\/product\/ProTek60-Pro\/ProTek60-description-4.jpg\"><img decoding=\"async\" src=\"https:\/\/shop.iflight-rc.com\/image\/catalog\/product\/ProTek60-Pro\/ProTek60-description-5.jpg\"><img decoding=\"async\" src=\"https:\/\/shop.iflight-rc.com\/image\/catalog\/product\/ProTek60-Pro\/ProTek60-description-6.jpg\"><img decoding=\"async\" src=\"https:\/\/shop.iflight-rc.com\/image\/catalog\/product\/ProTek60-Pro\/ProTek60-description-7.jpg\"><img decoding=\"async\" src=\"https:\/\/shop.iflight-rc.com\/image\/catalog\/product\/ProTek60-Pro\/ProTek60-description-8.jpg\"><img decoding=\"async\" src=\"https:\/\/shop.iflight-rc.com\/image\/catalog\/product\/ProTek60-Pro\/ProTek60-description-9.jpg\"><\/p>\n<\/div>\n<p>&nbsp;  https:\/\/youtu.be\/iTys0aiZ7U8 https:\/\/youtu.be\/a337vQ7VrRI<\/p>\n","protected":false},"excerpt":{"rendered":"<p>Quase como algo do filme <em>&#8220;Honey, I Shrunk the Kids<\/em> &#8221; de 1989. As coisas est\u00e3o a ficar grandes! Apresentamos o \u00faltimo membro da nossa fam\u00edlia ProTek, o novo iFlight ProTek60 Cinelifter!<\/p>\n","protected":false},"featured_media":107644,"comment_status":"open","ping_status":"closed","template":"","meta":{"_joinchat":[]},"pwb-brand":[3571],"product_cat":[1458,3674],"product_tag":[],"class_list":{"0":"post-114185","1":"product","2":"type-product","3":"status-publish","4":"has-post-thumbnail","6":"pwb-brand-iflight","7":"product_cat-fpv-drones","8":"product_cat-rtf-montado","10":"first","11":"instock","12":"taxable","13":"shipping-taxable","14":"purchasable","15":"product-type-simple"},"barcode":null,"atum_controlled":true,"out_stock_date":null,"out_stock_threshold":null,"inheritable":false,"stock_on_hold":0,"sold_today":0,"sales_last_days":0,"out_stock_days":0,"lost_sales":0,"update_date":"2026-04-18T22:03:27","atum_locations":[],"atum_stock_status":"instock","restock_status":false,"low_stock_amount":"","sales_update_date":"2026-04-18T22:03:27","calc_backorders":null,"yoast_head":"<!-- This site is optimized with the Yoast SEO plugin v27.3 - https:\/\/yoast.com\/product\/yoast-seo-wordpress\/ -->\n<title>ProTek60 Pro HD 6S Cinelifter c\/ unidade de ar DJI - BNF - Iha Race<\/title>\n<meta name=\"robots\" content=\"index, follow, max-snippet:-1, max-image-preview:large, max-video-preview:-1\" \/>\n<link rel=\"canonical\" href=\"https:\/\/iha-race.com\/pt-pt\/produto\/protek60-pro-hd-6s-cinelifter-w-dji-air-unit-bnf\/\" \/>\n<meta property=\"og:locale\" content=\"pt_PT\" \/>\n<meta property=\"og:type\" content=\"article\" \/>\n<meta property=\"og:title\" content=\"ProTek60 Pro HD 6S Cinelifter c\/ unidade de ar DJI - BNF - Iha Race\" \/>\n<meta property=\"og:description\" content=\"Quase como algo do filme &quot;Honey, I Shrunk the Kids &quot; de 1989. As coisas est\u00e3o a ficar grandes! Apresentamos o \u00faltimo membro da nossa fam\u00edlia ProTek, o novo iFlight ProTek60 Cinelifter!\" \/>\n<meta property=\"og:url\" content=\"https:\/\/iha-race.com\/pt-pt\/produto\/protek60-pro-hd-6s-cinelifter-w-dji-air-unit-bnf\/\" \/>\n<meta property=\"og:site_name\" content=\"Iha Race\" \/>\n<meta property=\"article:modified_time\" content=\"2024-08-29T10:09:45+00:00\" \/>\n<meta property=\"og:image\" content=\"https:\/\/iha-race.com\/wp-content\/uploads\/2022\/02\/Protek60-PRO-2-1000x1000-1.webp\" \/>\n\t<meta property=\"og:image:width\" content=\"1000\" \/>\n\t<meta property=\"og:image:height\" content=\"1000\" \/>\n\t<meta property=\"og:image:type\" content=\"image\/webp\" \/>\n<meta name=\"twitter:card\" content=\"summary_large_image\" \/>\n<meta name=\"twitter:label1\" content=\"Tempo estimado de leitura\" \/>\n\t<meta name=\"twitter:data1\" content=\"3 minutos\" \/>\n<script type=\"application\/ld+json\" class=\"yoast-schema-graph\">{\"@context\":\"https:\\\/\\\/schema.org\",\"@graph\":[{\"@type\":\"WebPage\",\"@id\":\"https:\\\/\\\/iha-race.com\\\/pt-pt\\\/produto\\\/protek60-pro-hd-6s-cinelifter-w-dji-air-unit-bnf\\\/\",\"url\":\"https:\\\/\\\/iha-race.com\\\/pt-pt\\\/produto\\\/protek60-pro-hd-6s-cinelifter-w-dji-air-unit-bnf\\\/\",\"name\":\"ProTek60 Pro HD 6S Cinelifter c\\\/ unidade de ar DJI - BNF - Iha Race\",\"isPartOf\":{\"@id\":\"https:\\\/\\\/iha-race.com\\\/pt-pt\\\/#website\"},\"primaryImageOfPage\":{\"@id\":\"https:\\\/\\\/iha-race.com\\\/pt-pt\\\/produto\\\/protek60-pro-hd-6s-cinelifter-w-dji-air-unit-bnf\\\/#primaryimage\"},\"image\":{\"@id\":\"https:\\\/\\\/iha-race.com\\\/pt-pt\\\/produto\\\/protek60-pro-hd-6s-cinelifter-w-dji-air-unit-bnf\\\/#primaryimage\"},\"thumbnailUrl\":\"https:\\\/\\\/iha-race.com\\\/wp-content\\\/uploads\\\/2022\\\/02\\\/Protek60-PRO-2-1000x1000-1.webp\",\"datePublished\":\"2022-02-15T09:56:48+00:00\",\"dateModified\":\"2024-08-29T10:09:45+00:00\",\"breadcrumb\":{\"@id\":\"https:\\\/\\\/iha-race.com\\\/pt-pt\\\/produto\\\/protek60-pro-hd-6s-cinelifter-w-dji-air-unit-bnf\\\/#breadcrumb\"},\"inLanguage\":\"pt-PT\",\"potentialAction\":[{\"@type\":\"ReadAction\",\"target\":[\"https:\\\/\\\/iha-race.com\\\/pt-pt\\\/produto\\\/protek60-pro-hd-6s-cinelifter-w-dji-air-unit-bnf\\\/\"]}]},{\"@type\":\"ImageObject\",\"inLanguage\":\"pt-PT\",\"@id\":\"https:\\\/\\\/iha-race.com\\\/pt-pt\\\/produto\\\/protek60-pro-hd-6s-cinelifter-w-dji-air-unit-bnf\\\/#primaryimage\",\"url\":\"https:\\\/\\\/iha-race.com\\\/wp-content\\\/uploads\\\/2022\\\/02\\\/Protek60-PRO-2-1000x1000-1.webp\",\"contentUrl\":\"https:\\\/\\\/iha-race.com\\\/wp-content\\\/uploads\\\/2022\\\/02\\\/Protek60-PRO-2-1000x1000-1.webp\",\"width\":1000,\"height\":1000,\"caption\":\"Comprar ProTek60 Pro HD 6S Cinelifter\"},{\"@type\":\"BreadcrumbList\",\"@id\":\"https:\\\/\\\/iha-race.com\\\/pt-pt\\\/produto\\\/protek60-pro-hd-6s-cinelifter-w-dji-air-unit-bnf\\\/#breadcrumb\",\"itemListElement\":[{\"@type\":\"ListItem\",\"position\":1,\"name\":\"Portada\",\"item\":\"https:\\\/\\\/iha-race.com\\\/pt-pt\\\/elementor-499\\\/\"},{\"@type\":\"ListItem\",\"position\":2,\"name\":\"Shop\",\"item\":\"https:\\\/\\\/iha-race.com\\\/pt-pt\\\/shop\\\/\"},{\"@type\":\"ListItem\",\"position\":3,\"name\":\"ProTek60 Pro HD 6S Cinelifter c\\\/ unidade de ar DJI &#8211; BNF\"}]},{\"@type\":\"WebSite\",\"@id\":\"https:\\\/\\\/iha-race.com\\\/pt-pt\\\/#website\",\"url\":\"https:\\\/\\\/iha-race.com\\\/pt-pt\\\/\",\"name\":\"Iha Race\",\"description\":\"Comprar drones de carreras FPV env\u00edos en un d\u00eda desde Espa\u00f1a\",\"publisher\":{\"@id\":\"https:\\\/\\\/iha-race.com\\\/pt-pt\\\/#organization\"},\"potentialAction\":[{\"@type\":\"SearchAction\",\"target\":{\"@type\":\"EntryPoint\",\"urlTemplate\":\"https:\\\/\\\/iha-race.com\\\/pt-pt\\\/?s={search_term_string}\"},\"query-input\":{\"@type\":\"PropertyValueSpecification\",\"valueRequired\":true,\"valueName\":\"search_term_string\"}}],\"inLanguage\":\"pt-PT\"},{\"@type\":\"Organization\",\"@id\":\"https:\\\/\\\/iha-race.com\\\/pt-pt\\\/#organization\",\"name\":\"Iha Race\",\"url\":\"https:\\\/\\\/iha-race.com\\\/pt-pt\\\/\",\"logo\":{\"@type\":\"ImageObject\",\"inLanguage\":\"pt-PT\",\"@id\":\"https:\\\/\\\/iha-race.com\\\/pt-pt\\\/#\\\/schema\\\/logo\\\/image\\\/\",\"url\":\"https:\\\/\\\/iha-race.com\\\/wp-content\\\/uploads\\\/2018\\\/07\\\/iha-race-drones-de-carreras-tienda-comprar-drones.png\",\"contentUrl\":\"https:\\\/\\\/iha-race.com\\\/wp-content\\\/uploads\\\/2018\\\/07\\\/iha-race-drones-de-carreras-tienda-comprar-drones.png\",\"width\":300,\"height\":100,\"caption\":\"Iha Race\"},\"image\":{\"@id\":\"https:\\\/\\\/iha-race.com\\\/pt-pt\\\/#\\\/schema\\\/logo\\\/image\\\/\"}}]}<\/script>\n<!-- \/ Yoast SEO plugin. -->","yoast_head_json":{"title":"ProTek60 Pro HD 6S Cinelifter c\/ unidade de ar DJI - BNF - Iha Race","robots":{"index":"index","follow":"follow","max-snippet":"max-snippet:-1","max-image-preview":"max-image-preview:large","max-video-preview":"max-video-preview:-1"},"canonical":"https:\/\/iha-race.com\/pt-pt\/produto\/protek60-pro-hd-6s-cinelifter-w-dji-air-unit-bnf\/","og_locale":"pt_PT","og_type":"article","og_title":"ProTek60 Pro HD 6S Cinelifter c\/ unidade de ar DJI - BNF - Iha Race","og_description":"Quase como algo do filme \"Honey, I Shrunk the Kids \" de 1989. As coisas est\u00e3o a ficar grandes! Apresentamos o \u00faltimo membro da nossa fam\u00edlia ProTek, o novo iFlight ProTek60 Cinelifter!","og_url":"https:\/\/iha-race.com\/pt-pt\/produto\/protek60-pro-hd-6s-cinelifter-w-dji-air-unit-bnf\/","og_site_name":"Iha Race","article_modified_time":"2024-08-29T10:09:45+00:00","og_image":[{"width":1000,"height":1000,"url":"https:\/\/iha-race.com\/wp-content\/uploads\/2022\/02\/Protek60-PRO-2-1000x1000-1.webp","type":"image\/webp"}],"twitter_card":"summary_large_image","twitter_misc":{"Tempo estimado de leitura":"3 minutos"},"schema":{"@context":"https:\/\/schema.org","@graph":[{"@type":"WebPage","@id":"https:\/\/iha-race.com\/pt-pt\/produto\/protek60-pro-hd-6s-cinelifter-w-dji-air-unit-bnf\/","url":"https:\/\/iha-race.com\/pt-pt\/produto\/protek60-pro-hd-6s-cinelifter-w-dji-air-unit-bnf\/","name":"ProTek60 Pro HD 6S Cinelifter c\/ unidade de ar DJI - BNF - Iha Race","isPartOf":{"@id":"https:\/\/iha-race.com\/pt-pt\/#website"},"primaryImageOfPage":{"@id":"https:\/\/iha-race.com\/pt-pt\/produto\/protek60-pro-hd-6s-cinelifter-w-dji-air-unit-bnf\/#primaryimage"},"image":{"@id":"https:\/\/iha-race.com\/pt-pt\/produto\/protek60-pro-hd-6s-cinelifter-w-dji-air-unit-bnf\/#primaryimage"},"thumbnailUrl":"https:\/\/iha-race.com\/wp-content\/uploads\/2022\/02\/Protek60-PRO-2-1000x1000-1.webp","datePublished":"2022-02-15T09:56:48+00:00","dateModified":"2024-08-29T10:09:45+00:00","breadcrumb":{"@id":"https:\/\/iha-race.com\/pt-pt\/produto\/protek60-pro-hd-6s-cinelifter-w-dji-air-unit-bnf\/#breadcrumb"},"inLanguage":"pt-PT","potentialAction":[{"@type":"ReadAction","target":["https:\/\/iha-race.com\/pt-pt\/produto\/protek60-pro-hd-6s-cinelifter-w-dji-air-unit-bnf\/"]}]},{"@type":"ImageObject","inLanguage":"pt-PT","@id":"https:\/\/iha-race.com\/pt-pt\/produto\/protek60-pro-hd-6s-cinelifter-w-dji-air-unit-bnf\/#primaryimage","url":"https:\/\/iha-race.com\/wp-content\/uploads\/2022\/02\/Protek60-PRO-2-1000x1000-1.webp","contentUrl":"https:\/\/iha-race.com\/wp-content\/uploads\/2022\/02\/Protek60-PRO-2-1000x1000-1.webp","width":1000,"height":1000,"caption":"Comprar ProTek60 Pro HD 6S Cinelifter"},{"@type":"BreadcrumbList","@id":"https:\/\/iha-race.com\/pt-pt\/produto\/protek60-pro-hd-6s-cinelifter-w-dji-air-unit-bnf\/#breadcrumb","itemListElement":[{"@type":"ListItem","position":1,"name":"Portada","item":"https:\/\/iha-race.com\/pt-pt\/elementor-499\/"},{"@type":"ListItem","position":2,"name":"Shop","item":"https:\/\/iha-race.com\/pt-pt\/shop\/"},{"@type":"ListItem","position":3,"name":"ProTek60 Pro HD 6S Cinelifter c\/ unidade de ar DJI &#8211; BNF"}]},{"@type":"WebSite","@id":"https:\/\/iha-race.com\/pt-pt\/#website","url":"https:\/\/iha-race.com\/pt-pt\/","name":"Iha Race","description":"Comprar drones de carreras FPV env\u00edos en un d\u00eda desde Espa\u00f1a","publisher":{"@id":"https:\/\/iha-race.com\/pt-pt\/#organization"},"potentialAction":[{"@type":"SearchAction","target":{"@type":"EntryPoint","urlTemplate":"https:\/\/iha-race.com\/pt-pt\/?s={search_term_string}"},"query-input":{"@type":"PropertyValueSpecification","valueRequired":true,"valueName":"search_term_string"}}],"inLanguage":"pt-PT"},{"@type":"Organization","@id":"https:\/\/iha-race.com\/pt-pt\/#organization","name":"Iha Race","url":"https:\/\/iha-race.com\/pt-pt\/","logo":{"@type":"ImageObject","inLanguage":"pt-PT","@id":"https:\/\/iha-race.com\/pt-pt\/#\/schema\/logo\/image\/","url":"https:\/\/iha-race.com\/wp-content\/uploads\/2018\/07\/iha-race-drones-de-carreras-tienda-comprar-drones.png","contentUrl":"https:\/\/iha-race.com\/wp-content\/uploads\/2018\/07\/iha-race-drones-de-carreras-tienda-comprar-drones.png","width":300,"height":100,"caption":"Iha Race"},"image":{"@id":"https:\/\/iha-race.com\/pt-pt\/#\/schema\/logo\/image\/"}}]}},"jetpack_sharing_enabled":true,"brands":[{"id":3571,"name":"iFlight","slug":"iflight"}],"_links":{"self":[{"href":"https:\/\/iha-race.com\/pt-pt\/wp-json\/wp\/v2\/product\/114185","targetHints":{"allow":["GET"]}}],"collection":[{"href":"https:\/\/iha-race.com\/pt-pt\/wp-json\/wp\/v2\/product"}],"about":[{"href":"https:\/\/iha-race.com\/pt-pt\/wp-json\/wp\/v2\/types\/product"}],"replies":[{"embeddable":true,"href":"https:\/\/iha-race.com\/pt-pt\/wp-json\/wp\/v2\/comments?post=114185"}],"version-history":[{"count":2,"href":"https:\/\/iha-race.com\/pt-pt\/wp-json\/wp\/v2\/product\/114185\/revisions"}],"predecessor-version":[{"id":249221,"href":"https:\/\/iha-race.com\/pt-pt\/wp-json\/wp\/v2\/product\/114185\/revisions\/249221"}],"wp:featuredmedia":[{"embeddable":true,"href":"https:\/\/iha-race.com\/pt-pt\/wp-json\/wp\/v2\/media\/107644"}],"wp:attachment":[{"href":"https:\/\/iha-race.com\/pt-pt\/wp-json\/wp\/v2\/media?parent=114185"}],"wp:term":[{"taxonomy":"pwb-brand","embeddable":true,"href":"https:\/\/iha-race.com\/pt-pt\/wp-json\/wp\/v2\/pwb-brand?post=114185"},{"taxonomy":"product_cat","embeddable":true,"href":"https:\/\/iha-race.com\/pt-pt\/wp-json\/wp\/v2\/product_cat?post=114185"},{"taxonomy":"product_tag","embeddable":true,"href":"https:\/\/iha-race.com\/pt-pt\/wp-json\/wp\/v2\/product_tag?post=114185"}],"curies":[{"name":"wp","href":"https:\/\/api.w.org\/{rel}","templated":true}]}}