{"id":114168,"date":"2022-01-10T10:18:57","date_gmt":"2022-01-10T09:18:57","guid":{"rendered":"https:\/\/iha-race.com\/producto\/lumenier-duality-dual-mox-hd-5-8ghz-antena-combo-4-pecas\/"},"modified":"2024-08-29T12:10:59","modified_gmt":"2024-08-29T10:10:59","slug":"combinacao-de-antenas-lumenier-duality-dual-dual-mox-hd-5-8ghz-4-pecas","status":"publish","type":"product","link":"https:\/\/iha-race.com\/pt-pt\/produto\/combinacao-de-antenas-lumenier-duality-dual-dual-mox-hd-5-8ghz-4-pecas\/","title":{"rendered":"Duplo Lumenier Duality DUAL-MOX HD 5.8GHz combo de antenas"},"content":{"rendered":"<h2>Duplo Lumenier Duality DUAL-MOX HD 5.8GHz combo de antenas<\/h2>\n<p>  A <strong>antena Lumenier Duality DUAL-MOX HD 5.8GHz dual band high gain<\/strong> <strong>four-pack<\/strong> \u00e9 para os DJI FPV Goggles V2. A DUAL-MOX \u00e9 uma antena direccional linear concebida especificamente como uma actualiza\u00e7\u00e3o para os \u00f3culos de protec\u00e7\u00e3o para DJI FPV Drone Goggles. As antenas de dualidade proporcionam uma recep\u00e7\u00e3o melhorada de 5,8Ghz num factor de forma compacta. \u00c9 verdade, esta antena funciona em <em>ambas as<\/em> frequ\u00eancias 5.8! A antena Lumenier Duality DUAL-MOX HD foi criada em parceria com o designer de antenas mundialmente conhecido Hugo de TrueRC para lhe trazer esta antena p\u00f3s-venda de banda dupla concebida como um substituto directo e actualiza\u00e7\u00e3o para as suas antenas DJI de stock encontradas nos \u00f3culos DJI FPV V2. A antena Duality foi constru\u00edda desde o ch\u00e3o para ser um par perfeito para \u00f3culos de DJI. As antenas de dualidade s\u00e3o de encaixe de forma, de baixo perfil, de cor adaptada, de liga\u00e7\u00e3o directa RP-SMA e todas com melhor desempenho. A Duality DUAL-MOX HD \u00e9 uma antena direccional linear, concebida a pensar na transmiss\u00e3o \/ recep\u00e7\u00e3o digital HD. Al\u00e9m disso, existem tamb\u00e9m 2 antenas numa que pode funcionar eficazmente como antena de 2,4GHz e 5,8GHz. O Lumenier Duality DUAL-MOX HD foi ainda mais personalizado para caber directamente nos \u00d3culos de DJI FPV V2. O Duality DUAL MOX HD vem com um conector RP-SMA pronto a ligar, concebido para aparafusar directamente e com seguran\u00e7a nos \u00f3culos de protec\u00e7\u00e3o DJI. N\u00e3o s\u00e3o necess\u00e1rios adaptadores! Isto torna-a uma configura\u00e7\u00e3o ultra-compacta e eficiente, uma vez que n\u00e3o precisa de perder qualquer dB com adaptadores adicionais.  <em><strong>Nota: Os \u00f3culos N\u00c3O est\u00e3o inclu\u00eddos.<\/strong><\/em><\/p>\n<p><img fetchpriority=\"high\" decoding=\"async\" class=\"alignnone wp-image-73206 size-large\" src=\"https:\/\/iha-race.com\/wp-content\/uploads\/2022\/01\/1-1-1024x683.jpg\" alt=\"\" width=\"840\" height=\"560\" srcset=\"https:\/\/iha-race.com\/wp-content\/uploads\/2022\/01\/1-1-1024x683.jpg 1024w, https:\/\/iha-race.com\/wp-content\/uploads\/2022\/01\/1-1-300x200.jpg 300w, https:\/\/iha-race.com\/wp-content\/uploads\/2022\/01\/1-1-768x512.jpg 768w, https:\/\/iha-race.com\/wp-content\/uploads\/2022\/01\/1-1-1536x1024.jpg 1536w, https:\/\/iha-race.com\/wp-content\/uploads\/2022\/01\/1-1-2048x1365.jpg 2048w, https:\/\/iha-race.com\/wp-content\/uploads\/2022\/01\/1-1-225x150.jpg 225w, https:\/\/iha-race.com\/wp-content\/uploads\/2022\/01\/1-1-100x67.jpg 100w, https:\/\/iha-race.com\/wp-content\/uploads\/2022\/01\/1-1-525x350.jpg 525w, https:\/\/iha-race.com\/wp-content\/uploads\/2022\/01\/1-1-788x525.jpg 788w, https:\/\/iha-race.com\/wp-content\/uploads\/2022\/01\/1-1-600x400.jpg 600w, https:\/\/iha-race.com\/wp-content\/uploads\/2022\/01\/1-1.jpg 1200w\" sizes=\"(max-width: 840px) 100vw, 840px\" \/><\/p>\n<h2>Caracter\u00edsticas<\/h2>\n<ul>\n<li>Antena direccional de alto ganho<\/li>\n<li>Tecnologia de banda dupla (2,4 \/ 5,8GHz)<\/li>\n<li>Engenharia da qualidade<\/li>\n<li>Afina\u00e7\u00e3o de precis\u00e3o<\/li>\n<li>Melhor actualiza\u00e7\u00e3o de antena de dupla banda de longo alcance para DJI FPV drone<\/li>\n<li>Tamb\u00e9m funciona muito bem como uma actualiza\u00e7\u00e3o da antena transmissora de longo alcance 2,4GHz para o <a href=\"https:\/\/www.getfpv.com\/tbs-tracer-micro-tx.htmlhttps:\/\/www.getfpv.com\/tbs-tracer-micro-tx.html\">TBS Tracer TX<\/a>.<\/li>\n<\/ul>\n<h3><strong>Tecnologia de antena de banda dupla<\/strong><\/h3>\n<p>  Conceber uma antena de banda \u00fanica com um desempenho t\u00e3o incr\u00edvel j\u00e1 \u00e9 dif\u00edcil, mas faz\u00ea-lo numa rede de banda dupla \u00e9 quase imposs\u00edvel.  <em>At\u00e9 agora!<\/em>  A antena Duality inclui uma das redes de banda dupla mais avan\u00e7adas atualmente dispon\u00edveis. N\u00e3o s\u00f3 tem um desempenho inigual\u00e1vel, como conseguiu faz\u00ea-lo num pacote ultra-compacto de 5g. Enquanto outras antenas fazem sacrif\u00edcios para reduzir o tamanho, o design da antena Duality consegue manter todas as vantagens sendo incrivelmente pequena.  <\/p>\n<h3><strong>Afina\u00e7\u00e3o de precis\u00e3o<\/strong><\/h3>\n<p>  Todas as antenas Duality v\u00eam de f\u00e1brica com um controlo de qualidade preciso durante e ap\u00f3s a montagem. Grampos de reten\u00e7\u00e3o de pl\u00e1stico moldado adicionam suporte adicional ao cabo semi-r\u00edgido no ponto de liga\u00e7\u00e3o da soldadura. Bom n\u00e3o \u00e9 suficientemente bom, a Lumenier e a TrueRC levaram-no para o pr\u00f3ximo n\u00edvel de fabrico de precis\u00e3o.  <\/p>\n<h3><strong>Engenharia de qualidade com materiais de alta qualidade<\/strong><\/h3>\n<p>  As antenas Lumenier Duality s\u00e3o feitas de materiais de alta qualidade e de baixa perda. O material \u00e9 a chave para uma antena de boa qualidade, e ainda mais quando se trata de desempenho. Esta tecnologia, juntamente com o fabrico de precis\u00e3o, resulta numa antena de recep\u00e7\u00e3o de classe mundial. Foi concebido para funcionar com os \u00f3culos DJI HD FPV para 2,4 e 5,8 GHz, e \u00e9 capaz de receber sinais at\u00e9 muitos quil\u00f3metros de dist\u00e2ncia.  <\/p>\n<h2><strong>Especifica\u00e7\u00f5es<\/strong><\/h2>\n<ul>\n<li><strong>Largura de banda:<\/strong> 2,4GHz-2,5GHz e 5,65GHz-5,925GHz<\/li>\n<li><strong>Ganho:<\/strong> 5.9dBic<\/li>\n<li><strong>Largura do feixe:<\/strong> Horizontal: 120 graus Vertical: 80 graus<\/li>\n<li><strong>Peso:<\/strong> 7 g (por pe\u00e7a)<\/li>\n<li><strong>Efici\u00eancia da radia\u00e7\u00e3o:<\/strong> at\u00e9 99%.<\/li>\n<li><strong>Dimens\u00f5es:<\/strong> 78x39mm<\/li>\n<li><strong>Conector:<\/strong> RP-SMA<\/li>\n<li><strong>Polariza\u00e7\u00e3o:<\/strong> linear<\/li>\n<li><strong>ROE:<\/strong> &lt;= 1.5: 1<\/li>\n<\/ul>\n<p><em>* Patente pendente de desenho<\/em><\/p>\n<h2><strong>O pacote inclui<\/strong><\/h2>\n<ul type=\"disc\">\n<li>1 x Dualidade Lumenier DUAL-MOX HD 5,8 GHz banda dupla, antenas de alto ganho<\/li>\n<\/ul>\n<p>  o  <\/p>\n<ul type=\"disc\">\n<li>4 x Dualidade Lumenier DUAL-MOX HD 5,8 GHz banda dupla, antenas de alto ganho<\/li>\n<\/ul>\n<h2>V\u00eddeos<\/h2>\n<p>  https:\/\/youtu.be\/pxr3LOh653I https:\/\/youtu.be\/If3yG_IRsLA  &nbsp;<\/p>\n<p>&nbsp;<\/p>\n","protected":false},"excerpt":{"rendered":"<p>O <strong>Lumenier Duality Duality Duality DUAL-MOX HD 5.8GHz de alto ganho de antena de banda dupla de<\/strong> <strong>quatro pacotes<\/strong> \u00e9 para DJI Digital HD FPV Goggles V2. Uma antena direcional concebida especificamente para os DJI FPV Goggles V2.  <\/p>\n<ul>\n<li>Obtenha mais do <strong>dobro da gama em compara\u00e7\u00e3o<\/strong> com as antenas normais de DJI<\/li>\n<li>Antena de alto ganho com amplo campo de vis\u00e3o<\/li>\n<li>Materiais Premium para um melhor desempenho<\/li>\n<\/ul>\n","protected":false},"featured_media":107299,"comment_status":"open","ping_status":"closed","template":"","meta":{"_joinchat":[]},"pwb-brand":[],"product_cat":[1198,1132],"product_tag":[],"class_list":{"0":"post-114168","1":"product","2":"type-product","3":"status-publish","4":"has-post-thumbnail","6":"product_cat-antenas-fpv","7":"product_cat-oculos-de-proteccao-fpv","9":"first","10":"instock","11":"taxable","12":"shipping-taxable","13":"purchasable","14":"product-type-variable"},"barcode":null,"atum_controlled":true,"out_stock_date":null,"out_stock_threshold":null,"inheritable":true,"stock_on_hold":0,"sold_today":0,"sales_last_days":2,"out_stock_days":0,"lost_sales":0,"update_date":"2026-04-16T08:17:07","atum_locations":[],"atum_stock_status":"instock","restock_status":false,"low_stock_amount":"","sales_update_date":"2026-04-16T08:17:07","calc_backorders":null,"yoast_head":"<!-- This site is optimized with the Yoast SEO plugin v27.3 - https:\/\/yoast.com\/product\/yoast-seo-wordpress\/ -->\n<title>Duplo Lumenier Duality DUAL-MOX HD 5.8GHz combo de antenas - Iha Race<\/title>\n<meta name=\"robots\" content=\"index, follow, max-snippet:-1, max-image-preview:large, max-video-preview:-1\" \/>\n<link rel=\"canonical\" href=\"https:\/\/iha-race.com\/pt-pt\/produto\/combinacao-de-antenas-lumenier-duality-dual-dual-mox-hd-5-8ghz-4-pecas\/\" \/>\n<meta property=\"og:locale\" content=\"pt_PT\" \/>\n<meta property=\"og:type\" content=\"article\" \/>\n<meta property=\"og:title\" content=\"Duplo Lumenier Duality DUAL-MOX HD 5.8GHz combo de antenas - Iha Race\" \/>\n<meta property=\"og:description\" content=\"O Lumenier Duality Duality Duality DUAL-MOX HD 5.8GHz de alto ganho de antena de banda dupla de quatro pacotes \u00e9 para DJI Digital HD FPV Goggles V2. Uma antena direcional concebida especificamente para os DJI FPV Goggles V2.   Obtenha mais do dobro da gama em compara\u00e7\u00e3o com as antenas normais de DJI  Antena de alto ganho com amplo campo de vis\u00e3o  Materiais Premium para um melhor desempenho\" \/>\n<meta property=\"og:url\" content=\"https:\/\/iha-race.com\/pt-pt\/produto\/combinacao-de-antenas-lumenier-duality-dual-dual-mox-hd-5-8ghz-4-pecas\/\" \/>\n<meta property=\"og:site_name\" content=\"Iha Race\" \/>\n<meta property=\"article:modified_time\" content=\"2024-08-29T10:10:59+00:00\" \/>\n<meta property=\"og:image\" content=\"https:\/\/iha-race.com\/wp-content\/uploads\/2022\/01\/Combo-de-antena-Lumenier-Duality-DUAL-MOX-HD-5.8GHz-4-piezas.jpg\" \/>\n\t<meta property=\"og:image:width\" content=\"1000\" \/>\n\t<meta property=\"og:image:height\" content=\"1000\" \/>\n\t<meta property=\"og:image:type\" content=\"image\/jpeg\" \/>\n<meta name=\"twitter:card\" content=\"summary_large_image\" \/>\n<meta name=\"twitter:label1\" content=\"Tempo estimado de leitura\" \/>\n\t<meta name=\"twitter:data1\" content=\"3 minutos\" \/>\n<script type=\"application\/ld+json\" class=\"yoast-schema-graph\">{\"@context\":\"https:\\\/\\\/schema.org\",\"@graph\":[{\"@type\":\"WebPage\",\"@id\":\"https:\\\/\\\/iha-race.com\\\/pt-pt\\\/produto\\\/combinacao-de-antenas-lumenier-duality-dual-dual-mox-hd-5-8ghz-4-pecas\\\/\",\"url\":\"https:\\\/\\\/iha-race.com\\\/pt-pt\\\/produto\\\/combinacao-de-antenas-lumenier-duality-dual-dual-mox-hd-5-8ghz-4-pecas\\\/\",\"name\":\"Duplo Lumenier Duality DUAL-MOX HD 5.8GHz combo de antenas - Iha Race\",\"isPartOf\":{\"@id\":\"https:\\\/\\\/iha-race.com\\\/pt-pt\\\/#website\"},\"primaryImageOfPage\":{\"@id\":\"https:\\\/\\\/iha-race.com\\\/pt-pt\\\/produto\\\/combinacao-de-antenas-lumenier-duality-dual-dual-mox-hd-5-8ghz-4-pecas\\\/#primaryimage\"},\"image\":{\"@id\":\"https:\\\/\\\/iha-race.com\\\/pt-pt\\\/produto\\\/combinacao-de-antenas-lumenier-duality-dual-dual-mox-hd-5-8ghz-4-pecas\\\/#primaryimage\"},\"thumbnailUrl\":\"https:\\\/\\\/iha-race.com\\\/wp-content\\\/uploads\\\/2022\\\/01\\\/Combo-de-antena-Lumenier-Duality-DUAL-MOX-HD-5.8GHz-4-piezas.jpg\",\"datePublished\":\"2022-01-10T09:18:57+00:00\",\"dateModified\":\"2024-08-29T10:10:59+00:00\",\"breadcrumb\":{\"@id\":\"https:\\\/\\\/iha-race.com\\\/pt-pt\\\/produto\\\/combinacao-de-antenas-lumenier-duality-dual-dual-mox-hd-5-8ghz-4-pecas\\\/#breadcrumb\"},\"inLanguage\":\"pt-PT\",\"potentialAction\":[{\"@type\":\"ReadAction\",\"target\":[\"https:\\\/\\\/iha-race.com\\\/pt-pt\\\/produto\\\/combinacao-de-antenas-lumenier-duality-dual-dual-mox-hd-5-8ghz-4-pecas\\\/\"]}]},{\"@type\":\"ImageObject\",\"inLanguage\":\"pt-PT\",\"@id\":\"https:\\\/\\\/iha-race.com\\\/pt-pt\\\/produto\\\/combinacao-de-antenas-lumenier-duality-dual-dual-mox-hd-5-8ghz-4-pecas\\\/#primaryimage\",\"url\":\"https:\\\/\\\/iha-race.com\\\/wp-content\\\/uploads\\\/2022\\\/01\\\/Combo-de-antena-Lumenier-Duality-DUAL-MOX-HD-5.8GHz-4-piezas.jpg\",\"contentUrl\":\"https:\\\/\\\/iha-race.com\\\/wp-content\\\/uploads\\\/2022\\\/01\\\/Combo-de-antena-Lumenier-Duality-DUAL-MOX-HD-5.8GHz-4-piezas.jpg\",\"width\":1000,\"height\":1000,\"caption\":\"comprar a combina\u00e7\u00e3o de antena Lumenier Duality DUAL-MOX HD 5.8GHz barata (4 pcs.)\"},{\"@type\":\"BreadcrumbList\",\"@id\":\"https:\\\/\\\/iha-race.com\\\/pt-pt\\\/produto\\\/combinacao-de-antenas-lumenier-duality-dual-dual-mox-hd-5-8ghz-4-pecas\\\/#breadcrumb\",\"itemListElement\":[{\"@type\":\"ListItem\",\"position\":1,\"name\":\"Portada\",\"item\":\"https:\\\/\\\/iha-race.com\\\/pt-pt\\\/elementor-499\\\/\"},{\"@type\":\"ListItem\",\"position\":2,\"name\":\"Shop\",\"item\":\"https:\\\/\\\/iha-race.com\\\/pt-pt\\\/shop\\\/\"},{\"@type\":\"ListItem\",\"position\":3,\"name\":\"Duplo Lumenier Duality DUAL-MOX HD 5.8GHz combo de antenas\"}]},{\"@type\":\"WebSite\",\"@id\":\"https:\\\/\\\/iha-race.com\\\/pt-pt\\\/#website\",\"url\":\"https:\\\/\\\/iha-race.com\\\/pt-pt\\\/\",\"name\":\"Iha Race\",\"description\":\"Comprar drones de carreras FPV env\u00edos en un d\u00eda desde Espa\u00f1a\",\"publisher\":{\"@id\":\"https:\\\/\\\/iha-race.com\\\/pt-pt\\\/#organization\"},\"potentialAction\":[{\"@type\":\"SearchAction\",\"target\":{\"@type\":\"EntryPoint\",\"urlTemplate\":\"https:\\\/\\\/iha-race.com\\\/pt-pt\\\/?s={search_term_string}\"},\"query-input\":{\"@type\":\"PropertyValueSpecification\",\"valueRequired\":true,\"valueName\":\"search_term_string\"}}],\"inLanguage\":\"pt-PT\"},{\"@type\":\"Organization\",\"@id\":\"https:\\\/\\\/iha-race.com\\\/pt-pt\\\/#organization\",\"name\":\"Iha Race\",\"url\":\"https:\\\/\\\/iha-race.com\\\/pt-pt\\\/\",\"logo\":{\"@type\":\"ImageObject\",\"inLanguage\":\"pt-PT\",\"@id\":\"https:\\\/\\\/iha-race.com\\\/pt-pt\\\/#\\\/schema\\\/logo\\\/image\\\/\",\"url\":\"https:\\\/\\\/iha-race.com\\\/wp-content\\\/uploads\\\/2018\\\/07\\\/iha-race-drones-de-carreras-tienda-comprar-drones.png\",\"contentUrl\":\"https:\\\/\\\/iha-race.com\\\/wp-content\\\/uploads\\\/2018\\\/07\\\/iha-race-drones-de-carreras-tienda-comprar-drones.png\",\"width\":300,\"height\":100,\"caption\":\"Iha Race\"},\"image\":{\"@id\":\"https:\\\/\\\/iha-race.com\\\/pt-pt\\\/#\\\/schema\\\/logo\\\/image\\\/\"}}]}<\/script>\n<!-- \/ Yoast SEO plugin. -->","yoast_head_json":{"title":"Duplo Lumenier Duality DUAL-MOX HD 5.8GHz combo de antenas - Iha Race","robots":{"index":"index","follow":"follow","max-snippet":"max-snippet:-1","max-image-preview":"max-image-preview:large","max-video-preview":"max-video-preview:-1"},"canonical":"https:\/\/iha-race.com\/pt-pt\/produto\/combinacao-de-antenas-lumenier-duality-dual-dual-mox-hd-5-8ghz-4-pecas\/","og_locale":"pt_PT","og_type":"article","og_title":"Duplo Lumenier Duality DUAL-MOX HD 5.8GHz combo de antenas - Iha Race","og_description":"O Lumenier Duality Duality Duality DUAL-MOX HD 5.8GHz de alto ganho de antena de banda dupla de quatro pacotes \u00e9 para DJI Digital HD FPV Goggles V2. Uma antena direcional concebida especificamente para os DJI FPV Goggles V2.   Obtenha mais do dobro da gama em compara\u00e7\u00e3o com as antenas normais de DJI  Antena de alto ganho com amplo campo de vis\u00e3o  Materiais Premium para um melhor desempenho","og_url":"https:\/\/iha-race.com\/pt-pt\/produto\/combinacao-de-antenas-lumenier-duality-dual-dual-mox-hd-5-8ghz-4-pecas\/","og_site_name":"Iha Race","article_modified_time":"2024-08-29T10:10:59+00:00","og_image":[{"width":1000,"height":1000,"url":"https:\/\/iha-race.com\/wp-content\/uploads\/2022\/01\/Combo-de-antena-Lumenier-Duality-DUAL-MOX-HD-5.8GHz-4-piezas.jpg","type":"image\/jpeg"}],"twitter_card":"summary_large_image","twitter_misc":{"Tempo estimado de leitura":"3 minutos"},"schema":{"@context":"https:\/\/schema.org","@graph":[{"@type":"WebPage","@id":"https:\/\/iha-race.com\/pt-pt\/produto\/combinacao-de-antenas-lumenier-duality-dual-dual-mox-hd-5-8ghz-4-pecas\/","url":"https:\/\/iha-race.com\/pt-pt\/produto\/combinacao-de-antenas-lumenier-duality-dual-dual-mox-hd-5-8ghz-4-pecas\/","name":"Duplo Lumenier Duality DUAL-MOX HD 5.8GHz combo de antenas - Iha Race","isPartOf":{"@id":"https:\/\/iha-race.com\/pt-pt\/#website"},"primaryImageOfPage":{"@id":"https:\/\/iha-race.com\/pt-pt\/produto\/combinacao-de-antenas-lumenier-duality-dual-dual-mox-hd-5-8ghz-4-pecas\/#primaryimage"},"image":{"@id":"https:\/\/iha-race.com\/pt-pt\/produto\/combinacao-de-antenas-lumenier-duality-dual-dual-mox-hd-5-8ghz-4-pecas\/#primaryimage"},"thumbnailUrl":"https:\/\/iha-race.com\/wp-content\/uploads\/2022\/01\/Combo-de-antena-Lumenier-Duality-DUAL-MOX-HD-5.8GHz-4-piezas.jpg","datePublished":"2022-01-10T09:18:57+00:00","dateModified":"2024-08-29T10:10:59+00:00","breadcrumb":{"@id":"https:\/\/iha-race.com\/pt-pt\/produto\/combinacao-de-antenas-lumenier-duality-dual-dual-mox-hd-5-8ghz-4-pecas\/#breadcrumb"},"inLanguage":"pt-PT","potentialAction":[{"@type":"ReadAction","target":["https:\/\/iha-race.com\/pt-pt\/produto\/combinacao-de-antenas-lumenier-duality-dual-dual-mox-hd-5-8ghz-4-pecas\/"]}]},{"@type":"ImageObject","inLanguage":"pt-PT","@id":"https:\/\/iha-race.com\/pt-pt\/produto\/combinacao-de-antenas-lumenier-duality-dual-dual-mox-hd-5-8ghz-4-pecas\/#primaryimage","url":"https:\/\/iha-race.com\/wp-content\/uploads\/2022\/01\/Combo-de-antena-Lumenier-Duality-DUAL-MOX-HD-5.8GHz-4-piezas.jpg","contentUrl":"https:\/\/iha-race.com\/wp-content\/uploads\/2022\/01\/Combo-de-antena-Lumenier-Duality-DUAL-MOX-HD-5.8GHz-4-piezas.jpg","width":1000,"height":1000,"caption":"comprar a combina\u00e7\u00e3o de antena Lumenier Duality DUAL-MOX HD 5.8GHz barata (4 pcs.)"},{"@type":"BreadcrumbList","@id":"https:\/\/iha-race.com\/pt-pt\/produto\/combinacao-de-antenas-lumenier-duality-dual-dual-mox-hd-5-8ghz-4-pecas\/#breadcrumb","itemListElement":[{"@type":"ListItem","position":1,"name":"Portada","item":"https:\/\/iha-race.com\/pt-pt\/elementor-499\/"},{"@type":"ListItem","position":2,"name":"Shop","item":"https:\/\/iha-race.com\/pt-pt\/shop\/"},{"@type":"ListItem","position":3,"name":"Duplo Lumenier Duality DUAL-MOX HD 5.8GHz combo de antenas"}]},{"@type":"WebSite","@id":"https:\/\/iha-race.com\/pt-pt\/#website","url":"https:\/\/iha-race.com\/pt-pt\/","name":"Iha Race","description":"Comprar drones de carreras FPV env\u00edos en un d\u00eda desde Espa\u00f1a","publisher":{"@id":"https:\/\/iha-race.com\/pt-pt\/#organization"},"potentialAction":[{"@type":"SearchAction","target":{"@type":"EntryPoint","urlTemplate":"https:\/\/iha-race.com\/pt-pt\/?s={search_term_string}"},"query-input":{"@type":"PropertyValueSpecification","valueRequired":true,"valueName":"search_term_string"}}],"inLanguage":"pt-PT"},{"@type":"Organization","@id":"https:\/\/iha-race.com\/pt-pt\/#organization","name":"Iha Race","url":"https:\/\/iha-race.com\/pt-pt\/","logo":{"@type":"ImageObject","inLanguage":"pt-PT","@id":"https:\/\/iha-race.com\/pt-pt\/#\/schema\/logo\/image\/","url":"https:\/\/iha-race.com\/wp-content\/uploads\/2018\/07\/iha-race-drones-de-carreras-tienda-comprar-drones.png","contentUrl":"https:\/\/iha-race.com\/wp-content\/uploads\/2018\/07\/iha-race-drones-de-carreras-tienda-comprar-drones.png","width":300,"height":100,"caption":"Iha Race"},"image":{"@id":"https:\/\/iha-race.com\/pt-pt\/#\/schema\/logo\/image\/"}}]}},"jetpack_sharing_enabled":true,"brands":[],"_links":{"self":[{"href":"https:\/\/iha-race.com\/pt-pt\/wp-json\/wp\/v2\/product\/114168","targetHints":{"allow":["GET"]}}],"collection":[{"href":"https:\/\/iha-race.com\/pt-pt\/wp-json\/wp\/v2\/product"}],"about":[{"href":"https:\/\/iha-race.com\/pt-pt\/wp-json\/wp\/v2\/types\/product"}],"replies":[{"embeddable":true,"href":"https:\/\/iha-race.com\/pt-pt\/wp-json\/wp\/v2\/comments?post=114168"}],"version-history":[{"count":3,"href":"https:\/\/iha-race.com\/pt-pt\/wp-json\/wp\/v2\/product\/114168\/revisions"}],"predecessor-version":[{"id":249243,"href":"https:\/\/iha-race.com\/pt-pt\/wp-json\/wp\/v2\/product\/114168\/revisions\/249243"}],"wp:featuredmedia":[{"embeddable":true,"href":"https:\/\/iha-race.com\/pt-pt\/wp-json\/wp\/v2\/media\/107299"}],"wp:attachment":[{"href":"https:\/\/iha-race.com\/pt-pt\/wp-json\/wp\/v2\/media?parent=114168"}],"wp:term":[{"taxonomy":"pwb-brand","embeddable":true,"href":"https:\/\/iha-race.com\/pt-pt\/wp-json\/wp\/v2\/pwb-brand?post=114168"},{"taxonomy":"product_cat","embeddable":true,"href":"https:\/\/iha-race.com\/pt-pt\/wp-json\/wp\/v2\/product_cat?post=114168"},{"taxonomy":"product_tag","embeddable":true,"href":"https:\/\/iha-race.com\/pt-pt\/wp-json\/wp\/v2\/product_tag?post=114168"}],"curies":[{"name":"wp","href":"https:\/\/api.w.org\/{rel}","templated":true}]}}