{"id":114129,"date":"2021-12-28T18:01:00","date_gmt":"2021-12-28T17:01:00","guid":{"rendered":"https:\/\/iha-race.com\/producto\/camara-runcam-racer-nano3-mck\/"},"modified":"2024-08-29T12:11:58","modified_gmt":"2024-08-29T10:11:58","slug":"camara-runcam-racer-nano3-mck","status":"publish","type":"product","link":"https:\/\/iha-race.com\/pt-pt\/produto\/camara-runcam-racer-nano3-mck\/","title":{"rendered":"C\u00e2mara RunCam Racer Nano3 MCK"},"content":{"rendered":"<h1>C\u00e2mara RunCam Racer Nano3 MCK<\/h1>\n<div class=\"Section Section9 SectionOverflow\">\n<div class=\"Zone MobileZone2\"><iframe src=\"https:\/\/www.youtube.com\/embed\/JdH5GTh14VI\" width=\"960\" height=\"540\" frameborder=\"0\" data-mce-fragment=\"1\"><\/iframe><\/div>\n<div><\/div>\n<div><\/div>\n<div>\n<h2>Caracter\u00edsticas<\/h2>\n<div>\n<ul>\n<li>Rela\u00e7\u00e3o de comuta\u00e7\u00e3o 4 : 3\/16 : 9<\/li>\n<li>Edi\u00e7\u00e3o <a href=\"https:\/\/www.youtube.com\/c\/MinChanKim04\" target=\"_blank\" rel=\"noopener\">MCK FPV<\/a><\/li>\n<li>Lente de 1,8 mm<\/li>\n<\/ul>\n<\/div>\n<div><\/div>\n<\/div>\n<div><\/div>\n<div class=\"Zone MobileZone2\"><img decoding=\"async\" class=\"BigImage\" title=\"RunCam Phoenix 2 Nano\" src=\"https:\/\/store-m8o52p.mybigcommerce.com\/product_images\/img_racer3nano-mck\/RACERNANO3-web.jpg\" alt=\"racer3 mck\"><\/div>\n<\/div>\n<div class=\"Section Section9 SectionOverflow\">\n<div class=\"Zone MobileZone\">\n<div class=\"clear\"><\/div>\n<\/div>\n<\/div>\n<div class=\"Section\">\n<div class=\"Zone MobileZone1\">\n<h2><\/h2>\n<h2>Especifica\u00e7\u00f5es<\/h2>\n<ul>\n<li>Cen\u00e1rio de um s\u00f3 toque: Pessoal \/ Lightrax<\/li>\n<li>Rela\u00e7\u00e3o de aspecto do ecr\u00e3: 4:3 \/ comut\u00e1vel em ecr\u00e3 panor\u00e2mico<\/li>\n<li>Sensor de imagem: Super WDR CMOS sensor<\/li>\n<li>Sistema de sinal: NTSC \/ PAL comut\u00e1vel<\/li>\n<li>Dimens\u00f5es: L14mmxL14mmxA16mm<\/li>\n<li>Modelo: RunCam Racer Nano3 MCK<\/li>\n<li>Corrente: 70mA @ 12V \/ 120mA @ 5V<\/li>\n<li>Min. Ilumina\u00e7\u00e3o: 0.01Lux@1.2F<\/li>\n<li>Resolu\u00e7\u00e3o horizontal: 1000TVL<\/li>\n<li>Velocidade do obturador electr\u00f3nico: autom\u00e1tico<\/li>\n<li>Controlo do menu: Controlo por Joystick<\/li>\n<li>Lente: 1,8 mm FOV 160 \u00b0.<\/li>\n<li>Material do alojamento: ABS<\/li>\n<li>OSD integrado: sim<\/li>\n<li>Espelho \/ Flip: dispon\u00edvel<\/li>\n<li>WDR: Super WDR<\/li>\n<li>Rela\u00e7\u00e3o S\/N:&gt; 50dB<\/li>\n<li>Pot\u00eancia: DC 5-36V<\/li>\n<li>Peso l\u00edquido: 3,5 g<\/li>\n<li>Dia \/ Noite: Cor<\/li>\n<\/ul>\n<p>&nbsp;<\/p>\n<h2>O pacote inclui:<\/h2>\n<ul>\n<li>1 x RunCam Racer Nano 3 C\u00e2mara de 1,8mm &#8211; MCK FPV Edition<\/li>\n<li>1 x suporte ABS<\/li>\n<li>1 x cabo de 4 pinos<\/li>\n<li>1 x manual (ingl\u00eas)<\/li>\n<\/ul>\n<\/div>\n<\/div>\n","protected":false},"excerpt":{"rendered":"<p>A <strong>RunCam Racer Nano 3 MCK <\/strong>\u00e9 uma c\u00e2mara FPV de 1,8 mm com uma rela\u00e7\u00e3o de resolu\u00e7\u00e3o 4<strong>:3\/16:9<\/strong> comut\u00e1vel. Esta c\u00e2mara foi concebida em colabora\u00e7\u00e3o com o piloto de FPV de renome mundial: Min Chan Kim!<\/p>\n","protected":false},"featured_media":107101,"comment_status":"open","ping_status":"closed","template":"","meta":{"_joinchat":[]},"pwb-brand":[],"product_cat":[2411,1168],"product_tag":[],"class_list":{"0":"post-114129","1":"product","2":"type-product","3":"status-publish","4":"has-post-thumbnail","6":"product_cat-camaras-analogicas-pt-pt","7":"product_cat-camaras-fpv","9":"first","10":"instock","11":"taxable","12":"shipping-taxable","13":"purchasable","14":"product-type-simple"},"barcode":null,"atum_controlled":true,"out_stock_date":null,"out_stock_threshold":null,"inheritable":false,"stock_on_hold":0,"sold_today":0,"sales_last_days":0,"out_stock_days":0,"lost_sales":0,"update_date":"2026-04-08T16:41:29","atum_locations":[],"atum_stock_status":"instock","restock_status":false,"low_stock_amount":"","sales_update_date":"2026-04-08T10:17:17","calc_backorders":null,"yoast_head":"<!-- This site is optimized with the Yoast SEO plugin v27.3 - https:\/\/yoast.com\/product\/yoast-seo-wordpress\/ -->\n<title>C\u00e2mara RunCam Racer Nano3 MCK - Iha Race<\/title>\n<meta name=\"robots\" content=\"index, follow, max-snippet:-1, max-image-preview:large, max-video-preview:-1\" \/>\n<link rel=\"canonical\" href=\"https:\/\/iha-race.com\/pt-pt\/produto\/camara-runcam-racer-nano3-mck\/\" \/>\n<meta property=\"og:locale\" content=\"pt_PT\" \/>\n<meta property=\"og:type\" content=\"article\" \/>\n<meta property=\"og:title\" content=\"C\u00e2mara RunCam Racer Nano3 MCK - Iha Race\" \/>\n<meta property=\"og:description\" content=\"A RunCam Racer Nano 3 MCK \u00e9 uma c\u00e2mara FPV de 1,8 mm com uma rela\u00e7\u00e3o de resolu\u00e7\u00e3o 4:3\/16:9 comut\u00e1vel. Esta c\u00e2mara foi concebida em colabora\u00e7\u00e3o com o piloto de FPV de renome mundial: Min Chan Kim!\" \/>\n<meta property=\"og:url\" content=\"https:\/\/iha-race.com\/pt-pt\/produto\/camara-runcam-racer-nano3-mck\/\" \/>\n<meta property=\"og:site_name\" content=\"Iha Race\" \/>\n<meta property=\"article:modified_time\" content=\"2024-08-29T10:11:58+00:00\" \/>\n<meta property=\"og:image\" content=\"https:\/\/iha-race.com\/wp-content\/uploads\/2021\/12\/RACERNANO3-1__83029.1624876080.1280.1280.jpg\" \/>\n\t<meta property=\"og:image:width\" content=\"1000\" \/>\n\t<meta property=\"og:image:height\" content=\"1000\" \/>\n\t<meta property=\"og:image:type\" content=\"image\/jpeg\" \/>\n<meta name=\"twitter:card\" content=\"summary_large_image\" \/>\n<meta name=\"twitter:label1\" content=\"Tempo estimado de leitura\" \/>\n\t<meta name=\"twitter:data1\" content=\"1 minuto\" \/>\n<script type=\"application\/ld+json\" class=\"yoast-schema-graph\">{\"@context\":\"https:\\\/\\\/schema.org\",\"@graph\":[{\"@type\":\"WebPage\",\"@id\":\"https:\\\/\\\/iha-race.com\\\/pt-pt\\\/produto\\\/camara-runcam-racer-nano3-mck\\\/\",\"url\":\"https:\\\/\\\/iha-race.com\\\/pt-pt\\\/produto\\\/camara-runcam-racer-nano3-mck\\\/\",\"name\":\"C\u00e2mara RunCam Racer Nano3 MCK - Iha Race\",\"isPartOf\":{\"@id\":\"https:\\\/\\\/iha-race.com\\\/pt-pt\\\/#website\"},\"primaryImageOfPage\":{\"@id\":\"https:\\\/\\\/iha-race.com\\\/pt-pt\\\/produto\\\/camara-runcam-racer-nano3-mck\\\/#primaryimage\"},\"image\":{\"@id\":\"https:\\\/\\\/iha-race.com\\\/pt-pt\\\/produto\\\/camara-runcam-racer-nano3-mck\\\/#primaryimage\"},\"thumbnailUrl\":\"https:\\\/\\\/iha-race.com\\\/wp-content\\\/uploads\\\/2021\\\/12\\\/RACERNANO3-1__83029.1624876080.1280.1280.jpg\",\"datePublished\":\"2021-12-28T17:01:00+00:00\",\"dateModified\":\"2024-08-29T10:11:58+00:00\",\"breadcrumb\":{\"@id\":\"https:\\\/\\\/iha-race.com\\\/pt-pt\\\/produto\\\/camara-runcam-racer-nano3-mck\\\/#breadcrumb\"},\"inLanguage\":\"pt-PT\",\"potentialAction\":[{\"@type\":\"ReadAction\",\"target\":[\"https:\\\/\\\/iha-race.com\\\/pt-pt\\\/produto\\\/camara-runcam-racer-nano3-mck\\\/\"]}]},{\"@type\":\"ImageObject\",\"inLanguage\":\"pt-PT\",\"@id\":\"https:\\\/\\\/iha-race.com\\\/pt-pt\\\/produto\\\/camara-runcam-racer-nano3-mck\\\/#primaryimage\",\"url\":\"https:\\\/\\\/iha-race.com\\\/wp-content\\\/uploads\\\/2021\\\/12\\\/RACERNANO3-1__83029.1624876080.1280.1280.jpg\",\"contentUrl\":\"https:\\\/\\\/iha-race.com\\\/wp-content\\\/uploads\\\/2021\\\/12\\\/RACERNANO3-1__83029.1624876080.1280.1280.jpg\",\"width\":1000,\"height\":1000,\"caption\":\"Comprar RunCam Racer Nano3 MCK\"},{\"@type\":\"BreadcrumbList\",\"@id\":\"https:\\\/\\\/iha-race.com\\\/pt-pt\\\/produto\\\/camara-runcam-racer-nano3-mck\\\/#breadcrumb\",\"itemListElement\":[{\"@type\":\"ListItem\",\"position\":1,\"name\":\"Portada\",\"item\":\"https:\\\/\\\/iha-race.com\\\/pt-pt\\\/elementor-499\\\/\"},{\"@type\":\"ListItem\",\"position\":2,\"name\":\"Shop\",\"item\":\"https:\\\/\\\/iha-race.com\\\/pt-pt\\\/shop\\\/\"},{\"@type\":\"ListItem\",\"position\":3,\"name\":\"C\u00e2mara RunCam Racer Nano3 MCK\"}]},{\"@type\":\"WebSite\",\"@id\":\"https:\\\/\\\/iha-race.com\\\/pt-pt\\\/#website\",\"url\":\"https:\\\/\\\/iha-race.com\\\/pt-pt\\\/\",\"name\":\"Iha Race\",\"description\":\"Comprar drones de carreras FPV env\u00edos en un d\u00eda desde Espa\u00f1a\",\"publisher\":{\"@id\":\"https:\\\/\\\/iha-race.com\\\/pt-pt\\\/#organization\"},\"potentialAction\":[{\"@type\":\"SearchAction\",\"target\":{\"@type\":\"EntryPoint\",\"urlTemplate\":\"https:\\\/\\\/iha-race.com\\\/pt-pt\\\/?s={search_term_string}\"},\"query-input\":{\"@type\":\"PropertyValueSpecification\",\"valueRequired\":true,\"valueName\":\"search_term_string\"}}],\"inLanguage\":\"pt-PT\"},{\"@type\":\"Organization\",\"@id\":\"https:\\\/\\\/iha-race.com\\\/pt-pt\\\/#organization\",\"name\":\"Iha Race\",\"url\":\"https:\\\/\\\/iha-race.com\\\/pt-pt\\\/\",\"logo\":{\"@type\":\"ImageObject\",\"inLanguage\":\"pt-PT\",\"@id\":\"https:\\\/\\\/iha-race.com\\\/pt-pt\\\/#\\\/schema\\\/logo\\\/image\\\/\",\"url\":\"https:\\\/\\\/iha-race.com\\\/wp-content\\\/uploads\\\/2018\\\/07\\\/iha-race-drones-de-carreras-tienda-comprar-drones.png\",\"contentUrl\":\"https:\\\/\\\/iha-race.com\\\/wp-content\\\/uploads\\\/2018\\\/07\\\/iha-race-drones-de-carreras-tienda-comprar-drones.png\",\"width\":300,\"height\":100,\"caption\":\"Iha Race\"},\"image\":{\"@id\":\"https:\\\/\\\/iha-race.com\\\/pt-pt\\\/#\\\/schema\\\/logo\\\/image\\\/\"}}]}<\/script>\n<!-- \/ Yoast SEO plugin. -->","yoast_head_json":{"title":"C\u00e2mara RunCam Racer Nano3 MCK - Iha Race","robots":{"index":"index","follow":"follow","max-snippet":"max-snippet:-1","max-image-preview":"max-image-preview:large","max-video-preview":"max-video-preview:-1"},"canonical":"https:\/\/iha-race.com\/pt-pt\/produto\/camara-runcam-racer-nano3-mck\/","og_locale":"pt_PT","og_type":"article","og_title":"C\u00e2mara RunCam Racer Nano3 MCK - Iha Race","og_description":"A RunCam Racer Nano 3 MCK \u00e9 uma c\u00e2mara FPV de 1,8 mm com uma rela\u00e7\u00e3o de resolu\u00e7\u00e3o 4:3\/16:9 comut\u00e1vel. Esta c\u00e2mara foi concebida em colabora\u00e7\u00e3o com o piloto de FPV de renome mundial: Min Chan Kim!","og_url":"https:\/\/iha-race.com\/pt-pt\/produto\/camara-runcam-racer-nano3-mck\/","og_site_name":"Iha Race","article_modified_time":"2024-08-29T10:11:58+00:00","og_image":[{"width":1000,"height":1000,"url":"https:\/\/iha-race.com\/wp-content\/uploads\/2021\/12\/RACERNANO3-1__83029.1624876080.1280.1280.jpg","type":"image\/jpeg"}],"twitter_card":"summary_large_image","twitter_misc":{"Tempo estimado de leitura":"1 minuto"},"schema":{"@context":"https:\/\/schema.org","@graph":[{"@type":"WebPage","@id":"https:\/\/iha-race.com\/pt-pt\/produto\/camara-runcam-racer-nano3-mck\/","url":"https:\/\/iha-race.com\/pt-pt\/produto\/camara-runcam-racer-nano3-mck\/","name":"C\u00e2mara RunCam Racer Nano3 MCK - Iha Race","isPartOf":{"@id":"https:\/\/iha-race.com\/pt-pt\/#website"},"primaryImageOfPage":{"@id":"https:\/\/iha-race.com\/pt-pt\/produto\/camara-runcam-racer-nano3-mck\/#primaryimage"},"image":{"@id":"https:\/\/iha-race.com\/pt-pt\/produto\/camara-runcam-racer-nano3-mck\/#primaryimage"},"thumbnailUrl":"https:\/\/iha-race.com\/wp-content\/uploads\/2021\/12\/RACERNANO3-1__83029.1624876080.1280.1280.jpg","datePublished":"2021-12-28T17:01:00+00:00","dateModified":"2024-08-29T10:11:58+00:00","breadcrumb":{"@id":"https:\/\/iha-race.com\/pt-pt\/produto\/camara-runcam-racer-nano3-mck\/#breadcrumb"},"inLanguage":"pt-PT","potentialAction":[{"@type":"ReadAction","target":["https:\/\/iha-race.com\/pt-pt\/produto\/camara-runcam-racer-nano3-mck\/"]}]},{"@type":"ImageObject","inLanguage":"pt-PT","@id":"https:\/\/iha-race.com\/pt-pt\/produto\/camara-runcam-racer-nano3-mck\/#primaryimage","url":"https:\/\/iha-race.com\/wp-content\/uploads\/2021\/12\/RACERNANO3-1__83029.1624876080.1280.1280.jpg","contentUrl":"https:\/\/iha-race.com\/wp-content\/uploads\/2021\/12\/RACERNANO3-1__83029.1624876080.1280.1280.jpg","width":1000,"height":1000,"caption":"Comprar RunCam Racer Nano3 MCK"},{"@type":"BreadcrumbList","@id":"https:\/\/iha-race.com\/pt-pt\/produto\/camara-runcam-racer-nano3-mck\/#breadcrumb","itemListElement":[{"@type":"ListItem","position":1,"name":"Portada","item":"https:\/\/iha-race.com\/pt-pt\/elementor-499\/"},{"@type":"ListItem","position":2,"name":"Shop","item":"https:\/\/iha-race.com\/pt-pt\/shop\/"},{"@type":"ListItem","position":3,"name":"C\u00e2mara RunCam Racer Nano3 MCK"}]},{"@type":"WebSite","@id":"https:\/\/iha-race.com\/pt-pt\/#website","url":"https:\/\/iha-race.com\/pt-pt\/","name":"Iha Race","description":"Comprar drones de carreras FPV env\u00edos en un d\u00eda desde Espa\u00f1a","publisher":{"@id":"https:\/\/iha-race.com\/pt-pt\/#organization"},"potentialAction":[{"@type":"SearchAction","target":{"@type":"EntryPoint","urlTemplate":"https:\/\/iha-race.com\/pt-pt\/?s={search_term_string}"},"query-input":{"@type":"PropertyValueSpecification","valueRequired":true,"valueName":"search_term_string"}}],"inLanguage":"pt-PT"},{"@type":"Organization","@id":"https:\/\/iha-race.com\/pt-pt\/#organization","name":"Iha Race","url":"https:\/\/iha-race.com\/pt-pt\/","logo":{"@type":"ImageObject","inLanguage":"pt-PT","@id":"https:\/\/iha-race.com\/pt-pt\/#\/schema\/logo\/image\/","url":"https:\/\/iha-race.com\/wp-content\/uploads\/2018\/07\/iha-race-drones-de-carreras-tienda-comprar-drones.png","contentUrl":"https:\/\/iha-race.com\/wp-content\/uploads\/2018\/07\/iha-race-drones-de-carreras-tienda-comprar-drones.png","width":300,"height":100,"caption":"Iha Race"},"image":{"@id":"https:\/\/iha-race.com\/pt-pt\/#\/schema\/logo\/image\/"}}]}},"jetpack_sharing_enabled":true,"brands":[],"_links":{"self":[{"href":"https:\/\/iha-race.com\/pt-pt\/wp-json\/wp\/v2\/product\/114129","targetHints":{"allow":["GET"]}}],"collection":[{"href":"https:\/\/iha-race.com\/pt-pt\/wp-json\/wp\/v2\/product"}],"about":[{"href":"https:\/\/iha-race.com\/pt-pt\/wp-json\/wp\/v2\/types\/product"}],"replies":[{"embeddable":true,"href":"https:\/\/iha-race.com\/pt-pt\/wp-json\/wp\/v2\/comments?post=114129"}],"version-history":[{"count":1,"href":"https:\/\/iha-race.com\/pt-pt\/wp-json\/wp\/v2\/product\/114129\/revisions"}],"predecessor-version":[{"id":116929,"href":"https:\/\/iha-race.com\/pt-pt\/wp-json\/wp\/v2\/product\/114129\/revisions\/116929"}],"wp:featuredmedia":[{"embeddable":true,"href":"https:\/\/iha-race.com\/pt-pt\/wp-json\/wp\/v2\/media\/107101"}],"wp:attachment":[{"href":"https:\/\/iha-race.com\/pt-pt\/wp-json\/wp\/v2\/media?parent=114129"}],"wp:term":[{"taxonomy":"pwb-brand","embeddable":true,"href":"https:\/\/iha-race.com\/pt-pt\/wp-json\/wp\/v2\/pwb-brand?post=114129"},{"taxonomy":"product_cat","embeddable":true,"href":"https:\/\/iha-race.com\/pt-pt\/wp-json\/wp\/v2\/product_cat?post=114129"},{"taxonomy":"product_tag","embeddable":true,"href":"https:\/\/iha-race.com\/pt-pt\/wp-json\/wp\/v2\/product_tag?post=114129"}],"curies":[{"name":"wp","href":"https:\/\/api.w.org\/{rel}","templated":true}]}}