{"id":114108,"date":"2022-01-03T12:15:16","date_gmt":"2022-01-03T11:15:16","guid":{"rendered":"https:\/\/iha-race.com\/producto\/filtro-de-surto-matek-xt60-tvs\/"},"modified":"2024-08-29T12:10:57","modified_gmt":"2024-08-29T10:10:57","slug":"matek-voltage-peak-filter-xt60-tvs","status":"publish","type":"product","link":"https:\/\/iha-race.com\/pt-pt\/produto\/matek-voltage-peak-filter-xt60-tvs\/","title":{"rendered":"Filtro de surto Matek (XT60-TVS)"},"content":{"rendered":"<h2>Filtro de surto Matek (XT60-TVS)<\/h2>\n<p>&nbsp;<\/p>\n<ul>\n<li>2 x d\u00edodos TVS de alta pot\u00eancia e 1 x 470uF condensador ESR baixo a bordo<\/li>\n<li>TVS pode absorver uma grande sobretens\u00e3o no momento da liga\u00e7\u00e3o da bateria para proteger os componentes ligados.<\/li>\n<li>O baixo condensador ESR reduzir\u00e1 os picos de tens\u00e3o e a ondula\u00e7\u00e3o provocada pelo ESC.<\/li>\n<li>Tens\u00e3o m\u00e1xima de funcionamento: 28 V (6S LiPo)<\/li>\n<li>Embalagem: 5 PCBs com TVS, 5 condensadores electrol\u00edticos Rubycon ZLH s\u00e9rie 470uF.\n<div class=\"main_color container_wrap_first container_wrap fullsize\">\n<div class=\"container\">\n<p>&nbsp;<\/p>\n<div class=\"post-entry post-entry-type-page post-entry-9615\">\n<div class=\"entry-content-wrapper clearfix\">\n<div class=\"tabcontainer top_tab avia-builder-el-2 el_after_av_textblock avia-builder-el-last \">\n<section class=\"av_tab_section\">\n<div id=\"tab-id-1-container\" class=\"tab_content active_tab_content\" aria-hidden=\"false\">\n<div class=\"tab_inner_content invers-color\">\n<div class=\"main_color container_wrap_first container_wrap fullsize\">\n<div class=\"container\">\n<p>&nbsp;<\/p>\n<div class=\"post-entry post-entry-type-page post-entry-9615\">\n<div class=\"entry-content-wrapper clearfix\">\n<div class=\"tabcontainer top_tab avia-builder-el-2 el_after_av_textblock avia-builder-el-last \">\n<section class=\"av_tab_section\">\n<div id=\"tab-id-1-container\" class=\"tab_content active_tab_content\" aria-hidden=\"false\">\n<div class=\"tab_inner_content invers-color\">\n<div class=\"main_color container_wrap_first container_wrap fullsize\">\n<div class=\"container\">\n<p>&nbsp;<\/p>\n<div class=\"post-entry post-entry-type-page post-entry-9615\">\n<div class=\"entry-content-wrapper clearfix\">\n<div class=\"tabcontainer top_tab avia-builder-el-2 el_after_av_textblock avia-builder-el-last \">\n<section class=\"av_tab_section\">\n<div id=\"tab-id-1-container\" class=\"tab_content active_tab_content\" aria-hidden=\"false\">\n<div class=\"tab_inner_content invers-color\">\n<div class=\"main_color container_wrap_first container_wrap fullsize\">\n<div class=\"container\">\n<p>&nbsp;<\/p>\n<div class=\"post-entry post-entry-type-page post-entry-9615\">\n<div class=\"entry-content-wrapper clearfix\">\n<div class=\"tabcontainer top_tab avia-builder-el-2 el_after_av_textblock avia-builder-el-last \">\n<section class=\"av_tab_section\">\n<div id=\"tab-id-1-container\" class=\"tab_content active_tab_content\" aria-hidden=\"false\">\n<div class=\"tab_inner_content invers-color\">\n<p>&nbsp;<\/p>\n<\/div>\n<\/div>\n<\/section>\n<section class=\"av_tab_section\">\n<div id=\"tab-id-2-container\" class=\"tab_content \" aria-hidden=\"true\">\n<div class=\"tab_inner_content invers-color\">\n<h3><\/h3>\n<\/div>\n<\/div>\n<\/section>\n<\/div>\n<\/div>\n<\/div>\n<p>&nbsp;<\/p>\n<\/div>\n<\/div>\n<\/div>\n<\/div>\n<\/section>\n<\/div>\n<\/div>\n<\/div>\n<p>&nbsp;<\/p>\n<\/div>\n<\/div>\n<\/div>\n<\/div>\n<\/section>\n<section class=\"av_tab_section\">\n<div id=\"tab-id-2-container\" class=\"tab_content \" aria-hidden=\"true\">\n<div class=\"tab_inner_content invers-color\">\n<p>&nbsp;<\/p>\n<\/div>\n<\/div>\n<\/section>\n<\/div>\n<\/div>\n<\/div>\n<p>&nbsp;<\/p>\n<\/div>\n<\/div>\n<footer id=\"socket\" class=\"container_wrap socket_color\" role=\"contentinfo\"><\/footer>\n<\/div>\n<\/div>\n<\/section>\n<section class=\"av_tab_section\">\n<div id=\"tab-id-2-container\" class=\"tab_content \" aria-hidden=\"true\">\n<div class=\"tab_inner_content invers-color\">\n<p>&nbsp;<\/p>\n<\/div>\n<\/div>\n<\/section>\n<\/div>\n<\/div>\n<\/div>\n<p>&nbsp;<\/p>\n<\/div>\n<\/div>\n<footer id=\"socket\" class=\"container_wrap socket_color\" role=\"contentinfo\">\n<div class=\"container\"><img fetchpriority=\"high\" decoding=\"async\" class=\"aligncenter wp-image-73044 size-full\" src=\"https:\/\/iha-race.com\/wp-content\/uploads\/2022\/01\/XT60-TVS_2.jpg\" alt=\"Comprar FILTRO VOLTAGE SPIKES, XT60-TVS\" width=\"1500\" height=\"1001\" srcset=\"https:\/\/iha-race.com\/wp-content\/uploads\/2022\/01\/XT60-TVS_2.jpg 1500w, https:\/\/iha-race.com\/wp-content\/uploads\/2022\/01\/XT60-TVS_2-300x200.jpg 300w, https:\/\/iha-race.com\/wp-content\/uploads\/2022\/01\/XT60-TVS_2-1024x683.jpg 1024w, https:\/\/iha-race.com\/wp-content\/uploads\/2022\/01\/XT60-TVS_2-767x512.jpg 767w, https:\/\/iha-race.com\/wp-content\/uploads\/2022\/01\/XT60-TVS_2-1536x1025.jpg 1536w, https:\/\/iha-race.com\/wp-content\/uploads\/2022\/01\/XT60-TVS_2-2048x1367.jpg 2048w, https:\/\/iha-race.com\/wp-content\/uploads\/2022\/01\/XT60-TVS_2-225x150.jpg 225w, https:\/\/iha-race.com\/wp-content\/uploads\/2022\/01\/XT60-TVS_2-100x67.jpg 100w, https:\/\/iha-race.com\/wp-content\/uploads\/2022\/01\/XT60-TVS_2-524x350.jpg 524w, https:\/\/iha-race.com\/wp-content\/uploads\/2022\/01\/XT60-TVS_2-788x525.jpg 788w, https:\/\/iha-race.com\/wp-content\/uploads\/2022\/01\/XT60-TVS_2-599x400.jpg 599w\" sizes=\"(max-width: 1500px) 100vw, 1500px\" \/><\/div>\n<\/footer>\n<p><img decoding=\"async\" class=\"aligncenter wp-image-73045 size-full\" src=\"https:\/\/iha-race.com\/wp-content\/uploads\/2022\/01\/XT60-TVS_1.jpg\" alt=\"Comprar FILTRO VOLTAGE SPIKES, XT60-TVS\" width=\"1500\" height=\"1000\" srcset=\"https:\/\/iha-race.com\/wp-content\/uploads\/2022\/01\/XT60-TVS_1.jpg 1500w, https:\/\/iha-race.com\/wp-content\/uploads\/2022\/01\/XT60-TVS_1-300x200.jpg 300w, https:\/\/iha-race.com\/wp-content\/uploads\/2022\/01\/XT60-TVS_1-1024x683.jpg 1024w, https:\/\/iha-race.com\/wp-content\/uploads\/2022\/01\/XT60-TVS_1-768x512.jpg 768w, https:\/\/iha-race.com\/wp-content\/uploads\/2022\/01\/XT60-TVS_1-1536x1024.jpg 1536w, https:\/\/iha-race.com\/wp-content\/uploads\/2022\/01\/XT60-TVS_1-2048x1365.jpg 2048w, https:\/\/iha-race.com\/wp-content\/uploads\/2022\/01\/XT60-TVS_1-225x150.jpg 225w, https:\/\/iha-race.com\/wp-content\/uploads\/2022\/01\/XT60-TVS_1-100x67.jpg 100w, https:\/\/iha-race.com\/wp-content\/uploads\/2022\/01\/XT60-TVS_1-525x350.jpg 525w, https:\/\/iha-race.com\/wp-content\/uploads\/2022\/01\/XT60-TVS_1-788x525.jpg 788w, https:\/\/iha-race.com\/wp-content\/uploads\/2022\/01\/XT60-TVS_1-600x400.jpg 600w\" sizes=\"(max-width: 1500px) 100vw, 1500px\" \/><\/li>\n<\/ul>\n","protected":false},"excerpt":{"rendered":"<p>Filtro de surto Matek (XT60-TVS) &nbsp; 2 x d\u00edodos TVS de alta pot\u00eancia e 1 x 470uF condensador ESR baixo a bordo TVS pode absorver uma grande sobretens\u00e3o no momento<\/p>\n","protected":false},"featured_media":107228,"comment_status":"open","ping_status":"closed","template":"","meta":{"_joinchat":[]},"pwb-brand":[],"product_cat":[2484,1118,2470],"product_tag":[],"class_list":{"0":"post-114108","1":"product","2":"type-product","3":"status-publish","4":"has-post-thumbnail","6":"product_cat-condensadores-pt-pt","7":"product_cat-fpv-electronica-e-acessorios","8":"product_cat-interruptores-electronicos-pt-pt","10":"first","11":"instock","12":"taxable","13":"shipping-taxable","14":"purchasable","15":"product-type-simple"},"barcode":null,"atum_controlled":true,"out_stock_date":null,"out_stock_threshold":null,"inheritable":false,"stock_on_hold":0,"sold_today":0,"sales_last_days":0,"out_stock_days":0,"lost_sales":0,"update_date":"2026-04-08T16:41:29","atum_locations":[],"atum_stock_status":"instock","restock_status":false,"low_stock_amount":"","sales_update_date":"2025-09-09T07:24:28","calc_backorders":null,"yoast_head":"<!-- This site is optimized with the Yoast SEO plugin v27.3 - https:\/\/yoast.com\/product\/yoast-seo-wordpress\/ -->\n<title>Filtro de surto Matek (XT60-TVS) - Iha Race<\/title>\n<meta name=\"robots\" content=\"index, follow, max-snippet:-1, max-image-preview:large, max-video-preview:-1\" \/>\n<link rel=\"canonical\" href=\"https:\/\/iha-race.com\/pt-pt\/produto\/matek-voltage-peak-filter-xt60-tvs\/\" \/>\n<meta property=\"og:locale\" content=\"pt_PT\" \/>\n<meta property=\"og:type\" content=\"article\" \/>\n<meta property=\"og:title\" content=\"Filtro de surto Matek (XT60-TVS) - Iha Race\" \/>\n<meta property=\"og:description\" content=\"Filtro de surto Matek (XT60-TVS) &nbsp; 2 x d\u00edodos TVS de alta pot\u00eancia e 1 x 470uF condensador ESR baixo a bordo TVS pode absorver uma grande sobretens\u00e3o no momento\" \/>\n<meta property=\"og:url\" content=\"https:\/\/iha-race.com\/pt-pt\/produto\/matek-voltage-peak-filter-xt60-tvs\/\" \/>\n<meta property=\"og:site_name\" content=\"Iha Race\" \/>\n<meta property=\"article:modified_time\" content=\"2024-08-29T10:10:57+00:00\" \/>\n<meta property=\"og:image\" content=\"https:\/\/iha-race.com\/wp-content\/uploads\/2022\/01\/Matek-Filtro-de-Picos-de-Voltaje-XT60-TVS.png\" \/>\n\t<meta property=\"og:image:width\" content=\"800\" \/>\n\t<meta property=\"og:image:height\" content=\"800\" \/>\n\t<meta property=\"og:image:type\" content=\"image\/png\" \/>\n<meta name=\"twitter:card\" content=\"summary_large_image\" \/>\n<script type=\"application\/ld+json\" class=\"yoast-schema-graph\">{\"@context\":\"https:\\\/\\\/schema.org\",\"@graph\":[{\"@type\":\"WebPage\",\"@id\":\"https:\\\/\\\/iha-race.com\\\/pt-pt\\\/produto\\\/matek-voltage-peak-filter-xt60-tvs\\\/\",\"url\":\"https:\\\/\\\/iha-race.com\\\/pt-pt\\\/produto\\\/matek-voltage-peak-filter-xt60-tvs\\\/\",\"name\":\"Filtro de surto Matek (XT60-TVS) - Iha Race\",\"isPartOf\":{\"@id\":\"https:\\\/\\\/iha-race.com\\\/pt-pt\\\/#website\"},\"primaryImageOfPage\":{\"@id\":\"https:\\\/\\\/iha-race.com\\\/pt-pt\\\/produto\\\/matek-voltage-peak-filter-xt60-tvs\\\/#primaryimage\"},\"image\":{\"@id\":\"https:\\\/\\\/iha-race.com\\\/pt-pt\\\/produto\\\/matek-voltage-peak-filter-xt60-tvs\\\/#primaryimage\"},\"thumbnailUrl\":\"https:\\\/\\\/iha-race.com\\\/wp-content\\\/uploads\\\/2022\\\/01\\\/Matek-Filtro-de-Picos-de-Voltaje-XT60-TVS.png\",\"datePublished\":\"2022-01-03T11:15:16+00:00\",\"dateModified\":\"2024-08-29T10:10:57+00:00\",\"breadcrumb\":{\"@id\":\"https:\\\/\\\/iha-race.com\\\/pt-pt\\\/produto\\\/matek-voltage-peak-filter-xt60-tvs\\\/#breadcrumb\"},\"inLanguage\":\"pt-PT\",\"potentialAction\":[{\"@type\":\"ReadAction\",\"target\":[\"https:\\\/\\\/iha-race.com\\\/pt-pt\\\/produto\\\/matek-voltage-peak-filter-xt60-tvs\\\/\"]}]},{\"@type\":\"ImageObject\",\"inLanguage\":\"pt-PT\",\"@id\":\"https:\\\/\\\/iha-race.com\\\/pt-pt\\\/produto\\\/matek-voltage-peak-filter-xt60-tvs\\\/#primaryimage\",\"url\":\"https:\\\/\\\/iha-race.com\\\/wp-content\\\/uploads\\\/2022\\\/01\\\/Matek-Filtro-de-Picos-de-Voltaje-XT60-TVS.png\",\"contentUrl\":\"https:\\\/\\\/iha-race.com\\\/wp-content\\\/uploads\\\/2022\\\/01\\\/Matek-Filtro-de-Picos-de-Voltaje-XT60-TVS.png\",\"width\":800,\"height\":800},{\"@type\":\"BreadcrumbList\",\"@id\":\"https:\\\/\\\/iha-race.com\\\/pt-pt\\\/produto\\\/matek-voltage-peak-filter-xt60-tvs\\\/#breadcrumb\",\"itemListElement\":[{\"@type\":\"ListItem\",\"position\":1,\"name\":\"Portada\",\"item\":\"https:\\\/\\\/iha-race.com\\\/pt-pt\\\/elementor-499\\\/\"},{\"@type\":\"ListItem\",\"position\":2,\"name\":\"Shop\",\"item\":\"https:\\\/\\\/iha-race.com\\\/pt-pt\\\/shop\\\/\"},{\"@type\":\"ListItem\",\"position\":3,\"name\":\"Filtro de surto Matek (XT60-TVS)\"}]},{\"@type\":\"WebSite\",\"@id\":\"https:\\\/\\\/iha-race.com\\\/pt-pt\\\/#website\",\"url\":\"https:\\\/\\\/iha-race.com\\\/pt-pt\\\/\",\"name\":\"Iha Race\",\"description\":\"Comprar drones de carreras FPV env\u00edos en un d\u00eda desde Espa\u00f1a\",\"publisher\":{\"@id\":\"https:\\\/\\\/iha-race.com\\\/pt-pt\\\/#organization\"},\"potentialAction\":[{\"@type\":\"SearchAction\",\"target\":{\"@type\":\"EntryPoint\",\"urlTemplate\":\"https:\\\/\\\/iha-race.com\\\/pt-pt\\\/?s={search_term_string}\"},\"query-input\":{\"@type\":\"PropertyValueSpecification\",\"valueRequired\":true,\"valueName\":\"search_term_string\"}}],\"inLanguage\":\"pt-PT\"},{\"@type\":\"Organization\",\"@id\":\"https:\\\/\\\/iha-race.com\\\/pt-pt\\\/#organization\",\"name\":\"Iha Race\",\"url\":\"https:\\\/\\\/iha-race.com\\\/pt-pt\\\/\",\"logo\":{\"@type\":\"ImageObject\",\"inLanguage\":\"pt-PT\",\"@id\":\"https:\\\/\\\/iha-race.com\\\/pt-pt\\\/#\\\/schema\\\/logo\\\/image\\\/\",\"url\":\"https:\\\/\\\/iha-race.com\\\/wp-content\\\/uploads\\\/2018\\\/07\\\/iha-race-drones-de-carreras-tienda-comprar-drones.png\",\"contentUrl\":\"https:\\\/\\\/iha-race.com\\\/wp-content\\\/uploads\\\/2018\\\/07\\\/iha-race-drones-de-carreras-tienda-comprar-drones.png\",\"width\":300,\"height\":100,\"caption\":\"Iha Race\"},\"image\":{\"@id\":\"https:\\\/\\\/iha-race.com\\\/pt-pt\\\/#\\\/schema\\\/logo\\\/image\\\/\"}}]}<\/script>\n<!-- \/ Yoast SEO plugin. -->","yoast_head_json":{"title":"Filtro de surto Matek (XT60-TVS) - Iha Race","robots":{"index":"index","follow":"follow","max-snippet":"max-snippet:-1","max-image-preview":"max-image-preview:large","max-video-preview":"max-video-preview:-1"},"canonical":"https:\/\/iha-race.com\/pt-pt\/produto\/matek-voltage-peak-filter-xt60-tvs\/","og_locale":"pt_PT","og_type":"article","og_title":"Filtro de surto Matek (XT60-TVS) - Iha Race","og_description":"Filtro de surto Matek (XT60-TVS) &nbsp; 2 x d\u00edodos TVS de alta pot\u00eancia e 1 x 470uF condensador ESR baixo a bordo TVS pode absorver uma grande sobretens\u00e3o no momento","og_url":"https:\/\/iha-race.com\/pt-pt\/produto\/matek-voltage-peak-filter-xt60-tvs\/","og_site_name":"Iha Race","article_modified_time":"2024-08-29T10:10:57+00:00","og_image":[{"width":800,"height":800,"url":"https:\/\/iha-race.com\/wp-content\/uploads\/2022\/01\/Matek-Filtro-de-Picos-de-Voltaje-XT60-TVS.png","type":"image\/png"}],"twitter_card":"summary_large_image","schema":{"@context":"https:\/\/schema.org","@graph":[{"@type":"WebPage","@id":"https:\/\/iha-race.com\/pt-pt\/produto\/matek-voltage-peak-filter-xt60-tvs\/","url":"https:\/\/iha-race.com\/pt-pt\/produto\/matek-voltage-peak-filter-xt60-tvs\/","name":"Filtro de surto Matek (XT60-TVS) - Iha Race","isPartOf":{"@id":"https:\/\/iha-race.com\/pt-pt\/#website"},"primaryImageOfPage":{"@id":"https:\/\/iha-race.com\/pt-pt\/produto\/matek-voltage-peak-filter-xt60-tvs\/#primaryimage"},"image":{"@id":"https:\/\/iha-race.com\/pt-pt\/produto\/matek-voltage-peak-filter-xt60-tvs\/#primaryimage"},"thumbnailUrl":"https:\/\/iha-race.com\/wp-content\/uploads\/2022\/01\/Matek-Filtro-de-Picos-de-Voltaje-XT60-TVS.png","datePublished":"2022-01-03T11:15:16+00:00","dateModified":"2024-08-29T10:10:57+00:00","breadcrumb":{"@id":"https:\/\/iha-race.com\/pt-pt\/produto\/matek-voltage-peak-filter-xt60-tvs\/#breadcrumb"},"inLanguage":"pt-PT","potentialAction":[{"@type":"ReadAction","target":["https:\/\/iha-race.com\/pt-pt\/produto\/matek-voltage-peak-filter-xt60-tvs\/"]}]},{"@type":"ImageObject","inLanguage":"pt-PT","@id":"https:\/\/iha-race.com\/pt-pt\/produto\/matek-voltage-peak-filter-xt60-tvs\/#primaryimage","url":"https:\/\/iha-race.com\/wp-content\/uploads\/2022\/01\/Matek-Filtro-de-Picos-de-Voltaje-XT60-TVS.png","contentUrl":"https:\/\/iha-race.com\/wp-content\/uploads\/2022\/01\/Matek-Filtro-de-Picos-de-Voltaje-XT60-TVS.png","width":800,"height":800},{"@type":"BreadcrumbList","@id":"https:\/\/iha-race.com\/pt-pt\/produto\/matek-voltage-peak-filter-xt60-tvs\/#breadcrumb","itemListElement":[{"@type":"ListItem","position":1,"name":"Portada","item":"https:\/\/iha-race.com\/pt-pt\/elementor-499\/"},{"@type":"ListItem","position":2,"name":"Shop","item":"https:\/\/iha-race.com\/pt-pt\/shop\/"},{"@type":"ListItem","position":3,"name":"Filtro de surto Matek (XT60-TVS)"}]},{"@type":"WebSite","@id":"https:\/\/iha-race.com\/pt-pt\/#website","url":"https:\/\/iha-race.com\/pt-pt\/","name":"Iha Race","description":"Comprar drones de carreras FPV env\u00edos en un d\u00eda desde Espa\u00f1a","publisher":{"@id":"https:\/\/iha-race.com\/pt-pt\/#organization"},"potentialAction":[{"@type":"SearchAction","target":{"@type":"EntryPoint","urlTemplate":"https:\/\/iha-race.com\/pt-pt\/?s={search_term_string}"},"query-input":{"@type":"PropertyValueSpecification","valueRequired":true,"valueName":"search_term_string"}}],"inLanguage":"pt-PT"},{"@type":"Organization","@id":"https:\/\/iha-race.com\/pt-pt\/#organization","name":"Iha Race","url":"https:\/\/iha-race.com\/pt-pt\/","logo":{"@type":"ImageObject","inLanguage":"pt-PT","@id":"https:\/\/iha-race.com\/pt-pt\/#\/schema\/logo\/image\/","url":"https:\/\/iha-race.com\/wp-content\/uploads\/2018\/07\/iha-race-drones-de-carreras-tienda-comprar-drones.png","contentUrl":"https:\/\/iha-race.com\/wp-content\/uploads\/2018\/07\/iha-race-drones-de-carreras-tienda-comprar-drones.png","width":300,"height":100,"caption":"Iha Race"},"image":{"@id":"https:\/\/iha-race.com\/pt-pt\/#\/schema\/logo\/image\/"}}]}},"brands":[],"_links":{"self":[{"href":"https:\/\/iha-race.com\/pt-pt\/wp-json\/wp\/v2\/product\/114108","targetHints":{"allow":["GET"]}}],"collection":[{"href":"https:\/\/iha-race.com\/pt-pt\/wp-json\/wp\/v2\/product"}],"about":[{"href":"https:\/\/iha-race.com\/pt-pt\/wp-json\/wp\/v2\/types\/product"}],"replies":[{"embeddable":true,"href":"https:\/\/iha-race.com\/pt-pt\/wp-json\/wp\/v2\/comments?post=114108"}],"version-history":[{"count":2,"href":"https:\/\/iha-race.com\/pt-pt\/wp-json\/wp\/v2\/product\/114108\/revisions"}],"predecessor-version":[{"id":249241,"href":"https:\/\/iha-race.com\/pt-pt\/wp-json\/wp\/v2\/product\/114108\/revisions\/249241"}],"wp:featuredmedia":[{"embeddable":true,"href":"https:\/\/iha-race.com\/pt-pt\/wp-json\/wp\/v2\/media\/107228"}],"wp:attachment":[{"href":"https:\/\/iha-race.com\/pt-pt\/wp-json\/wp\/v2\/media?parent=114108"}],"wp:term":[{"taxonomy":"pwb-brand","embeddable":true,"href":"https:\/\/iha-race.com\/pt-pt\/wp-json\/wp\/v2\/pwb-brand?post=114108"},{"taxonomy":"product_cat","embeddable":true,"href":"https:\/\/iha-race.com\/pt-pt\/wp-json\/wp\/v2\/product_cat?post=114108"},{"taxonomy":"product_tag","embeddable":true,"href":"https:\/\/iha-race.com\/pt-pt\/wp-json\/wp\/v2\/product_tag?post=114108"}],"curies":[{"name":"wp","href":"https:\/\/api.w.org\/{rel}","templated":true}]}}