{"id":114034,"date":"2021-09-24T16:00:23","date_gmt":"2021-09-24T14:00:23","guid":{"rendered":"https:\/\/iha-race.com\/producto\/taurus-x8-pro-8s-hd-cinelifter-c-dji-air-unit-bnf\/"},"modified":"2024-09-19T15:40:42","modified_gmt":"2024-09-19T13:40:42","slug":"taurus-x8-pro-8s-hd-cinelifter-w-dji-air-unit-bnf","status":"publish","type":"product","link":"https:\/\/iha-race.com\/pt-pt\/produto\/taurus-x8-pro-8s-hd-cinelifter-w-dji-air-unit-bnf\/","title":{"rendered":"Taurus X8 Pro 8S HD Cinelifter c\/ DJI Air Unit &#8211; BNF"},"content":{"rendered":"<h2>Taurus X8 Pro 8S HD Cinelifter c\/ DJI Air Unit &#8211; BNF<\/h2>\n<ul>\n<li><span style=\"color: #ff0000;\">Entrega m\u00ednima no prazo de 15\/25 dias.<\/span><\/li>\n<\/ul>\n<h3 class=\"product-property-title\">DESCRI\u00c7\u00c3O DO PRODUTO<\/h3>\n<div id=\"collapse-description\" class=\"desc-collapse showup\">\n<p><span style=\"color: #636363; font-family: sans-serif;\">Apresentamos-te<\/span>o nosso novo iFlight Taurus X8 Pro BNF! Concebida com profissionais para profissionais, uma BNF concebida para transportar grandes cargas \u00fateis que oferece uma plataforma universal com amortecimento suave para c\u00e2maras DSLR ou de cinema (Red Komodo, Zcam, BMPCC, etc.) com o sistema de transmiss\u00e3o HD FPV do DJI. 8 ESCs individuais de classe X para m\u00e1xima fiabilidade e pot\u00eancia. A redund\u00e2ncia \u00e9 um fator de seguran\u00e7a importante quando transportas equipamento cinematogr\u00e1fico dispendioso. Mesmo em caso de sobrecarga ou falha, os restantes variadores e motores poder\u00e3o devolver-lhe o seu equipamento. Em caso de problemas com interfer\u00eancia de sinal ou perda de sinal de r\u00e1dio, a fun\u00e7\u00e3o de salvamento GPS assumir\u00e1 automaticamente o controlo, subir\u00e1 para a altitude m\u00e1xima de voo, voltar\u00e1 a voar em linha recta e descer\u00e1 para o local de descolagem at\u00e9 que a transmiss\u00e3o do sinal seja recuperada (sem aterragem). O trem de aterragem TPU integrado proporciona altura suficiente para a maioria dos terrenos e oferece alguma protec\u00e7\u00e3o em aterragens mais duras. Carga \u00fatil m\u00e1xima de 2 kg para uma variedade de c\u00e2maras montadas no topo e a capacidade de afinar o suporte est\u00e1vel para um CG (Centro de Gravidade) perfeitamente equilibrado. A bateria 8S de montagem superior actua como fonte de energia e contrapeso para a maioria dos pesos de c\u00e2maras de pel\u00edcula comuns que podem ser facilmente intercambiados com o nosso sistema de montagem r\u00e1pida da bateria iFlight. A montagem ajust\u00e1vel da c\u00e2mara CNC de alum\u00ednio oferece \u00e2ngulos de 5 a 35 graus e pode ser fixada com seguran\u00e7a para resultados reprodut\u00edveis. Sem geleia, sem nervosismo, sem alarido; a nossa base da c\u00e2mara de carbono amortecida por bola de sil\u00edcio \u00e9 dissociada do resto da estrutura para reduzir a quantidade de vibra\u00e7\u00e3o gerada pelos motores e h\u00e9lices. Para obteres uma imagem cinematogr\u00e1fica perfeita, recomendamos a estabiliza\u00e7\u00e3o de software adicional no lan\u00e7amento (Reelsteady, Gyroflow, etc.) ou um m\u00f3dulo de hardware (por exemplo, SteadXP).  <\/p>\n<h3>Dados de teste:<\/h3>\n<p>  Tempo de voo com 5.000mAh 8S: &#8211; Sem c\u00e2mara instalada: 12min &#8211; C\u00e2mara instalada: 6-8min Velocidade m\u00e1xima: &#8211; Carga \u00fatil baixa: 160 km\/h &#8211; Carga \u00fatil alta: 130 km\/h Carga \u00fatil: &#8211; Carga \u00fatil m\u00e1xima: 2 kg &#8211; Carga \u00fatil recomendada: 1-1,5 kg  <\/p>\n<h3>Caracter\u00edsticas:<\/h3>\n<ul>\n<li>Tamanho grande XING2 3110 \/\/ Motores potentes com extremo desempenho de eleva\u00e7\u00e3o e voo<\/li>\n<li>8S Power System \/\/ Mais pot\u00eancia e velocidade<\/li>\n<li>8 controladores de motor ESC individuais de classe X para maior fiabilidade<\/li>\n<li>Comandante ESC Redundante iFlight PCB \/\/ Quadro de distribui\u00e7\u00e3o de energia com alta capacit\u00e2ncia, filtragem e dissipa\u00e7\u00e3o de calor<\/li>\n<li>M\u00f3dulo GPS pr\u00e9-instalado (fun\u00e7\u00e3o de salvamento BF GPS ou RTH GPS INAV dispon\u00edvel)<\/li>\n<li>Suporte e acess\u00f3rios universais para uma vasta gama de c\u00e2maras a instalar<\/li>\n<\/ul>\n<h3><\/h3>\n<div>\n<h3>PREDEFINIDO E PR\u00c9-DEFINIDO:<\/h3>\n<ul>\n<li>N\u00e3o se preocupe com a afina\u00e7\u00e3o, n\u00f3s j\u00e1 o fizemos por si! O PID b\u00e1sico e a afina\u00e7\u00e3o do filtro foram aplicados para uma grande experi\u00eancia de voo!<\/li>\n<li>O modo Angle-Mode (modo de n\u00edvel de auto-equil\u00edbrio) \u00e9 activado por defeito para assegurar que o seu primeiro voo n\u00e3o termine em desastre.<\/li>\n<li>Para restaurar m\u00fasicas ou actualiza\u00e7\u00f5es em falta, consulta o nosso artigo sobre <a href=\"https:\/\/iflightrc.freshdesk.com\/support\/solutions\/articles\/48001148115-firmware-wiring-factory-dumps\" target=\"_blank\" rel=\"noopener\">&#8220;Descarga de firmware\/f\u00e1brica&#8221;<\/a>.<a href=\"https:\/\/iflightrc.freshdesk.com\/support\/solutions\/articles\/48001148115-firmware-wiring-factory-dumps\" target=\"_blank\" rel=\"noopener\"> <\/a><\/li>\n<li>O GPS Rescue est\u00e1 ativado por predefini\u00e7\u00e3o. Consulta o nosso artigo sobre <a href=\"https:\/\/iflightrc.freshdesk.com\/support\/solutions\/articles\/48001187193-gps-rescue-mode-setup-taurus-x8-\" target=\"_blank\" rel=\"noopener\">&#8220;Modo de salvamento GPS \/\/ Configura\u00e7\u00e3o&#8221;<\/a>.<\/li>\n<li>Consulta o nosso artigo sobre <a href=\"https:\/\/iflightrc.freshdesk.com\/a\/solutions\/articles\/48001158403\" target=\"_blank\" rel=\"noopener\">&#8220;Como desativar o modo de \u00e2ngulo e ativar o modo Acro&#8221;<\/a>.<\/li>\n<\/ul>\n<h3>Especifica\u00e7\u00f5es do Taurus X8 Pro BNF:<\/h3>\n<ul>\n<li>M\u00f3dulo GPS: iFlight M8Q-5883-GPS &amp; Compass V2.0<\/li>\n<li>Dimens\u00f5es totais: 430 mm * 350 mm (dimens\u00e3o do corpo)<\/li>\n<li>Espessura da placa superior (m\u00e9dia): 3,5 mm<\/li>\n<li>Peso: 2,3 kg \u00b1 5 g (sem bateria)<\/li>\n<li>Espessura da placa inferior: 3,5 mm<\/li>\n<\/ul>\n<p>&nbsp;<\/p>\n<ul>\n<li>BLITZ F7 Pro Controlador de Voo<\/li>\n<li>Motor: XING2 3110 900KV<\/li>\n<li>Espessura da placa superior: 3 mm<\/li>\n<li>Espessura do bra\u00e7o: 8 mm<\/li>\n<li>Tamanho da h\u00e9lice: 8 polegadas<\/li>\n<li>Dist\u00e2ncia entre eixos: 450 mm<\/li>\n<\/ul>\n<h3>FC \/\/ Controlador de voo BLITZ F7 Pro<\/h3>\n<ul>\n<li>Padr\u00e3o de montagem: 35 * 35 mm \/ 4 mm di\u00e2metro do orif\u00edcio PCB<\/li>\n<li>Suporte de protocolo VTX de \u00e1udio inteligente\/IRC Tramp VTX<\/li>\n<li>Firmware alvo: IFLIGHT_BLITZ_F7_PRO<\/li>\n<li>BlackBox: 512 MB a bordo<\/li>\n<li>Dimens\u00f5es: 41*41,5mm<\/li>\n<li>BCE: 5V\/2.5A, 12V\/2A<\/li>\n<li>Bar\u00f3metro: DPS310<\/li>\n<li>Chip OSD: AT7456E<\/li>\n<li>Condutor LED: Sim<\/li>\n<li>UCM: STM32 F722<\/li>\n<li>Peso: 17g (\u00b12)<\/li>\n<li>Almofada de bip: Sim<\/li>\n<li>Girosc\u00f3pio: MPU6000<\/li>\n<li>TERRENOS: 6<\/li>\n<\/ul>\n<h3>ESC \/\/ 2 x iFlight ESC Commander PCB (8x SucceX X80A)<\/h3>\n<ul>\n<li>Apoia at\u00e9 Dshot600, Proshot, Oneshot, Multishot<\/li>\n<li>Objectivo do Firmware: iFlight-BL32-PRO<\/li>\n<li>Frequ\u00eancia PWM at\u00e9 48 kHz<\/li>\n<li>Padr\u00e3o de montagem: 40*17mm<\/li>\n<li>Constante: 80A \/ Burst: 100A<\/li>\n<li>Capacit\u00e2ncia: 470uF\/35V<\/li>\n<li>BlHeli32 telemetria: Sim<\/li>\n<li>Sensor de corrente: Sim<\/li>\n<li>Entrada: 2-8S LIPO<\/li>\n<li><a href=\"peso:8,1g\">Peso: 8.1g<\/a><\/li>\n<li>UCM: F051<\/li>\n<li>BEC: N\u00e3o<\/li>\n<\/ul>\n<h3>Taurus X8 Pro HD BNF Componentes e pe\u00e7as inclu\u00eddas<\/h3>\n<ul>\n<li>8 HQ 8X4X3 H\u00e9lices CW + 8 HQ 8X4X3 H\u00e9lices CW (a cor pode variar)<\/li>\n<li>2 antenas Albatross LHCP 5.8GHz SMA FPV<\/li>\n<li>1 cabo adaptador XT90 macho para XT60 f\u00eamea.<\/li>\n<li>2 x correia iFlight Lipo 20*400mm (Preto)<\/li>\n<li>2 x correia iFlight Lipo 20*500mm (Preto)<\/li>\n<li>1 x Taurus X8 Pro pr\u00e9-constru\u00eddo e testado<\/li>\n<li>1 x m\u00f3dulo compressor DJI FPV + c\u00e2mara<\/li>\n<li>1 x suporte de cames em liga de alum\u00ednio CNC<\/li>\n<\/ul>\n<\/div>\n<div>\n<ul>\n<li>1 XT90 ficha de fumo inteligente<\/li>\n<li>1 chave de porcas.<\/li>\n<\/ul>\n<h3>Importante<\/h3>\n<p>  O comando \u00e0 dist\u00e2ncia DJI \u00e9 recomendado para principiantes, pois n\u00e3o ter\u00e1s de configurar outro recetor, mas tamb\u00e9m \u00e9 opcional neste drone BNF, pois N\u00c3O \u00e9 necess\u00e1rio para utilizar o sistema FPV. Se n\u00e3o quiseres utilizar o comando \u00e0 dist\u00e2ncia da DJI, podes escolher uma op\u00e7\u00e3o de recetor para o teu transmissor e lig\u00e1-lo ao teu pr\u00f3prio r\u00e1dio como habitualmente.  <em>Nota: Todos os BNFs iFlight s\u00e3o testados antes do envio para garantir a mais alta qualidade.  <\/em><\/p>\n<\/div>\n<\/div>\n<p>&nbsp;<\/p>\n<p>&nbsp;<\/p>\n","protected":false},"excerpt":{"rendered":"<p><strong>O iFlight Taurus<\/strong> X8 BNF, um equipamento pesado para levantares as grandes c\u00e2maras! <span style=\"color: #ff0000;\"><em><strong>ENVIA 10 A 15 DIAS AP\u00d3S A COMPRA<\/strong><\/em><\/span><\/p>\n","protected":false},"featured_media":257675,"comment_status":"open","ping_status":"closed","template":"","meta":{"_joinchat":[]},"pwb-brand":[3571],"product_cat":[1458,3674],"product_tag":[],"class_list":{"0":"post-114034","1":"product","2":"type-product","3":"status-publish","4":"has-post-thumbnail","6":"pwb-brand-iflight","7":"product_cat-fpv-drones","8":"product_cat-rtf-montado","10":"first","11":"instock","12":"taxable","13":"shipping-taxable","14":"purchasable","15":"product-type-simple"},"barcode":null,"atum_controlled":true,"out_stock_date":null,"out_stock_threshold":null,"inheritable":false,"stock_on_hold":0,"sold_today":0,"sales_last_days":0,"out_stock_days":0,"lost_sales":0,"update_date":"2026-04-18T22:18:12","atum_locations":[],"atum_stock_status":"instock","restock_status":false,"low_stock_amount":"","sales_update_date":"2026-04-18T22:18:12","calc_backorders":null,"yoast_head":"<!-- This site is optimized with the Yoast SEO plugin v27.3 - https:\/\/yoast.com\/product\/yoast-seo-wordpress\/ -->\n<title>Taurus X8 Pro 8S HD Cinelifter c\/ DJI Air Unit - BNF - Iha Race<\/title>\n<meta name=\"robots\" content=\"index, follow, max-snippet:-1, max-image-preview:large, max-video-preview:-1\" \/>\n<link rel=\"canonical\" href=\"https:\/\/iha-race.com\/pt-pt\/produto\/taurus-x8-pro-8s-hd-cinelifter-w-dji-air-unit-bnf\/\" \/>\n<meta property=\"og:locale\" content=\"pt_PT\" \/>\n<meta property=\"og:type\" content=\"article\" \/>\n<meta property=\"og:title\" content=\"Taurus X8 Pro 8S HD Cinelifter c\/ DJI Air Unit - BNF - Iha Race\" \/>\n<meta property=\"og:description\" content=\"O iFlight Taurus X8 BNF, um equipamento pesado para levantares as grandes c\u00e2maras! ENVIA 10 A 15 DIAS AP\u00d3S A COMPRA\" \/>\n<meta property=\"og:url\" content=\"https:\/\/iha-race.com\/pt-pt\/produto\/taurus-x8-pro-8s-hd-cinelifter-w-dji-air-unit-bnf\/\" \/>\n<meta property=\"og:site_name\" content=\"Iha Race\" \/>\n<meta property=\"article:modified_time\" content=\"2024-09-19T13:40:42+00:00\" \/>\n<meta property=\"og:image\" content=\"https:\/\/iha-race.com\/wp-content\/uploads\/2021\/09\/X8-Pro-1.png\" \/>\n\t<meta property=\"og:image:width\" content=\"1000\" \/>\n\t<meta property=\"og:image:height\" content=\"1000\" \/>\n\t<meta property=\"og:image:type\" content=\"image\/png\" \/>\n<meta name=\"twitter:card\" content=\"summary_large_image\" \/>\n<meta name=\"twitter:label1\" content=\"Tempo estimado de leitura\" \/>\n\t<meta name=\"twitter:data1\" content=\"5 minutos\" \/>\n<script type=\"application\/ld+json\" class=\"yoast-schema-graph\">{\"@context\":\"https:\\\/\\\/schema.org\",\"@graph\":[{\"@type\":\"WebPage\",\"@id\":\"https:\\\/\\\/iha-race.com\\\/pt-pt\\\/produto\\\/taurus-x8-pro-8s-hd-cinelifter-w-dji-air-unit-bnf\\\/\",\"url\":\"https:\\\/\\\/iha-race.com\\\/pt-pt\\\/produto\\\/taurus-x8-pro-8s-hd-cinelifter-w-dji-air-unit-bnf\\\/\",\"name\":\"Taurus X8 Pro 8S HD Cinelifter c\\\/ DJI Air Unit - BNF - Iha Race\",\"isPartOf\":{\"@id\":\"https:\\\/\\\/iha-race.com\\\/pt-pt\\\/#website\"},\"primaryImageOfPage\":{\"@id\":\"https:\\\/\\\/iha-race.com\\\/pt-pt\\\/produto\\\/taurus-x8-pro-8s-hd-cinelifter-w-dji-air-unit-bnf\\\/#primaryimage\"},\"image\":{\"@id\":\"https:\\\/\\\/iha-race.com\\\/pt-pt\\\/produto\\\/taurus-x8-pro-8s-hd-cinelifter-w-dji-air-unit-bnf\\\/#primaryimage\"},\"thumbnailUrl\":\"https:\\\/\\\/iha-race.com\\\/wp-content\\\/uploads\\\/2021\\\/09\\\/Elevador-de-cine-Taurus-X8-Pro-Max-O4-8S-HD.webp\",\"datePublished\":\"2021-09-24T14:00:23+00:00\",\"dateModified\":\"2024-09-19T13:40:42+00:00\",\"breadcrumb\":{\"@id\":\"https:\\\/\\\/iha-race.com\\\/pt-pt\\\/produto\\\/taurus-x8-pro-8s-hd-cinelifter-w-dji-air-unit-bnf\\\/#breadcrumb\"},\"inLanguage\":\"pt-PT\",\"potentialAction\":[{\"@type\":\"ReadAction\",\"target\":[\"https:\\\/\\\/iha-race.com\\\/pt-pt\\\/produto\\\/taurus-x8-pro-8s-hd-cinelifter-w-dji-air-unit-bnf\\\/\"]}]},{\"@type\":\"ImageObject\",\"inLanguage\":\"pt-PT\",\"@id\":\"https:\\\/\\\/iha-race.com\\\/pt-pt\\\/produto\\\/taurus-x8-pro-8s-hd-cinelifter-w-dji-air-unit-bnf\\\/#primaryimage\",\"url\":\"https:\\\/\\\/iha-race.com\\\/wp-content\\\/uploads\\\/2021\\\/09\\\/Elevador-de-cine-Taurus-X8-Pro-Max-O4-8S-HD.webp\",\"contentUrl\":\"https:\\\/\\\/iha-race.com\\\/wp-content\\\/uploads\\\/2021\\\/09\\\/Elevador-de-cine-Taurus-X8-Pro-Max-O4-8S-HD.webp\",\"width\":800,\"height\":800,\"caption\":\"Comprar Elevador de cine Taurus X8 Pro Max O4 8S HD\"},{\"@type\":\"BreadcrumbList\",\"@id\":\"https:\\\/\\\/iha-race.com\\\/pt-pt\\\/produto\\\/taurus-x8-pro-8s-hd-cinelifter-w-dji-air-unit-bnf\\\/#breadcrumb\",\"itemListElement\":[{\"@type\":\"ListItem\",\"position\":1,\"name\":\"Portada\",\"item\":\"https:\\\/\\\/iha-race.com\\\/pt-pt\\\/elementor-499\\\/\"},{\"@type\":\"ListItem\",\"position\":2,\"name\":\"Shop\",\"item\":\"https:\\\/\\\/iha-race.com\\\/pt-pt\\\/shop\\\/\"},{\"@type\":\"ListItem\",\"position\":3,\"name\":\"Taurus X8 Pro 8S HD Cinelifter c\\\/ DJI Air Unit &#8211; BNF\"}]},{\"@type\":\"WebSite\",\"@id\":\"https:\\\/\\\/iha-race.com\\\/pt-pt\\\/#website\",\"url\":\"https:\\\/\\\/iha-race.com\\\/pt-pt\\\/\",\"name\":\"Iha Race\",\"description\":\"Comprar drones de carreras FPV env\u00edos en un d\u00eda desde Espa\u00f1a\",\"publisher\":{\"@id\":\"https:\\\/\\\/iha-race.com\\\/pt-pt\\\/#organization\"},\"potentialAction\":[{\"@type\":\"SearchAction\",\"target\":{\"@type\":\"EntryPoint\",\"urlTemplate\":\"https:\\\/\\\/iha-race.com\\\/pt-pt\\\/?s={search_term_string}\"},\"query-input\":{\"@type\":\"PropertyValueSpecification\",\"valueRequired\":true,\"valueName\":\"search_term_string\"}}],\"inLanguage\":\"pt-PT\"},{\"@type\":\"Organization\",\"@id\":\"https:\\\/\\\/iha-race.com\\\/pt-pt\\\/#organization\",\"name\":\"Iha Race\",\"url\":\"https:\\\/\\\/iha-race.com\\\/pt-pt\\\/\",\"logo\":{\"@type\":\"ImageObject\",\"inLanguage\":\"pt-PT\",\"@id\":\"https:\\\/\\\/iha-race.com\\\/pt-pt\\\/#\\\/schema\\\/logo\\\/image\\\/\",\"url\":\"https:\\\/\\\/iha-race.com\\\/wp-content\\\/uploads\\\/2018\\\/07\\\/iha-race-drones-de-carreras-tienda-comprar-drones.png\",\"contentUrl\":\"https:\\\/\\\/iha-race.com\\\/wp-content\\\/uploads\\\/2018\\\/07\\\/iha-race-drones-de-carreras-tienda-comprar-drones.png\",\"width\":300,\"height\":100,\"caption\":\"Iha Race\"},\"image\":{\"@id\":\"https:\\\/\\\/iha-race.com\\\/pt-pt\\\/#\\\/schema\\\/logo\\\/image\\\/\"}}]}<\/script>\n<!-- \/ Yoast SEO plugin. -->","yoast_head_json":{"title":"Taurus X8 Pro 8S HD Cinelifter c\/ DJI Air Unit - BNF - Iha Race","robots":{"index":"index","follow":"follow","max-snippet":"max-snippet:-1","max-image-preview":"max-image-preview:large","max-video-preview":"max-video-preview:-1"},"canonical":"https:\/\/iha-race.com\/pt-pt\/produto\/taurus-x8-pro-8s-hd-cinelifter-w-dji-air-unit-bnf\/","og_locale":"pt_PT","og_type":"article","og_title":"Taurus X8 Pro 8S HD Cinelifter c\/ DJI Air Unit - BNF - Iha Race","og_description":"O iFlight Taurus X8 BNF, um equipamento pesado para levantares as grandes c\u00e2maras! ENVIA 10 A 15 DIAS AP\u00d3S A COMPRA","og_url":"https:\/\/iha-race.com\/pt-pt\/produto\/taurus-x8-pro-8s-hd-cinelifter-w-dji-air-unit-bnf\/","og_site_name":"Iha Race","article_modified_time":"2024-09-19T13:40:42+00:00","og_image":[{"width":1000,"height":1000,"url":"https:\/\/iha-race.com\/wp-content\/uploads\/2021\/09\/X8-Pro-1.png","type":"image\/png"}],"twitter_card":"summary_large_image","twitter_misc":{"Tempo estimado de leitura":"5 minutos"},"schema":{"@context":"https:\/\/schema.org","@graph":[{"@type":"WebPage","@id":"https:\/\/iha-race.com\/pt-pt\/produto\/taurus-x8-pro-8s-hd-cinelifter-w-dji-air-unit-bnf\/","url":"https:\/\/iha-race.com\/pt-pt\/produto\/taurus-x8-pro-8s-hd-cinelifter-w-dji-air-unit-bnf\/","name":"Taurus X8 Pro 8S HD Cinelifter c\/ DJI Air Unit - BNF - Iha Race","isPartOf":{"@id":"https:\/\/iha-race.com\/pt-pt\/#website"},"primaryImageOfPage":{"@id":"https:\/\/iha-race.com\/pt-pt\/produto\/taurus-x8-pro-8s-hd-cinelifter-w-dji-air-unit-bnf\/#primaryimage"},"image":{"@id":"https:\/\/iha-race.com\/pt-pt\/produto\/taurus-x8-pro-8s-hd-cinelifter-w-dji-air-unit-bnf\/#primaryimage"},"thumbnailUrl":"https:\/\/iha-race.com\/wp-content\/uploads\/2021\/09\/Elevador-de-cine-Taurus-X8-Pro-Max-O4-8S-HD.webp","datePublished":"2021-09-24T14:00:23+00:00","dateModified":"2024-09-19T13:40:42+00:00","breadcrumb":{"@id":"https:\/\/iha-race.com\/pt-pt\/produto\/taurus-x8-pro-8s-hd-cinelifter-w-dji-air-unit-bnf\/#breadcrumb"},"inLanguage":"pt-PT","potentialAction":[{"@type":"ReadAction","target":["https:\/\/iha-race.com\/pt-pt\/produto\/taurus-x8-pro-8s-hd-cinelifter-w-dji-air-unit-bnf\/"]}]},{"@type":"ImageObject","inLanguage":"pt-PT","@id":"https:\/\/iha-race.com\/pt-pt\/produto\/taurus-x8-pro-8s-hd-cinelifter-w-dji-air-unit-bnf\/#primaryimage","url":"https:\/\/iha-race.com\/wp-content\/uploads\/2021\/09\/Elevador-de-cine-Taurus-X8-Pro-Max-O4-8S-HD.webp","contentUrl":"https:\/\/iha-race.com\/wp-content\/uploads\/2021\/09\/Elevador-de-cine-Taurus-X8-Pro-Max-O4-8S-HD.webp","width":800,"height":800,"caption":"Comprar Elevador de cine Taurus X8 Pro Max O4 8S HD"},{"@type":"BreadcrumbList","@id":"https:\/\/iha-race.com\/pt-pt\/produto\/taurus-x8-pro-8s-hd-cinelifter-w-dji-air-unit-bnf\/#breadcrumb","itemListElement":[{"@type":"ListItem","position":1,"name":"Portada","item":"https:\/\/iha-race.com\/pt-pt\/elementor-499\/"},{"@type":"ListItem","position":2,"name":"Shop","item":"https:\/\/iha-race.com\/pt-pt\/shop\/"},{"@type":"ListItem","position":3,"name":"Taurus X8 Pro 8S HD Cinelifter c\/ DJI Air Unit &#8211; BNF"}]},{"@type":"WebSite","@id":"https:\/\/iha-race.com\/pt-pt\/#website","url":"https:\/\/iha-race.com\/pt-pt\/","name":"Iha Race","description":"Comprar drones de carreras FPV env\u00edos en un d\u00eda desde Espa\u00f1a","publisher":{"@id":"https:\/\/iha-race.com\/pt-pt\/#organization"},"potentialAction":[{"@type":"SearchAction","target":{"@type":"EntryPoint","urlTemplate":"https:\/\/iha-race.com\/pt-pt\/?s={search_term_string}"},"query-input":{"@type":"PropertyValueSpecification","valueRequired":true,"valueName":"search_term_string"}}],"inLanguage":"pt-PT"},{"@type":"Organization","@id":"https:\/\/iha-race.com\/pt-pt\/#organization","name":"Iha Race","url":"https:\/\/iha-race.com\/pt-pt\/","logo":{"@type":"ImageObject","inLanguage":"pt-PT","@id":"https:\/\/iha-race.com\/pt-pt\/#\/schema\/logo\/image\/","url":"https:\/\/iha-race.com\/wp-content\/uploads\/2018\/07\/iha-race-drones-de-carreras-tienda-comprar-drones.png","contentUrl":"https:\/\/iha-race.com\/wp-content\/uploads\/2018\/07\/iha-race-drones-de-carreras-tienda-comprar-drones.png","width":300,"height":100,"caption":"Iha Race"},"image":{"@id":"https:\/\/iha-race.com\/pt-pt\/#\/schema\/logo\/image\/"}}]}},"jetpack_sharing_enabled":true,"brands":[{"id":3571,"name":"iFlight","slug":"iflight"}],"_links":{"self":[{"href":"https:\/\/iha-race.com\/pt-pt\/wp-json\/wp\/v2\/product\/114034","targetHints":{"allow":["GET"]}}],"collection":[{"href":"https:\/\/iha-race.com\/pt-pt\/wp-json\/wp\/v2\/product"}],"about":[{"href":"https:\/\/iha-race.com\/pt-pt\/wp-json\/wp\/v2\/types\/product"}],"replies":[{"embeddable":true,"href":"https:\/\/iha-race.com\/pt-pt\/wp-json\/wp\/v2\/comments?post=114034"}],"version-history":[{"count":4,"href":"https:\/\/iha-race.com\/pt-pt\/wp-json\/wp\/v2\/product\/114034\/revisions"}],"predecessor-version":[{"id":251212,"href":"https:\/\/iha-race.com\/pt-pt\/wp-json\/wp\/v2\/product\/114034\/revisions\/251212"}],"wp:featuredmedia":[{"embeddable":true,"href":"https:\/\/iha-race.com\/pt-pt\/wp-json\/wp\/v2\/media\/257675"}],"wp:attachment":[{"href":"https:\/\/iha-race.com\/pt-pt\/wp-json\/wp\/v2\/media?parent=114034"}],"wp:term":[{"taxonomy":"pwb-brand","embeddable":true,"href":"https:\/\/iha-race.com\/pt-pt\/wp-json\/wp\/v2\/pwb-brand?post=114034"},{"taxonomy":"product_cat","embeddable":true,"href":"https:\/\/iha-race.com\/pt-pt\/wp-json\/wp\/v2\/product_cat?post=114034"},{"taxonomy":"product_tag","embeddable":true,"href":"https:\/\/iha-race.com\/pt-pt\/wp-json\/wp\/v2\/product_tag?post=114034"}],"curies":[{"name":"wp","href":"https:\/\/api.w.org\/{rel}","templated":true}]}}