{"id":114020,"date":"2021-09-24T14:43:54","date_gmt":"2021-09-24T12:43:54","guid":{"rendered":"https:\/\/iha-race.com\/producto\/kit-combo-holybro-kopis-cinematic-x8\/"},"modified":"2024-08-29T12:17:40","modified_gmt":"2024-08-29T10:17:40","slug":"combo-kit-holybro-kopis-cinematic-x8","status":"publish","type":"product","link":"https:\/\/iha-race.com\/pt-pt\/produto\/combo-kit-holybro-kopis-cinematic-x8\/","title":{"rendered":"Kit Combo Holybro Kopis Cinematic X8"},"content":{"rendered":"<h2>Kit Combo Holybro Kopis Cinematic X8:<\/h2>\n<p>  A Holybro Kopis cinematic X8 \u00e9 um modelo potente e robusto concebido para profissionais. Com uma estrutura de fibra de carbono que proporciona um bom desempenho de absor\u00e7\u00e3o de choques, o Kopis Cinematic X8 oferece uma plataforma perfeita com um \u00e2ngulo de instala\u00e7\u00e3o ajust\u00e1vel dispon\u00edvel de 0 a 25\u00b0. para c\u00e2maras SLR e HD como a Comodo; zcam-e2; Sony a7s3 e Panasonic S5, etc. Com configura\u00e7\u00f5es redundantes de ESC e motor compat\u00edveis, o melhor desempenho e seguran\u00e7a s\u00e3o garantidos. O assento de instala\u00e7\u00e3o para o sistema digital DJI FPV Air Unit VTx foi reservado. Duas pe\u00e7as de bra\u00e7os de fibra de carbono de 5mm fornecem um suporte estrutural fi\u00e1vel para este poderoso quad. Tamb\u00e9m temos a nova vers\u00e3o Holybro KAKUTE F7 V1.5, KAKUTE F7 HDV, KAKUTE F7 Mini V3 que s\u00e3o compat\u00edveis com o X8.  &nbsp;<\/p>\n<h2><strong>Especifica\u00e7\u00f5es do Combo:<\/strong><\/h2>\n<ul>\n<li>O tempo <strong>estimado<\/strong> de envio desde a recep\u00e7\u00e3o da encomenda at\u00e9 \u00e0 sua conclus\u00e3o \u00e9 de 6\/8<em> dias <\/em>.  <\/li>\n<\/ul>\n<h2><img fetchpriority=\"high\" decoding=\"async\" class=\"aligncenter\" src=\"https:\/\/shop.holybro.com\/u_file\/2107\/photo\/ce1fedf43d.jpg\" alt=\"\" width=\"894\" height=\"894\"><\/h2>\n<h3>\u25cb Com o Sistema Polar Kit:<\/h3>\n<ul>\n<li><strong>Moldura:<\/strong> <a href=\"https:\/\/iha-race.com\/producto\/frame-kit-holybro-kopis-cinematic-x8\/\">Kit de Moldura Holybro Kopis Cinematic X8<\/a><\/li>\n<li><a href=\"https:\/\/iha-race.com\/producto\/controlador-de-vuelo-lumenier-lux-h7-hd-ultimate\/\">FC\uff1aControlador de voo Lumenier LUX H7 HD Ultimate<\/a><\/li>\n<li><strong>ESC\uff1aESC<\/strong><a href=\"https:\/\/iha-race.com\/producto\/esc-foxeer-reaper-96k-65a-bl32-4in1-38s\/\">Foxeer Reaper 96K 65A BL32 4em1 3~8S<\/a><\/li>\n<li><a href=\"https:\/\/iha-race.com\/producto\/motor-t-motor-f90-1300kv-1500kv\/\">Motores\uff1aT-Motor F90 (1300Kv)<\/a><\/li>\n<li><strong>Propellers\uff1aHQ<\/strong><a href=\"https:\/\/iha-race.com\/producto\/hq-durable-prop-7x4x3-gris-claro-2cw-2ccw\/\">Propulsor Dur\u00e1vel 7X4X3 Cinzento Claro (2CW + 2CCW)<\/a><\/li>\n<li><strong>Digital System\uff1aKit<\/strong><a href=\"https:\/\/iha-race.com\/producto\/kit-polar-vista-caddx-fpv-starlight-sistema-digital-hd\/\">Polar Vista Caddx FPV Starlight Sistema Digital HD Starlight<\/a><\/li>\n<li><strong>Pilhas recomendadas:<\/strong> 6S 5000 mAh (N\u00e3o inclu\u00eddas)<\/li>\n<li><strong>Capacidade de carga \u00fatil:<\/strong> 1,5 kg<\/li>\n<li><strong>Tempo de voo estimado<\/strong>: 5 minutos (com 1,5 kg de carga \u00fatil) &#8211; 11 minutos (sem carga \u00fatil)<\/li>\n<\/ul>\n<div>**  <em><strong>Nota:<\/strong> O tempo de voo foi testado com uma bateria de 6 s 5000 mAh com motor de 2806,5 1300 kv e acess\u00f3rios de 7040. O tempo de voo pode variar em fun\u00e7\u00e3o da carga \u00fatil e do tamanho da bateria.<\/em><\/div>\n<div><\/div>\n<div>\n<h3>\u25cb Sem Sistema de Kit Polar:<\/h3>\n<ul>\n<li><strong>Moldura:<\/strong> <a href=\"https:\/\/iha-race.com\/producto\/frame-kit-holybro-kopis-cinematic-x8\/\">Kit de Moldura Holybro Kopis Cinematic X8<\/a><\/li>\n<li><a href=\"https:\/\/iha-race.com\/producto\/controlador-de-vuelo-lumenier-lux-h7-hd-ultimate\/\">FC\uff1aControlador de voo Lumenier LUX H7 HD Ultimate<\/a><\/li>\n<li><strong>ESC\uff1aESC<\/strong><a href=\"https:\/\/iha-race.com\/producto\/esc-foxeer-reaper-96k-65a-bl32-4in1-38s\/\">Foxeer Reaper 96K 65A BL32 4em1 3~8S<\/a><\/li>\n<li><a href=\"https:\/\/iha-race.com\/producto\/motor-t-motor-f90-1300kv-1500kv\/\">Motores\uff1aT-Motor F90 (1300Kv)<\/a><\/li>\n<li><strong>Propellers\uff1aHQ<\/strong><a href=\"https:\/\/iha-race.com\/producto\/hq-durable-prop-7x4x3-gris-claro-2cw-2ccw\/\">Propulsor Dur\u00e1vel 7X4X3 Cinzento Claro (2CW + 2CCW)<\/a><\/li>\n<li><strong>C\u00e2mara fotogr\u00e1fica:<\/strong> <a href=\"https:\/\/iha-race.com\/producto\/camara-fpv-runcam-racer-5\/\">C\u00e2mara RunCam Racer 5 FPV <\/a> <\/li>\n<li><strong>Pilhas recomendadas:<\/strong> 6S 5000 mAh (N\u00e3o inclu\u00eddas)<\/li>\n<li><strong>Capacidade de carga \u00fatil:<\/strong> 1,5 kg<\/li>\n<li><strong>Tempo de voo estimado<\/strong>: 5 minutos (com 1,5 kg de carga \u00fatil) &#8211; 11 minutos (sem carga \u00fatil)<\/li>\n<\/ul>\n<div>**  <em><strong>Nota:<\/strong> O tempo de voo foi testado com uma bateria de 6 s 5000 mAh com motor de 2806,5 1300 kv e acess\u00f3rios de 7040. O tempo de voo pode variar em fun\u00e7\u00e3o da carga \u00fatil e do tamanho da bateria.<\/em><\/div>\n<\/div>\n<div><\/div>\n<div>\n<h2><strong>O pacote inclui:<\/strong><\/h2>\n<ul>\n<li>1 x Kit de Moldura Holybro Kopis Cinematic X8<\/li>\n<li>1 x controlador de voo Lumenier LUX H7 HD Ultimate<\/li>\n<li>2 x ESC Foxeer Reaper 96K 65A BL32 4em1 3~8S<\/li>\n<li>8 x motor T-Motor F90 (1300Kv)<\/li>\n<li>1 x controlador de voo Lumenier LUX H7 HD Ultimate<\/li>\n<li>1 x TBS UNIFY EVO<\/li>\n<li>8 x HQ Propulsor Dur\u00e1vel 7X4X3 Cinzento Claro (2CW + 2CCW)<\/li>\n<li>Chaves de fendas?<\/li>\n<li>Correias?<\/li>\n<li><strong>DISPON\u00cdVEL NO MODELO DO KIT POLAR:<\/strong> 1 x Kit Polar Vista Caddx FPV Starlight Sistema Digital HD Starlight<\/li>\n<\/ul>\n<\/div>\n<h3><\/h3>\n<h3>Downloads:<\/h3>\n<ul>\n<li><a href=\"http:\/\/www.holybro.com\/manual\/Holybro_Kopis_Cinematic%20X8_QuickStartGuide.pdf\">Kopis Cinematic X8 QuickStartGuide<\/a><\/li>\n<li><a href=\"http:\/\/www.holybro.com\/manual\/Holybro_Kopis_Cinematic_X8_Assembly_Guide.pdf\">Kopis Cinematic X8 Assembly_Guide<\/a><\/li>\n<\/ul>\n<p>&nbsp;<\/p>\n<h3><strong>Impress\u00e3o em 3D:<\/strong><\/h3>\n<ul>\n<li><a href=\"http:\/\/www.holybro.com\/3D_Print\/Kopis_Cinematic_X8_3D_Print_STL_Files.rar\">Kopis Cinematic X8 3D Print STL Files.rar<\/a><\/li>\n<\/ul>\n<p>&nbsp;<\/p>\n","protected":false},"excerpt":{"rendered":"<p>Kit Combo Holybro Kopis Cinematic X8: A Holybro Kopis cinematic X8 \u00e9 um modelo potente e robusto concebido para profissionais. Com uma estrutura de fibra de carbono que proporciona um<\/p>\n","protected":false},"featured_media":105207,"comment_status":"open","ping_status":"closed","template":"","meta":{"_joinchat":[]},"pwb-brand":[3908],"product_cat":[1458,3674],"product_tag":[],"class_list":{"0":"post-114020","1":"product","2":"type-product","3":"status-publish","4":"has-post-thumbnail","6":"pwb-brand-holybro","7":"product_cat-fpv-drones","8":"product_cat-rtf-montado","10":"first","11":"instock","12":"taxable","13":"shipping-taxable","14":"purchasable","15":"product-type-variable"},"barcode":null,"atum_controlled":true,"out_stock_date":null,"out_stock_threshold":null,"inheritable":true,"stock_on_hold":0,"sold_today":0,"sales_last_days":0,"out_stock_days":0,"lost_sales":0,"update_date":"2026-04-18T17:57:52","atum_locations":[],"atum_stock_status":"instock","restock_status":false,"low_stock_amount":"","sales_update_date":"2026-04-18T17:57:52","calc_backorders":null,"yoast_head":"<!-- This site is optimized with the Yoast SEO plugin v27.3 - https:\/\/yoast.com\/product\/yoast-seo-wordpress\/ -->\n<title>Kit Combo Holybro Kopis Cinematic X8 - Iha Race<\/title>\n<meta name=\"robots\" content=\"index, follow, max-snippet:-1, max-image-preview:large, max-video-preview:-1\" \/>\n<link rel=\"canonical\" href=\"https:\/\/iha-race.com\/pt-pt\/produto\/combo-kit-holybro-kopis-cinematic-x8\/\" \/>\n<meta property=\"og:locale\" content=\"pt_PT\" \/>\n<meta property=\"og:type\" content=\"article\" \/>\n<meta property=\"og:title\" content=\"Kit Combo Holybro Kopis Cinematic X8 - Iha Race\" \/>\n<meta property=\"og:description\" content=\"Kit Combo Holybro Kopis Cinematic X8: A Holybro Kopis cinematic X8 \u00e9 um modelo potente e robusto concebido para profissionais. Com uma estrutura de fibra de carbono que proporciona um\" \/>\n<meta property=\"og:url\" content=\"https:\/\/iha-race.com\/pt-pt\/produto\/combo-kit-holybro-kopis-cinematic-x8\/\" \/>\n<meta property=\"og:site_name\" content=\"Iha Race\" \/>\n<meta property=\"article:modified_time\" content=\"2024-08-29T10:17:40+00:00\" \/>\n<meta property=\"og:image\" content=\"https:\/\/iha-race.com\/wp-content\/uploads\/2021\/09\/Combo-Kit-Holybro-Kopis-Cinematic-X8.jpg\" \/>\n\t<meta property=\"og:image:width\" content=\"1080\" \/>\n\t<meta property=\"og:image:height\" content=\"1080\" \/>\n\t<meta property=\"og:image:type\" content=\"image\/jpeg\" \/>\n<meta name=\"twitter:card\" content=\"summary_large_image\" \/>\n<meta name=\"twitter:label1\" content=\"Tempo estimado de leitura\" \/>\n\t<meta name=\"twitter:data1\" content=\"3 minutos\" \/>\n<script type=\"application\/ld+json\" class=\"yoast-schema-graph\">{\"@context\":\"https:\\\/\\\/schema.org\",\"@graph\":[{\"@type\":\"WebPage\",\"@id\":\"https:\\\/\\\/iha-race.com\\\/pt-pt\\\/produto\\\/combo-kit-holybro-kopis-cinematic-x8\\\/\",\"url\":\"https:\\\/\\\/iha-race.com\\\/pt-pt\\\/produto\\\/combo-kit-holybro-kopis-cinematic-x8\\\/\",\"name\":\"Kit Combo Holybro Kopis Cinematic X8 - Iha Race\",\"isPartOf\":{\"@id\":\"https:\\\/\\\/iha-race.com\\\/pt-pt\\\/#website\"},\"primaryImageOfPage\":{\"@id\":\"https:\\\/\\\/iha-race.com\\\/pt-pt\\\/produto\\\/combo-kit-holybro-kopis-cinematic-x8\\\/#primaryimage\"},\"image\":{\"@id\":\"https:\\\/\\\/iha-race.com\\\/pt-pt\\\/produto\\\/combo-kit-holybro-kopis-cinematic-x8\\\/#primaryimage\"},\"thumbnailUrl\":\"https:\\\/\\\/iha-race.com\\\/wp-content\\\/uploads\\\/2021\\\/09\\\/Combo-Kit-Holybro-Kopis-Cinematic-X8.jpg\",\"datePublished\":\"2021-09-24T12:43:54+00:00\",\"dateModified\":\"2024-08-29T10:17:40+00:00\",\"breadcrumb\":{\"@id\":\"https:\\\/\\\/iha-race.com\\\/pt-pt\\\/produto\\\/combo-kit-holybro-kopis-cinematic-x8\\\/#breadcrumb\"},\"inLanguage\":\"pt-PT\",\"potentialAction\":[{\"@type\":\"ReadAction\",\"target\":[\"https:\\\/\\\/iha-race.com\\\/pt-pt\\\/produto\\\/combo-kit-holybro-kopis-cinematic-x8\\\/\"]}]},{\"@type\":\"ImageObject\",\"inLanguage\":\"pt-PT\",\"@id\":\"https:\\\/\\\/iha-race.com\\\/pt-pt\\\/produto\\\/combo-kit-holybro-kopis-cinematic-x8\\\/#primaryimage\",\"url\":\"https:\\\/\\\/iha-race.com\\\/wp-content\\\/uploads\\\/2021\\\/09\\\/Combo-Kit-Holybro-Kopis-Cinematic-X8.jpg\",\"contentUrl\":\"https:\\\/\\\/iha-race.com\\\/wp-content\\\/uploads\\\/2021\\\/09\\\/Combo-Kit-Holybro-Kopis-Cinematic-X8.jpg\",\"width\":1080,\"height\":1080,\"caption\":\"comprar o Combo Kit Combo Holybro Kopis Cinematic X8 barato\"},{\"@type\":\"BreadcrumbList\",\"@id\":\"https:\\\/\\\/iha-race.com\\\/pt-pt\\\/produto\\\/combo-kit-holybro-kopis-cinematic-x8\\\/#breadcrumb\",\"itemListElement\":[{\"@type\":\"ListItem\",\"position\":1,\"name\":\"Portada\",\"item\":\"https:\\\/\\\/iha-race.com\\\/pt-pt\\\/elementor-499\\\/\"},{\"@type\":\"ListItem\",\"position\":2,\"name\":\"Shop\",\"item\":\"https:\\\/\\\/iha-race.com\\\/pt-pt\\\/shop\\\/\"},{\"@type\":\"ListItem\",\"position\":3,\"name\":\"Kit Combo Holybro Kopis Cinematic X8\"}]},{\"@type\":\"WebSite\",\"@id\":\"https:\\\/\\\/iha-race.com\\\/pt-pt\\\/#website\",\"url\":\"https:\\\/\\\/iha-race.com\\\/pt-pt\\\/\",\"name\":\"Iha Race\",\"description\":\"Comprar drones de carreras FPV env\u00edos en un d\u00eda desde Espa\u00f1a\",\"publisher\":{\"@id\":\"https:\\\/\\\/iha-race.com\\\/pt-pt\\\/#organization\"},\"potentialAction\":[{\"@type\":\"SearchAction\",\"target\":{\"@type\":\"EntryPoint\",\"urlTemplate\":\"https:\\\/\\\/iha-race.com\\\/pt-pt\\\/?s={search_term_string}\"},\"query-input\":{\"@type\":\"PropertyValueSpecification\",\"valueRequired\":true,\"valueName\":\"search_term_string\"}}],\"inLanguage\":\"pt-PT\"},{\"@type\":\"Organization\",\"@id\":\"https:\\\/\\\/iha-race.com\\\/pt-pt\\\/#organization\",\"name\":\"Iha Race\",\"url\":\"https:\\\/\\\/iha-race.com\\\/pt-pt\\\/\",\"logo\":{\"@type\":\"ImageObject\",\"inLanguage\":\"pt-PT\",\"@id\":\"https:\\\/\\\/iha-race.com\\\/pt-pt\\\/#\\\/schema\\\/logo\\\/image\\\/\",\"url\":\"https:\\\/\\\/iha-race.com\\\/wp-content\\\/uploads\\\/2018\\\/07\\\/iha-race-drones-de-carreras-tienda-comprar-drones.png\",\"contentUrl\":\"https:\\\/\\\/iha-race.com\\\/wp-content\\\/uploads\\\/2018\\\/07\\\/iha-race-drones-de-carreras-tienda-comprar-drones.png\",\"width\":300,\"height\":100,\"caption\":\"Iha Race\"},\"image\":{\"@id\":\"https:\\\/\\\/iha-race.com\\\/pt-pt\\\/#\\\/schema\\\/logo\\\/image\\\/\"}}]}<\/script>\n<!-- \/ Yoast SEO plugin. -->","yoast_head_json":{"title":"Kit Combo Holybro Kopis Cinematic X8 - Iha Race","robots":{"index":"index","follow":"follow","max-snippet":"max-snippet:-1","max-image-preview":"max-image-preview:large","max-video-preview":"max-video-preview:-1"},"canonical":"https:\/\/iha-race.com\/pt-pt\/produto\/combo-kit-holybro-kopis-cinematic-x8\/","og_locale":"pt_PT","og_type":"article","og_title":"Kit Combo Holybro Kopis Cinematic X8 - Iha Race","og_description":"Kit Combo Holybro Kopis Cinematic X8: A Holybro Kopis cinematic X8 \u00e9 um modelo potente e robusto concebido para profissionais. Com uma estrutura de fibra de carbono que proporciona um","og_url":"https:\/\/iha-race.com\/pt-pt\/produto\/combo-kit-holybro-kopis-cinematic-x8\/","og_site_name":"Iha Race","article_modified_time":"2024-08-29T10:17:40+00:00","og_image":[{"width":1080,"height":1080,"url":"https:\/\/iha-race.com\/wp-content\/uploads\/2021\/09\/Combo-Kit-Holybro-Kopis-Cinematic-X8.jpg","type":"image\/jpeg"}],"twitter_card":"summary_large_image","twitter_misc":{"Tempo estimado de leitura":"3 minutos"},"schema":{"@context":"https:\/\/schema.org","@graph":[{"@type":"WebPage","@id":"https:\/\/iha-race.com\/pt-pt\/produto\/combo-kit-holybro-kopis-cinematic-x8\/","url":"https:\/\/iha-race.com\/pt-pt\/produto\/combo-kit-holybro-kopis-cinematic-x8\/","name":"Kit Combo Holybro Kopis Cinematic X8 - Iha Race","isPartOf":{"@id":"https:\/\/iha-race.com\/pt-pt\/#website"},"primaryImageOfPage":{"@id":"https:\/\/iha-race.com\/pt-pt\/produto\/combo-kit-holybro-kopis-cinematic-x8\/#primaryimage"},"image":{"@id":"https:\/\/iha-race.com\/pt-pt\/produto\/combo-kit-holybro-kopis-cinematic-x8\/#primaryimage"},"thumbnailUrl":"https:\/\/iha-race.com\/wp-content\/uploads\/2021\/09\/Combo-Kit-Holybro-Kopis-Cinematic-X8.jpg","datePublished":"2021-09-24T12:43:54+00:00","dateModified":"2024-08-29T10:17:40+00:00","breadcrumb":{"@id":"https:\/\/iha-race.com\/pt-pt\/produto\/combo-kit-holybro-kopis-cinematic-x8\/#breadcrumb"},"inLanguage":"pt-PT","potentialAction":[{"@type":"ReadAction","target":["https:\/\/iha-race.com\/pt-pt\/produto\/combo-kit-holybro-kopis-cinematic-x8\/"]}]},{"@type":"ImageObject","inLanguage":"pt-PT","@id":"https:\/\/iha-race.com\/pt-pt\/produto\/combo-kit-holybro-kopis-cinematic-x8\/#primaryimage","url":"https:\/\/iha-race.com\/wp-content\/uploads\/2021\/09\/Combo-Kit-Holybro-Kopis-Cinematic-X8.jpg","contentUrl":"https:\/\/iha-race.com\/wp-content\/uploads\/2021\/09\/Combo-Kit-Holybro-Kopis-Cinematic-X8.jpg","width":1080,"height":1080,"caption":"comprar o Combo Kit Combo Holybro Kopis Cinematic X8 barato"},{"@type":"BreadcrumbList","@id":"https:\/\/iha-race.com\/pt-pt\/produto\/combo-kit-holybro-kopis-cinematic-x8\/#breadcrumb","itemListElement":[{"@type":"ListItem","position":1,"name":"Portada","item":"https:\/\/iha-race.com\/pt-pt\/elementor-499\/"},{"@type":"ListItem","position":2,"name":"Shop","item":"https:\/\/iha-race.com\/pt-pt\/shop\/"},{"@type":"ListItem","position":3,"name":"Kit Combo Holybro Kopis Cinematic X8"}]},{"@type":"WebSite","@id":"https:\/\/iha-race.com\/pt-pt\/#website","url":"https:\/\/iha-race.com\/pt-pt\/","name":"Iha Race","description":"Comprar drones de carreras FPV env\u00edos en un d\u00eda desde Espa\u00f1a","publisher":{"@id":"https:\/\/iha-race.com\/pt-pt\/#organization"},"potentialAction":[{"@type":"SearchAction","target":{"@type":"EntryPoint","urlTemplate":"https:\/\/iha-race.com\/pt-pt\/?s={search_term_string}"},"query-input":{"@type":"PropertyValueSpecification","valueRequired":true,"valueName":"search_term_string"}}],"inLanguage":"pt-PT"},{"@type":"Organization","@id":"https:\/\/iha-race.com\/pt-pt\/#organization","name":"Iha Race","url":"https:\/\/iha-race.com\/pt-pt\/","logo":{"@type":"ImageObject","inLanguage":"pt-PT","@id":"https:\/\/iha-race.com\/pt-pt\/#\/schema\/logo\/image\/","url":"https:\/\/iha-race.com\/wp-content\/uploads\/2018\/07\/iha-race-drones-de-carreras-tienda-comprar-drones.png","contentUrl":"https:\/\/iha-race.com\/wp-content\/uploads\/2018\/07\/iha-race-drones-de-carreras-tienda-comprar-drones.png","width":300,"height":100,"caption":"Iha Race"},"image":{"@id":"https:\/\/iha-race.com\/pt-pt\/#\/schema\/logo\/image\/"}}]}},"jetpack_sharing_enabled":true,"brands":[{"id":3908,"name":"Holybro","slug":"holybro"}],"_links":{"self":[{"href":"https:\/\/iha-race.com\/pt-pt\/wp-json\/wp\/v2\/product\/114020","targetHints":{"allow":["GET"]}}],"collection":[{"href":"https:\/\/iha-race.com\/pt-pt\/wp-json\/wp\/v2\/product"}],"about":[{"href":"https:\/\/iha-race.com\/pt-pt\/wp-json\/wp\/v2\/types\/product"}],"replies":[{"embeddable":true,"href":"https:\/\/iha-race.com\/pt-pt\/wp-json\/wp\/v2\/comments?post=114020"}],"version-history":[{"count":3,"href":"https:\/\/iha-race.com\/pt-pt\/wp-json\/wp\/v2\/product\/114020\/revisions"}],"predecessor-version":[{"id":249340,"href":"https:\/\/iha-race.com\/pt-pt\/wp-json\/wp\/v2\/product\/114020\/revisions\/249340"}],"wp:featuredmedia":[{"embeddable":true,"href":"https:\/\/iha-race.com\/pt-pt\/wp-json\/wp\/v2\/media\/105207"}],"wp:attachment":[{"href":"https:\/\/iha-race.com\/pt-pt\/wp-json\/wp\/v2\/media?parent=114020"}],"wp:term":[{"taxonomy":"pwb-brand","embeddable":true,"href":"https:\/\/iha-race.com\/pt-pt\/wp-json\/wp\/v2\/pwb-brand?post=114020"},{"taxonomy":"product_cat","embeddable":true,"href":"https:\/\/iha-race.com\/pt-pt\/wp-json\/wp\/v2\/product_cat?post=114020"},{"taxonomy":"product_tag","embeddable":true,"href":"https:\/\/iha-race.com\/pt-pt\/wp-json\/wp\/v2\/product_tag?post=114020"}],"curies":[{"name":"wp","href":"https:\/\/api.w.org\/{rel}","templated":true}]}}