{"id":113967,"date":"2021-09-07T18:54:50","date_gmt":"2021-09-07T16:54:50","guid":{"rendered":"https:\/\/iha-race.com\/producto\/receptor-frsky-2-4ghz-receptor-access-archer-m-mini-receptor\/"},"modified":"2024-08-29T12:19:05","modified_gmt":"2024-08-29T10:19:05","slug":"receptor-frsky-2-4ghz-access-archer-m-mini-receptor","status":"publish","type":"product","link":"https:\/\/iha-race.com\/pt-pt\/produto\/receptor-frsky-2-4ghz-access-archer-m-mini-receptor\/","title":{"rendered":"Receptor FrSky 2.4GHz Receptor ACCESS Archer M+ Mini Receptor"},"content":{"rendered":"<h2>Receptor FrSky 2.4GHz Receptor ACCESS Archer M+ Mini Receptor<\/h2>\n<p>  O recetor ARCHER M+ apresenta o seu formato min\u00fasculo e o novo protocolo ACCESS. O ACCESS proporciona a menor lat\u00eancia e a maior produtividade dos nossos anteriores receptores XM+. Com a fun\u00e7\u00e3o OTA (Over-The-Air), as actualiza\u00e7\u00f5es de firmware de suporte ser\u00e3o muito f\u00e1ceis, sem mais cabos. O ARCHER M+ tem um S.Port \/ F.Port que faz com que este pequeno receptor tamb\u00e9m suporte a fun\u00e7\u00e3o de telemetria com um alcance de telemetria de cerca de 500 a 600 metros. Agora podes desfrutar de feedback \u00e1udio com ele a partir do teu transmissor FrSky ACCESS.  <\/p>\n<h3>Especifica\u00e7\u00f5es:<\/h3>\n<ul>\n<li>Dimens\u00e3o: 17 x 11,7 x 4 mm (C x L x L x A)<\/li>\n<li>Peso: 1 g<\/li>\n<li>N\u00famero de canais: 16\/24 canais SBUS &#8211; 16 canais SBUS &#8211; 24 canais SBUS (Fica atento)<\/li>\n<li>Gama de tens\u00e3o de funcionamento: 3,5 -10 V<\/li>\n<li>Corrente de funcionamento: 16 mA a 5 V datilografar.<\/li>\n<li>Alcance operacional: \uff1e 1,2 km (alcance total) (* O alcance pode variar dependendo das condi\u00e7\u00f5es locais).<\/li>\n<li>Compatibilidade: todos os transmissores FrSky ACCESS<\/li>\n<\/ul>\n<h2>Caracter\u00edsticas:<\/h2>\n<ul>\n<li>Protocolo de ACESSO com Sobre o Ar (OTA)<\/li>\n<li>Pequena e super leve<\/li>\n<li>Gama completa de controlo e alcance de telemetria de 500 a 600 metros<\/li>\n<li>SBUS OUT<\/li>\n<li>Porto S. \/ Porto F.<\/li>\n<li>Porto S. invertido<\/li>\n<\/ul>\n<h2>O pacote inclui:<\/h2>\n<ul>\n<li>1 x Receptor FrSky ARCHER M + Mini Receptor 2.4GHz<\/li>\n<\/ul>\n","protected":false},"excerpt":{"rendered":"<p>O receptor ARCHER M+ apresenta o seu pequeno factor de forma e o novo protocolo ACCESS. O ACCESS proporciona a menor lat\u00eancia e a maior produtividade dos nossos anteriores receptores XM+. Com a fun\u00e7\u00e3o OTA (Over-The-Air), as actualiza\u00e7\u00f5es de firmware de suporte ser\u00e3o muito f\u00e1ceis, sem mais cabos.<\/p>\n","protected":false},"featured_media":104618,"comment_status":"open","ping_status":"closed","template":"","meta":{"_joinchat":[]},"pwb-brand":[],"product_cat":[1249,2441],"product_tag":[],"class_list":{"0":"post-113967","1":"product","2":"type-product","3":"status-publish","4":"has-post-thumbnail","6":"product_cat-emissoras","7":"product_cat-receptores-rx-pt-pt","9":"first","10":"instock","11":"taxable","12":"shipping-taxable","13":"purchasable","14":"product-type-simple"},"barcode":null,"atum_controlled":true,"out_stock_date":null,"out_stock_threshold":null,"inheritable":false,"stock_on_hold":0,"sold_today":0,"sales_last_days":0,"out_stock_days":0,"lost_sales":0,"update_date":"2026-04-16T08:17:36","atum_locations":[],"atum_stock_status":"instock","restock_status":false,"low_stock_amount":"","sales_update_date":"2026-04-16T08:17:36","calc_backorders":null,"yoast_head":"<!-- This site is optimized with the Yoast SEO plugin v27.3 - https:\/\/yoast.com\/product\/yoast-seo-wordpress\/ -->\n<title>Receptor FrSky 2.4GHz Receptor ACCESS Archer M+ Mini Receptor - Iha Race<\/title>\n<meta name=\"robots\" content=\"index, follow, max-snippet:-1, max-image-preview:large, max-video-preview:-1\" \/>\n<link rel=\"canonical\" href=\"https:\/\/iha-race.com\/pt-pt\/produto\/receptor-frsky-2-4ghz-access-archer-m-mini-receptor\/\" \/>\n<meta property=\"og:locale\" content=\"pt_PT\" \/>\n<meta property=\"og:type\" content=\"article\" \/>\n<meta property=\"og:title\" content=\"Receptor FrSky 2.4GHz Receptor ACCESS Archer M+ Mini Receptor - Iha Race\" \/>\n<meta property=\"og:description\" content=\"O receptor ARCHER M+ apresenta o seu pequeno factor de forma e o novo protocolo ACCESS. O ACCESS proporciona a menor lat\u00eancia e a maior produtividade dos nossos anteriores receptores XM+. Com a fun\u00e7\u00e3o OTA (Over-The-Air), as actualiza\u00e7\u00f5es de firmware de suporte ser\u00e3o muito f\u00e1ceis, sem mais cabos.\" \/>\n<meta property=\"og:url\" content=\"https:\/\/iha-race.com\/pt-pt\/produto\/receptor-frsky-2-4ghz-access-archer-m-mini-receptor\/\" \/>\n<meta property=\"og:site_name\" content=\"Iha Race\" \/>\n<meta property=\"article:modified_time\" content=\"2024-08-29T10:19:05+00:00\" \/>\n<meta property=\"og:image\" content=\"https:\/\/iha-race.com\/wp-content\/uploads\/2021\/09\/Receptor-FrSky-2.4GHz-ACCESS-Archer-M-Mini-Receptor.jpg\" \/>\n\t<meta property=\"og:image:width\" content=\"1000\" \/>\n\t<meta property=\"og:image:height\" content=\"1000\" \/>\n\t<meta property=\"og:image:type\" content=\"image\/jpeg\" \/>\n<meta name=\"twitter:card\" content=\"summary_large_image\" \/>\n<meta name=\"twitter:label1\" content=\"Tempo estimado de leitura\" \/>\n\t<meta name=\"twitter:data1\" content=\"1 minuto\" \/>\n<script type=\"application\/ld+json\" class=\"yoast-schema-graph\">{\"@context\":\"https:\\\/\\\/schema.org\",\"@graph\":[{\"@type\":\"WebPage\",\"@id\":\"https:\\\/\\\/iha-race.com\\\/pt-pt\\\/produto\\\/receptor-frsky-2-4ghz-access-archer-m-mini-receptor\\\/\",\"url\":\"https:\\\/\\\/iha-race.com\\\/pt-pt\\\/produto\\\/receptor-frsky-2-4ghz-access-archer-m-mini-receptor\\\/\",\"name\":\"Receptor FrSky 2.4GHz Receptor ACCESS Archer M+ Mini Receptor - Iha Race\",\"isPartOf\":{\"@id\":\"https:\\\/\\\/iha-race.com\\\/pt-pt\\\/#website\"},\"primaryImageOfPage\":{\"@id\":\"https:\\\/\\\/iha-race.com\\\/pt-pt\\\/produto\\\/receptor-frsky-2-4ghz-access-archer-m-mini-receptor\\\/#primaryimage\"},\"image\":{\"@id\":\"https:\\\/\\\/iha-race.com\\\/pt-pt\\\/produto\\\/receptor-frsky-2-4ghz-access-archer-m-mini-receptor\\\/#primaryimage\"},\"thumbnailUrl\":\"https:\\\/\\\/iha-race.com\\\/wp-content\\\/uploads\\\/2021\\\/09\\\/Receptor-FrSky-2.4GHz-ACCESS-Archer-M-Mini-Receptor.jpg\",\"datePublished\":\"2021-09-07T16:54:50+00:00\",\"dateModified\":\"2024-08-29T10:19:05+00:00\",\"breadcrumb\":{\"@id\":\"https:\\\/\\\/iha-race.com\\\/pt-pt\\\/produto\\\/receptor-frsky-2-4ghz-access-archer-m-mini-receptor\\\/#breadcrumb\"},\"inLanguage\":\"pt-PT\",\"potentialAction\":[{\"@type\":\"ReadAction\",\"target\":[\"https:\\\/\\\/iha-race.com\\\/pt-pt\\\/produto\\\/receptor-frsky-2-4ghz-access-archer-m-mini-receptor\\\/\"]}]},{\"@type\":\"ImageObject\",\"inLanguage\":\"pt-PT\",\"@id\":\"https:\\\/\\\/iha-race.com\\\/pt-pt\\\/produto\\\/receptor-frsky-2-4ghz-access-archer-m-mini-receptor\\\/#primaryimage\",\"url\":\"https:\\\/\\\/iha-race.com\\\/wp-content\\\/uploads\\\/2021\\\/09\\\/Receptor-FrSky-2.4GHz-ACCESS-Archer-M-Mini-Receptor.jpg\",\"contentUrl\":\"https:\\\/\\\/iha-race.com\\\/wp-content\\\/uploads\\\/2021\\\/09\\\/Receptor-FrSky-2.4GHz-ACCESS-Archer-M-Mini-Receptor.jpg\",\"width\":1000,\"height\":1000,\"caption\":\"comprar o melhor pre\u00e7o Receptor FrSky 2.4GHz ACCESS Archer M+ Mini Receptor\"},{\"@type\":\"BreadcrumbList\",\"@id\":\"https:\\\/\\\/iha-race.com\\\/pt-pt\\\/produto\\\/receptor-frsky-2-4ghz-access-archer-m-mini-receptor\\\/#breadcrumb\",\"itemListElement\":[{\"@type\":\"ListItem\",\"position\":1,\"name\":\"Portada\",\"item\":\"https:\\\/\\\/iha-race.com\\\/pt-pt\\\/elementor-499\\\/\"},{\"@type\":\"ListItem\",\"position\":2,\"name\":\"Shop\",\"item\":\"https:\\\/\\\/iha-race.com\\\/pt-pt\\\/shop\\\/\"},{\"@type\":\"ListItem\",\"position\":3,\"name\":\"Receptor FrSky 2.4GHz Receptor ACCESS Archer M+ Mini Receptor\"}]},{\"@type\":\"WebSite\",\"@id\":\"https:\\\/\\\/iha-race.com\\\/pt-pt\\\/#website\",\"url\":\"https:\\\/\\\/iha-race.com\\\/pt-pt\\\/\",\"name\":\"Iha Race\",\"description\":\"Comprar drones de carreras FPV env\u00edos en un d\u00eda desde Espa\u00f1a\",\"publisher\":{\"@id\":\"https:\\\/\\\/iha-race.com\\\/pt-pt\\\/#organization\"},\"potentialAction\":[{\"@type\":\"SearchAction\",\"target\":{\"@type\":\"EntryPoint\",\"urlTemplate\":\"https:\\\/\\\/iha-race.com\\\/pt-pt\\\/?s={search_term_string}\"},\"query-input\":{\"@type\":\"PropertyValueSpecification\",\"valueRequired\":true,\"valueName\":\"search_term_string\"}}],\"inLanguage\":\"pt-PT\"},{\"@type\":\"Organization\",\"@id\":\"https:\\\/\\\/iha-race.com\\\/pt-pt\\\/#organization\",\"name\":\"Iha Race\",\"url\":\"https:\\\/\\\/iha-race.com\\\/pt-pt\\\/\",\"logo\":{\"@type\":\"ImageObject\",\"inLanguage\":\"pt-PT\",\"@id\":\"https:\\\/\\\/iha-race.com\\\/pt-pt\\\/#\\\/schema\\\/logo\\\/image\\\/\",\"url\":\"https:\\\/\\\/iha-race.com\\\/wp-content\\\/uploads\\\/2018\\\/07\\\/iha-race-drones-de-carreras-tienda-comprar-drones.png\",\"contentUrl\":\"https:\\\/\\\/iha-race.com\\\/wp-content\\\/uploads\\\/2018\\\/07\\\/iha-race-drones-de-carreras-tienda-comprar-drones.png\",\"width\":300,\"height\":100,\"caption\":\"Iha Race\"},\"image\":{\"@id\":\"https:\\\/\\\/iha-race.com\\\/pt-pt\\\/#\\\/schema\\\/logo\\\/image\\\/\"}}]}<\/script>\n<!-- \/ Yoast SEO plugin. -->","yoast_head_json":{"title":"Receptor FrSky 2.4GHz Receptor ACCESS Archer M+ Mini Receptor - Iha Race","robots":{"index":"index","follow":"follow","max-snippet":"max-snippet:-1","max-image-preview":"max-image-preview:large","max-video-preview":"max-video-preview:-1"},"canonical":"https:\/\/iha-race.com\/pt-pt\/produto\/receptor-frsky-2-4ghz-access-archer-m-mini-receptor\/","og_locale":"pt_PT","og_type":"article","og_title":"Receptor FrSky 2.4GHz Receptor ACCESS Archer M+ Mini Receptor - Iha Race","og_description":"O receptor ARCHER M+ apresenta o seu pequeno factor de forma e o novo protocolo ACCESS. O ACCESS proporciona a menor lat\u00eancia e a maior produtividade dos nossos anteriores receptores XM+. Com a fun\u00e7\u00e3o OTA (Over-The-Air), as actualiza\u00e7\u00f5es de firmware de suporte ser\u00e3o muito f\u00e1ceis, sem mais cabos.","og_url":"https:\/\/iha-race.com\/pt-pt\/produto\/receptor-frsky-2-4ghz-access-archer-m-mini-receptor\/","og_site_name":"Iha Race","article_modified_time":"2024-08-29T10:19:05+00:00","og_image":[{"width":1000,"height":1000,"url":"https:\/\/iha-race.com\/wp-content\/uploads\/2021\/09\/Receptor-FrSky-2.4GHz-ACCESS-Archer-M-Mini-Receptor.jpg","type":"image\/jpeg"}],"twitter_card":"summary_large_image","twitter_misc":{"Tempo estimado de leitura":"1 minuto"},"schema":{"@context":"https:\/\/schema.org","@graph":[{"@type":"WebPage","@id":"https:\/\/iha-race.com\/pt-pt\/produto\/receptor-frsky-2-4ghz-access-archer-m-mini-receptor\/","url":"https:\/\/iha-race.com\/pt-pt\/produto\/receptor-frsky-2-4ghz-access-archer-m-mini-receptor\/","name":"Receptor FrSky 2.4GHz Receptor ACCESS Archer M+ Mini Receptor - Iha Race","isPartOf":{"@id":"https:\/\/iha-race.com\/pt-pt\/#website"},"primaryImageOfPage":{"@id":"https:\/\/iha-race.com\/pt-pt\/produto\/receptor-frsky-2-4ghz-access-archer-m-mini-receptor\/#primaryimage"},"image":{"@id":"https:\/\/iha-race.com\/pt-pt\/produto\/receptor-frsky-2-4ghz-access-archer-m-mini-receptor\/#primaryimage"},"thumbnailUrl":"https:\/\/iha-race.com\/wp-content\/uploads\/2021\/09\/Receptor-FrSky-2.4GHz-ACCESS-Archer-M-Mini-Receptor.jpg","datePublished":"2021-09-07T16:54:50+00:00","dateModified":"2024-08-29T10:19:05+00:00","breadcrumb":{"@id":"https:\/\/iha-race.com\/pt-pt\/produto\/receptor-frsky-2-4ghz-access-archer-m-mini-receptor\/#breadcrumb"},"inLanguage":"pt-PT","potentialAction":[{"@type":"ReadAction","target":["https:\/\/iha-race.com\/pt-pt\/produto\/receptor-frsky-2-4ghz-access-archer-m-mini-receptor\/"]}]},{"@type":"ImageObject","inLanguage":"pt-PT","@id":"https:\/\/iha-race.com\/pt-pt\/produto\/receptor-frsky-2-4ghz-access-archer-m-mini-receptor\/#primaryimage","url":"https:\/\/iha-race.com\/wp-content\/uploads\/2021\/09\/Receptor-FrSky-2.4GHz-ACCESS-Archer-M-Mini-Receptor.jpg","contentUrl":"https:\/\/iha-race.com\/wp-content\/uploads\/2021\/09\/Receptor-FrSky-2.4GHz-ACCESS-Archer-M-Mini-Receptor.jpg","width":1000,"height":1000,"caption":"comprar o melhor pre\u00e7o Receptor FrSky 2.4GHz ACCESS Archer M+ Mini Receptor"},{"@type":"BreadcrumbList","@id":"https:\/\/iha-race.com\/pt-pt\/produto\/receptor-frsky-2-4ghz-access-archer-m-mini-receptor\/#breadcrumb","itemListElement":[{"@type":"ListItem","position":1,"name":"Portada","item":"https:\/\/iha-race.com\/pt-pt\/elementor-499\/"},{"@type":"ListItem","position":2,"name":"Shop","item":"https:\/\/iha-race.com\/pt-pt\/shop\/"},{"@type":"ListItem","position":3,"name":"Receptor FrSky 2.4GHz Receptor ACCESS Archer M+ Mini Receptor"}]},{"@type":"WebSite","@id":"https:\/\/iha-race.com\/pt-pt\/#website","url":"https:\/\/iha-race.com\/pt-pt\/","name":"Iha Race","description":"Comprar drones de carreras FPV env\u00edos en un d\u00eda desde Espa\u00f1a","publisher":{"@id":"https:\/\/iha-race.com\/pt-pt\/#organization"},"potentialAction":[{"@type":"SearchAction","target":{"@type":"EntryPoint","urlTemplate":"https:\/\/iha-race.com\/pt-pt\/?s={search_term_string}"},"query-input":{"@type":"PropertyValueSpecification","valueRequired":true,"valueName":"search_term_string"}}],"inLanguage":"pt-PT"},{"@type":"Organization","@id":"https:\/\/iha-race.com\/pt-pt\/#organization","name":"Iha Race","url":"https:\/\/iha-race.com\/pt-pt\/","logo":{"@type":"ImageObject","inLanguage":"pt-PT","@id":"https:\/\/iha-race.com\/pt-pt\/#\/schema\/logo\/image\/","url":"https:\/\/iha-race.com\/wp-content\/uploads\/2018\/07\/iha-race-drones-de-carreras-tienda-comprar-drones.png","contentUrl":"https:\/\/iha-race.com\/wp-content\/uploads\/2018\/07\/iha-race-drones-de-carreras-tienda-comprar-drones.png","width":300,"height":100,"caption":"Iha Race"},"image":{"@id":"https:\/\/iha-race.com\/pt-pt\/#\/schema\/logo\/image\/"}}]}},"brands":[],"_links":{"self":[{"href":"https:\/\/iha-race.com\/pt-pt\/wp-json\/wp\/v2\/product\/113967","targetHints":{"allow":["GET"]}}],"collection":[{"href":"https:\/\/iha-race.com\/pt-pt\/wp-json\/wp\/v2\/product"}],"about":[{"href":"https:\/\/iha-race.com\/pt-pt\/wp-json\/wp\/v2\/types\/product"}],"replies":[{"embeddable":true,"href":"https:\/\/iha-race.com\/pt-pt\/wp-json\/wp\/v2\/comments?post=113967"}],"version-history":[{"count":2,"href":"https:\/\/iha-race.com\/pt-pt\/wp-json\/wp\/v2\/product\/113967\/revisions"}],"predecessor-version":[{"id":249376,"href":"https:\/\/iha-race.com\/pt-pt\/wp-json\/wp\/v2\/product\/113967\/revisions\/249376"}],"wp:featuredmedia":[{"embeddable":true,"href":"https:\/\/iha-race.com\/pt-pt\/wp-json\/wp\/v2\/media\/104618"}],"wp:attachment":[{"href":"https:\/\/iha-race.com\/pt-pt\/wp-json\/wp\/v2\/media?parent=113967"}],"wp:term":[{"taxonomy":"pwb-brand","embeddable":true,"href":"https:\/\/iha-race.com\/pt-pt\/wp-json\/wp\/v2\/pwb-brand?post=113967"},{"taxonomy":"product_cat","embeddable":true,"href":"https:\/\/iha-race.com\/pt-pt\/wp-json\/wp\/v2\/product_cat?post=113967"},{"taxonomy":"product_tag","embeddable":true,"href":"https:\/\/iha-race.com\/pt-pt\/wp-json\/wp\/v2\/product_tag?post=113967"}],"curies":[{"name":"wp","href":"https:\/\/api.w.org\/{rel}","templated":true}]}}