{"id":113908,"date":"2021-08-24T10:57:33","date_gmt":"2021-08-24T08:57:33","guid":{"rendered":"https:\/\/iha-race.com\/producto\/qsl-shenprop-duct-85mmx6-2cw-2ccw-helices-qsl\/"},"modified":"2024-08-29T12:20:15","modified_gmt":"2024-08-29T10:20:15","slug":"propulsor-qsl-shenprop-duct-85mmx6-2cw-2ccw","status":"publish","type":"product","link":"https:\/\/iha-race.com\/pt-pt\/produto\/propulsor-qsl-shenprop-duct-85mmx6-2cw-2ccw\/","title":{"rendered":"QSL ShenProp Duct-85MMX6 (2CW + 2CCW) H\u00e9lices QSL"},"content":{"rendered":"<h2>QSL ShenProp Duct-85MMX6 (2CW + 2CCW) H\u00e9lices QSL<\/h2>\n<h2>Caracter\u00edsticas:<\/h2>\n<ul>\n<li>Di\u00e2metro da h\u00e9lice: 85 mm<\/li>\n<li>Etapa: 3<\/li>\n<li>L\u00e2minas: 6<\/li>\n<li>Material: policarbonato<\/li>\n<li>Peso: 3,5 g<\/li>\n<li>Di\u00e2metro do cubo: 11 mm<\/li>\n<li>Espessura do cubo: 6 mm<\/li>\n<li>Eixo: 5 mm<\/li>\n<li>An\u00e9is adaptadores: N\u00c3O<\/li>\n<\/ul>\n<h2>O pacote inclui:<\/h2>\n<ul>\n<li>2 x h\u00e9lices HQProp Duct-85MMX6 CW<\/li>\n<li>2 x HQProp Duct-85MMX6 h\u00e9lices CCW<\/li>\n<\/ul>\n","protected":false},"excerpt":{"rendered":"<p>QSL ShenProp Duct-85MMX6 (2CW + 2CCW) H\u00e9lices QSL Caracter\u00edsticas: Di\u00e2metro da h\u00e9lice: 85 mm Etapa: 3 L\u00e2minas: 6 Material: policarbonato Peso: 3,5 g Di\u00e2metro do cubo: 11 mm Espessura do<\/p>\n","protected":false},"featured_media":103391,"comment_status":"open","ping_status":"closed","template":"","meta":{"_joinchat":[]},"pwb-brand":[],"product_cat":[1404,1288],"product_tag":[],"class_list":{"0":"post-113908","1":"product","2":"type-product","3":"status-publish","4":"has-post-thumbnail","6":"product_cat-3-pt-pt","7":"product_cat-helices-fpv","9":"first","10":"instock","11":"taxable","12":"shipping-taxable","13":"purchasable","14":"product-type-simple"},"barcode":null,"atum_controlled":true,"out_stock_date":null,"out_stock_threshold":null,"inheritable":false,"stock_on_hold":0,"sold_today":0,"sales_last_days":0,"out_stock_days":0,"lost_sales":0,"update_date":"2026-04-08T16:40:51","atum_locations":[],"atum_stock_status":"instock","restock_status":false,"low_stock_amount":"","sales_update_date":"2026-03-09T11:18:11","calc_backorders":null,"yoast_head":"<!-- This site is optimized with the Yoast SEO plugin v27.3 - https:\/\/yoast.com\/product\/yoast-seo-wordpress\/ -->\n<title>QSL ShenProp Duct-85MMX6 (2CW + 2CCW) H\u00e9lices QSL - Iha Race<\/title>\n<meta name=\"robots\" content=\"index, follow, max-snippet:-1, max-image-preview:large, max-video-preview:-1\" \/>\n<link rel=\"canonical\" href=\"https:\/\/iha-race.com\/pt-pt\/produto\/propulsor-qsl-shenprop-duct-85mmx6-2cw-2ccw\/\" \/>\n<meta property=\"og:locale\" content=\"pt_PT\" \/>\n<meta property=\"og:type\" content=\"article\" \/>\n<meta property=\"og:title\" content=\"QSL ShenProp Duct-85MMX6 (2CW + 2CCW) H\u00e9lices QSL - Iha Race\" \/>\n<meta property=\"og:description\" content=\"QSL ShenProp Duct-85MMX6 (2CW + 2CCW) H\u00e9lices QSL Caracter\u00edsticas: Di\u00e2metro da h\u00e9lice: 85 mm Etapa: 3 L\u00e2minas: 6 Material: policarbonato Peso: 3,5 g Di\u00e2metro do cubo: 11 mm Espessura do\" \/>\n<meta property=\"og:url\" content=\"https:\/\/iha-race.com\/pt-pt\/produto\/propulsor-qsl-shenprop-duct-85mmx6-2cw-2ccw\/\" \/>\n<meta property=\"og:site_name\" content=\"Iha Race\" \/>\n<meta property=\"article:modified_time\" content=\"2024-08-29T10:20:15+00:00\" \/>\n<meta property=\"og:image\" content=\"https:\/\/iha-race.com\/wp-content\/uploads\/2021\/08\/Helices-QSL-ShenProp-Duct-85MMX6-2CW-2CCW.jpg\" \/>\n\t<meta property=\"og:image:width\" content=\"2000\" \/>\n\t<meta property=\"og:image:height\" content=\"2000\" \/>\n\t<meta property=\"og:image:type\" content=\"image\/jpeg\" \/>\n<meta name=\"twitter:card\" content=\"summary_large_image\" \/>\n<script type=\"application\/ld+json\" class=\"yoast-schema-graph\">{\"@context\":\"https:\\\/\\\/schema.org\",\"@graph\":[{\"@type\":\"WebPage\",\"@id\":\"https:\\\/\\\/iha-race.com\\\/pt-pt\\\/produto\\\/propulsor-qsl-shenprop-duct-85mmx6-2cw-2ccw\\\/\",\"url\":\"https:\\\/\\\/iha-race.com\\\/pt-pt\\\/produto\\\/propulsor-qsl-shenprop-duct-85mmx6-2cw-2ccw\\\/\",\"name\":\"QSL ShenProp Duct-85MMX6 (2CW + 2CCW) H\u00e9lices QSL - Iha Race\",\"isPartOf\":{\"@id\":\"https:\\\/\\\/iha-race.com\\\/pt-pt\\\/#website\"},\"primaryImageOfPage\":{\"@id\":\"https:\\\/\\\/iha-race.com\\\/pt-pt\\\/produto\\\/propulsor-qsl-shenprop-duct-85mmx6-2cw-2ccw\\\/#primaryimage\"},\"image\":{\"@id\":\"https:\\\/\\\/iha-race.com\\\/pt-pt\\\/produto\\\/propulsor-qsl-shenprop-duct-85mmx6-2cw-2ccw\\\/#primaryimage\"},\"thumbnailUrl\":\"https:\\\/\\\/iha-race.com\\\/wp-content\\\/uploads\\\/2021\\\/08\\\/Helices-QSL-ShenProp-Duct-85MMX6-2CW-2CCW.jpg\",\"datePublished\":\"2021-08-24T08:57:33+00:00\",\"dateModified\":\"2024-08-29T10:20:15+00:00\",\"breadcrumb\":{\"@id\":\"https:\\\/\\\/iha-race.com\\\/pt-pt\\\/produto\\\/propulsor-qsl-shenprop-duct-85mmx6-2cw-2ccw\\\/#breadcrumb\"},\"inLanguage\":\"pt-PT\",\"potentialAction\":[{\"@type\":\"ReadAction\",\"target\":[\"https:\\\/\\\/iha-race.com\\\/pt-pt\\\/produto\\\/propulsor-qsl-shenprop-duct-85mmx6-2cw-2ccw\\\/\"]}]},{\"@type\":\"ImageObject\",\"inLanguage\":\"pt-PT\",\"@id\":\"https:\\\/\\\/iha-race.com\\\/pt-pt\\\/produto\\\/propulsor-qsl-shenprop-duct-85mmx6-2cw-2ccw\\\/#primaryimage\",\"url\":\"https:\\\/\\\/iha-race.com\\\/wp-content\\\/uploads\\\/2021\\\/08\\\/Helices-QSL-ShenProp-Duct-85MMX6-2CW-2CCW.jpg\",\"contentUrl\":\"https:\\\/\\\/iha-race.com\\\/wp-content\\\/uploads\\\/2021\\\/08\\\/Helices-QSL-ShenProp-Duct-85MMX6-2CW-2CCW.jpg\",\"width\":2000,\"height\":2000,\"caption\":\"comprar o mais barato ShenProp Duct-85MMX6 QSL Propellers (2CW + 2CCW)\"},{\"@type\":\"BreadcrumbList\",\"@id\":\"https:\\\/\\\/iha-race.com\\\/pt-pt\\\/produto\\\/propulsor-qsl-shenprop-duct-85mmx6-2cw-2ccw\\\/#breadcrumb\",\"itemListElement\":[{\"@type\":\"ListItem\",\"position\":1,\"name\":\"Portada\",\"item\":\"https:\\\/\\\/iha-race.com\\\/pt-pt\\\/elementor-499\\\/\"},{\"@type\":\"ListItem\",\"position\":2,\"name\":\"Shop\",\"item\":\"https:\\\/\\\/iha-race.com\\\/pt-pt\\\/shop\\\/\"},{\"@type\":\"ListItem\",\"position\":3,\"name\":\"QSL ShenProp Duct-85MMX6 (2CW + 2CCW) H\u00e9lices QSL\"}]},{\"@type\":\"WebSite\",\"@id\":\"https:\\\/\\\/iha-race.com\\\/pt-pt\\\/#website\",\"url\":\"https:\\\/\\\/iha-race.com\\\/pt-pt\\\/\",\"name\":\"Iha Race\",\"description\":\"Comprar drones de carreras FPV env\u00edos en un d\u00eda desde Espa\u00f1a\",\"publisher\":{\"@id\":\"https:\\\/\\\/iha-race.com\\\/pt-pt\\\/#organization\"},\"potentialAction\":[{\"@type\":\"SearchAction\",\"target\":{\"@type\":\"EntryPoint\",\"urlTemplate\":\"https:\\\/\\\/iha-race.com\\\/pt-pt\\\/?s={search_term_string}\"},\"query-input\":{\"@type\":\"PropertyValueSpecification\",\"valueRequired\":true,\"valueName\":\"search_term_string\"}}],\"inLanguage\":\"pt-PT\"},{\"@type\":\"Organization\",\"@id\":\"https:\\\/\\\/iha-race.com\\\/pt-pt\\\/#organization\",\"name\":\"Iha Race\",\"url\":\"https:\\\/\\\/iha-race.com\\\/pt-pt\\\/\",\"logo\":{\"@type\":\"ImageObject\",\"inLanguage\":\"pt-PT\",\"@id\":\"https:\\\/\\\/iha-race.com\\\/pt-pt\\\/#\\\/schema\\\/logo\\\/image\\\/\",\"url\":\"https:\\\/\\\/iha-race.com\\\/wp-content\\\/uploads\\\/2018\\\/07\\\/iha-race-drones-de-carreras-tienda-comprar-drones.png\",\"contentUrl\":\"https:\\\/\\\/iha-race.com\\\/wp-content\\\/uploads\\\/2018\\\/07\\\/iha-race-drones-de-carreras-tienda-comprar-drones.png\",\"width\":300,\"height\":100,\"caption\":\"Iha Race\"},\"image\":{\"@id\":\"https:\\\/\\\/iha-race.com\\\/pt-pt\\\/#\\\/schema\\\/logo\\\/image\\\/\"}}]}<\/script>\n<!-- \/ Yoast SEO plugin. -->","yoast_head_json":{"title":"QSL ShenProp Duct-85MMX6 (2CW + 2CCW) H\u00e9lices QSL - Iha Race","robots":{"index":"index","follow":"follow","max-snippet":"max-snippet:-1","max-image-preview":"max-image-preview:large","max-video-preview":"max-video-preview:-1"},"canonical":"https:\/\/iha-race.com\/pt-pt\/produto\/propulsor-qsl-shenprop-duct-85mmx6-2cw-2ccw\/","og_locale":"pt_PT","og_type":"article","og_title":"QSL ShenProp Duct-85MMX6 (2CW + 2CCW) H\u00e9lices QSL - Iha Race","og_description":"QSL ShenProp Duct-85MMX6 (2CW + 2CCW) H\u00e9lices QSL Caracter\u00edsticas: Di\u00e2metro da h\u00e9lice: 85 mm Etapa: 3 L\u00e2minas: 6 Material: policarbonato Peso: 3,5 g Di\u00e2metro do cubo: 11 mm Espessura do","og_url":"https:\/\/iha-race.com\/pt-pt\/produto\/propulsor-qsl-shenprop-duct-85mmx6-2cw-2ccw\/","og_site_name":"Iha Race","article_modified_time":"2024-08-29T10:20:15+00:00","og_image":[{"width":2000,"height":2000,"url":"https:\/\/iha-race.com\/wp-content\/uploads\/2021\/08\/Helices-QSL-ShenProp-Duct-85MMX6-2CW-2CCW.jpg","type":"image\/jpeg"}],"twitter_card":"summary_large_image","schema":{"@context":"https:\/\/schema.org","@graph":[{"@type":"WebPage","@id":"https:\/\/iha-race.com\/pt-pt\/produto\/propulsor-qsl-shenprop-duct-85mmx6-2cw-2ccw\/","url":"https:\/\/iha-race.com\/pt-pt\/produto\/propulsor-qsl-shenprop-duct-85mmx6-2cw-2ccw\/","name":"QSL ShenProp Duct-85MMX6 (2CW + 2CCW) H\u00e9lices QSL - Iha Race","isPartOf":{"@id":"https:\/\/iha-race.com\/pt-pt\/#website"},"primaryImageOfPage":{"@id":"https:\/\/iha-race.com\/pt-pt\/produto\/propulsor-qsl-shenprop-duct-85mmx6-2cw-2ccw\/#primaryimage"},"image":{"@id":"https:\/\/iha-race.com\/pt-pt\/produto\/propulsor-qsl-shenprop-duct-85mmx6-2cw-2ccw\/#primaryimage"},"thumbnailUrl":"https:\/\/iha-race.com\/wp-content\/uploads\/2021\/08\/Helices-QSL-ShenProp-Duct-85MMX6-2CW-2CCW.jpg","datePublished":"2021-08-24T08:57:33+00:00","dateModified":"2024-08-29T10:20:15+00:00","breadcrumb":{"@id":"https:\/\/iha-race.com\/pt-pt\/produto\/propulsor-qsl-shenprop-duct-85mmx6-2cw-2ccw\/#breadcrumb"},"inLanguage":"pt-PT","potentialAction":[{"@type":"ReadAction","target":["https:\/\/iha-race.com\/pt-pt\/produto\/propulsor-qsl-shenprop-duct-85mmx6-2cw-2ccw\/"]}]},{"@type":"ImageObject","inLanguage":"pt-PT","@id":"https:\/\/iha-race.com\/pt-pt\/produto\/propulsor-qsl-shenprop-duct-85mmx6-2cw-2ccw\/#primaryimage","url":"https:\/\/iha-race.com\/wp-content\/uploads\/2021\/08\/Helices-QSL-ShenProp-Duct-85MMX6-2CW-2CCW.jpg","contentUrl":"https:\/\/iha-race.com\/wp-content\/uploads\/2021\/08\/Helices-QSL-ShenProp-Duct-85MMX6-2CW-2CCW.jpg","width":2000,"height":2000,"caption":"comprar o mais barato ShenProp Duct-85MMX6 QSL Propellers (2CW + 2CCW)"},{"@type":"BreadcrumbList","@id":"https:\/\/iha-race.com\/pt-pt\/produto\/propulsor-qsl-shenprop-duct-85mmx6-2cw-2ccw\/#breadcrumb","itemListElement":[{"@type":"ListItem","position":1,"name":"Portada","item":"https:\/\/iha-race.com\/pt-pt\/elementor-499\/"},{"@type":"ListItem","position":2,"name":"Shop","item":"https:\/\/iha-race.com\/pt-pt\/shop\/"},{"@type":"ListItem","position":3,"name":"QSL ShenProp Duct-85MMX6 (2CW + 2CCW) H\u00e9lices QSL"}]},{"@type":"WebSite","@id":"https:\/\/iha-race.com\/pt-pt\/#website","url":"https:\/\/iha-race.com\/pt-pt\/","name":"Iha Race","description":"Comprar drones de carreras FPV env\u00edos en un d\u00eda desde Espa\u00f1a","publisher":{"@id":"https:\/\/iha-race.com\/pt-pt\/#organization"},"potentialAction":[{"@type":"SearchAction","target":{"@type":"EntryPoint","urlTemplate":"https:\/\/iha-race.com\/pt-pt\/?s={search_term_string}"},"query-input":{"@type":"PropertyValueSpecification","valueRequired":true,"valueName":"search_term_string"}}],"inLanguage":"pt-PT"},{"@type":"Organization","@id":"https:\/\/iha-race.com\/pt-pt\/#organization","name":"Iha Race","url":"https:\/\/iha-race.com\/pt-pt\/","logo":{"@type":"ImageObject","inLanguage":"pt-PT","@id":"https:\/\/iha-race.com\/pt-pt\/#\/schema\/logo\/image\/","url":"https:\/\/iha-race.com\/wp-content\/uploads\/2018\/07\/iha-race-drones-de-carreras-tienda-comprar-drones.png","contentUrl":"https:\/\/iha-race.com\/wp-content\/uploads\/2018\/07\/iha-race-drones-de-carreras-tienda-comprar-drones.png","width":300,"height":100,"caption":"Iha Race"},"image":{"@id":"https:\/\/iha-race.com\/pt-pt\/#\/schema\/logo\/image\/"}}]}},"brands":[],"_links":{"self":[{"href":"https:\/\/iha-race.com\/pt-pt\/wp-json\/wp\/v2\/product\/113908","targetHints":{"allow":["GET"]}}],"collection":[{"href":"https:\/\/iha-race.com\/pt-pt\/wp-json\/wp\/v2\/product"}],"about":[{"href":"https:\/\/iha-race.com\/pt-pt\/wp-json\/wp\/v2\/types\/product"}],"replies":[{"embeddable":true,"href":"https:\/\/iha-race.com\/pt-pt\/wp-json\/wp\/v2\/comments?post=113908"}],"version-history":[{"count":1,"href":"https:\/\/iha-race.com\/pt-pt\/wp-json\/wp\/v2\/product\/113908\/revisions"}],"predecessor-version":[{"id":249398,"href":"https:\/\/iha-race.com\/pt-pt\/wp-json\/wp\/v2\/product\/113908\/revisions\/249398"}],"wp:featuredmedia":[{"embeddable":true,"href":"https:\/\/iha-race.com\/pt-pt\/wp-json\/wp\/v2\/media\/103391"}],"wp:attachment":[{"href":"https:\/\/iha-race.com\/pt-pt\/wp-json\/wp\/v2\/media?parent=113908"}],"wp:term":[{"taxonomy":"pwb-brand","embeddable":true,"href":"https:\/\/iha-race.com\/pt-pt\/wp-json\/wp\/v2\/pwb-brand?post=113908"},{"taxonomy":"product_cat","embeddable":true,"href":"https:\/\/iha-race.com\/pt-pt\/wp-json\/wp\/v2\/product_cat?post=113908"},{"taxonomy":"product_tag","embeddable":true,"href":"https:\/\/iha-race.com\/pt-pt\/wp-json\/wp\/v2\/product_tag?post=113908"}],"curies":[{"name":"wp","href":"https:\/\/api.w.org\/{rel}","templated":true}]}}