{"id":113793,"date":"2021-07-27T13:03:34","date_gmt":"2021-07-27T11:03:34","guid":{"rendered":"https:\/\/iha-race.com\/producto\/caddx-antena-fpv-para-kit-polar-vista-105-cm\/"},"modified":"2024-08-29T12:22:21","modified_gmt":"2024-08-29T10:22:21","slug":"antena-caddx-fpv-fpv-antenna-for-polar-kit-vista-105-cm","status":"publish","type":"product","link":"https:\/\/iha-race.com\/pt-pt\/produto\/antena-caddx-fpv-fpv-antenna-for-polar-kit-vista-105-cm\/","title":{"rendered":"Caddx Antena FPV para Kit Polar Vista (10,5 cm)"},"content":{"rendered":"<h2>Caddx Antena FPV para Kit Polar Vista (10,5 cm)<\/h2>\n<p>  Esta <strong>antena de substitui\u00e7\u00e3o Caddx Polar FPV 5.8gHz<\/strong> \u00e9 compat\u00edvel com a unidade Caddx Polar Vista Air. Estas s\u00e3o antenas recentemente concebidas que v\u00eam com os kits da Caddx Polar Vista. Esta antena tem 1,5 cm de comprimento, o que \u00e9 um pouco mais longo do que a antena padr\u00e3o de 9 cm que vem originalmente com o kit e possui um conetor U.FL e um protetor de pl\u00e1stico para evitar dobras e proporcionar estabilidade.  <strong><img decoding=\"async\" src=\"https:\/\/cdn.getfpv.com\/media\/wysiwyg\/Antennas\/Caddx-Polar-5.8Ghz-Replacement-Antenna-_10.5cm_-Infographic.jpg\"><\/strong><\/p>\n<h2>Especifica\u00e7\u00f5es<\/h2>\n<ul>\n<li>Marca: CaddxFPV &#8211; WalksNail<\/li>\n<li>Comprimento: 105 mm (10,5 cm)<\/li>\n<li>Ganho m\u00e9dio: 2dbi<\/li>\n<li>Frequ\u00eancia: 5,8 GHz<\/li>\n<li>Polariza\u00e7\u00e3o: LHCP<\/li>\n<li>Conector: U.Fl<\/li>\n<li>Peso: 1,6 g<\/li>\n<li>VSWR: &lt;1.4<\/li>\n<\/ul>\n<h3>O pacote inclui:<\/h3>\n<ul>\n<li>1 x Caddx Antena FPV para Kit Polar Vista (10,5 cm)<\/li>\n<\/ul>\n","protected":false},"excerpt":{"rendered":"<p>Esta antena de substitui\u00e7\u00e3o Caddx Polar 5.8gHz \u00e9 compat\u00edvel com a unidade Caddx Polar Vista Air.<\/p>\n","protected":false},"featured_media":102258,"comment_status":"open","ping_status":"closed","template":"","meta":{"_joinchat":[]},"pwb-brand":[],"product_cat":[1198],"product_tag":[],"class_list":{"0":"post-113793","1":"product","2":"type-product","3":"status-publish","4":"has-post-thumbnail","6":"product_cat-antenas-fpv","8":"first","9":"outofstock","10":"taxable","11":"shipping-taxable","12":"purchasable","13":"product-type-simple"},"barcode":null,"atum_controlled":true,"out_stock_date":"2023-01-06 17:43:24","out_stock_threshold":null,"inheritable":false,"stock_on_hold":0,"sold_today":0,"sales_last_days":0,"out_stock_days":1195,"lost_sales":4558,"update_date":"2026-04-16T08:17:20","atum_locations":[],"atum_stock_status":"outofstock","restock_status":false,"low_stock_amount":"","sales_update_date":"2026-04-16T08:17:20","calc_backorders":null,"yoast_head":"<!-- This site is optimized with the Yoast SEO plugin v27.3 - https:\/\/yoast.com\/product\/yoast-seo-wordpress\/ -->\n<title>Caddx Antena FPV para Kit Polar Vista (10,5 cm) - Iha Race<\/title>\n<meta name=\"robots\" content=\"index, follow, max-snippet:-1, max-image-preview:large, max-video-preview:-1\" \/>\n<link rel=\"canonical\" href=\"https:\/\/iha-race.com\/pt-pt\/produto\/antena-caddx-fpv-fpv-antenna-for-polar-kit-vista-105-cm\/\" \/>\n<meta property=\"og:locale\" content=\"pt_PT\" \/>\n<meta property=\"og:type\" content=\"article\" \/>\n<meta property=\"og:title\" content=\"Caddx Antena FPV para Kit Polar Vista (10,5 cm) - Iha Race\" \/>\n<meta property=\"og:description\" content=\"Esta antena de substitui\u00e7\u00e3o Caddx Polar 5.8gHz \u00e9 compat\u00edvel com a unidade Caddx Polar Vista Air.\" \/>\n<meta property=\"og:url\" content=\"https:\/\/iha-race.com\/pt-pt\/produto\/antena-caddx-fpv-fpv-antenna-for-polar-kit-vista-105-cm\/\" \/>\n<meta property=\"og:site_name\" content=\"Iha Race\" \/>\n<meta property=\"article:modified_time\" content=\"2024-08-29T10:22:21+00:00\" \/>\n<meta property=\"og:image\" content=\"https:\/\/iha-race.com\/wp-content\/uploads\/2021\/07\/Antena-Caddx-FPV-para-Kit-Polar-Vista-9-cm.jpg\" \/>\n\t<meta property=\"og:image:width\" content=\"1500\" \/>\n\t<meta property=\"og:image:height\" content=\"1501\" \/>\n\t<meta property=\"og:image:type\" content=\"image\/jpeg\" \/>\n<meta name=\"twitter:card\" content=\"summary_large_image\" \/>\n<meta name=\"twitter:label1\" content=\"Tempo estimado de leitura\" \/>\n\t<meta name=\"twitter:data1\" content=\"1 minuto\" \/>\n<script type=\"application\/ld+json\" class=\"yoast-schema-graph\">{\"@context\":\"https:\\\/\\\/schema.org\",\"@graph\":[{\"@type\":\"WebPage\",\"@id\":\"https:\\\/\\\/iha-race.com\\\/pt-pt\\\/produto\\\/antena-caddx-fpv-fpv-antenna-for-polar-kit-vista-105-cm\\\/\",\"url\":\"https:\\\/\\\/iha-race.com\\\/pt-pt\\\/produto\\\/antena-caddx-fpv-fpv-antenna-for-polar-kit-vista-105-cm\\\/\",\"name\":\"Caddx Antena FPV para Kit Polar Vista (10,5 cm) - Iha Race\",\"isPartOf\":{\"@id\":\"https:\\\/\\\/iha-race.com\\\/pt-pt\\\/#website\"},\"primaryImageOfPage\":{\"@id\":\"https:\\\/\\\/iha-race.com\\\/pt-pt\\\/produto\\\/antena-caddx-fpv-fpv-antenna-for-polar-kit-vista-105-cm\\\/#primaryimage\"},\"image\":{\"@id\":\"https:\\\/\\\/iha-race.com\\\/pt-pt\\\/produto\\\/antena-caddx-fpv-fpv-antenna-for-polar-kit-vista-105-cm\\\/#primaryimage\"},\"thumbnailUrl\":\"https:\\\/\\\/iha-race.com\\\/wp-content\\\/uploads\\\/2021\\\/07\\\/Antena-Caddx-FPV-para-Kit-Polar-Vista-9-cm.jpg\",\"datePublished\":\"2021-07-27T11:03:34+00:00\",\"dateModified\":\"2024-08-29T10:22:21+00:00\",\"breadcrumb\":{\"@id\":\"https:\\\/\\\/iha-race.com\\\/pt-pt\\\/produto\\\/antena-caddx-fpv-fpv-antenna-for-polar-kit-vista-105-cm\\\/#breadcrumb\"},\"inLanguage\":\"pt-PT\",\"potentialAction\":[{\"@type\":\"ReadAction\",\"target\":[\"https:\\\/\\\/iha-race.com\\\/pt-pt\\\/produto\\\/antena-caddx-fpv-fpv-antenna-for-polar-kit-vista-105-cm\\\/\"]}]},{\"@type\":\"ImageObject\",\"inLanguage\":\"pt-PT\",\"@id\":\"https:\\\/\\\/iha-race.com\\\/pt-pt\\\/produto\\\/antena-caddx-fpv-fpv-antenna-for-polar-kit-vista-105-cm\\\/#primaryimage\",\"url\":\"https:\\\/\\\/iha-race.com\\\/wp-content\\\/uploads\\\/2021\\\/07\\\/Antena-Caddx-FPV-para-Kit-Polar-Vista-9-cm.jpg\",\"contentUrl\":\"https:\\\/\\\/iha-race.com\\\/wp-content\\\/uploads\\\/2021\\\/07\\\/Antena-Caddx-FPV-para-Kit-Polar-Vista-9-cm.jpg\",\"width\":1500,\"height\":1501,\"caption\":\"comprar a Antena Caddx FPV mais barata para o Polar Vista Kit (9 cm)\"},{\"@type\":\"BreadcrumbList\",\"@id\":\"https:\\\/\\\/iha-race.com\\\/pt-pt\\\/produto\\\/antena-caddx-fpv-fpv-antenna-for-polar-kit-vista-105-cm\\\/#breadcrumb\",\"itemListElement\":[{\"@type\":\"ListItem\",\"position\":1,\"name\":\"Portada\",\"item\":\"https:\\\/\\\/iha-race.com\\\/pt-pt\\\/\"},{\"@type\":\"ListItem\",\"position\":2,\"name\":\"Shop\",\"item\":\"https:\\\/\\\/iha-race.com\\\/pt-pt\\\/shop\\\/\"},{\"@type\":\"ListItem\",\"position\":3,\"name\":\"Caddx Antena FPV para Kit Polar Vista (10,5 cm)\"}]},{\"@type\":\"WebSite\",\"@id\":\"https:\\\/\\\/iha-race.com\\\/pt-pt\\\/#website\",\"url\":\"https:\\\/\\\/iha-race.com\\\/pt-pt\\\/\",\"name\":\"Iha Race\",\"description\":\"Comprar drones de carreras FPV env\u00edos en un d\u00eda desde Espa\u00f1a\",\"publisher\":{\"@id\":\"https:\\\/\\\/iha-race.com\\\/pt-pt\\\/#organization\"},\"potentialAction\":[{\"@type\":\"SearchAction\",\"target\":{\"@type\":\"EntryPoint\",\"urlTemplate\":\"https:\\\/\\\/iha-race.com\\\/pt-pt\\\/?s={search_term_string}\"},\"query-input\":{\"@type\":\"PropertyValueSpecification\",\"valueRequired\":true,\"valueName\":\"search_term_string\"}}],\"inLanguage\":\"pt-PT\"},{\"@type\":\"Organization\",\"@id\":\"https:\\\/\\\/iha-race.com\\\/pt-pt\\\/#organization\",\"name\":\"Iha Race\",\"url\":\"https:\\\/\\\/iha-race.com\\\/pt-pt\\\/\",\"logo\":{\"@type\":\"ImageObject\",\"inLanguage\":\"pt-PT\",\"@id\":\"https:\\\/\\\/iha-race.com\\\/pt-pt\\\/#\\\/schema\\\/logo\\\/image\\\/\",\"url\":\"https:\\\/\\\/iha-race.com\\\/wp-content\\\/uploads\\\/2018\\\/07\\\/iha-race-drones-de-carreras-tienda-comprar-drones.png\",\"contentUrl\":\"https:\\\/\\\/iha-race.com\\\/wp-content\\\/uploads\\\/2018\\\/07\\\/iha-race-drones-de-carreras-tienda-comprar-drones.png\",\"width\":300,\"height\":100,\"caption\":\"Iha Race\"},\"image\":{\"@id\":\"https:\\\/\\\/iha-race.com\\\/pt-pt\\\/#\\\/schema\\\/logo\\\/image\\\/\"}}]}<\/script>\n<!-- \/ Yoast SEO plugin. -->","yoast_head_json":{"title":"Caddx Antena FPV para Kit Polar Vista (10,5 cm) - Iha Race","robots":{"index":"index","follow":"follow","max-snippet":"max-snippet:-1","max-image-preview":"max-image-preview:large","max-video-preview":"max-video-preview:-1"},"canonical":"https:\/\/iha-race.com\/pt-pt\/produto\/antena-caddx-fpv-fpv-antenna-for-polar-kit-vista-105-cm\/","og_locale":"pt_PT","og_type":"article","og_title":"Caddx Antena FPV para Kit Polar Vista (10,5 cm) - Iha Race","og_description":"Esta antena de substitui\u00e7\u00e3o Caddx Polar 5.8gHz \u00e9 compat\u00edvel com a unidade Caddx Polar Vista Air.","og_url":"https:\/\/iha-race.com\/pt-pt\/produto\/antena-caddx-fpv-fpv-antenna-for-polar-kit-vista-105-cm\/","og_site_name":"Iha Race","article_modified_time":"2024-08-29T10:22:21+00:00","og_image":[{"width":1500,"height":1501,"url":"https:\/\/iha-race.com\/wp-content\/uploads\/2021\/07\/Antena-Caddx-FPV-para-Kit-Polar-Vista-9-cm.jpg","type":"image\/jpeg"}],"twitter_card":"summary_large_image","twitter_misc":{"Tempo estimado de leitura":"1 minuto"},"schema":{"@context":"https:\/\/schema.org","@graph":[{"@type":"WebPage","@id":"https:\/\/iha-race.com\/pt-pt\/produto\/antena-caddx-fpv-fpv-antenna-for-polar-kit-vista-105-cm\/","url":"https:\/\/iha-race.com\/pt-pt\/produto\/antena-caddx-fpv-fpv-antenna-for-polar-kit-vista-105-cm\/","name":"Caddx Antena FPV para Kit Polar Vista (10,5 cm) - Iha Race","isPartOf":{"@id":"https:\/\/iha-race.com\/pt-pt\/#website"},"primaryImageOfPage":{"@id":"https:\/\/iha-race.com\/pt-pt\/produto\/antena-caddx-fpv-fpv-antenna-for-polar-kit-vista-105-cm\/#primaryimage"},"image":{"@id":"https:\/\/iha-race.com\/pt-pt\/produto\/antena-caddx-fpv-fpv-antenna-for-polar-kit-vista-105-cm\/#primaryimage"},"thumbnailUrl":"https:\/\/iha-race.com\/wp-content\/uploads\/2021\/07\/Antena-Caddx-FPV-para-Kit-Polar-Vista-9-cm.jpg","datePublished":"2021-07-27T11:03:34+00:00","dateModified":"2024-08-29T10:22:21+00:00","breadcrumb":{"@id":"https:\/\/iha-race.com\/pt-pt\/produto\/antena-caddx-fpv-fpv-antenna-for-polar-kit-vista-105-cm\/#breadcrumb"},"inLanguage":"pt-PT","potentialAction":[{"@type":"ReadAction","target":["https:\/\/iha-race.com\/pt-pt\/produto\/antena-caddx-fpv-fpv-antenna-for-polar-kit-vista-105-cm\/"]}]},{"@type":"ImageObject","inLanguage":"pt-PT","@id":"https:\/\/iha-race.com\/pt-pt\/produto\/antena-caddx-fpv-fpv-antenna-for-polar-kit-vista-105-cm\/#primaryimage","url":"https:\/\/iha-race.com\/wp-content\/uploads\/2021\/07\/Antena-Caddx-FPV-para-Kit-Polar-Vista-9-cm.jpg","contentUrl":"https:\/\/iha-race.com\/wp-content\/uploads\/2021\/07\/Antena-Caddx-FPV-para-Kit-Polar-Vista-9-cm.jpg","width":1500,"height":1501,"caption":"comprar a Antena Caddx FPV mais barata para o Polar Vista Kit (9 cm)"},{"@type":"BreadcrumbList","@id":"https:\/\/iha-race.com\/pt-pt\/produto\/antena-caddx-fpv-fpv-antenna-for-polar-kit-vista-105-cm\/#breadcrumb","itemListElement":[{"@type":"ListItem","position":1,"name":"Portada","item":"https:\/\/iha-race.com\/pt-pt\/"},{"@type":"ListItem","position":2,"name":"Shop","item":"https:\/\/iha-race.com\/pt-pt\/shop\/"},{"@type":"ListItem","position":3,"name":"Caddx Antena FPV para Kit Polar Vista (10,5 cm)"}]},{"@type":"WebSite","@id":"https:\/\/iha-race.com\/pt-pt\/#website","url":"https:\/\/iha-race.com\/pt-pt\/","name":"Iha Race","description":"Comprar drones de carreras FPV env\u00edos en un d\u00eda desde Espa\u00f1a","publisher":{"@id":"https:\/\/iha-race.com\/pt-pt\/#organization"},"potentialAction":[{"@type":"SearchAction","target":{"@type":"EntryPoint","urlTemplate":"https:\/\/iha-race.com\/pt-pt\/?s={search_term_string}"},"query-input":{"@type":"PropertyValueSpecification","valueRequired":true,"valueName":"search_term_string"}}],"inLanguage":"pt-PT"},{"@type":"Organization","@id":"https:\/\/iha-race.com\/pt-pt\/#organization","name":"Iha Race","url":"https:\/\/iha-race.com\/pt-pt\/","logo":{"@type":"ImageObject","inLanguage":"pt-PT","@id":"https:\/\/iha-race.com\/pt-pt\/#\/schema\/logo\/image\/","url":"https:\/\/iha-race.com\/wp-content\/uploads\/2018\/07\/iha-race-drones-de-carreras-tienda-comprar-drones.png","contentUrl":"https:\/\/iha-race.com\/wp-content\/uploads\/2018\/07\/iha-race-drones-de-carreras-tienda-comprar-drones.png","width":300,"height":100,"caption":"Iha Race"},"image":{"@id":"https:\/\/iha-race.com\/pt-pt\/#\/schema\/logo\/image\/"}}]}},"jetpack_sharing_enabled":true,"brands":[],"_links":{"self":[{"href":"https:\/\/iha-race.com\/pt-pt\/wp-json\/wp\/v2\/product\/113793","targetHints":{"allow":["GET"]}}],"collection":[{"href":"https:\/\/iha-race.com\/pt-pt\/wp-json\/wp\/v2\/product"}],"about":[{"href":"https:\/\/iha-race.com\/pt-pt\/wp-json\/wp\/v2\/types\/product"}],"replies":[{"embeddable":true,"href":"https:\/\/iha-race.com\/pt-pt\/wp-json\/wp\/v2\/comments?post=113793"}],"version-history":[{"count":4,"href":"https:\/\/iha-race.com\/pt-pt\/wp-json\/wp\/v2\/product\/113793\/revisions"}],"predecessor-version":[{"id":249442,"href":"https:\/\/iha-race.com\/pt-pt\/wp-json\/wp\/v2\/product\/113793\/revisions\/249442"}],"wp:featuredmedia":[{"embeddable":true,"href":"https:\/\/iha-race.com\/pt-pt\/wp-json\/wp\/v2\/media\/102258"}],"wp:attachment":[{"href":"https:\/\/iha-race.com\/pt-pt\/wp-json\/wp\/v2\/media?parent=113793"}],"wp:term":[{"taxonomy":"pwb-brand","embeddable":true,"href":"https:\/\/iha-race.com\/pt-pt\/wp-json\/wp\/v2\/pwb-brand?post=113793"},{"taxonomy":"product_cat","embeddable":true,"href":"https:\/\/iha-race.com\/pt-pt\/wp-json\/wp\/v2\/product_cat?post=113793"},{"taxonomy":"product_tag","embeddable":true,"href":"https:\/\/iha-race.com\/pt-pt\/wp-json\/wp\/v2\/product_tag?post=113793"}],"curies":[{"name":"wp","href":"https:\/\/api.w.org\/{rel}","templated":true}]}}