{"id":113766,"date":"2021-07-07T18:00:40","date_gmt":"2021-07-07T16:00:40","guid":{"rendered":"https:\/\/iha-race.com\/producto\/kit-de-tiras-betafpv-para-lipos-2s-4s-2-pcs\/"},"modified":"2026-02-11T14:32:18","modified_gmt":"2026-02-11T13:32:18","slug":"kit-straps-betafpv-straps-for-lipos-2s-4s-2-units-ou-6-units-ou-6-units-unit","status":"publish","type":"product","link":"https:\/\/iha-race.com\/pt-pt\/produto\/kit-straps-betafpv-straps-for-lipos-2s-4s-2-units-ou-6-units-ou-6-units-unit\/","title":{"rendered":"Kit de tiras BetaFPV para Lipos 2S-4S (2 Unidades ou 6 Unidades)"},"content":{"rendered":"<h2>Kit de tiras BetaFPV para Lipos 2S-4S (2 Unidades ou 6 Unidades)<\/h2>\n<p>  Cada correia \u00e9 leve, dur\u00e1vel e possui um suporte de nylon para uma superf\u00edcie antiderrapante na bateria. Isto ajuda a evitar que a bateria seja ejectada durante um voo agressivo ou mesmo que se despiste. O kit de correias 2-4S inclui 2 conjuntos de almofadas de borracha antiderrapantes, adequadas para  <a href=\"https:\/\/iha-race.com\/producto\/marco-betafpv-85x-4k\/\"><a href=\"https:\/\/iha-race.com\/producto\/marco-betafpv-85x-4k\/\">Caixa Beta85X.<\/a><\/a><\/p>\n<p><img fetchpriority=\"high\" decoding=\"async\" class=\"alignnone wp-image-66885 size-large\" src=\"https:\/\/iha-race.com\/wp-content\/uploads\/2021\/07\/cuadro-85X-1024x574.jpg\" alt=\"\" width=\"840\" height=\"471\" srcset=\"https:\/\/iha-race.com\/wp-content\/uploads\/2021\/07\/cuadro-85X-1024x574.jpg 1024w, https:\/\/iha-race.com\/wp-content\/uploads\/2021\/07\/cuadro-85X-300x168.jpg 300w, https:\/\/iha-race.com\/wp-content\/uploads\/2021\/07\/cuadro-85X-767x430.jpg 767w, https:\/\/iha-race.com\/wp-content\/uploads\/2021\/07\/cuadro-85X-1536x862.jpg 1536w, https:\/\/iha-race.com\/wp-content\/uploads\/2021\/07\/cuadro-85X-2048x1149.jpg 2048w, https:\/\/iha-race.com\/wp-content\/uploads\/2021\/07\/cuadro-85X-267x150.jpg 267w, https:\/\/iha-race.com\/wp-content\/uploads\/2021\/07\/cuadro-85X-100x56.jpg 100w, https:\/\/iha-race.com\/wp-content\/uploads\/2021\/07\/cuadro-85X-624x350.jpg 624w, https:\/\/iha-race.com\/wp-content\/uploads\/2021\/07\/cuadro-85X-788x442.jpg 788w, https:\/\/iha-race.com\/wp-content\/uploads\/2021\/07\/cuadro-85X.jpg 599w\" sizes=\"(max-width: 840px) 100vw, 840px\" \/><\/p>\n<h2>Especifica\u00e7\u00f5es:<\/h2>\n<ul>\n<li>Correia de bateria 10*115 mm adequada para baterias 2-3S<\/li>\n<li>Correia de bateria 10 * 150 mm adequada para baterias 3-4S<\/li>\n<\/ul>\n<p><img decoding=\"async\" class=\"alignnone wp-image-66886 size-large\" src=\"https:\/\/iha-race.com\/wp-content\/uploads\/2021\/07\/Kit-Straps-BetaFPV-para-baterias-Lipos-2S-4S-2-Unidades-medidas-1024x572.jpg\" alt=\"\" width=\"840\" height=\"469\" srcset=\"https:\/\/iha-race.com\/wp-content\/uploads\/2021\/07\/Kit-Straps-BetaFPV-para-baterias-Lipos-2S-4S-2-Unidades-medidas-1024x572.jpg 1024w, https:\/\/iha-race.com\/wp-content\/uploads\/2021\/07\/Kit-Straps-BetaFPV-para-baterias-Lipos-2S-4S-2-Unidades-medidas-300x168.jpg 300w, https:\/\/iha-race.com\/wp-content\/uploads\/2021\/07\/Kit-Straps-BetaFPV-para-baterias-Lipos-2S-4S-2-Unidades-medidas-767x428.jpg 767w, https:\/\/iha-race.com\/wp-content\/uploads\/2021\/07\/Kit-Straps-BetaFPV-para-baterias-Lipos-2S-4S-2-Unidades-medidas-1536x858.jpg 1536w, https:\/\/iha-race.com\/wp-content\/uploads\/2021\/07\/Kit-Straps-BetaFPV-para-baterias-Lipos-2S-4S-2-Unidades-medidas-2048x1143.jpg 2048w, https:\/\/iha-race.com\/wp-content\/uploads\/2021\/07\/Kit-Straps-BetaFPV-para-baterias-Lipos-2S-4S-2-Unidades-medidas-269x150.jpg 269w, https:\/\/iha-race.com\/wp-content\/uploads\/2021\/07\/Kit-Straps-BetaFPV-para-baterias-Lipos-2S-4S-2-Unidades-medidas-100x56.jpg 100w, https:\/\/iha-race.com\/wp-content\/uploads\/2021\/07\/Kit-Straps-BetaFPV-para-baterias-Lipos-2S-4S-2-Unidades-medidas-627x350.jpg 627w, https:\/\/iha-race.com\/wp-content\/uploads\/2021\/07\/Kit-Straps-BetaFPV-para-baterias-Lipos-2S-4S-2-Unidades-medidas-788x439.jpg 788w, https:\/\/iha-race.com\/wp-content\/uploads\/2021\/07\/Kit-Straps-BetaFPV-para-baterias-Lipos-2S-4S-2-Unidades-medidas.jpg 600w\" sizes=\"(max-width: 840px) 100vw, 840px\" \/><\/p>\n<h2>O pacote inclui:<\/h2>\n<p><strong>Pacote de 2 unidades<\/strong><\/p>\n<ul>\n<li>1 x 10 x 115 mm 2-3S correia de bateria<\/li>\n<li>1 x 10 x 150mm Correia de bateria 3-4S<\/li>\n<li>2 x conjuntos de almofadas de borracha antiderrapantes<\/li>\n<\/ul>\n<p><strong>Pacote de 6 unidades<\/strong><\/p>\n<ul>\n<li>2 x 10 x 115 mm 2-3S correia de bateria<\/li>\n<li>2 x 10 x 150mm 3-4S Correia de bateria 10 x 150mm<\/li>\n<li>4 x conjuntos de almofadas de borracha antiderrapantes<\/li>\n<\/ul>\n","protected":false},"excerpt":{"rendered":"<p>Kit de tiras BetaFPV para Lipos 2S-4S (2 Unidades ou 6 Unidades) Cada correia \u00e9 leve, dur\u00e1vel e possui um suporte de nylon para uma superf\u00edcie antiderrapante na bateria. Isto<\/p>\n","protected":false},"featured_media":101574,"comment_status":"open","ping_status":"closed","template":"","meta":{"_joinchat":[]},"pwb-brand":[],"product_cat":[1069,1062],"product_tag":[],"class_list":{"0":"post-113766","1":"product","2":"type-product","3":"status-publish","4":"has-post-thumbnail","6":"product_cat-acessorios-de-bateria","7":"product_cat-baterias-fpv","9":"first","10":"instock","11":"taxable","12":"shipping-taxable","13":"purchasable","14":"product-type-variable"},"barcode":null,"atum_controlled":true,"out_stock_date":null,"out_stock_threshold":null,"inheritable":true,"stock_on_hold":0,"sold_today":0,"sales_last_days":1,"out_stock_days":0,"lost_sales":0,"update_date":"2026-04-06T09:23:45","atum_locations":[],"atum_stock_status":"instock","restock_status":false,"low_stock_amount":"","sales_update_date":"2026-03-21T11:17:11","calc_backorders":null,"yoast_head":"<!-- This site is optimized with the Yoast SEO plugin v27.3 - https:\/\/yoast.com\/product\/yoast-seo-wordpress\/ -->\n<title>Kit de tiras BetaFPV para Lipos 2S-4S (2 Unidades ou 6 Unidades) - Iha Race<\/title>\n<meta name=\"robots\" content=\"index, follow, max-snippet:-1, max-image-preview:large, max-video-preview:-1\" \/>\n<link rel=\"canonical\" href=\"https:\/\/iha-race.com\/pt-pt\/produto\/kit-straps-betafpv-straps-for-lipos-2s-4s-2-units-ou-6-units-ou-6-units-unit\/\" \/>\n<meta property=\"og:locale\" content=\"pt_PT\" \/>\n<meta property=\"og:type\" content=\"article\" \/>\n<meta property=\"og:title\" content=\"Kit de tiras BetaFPV para Lipos 2S-4S (2 Unidades ou 6 Unidades) - Iha Race\" \/>\n<meta property=\"og:description\" content=\"Kit de tiras BetaFPV para Lipos 2S-4S (2 Unidades ou 6 Unidades) Cada correia \u00e9 leve, dur\u00e1vel e possui um suporte de nylon para uma superf\u00edcie antiderrapante na bateria. Isto\" \/>\n<meta property=\"og:url\" content=\"https:\/\/iha-race.com\/pt-pt\/produto\/kit-straps-betafpv-straps-for-lipos-2s-4s-2-units-ou-6-units-ou-6-units-unit\/\" \/>\n<meta property=\"og:site_name\" content=\"Iha Race\" \/>\n<meta property=\"article:modified_time\" content=\"2026-02-11T13:32:18+00:00\" \/>\n<meta property=\"og:image\" content=\"https:\/\/iha-race.com\/wp-content\/uploads\/2021\/07\/Kit-Straps-BetaFPV-para-Lipos-2S-4S-2-Unidades.jpg\" \/>\n\t<meta property=\"og:image:width\" content=\"800\" \/>\n\t<meta property=\"og:image:height\" content=\"800\" \/>\n\t<meta property=\"og:image:type\" content=\"image\/jpeg\" \/>\n<meta name=\"twitter:card\" content=\"summary_large_image\" \/>\n<meta name=\"twitter:label1\" content=\"Tempo estimado de leitura\" \/>\n\t<meta name=\"twitter:data1\" content=\"1 minuto\" \/>\n<script type=\"application\/ld+json\" class=\"yoast-schema-graph\">{\"@context\":\"https:\\\/\\\/schema.org\",\"@graph\":[{\"@type\":\"WebPage\",\"@id\":\"https:\\\/\\\/iha-race.com\\\/pt-pt\\\/produto\\\/kit-straps-betafpv-straps-for-lipos-2s-4s-2-units-ou-6-units-ou-6-units-unit\\\/\",\"url\":\"https:\\\/\\\/iha-race.com\\\/pt-pt\\\/produto\\\/kit-straps-betafpv-straps-for-lipos-2s-4s-2-units-ou-6-units-ou-6-units-unit\\\/\",\"name\":\"Kit de tiras BetaFPV para Lipos 2S-4S (2 Unidades ou 6 Unidades) - Iha Race\",\"isPartOf\":{\"@id\":\"https:\\\/\\\/iha-race.com\\\/pt-pt\\\/#website\"},\"primaryImageOfPage\":{\"@id\":\"https:\\\/\\\/iha-race.com\\\/pt-pt\\\/produto\\\/kit-straps-betafpv-straps-for-lipos-2s-4s-2-units-ou-6-units-ou-6-units-unit\\\/#primaryimage\"},\"image\":{\"@id\":\"https:\\\/\\\/iha-race.com\\\/pt-pt\\\/produto\\\/kit-straps-betafpv-straps-for-lipos-2s-4s-2-units-ou-6-units-ou-6-units-unit\\\/#primaryimage\"},\"thumbnailUrl\":\"https:\\\/\\\/iha-race.com\\\/wp-content\\\/uploads\\\/2021\\\/07\\\/Kit-Straps-BetaFPV-para-Lipos-2S-4S-2-Unidades.jpg\",\"datePublished\":\"2021-07-07T16:00:40+00:00\",\"dateModified\":\"2026-02-11T13:32:18+00:00\",\"breadcrumb\":{\"@id\":\"https:\\\/\\\/iha-race.com\\\/pt-pt\\\/produto\\\/kit-straps-betafpv-straps-for-lipos-2s-4s-2-units-ou-6-units-ou-6-units-unit\\\/#breadcrumb\"},\"inLanguage\":\"pt-PT\",\"potentialAction\":[{\"@type\":\"ReadAction\",\"target\":[\"https:\\\/\\\/iha-race.com\\\/pt-pt\\\/produto\\\/kit-straps-betafpv-straps-for-lipos-2s-4s-2-units-ou-6-units-ou-6-units-unit\\\/\"]}]},{\"@type\":\"ImageObject\",\"inLanguage\":\"pt-PT\",\"@id\":\"https:\\\/\\\/iha-race.com\\\/pt-pt\\\/produto\\\/kit-straps-betafpv-straps-for-lipos-2s-4s-2-units-ou-6-units-ou-6-units-unit\\\/#primaryimage\",\"url\":\"https:\\\/\\\/iha-race.com\\\/wp-content\\\/uploads\\\/2021\\\/07\\\/Kit-Straps-BetaFPV-para-Lipos-2S-4S-2-Unidades.jpg\",\"contentUrl\":\"https:\\\/\\\/iha-race.com\\\/wp-content\\\/uploads\\\/2021\\\/07\\\/Kit-Straps-BetaFPV-para-Lipos-2S-4S-2-Unidades.jpg\",\"width\":800,\"height\":800,\"caption\":\"comprar o Kit de Tiras BetaFPV mais barato para Lipos 2S-4S (2 unidades)\"},{\"@type\":\"BreadcrumbList\",\"@id\":\"https:\\\/\\\/iha-race.com\\\/pt-pt\\\/produto\\\/kit-straps-betafpv-straps-for-lipos-2s-4s-2-units-ou-6-units-ou-6-units-unit\\\/#breadcrumb\",\"itemListElement\":[{\"@type\":\"ListItem\",\"position\":1,\"name\":\"Portada\",\"item\":\"https:\\\/\\\/iha-race.com\\\/pt-pt\\\/elementor-499\\\/\"},{\"@type\":\"ListItem\",\"position\":2,\"name\":\"Shop\",\"item\":\"https:\\\/\\\/iha-race.com\\\/pt-pt\\\/shop\\\/\"},{\"@type\":\"ListItem\",\"position\":3,\"name\":\"Kit de tiras BetaFPV para Lipos 2S-4S (2 Unidades ou 6 Unidades)\"}]},{\"@type\":\"WebSite\",\"@id\":\"https:\\\/\\\/iha-race.com\\\/pt-pt\\\/#website\",\"url\":\"https:\\\/\\\/iha-race.com\\\/pt-pt\\\/\",\"name\":\"Iha Race\",\"description\":\"Comprar drones de carreras FPV env\u00edos en un d\u00eda desde Espa\u00f1a\",\"publisher\":{\"@id\":\"https:\\\/\\\/iha-race.com\\\/pt-pt\\\/#organization\"},\"potentialAction\":[{\"@type\":\"SearchAction\",\"target\":{\"@type\":\"EntryPoint\",\"urlTemplate\":\"https:\\\/\\\/iha-race.com\\\/pt-pt\\\/?s={search_term_string}\"},\"query-input\":{\"@type\":\"PropertyValueSpecification\",\"valueRequired\":true,\"valueName\":\"search_term_string\"}}],\"inLanguage\":\"pt-PT\"},{\"@type\":\"Organization\",\"@id\":\"https:\\\/\\\/iha-race.com\\\/pt-pt\\\/#organization\",\"name\":\"Iha Race\",\"url\":\"https:\\\/\\\/iha-race.com\\\/pt-pt\\\/\",\"logo\":{\"@type\":\"ImageObject\",\"inLanguage\":\"pt-PT\",\"@id\":\"https:\\\/\\\/iha-race.com\\\/pt-pt\\\/#\\\/schema\\\/logo\\\/image\\\/\",\"url\":\"https:\\\/\\\/iha-race.com\\\/wp-content\\\/uploads\\\/2018\\\/07\\\/iha-race-drones-de-carreras-tienda-comprar-drones.png\",\"contentUrl\":\"https:\\\/\\\/iha-race.com\\\/wp-content\\\/uploads\\\/2018\\\/07\\\/iha-race-drones-de-carreras-tienda-comprar-drones.png\",\"width\":300,\"height\":100,\"caption\":\"Iha Race\"},\"image\":{\"@id\":\"https:\\\/\\\/iha-race.com\\\/pt-pt\\\/#\\\/schema\\\/logo\\\/image\\\/\"}}]}<\/script>\n<!-- \/ Yoast SEO plugin. -->","yoast_head_json":{"title":"Kit de tiras BetaFPV para Lipos 2S-4S (2 Unidades ou 6 Unidades) - Iha Race","robots":{"index":"index","follow":"follow","max-snippet":"max-snippet:-1","max-image-preview":"max-image-preview:large","max-video-preview":"max-video-preview:-1"},"canonical":"https:\/\/iha-race.com\/pt-pt\/produto\/kit-straps-betafpv-straps-for-lipos-2s-4s-2-units-ou-6-units-ou-6-units-unit\/","og_locale":"pt_PT","og_type":"article","og_title":"Kit de tiras BetaFPV para Lipos 2S-4S (2 Unidades ou 6 Unidades) - Iha Race","og_description":"Kit de tiras BetaFPV para Lipos 2S-4S (2 Unidades ou 6 Unidades) Cada correia \u00e9 leve, dur\u00e1vel e possui um suporte de nylon para uma superf\u00edcie antiderrapante na bateria. Isto","og_url":"https:\/\/iha-race.com\/pt-pt\/produto\/kit-straps-betafpv-straps-for-lipos-2s-4s-2-units-ou-6-units-ou-6-units-unit\/","og_site_name":"Iha Race","article_modified_time":"2026-02-11T13:32:18+00:00","og_image":[{"width":800,"height":800,"url":"https:\/\/iha-race.com\/wp-content\/uploads\/2021\/07\/Kit-Straps-BetaFPV-para-Lipos-2S-4S-2-Unidades.jpg","type":"image\/jpeg"}],"twitter_card":"summary_large_image","twitter_misc":{"Tempo estimado de leitura":"1 minuto"},"schema":{"@context":"https:\/\/schema.org","@graph":[{"@type":"WebPage","@id":"https:\/\/iha-race.com\/pt-pt\/produto\/kit-straps-betafpv-straps-for-lipos-2s-4s-2-units-ou-6-units-ou-6-units-unit\/","url":"https:\/\/iha-race.com\/pt-pt\/produto\/kit-straps-betafpv-straps-for-lipos-2s-4s-2-units-ou-6-units-ou-6-units-unit\/","name":"Kit de tiras BetaFPV para Lipos 2S-4S (2 Unidades ou 6 Unidades) - Iha Race","isPartOf":{"@id":"https:\/\/iha-race.com\/pt-pt\/#website"},"primaryImageOfPage":{"@id":"https:\/\/iha-race.com\/pt-pt\/produto\/kit-straps-betafpv-straps-for-lipos-2s-4s-2-units-ou-6-units-ou-6-units-unit\/#primaryimage"},"image":{"@id":"https:\/\/iha-race.com\/pt-pt\/produto\/kit-straps-betafpv-straps-for-lipos-2s-4s-2-units-ou-6-units-ou-6-units-unit\/#primaryimage"},"thumbnailUrl":"https:\/\/iha-race.com\/wp-content\/uploads\/2021\/07\/Kit-Straps-BetaFPV-para-Lipos-2S-4S-2-Unidades.jpg","datePublished":"2021-07-07T16:00:40+00:00","dateModified":"2026-02-11T13:32:18+00:00","breadcrumb":{"@id":"https:\/\/iha-race.com\/pt-pt\/produto\/kit-straps-betafpv-straps-for-lipos-2s-4s-2-units-ou-6-units-ou-6-units-unit\/#breadcrumb"},"inLanguage":"pt-PT","potentialAction":[{"@type":"ReadAction","target":["https:\/\/iha-race.com\/pt-pt\/produto\/kit-straps-betafpv-straps-for-lipos-2s-4s-2-units-ou-6-units-ou-6-units-unit\/"]}]},{"@type":"ImageObject","inLanguage":"pt-PT","@id":"https:\/\/iha-race.com\/pt-pt\/produto\/kit-straps-betafpv-straps-for-lipos-2s-4s-2-units-ou-6-units-ou-6-units-unit\/#primaryimage","url":"https:\/\/iha-race.com\/wp-content\/uploads\/2021\/07\/Kit-Straps-BetaFPV-para-Lipos-2S-4S-2-Unidades.jpg","contentUrl":"https:\/\/iha-race.com\/wp-content\/uploads\/2021\/07\/Kit-Straps-BetaFPV-para-Lipos-2S-4S-2-Unidades.jpg","width":800,"height":800,"caption":"comprar o Kit de Tiras BetaFPV mais barato para Lipos 2S-4S (2 unidades)"},{"@type":"BreadcrumbList","@id":"https:\/\/iha-race.com\/pt-pt\/produto\/kit-straps-betafpv-straps-for-lipos-2s-4s-2-units-ou-6-units-ou-6-units-unit\/#breadcrumb","itemListElement":[{"@type":"ListItem","position":1,"name":"Portada","item":"https:\/\/iha-race.com\/pt-pt\/elementor-499\/"},{"@type":"ListItem","position":2,"name":"Shop","item":"https:\/\/iha-race.com\/pt-pt\/shop\/"},{"@type":"ListItem","position":3,"name":"Kit de tiras BetaFPV para Lipos 2S-4S (2 Unidades ou 6 Unidades)"}]},{"@type":"WebSite","@id":"https:\/\/iha-race.com\/pt-pt\/#website","url":"https:\/\/iha-race.com\/pt-pt\/","name":"Iha Race","description":"Comprar drones de carreras FPV env\u00edos en un d\u00eda desde Espa\u00f1a","publisher":{"@id":"https:\/\/iha-race.com\/pt-pt\/#organization"},"potentialAction":[{"@type":"SearchAction","target":{"@type":"EntryPoint","urlTemplate":"https:\/\/iha-race.com\/pt-pt\/?s={search_term_string}"},"query-input":{"@type":"PropertyValueSpecification","valueRequired":true,"valueName":"search_term_string"}}],"inLanguage":"pt-PT"},{"@type":"Organization","@id":"https:\/\/iha-race.com\/pt-pt\/#organization","name":"Iha Race","url":"https:\/\/iha-race.com\/pt-pt\/","logo":{"@type":"ImageObject","inLanguage":"pt-PT","@id":"https:\/\/iha-race.com\/pt-pt\/#\/schema\/logo\/image\/","url":"https:\/\/iha-race.com\/wp-content\/uploads\/2018\/07\/iha-race-drones-de-carreras-tienda-comprar-drones.png","contentUrl":"https:\/\/iha-race.com\/wp-content\/uploads\/2018\/07\/iha-race-drones-de-carreras-tienda-comprar-drones.png","width":300,"height":100,"caption":"Iha Race"},"image":{"@id":"https:\/\/iha-race.com\/pt-pt\/#\/schema\/logo\/image\/"}}]}},"brands":[],"_links":{"self":[{"href":"https:\/\/iha-race.com\/pt-pt\/wp-json\/wp\/v2\/product\/113766","targetHints":{"allow":["GET"]}}],"collection":[{"href":"https:\/\/iha-race.com\/pt-pt\/wp-json\/wp\/v2\/product"}],"about":[{"href":"https:\/\/iha-race.com\/pt-pt\/wp-json\/wp\/v2\/types\/product"}],"replies":[{"embeddable":true,"href":"https:\/\/iha-race.com\/pt-pt\/wp-json\/wp\/v2\/comments?post=113766"}],"version-history":[{"count":3,"href":"https:\/\/iha-race.com\/pt-pt\/wp-json\/wp\/v2\/product\/113766\/revisions"}],"predecessor-version":[{"id":249455,"href":"https:\/\/iha-race.com\/pt-pt\/wp-json\/wp\/v2\/product\/113766\/revisions\/249455"}],"wp:featuredmedia":[{"embeddable":true,"href":"https:\/\/iha-race.com\/pt-pt\/wp-json\/wp\/v2\/media\/101574"}],"wp:attachment":[{"href":"https:\/\/iha-race.com\/pt-pt\/wp-json\/wp\/v2\/media?parent=113766"}],"wp:term":[{"taxonomy":"pwb-brand","embeddable":true,"href":"https:\/\/iha-race.com\/pt-pt\/wp-json\/wp\/v2\/pwb-brand?post=113766"},{"taxonomy":"product_cat","embeddable":true,"href":"https:\/\/iha-race.com\/pt-pt\/wp-json\/wp\/v2\/product_cat?post=113766"},{"taxonomy":"product_tag","embeddable":true,"href":"https:\/\/iha-race.com\/pt-pt\/wp-json\/wp\/v2\/product_tag?post=113766"}],"curies":[{"name":"wp","href":"https:\/\/api.w.org\/{rel}","templated":true}]}}