{"id":113752,"date":"2021-06-15T17:32:56","date_gmt":"2021-06-15T15:32:56","guid":{"rendered":"https:\/\/iha-race.com\/producto\/hobby-arthur-1404-brushless-flash-motor-2800-kv-4300-kv-6000-kv\/"},"modified":"2024-08-29T12:25:42","modified_gmt":"2024-08-29T10:25:42","slug":"motor-flash-hobby-arthur-1404-brushless-2800-kv-4300-kv-6000-kv","status":"publish","type":"product","link":"https:\/\/iha-race.com\/pt-pt\/produto\/motor-flash-hobby-arthur-1404-brushless-2800-kv-4300-kv-6000-kv\/","title":{"rendered":"Hobby Arthur 1404 Brushless Flash Motor (2800 Kv\/4300 Kv\/6000 Kv)"},"content":{"rendered":"<h2>Hobby Arthur 1404 Brushless Flash Motor (2800 Kv\/4300 Kv\/6000 Kv)<\/h2>\n<p>  V\u00ea esta nova linha de potentes e elegantes motores de flash para passatempos!  <\/p>\n<h2>Caracter\u00edsticas:<\/h2>\n<ul>\n<li>Peso: 9,3 g (incl. cabos)<\/li>\n<li>Tamanho do motor: 18,6 x 13,2 mm<\/li>\n<li>Di\u00e2metro do estator: 14 mm<\/li>\n<li>Altura do estator: 4 mm<\/li>\n<li>Di\u00e2metro do eixo: 1,5 mm<\/li>\n<li>Montagem do motor: 9 * 9 mm (4 * M2)<\/li>\n<li>Configura\u00e7\u00e3o: 9N12P<\/li>\n<li>Cabo motor: 26 AWG 115 mm<\/li>\n<li>NMB Rolamento<\/li>\n<li>Sino de alum\u00ednio 7075-T6<\/li>\n<li>Desenho a cores multicolorido<\/li>\n<li>Chapas de a\u00e7o de silicone de 0,15 mm, Kawasaki, Jap\u00e3o<\/li>\n<li>Kv: 2800 Kv, 3800 Kv, 4300 Kv, 6000 Kv<\/li>\n<li>Recomendado: Aplica\u00e7\u00e3o de apoio de 3 &#8211; 4 polegadas<\/li>\n<\/ul>\n<p>&nbsp;<\/p>\n<h2><img fetchpriority=\"high\" decoding=\"async\" class=\"alignnone wp-image-66083 size-full\" src=\"https:\/\/iha-race.com\/wp-content\/uploads\/2021\/06\/Motor-Flash-Hobby-A1404-detalles.jpg\" alt=\"\" width=\"972\" height=\"755\" srcset=\"https:\/\/iha-race.com\/wp-content\/uploads\/2021\/06\/Motor-Flash-Hobby-A1404-detalles.jpg 972w, https:\/\/iha-race.com\/wp-content\/uploads\/2021\/06\/Motor-Flash-Hobby-A1404-detalles-300x233.jpg 300w, https:\/\/iha-race.com\/wp-content\/uploads\/2021\/06\/Motor-Flash-Hobby-A1404-detalles-1024x795.jpg 1024w, https:\/\/iha-race.com\/wp-content\/uploads\/2021\/06\/Motor-Flash-Hobby-A1404-detalles-767x596.jpg 767w, https:\/\/iha-race.com\/wp-content\/uploads\/2021\/06\/Motor-Flash-Hobby-A1404-detalles-1536x1193.jpg 1536w, https:\/\/iha-race.com\/wp-content\/uploads\/2021\/06\/Motor-Flash-Hobby-A1404-detalles-2048x1591.jpg 2048w, https:\/\/iha-race.com\/wp-content\/uploads\/2021\/06\/Motor-Flash-Hobby-A1404-detalles-193x150.jpg 193w, https:\/\/iha-race.com\/wp-content\/uploads\/2021\/06\/Motor-Flash-Hobby-A1404-detalles-100x78.jpg 100w, https:\/\/iha-race.com\/wp-content\/uploads\/2021\/06\/Motor-Flash-Hobby-A1404-detalles-451x350.jpg 451w, https:\/\/iha-race.com\/wp-content\/uploads\/2021\/06\/Motor-Flash-Hobby-A1404-detalles-788x612.jpg 788w, https:\/\/iha-race.com\/wp-content\/uploads\/2021\/06\/Motor-Flash-Hobby-A1404-detalles-600x466.jpg 600w\" sizes=\"(max-width: 972px) 100vw, 972px\" \/> <img decoding=\"async\" class=\"alignnone wp-image-66084 size-full\" src=\"https:\/\/iha-race.com\/wp-content\/uploads\/2021\/06\/montaje.jpg\" alt=\"\" width=\"926\" height=\"477\" srcset=\"https:\/\/iha-race.com\/wp-content\/uploads\/2021\/06\/montaje.jpg 926w, https:\/\/iha-race.com\/wp-content\/uploads\/2021\/06\/montaje-300x155.jpg 300w, https:\/\/iha-race.com\/wp-content\/uploads\/2021\/06\/montaje-1024x527.jpg 1024w, https:\/\/iha-race.com\/wp-content\/uploads\/2021\/06\/montaje-767x395.jpg 767w, https:\/\/iha-race.com\/wp-content\/uploads\/2021\/06\/montaje-1536x791.jpg 1536w, https:\/\/iha-race.com\/wp-content\/uploads\/2021\/06\/montaje-2048x1055.jpg 2048w, https:\/\/iha-race.com\/wp-content\/uploads\/2021\/06\/montaje-291x150.jpg 291w, https:\/\/iha-race.com\/wp-content\/uploads\/2021\/06\/montaje-100x52.jpg 100w, https:\/\/iha-race.com\/wp-content\/uploads\/2021\/06\/montaje-679x350.jpg 679w, https:\/\/iha-race.com\/wp-content\/uploads\/2021\/06\/montaje-788x405.jpg 788w, https:\/\/iha-race.com\/wp-content\/uploads\/2021\/06\/montaje-600x309.jpg 600w\" sizes=\"(max-width: 926px) 100vw, 926px\" \/><\/h2>\n<h2>Especifica\u00e7\u00f5es:<\/h2>\n<p><strong>2800 Kv<\/strong><\/p>\n<ul>\n<li>Desgaste m\u00e1ximo: 343 g<\/li>\n<li>Volts. 24 V (6S)<\/li>\n<li>ESC sugerido: 10A &#8211; 20A<\/li>\n<li>Pot\u00eancia m\u00e1xima: 173 W<\/li>\n<li>Objecto sugerido: suporte de 3 polegadas<\/li>\n<\/ul>\n<p><strong>4300 Kv<\/strong><\/p>\n<ul>\n<li>Sorteio m\u00e1ximo: 351 g<\/li>\n<li>Volts. 15 V (4S)<\/li>\n<li>ESC sugerido: 10A &#8211; 20A<\/li>\n<li>Pot\u00eancia m\u00e1xima: 225 W<\/li>\n<li>Objecto sugerido: suporte de 3 polegadas<\/li>\n<\/ul>\n<p><strong>6000 Kv<\/strong><\/p>\n<ul>\n<li>Desgaste m\u00e1ximo: 379 g<\/li>\n<li>Volts. 15 V (4S)<\/li>\n<li>ESC sugerido: 10A &#8211; 20A<\/li>\n<li>Pot\u00eancia m\u00e1xima: 220 W<\/li>\n<li>Objecto sugerido: suporte de 3 polegadas<\/li>\n<\/ul>\n<h2>Medi\u00e7\u00f5es:<\/h2>\n<p><img decoding=\"async\" class=\"alignnone wp-image-66080 size-full\" src=\"https:\/\/iha-race.com\/wp-content\/uploads\/2021\/06\/dibujo-del-motor.jpg\" alt=\"\" width=\"955\" height=\"402\" srcset=\"https:\/\/iha-race.com\/wp-content\/uploads\/2021\/06\/dibujo-del-motor.jpg 955w, https:\/\/iha-race.com\/wp-content\/uploads\/2021\/06\/dibujo-del-motor-300x126.jpg 300w, https:\/\/iha-race.com\/wp-content\/uploads\/2021\/06\/dibujo-del-motor-1024x431.jpg 1024w, https:\/\/iha-race.com\/wp-content\/uploads\/2021\/06\/dibujo-del-motor-767x323.jpg 767w, https:\/\/iha-race.com\/wp-content\/uploads\/2021\/06\/dibujo-del-motor-1536x647.jpg 1536w, https:\/\/iha-race.com\/wp-content\/uploads\/2021\/06\/dibujo-del-motor-2048x862.jpg 2048w, https:\/\/iha-race.com\/wp-content\/uploads\/2021\/06\/dibujo-del-motor-356x150.jpg 356w, https:\/\/iha-race.com\/wp-content\/uploads\/2021\/06\/dibujo-del-motor-100x42.jpg 100w, https:\/\/iha-race.com\/wp-content\/uploads\/2021\/06\/dibujo-del-motor-831x350.jpg 831w, https:\/\/iha-race.com\/wp-content\/uploads\/2021\/06\/dibujo-del-motor-788x331.jpg 788w, https:\/\/iha-race.com\/wp-content\/uploads\/2021\/06\/dibujo-del-motor-599x252.jpg 599w\" sizes=\"(max-width: 955px) 100vw, 955px\" \/><\/p>\n<h2>Diagrama de cablagem:<\/h2>\n<p><img loading=\"lazy\" decoding=\"async\" class=\"alignnone wp-image-66081 \" src=\"https:\/\/iha-race.com\/wp-content\/uploads\/2021\/06\/esquema-de-montaje.jpg\" alt=\"\" width=\"939\" height=\"390\" srcset=\"https:\/\/iha-race.com\/wp-content\/uploads\/2021\/06\/esquema-de-montaje.jpg 859w, https:\/\/iha-race.com\/wp-content\/uploads\/2021\/06\/esquema-de-montaje-300x125.jpg 300w, https:\/\/iha-race.com\/wp-content\/uploads\/2021\/06\/esquema-de-montaje-1024x426.jpg 1024w, https:\/\/iha-race.com\/wp-content\/uploads\/2021\/06\/esquema-de-montaje-768x319.jpg 768w, https:\/\/iha-race.com\/wp-content\/uploads\/2021\/06\/esquema-de-montaje-1536x638.jpg 1536w, https:\/\/iha-race.com\/wp-content\/uploads\/2021\/06\/esquema-de-montaje-2048x851.jpg 2048w, https:\/\/iha-race.com\/wp-content\/uploads\/2021\/06\/esquema-de-montaje-361x150.jpg 361w, https:\/\/iha-race.com\/wp-content\/uploads\/2021\/06\/esquema-de-montaje-100x42.jpg 100w, https:\/\/iha-race.com\/wp-content\/uploads\/2021\/06\/esquema-de-montaje-842x350.jpg 842w, https:\/\/iha-race.com\/wp-content\/uploads\/2021\/06\/esquema-de-montaje-788x327.jpg 788w, https:\/\/iha-race.com\/wp-content\/uploads\/2021\/06\/esquema-de-montaje-599x249.jpg 599w\" sizes=\"(max-width: 939px) 100vw, 939px\" \/><\/p>\n<h2>O pacote inclui:<\/h2>\n<ul>\n<li>1 x Hobby Arthur 1404 Brushless Flash Motor (2800 Kv ou 4300 Kv ou 6000 Kv)<\/li>\n<li>4 x parafusos M2 x 5 mm<\/li>\n<li>Parafusos de 8 x M2 x 7 mm<\/li>\n<\/ul>\n<p>&nbsp;<\/p>\n","protected":false},"excerpt":{"rendered":"<p>Hobby Arthur 1404 Brushless Flash Motor (2800 Kv\/4300 Kv\/6000 Kv) V\u00ea esta nova linha de potentes e elegantes motores de flash para passatempos! Caracter\u00edsticas: Peso: 9,3 g (incl. cabos) Tamanho<\/p>\n","protected":false},"featured_media":101005,"comment_status":"open","ping_status":"closed","template":"","meta":{"_joinchat":[]},"pwb-brand":[],"product_cat":[1289,2480],"product_tag":[],"class_list":{"0":"post-113752","1":"product","2":"type-product","3":"status-publish","4":"has-post-thumbnail","6":"product_cat-motores-fpv","7":"product_cat-sem-eixo-sem-escovas","9":"first","10":"instock","11":"taxable","12":"shipping-taxable","13":"purchasable","14":"product-type-variable"},"barcode":null,"atum_controlled":true,"out_stock_date":null,"out_stock_threshold":null,"inheritable":true,"stock_on_hold":0,"sold_today":0,"sales_last_days":0,"out_stock_days":0,"lost_sales":0,"update_date":"2026-04-16T08:17:51","atum_locations":[],"atum_stock_status":"instock","restock_status":false,"low_stock_amount":"","sales_update_date":"2026-04-16T08:17:51","calc_backorders":null,"yoast_head":"<!-- This site is optimized with the Yoast SEO plugin v27.3 - https:\/\/yoast.com\/product\/yoast-seo-wordpress\/ -->\n<title>Hobby Arthur 1404 Brushless Flash Motor (2800 Kv\/4300 Kv\/6000 Kv) - Iha Race<\/title>\n<meta name=\"robots\" content=\"index, follow, max-snippet:-1, max-image-preview:large, max-video-preview:-1\" \/>\n<link rel=\"canonical\" href=\"https:\/\/iha-race.com\/pt-pt\/produto\/motor-flash-hobby-arthur-1404-brushless-2800-kv-4300-kv-6000-kv\/\" \/>\n<meta property=\"og:locale\" content=\"pt_PT\" \/>\n<meta property=\"og:type\" content=\"article\" \/>\n<meta property=\"og:title\" content=\"Hobby Arthur 1404 Brushless Flash Motor (2800 Kv\/4300 Kv\/6000 Kv) - Iha Race\" \/>\n<meta property=\"og:description\" content=\"Hobby Arthur 1404 Brushless Flash Motor (2800 Kv\/4300 Kv\/6000 Kv) V\u00ea esta nova linha de potentes e elegantes motores de flash para passatempos! Caracter\u00edsticas: Peso: 9,3 g (incl. cabos) Tamanho\" \/>\n<meta property=\"og:url\" content=\"https:\/\/iha-race.com\/pt-pt\/produto\/motor-flash-hobby-arthur-1404-brushless-2800-kv-4300-kv-6000-kv\/\" \/>\n<meta property=\"og:site_name\" content=\"Iha Race\" \/>\n<meta property=\"article:modified_time\" content=\"2024-08-29T10:25:42+00:00\" \/>\n<meta property=\"og:image\" content=\"https:\/\/iha-race.com\/wp-content\/uploads\/2021\/06\/Motor-Flash-Hobby-A1404-sin-escobillas.jpg\" \/>\n\t<meta property=\"og:image:width\" content=\"1000\" \/>\n\t<meta property=\"og:image:height\" content=\"1000\" \/>\n\t<meta property=\"og:image:type\" content=\"image\/jpeg\" \/>\n<meta name=\"twitter:card\" content=\"summary_large_image\" \/>\n<meta name=\"twitter:label1\" content=\"Tempo estimado de leitura\" \/>\n\t<meta name=\"twitter:data1\" content=\"1 minuto\" \/>\n<script type=\"application\/ld+json\" class=\"yoast-schema-graph\">{\"@context\":\"https:\\\/\\\/schema.org\",\"@graph\":[{\"@type\":\"WebPage\",\"@id\":\"https:\\\/\\\/iha-race.com\\\/pt-pt\\\/produto\\\/motor-flash-hobby-arthur-1404-brushless-2800-kv-4300-kv-6000-kv\\\/\",\"url\":\"https:\\\/\\\/iha-race.com\\\/pt-pt\\\/produto\\\/motor-flash-hobby-arthur-1404-brushless-2800-kv-4300-kv-6000-kv\\\/\",\"name\":\"Hobby Arthur 1404 Brushless Flash Motor (2800 Kv\\\/4300 Kv\\\/6000 Kv) - Iha Race\",\"isPartOf\":{\"@id\":\"https:\\\/\\\/iha-race.com\\\/pt-pt\\\/#website\"},\"primaryImageOfPage\":{\"@id\":\"https:\\\/\\\/iha-race.com\\\/pt-pt\\\/produto\\\/motor-flash-hobby-arthur-1404-brushless-2800-kv-4300-kv-6000-kv\\\/#primaryimage\"},\"image\":{\"@id\":\"https:\\\/\\\/iha-race.com\\\/pt-pt\\\/produto\\\/motor-flash-hobby-arthur-1404-brushless-2800-kv-4300-kv-6000-kv\\\/#primaryimage\"},\"thumbnailUrl\":\"https:\\\/\\\/iha-race.com\\\/wp-content\\\/uploads\\\/2021\\\/06\\\/Motor-Flash-Hobby-A1404-sin-escobillas.jpg\",\"datePublished\":\"2021-06-15T15:32:56+00:00\",\"dateModified\":\"2024-08-29T10:25:42+00:00\",\"breadcrumb\":{\"@id\":\"https:\\\/\\\/iha-race.com\\\/pt-pt\\\/produto\\\/motor-flash-hobby-arthur-1404-brushless-2800-kv-4300-kv-6000-kv\\\/#breadcrumb\"},\"inLanguage\":\"pt-PT\",\"potentialAction\":[{\"@type\":\"ReadAction\",\"target\":[\"https:\\\/\\\/iha-race.com\\\/pt-pt\\\/produto\\\/motor-flash-hobby-arthur-1404-brushless-2800-kv-4300-kv-6000-kv\\\/\"]}]},{\"@type\":\"ImageObject\",\"inLanguage\":\"pt-PT\",\"@id\":\"https:\\\/\\\/iha-race.com\\\/pt-pt\\\/produto\\\/motor-flash-hobby-arthur-1404-brushless-2800-kv-4300-kv-6000-kv\\\/#primaryimage\",\"url\":\"https:\\\/\\\/iha-race.com\\\/wp-content\\\/uploads\\\/2021\\\/06\\\/Motor-Flash-Hobby-A1404-sin-escobillas.jpg\",\"contentUrl\":\"https:\\\/\\\/iha-race.com\\\/wp-content\\\/uploads\\\/2021\\\/06\\\/Motor-Flash-Hobby-A1404-sin-escobillas.jpg\",\"width\":1000,\"height\":1000},{\"@type\":\"BreadcrumbList\",\"@id\":\"https:\\\/\\\/iha-race.com\\\/pt-pt\\\/produto\\\/motor-flash-hobby-arthur-1404-brushless-2800-kv-4300-kv-6000-kv\\\/#breadcrumb\",\"itemListElement\":[{\"@type\":\"ListItem\",\"position\":1,\"name\":\"Portada\",\"item\":\"https:\\\/\\\/iha-race.com\\\/pt-pt\\\/elementor-499\\\/\"},{\"@type\":\"ListItem\",\"position\":2,\"name\":\"Shop\",\"item\":\"https:\\\/\\\/iha-race.com\\\/pt-pt\\\/shop\\\/\"},{\"@type\":\"ListItem\",\"position\":3,\"name\":\"Hobby Arthur 1404 Brushless Flash Motor (2800 Kv\\\/4300 Kv\\\/6000 Kv)\"}]},{\"@type\":\"WebSite\",\"@id\":\"https:\\\/\\\/iha-race.com\\\/pt-pt\\\/#website\",\"url\":\"https:\\\/\\\/iha-race.com\\\/pt-pt\\\/\",\"name\":\"Iha Race\",\"description\":\"Comprar drones de carreras FPV env\u00edos en un d\u00eda desde Espa\u00f1a\",\"publisher\":{\"@id\":\"https:\\\/\\\/iha-race.com\\\/pt-pt\\\/#organization\"},\"potentialAction\":[{\"@type\":\"SearchAction\",\"target\":{\"@type\":\"EntryPoint\",\"urlTemplate\":\"https:\\\/\\\/iha-race.com\\\/pt-pt\\\/?s={search_term_string}\"},\"query-input\":{\"@type\":\"PropertyValueSpecification\",\"valueRequired\":true,\"valueName\":\"search_term_string\"}}],\"inLanguage\":\"pt-PT\"},{\"@type\":\"Organization\",\"@id\":\"https:\\\/\\\/iha-race.com\\\/pt-pt\\\/#organization\",\"name\":\"Iha Race\",\"url\":\"https:\\\/\\\/iha-race.com\\\/pt-pt\\\/\",\"logo\":{\"@type\":\"ImageObject\",\"inLanguage\":\"pt-PT\",\"@id\":\"https:\\\/\\\/iha-race.com\\\/pt-pt\\\/#\\\/schema\\\/logo\\\/image\\\/\",\"url\":\"https:\\\/\\\/iha-race.com\\\/wp-content\\\/uploads\\\/2018\\\/07\\\/iha-race-drones-de-carreras-tienda-comprar-drones.png\",\"contentUrl\":\"https:\\\/\\\/iha-race.com\\\/wp-content\\\/uploads\\\/2018\\\/07\\\/iha-race-drones-de-carreras-tienda-comprar-drones.png\",\"width\":300,\"height\":100,\"caption\":\"Iha Race\"},\"image\":{\"@id\":\"https:\\\/\\\/iha-race.com\\\/pt-pt\\\/#\\\/schema\\\/logo\\\/image\\\/\"}}]}<\/script>\n<!-- \/ Yoast SEO plugin. -->","yoast_head_json":{"title":"Hobby Arthur 1404 Brushless Flash Motor (2800 Kv\/4300 Kv\/6000 Kv) - Iha Race","robots":{"index":"index","follow":"follow","max-snippet":"max-snippet:-1","max-image-preview":"max-image-preview:large","max-video-preview":"max-video-preview:-1"},"canonical":"https:\/\/iha-race.com\/pt-pt\/produto\/motor-flash-hobby-arthur-1404-brushless-2800-kv-4300-kv-6000-kv\/","og_locale":"pt_PT","og_type":"article","og_title":"Hobby Arthur 1404 Brushless Flash Motor (2800 Kv\/4300 Kv\/6000 Kv) - Iha Race","og_description":"Hobby Arthur 1404 Brushless Flash Motor (2800 Kv\/4300 Kv\/6000 Kv) V\u00ea esta nova linha de potentes e elegantes motores de flash para passatempos! Caracter\u00edsticas: Peso: 9,3 g (incl. cabos) Tamanho","og_url":"https:\/\/iha-race.com\/pt-pt\/produto\/motor-flash-hobby-arthur-1404-brushless-2800-kv-4300-kv-6000-kv\/","og_site_name":"Iha Race","article_modified_time":"2024-08-29T10:25:42+00:00","og_image":[{"width":1000,"height":1000,"url":"https:\/\/iha-race.com\/wp-content\/uploads\/2021\/06\/Motor-Flash-Hobby-A1404-sin-escobillas.jpg","type":"image\/jpeg"}],"twitter_card":"summary_large_image","twitter_misc":{"Tempo estimado de leitura":"1 minuto"},"schema":{"@context":"https:\/\/schema.org","@graph":[{"@type":"WebPage","@id":"https:\/\/iha-race.com\/pt-pt\/produto\/motor-flash-hobby-arthur-1404-brushless-2800-kv-4300-kv-6000-kv\/","url":"https:\/\/iha-race.com\/pt-pt\/produto\/motor-flash-hobby-arthur-1404-brushless-2800-kv-4300-kv-6000-kv\/","name":"Hobby Arthur 1404 Brushless Flash Motor (2800 Kv\/4300 Kv\/6000 Kv) - Iha Race","isPartOf":{"@id":"https:\/\/iha-race.com\/pt-pt\/#website"},"primaryImageOfPage":{"@id":"https:\/\/iha-race.com\/pt-pt\/produto\/motor-flash-hobby-arthur-1404-brushless-2800-kv-4300-kv-6000-kv\/#primaryimage"},"image":{"@id":"https:\/\/iha-race.com\/pt-pt\/produto\/motor-flash-hobby-arthur-1404-brushless-2800-kv-4300-kv-6000-kv\/#primaryimage"},"thumbnailUrl":"https:\/\/iha-race.com\/wp-content\/uploads\/2021\/06\/Motor-Flash-Hobby-A1404-sin-escobillas.jpg","datePublished":"2021-06-15T15:32:56+00:00","dateModified":"2024-08-29T10:25:42+00:00","breadcrumb":{"@id":"https:\/\/iha-race.com\/pt-pt\/produto\/motor-flash-hobby-arthur-1404-brushless-2800-kv-4300-kv-6000-kv\/#breadcrumb"},"inLanguage":"pt-PT","potentialAction":[{"@type":"ReadAction","target":["https:\/\/iha-race.com\/pt-pt\/produto\/motor-flash-hobby-arthur-1404-brushless-2800-kv-4300-kv-6000-kv\/"]}]},{"@type":"ImageObject","inLanguage":"pt-PT","@id":"https:\/\/iha-race.com\/pt-pt\/produto\/motor-flash-hobby-arthur-1404-brushless-2800-kv-4300-kv-6000-kv\/#primaryimage","url":"https:\/\/iha-race.com\/wp-content\/uploads\/2021\/06\/Motor-Flash-Hobby-A1404-sin-escobillas.jpg","contentUrl":"https:\/\/iha-race.com\/wp-content\/uploads\/2021\/06\/Motor-Flash-Hobby-A1404-sin-escobillas.jpg","width":1000,"height":1000},{"@type":"BreadcrumbList","@id":"https:\/\/iha-race.com\/pt-pt\/produto\/motor-flash-hobby-arthur-1404-brushless-2800-kv-4300-kv-6000-kv\/#breadcrumb","itemListElement":[{"@type":"ListItem","position":1,"name":"Portada","item":"https:\/\/iha-race.com\/pt-pt\/elementor-499\/"},{"@type":"ListItem","position":2,"name":"Shop","item":"https:\/\/iha-race.com\/pt-pt\/shop\/"},{"@type":"ListItem","position":3,"name":"Hobby Arthur 1404 Brushless Flash Motor (2800 Kv\/4300 Kv\/6000 Kv)"}]},{"@type":"WebSite","@id":"https:\/\/iha-race.com\/pt-pt\/#website","url":"https:\/\/iha-race.com\/pt-pt\/","name":"Iha Race","description":"Comprar drones de carreras FPV env\u00edos en un d\u00eda desde Espa\u00f1a","publisher":{"@id":"https:\/\/iha-race.com\/pt-pt\/#organization"},"potentialAction":[{"@type":"SearchAction","target":{"@type":"EntryPoint","urlTemplate":"https:\/\/iha-race.com\/pt-pt\/?s={search_term_string}"},"query-input":{"@type":"PropertyValueSpecification","valueRequired":true,"valueName":"search_term_string"}}],"inLanguage":"pt-PT"},{"@type":"Organization","@id":"https:\/\/iha-race.com\/pt-pt\/#organization","name":"Iha Race","url":"https:\/\/iha-race.com\/pt-pt\/","logo":{"@type":"ImageObject","inLanguage":"pt-PT","@id":"https:\/\/iha-race.com\/pt-pt\/#\/schema\/logo\/image\/","url":"https:\/\/iha-race.com\/wp-content\/uploads\/2018\/07\/iha-race-drones-de-carreras-tienda-comprar-drones.png","contentUrl":"https:\/\/iha-race.com\/wp-content\/uploads\/2018\/07\/iha-race-drones-de-carreras-tienda-comprar-drones.png","width":300,"height":100,"caption":"Iha Race"},"image":{"@id":"https:\/\/iha-race.com\/pt-pt\/#\/schema\/logo\/image\/"}}]}},"jetpack_sharing_enabled":true,"brands":[],"_links":{"self":[{"href":"https:\/\/iha-race.com\/pt-pt\/wp-json\/wp\/v2\/product\/113752","targetHints":{"allow":["GET"]}}],"collection":[{"href":"https:\/\/iha-race.com\/pt-pt\/wp-json\/wp\/v2\/product"}],"about":[{"href":"https:\/\/iha-race.com\/pt-pt\/wp-json\/wp\/v2\/types\/product"}],"replies":[{"embeddable":true,"href":"https:\/\/iha-race.com\/pt-pt\/wp-json\/wp\/v2\/comments?post=113752"}],"version-history":[{"count":2,"href":"https:\/\/iha-race.com\/pt-pt\/wp-json\/wp\/v2\/product\/113752\/revisions"}],"predecessor-version":[{"id":249504,"href":"https:\/\/iha-race.com\/pt-pt\/wp-json\/wp\/v2\/product\/113752\/revisions\/249504"}],"wp:featuredmedia":[{"embeddable":true,"href":"https:\/\/iha-race.com\/pt-pt\/wp-json\/wp\/v2\/media\/101005"}],"wp:attachment":[{"href":"https:\/\/iha-race.com\/pt-pt\/wp-json\/wp\/v2\/media?parent=113752"}],"wp:term":[{"taxonomy":"pwb-brand","embeddable":true,"href":"https:\/\/iha-race.com\/pt-pt\/wp-json\/wp\/v2\/pwb-brand?post=113752"},{"taxonomy":"product_cat","embeddable":true,"href":"https:\/\/iha-race.com\/pt-pt\/wp-json\/wp\/v2\/product_cat?post=113752"},{"taxonomy":"product_tag","embeddable":true,"href":"https:\/\/iha-race.com\/pt-pt\/wp-json\/wp\/v2\/product_tag?post=113752"}],"curies":[{"name":"wp","href":"https:\/\/api.w.org\/{rel}","templated":true}]}}