{"id":113718,"date":"2021-05-24T16:09:31","date_gmt":"2021-05-24T14:09:31","guid":{"rendered":"https:\/\/iha-race.com\/producto\/antenas-iflight-omni-crystal-short-lhcp-2-pecas\/"},"modified":"2024-08-29T12:25:11","modified_gmt":"2024-08-29T10:25:11","slug":"iflight-omni-crystal-short-lhcp-2-unit-antennas","status":"publish","type":"product","link":"https:\/\/iha-race.com\/pt-pt\/produto\/iflight-omni-crystal-short-lhcp-2-unit-antennas\/","title":{"rendered":"Antenas iFlight Omni Crystal Short LHCP (2 pe\u00e7as)"},"content":{"rendered":"<h2>Antenas iFlight Omni Crystal Short LHCP (2 pe\u00e7as)<\/h2>\n<p>  Antena 5.8G dur\u00e1vel para FPV digital. A pe\u00e7a de atualiza\u00e7\u00e3o perfeita para a tua unidade DJI Air para evitar comprar antenas de stock fr\u00e1geis uma e outra vez&#8230;  <strong>Use RP-SMA LHCP (polariza\u00e7\u00e3o da m\u00e3o esquerda) para DJI Digital FPV! As antenas predefinidas s\u00e3o LHCP e as antenas de Goggle s\u00e3o LHCP, ambos os lados devem coincidir!  <\/strong><\/p>\n<h2>Especifica\u00e7\u00f5es:<\/h2>\n<ul>\n<li><strong>Modelo:<\/strong> Crystal LHCP Short Omni Antennas<\/li>\n<li><strong>Gama de frequ\u00eancias:<\/strong> 5000-6000 MHz<\/li>\n<li><strong>Ganho:<\/strong> 3Dbi<\/li>\n<li><strong>Cabo: RG141 <\/strong><\/li>\n<li><strong>Rela\u00e7\u00e3o axial:<\/strong> 0,7<\/li>\n<li><strong>Peso:<\/strong> 4,2 g \/ pc<\/li>\n<li><strong>Interface: LHCP <\/strong>RP- SMA<\/li>\n<li><strong>Polariza\u00e7\u00e3o:<\/strong> LHCP<\/li>\n<li><strong>SWR:<\/strong> \u22641.5 (EN 5.8GHz)<\/li>\n<li><strong>Cor:<\/strong> desenho de bomba preto\/ desenho de bomba colorido<\/li>\n<\/ul>\n<h2>O pacote inclui:<\/h2>\n<ul>\n<li>2 x antenas omnidireccionais de vidro LHCP (bomba preta)<\/li>\n<\/ul>\n","protected":false},"excerpt":{"rendered":"<p>Antenas iFlight Omni Crystal Short LHCP (2 pe\u00e7as) Antena 5.8G dur\u00e1vel para FPV digital. A pe\u00e7a de atualiza\u00e7\u00e3o perfeita para a tua unidade DJI Air para evitar comprar antenas de<\/p>\n","protected":false},"featured_media":100460,"comment_status":"open","ping_status":"closed","template":"","meta":{"_joinchat":[]},"pwb-brand":[],"product_cat":[1198,1132],"product_tag":[],"class_list":{"0":"post-113718","1":"product","2":"type-product","3":"status-publish","4":"has-post-thumbnail","6":"product_cat-antenas-fpv","7":"product_cat-oculos-de-proteccao-fpv","9":"first","10":"instock","11":"taxable","12":"shipping-taxable","13":"purchasable","14":"product-type-simple"},"barcode":null,"atum_controlled":true,"out_stock_date":null,"out_stock_threshold":null,"inheritable":false,"stock_on_hold":0,"sold_today":0,"sales_last_days":0,"out_stock_days":0,"lost_sales":0,"update_date":"2026-04-16T08:17:08","atum_locations":[],"atum_stock_status":"instock","restock_status":false,"low_stock_amount":"","sales_update_date":"2026-04-16T08:17:08","calc_backorders":null,"yoast_head":"<!-- This site is optimized with the Yoast SEO plugin v27.3 - https:\/\/yoast.com\/product\/yoast-seo-wordpress\/ -->\n<title>Antenas iFlight Omni Crystal Short LHCP (2 pe\u00e7as) - Iha Race<\/title>\n<meta name=\"robots\" content=\"index, follow, max-snippet:-1, max-image-preview:large, max-video-preview:-1\" \/>\n<link rel=\"canonical\" href=\"https:\/\/iha-race.com\/pt-pt\/produto\/iflight-omni-crystal-short-lhcp-2-unit-antennas\/\" \/>\n<meta property=\"og:locale\" content=\"pt_PT\" \/>\n<meta property=\"og:type\" content=\"article\" \/>\n<meta property=\"og:title\" content=\"Antenas iFlight Omni Crystal Short LHCP (2 pe\u00e7as) - Iha Race\" \/>\n<meta property=\"og:description\" content=\"Antenas iFlight Omni Crystal Short LHCP (2 pe\u00e7as) Antena 5.8G dur\u00e1vel para FPV digital. A pe\u00e7a de atualiza\u00e7\u00e3o perfeita para a tua unidade DJI Air para evitar comprar antenas de\" \/>\n<meta property=\"og:url\" content=\"https:\/\/iha-race.com\/pt-pt\/produto\/iflight-omni-crystal-short-lhcp-2-unit-antennas\/\" \/>\n<meta property=\"og:site_name\" content=\"Iha Race\" \/>\n<meta property=\"article:modified_time\" content=\"2024-08-29T10:25:11+00:00\" \/>\n<meta property=\"og:image\" content=\"https:\/\/iha-race.com\/wp-content\/uploads\/2021\/05\/Antenas-iFlight-Omni-Crystal-Cortas-LHCP-2-Unidades-Carbon.jpg\" \/>\n\t<meta property=\"og:image:width\" content=\"1000\" \/>\n\t<meta property=\"og:image:height\" content=\"1000\" \/>\n\t<meta property=\"og:image:type\" content=\"image\/jpeg\" \/>\n<meta name=\"twitter:card\" content=\"summary_large_image\" \/>\n<meta name=\"twitter:label1\" content=\"Tempo estimado de leitura\" \/>\n\t<meta name=\"twitter:data1\" content=\"1 minuto\" \/>\n<script type=\"application\/ld+json\" class=\"yoast-schema-graph\">{\"@context\":\"https:\\\/\\\/schema.org\",\"@graph\":[{\"@type\":\"WebPage\",\"@id\":\"https:\\\/\\\/iha-race.com\\\/pt-pt\\\/produto\\\/iflight-omni-crystal-short-lhcp-2-unit-antennas\\\/\",\"url\":\"https:\\\/\\\/iha-race.com\\\/pt-pt\\\/produto\\\/iflight-omni-crystal-short-lhcp-2-unit-antennas\\\/\",\"name\":\"Antenas iFlight Omni Crystal Short LHCP (2 pe\u00e7as) - Iha Race\",\"isPartOf\":{\"@id\":\"https:\\\/\\\/iha-race.com\\\/pt-pt\\\/#website\"},\"primaryImageOfPage\":{\"@id\":\"https:\\\/\\\/iha-race.com\\\/pt-pt\\\/produto\\\/iflight-omni-crystal-short-lhcp-2-unit-antennas\\\/#primaryimage\"},\"image\":{\"@id\":\"https:\\\/\\\/iha-race.com\\\/pt-pt\\\/produto\\\/iflight-omni-crystal-short-lhcp-2-unit-antennas\\\/#primaryimage\"},\"thumbnailUrl\":\"https:\\\/\\\/iha-race.com\\\/wp-content\\\/uploads\\\/2021\\\/05\\\/Antenas-iFlight-Omni-Crystal-Cortas-LHCP-2-Unidades-Carbon.jpg\",\"datePublished\":\"2021-05-24T14:09:31+00:00\",\"dateModified\":\"2024-08-29T10:25:11+00:00\",\"breadcrumb\":{\"@id\":\"https:\\\/\\\/iha-race.com\\\/pt-pt\\\/produto\\\/iflight-omni-crystal-short-lhcp-2-unit-antennas\\\/#breadcrumb\"},\"inLanguage\":\"pt-PT\",\"potentialAction\":[{\"@type\":\"ReadAction\",\"target\":[\"https:\\\/\\\/iha-race.com\\\/pt-pt\\\/produto\\\/iflight-omni-crystal-short-lhcp-2-unit-antennas\\\/\"]}]},{\"@type\":\"ImageObject\",\"inLanguage\":\"pt-PT\",\"@id\":\"https:\\\/\\\/iha-race.com\\\/pt-pt\\\/produto\\\/iflight-omni-crystal-short-lhcp-2-unit-antennas\\\/#primaryimage\",\"url\":\"https:\\\/\\\/iha-race.com\\\/wp-content\\\/uploads\\\/2021\\\/05\\\/Antenas-iFlight-Omni-Crystal-Cortas-LHCP-2-Unidades-Carbon.jpg\",\"contentUrl\":\"https:\\\/\\\/iha-race.com\\\/wp-content\\\/uploads\\\/2021\\\/05\\\/Antenas-iFlight-Omni-Crystal-Cortas-LHCP-2-Unidades-Carbon.jpg\",\"width\":1000,\"height\":1000,\"caption\":\"comprar o mais barato iFlight Omni Crystal Short LHCP Antenas (2 pcs.) Carbono\"},{\"@type\":\"BreadcrumbList\",\"@id\":\"https:\\\/\\\/iha-race.com\\\/pt-pt\\\/produto\\\/iflight-omni-crystal-short-lhcp-2-unit-antennas\\\/#breadcrumb\",\"itemListElement\":[{\"@type\":\"ListItem\",\"position\":1,\"name\":\"Portada\",\"item\":\"https:\\\/\\\/iha-race.com\\\/pt-pt\\\/elementor-499\\\/\"},{\"@type\":\"ListItem\",\"position\":2,\"name\":\"Shop\",\"item\":\"https:\\\/\\\/iha-race.com\\\/pt-pt\\\/shop\\\/\"},{\"@type\":\"ListItem\",\"position\":3,\"name\":\"Antenas iFlight Omni Crystal Short LHCP (2 pe\u00e7as)\"}]},{\"@type\":\"WebSite\",\"@id\":\"https:\\\/\\\/iha-race.com\\\/pt-pt\\\/#website\",\"url\":\"https:\\\/\\\/iha-race.com\\\/pt-pt\\\/\",\"name\":\"Iha Race\",\"description\":\"Comprar drones de carreras FPV env\u00edos en un d\u00eda desde Espa\u00f1a\",\"publisher\":{\"@id\":\"https:\\\/\\\/iha-race.com\\\/pt-pt\\\/#organization\"},\"potentialAction\":[{\"@type\":\"SearchAction\",\"target\":{\"@type\":\"EntryPoint\",\"urlTemplate\":\"https:\\\/\\\/iha-race.com\\\/pt-pt\\\/?s={search_term_string}\"},\"query-input\":{\"@type\":\"PropertyValueSpecification\",\"valueRequired\":true,\"valueName\":\"search_term_string\"}}],\"inLanguage\":\"pt-PT\"},{\"@type\":\"Organization\",\"@id\":\"https:\\\/\\\/iha-race.com\\\/pt-pt\\\/#organization\",\"name\":\"Iha Race\",\"url\":\"https:\\\/\\\/iha-race.com\\\/pt-pt\\\/\",\"logo\":{\"@type\":\"ImageObject\",\"inLanguage\":\"pt-PT\",\"@id\":\"https:\\\/\\\/iha-race.com\\\/pt-pt\\\/#\\\/schema\\\/logo\\\/image\\\/\",\"url\":\"https:\\\/\\\/iha-race.com\\\/wp-content\\\/uploads\\\/2018\\\/07\\\/iha-race-drones-de-carreras-tienda-comprar-drones.png\",\"contentUrl\":\"https:\\\/\\\/iha-race.com\\\/wp-content\\\/uploads\\\/2018\\\/07\\\/iha-race-drones-de-carreras-tienda-comprar-drones.png\",\"width\":300,\"height\":100,\"caption\":\"Iha Race\"},\"image\":{\"@id\":\"https:\\\/\\\/iha-race.com\\\/pt-pt\\\/#\\\/schema\\\/logo\\\/image\\\/\"}}]}<\/script>\n<!-- \/ Yoast SEO plugin. -->","yoast_head_json":{"title":"Antenas iFlight Omni Crystal Short LHCP (2 pe\u00e7as) - Iha Race","robots":{"index":"index","follow":"follow","max-snippet":"max-snippet:-1","max-image-preview":"max-image-preview:large","max-video-preview":"max-video-preview:-1"},"canonical":"https:\/\/iha-race.com\/pt-pt\/produto\/iflight-omni-crystal-short-lhcp-2-unit-antennas\/","og_locale":"pt_PT","og_type":"article","og_title":"Antenas iFlight Omni Crystal Short LHCP (2 pe\u00e7as) - Iha Race","og_description":"Antenas iFlight Omni Crystal Short LHCP (2 pe\u00e7as) Antena 5.8G dur\u00e1vel para FPV digital. A pe\u00e7a de atualiza\u00e7\u00e3o perfeita para a tua unidade DJI Air para evitar comprar antenas de","og_url":"https:\/\/iha-race.com\/pt-pt\/produto\/iflight-omni-crystal-short-lhcp-2-unit-antennas\/","og_site_name":"Iha Race","article_modified_time":"2024-08-29T10:25:11+00:00","og_image":[{"width":1000,"height":1000,"url":"https:\/\/iha-race.com\/wp-content\/uploads\/2021\/05\/Antenas-iFlight-Omni-Crystal-Cortas-LHCP-2-Unidades-Carbon.jpg","type":"image\/jpeg"}],"twitter_card":"summary_large_image","twitter_misc":{"Tempo estimado de leitura":"1 minuto"},"schema":{"@context":"https:\/\/schema.org","@graph":[{"@type":"WebPage","@id":"https:\/\/iha-race.com\/pt-pt\/produto\/iflight-omni-crystal-short-lhcp-2-unit-antennas\/","url":"https:\/\/iha-race.com\/pt-pt\/produto\/iflight-omni-crystal-short-lhcp-2-unit-antennas\/","name":"Antenas iFlight Omni Crystal Short LHCP (2 pe\u00e7as) - Iha Race","isPartOf":{"@id":"https:\/\/iha-race.com\/pt-pt\/#website"},"primaryImageOfPage":{"@id":"https:\/\/iha-race.com\/pt-pt\/produto\/iflight-omni-crystal-short-lhcp-2-unit-antennas\/#primaryimage"},"image":{"@id":"https:\/\/iha-race.com\/pt-pt\/produto\/iflight-omni-crystal-short-lhcp-2-unit-antennas\/#primaryimage"},"thumbnailUrl":"https:\/\/iha-race.com\/wp-content\/uploads\/2021\/05\/Antenas-iFlight-Omni-Crystal-Cortas-LHCP-2-Unidades-Carbon.jpg","datePublished":"2021-05-24T14:09:31+00:00","dateModified":"2024-08-29T10:25:11+00:00","breadcrumb":{"@id":"https:\/\/iha-race.com\/pt-pt\/produto\/iflight-omni-crystal-short-lhcp-2-unit-antennas\/#breadcrumb"},"inLanguage":"pt-PT","potentialAction":[{"@type":"ReadAction","target":["https:\/\/iha-race.com\/pt-pt\/produto\/iflight-omni-crystal-short-lhcp-2-unit-antennas\/"]}]},{"@type":"ImageObject","inLanguage":"pt-PT","@id":"https:\/\/iha-race.com\/pt-pt\/produto\/iflight-omni-crystal-short-lhcp-2-unit-antennas\/#primaryimage","url":"https:\/\/iha-race.com\/wp-content\/uploads\/2021\/05\/Antenas-iFlight-Omni-Crystal-Cortas-LHCP-2-Unidades-Carbon.jpg","contentUrl":"https:\/\/iha-race.com\/wp-content\/uploads\/2021\/05\/Antenas-iFlight-Omni-Crystal-Cortas-LHCP-2-Unidades-Carbon.jpg","width":1000,"height":1000,"caption":"comprar o mais barato iFlight Omni Crystal Short LHCP Antenas (2 pcs.) Carbono"},{"@type":"BreadcrumbList","@id":"https:\/\/iha-race.com\/pt-pt\/produto\/iflight-omni-crystal-short-lhcp-2-unit-antennas\/#breadcrumb","itemListElement":[{"@type":"ListItem","position":1,"name":"Portada","item":"https:\/\/iha-race.com\/pt-pt\/elementor-499\/"},{"@type":"ListItem","position":2,"name":"Shop","item":"https:\/\/iha-race.com\/pt-pt\/shop\/"},{"@type":"ListItem","position":3,"name":"Antenas iFlight Omni Crystal Short LHCP (2 pe\u00e7as)"}]},{"@type":"WebSite","@id":"https:\/\/iha-race.com\/pt-pt\/#website","url":"https:\/\/iha-race.com\/pt-pt\/","name":"Iha Race","description":"Comprar drones de carreras FPV env\u00edos en un d\u00eda desde Espa\u00f1a","publisher":{"@id":"https:\/\/iha-race.com\/pt-pt\/#organization"},"potentialAction":[{"@type":"SearchAction","target":{"@type":"EntryPoint","urlTemplate":"https:\/\/iha-race.com\/pt-pt\/?s={search_term_string}"},"query-input":{"@type":"PropertyValueSpecification","valueRequired":true,"valueName":"search_term_string"}}],"inLanguage":"pt-PT"},{"@type":"Organization","@id":"https:\/\/iha-race.com\/pt-pt\/#organization","name":"Iha Race","url":"https:\/\/iha-race.com\/pt-pt\/","logo":{"@type":"ImageObject","inLanguage":"pt-PT","@id":"https:\/\/iha-race.com\/pt-pt\/#\/schema\/logo\/image\/","url":"https:\/\/iha-race.com\/wp-content\/uploads\/2018\/07\/iha-race-drones-de-carreras-tienda-comprar-drones.png","contentUrl":"https:\/\/iha-race.com\/wp-content\/uploads\/2018\/07\/iha-race-drones-de-carreras-tienda-comprar-drones.png","width":300,"height":100,"caption":"Iha Race"},"image":{"@id":"https:\/\/iha-race.com\/pt-pt\/#\/schema\/logo\/image\/"}}]}},"brands":[],"_links":{"self":[{"href":"https:\/\/iha-race.com\/pt-pt\/wp-json\/wp\/v2\/product\/113718","targetHints":{"allow":["GET"]}}],"collection":[{"href":"https:\/\/iha-race.com\/pt-pt\/wp-json\/wp\/v2\/product"}],"about":[{"href":"https:\/\/iha-race.com\/pt-pt\/wp-json\/wp\/v2\/types\/product"}],"replies":[{"embeddable":true,"href":"https:\/\/iha-race.com\/pt-pt\/wp-json\/wp\/v2\/comments?post=113718"}],"version-history":[{"count":2,"href":"https:\/\/iha-race.com\/pt-pt\/wp-json\/wp\/v2\/product\/113718\/revisions"}],"predecessor-version":[{"id":249484,"href":"https:\/\/iha-race.com\/pt-pt\/wp-json\/wp\/v2\/product\/113718\/revisions\/249484"}],"wp:featuredmedia":[{"embeddable":true,"href":"https:\/\/iha-race.com\/pt-pt\/wp-json\/wp\/v2\/media\/100460"}],"wp:attachment":[{"href":"https:\/\/iha-race.com\/pt-pt\/wp-json\/wp\/v2\/media?parent=113718"}],"wp:term":[{"taxonomy":"pwb-brand","embeddable":true,"href":"https:\/\/iha-race.com\/pt-pt\/wp-json\/wp\/v2\/pwb-brand?post=113718"},{"taxonomy":"product_cat","embeddable":true,"href":"https:\/\/iha-race.com\/pt-pt\/wp-json\/wp\/v2\/product_cat?post=113718"},{"taxonomy":"product_tag","embeddable":true,"href":"https:\/\/iha-race.com\/pt-pt\/wp-json\/wp\/v2\/product_tag?post=113718"}],"curies":[{"name":"wp","href":"https:\/\/api.w.org\/{rel}","templated":true}]}}