{"id":113693,"date":"2021-04-22T15:22:50","date_gmt":"2021-04-22T13:22:50","guid":{"rendered":"https:\/\/iha-race.com\/producto\/camara-foxeer-predator-v5-mini-1000tvl-1-8mm\/"},"modified":"2024-09-13T20:07:54","modified_gmt":"2024-09-13T18:07:54","slug":"camara-foxeer-predator-v5-mini-1000tvl-1-8mm","status":"publish","type":"product","link":"https:\/\/iha-race.com\/pt-pt\/produto\/camara-foxeer-predator-v5-mini-1000tvl-1-8mm\/","title":{"rendered":"Foxeer Predator V5 Mini 1000TVL 1.8mm C\u00e2mara Preta"},"content":{"rendered":"<h2>C\u00e2mara Foxeer Predator V5 Mini 1000TVL 1.8mm<\/h2>\n<p>  A Predator 5 Mini 1000TVL \u00e9 uma c\u00e2mara FPV de 22x22mm da Foxeer. Esta c\u00e2mara tem um sensor CMOS de 1\/3&#8243;, resolu\u00e7\u00e3o de 1000 linhas de TV, lat\u00eancia de 4 ms, comuta\u00e7\u00e3o NTSC \/ PAL, comuta\u00e7\u00e3o de imagem, fun\u00e7\u00e3o super WDR e muitas outras caracter\u00edsticas interessantes. Comparado com o Predator 4, o Predator 5 tem um aspeto mais natural e \u00e9 tamb\u00e9m exclusivo de LED.  <\/p>\n<h2>Especifica\u00e7\u00f5es:<\/h2>\n<ul>\n<li>Tipo de sensor: 1\/3 &#8221; Sensor Sony CMOS<\/li>\n<li>Cor: Vermelho<\/li>\n<li>Escala: 4: 3 (por defeito) \/ 16: 9 comut\u00e1veis<\/li>\n<li>Sistema de TV: PAL (padr\u00e3o) \/ NTSC comut\u00e1vel<\/li>\n<li>Resolu\u00e7\u00e3o: 1000TVL<\/li>\n<li>Velocidade do obturador: PAL 1\/25 ~ 1\/10000 seg.; NTSC 1\/30 ~ 1\/10000 seg.<\/li>\n<li>Sa\u00edda de v\u00eddeo Sinal anal\u00f3gico CVBS<\/li>\n<li>FOV: FOV-H: 115\u00b0 FOV-D: 150\u00b0 FOV-D: 150<\/li>\n<li>Velocidade do obturador: autom\u00e1tico<\/li>\n<li>Ilumina\u00e7\u00e3o m\u00ednima: 0.01Lux<\/li>\n<li>Balan\u00e7o de brancos: autom\u00e1tico<\/li>\n<li>DNR: 3DNR 2DNR<\/li>\n<li>WDR: Super WDR<\/li>\n<li>DIA \/ NOITE: Autom\u00e1tico \/ Cor \/ B &amp; N<\/li>\n<li>OSD de voo: voltagem \/ t\u00edtulo da c\u00e2mara \/ tempo \/ ponto de mira<\/li>\n<li>Modo: DIA \/ FOGO \/ NOITE \/ LED<\/li>\n<li>Interruptor de modo r\u00e1pido: prima e mantenha premido o bot\u00e3o direito para alternar entre DIA \/ CLOUDY \/ Noite \/ LED<\/li>\n<li>Tens\u00e3o de entrada: 4,5 V ~ 20 V<\/li>\n<li>Idioma: INGL\u00caS \/ DEUTSCH \/ FRANCAIS \/ PYCCKNNN \/ PORTUGUESE \/ ESPANOL \/ \u4e2d\u6587<\/li>\n<li>Temperatura de trabalho: -10\u00b0 ~ 50\u00b0C RH90% MAX<\/li>\n<li>Humidade de trabalho: 20 ~ 80%.<\/li>\n<li>Temperatura de armazenamento: -20\u00b0 ~ 70\u00b0 C<\/li>\n<li>Consumo: 50mA \u00b1 15% @ DC12V 115mA \u00b1 15% @ DC5V<\/li>\n<li>Dimens\u00e3o: 22 * 22 mm; 28 * 22 mm (adicionar suporte)<\/li>\n<li>Peso: 12 g (sem cabo)<\/li>\n<\/ul>\n<p><img decoding=\"async\" src=\"https:\/\/cdn.getfpv.com\/media\/wysiwyg\/product-detail-images\/fpvcameras\/Foxeer-Mini-Predator-5-Racing-FPV-Camera-4ms-Latency-Super-WDR.jpg\"><\/p>\n<h2>O pacote inclui:<\/h2>\n<ul>\n<li>1 x Mini c\u00e2mara Foxeer Predator 5 (1,8 mm) Preto<\/li>\n<li>1 x placa OSD<\/li>\n<li>1 x Suporte<\/li>\n<li>12 x Parafusos de suporte<\/li>\n<li>6 x Anel de apoio<\/li>\n<li>1 x cabo OSD de 2 pinos<\/li>\n<li>1 x cabo Servo<\/li>\n<\/ul>\n","protected":false},"excerpt":{"rendered":"<p>O Predator 5 Mini 1000TVL \u00e9 uma c\u00e2mara FPV de 22x22mm da Foxeer.<\/p>\n","protected":false},"featured_media":257363,"comment_status":"open","ping_status":"closed","template":"","meta":{"_joinchat":[]},"pwb-brand":[],"product_cat":[2407,41],"product_tag":[],"class_list":{"0":"post-113693","1":"product","2":"type-product","3":"status-publish","4":"has-post-thumbnail","6":"product_cat-camaras-analogicas","7":"product_cat-camaras","9":"first","10":"instock","11":"taxable","12":"shipping-taxable","13":"purchasable","14":"product-type-simple"},"barcode":null,"atum_controlled":true,"out_stock_date":null,"out_stock_threshold":null,"inheritable":false,"stock_on_hold":0,"sold_today":0,"sales_last_days":0,"out_stock_days":0,"lost_sales":0,"update_date":"2026-04-16T08:17:38","atum_locations":[],"atum_stock_status":"instock","restock_status":false,"low_stock_amount":"","sales_update_date":"2026-04-16T08:17:38","calc_backorders":null,"yoast_head":"<!-- This site is optimized with the Yoast SEO plugin v27.3 - https:\/\/yoast.com\/product\/yoast-seo-wordpress\/ -->\n<title>Foxeer Predator V5 Mini 1000TVL 1.8mm C\u00e2mara Preta - Iha Race<\/title>\n<meta name=\"robots\" content=\"index, follow, max-snippet:-1, max-image-preview:large, max-video-preview:-1\" \/>\n<link rel=\"canonical\" href=\"https:\/\/iha-race.com\/pt-pt\/produto\/camara-foxeer-predator-v5-mini-1000tvl-1-8mm\/\" \/>\n<meta property=\"og:locale\" content=\"pt_PT\" \/>\n<meta property=\"og:type\" content=\"article\" \/>\n<meta property=\"og:title\" content=\"Foxeer Predator V5 Mini 1000TVL 1.8mm C\u00e2mara Preta - Iha Race\" \/>\n<meta property=\"og:description\" content=\"O Predator 5 Mini 1000TVL \u00e9 uma c\u00e2mara FPV de 22x22mm da Foxeer.\" \/>\n<meta property=\"og:url\" content=\"https:\/\/iha-race.com\/pt-pt\/produto\/camara-foxeer-predator-v5-mini-1000tvl-1-8mm\/\" \/>\n<meta property=\"og:site_name\" content=\"Iha Race\" \/>\n<meta property=\"article:modified_time\" content=\"2024-09-13T18:07:54+00:00\" \/>\n<meta property=\"og:image\" content=\"https:\/\/iha-race.com\/wp-content\/uploads\/2021\/04\/Camara-Foxeer-Predator-V5-Mini-1.8mm.jpg\" \/>\n\t<meta property=\"og:image:width\" content=\"800\" \/>\n\t<meta property=\"og:image:height\" content=\"800\" \/>\n\t<meta property=\"og:image:type\" content=\"image\/jpeg\" \/>\n<meta name=\"twitter:card\" content=\"summary_large_image\" \/>\n<meta name=\"twitter:label1\" content=\"Tempo estimado de leitura\" \/>\n\t<meta name=\"twitter:data1\" content=\"1 minuto\" \/>\n<script type=\"application\/ld+json\" class=\"yoast-schema-graph\">{\"@context\":\"https:\\\/\\\/schema.org\",\"@graph\":[{\"@type\":\"WebPage\",\"@id\":\"https:\\\/\\\/iha-race.com\\\/pt-pt\\\/produto\\\/camara-foxeer-predator-v5-mini-1000tvl-1-8mm\\\/\",\"url\":\"https:\\\/\\\/iha-race.com\\\/pt-pt\\\/produto\\\/camara-foxeer-predator-v5-mini-1000tvl-1-8mm\\\/\",\"name\":\"Foxeer Predator V5 Mini 1000TVL 1.8mm C\u00e2mara Preta - Iha Race\",\"isPartOf\":{\"@id\":\"https:\\\/\\\/iha-race.com\\\/pt-pt\\\/#website\"},\"primaryImageOfPage\":{\"@id\":\"https:\\\/\\\/iha-race.com\\\/pt-pt\\\/produto\\\/camara-foxeer-predator-v5-mini-1000tvl-1-8mm\\\/#primaryimage\"},\"image\":{\"@id\":\"https:\\\/\\\/iha-race.com\\\/pt-pt\\\/produto\\\/camara-foxeer-predator-v5-mini-1000tvl-1-8mm\\\/#primaryimage\"},\"thumbnailUrl\":\"https:\\\/\\\/iha-race.com\\\/wp-content\\\/uploads\\\/2021\\\/04\\\/Camara-FPV-de-carreras-Foxeer-Mini-Predator-5-con-Super-WDR-y-latencia-de-4-ms.jpg\",\"datePublished\":\"2021-04-22T13:22:50+00:00\",\"dateModified\":\"2024-09-13T18:07:54+00:00\",\"breadcrumb\":{\"@id\":\"https:\\\/\\\/iha-race.com\\\/pt-pt\\\/produto\\\/camara-foxeer-predator-v5-mini-1000tvl-1-8mm\\\/#breadcrumb\"},\"inLanguage\":\"pt-PT\",\"potentialAction\":[{\"@type\":\"ReadAction\",\"target\":[\"https:\\\/\\\/iha-race.com\\\/pt-pt\\\/produto\\\/camara-foxeer-predator-v5-mini-1000tvl-1-8mm\\\/\"]}]},{\"@type\":\"ImageObject\",\"inLanguage\":\"pt-PT\",\"@id\":\"https:\\\/\\\/iha-race.com\\\/pt-pt\\\/produto\\\/camara-foxeer-predator-v5-mini-1000tvl-1-8mm\\\/#primaryimage\",\"url\":\"https:\\\/\\\/iha-race.com\\\/wp-content\\\/uploads\\\/2021\\\/04\\\/Camara-FPV-de-carreras-Foxeer-Mini-Predator-5-con-Super-WDR-y-latencia-de-4-ms.jpg\",\"contentUrl\":\"https:\\\/\\\/iha-race.com\\\/wp-content\\\/uploads\\\/2021\\\/04\\\/Camara-FPV-de-carreras-Foxeer-Mini-Predator-5-con-Super-WDR-y-latencia-de-4-ms.jpg\",\"width\":800,\"height\":800,\"caption\":\"Comprar C\u00e1mara FPV de carreras Foxeer Mini Predator 5 con Super WDR y latencia de 4 ms\"},{\"@type\":\"BreadcrumbList\",\"@id\":\"https:\\\/\\\/iha-race.com\\\/pt-pt\\\/produto\\\/camara-foxeer-predator-v5-mini-1000tvl-1-8mm\\\/#breadcrumb\",\"itemListElement\":[{\"@type\":\"ListItem\",\"position\":1,\"name\":\"Portada\",\"item\":\"https:\\\/\\\/iha-race.com\\\/pt-pt\\\/elementor-499\\\/\"},{\"@type\":\"ListItem\",\"position\":2,\"name\":\"Shop\",\"item\":\"https:\\\/\\\/iha-race.com\\\/pt-pt\\\/shop\\\/\"},{\"@type\":\"ListItem\",\"position\":3,\"name\":\"Foxeer Predator V5 Mini 1000TVL 1.8mm C\u00e2mara Preta\"}]},{\"@type\":\"WebSite\",\"@id\":\"https:\\\/\\\/iha-race.com\\\/pt-pt\\\/#website\",\"url\":\"https:\\\/\\\/iha-race.com\\\/pt-pt\\\/\",\"name\":\"Iha Race\",\"description\":\"Comprar drones de carreras FPV env\u00edos en un d\u00eda desde Espa\u00f1a\",\"publisher\":{\"@id\":\"https:\\\/\\\/iha-race.com\\\/pt-pt\\\/#organization\"},\"potentialAction\":[{\"@type\":\"SearchAction\",\"target\":{\"@type\":\"EntryPoint\",\"urlTemplate\":\"https:\\\/\\\/iha-race.com\\\/pt-pt\\\/?s={search_term_string}\"},\"query-input\":{\"@type\":\"PropertyValueSpecification\",\"valueRequired\":true,\"valueName\":\"search_term_string\"}}],\"inLanguage\":\"pt-PT\"},{\"@type\":\"Organization\",\"@id\":\"https:\\\/\\\/iha-race.com\\\/pt-pt\\\/#organization\",\"name\":\"Iha Race\",\"url\":\"https:\\\/\\\/iha-race.com\\\/pt-pt\\\/\",\"logo\":{\"@type\":\"ImageObject\",\"inLanguage\":\"pt-PT\",\"@id\":\"https:\\\/\\\/iha-race.com\\\/pt-pt\\\/#\\\/schema\\\/logo\\\/image\\\/\",\"url\":\"https:\\\/\\\/iha-race.com\\\/wp-content\\\/uploads\\\/2018\\\/07\\\/iha-race-drones-de-carreras-tienda-comprar-drones.png\",\"contentUrl\":\"https:\\\/\\\/iha-race.com\\\/wp-content\\\/uploads\\\/2018\\\/07\\\/iha-race-drones-de-carreras-tienda-comprar-drones.png\",\"width\":300,\"height\":100,\"caption\":\"Iha Race\"},\"image\":{\"@id\":\"https:\\\/\\\/iha-race.com\\\/pt-pt\\\/#\\\/schema\\\/logo\\\/image\\\/\"}}]}<\/script>\n<!-- \/ Yoast SEO plugin. -->","yoast_head_json":{"title":"Foxeer Predator V5 Mini 1000TVL 1.8mm C\u00e2mara Preta - Iha Race","robots":{"index":"index","follow":"follow","max-snippet":"max-snippet:-1","max-image-preview":"max-image-preview:large","max-video-preview":"max-video-preview:-1"},"canonical":"https:\/\/iha-race.com\/pt-pt\/produto\/camara-foxeer-predator-v5-mini-1000tvl-1-8mm\/","og_locale":"pt_PT","og_type":"article","og_title":"Foxeer Predator V5 Mini 1000TVL 1.8mm C\u00e2mara Preta - Iha Race","og_description":"O Predator 5 Mini 1000TVL \u00e9 uma c\u00e2mara FPV de 22x22mm da Foxeer.","og_url":"https:\/\/iha-race.com\/pt-pt\/produto\/camara-foxeer-predator-v5-mini-1000tvl-1-8mm\/","og_site_name":"Iha Race","article_modified_time":"2024-09-13T18:07:54+00:00","og_image":[{"width":800,"height":800,"url":"https:\/\/iha-race.com\/wp-content\/uploads\/2021\/04\/Camara-Foxeer-Predator-V5-Mini-1.8mm.jpg","type":"image\/jpeg"}],"twitter_card":"summary_large_image","twitter_misc":{"Tempo estimado de leitura":"1 minuto"},"schema":{"@context":"https:\/\/schema.org","@graph":[{"@type":"WebPage","@id":"https:\/\/iha-race.com\/pt-pt\/produto\/camara-foxeer-predator-v5-mini-1000tvl-1-8mm\/","url":"https:\/\/iha-race.com\/pt-pt\/produto\/camara-foxeer-predator-v5-mini-1000tvl-1-8mm\/","name":"Foxeer Predator V5 Mini 1000TVL 1.8mm C\u00e2mara Preta - Iha Race","isPartOf":{"@id":"https:\/\/iha-race.com\/pt-pt\/#website"},"primaryImageOfPage":{"@id":"https:\/\/iha-race.com\/pt-pt\/produto\/camara-foxeer-predator-v5-mini-1000tvl-1-8mm\/#primaryimage"},"image":{"@id":"https:\/\/iha-race.com\/pt-pt\/produto\/camara-foxeer-predator-v5-mini-1000tvl-1-8mm\/#primaryimage"},"thumbnailUrl":"https:\/\/iha-race.com\/wp-content\/uploads\/2021\/04\/Camara-FPV-de-carreras-Foxeer-Mini-Predator-5-con-Super-WDR-y-latencia-de-4-ms.jpg","datePublished":"2021-04-22T13:22:50+00:00","dateModified":"2024-09-13T18:07:54+00:00","breadcrumb":{"@id":"https:\/\/iha-race.com\/pt-pt\/produto\/camara-foxeer-predator-v5-mini-1000tvl-1-8mm\/#breadcrumb"},"inLanguage":"pt-PT","potentialAction":[{"@type":"ReadAction","target":["https:\/\/iha-race.com\/pt-pt\/produto\/camara-foxeer-predator-v5-mini-1000tvl-1-8mm\/"]}]},{"@type":"ImageObject","inLanguage":"pt-PT","@id":"https:\/\/iha-race.com\/pt-pt\/produto\/camara-foxeer-predator-v5-mini-1000tvl-1-8mm\/#primaryimage","url":"https:\/\/iha-race.com\/wp-content\/uploads\/2021\/04\/Camara-FPV-de-carreras-Foxeer-Mini-Predator-5-con-Super-WDR-y-latencia-de-4-ms.jpg","contentUrl":"https:\/\/iha-race.com\/wp-content\/uploads\/2021\/04\/Camara-FPV-de-carreras-Foxeer-Mini-Predator-5-con-Super-WDR-y-latencia-de-4-ms.jpg","width":800,"height":800,"caption":"Comprar C\u00e1mara FPV de carreras Foxeer Mini Predator 5 con Super WDR y latencia de 4 ms"},{"@type":"BreadcrumbList","@id":"https:\/\/iha-race.com\/pt-pt\/produto\/camara-foxeer-predator-v5-mini-1000tvl-1-8mm\/#breadcrumb","itemListElement":[{"@type":"ListItem","position":1,"name":"Portada","item":"https:\/\/iha-race.com\/pt-pt\/elementor-499\/"},{"@type":"ListItem","position":2,"name":"Shop","item":"https:\/\/iha-race.com\/pt-pt\/shop\/"},{"@type":"ListItem","position":3,"name":"Foxeer Predator V5 Mini 1000TVL 1.8mm C\u00e2mara Preta"}]},{"@type":"WebSite","@id":"https:\/\/iha-race.com\/pt-pt\/#website","url":"https:\/\/iha-race.com\/pt-pt\/","name":"Iha Race","description":"Comprar drones de carreras FPV env\u00edos en un d\u00eda desde Espa\u00f1a","publisher":{"@id":"https:\/\/iha-race.com\/pt-pt\/#organization"},"potentialAction":[{"@type":"SearchAction","target":{"@type":"EntryPoint","urlTemplate":"https:\/\/iha-race.com\/pt-pt\/?s={search_term_string}"},"query-input":{"@type":"PropertyValueSpecification","valueRequired":true,"valueName":"search_term_string"}}],"inLanguage":"pt-PT"},{"@type":"Organization","@id":"https:\/\/iha-race.com\/pt-pt\/#organization","name":"Iha Race","url":"https:\/\/iha-race.com\/pt-pt\/","logo":{"@type":"ImageObject","inLanguage":"pt-PT","@id":"https:\/\/iha-race.com\/pt-pt\/#\/schema\/logo\/image\/","url":"https:\/\/iha-race.com\/wp-content\/uploads\/2018\/07\/iha-race-drones-de-carreras-tienda-comprar-drones.png","contentUrl":"https:\/\/iha-race.com\/wp-content\/uploads\/2018\/07\/iha-race-drones-de-carreras-tienda-comprar-drones.png","width":300,"height":100,"caption":"Iha Race"},"image":{"@id":"https:\/\/iha-race.com\/pt-pt\/#\/schema\/logo\/image\/"}}]}},"jetpack_sharing_enabled":true,"brands":[],"_links":{"self":[{"href":"https:\/\/iha-race.com\/pt-pt\/wp-json\/wp\/v2\/product\/113693","targetHints":{"allow":["GET"]}}],"collection":[{"href":"https:\/\/iha-race.com\/pt-pt\/wp-json\/wp\/v2\/product"}],"about":[{"href":"https:\/\/iha-race.com\/pt-pt\/wp-json\/wp\/v2\/types\/product"}],"replies":[{"embeddable":true,"href":"https:\/\/iha-race.com\/pt-pt\/wp-json\/wp\/v2\/comments?post=113693"}],"version-history":[{"count":3,"href":"https:\/\/iha-race.com\/pt-pt\/wp-json\/wp\/v2\/product\/113693\/revisions"}],"predecessor-version":[{"id":251077,"href":"https:\/\/iha-race.com\/pt-pt\/wp-json\/wp\/v2\/product\/113693\/revisions\/251077"}],"wp:featuredmedia":[{"embeddable":true,"href":"https:\/\/iha-race.com\/pt-pt\/wp-json\/wp\/v2\/media\/257363"}],"wp:attachment":[{"href":"https:\/\/iha-race.com\/pt-pt\/wp-json\/wp\/v2\/media?parent=113693"}],"wp:term":[{"taxonomy":"pwb-brand","embeddable":true,"href":"https:\/\/iha-race.com\/pt-pt\/wp-json\/wp\/v2\/pwb-brand?post=113693"},{"taxonomy":"product_cat","embeddable":true,"href":"https:\/\/iha-race.com\/pt-pt\/wp-json\/wp\/v2\/product_cat?post=113693"},{"taxonomy":"product_tag","embeddable":true,"href":"https:\/\/iha-race.com\/pt-pt\/wp-json\/wp\/v2\/product_tag?post=113693"}],"curies":[{"name":"wp","href":"https:\/\/api.w.org\/{rel}","templated":true}]}}