{"id":113684,"date":"2021-04-21T10:14:24","date_gmt":"2021-04-21T08:14:24","guid":{"rendered":"https:\/\/iha-race.com\/producto\/dalprop-freestyle-fold-2-f7-helice-dobravel-conjunto-de-4\/"},"modified":"2025-10-02T09:15:21","modified_gmt":"2025-10-02T07:15:21","slug":"dobravel-lixo-lixo-lixo-lixo-2-f7-set-of-4","status":"publish","type":"product","link":"https:\/\/iha-race.com\/pt-pt\/produto\/dobravel-lixo-lixo-lixo-lixo-2-f7-set-of-4\/","title":{"rendered":"DALPROP Freestyle Fold 2 F7 h\u00e9lice dobr\u00e1vel (Conjunto de 4)"},"content":{"rendered":"<h2><span data-sheets-value=\"{\"1\":2,\"2\":\"H\u00e9lice plegable DALPROP Freestyle Fold 2 F7 (Juego de 4)\"}\" data-sheets-userformat=\"{\"2\":11009,\"3\":{\"1\":0},\"11\":4,\"12\":0,\"14\":{\"1\":3,\"3\":1},\"16\":12}\">DALPROP Freestyle Fold 2 F7 h\u00e9lice dobr\u00e1vel (Conjunto de 4)<\/span><\/h2>\n<p>  A h\u00e9lice DALPROP Fold 2 F7 \u00e9 uma h\u00e9lice de 7&#8243; que \u00e9 suave, eficiente e tem um design dobr\u00e1vel. O desenho dobr\u00e1vel \u00e9 mais dur\u00e1vel, mais seguro e mais f\u00e1cil de transportar! Compat\u00edvel com POPO!  <\/p>\n<h2>Especifica\u00e7\u00f5es:<\/h2>\n<ul>\n<li>Di\u00e2metro da h\u00e9lice: 7 &#8220;.<\/li>\n<li>Etapa: 5.1<\/li>\n<li>L\u00e2minas: 3<\/li>\n<li>Material: PC<\/li>\n<li>Peso: 7,1 g<\/li>\n<li>Eixo: 5 mm<\/li>\n<\/ul>\n<h2>O pacote inclui:<\/h2>\n<ul>\n<li>2 x Dobrar 2 h\u00e9lices de estilo livre dobr\u00e1veis F7 CW<\/li>\n<li>2x Dobrar 2 h\u00e9lices CCW dobr\u00e1veis de estilo livre F7<\/li>\n<\/ul>\n<p>&nbsp;<\/p>\n","protected":false},"excerpt":{"rendered":"<p>A h\u00e9lice DALPROP Fold 2 F7 \u00e9 uma h\u00e9lice de 7&#8243; que \u00e9 lisa, eficiente e vem num desenho dobr\u00e1vel. O desenho dobr\u00e1vel \u00e9 mais dur\u00e1vel, mais seguro e mais f\u00e1cil de transportar!<\/p>\n","protected":false},"featured_media":98915,"comment_status":"open","ping_status":"closed","template":"","meta":{"_joinchat":[]},"pwb-brand":[],"product_cat":[1416,1288,1414,1405],"product_tag":[],"class_list":{"0":"post-113684","1":"product","2":"type-product","3":"status-publish","4":"has-post-thumbnail","6":"product_cat-1416","7":"product_cat-helices-fpv","8":"product_cat-polegadas","9":"product_cat-tripalas-pt-pt","11":"first","12":"instock","13":"taxable","14":"shipping-taxable","15":"purchasable","16":"product-type-variable"},"barcode":null,"atum_controlled":true,"out_stock_date":null,"out_stock_threshold":null,"inheritable":true,"stock_on_hold":0,"sold_today":4,"sales_last_days":4,"out_stock_days":0,"lost_sales":0,"update_date":"2026-04-16T08:17:36","atum_locations":[],"atum_stock_status":"instock","restock_status":false,"low_stock_amount":"","sales_update_date":"2026-04-16T08:17:36","calc_backorders":null,"yoast_head":"<!-- This site is optimized with the Yoast SEO plugin v27.3 - https:\/\/yoast.com\/product\/yoast-seo-wordpress\/ -->\n<title>H\u00e9lice dobr\u00e1vel DALPROP Freestyle Fold 2 F7 | Iha Race<\/title>\n<meta name=\"description\" content=\"Estas h\u00e9lices DALPROP Freestyle Fold 2 F7 Foldable FPV s\u00e3o muito dur\u00e1veis e de alta qualidade. Descubra aqui a h\u00e9lice dobr\u00e1vel DALPROP Freestyle Fold 2 F7!\" \/>\n<meta name=\"robots\" content=\"index, follow, max-snippet:-1, max-image-preview:large, max-video-preview:-1\" \/>\n<link rel=\"canonical\" href=\"https:\/\/iha-race.com\/pt-pt\/produto\/dobravel-lixo-lixo-lixo-lixo-2-f7-set-of-4\/\" \/>\n<meta property=\"og:locale\" content=\"pt_PT\" \/>\n<meta property=\"og:type\" content=\"article\" \/>\n<meta property=\"og:title\" content=\"H\u00e9lice dobr\u00e1vel DALPROP Freestyle Fold 2 F7 | Iha Race\" \/>\n<meta property=\"og:description\" content=\"Estas h\u00e9lices DALPROP Freestyle Fold 2 F7 Foldable FPV s\u00e3o muito dur\u00e1veis e de alta qualidade. Descubra aqui a h\u00e9lice dobr\u00e1vel DALPROP Freestyle Fold 2 F7!\" \/>\n<meta property=\"og:url\" content=\"https:\/\/iha-race.com\/pt-pt\/produto\/dobravel-lixo-lixo-lixo-lixo-2-f7-set-of-4\/\" \/>\n<meta property=\"og:site_name\" content=\"Iha Race\" \/>\n<meta property=\"article:modified_time\" content=\"2025-10-02T07:15:21+00:00\" \/>\n<meta property=\"og:image\" content=\"https:\/\/iha-race.com\/wp-content\/uploads\/2021\/04\/Helice-plegable-DALPROP-Freestyle-Fold-2-F7-Juego-de-4.jpg\" \/>\n\t<meta property=\"og:image:width\" content=\"1000\" \/>\n\t<meta property=\"og:image:height\" content=\"1000\" \/>\n\t<meta property=\"og:image:type\" content=\"image\/jpeg\" \/>\n<meta name=\"twitter:card\" content=\"summary_large_image\" \/>\n<script type=\"application\/ld+json\" class=\"yoast-schema-graph\">{\"@context\":\"https:\\\/\\\/schema.org\",\"@graph\":[{\"@type\":\"WebPage\",\"@id\":\"https:\\\/\\\/iha-race.com\\\/pt-pt\\\/produto\\\/dobravel-lixo-lixo-lixo-lixo-2-f7-set-of-4\\\/\",\"url\":\"https:\\\/\\\/iha-race.com\\\/pt-pt\\\/produto\\\/dobravel-lixo-lixo-lixo-lixo-2-f7-set-of-4\\\/\",\"name\":\"H\u00e9lice dobr\u00e1vel DALPROP Freestyle Fold 2 F7 | Iha Race\",\"isPartOf\":{\"@id\":\"https:\\\/\\\/iha-race.com\\\/pt-pt\\\/#website\"},\"primaryImageOfPage\":{\"@id\":\"https:\\\/\\\/iha-race.com\\\/pt-pt\\\/produto\\\/dobravel-lixo-lixo-lixo-lixo-2-f7-set-of-4\\\/#primaryimage\"},\"image\":{\"@id\":\"https:\\\/\\\/iha-race.com\\\/pt-pt\\\/produto\\\/dobravel-lixo-lixo-lixo-lixo-2-f7-set-of-4\\\/#primaryimage\"},\"thumbnailUrl\":\"https:\\\/\\\/iha-race.com\\\/wp-content\\\/uploads\\\/2021\\\/04\\\/Helice-plegable-DALPROP-Freestyle-Fold-2-F7-Juego-de-4.jpg\",\"datePublished\":\"2021-04-21T08:14:24+00:00\",\"dateModified\":\"2025-10-02T07:15:21+00:00\",\"description\":\"Estas h\u00e9lices DALPROP Freestyle Fold 2 F7 Foldable FPV s\u00e3o muito dur\u00e1veis e de alta qualidade. Descubra aqui a h\u00e9lice dobr\u00e1vel DALPROP Freestyle Fold 2 F7!\",\"breadcrumb\":{\"@id\":\"https:\\\/\\\/iha-race.com\\\/pt-pt\\\/produto\\\/dobravel-lixo-lixo-lixo-lixo-2-f7-set-of-4\\\/#breadcrumb\"},\"inLanguage\":\"pt-PT\",\"potentialAction\":[{\"@type\":\"ReadAction\",\"target\":[\"https:\\\/\\\/iha-race.com\\\/pt-pt\\\/produto\\\/dobravel-lixo-lixo-lixo-lixo-2-f7-set-of-4\\\/\"]}]},{\"@type\":\"ImageObject\",\"inLanguage\":\"pt-PT\",\"@id\":\"https:\\\/\\\/iha-race.com\\\/pt-pt\\\/produto\\\/dobravel-lixo-lixo-lixo-lixo-2-f7-set-of-4\\\/#primaryimage\",\"url\":\"https:\\\/\\\/iha-race.com\\\/wp-content\\\/uploads\\\/2021\\\/04\\\/Helice-plegable-DALPROP-Freestyle-Fold-2-F7-Juego-de-4.jpg\",\"contentUrl\":\"https:\\\/\\\/iha-race.com\\\/wp-content\\\/uploads\\\/2021\\\/04\\\/Helice-plegable-DALPROP-Freestyle-Fold-2-F7-Juego-de-4.jpg\",\"width\":1000,\"height\":1000,\"caption\":\"H\u00e9lice Plegable DALPROP Freestyle Fold 2 F7\"},{\"@type\":\"BreadcrumbList\",\"@id\":\"https:\\\/\\\/iha-race.com\\\/pt-pt\\\/produto\\\/dobravel-lixo-lixo-lixo-lixo-2-f7-set-of-4\\\/#breadcrumb\",\"itemListElement\":[{\"@type\":\"ListItem\",\"position\":1,\"name\":\"Portada\",\"item\":\"https:\\\/\\\/iha-race.com\\\/pt-pt\\\/elementor-499\\\/\"},{\"@type\":\"ListItem\",\"position\":2,\"name\":\"Shop\",\"item\":\"https:\\\/\\\/iha-race.com\\\/pt-pt\\\/shop\\\/\"},{\"@type\":\"ListItem\",\"position\":3,\"name\":\"DALPROP Freestyle Fold 2 F7 h\u00e9lice dobr\u00e1vel (Conjunto de 4)\"}]},{\"@type\":\"WebSite\",\"@id\":\"https:\\\/\\\/iha-race.com\\\/pt-pt\\\/#website\",\"url\":\"https:\\\/\\\/iha-race.com\\\/pt-pt\\\/\",\"name\":\"Iha Race\",\"description\":\"Comprar drones de carreras FPV env\u00edos en un d\u00eda desde Espa\u00f1a\",\"publisher\":{\"@id\":\"https:\\\/\\\/iha-race.com\\\/pt-pt\\\/#organization\"},\"potentialAction\":[{\"@type\":\"SearchAction\",\"target\":{\"@type\":\"EntryPoint\",\"urlTemplate\":\"https:\\\/\\\/iha-race.com\\\/pt-pt\\\/?s={search_term_string}\"},\"query-input\":{\"@type\":\"PropertyValueSpecification\",\"valueRequired\":true,\"valueName\":\"search_term_string\"}}],\"inLanguage\":\"pt-PT\"},{\"@type\":\"Organization\",\"@id\":\"https:\\\/\\\/iha-race.com\\\/pt-pt\\\/#organization\",\"name\":\"Iha Race\",\"url\":\"https:\\\/\\\/iha-race.com\\\/pt-pt\\\/\",\"logo\":{\"@type\":\"ImageObject\",\"inLanguage\":\"pt-PT\",\"@id\":\"https:\\\/\\\/iha-race.com\\\/pt-pt\\\/#\\\/schema\\\/logo\\\/image\\\/\",\"url\":\"https:\\\/\\\/iha-race.com\\\/wp-content\\\/uploads\\\/2018\\\/07\\\/iha-race-drones-de-carreras-tienda-comprar-drones.png\",\"contentUrl\":\"https:\\\/\\\/iha-race.com\\\/wp-content\\\/uploads\\\/2018\\\/07\\\/iha-race-drones-de-carreras-tienda-comprar-drones.png\",\"width\":300,\"height\":100,\"caption\":\"Iha Race\"},\"image\":{\"@id\":\"https:\\\/\\\/iha-race.com\\\/pt-pt\\\/#\\\/schema\\\/logo\\\/image\\\/\"}}]}<\/script>\n<!-- \/ Yoast SEO plugin. -->","yoast_head_json":{"title":"H\u00e9lice dobr\u00e1vel DALPROP Freestyle Fold 2 F7 | Iha Race","description":"Estas h\u00e9lices DALPROP Freestyle Fold 2 F7 Foldable FPV s\u00e3o muito dur\u00e1veis e de alta qualidade. Descubra aqui a h\u00e9lice dobr\u00e1vel DALPROP Freestyle Fold 2 F7!","robots":{"index":"index","follow":"follow","max-snippet":"max-snippet:-1","max-image-preview":"max-image-preview:large","max-video-preview":"max-video-preview:-1"},"canonical":"https:\/\/iha-race.com\/pt-pt\/produto\/dobravel-lixo-lixo-lixo-lixo-2-f7-set-of-4\/","og_locale":"pt_PT","og_type":"article","og_title":"H\u00e9lice dobr\u00e1vel DALPROP Freestyle Fold 2 F7 | Iha Race","og_description":"Estas h\u00e9lices DALPROP Freestyle Fold 2 F7 Foldable FPV s\u00e3o muito dur\u00e1veis e de alta qualidade. Descubra aqui a h\u00e9lice dobr\u00e1vel DALPROP Freestyle Fold 2 F7!","og_url":"https:\/\/iha-race.com\/pt-pt\/produto\/dobravel-lixo-lixo-lixo-lixo-2-f7-set-of-4\/","og_site_name":"Iha Race","article_modified_time":"2025-10-02T07:15:21+00:00","og_image":[{"width":1000,"height":1000,"url":"https:\/\/iha-race.com\/wp-content\/uploads\/2021\/04\/Helice-plegable-DALPROP-Freestyle-Fold-2-F7-Juego-de-4.jpg","type":"image\/jpeg"}],"twitter_card":"summary_large_image","schema":{"@context":"https:\/\/schema.org","@graph":[{"@type":"WebPage","@id":"https:\/\/iha-race.com\/pt-pt\/produto\/dobravel-lixo-lixo-lixo-lixo-2-f7-set-of-4\/","url":"https:\/\/iha-race.com\/pt-pt\/produto\/dobravel-lixo-lixo-lixo-lixo-2-f7-set-of-4\/","name":"H\u00e9lice dobr\u00e1vel DALPROP Freestyle Fold 2 F7 | Iha Race","isPartOf":{"@id":"https:\/\/iha-race.com\/pt-pt\/#website"},"primaryImageOfPage":{"@id":"https:\/\/iha-race.com\/pt-pt\/produto\/dobravel-lixo-lixo-lixo-lixo-2-f7-set-of-4\/#primaryimage"},"image":{"@id":"https:\/\/iha-race.com\/pt-pt\/produto\/dobravel-lixo-lixo-lixo-lixo-2-f7-set-of-4\/#primaryimage"},"thumbnailUrl":"https:\/\/iha-race.com\/wp-content\/uploads\/2021\/04\/Helice-plegable-DALPROP-Freestyle-Fold-2-F7-Juego-de-4.jpg","datePublished":"2021-04-21T08:14:24+00:00","dateModified":"2025-10-02T07:15:21+00:00","description":"Estas h\u00e9lices DALPROP Freestyle Fold 2 F7 Foldable FPV s\u00e3o muito dur\u00e1veis e de alta qualidade. Descubra aqui a h\u00e9lice dobr\u00e1vel DALPROP Freestyle Fold 2 F7!","breadcrumb":{"@id":"https:\/\/iha-race.com\/pt-pt\/produto\/dobravel-lixo-lixo-lixo-lixo-2-f7-set-of-4\/#breadcrumb"},"inLanguage":"pt-PT","potentialAction":[{"@type":"ReadAction","target":["https:\/\/iha-race.com\/pt-pt\/produto\/dobravel-lixo-lixo-lixo-lixo-2-f7-set-of-4\/"]}]},{"@type":"ImageObject","inLanguage":"pt-PT","@id":"https:\/\/iha-race.com\/pt-pt\/produto\/dobravel-lixo-lixo-lixo-lixo-2-f7-set-of-4\/#primaryimage","url":"https:\/\/iha-race.com\/wp-content\/uploads\/2021\/04\/Helice-plegable-DALPROP-Freestyle-Fold-2-F7-Juego-de-4.jpg","contentUrl":"https:\/\/iha-race.com\/wp-content\/uploads\/2021\/04\/Helice-plegable-DALPROP-Freestyle-Fold-2-F7-Juego-de-4.jpg","width":1000,"height":1000,"caption":"H\u00e9lice Plegable DALPROP Freestyle Fold 2 F7"},{"@type":"BreadcrumbList","@id":"https:\/\/iha-race.com\/pt-pt\/produto\/dobravel-lixo-lixo-lixo-lixo-2-f7-set-of-4\/#breadcrumb","itemListElement":[{"@type":"ListItem","position":1,"name":"Portada","item":"https:\/\/iha-race.com\/pt-pt\/elementor-499\/"},{"@type":"ListItem","position":2,"name":"Shop","item":"https:\/\/iha-race.com\/pt-pt\/shop\/"},{"@type":"ListItem","position":3,"name":"DALPROP Freestyle Fold 2 F7 h\u00e9lice dobr\u00e1vel (Conjunto de 4)"}]},{"@type":"WebSite","@id":"https:\/\/iha-race.com\/pt-pt\/#website","url":"https:\/\/iha-race.com\/pt-pt\/","name":"Iha Race","description":"Comprar drones de carreras FPV env\u00edos en un d\u00eda desde Espa\u00f1a","publisher":{"@id":"https:\/\/iha-race.com\/pt-pt\/#organization"},"potentialAction":[{"@type":"SearchAction","target":{"@type":"EntryPoint","urlTemplate":"https:\/\/iha-race.com\/pt-pt\/?s={search_term_string}"},"query-input":{"@type":"PropertyValueSpecification","valueRequired":true,"valueName":"search_term_string"}}],"inLanguage":"pt-PT"},{"@type":"Organization","@id":"https:\/\/iha-race.com\/pt-pt\/#organization","name":"Iha Race","url":"https:\/\/iha-race.com\/pt-pt\/","logo":{"@type":"ImageObject","inLanguage":"pt-PT","@id":"https:\/\/iha-race.com\/pt-pt\/#\/schema\/logo\/image\/","url":"https:\/\/iha-race.com\/wp-content\/uploads\/2018\/07\/iha-race-drones-de-carreras-tienda-comprar-drones.png","contentUrl":"https:\/\/iha-race.com\/wp-content\/uploads\/2018\/07\/iha-race-drones-de-carreras-tienda-comprar-drones.png","width":300,"height":100,"caption":"Iha Race"},"image":{"@id":"https:\/\/iha-race.com\/pt-pt\/#\/schema\/logo\/image\/"}}]}},"brands":[],"_links":{"self":[{"href":"https:\/\/iha-race.com\/pt-pt\/wp-json\/wp\/v2\/product\/113684","targetHints":{"allow":["GET"]}}],"collection":[{"href":"https:\/\/iha-race.com\/pt-pt\/wp-json\/wp\/v2\/product"}],"about":[{"href":"https:\/\/iha-race.com\/pt-pt\/wp-json\/wp\/v2\/types\/product"}],"replies":[{"embeddable":true,"href":"https:\/\/iha-race.com\/pt-pt\/wp-json\/wp\/v2\/comments?post=113684"}],"version-history":[{"count":2,"href":"https:\/\/iha-race.com\/pt-pt\/wp-json\/wp\/v2\/product\/113684\/revisions"}],"predecessor-version":[{"id":248063,"href":"https:\/\/iha-race.com\/pt-pt\/wp-json\/wp\/v2\/product\/113684\/revisions\/248063"}],"wp:featuredmedia":[{"embeddable":true,"href":"https:\/\/iha-race.com\/pt-pt\/wp-json\/wp\/v2\/media\/98915"}],"wp:attachment":[{"href":"https:\/\/iha-race.com\/pt-pt\/wp-json\/wp\/v2\/media?parent=113684"}],"wp:term":[{"taxonomy":"pwb-brand","embeddable":true,"href":"https:\/\/iha-race.com\/pt-pt\/wp-json\/wp\/v2\/pwb-brand?post=113684"},{"taxonomy":"product_cat","embeddable":true,"href":"https:\/\/iha-race.com\/pt-pt\/wp-json\/wp\/v2\/product_cat?post=113684"},{"taxonomy":"product_tag","embeddable":true,"href":"https:\/\/iha-race.com\/pt-pt\/wp-json\/wp\/v2\/product_tag?post=113684"}],"curies":[{"name":"wp","href":"https:\/\/api.w.org\/{rel}","templated":true}]}}