{"id":113644,"date":"2021-05-13T11:43:38","date_gmt":"2021-05-13T09:43:38","guid":{"rendered":"https:\/\/iha-race.com\/producto\/kit-de-armacao-hglrc-sector5-v3-hd-freestyle-3k-kit-de-armacao-em-fibra-de-carbono\/"},"modified":"2024-08-29T12:26:07","modified_gmt":"2024-08-29T10:26:07","slug":"frame-kit-hglrc-sector5-v3-hd-freestyle-3k-de-fibra-carbono","status":"publish","type":"product","link":"https:\/\/iha-race.com\/pt-pt\/produto\/frame-kit-hglrc-sector5-v3-hd-freestyle-3k-de-fibra-carbono\/","title":{"rendered":"Kit de arma\u00e7\u00e3o HGLRC Sector5 V3 HD Freestyle 3K Kit de arma\u00e7\u00e3o em fibra de carbono"},"content":{"rendered":"<h2>Kit de arma\u00e7\u00e3o HGLRC Sector 5 V3 HD Freestyle 3K Kit de arma\u00e7\u00e3o em fibra de carbono<\/h2>\n<p>  HGLRC Setor 5 V3 Moldura Freestyle de 5 polegadas para Drone de Corrida FPV Compat\u00edvel com 5.8G VTX e DJI Air Unit <strong>Sem acess\u00f3rios \u00e0 vista: <\/strong>Com o V3, n\u00e3o tens mais acess\u00f3rios \u00e0 vista.<br \/>\nDesfruta da vis\u00e3o desobstru\u00edda do voo! <strong>\u00c2ngulo de montagem da c\u00e2mara ajust\u00e1vel: <\/strong>Ajusta o \u00e2ngulo de montagem da c\u00e2mara de 25\u00b0, 30\u00b0, 35\u00b0 a 40\u00b0 para se adequar \u00e0s tuas necessidades. <strong>Ranhura do condensador para esconder o condensador e ter uma apar\u00eancia mais limpa: <\/strong>N\u00e3o consegues encontrar o condensador no drone?<br \/>\nest\u00e1 &#8220;escondido&#8221; algures \ud83d\ude42 <strong>Uma gama completa de pe\u00e7as TPU:<\/strong> Todos os ficheiros STL das pe\u00e7as TPU utilizadas neste drone estar\u00e3o dispon\u00edveis gratuitamente!   Pode sempre imprimir as pe\u00e7as sobressalentes voc\u00ea mesmo se tiver uma impressora 3D. Consulta os arquivos<br \/>\n<a href=\"https:\/\/www.thingiverse.com\/thing:4420924\" target=\"_blank\" rel=\"noopener\">aqui<\/a> https:\/\/youtu.be\/u3erGY6IZXY https:\/\/youtu.be\/Zd0nrKVFBDw   <\/p>\n<h2>Caracter\u00edsticas:<\/h2>\n<ul>\n<li>Sistema de amortecimento da instala\u00e7\u00e3o de controlo de voo<\/li>\n<li>Montagem universal Gopro<\/li>\n<li>Gopro Montagem fixa<\/li>\n<li>Apoio Gopro<\/li>\n<li>Gopro Lens Protector<\/li>\n<li>Guarda do motor<\/li>\n<li>Suporte de antena em forma de T<\/li>\n<li>Suporte GPS<\/li>\n<li>Montagem de antena SMA<\/li>\n<li>Apoio \u00e0 Antena DJI ANT<\/li>\n<li>Suporte de placa base<\/li>\n<li>Suporte de montagem da unidade de ar DJI<\/li>\n<li>DJI FPV Camera Lens Protector<\/li>\n<li>Cabo de alimenta\u00e7\u00e3o fixo<\/li>\n<li>Ranhura de montagem do condensador<\/li>\n<\/ul>\n<p><iframe title=\"Sector 5 V3 Frame Kit Assembly Demonstration\" width=\"1200\" height=\"675\" src=\"https:\/\/www.youtube.com\/embed\/Zd0nrKVFBDw?feature=oembed\" frameborder=\"0\" allow=\"accelerometer; autoplay; clipboard-write; encrypted-media; gyroscope; picture-in-picture; web-share\" referrerpolicy=\"strict-origin-when-cross-origin\" allowfullscreen><\/iframe><\/p>\n<h2>Especifica\u00e7\u00f5es:<\/h2>\n<ul>\n<li>Material: fibra de carbono 3K<\/li>\n<li>Espessura da placa superior: 2 mm<\/li>\n<li>Espessura do bloco inferior: 2 mm<\/li>\n<li>Espessura da placa do meio: 2 mm<\/li>\n<li>Espessura do painel lateral da c\u00e2mara: 2 mm<\/li>\n<li>Espessura do bra\u00e7o: 5 mm<\/li>\n<li>Espa\u00e7amento entre placas superior e interm\u00e9dia: 25 mm<\/li>\n<li>Furos de instala\u00e7\u00e3o: 20&#215;20\/30,5&#215;30,5mm<\/li>\n<li>Suporte da c\u00e2mara: 19&#215;19 \/ 22x22mm<\/li>\n<\/ul>\n<p><strong>Sector 5 V3 Moldura de estilo livre de 5 polegadas<\/strong><\/p>\n<ul>\n<li>Tipo: moldura de 5&#8243;.<\/li>\n<li>Dist\u00e2ncia entre eixos: 218mm<\/li>\n<li>Suporte de h\u00e9lice: at\u00e9 5,2 polegadas<\/li>\n<li>Tamanho total: 172,5 * 136,7mm<\/li>\n<li>Peso: 124,2g (excluindo TPU)<\/li>\n<\/ul>\n<h2>O pacote inclui:<\/h2>\n<ul>\n<li>1 x Placa superior 2 mm<\/li>\n<li>Placa inferior de 1 x 2 mm<\/li>\n<li>1 x 2 mm placa interm\u00e9dia<\/li>\n<li>Bra\u00e7os de 4 x 5 mm<\/li>\n<li>placas laterais de 2 x 2 mm<\/li>\n<li>2 x Colunas M3 * alum\u00ednio preto 32 mm<\/li>\n<li>6 x Colunas M3 * 25 mm alum\u00ednio preto<\/li>\n<li>3 x Colunas M3 * 23 mm alum\u00ednio preto<\/li>\n<li>5 x parafusos de cabe\u00e7a redonda M3 * 25 mm<\/li>\n<li>4 x parafusos de cabe\u00e7a redonda M3 * 16 mm<\/li>\n<li>4 x parafusos de cabe\u00e7a redonda M3 * 12 mm<\/li>\n<li>12 x parafusos de cabe\u00e7a redonda M3 * 8 mm<\/li>\n<li>2 x M3 * parafusos de cabe\u00e7a redonda de 6 mm<\/li>\n<li>1 x parafuso de cabe\u00e7a redonda M2 * 30 mm<\/li>\n<li>4 x M2 * parafusos de cabe\u00e7a redonda de 25 mm<\/li>\n<li>4 x parafusos de cabe\u00e7a redonda M2 * 12 mm<\/li>\n<li>2 x M2 * parafusos de cabe\u00e7a redonda de 6 mm<\/li>\n<li>2 x M2 * parafusos de cabe\u00e7a redonda de 4 mm<\/li>\n<li>4 x M2 Colunas * 5 mm de nylon preto<\/li>\n<li>6 x Porcas autoblocantes M3<\/li>\n<li>10 x Porca autoblocante M2<\/li>\n<li>4 x Tubo de protec\u00e7\u00e3o da antena<\/li>\n<li>12 x Bolas amortecedoras M3 * 6,6<\/li>\n<li>8 x Bolas tamp\u00e3o M2 * 6<\/li>\n<li>2 x correia de 20x200mm<\/li>\n<li>2 x Correia 20x250mm<\/li>\n<li>1 x Fita antiderrapante de bateria<\/li>\n<li>1 x Monte Gopro Universal<\/li>\n<li>1 x Protector de lente Gopro Lens<\/li>\n<li>1 x Protector de montagem do motor<\/li>\n<li>1 x suporte de antena em forma de T<\/li>\n<li>1 x suporte GPS<\/li>\n<li>1 x montagem de antena SMA<\/li>\n<li>1 x Protector de placa base<\/li>\n<li>1 x Suporte da unidade de ar DJI<\/li>\n<li>1 x Protector de lentes da c\u00e2mara DJI FPV<\/li>\n<li>1 x suporte de antena DJI ANT<\/li>\n<li>1 x suporte de cabo de alimenta\u00e7\u00e3o fixo<\/li>\n<\/ul>\n<p><strong>Nota: O suporte de GoPro 7 N\u00c3O est\u00e1 inclu\u00eddo no pacote, mas pode imprimi-lo com os ficheiros STL partilhados acima. Para o suporte GoPro 8, podes obter o ficheiro  <\/strong><\/p>\n<p><strong>Pe\u00e7as recomendadas: (N\u00e3o inclu\u00eddas)<\/strong><\/p>\n<ul>\n<li>Controlador de voo: <a href=\"https:\/\/iha-race.com\/categoria-producto\/controladoras\/?filter_marca=hglrc&amp;query_type_marca=or\">Zeus \/ F4 \/ F7 FC<\/a><\/li>\n<li>Motor: Aeolus 2207.5 \/ Aeolus 2306.5 \/ FD2408<\/li>\n<li><a href=\"https:\/\/iha-race.com\/categoria-producto\/esc-variador\/?filter_marca=hglrc&amp;query_type_marca=or\">ESC: 35A-65A<\/a><\/li>\n<li>C\u00e2mara: tamanho 19&#215;19 \/ 22x22mm<\/li>\n<li>H\u00e9lice: Sector 5 &#8211; 5 ~ 5,5 polegadas<\/li>\n<li>Bateria: <a href=\"https:\/\/iha-race.com\/categoria-producto\/baterias-para-drones\/s4\/\">4S<\/a> 1500mAh ~ <a href=\"https:\/\/iha-race.com\/categoria-producto\/baterias-para-drones\/s6\/\">6S<\/a> 1600mAh<\/li>\n<\/ul>\n<h2>Montagem:<\/h2>\n<p><img fetchpriority=\"high\" decoding=\"async\" class=\"alignnone wp-image-64621 size-full\" src=\"https:\/\/iha-race.com\/wp-content\/uploads\/2021\/05\/partes-montaje.jpg\" alt=\"\" width=\"1024\" height=\"724\" srcset=\"https:\/\/iha-race.com\/wp-content\/uploads\/2021\/05\/partes-montaje.jpg 1024w, https:\/\/iha-race.com\/wp-content\/uploads\/2021\/05\/partes-montaje-300x212.jpg 300w, https:\/\/iha-race.com\/wp-content\/uploads\/2021\/05\/partes-montaje-768x543.jpg 768w, https:\/\/iha-race.com\/wp-content\/uploads\/2021\/05\/partes-montaje-1536x1086.jpg 1536w, https:\/\/iha-race.com\/wp-content\/uploads\/2021\/05\/partes-montaje-2048x1448.jpg 2048w, https:\/\/iha-race.com\/wp-content\/uploads\/2021\/05\/partes-montaje-212x150.jpg 212w, https:\/\/iha-race.com\/wp-content\/uploads\/2021\/05\/partes-montaje-100x71.jpg 100w, https:\/\/iha-race.com\/wp-content\/uploads\/2021\/05\/partes-montaje-495x350.jpg 495w, https:\/\/iha-race.com\/wp-content\/uploads\/2021\/05\/partes-montaje-788x557.jpg 788w, https:\/\/iha-race.com\/wp-content\/uploads\/2021\/05\/partes-montaje-600x424.jpg 600w\" sizes=\"(max-width: 1024px) 100vw, 1024px\" \/> <img decoding=\"async\" class=\"alignnone wp-image-64622 size-full\" src=\"https:\/\/iha-race.com\/wp-content\/uploads\/2021\/05\/esquema-de-montaje.jpg\" alt=\"\" width=\"1500\" height=\"1060\" srcset=\"https:\/\/iha-race.com\/wp-content\/uploads\/2021\/05\/esquema-de-montaje.jpg 1500w, https:\/\/iha-race.com\/wp-content\/uploads\/2021\/05\/esquema-de-montaje-300x212.jpg 300w, https:\/\/iha-race.com\/wp-content\/uploads\/2021\/05\/esquema-de-montaje-1024x724.jpg 1024w, https:\/\/iha-race.com\/wp-content\/uploads\/2021\/05\/esquema-de-montaje-767x542.jpg 767w, https:\/\/iha-race.com\/wp-content\/uploads\/2021\/05\/esquema-de-montaje-1536x1085.jpg 1536w, https:\/\/iha-race.com\/wp-content\/uploads\/2021\/05\/esquema-de-montaje-2048x1447.jpg 2048w, https:\/\/iha-race.com\/wp-content\/uploads\/2021\/05\/esquema-de-montaje-212x150.jpg 212w, https:\/\/iha-race.com\/wp-content\/uploads\/2021\/05\/esquema-de-montaje-100x71.jpg 100w, https:\/\/iha-race.com\/wp-content\/uploads\/2021\/05\/esquema-de-montaje-495x350.jpg 495w, https:\/\/iha-race.com\/wp-content\/uploads\/2021\/05\/esquema-de-montaje-788x556.jpg 788w, https:\/\/iha-race.com\/wp-content\/uploads\/2021\/05\/esquema-de-montaje-600x424.jpg 600w\" sizes=\"(max-width: 1500px) 100vw, 1500px\" \/><\/p>\n","protected":false},"excerpt":{"rendered":"<p>Kit de arma\u00e7\u00e3o HGLRC Sector 5 V3 HD Freestyle 3K Kit de arma\u00e7\u00e3o em fibra de carbono HGLRC Setor 5 V3 Moldura Freestyle de 5 polegadas para Drone de Corrida<\/p>\n","protected":false},"featured_media":253939,"comment_status":"open","ping_status":"closed","template":"","meta":{"_joinchat":[]},"pwb-brand":[],"product_cat":[27,3667],"product_tag":[],"class_list":{"0":"post-113644","1":"product","2":"type-product","3":"status-publish","4":"has-post-thumbnail","6":"product_cat-drones-fpv","7":"product_cat-cuadros-frame","9":"first","10":"instock","11":"taxable","12":"shipping-taxable","13":"purchasable","14":"product-type-simple"},"barcode":null,"atum_controlled":true,"out_stock_date":null,"out_stock_threshold":null,"inheritable":false,"stock_on_hold":0,"sold_today":0,"sales_last_days":0,"out_stock_days":0,"lost_sales":0,"update_date":"2026-04-08T16:39:39","atum_locations":[],"atum_stock_status":"instock","restock_status":false,"low_stock_amount":"","sales_update_date":"2026-03-21T11:32:14","calc_backorders":null,"yoast_head":"<!-- This site is optimized with the Yoast SEO plugin v27.3 - https:\/\/yoast.com\/product\/yoast-seo-wordpress\/ -->\n<title>Kit de arma\u00e7\u00e3o HGLRC Sector5 V3 HD Freestyle 3K Kit de arma\u00e7\u00e3o em fibra de carbono - Iha Race<\/title>\n<meta name=\"robots\" content=\"index, follow, max-snippet:-1, max-image-preview:large, max-video-preview:-1\" \/>\n<link rel=\"canonical\" href=\"https:\/\/iha-race.com\/pt-pt\/produto\/frame-kit-hglrc-sector5-v3-hd-freestyle-3k-de-fibra-carbono\/\" \/>\n<meta property=\"og:locale\" content=\"pt_PT\" \/>\n<meta property=\"og:type\" content=\"article\" \/>\n<meta property=\"og:title\" content=\"Kit de arma\u00e7\u00e3o HGLRC Sector5 V3 HD Freestyle 3K Kit de arma\u00e7\u00e3o em fibra de carbono - Iha Race\" \/>\n<meta property=\"og:description\" content=\"Kit de arma\u00e7\u00e3o HGLRC Sector 5 V3 HD Freestyle 3K Kit de arma\u00e7\u00e3o em fibra de carbono HGLRC Setor 5 V3 Moldura Freestyle de 5 polegadas para Drone de Corrida\" \/>\n<meta property=\"og:url\" content=\"https:\/\/iha-race.com\/pt-pt\/produto\/frame-kit-hglrc-sector5-v3-hd-freestyle-3k-de-fibra-carbono\/\" \/>\n<meta property=\"og:site_name\" content=\"Iha Race\" \/>\n<meta property=\"article:modified_time\" content=\"2024-08-29T10:26:07+00:00\" \/>\n<meta property=\"og:image\" content=\"https:\/\/iha-race.com\/wp-content\/uploads\/2021\/05\/hglrc-sector-5-v3-hd-freestyle-3k-frame-kit-rc-drone-fpv.jpg\" \/>\n\t<meta property=\"og:image:width\" content=\"1000\" \/>\n\t<meta property=\"og:image:height\" content=\"1000\" \/>\n\t<meta property=\"og:image:type\" content=\"image\/jpeg\" \/>\n<meta name=\"twitter:card\" content=\"summary_large_image\" \/>\n<meta name=\"twitter:label1\" content=\"Tempo estimado de leitura\" \/>\n\t<meta name=\"twitter:data1\" content=\"3 minutos\" \/>\n<script type=\"application\/ld+json\" class=\"yoast-schema-graph\">{\"@context\":\"https:\\\/\\\/schema.org\",\"@graph\":[{\"@type\":\"WebPage\",\"@id\":\"https:\\\/\\\/iha-race.com\\\/pt-pt\\\/produto\\\/frame-kit-hglrc-sector5-v3-hd-freestyle-3k-de-fibra-carbono\\\/\",\"url\":\"https:\\\/\\\/iha-race.com\\\/pt-pt\\\/produto\\\/frame-kit-hglrc-sector5-v3-hd-freestyle-3k-de-fibra-carbono\\\/\",\"name\":\"Kit de arma\u00e7\u00e3o HGLRC Sector5 V3 HD Freestyle 3K Kit de arma\u00e7\u00e3o em fibra de carbono - Iha Race\",\"isPartOf\":{\"@id\":\"https:\\\/\\\/iha-race.com\\\/pt-pt\\\/#website\"},\"primaryImageOfPage\":{\"@id\":\"https:\\\/\\\/iha-race.com\\\/pt-pt\\\/produto\\\/frame-kit-hglrc-sector5-v3-hd-freestyle-3k-de-fibra-carbono\\\/#primaryimage\"},\"image\":{\"@id\":\"https:\\\/\\\/iha-race.com\\\/pt-pt\\\/produto\\\/frame-kit-hglrc-sector5-v3-hd-freestyle-3k-de-fibra-carbono\\\/#primaryimage\"},\"thumbnailUrl\":\"https:\\\/\\\/iha-race.com\\\/wp-content\\\/uploads\\\/2021\\\/05\\\/Frame-Kit-HGLRC-Sector-5D-V3-HD-Freestyle-3K.jpg\",\"datePublished\":\"2021-05-13T09:43:38+00:00\",\"dateModified\":\"2024-08-29T10:26:07+00:00\",\"breadcrumb\":{\"@id\":\"https:\\\/\\\/iha-race.com\\\/pt-pt\\\/produto\\\/frame-kit-hglrc-sector5-v3-hd-freestyle-3k-de-fibra-carbono\\\/#breadcrumb\"},\"inLanguage\":\"pt-PT\",\"potentialAction\":[{\"@type\":\"ReadAction\",\"target\":[\"https:\\\/\\\/iha-race.com\\\/pt-pt\\\/produto\\\/frame-kit-hglrc-sector5-v3-hd-freestyle-3k-de-fibra-carbono\\\/\"]}]},{\"@type\":\"ImageObject\",\"inLanguage\":\"pt-PT\",\"@id\":\"https:\\\/\\\/iha-race.com\\\/pt-pt\\\/produto\\\/frame-kit-hglrc-sector5-v3-hd-freestyle-3k-de-fibra-carbono\\\/#primaryimage\",\"url\":\"https:\\\/\\\/iha-race.com\\\/wp-content\\\/uploads\\\/2021\\\/05\\\/Frame-Kit-HGLRC-Sector-5D-V3-HD-Freestyle-3K.jpg\",\"contentUrl\":\"https:\\\/\\\/iha-race.com\\\/wp-content\\\/uploads\\\/2021\\\/05\\\/Frame-Kit-HGLRC-Sector-5D-V3-HD-Freestyle-3K.jpg\",\"width\":1000,\"height\":1000,\"caption\":\"Comprar Frame Kit HGLRC Sector 5D V3 HD Freestyle 3K\"},{\"@type\":\"BreadcrumbList\",\"@id\":\"https:\\\/\\\/iha-race.com\\\/pt-pt\\\/produto\\\/frame-kit-hglrc-sector5-v3-hd-freestyle-3k-de-fibra-carbono\\\/#breadcrumb\",\"itemListElement\":[{\"@type\":\"ListItem\",\"position\":1,\"name\":\"Portada\",\"item\":\"https:\\\/\\\/iha-race.com\\\/pt-pt\\\/elementor-499\\\/\"},{\"@type\":\"ListItem\",\"position\":2,\"name\":\"Shop\",\"item\":\"https:\\\/\\\/iha-race.com\\\/pt-pt\\\/shop\\\/\"},{\"@type\":\"ListItem\",\"position\":3,\"name\":\"Kit de arma\u00e7\u00e3o HGLRC Sector5 V3 HD Freestyle 3K Kit de arma\u00e7\u00e3o em fibra de carbono\"}]},{\"@type\":\"WebSite\",\"@id\":\"https:\\\/\\\/iha-race.com\\\/pt-pt\\\/#website\",\"url\":\"https:\\\/\\\/iha-race.com\\\/pt-pt\\\/\",\"name\":\"Iha Race\",\"description\":\"Comprar drones de carreras FPV env\u00edos en un d\u00eda desde Espa\u00f1a\",\"publisher\":{\"@id\":\"https:\\\/\\\/iha-race.com\\\/pt-pt\\\/#organization\"},\"potentialAction\":[{\"@type\":\"SearchAction\",\"target\":{\"@type\":\"EntryPoint\",\"urlTemplate\":\"https:\\\/\\\/iha-race.com\\\/pt-pt\\\/?s={search_term_string}\"},\"query-input\":{\"@type\":\"PropertyValueSpecification\",\"valueRequired\":true,\"valueName\":\"search_term_string\"}}],\"inLanguage\":\"pt-PT\"},{\"@type\":\"Organization\",\"@id\":\"https:\\\/\\\/iha-race.com\\\/pt-pt\\\/#organization\",\"name\":\"Iha Race\",\"url\":\"https:\\\/\\\/iha-race.com\\\/pt-pt\\\/\",\"logo\":{\"@type\":\"ImageObject\",\"inLanguage\":\"pt-PT\",\"@id\":\"https:\\\/\\\/iha-race.com\\\/pt-pt\\\/#\\\/schema\\\/logo\\\/image\\\/\",\"url\":\"https:\\\/\\\/iha-race.com\\\/wp-content\\\/uploads\\\/2018\\\/07\\\/iha-race-drones-de-carreras-tienda-comprar-drones.png\",\"contentUrl\":\"https:\\\/\\\/iha-race.com\\\/wp-content\\\/uploads\\\/2018\\\/07\\\/iha-race-drones-de-carreras-tienda-comprar-drones.png\",\"width\":300,\"height\":100,\"caption\":\"Iha Race\"},\"image\":{\"@id\":\"https:\\\/\\\/iha-race.com\\\/pt-pt\\\/#\\\/schema\\\/logo\\\/image\\\/\"}}]}<\/script>\n<!-- \/ Yoast SEO plugin. -->","yoast_head_json":{"title":"Kit de arma\u00e7\u00e3o HGLRC Sector5 V3 HD Freestyle 3K Kit de arma\u00e7\u00e3o em fibra de carbono - Iha Race","robots":{"index":"index","follow":"follow","max-snippet":"max-snippet:-1","max-image-preview":"max-image-preview:large","max-video-preview":"max-video-preview:-1"},"canonical":"https:\/\/iha-race.com\/pt-pt\/produto\/frame-kit-hglrc-sector5-v3-hd-freestyle-3k-de-fibra-carbono\/","og_locale":"pt_PT","og_type":"article","og_title":"Kit de arma\u00e7\u00e3o HGLRC Sector5 V3 HD Freestyle 3K Kit de arma\u00e7\u00e3o em fibra de carbono - Iha Race","og_description":"Kit de arma\u00e7\u00e3o HGLRC Sector 5 V3 HD Freestyle 3K Kit de arma\u00e7\u00e3o em fibra de carbono HGLRC Setor 5 V3 Moldura Freestyle de 5 polegadas para Drone de Corrida","og_url":"https:\/\/iha-race.com\/pt-pt\/produto\/frame-kit-hglrc-sector5-v3-hd-freestyle-3k-de-fibra-carbono\/","og_site_name":"Iha Race","article_modified_time":"2024-08-29T10:26:07+00:00","og_image":[{"width":1000,"height":1000,"url":"https:\/\/iha-race.com\/wp-content\/uploads\/2021\/05\/hglrc-sector-5-v3-hd-freestyle-3k-frame-kit-rc-drone-fpv.jpg","type":"image\/jpeg"}],"twitter_card":"summary_large_image","twitter_misc":{"Tempo estimado de leitura":"3 minutos"},"schema":{"@context":"https:\/\/schema.org","@graph":[{"@type":"WebPage","@id":"https:\/\/iha-race.com\/pt-pt\/produto\/frame-kit-hglrc-sector5-v3-hd-freestyle-3k-de-fibra-carbono\/","url":"https:\/\/iha-race.com\/pt-pt\/produto\/frame-kit-hglrc-sector5-v3-hd-freestyle-3k-de-fibra-carbono\/","name":"Kit de arma\u00e7\u00e3o HGLRC Sector5 V3 HD Freestyle 3K Kit de arma\u00e7\u00e3o em fibra de carbono - Iha Race","isPartOf":{"@id":"https:\/\/iha-race.com\/pt-pt\/#website"},"primaryImageOfPage":{"@id":"https:\/\/iha-race.com\/pt-pt\/produto\/frame-kit-hglrc-sector5-v3-hd-freestyle-3k-de-fibra-carbono\/#primaryimage"},"image":{"@id":"https:\/\/iha-race.com\/pt-pt\/produto\/frame-kit-hglrc-sector5-v3-hd-freestyle-3k-de-fibra-carbono\/#primaryimage"},"thumbnailUrl":"https:\/\/iha-race.com\/wp-content\/uploads\/2021\/05\/Frame-Kit-HGLRC-Sector-5D-V3-HD-Freestyle-3K.jpg","datePublished":"2021-05-13T09:43:38+00:00","dateModified":"2024-08-29T10:26:07+00:00","breadcrumb":{"@id":"https:\/\/iha-race.com\/pt-pt\/produto\/frame-kit-hglrc-sector5-v3-hd-freestyle-3k-de-fibra-carbono\/#breadcrumb"},"inLanguage":"pt-PT","potentialAction":[{"@type":"ReadAction","target":["https:\/\/iha-race.com\/pt-pt\/produto\/frame-kit-hglrc-sector5-v3-hd-freestyle-3k-de-fibra-carbono\/"]}]},{"@type":"ImageObject","inLanguage":"pt-PT","@id":"https:\/\/iha-race.com\/pt-pt\/produto\/frame-kit-hglrc-sector5-v3-hd-freestyle-3k-de-fibra-carbono\/#primaryimage","url":"https:\/\/iha-race.com\/wp-content\/uploads\/2021\/05\/Frame-Kit-HGLRC-Sector-5D-V3-HD-Freestyle-3K.jpg","contentUrl":"https:\/\/iha-race.com\/wp-content\/uploads\/2021\/05\/Frame-Kit-HGLRC-Sector-5D-V3-HD-Freestyle-3K.jpg","width":1000,"height":1000,"caption":"Comprar Frame Kit HGLRC Sector 5D V3 HD Freestyle 3K"},{"@type":"BreadcrumbList","@id":"https:\/\/iha-race.com\/pt-pt\/produto\/frame-kit-hglrc-sector5-v3-hd-freestyle-3k-de-fibra-carbono\/#breadcrumb","itemListElement":[{"@type":"ListItem","position":1,"name":"Portada","item":"https:\/\/iha-race.com\/pt-pt\/elementor-499\/"},{"@type":"ListItem","position":2,"name":"Shop","item":"https:\/\/iha-race.com\/pt-pt\/shop\/"},{"@type":"ListItem","position":3,"name":"Kit de arma\u00e7\u00e3o HGLRC Sector5 V3 HD Freestyle 3K Kit de arma\u00e7\u00e3o em fibra de carbono"}]},{"@type":"WebSite","@id":"https:\/\/iha-race.com\/pt-pt\/#website","url":"https:\/\/iha-race.com\/pt-pt\/","name":"Iha Race","description":"Comprar drones de carreras FPV env\u00edos en un d\u00eda desde Espa\u00f1a","publisher":{"@id":"https:\/\/iha-race.com\/pt-pt\/#organization"},"potentialAction":[{"@type":"SearchAction","target":{"@type":"EntryPoint","urlTemplate":"https:\/\/iha-race.com\/pt-pt\/?s={search_term_string}"},"query-input":{"@type":"PropertyValueSpecification","valueRequired":true,"valueName":"search_term_string"}}],"inLanguage":"pt-PT"},{"@type":"Organization","@id":"https:\/\/iha-race.com\/pt-pt\/#organization","name":"Iha Race","url":"https:\/\/iha-race.com\/pt-pt\/","logo":{"@type":"ImageObject","inLanguage":"pt-PT","@id":"https:\/\/iha-race.com\/pt-pt\/#\/schema\/logo\/image\/","url":"https:\/\/iha-race.com\/wp-content\/uploads\/2018\/07\/iha-race-drones-de-carreras-tienda-comprar-drones.png","contentUrl":"https:\/\/iha-race.com\/wp-content\/uploads\/2018\/07\/iha-race-drones-de-carreras-tienda-comprar-drones.png","width":300,"height":100,"caption":"Iha Race"},"image":{"@id":"https:\/\/iha-race.com\/pt-pt\/#\/schema\/logo\/image\/"}}]}},"brands":[],"_links":{"self":[{"href":"https:\/\/iha-race.com\/pt-pt\/wp-json\/wp\/v2\/product\/113644","targetHints":{"allow":["GET"]}}],"collection":[{"href":"https:\/\/iha-race.com\/pt-pt\/wp-json\/wp\/v2\/product"}],"about":[{"href":"https:\/\/iha-race.com\/pt-pt\/wp-json\/wp\/v2\/types\/product"}],"replies":[{"embeddable":true,"href":"https:\/\/iha-race.com\/pt-pt\/wp-json\/wp\/v2\/comments?post=113644"}],"version-history":[{"count":3,"href":"https:\/\/iha-race.com\/pt-pt\/wp-json\/wp\/v2\/product\/113644\/revisions"}],"predecessor-version":[{"id":249509,"href":"https:\/\/iha-race.com\/pt-pt\/wp-json\/wp\/v2\/product\/113644\/revisions\/249509"}],"wp:featuredmedia":[{"embeddable":true,"href":"https:\/\/iha-race.com\/pt-pt\/wp-json\/wp\/v2\/media\/253939"}],"wp:attachment":[{"href":"https:\/\/iha-race.com\/pt-pt\/wp-json\/wp\/v2\/media?parent=113644"}],"wp:term":[{"taxonomy":"pwb-brand","embeddable":true,"href":"https:\/\/iha-race.com\/pt-pt\/wp-json\/wp\/v2\/pwb-brand?post=113644"},{"taxonomy":"product_cat","embeddable":true,"href":"https:\/\/iha-race.com\/pt-pt\/wp-json\/wp\/v2\/product_cat?post=113644"},{"taxonomy":"product_tag","embeddable":true,"href":"https:\/\/iha-race.com\/pt-pt\/wp-json\/wp\/v2\/product_tag?post=113644"}],"curies":[{"name":"wp","href":"https:\/\/api.w.org\/{rel}","templated":true}]}}