{"id":113633,"date":"2022-06-13T15:32:19","date_gmt":"2022-06-13T13:32:19","guid":{"rendered":"https:\/\/iha-race.com\/producto\/motor-t-motor-pacer-p2207-v3-1750kv-1950kv-2080kv\/"},"modified":"2024-11-13T11:42:26","modified_gmt":"2024-11-13T10:42:26","slug":"motor-t-motor-pacer-p2207-v3-1750kv-1950kv-2080kv-2550kv","status":"publish","type":"product","link":"https:\/\/iha-race.com\/pt-pt\/produto\/motor-t-motor-pacer-p2207-v3-1750kv-1950kv-2080kv-2550kv\/","title":{"rendered":"Motor T-Motor PACER P2207 V3 (1750kv\/1950kv\/2080kv\/2550kv)"},"content":{"rendered":"<h2>Motor T-Motor PACER P2207 V3 (1750kv\/1950kv\/2080kv\/2550kv)<\/h2>\n<p>O <strong>T-Motor PACER V3 P2207 Powerful Freestyle Motor<\/strong> tornou-se um dos motores mais populares no mercado. A T-Motor actualizou e actualizou o seu motor Pacer para V3! A vers\u00e3o 2207 do Pacer V3 tem componentes actualizados e um desenho unibell para dar ao seu quadcopter freestyle uma pot\u00eancia extrema. Este motor apresenta um acelerador elevado para um controlo valioso e \u00e9 adequado para voar em espa\u00e7os maiores!<\/p>\n<p><strong>V\u00cdDEO: Novo motor Pacer V3 P2207\/ P2306, 7 kv diferentes constroem um estilo livre completo (Ingl\u00eas)<\/strong><\/p>\n<p><iframe title=\"New Pacer V3 P2207\/ P2306 motor, 7 different kv build a comprehensive freestyle\" width=\"1200\" height=\"675\" src=\"https:\/\/www.youtube.com\/embed\/uoCaYc4Dq3c?feature=oembed\" frameborder=\"0\" allow=\"accelerometer; autoplay; clipboard-write; encrypted-media; gyroscope; picture-in-picture; web-share\" referrerpolicy=\"strict-origin-when-cross-origin\" allowfullscreen><\/iframe><\/p>\n<h2>Caracter\u00edsticas<\/h2>\n<ul>\n<li>Ideal para voar em estilo livre.<\/li>\n<li>Motor de pacemaker V3 melhorado<\/li>\n<li>Desenho Unibell<\/li>\n<li>Acelerador alto<\/li>\n<\/ul>\n<div class=\"wrap-sticky\">\n<div id=\"news11tabs\" class=\"navbar navbar-sticky bootsnav on sticked\"><img decoding=\"async\" src=\"https:\/\/store.tmotor.com\/images\/202203\/311648694244284519.jpg\"><img decoding=\"async\" src=\"https:\/\/store.tmotor.com\/images\/202203\/311648694244503395.jpg\"><img decoding=\"async\" src=\"https:\/\/store.tmotor.com\/images\/202203\/311648694244697134.jpg\"><img decoding=\"async\" src=\"https:\/\/store.tmotor.com\/images\/202203\/311648694244955751.jpg\"><img decoding=\"async\" src=\"https:\/\/store.tmotor.com\/images\/202203\/311648694244231820.jpg\"><img decoding=\"async\" src=\"https:\/\/store.tmotor.com\/images\/202203\/311648694244117780.jpg\"><img decoding=\"async\" src=\"https:\/\/store.tmotor.com\/images\/202203\/311648694245227214.jpg\"><\/div>\n<\/div>\n<div id=\"news11\" class=\"tabblock\">\n<div class=\"wrap-sticky\">\n<div id=\"news11tabs\" class=\"navbar navbar-sticky bootsnav on sticked\"><img decoding=\"async\" src=\"https:\/\/store.tmotor.com\/images\/202204\/111649663549739637.jpg\"><img decoding=\"async\" src=\"https:\/\/store.tmotor.com\/images\/202204\/111649663549775482.jpg\"><img decoding=\"async\" src=\"https:\/\/store.tmotor.com\/images\/202204\/111649663549969257.jpg\"><img decoding=\"async\" src=\"https:\/\/store.tmotor.com\/images\/202204\/111649663549931287.jpg\"><img decoding=\"async\" src=\"https:\/\/store.tmotor.com\/images\/202204\/111649663549856171.jpg\"><\/div>\n<\/div>\n<div>\n<h2>Especifica\u00e7\u00f5es<\/h2>\n<p><strong>1750KV<\/strong><\/p>\n<ul>\n<li>Peso incluindo os cabos (g): 34,2 g<\/li>\n<li>Dimens\u00f5es do motor: 28,1 x 31 mm<\/li>\n<li>Corrente m\u00e1xima (60s): 38.4A<\/li>\n<li>m\u00e1ximo. Pot\u00eancia (60S): 952W<\/li>\n<li>Voltagem nominal (Lipo): 6S<\/li>\n<li>Corrente inactiva (10V): 1.2A<\/li>\n<li>Chumbo: 20#AWG 150mm<\/li>\n<li>Configura\u00e7\u00e3o: 12N14P<\/li>\n<li>Di\u00e2metro do eixo: 4 mm<\/li>\n<\/ul>\n<p><strong>1950KV<\/strong><\/p>\n<ul>\n<li>Peso incluindo os cabos (g): 34,3 g<\/li>\n<li>Dimens\u00f5es do motor: 28,1 x 31 mm<\/li>\n<li>m\u00e1ximo. Pot\u00eancia (60S): 1085W<\/li>\n<li>Corrente inactiva (10V): 1.35A<\/li>\n<li>Voltagem nominal (Lipo): 6S<\/li>\n<li>Corrente m\u00e1xima (60s): 44A<\/li>\n<li>Chumbo: 20#AWG 150mm<\/li>\n<li>Configura\u00e7\u00e3o: 12N14P<\/li>\n<li>Di\u00e2metro do eixo: 4 mm<\/li>\n<\/ul>\n<p><strong>2080KV<\/strong><\/p>\n<ul>\n<li>Peso incl. cabos (g): 34,1 g<\/li>\n<li>Dimens\u00f5es do motor: 28,1 x 31 mm<\/li>\n<li>m\u00e1ximo. Pot\u00eancia (60S): 1037W<\/li>\n<li>Corrente m\u00e1xima (60s): 44A<\/li>\n<li>Voltagem nominal (Lipo): 6S<\/li>\n<li>Corrente inactiva (10V): 1.4A<\/li>\n<li>Chumbo: 20#AWG 150mm<\/li>\n<li>Configura\u00e7\u00e3o: 12N14P<\/li>\n<li>Di\u00e2metro do eixo: 4 mm<\/li>\n<\/ul>\n<p><strong>2550KV<\/strong><\/p>\n<ul>\n<li>Peso incluindo os cabos (g): 34,2 g<\/li>\n<li>Dimens\u00f5es do motor: 28,1 x 31 mm<\/li>\n<li>Corrente m\u00e1xima (60s): 43,6A<\/li>\n<li>m\u00e1ximo. Pot\u00eancia (60S): 713W<\/li>\n<li>Corrente de marcha lenta (10V): 2,25A<\/li>\n<li>Tens\u00e3o nominal (Lipo): 4S<\/li>\n<li>Chumbo: 20#AWG 150mm<\/li>\n<li>Configura\u00e7\u00e3o: 12N14P<\/li>\n<li>Di\u00e2metro do eixo: 4 mm<\/li>\n<\/ul>\n<h2>O pacote inclui<\/h2>\n<ul>\n<li>1 x T-Motor PACER V3 P2207 (1750KV, 1950KV ou 2080KV)<\/li>\n<li>1 x conjunto de parafusos<\/li>\n<\/ul>\n<\/div>\n<\/div>\n","protected":false},"excerpt":{"rendered":"<p>O T-Motor PACER V3 P2207 Powerful Freestyle Motor tornou-se um dos motores mais populares no mercado.  <strong>A T-Motor actualizou e actualizou o seu motor Pacer para V3!<\/strong><\/p>\n","protected":false},"featured_media":109629,"comment_status":"open","ping_status":"closed","template":"","meta":{"_joinchat":[]},"pwb-brand":[],"product_cat":[46,2475],"product_tag":[],"class_list":{"0":"post-113633","1":"product","2":"type-product","3":"status-publish","4":"has-post-thumbnail","6":"product_cat-motores","7":"product_cat-sin-escobillas-con-eje","9":"first","10":"instock","11":"taxable","12":"shipping-taxable","13":"purchasable","14":"product-type-variable"},"barcode":null,"atum_controlled":true,"out_stock_date":"2022-06-13 17:07:07","out_stock_threshold":null,"inheritable":true,"stock_on_hold":0,"sold_today":4,"sales_last_days":4,"out_stock_days":1212,"lost_sales":0,"update_date":"2026-04-18T23:34:58","atum_locations":[],"atum_stock_status":"instock","restock_status":false,"low_stock_amount":"","sales_update_date":"2026-04-18T23:34:58","calc_backorders":null,"yoast_head":"<!-- This site is optimized with the Yoast SEO plugin v27.3 - https:\/\/yoast.com\/product\/yoast-seo-wordpress\/ -->\n<title>Motor T-Motor PACER P2207 V3 (1750kv\/1950kv\/2080kv\/2550kv) - Iha Race<\/title>\n<meta name=\"robots\" content=\"index, follow, max-snippet:-1, max-image-preview:large, max-video-preview:-1\" \/>\n<link rel=\"canonical\" href=\"https:\/\/iha-race.com\/pt-pt\/produto\/motor-t-motor-pacer-p2207-v3-1750kv-1950kv-2080kv-2550kv\/\" \/>\n<meta property=\"og:locale\" content=\"pt_PT\" \/>\n<meta property=\"og:type\" content=\"article\" \/>\n<meta property=\"og:title\" content=\"Motor T-Motor PACER P2207 V3 (1750kv\/1950kv\/2080kv\/2550kv) - Iha Race\" \/>\n<meta property=\"og:description\" content=\"O T-Motor PACER V3 P2207 Powerful Freestyle Motor tornou-se um dos motores mais populares no mercado. A T-Motor actualizou e actualizou o seu motor Pacer para V3!\" \/>\n<meta property=\"og:url\" content=\"https:\/\/iha-race.com\/pt-pt\/produto\/motor-t-motor-pacer-p2207-v3-1750kv-1950kv-2080kv-2550kv\/\" \/>\n<meta property=\"og:site_name\" content=\"Iha Race\" \/>\n<meta property=\"article:modified_time\" content=\"2024-11-13T10:42:26+00:00\" \/>\n<meta property=\"og:image\" content=\"https:\/\/iha-race.com\/wp-content\/uploads\/2021\/03\/1648450889201132216.jpg\" \/>\n\t<meta property=\"og:image:width\" content=\"1000\" \/>\n\t<meta property=\"og:image:height\" content=\"780\" \/>\n\t<meta property=\"og:image:type\" content=\"image\/jpeg\" \/>\n<meta name=\"twitter:card\" content=\"summary_large_image\" \/>\n<meta name=\"twitter:label1\" content=\"Tempo estimado de leitura\" \/>\n\t<meta name=\"twitter:data1\" content=\"2 minutos\" \/>\n<script type=\"application\/ld+json\" class=\"yoast-schema-graph\">{\"@context\":\"https:\\\/\\\/schema.org\",\"@graph\":[{\"@type\":\"WebPage\",\"@id\":\"https:\\\/\\\/iha-race.com\\\/pt-pt\\\/produto\\\/motor-t-motor-pacer-p2207-v3-1750kv-1950kv-2080kv-2550kv\\\/\",\"url\":\"https:\\\/\\\/iha-race.com\\\/pt-pt\\\/produto\\\/motor-t-motor-pacer-p2207-v3-1750kv-1950kv-2080kv-2550kv\\\/\",\"name\":\"Motor T-Motor PACER P2207 V3 (1750kv\\\/1950kv\\\/2080kv\\\/2550kv) - Iha Race\",\"isPartOf\":{\"@id\":\"https:\\\/\\\/iha-race.com\\\/pt-pt\\\/#website\"},\"primaryImageOfPage\":{\"@id\":\"https:\\\/\\\/iha-race.com\\\/pt-pt\\\/produto\\\/motor-t-motor-pacer-p2207-v3-1750kv-1950kv-2080kv-2550kv\\\/#primaryimage\"},\"image\":{\"@id\":\"https:\\\/\\\/iha-race.com\\\/pt-pt\\\/produto\\\/motor-t-motor-pacer-p2207-v3-1750kv-1950kv-2080kv-2550kv\\\/#primaryimage\"},\"thumbnailUrl\":\"https:\\\/\\\/iha-race.com\\\/wp-content\\\/uploads\\\/2021\\\/03\\\/1648450889201132216.jpg\",\"datePublished\":\"2022-06-13T13:32:19+00:00\",\"dateModified\":\"2024-11-13T10:42:26+00:00\",\"breadcrumb\":{\"@id\":\"https:\\\/\\\/iha-race.com\\\/pt-pt\\\/produto\\\/motor-t-motor-pacer-p2207-v3-1750kv-1950kv-2080kv-2550kv\\\/#breadcrumb\"},\"inLanguage\":\"pt-PT\",\"potentialAction\":[{\"@type\":\"ReadAction\",\"target\":[\"https:\\\/\\\/iha-race.com\\\/pt-pt\\\/produto\\\/motor-t-motor-pacer-p2207-v3-1750kv-1950kv-2080kv-2550kv\\\/\"]}]},{\"@type\":\"ImageObject\",\"inLanguage\":\"pt-PT\",\"@id\":\"https:\\\/\\\/iha-race.com\\\/pt-pt\\\/produto\\\/motor-t-motor-pacer-p2207-v3-1750kv-1950kv-2080kv-2550kv\\\/#primaryimage\",\"url\":\"https:\\\/\\\/iha-race.com\\\/wp-content\\\/uploads\\\/2021\\\/03\\\/1648450889201132216.jpg\",\"contentUrl\":\"https:\\\/\\\/iha-race.com\\\/wp-content\\\/uploads\\\/2021\\\/03\\\/1648450889201132216.jpg\",\"width\":1000,\"height\":780,\"caption\":\"Comprar T-Motor PACER P2207 V3 2080Kv Motor\"},{\"@type\":\"BreadcrumbList\",\"@id\":\"https:\\\/\\\/iha-race.com\\\/pt-pt\\\/produto\\\/motor-t-motor-pacer-p2207-v3-1750kv-1950kv-2080kv-2550kv\\\/#breadcrumb\",\"itemListElement\":[{\"@type\":\"ListItem\",\"position\":1,\"name\":\"Portada\",\"item\":\"https:\\\/\\\/iha-race.com\\\/pt-pt\\\/elementor-499\\\/\"},{\"@type\":\"ListItem\",\"position\":2,\"name\":\"Shop\",\"item\":\"https:\\\/\\\/iha-race.com\\\/pt-pt\\\/shop\\\/\"},{\"@type\":\"ListItem\",\"position\":3,\"name\":\"Motor T-Motor PACER P2207 V3 (1750kv\\\/1950kv\\\/2080kv\\\/2550kv)\"}]},{\"@type\":\"WebSite\",\"@id\":\"https:\\\/\\\/iha-race.com\\\/pt-pt\\\/#website\",\"url\":\"https:\\\/\\\/iha-race.com\\\/pt-pt\\\/\",\"name\":\"Iha Race\",\"description\":\"Comprar drones de carreras FPV env\u00edos en un d\u00eda desde Espa\u00f1a\",\"publisher\":{\"@id\":\"https:\\\/\\\/iha-race.com\\\/pt-pt\\\/#organization\"},\"potentialAction\":[{\"@type\":\"SearchAction\",\"target\":{\"@type\":\"EntryPoint\",\"urlTemplate\":\"https:\\\/\\\/iha-race.com\\\/pt-pt\\\/?s={search_term_string}\"},\"query-input\":{\"@type\":\"PropertyValueSpecification\",\"valueRequired\":true,\"valueName\":\"search_term_string\"}}],\"inLanguage\":\"pt-PT\"},{\"@type\":\"Organization\",\"@id\":\"https:\\\/\\\/iha-race.com\\\/pt-pt\\\/#organization\",\"name\":\"Iha Race\",\"url\":\"https:\\\/\\\/iha-race.com\\\/pt-pt\\\/\",\"logo\":{\"@type\":\"ImageObject\",\"inLanguage\":\"pt-PT\",\"@id\":\"https:\\\/\\\/iha-race.com\\\/pt-pt\\\/#\\\/schema\\\/logo\\\/image\\\/\",\"url\":\"https:\\\/\\\/iha-race.com\\\/wp-content\\\/uploads\\\/2018\\\/07\\\/iha-race-drones-de-carreras-tienda-comprar-drones.png\",\"contentUrl\":\"https:\\\/\\\/iha-race.com\\\/wp-content\\\/uploads\\\/2018\\\/07\\\/iha-race-drones-de-carreras-tienda-comprar-drones.png\",\"width\":300,\"height\":100,\"caption\":\"Iha Race\"},\"image\":{\"@id\":\"https:\\\/\\\/iha-race.com\\\/pt-pt\\\/#\\\/schema\\\/logo\\\/image\\\/\"}}]}<\/script>\n<!-- \/ Yoast SEO plugin. -->","yoast_head_json":{"title":"Motor T-Motor PACER P2207 V3 (1750kv\/1950kv\/2080kv\/2550kv) - Iha Race","robots":{"index":"index","follow":"follow","max-snippet":"max-snippet:-1","max-image-preview":"max-image-preview:large","max-video-preview":"max-video-preview:-1"},"canonical":"https:\/\/iha-race.com\/pt-pt\/produto\/motor-t-motor-pacer-p2207-v3-1750kv-1950kv-2080kv-2550kv\/","og_locale":"pt_PT","og_type":"article","og_title":"Motor T-Motor PACER P2207 V3 (1750kv\/1950kv\/2080kv\/2550kv) - Iha Race","og_description":"O T-Motor PACER V3 P2207 Powerful Freestyle Motor tornou-se um dos motores mais populares no mercado. A T-Motor actualizou e actualizou o seu motor Pacer para V3!","og_url":"https:\/\/iha-race.com\/pt-pt\/produto\/motor-t-motor-pacer-p2207-v3-1750kv-1950kv-2080kv-2550kv\/","og_site_name":"Iha Race","article_modified_time":"2024-11-13T10:42:26+00:00","og_image":[{"width":1000,"height":780,"url":"https:\/\/iha-race.com\/wp-content\/uploads\/2021\/03\/1648450889201132216.jpg","type":"image\/jpeg"}],"twitter_card":"summary_large_image","twitter_misc":{"Tempo estimado de leitura":"2 minutos"},"schema":{"@context":"https:\/\/schema.org","@graph":[{"@type":"WebPage","@id":"https:\/\/iha-race.com\/pt-pt\/produto\/motor-t-motor-pacer-p2207-v3-1750kv-1950kv-2080kv-2550kv\/","url":"https:\/\/iha-race.com\/pt-pt\/produto\/motor-t-motor-pacer-p2207-v3-1750kv-1950kv-2080kv-2550kv\/","name":"Motor T-Motor PACER P2207 V3 (1750kv\/1950kv\/2080kv\/2550kv) - Iha Race","isPartOf":{"@id":"https:\/\/iha-race.com\/pt-pt\/#website"},"primaryImageOfPage":{"@id":"https:\/\/iha-race.com\/pt-pt\/produto\/motor-t-motor-pacer-p2207-v3-1750kv-1950kv-2080kv-2550kv\/#primaryimage"},"image":{"@id":"https:\/\/iha-race.com\/pt-pt\/produto\/motor-t-motor-pacer-p2207-v3-1750kv-1950kv-2080kv-2550kv\/#primaryimage"},"thumbnailUrl":"https:\/\/iha-race.com\/wp-content\/uploads\/2021\/03\/1648450889201132216.jpg","datePublished":"2022-06-13T13:32:19+00:00","dateModified":"2024-11-13T10:42:26+00:00","breadcrumb":{"@id":"https:\/\/iha-race.com\/pt-pt\/produto\/motor-t-motor-pacer-p2207-v3-1750kv-1950kv-2080kv-2550kv\/#breadcrumb"},"inLanguage":"pt-PT","potentialAction":[{"@type":"ReadAction","target":["https:\/\/iha-race.com\/pt-pt\/produto\/motor-t-motor-pacer-p2207-v3-1750kv-1950kv-2080kv-2550kv\/"]}]},{"@type":"ImageObject","inLanguage":"pt-PT","@id":"https:\/\/iha-race.com\/pt-pt\/produto\/motor-t-motor-pacer-p2207-v3-1750kv-1950kv-2080kv-2550kv\/#primaryimage","url":"https:\/\/iha-race.com\/wp-content\/uploads\/2021\/03\/1648450889201132216.jpg","contentUrl":"https:\/\/iha-race.com\/wp-content\/uploads\/2021\/03\/1648450889201132216.jpg","width":1000,"height":780,"caption":"Comprar T-Motor PACER P2207 V3 2080Kv Motor"},{"@type":"BreadcrumbList","@id":"https:\/\/iha-race.com\/pt-pt\/produto\/motor-t-motor-pacer-p2207-v3-1750kv-1950kv-2080kv-2550kv\/#breadcrumb","itemListElement":[{"@type":"ListItem","position":1,"name":"Portada","item":"https:\/\/iha-race.com\/pt-pt\/elementor-499\/"},{"@type":"ListItem","position":2,"name":"Shop","item":"https:\/\/iha-race.com\/pt-pt\/shop\/"},{"@type":"ListItem","position":3,"name":"Motor T-Motor PACER P2207 V3 (1750kv\/1950kv\/2080kv\/2550kv)"}]},{"@type":"WebSite","@id":"https:\/\/iha-race.com\/pt-pt\/#website","url":"https:\/\/iha-race.com\/pt-pt\/","name":"Iha Race","description":"Comprar drones de carreras FPV env\u00edos en un d\u00eda desde Espa\u00f1a","publisher":{"@id":"https:\/\/iha-race.com\/pt-pt\/#organization"},"potentialAction":[{"@type":"SearchAction","target":{"@type":"EntryPoint","urlTemplate":"https:\/\/iha-race.com\/pt-pt\/?s={search_term_string}"},"query-input":{"@type":"PropertyValueSpecification","valueRequired":true,"valueName":"search_term_string"}}],"inLanguage":"pt-PT"},{"@type":"Organization","@id":"https:\/\/iha-race.com\/pt-pt\/#organization","name":"Iha Race","url":"https:\/\/iha-race.com\/pt-pt\/","logo":{"@type":"ImageObject","inLanguage":"pt-PT","@id":"https:\/\/iha-race.com\/pt-pt\/#\/schema\/logo\/image\/","url":"https:\/\/iha-race.com\/wp-content\/uploads\/2018\/07\/iha-race-drones-de-carreras-tienda-comprar-drones.png","contentUrl":"https:\/\/iha-race.com\/wp-content\/uploads\/2018\/07\/iha-race-drones-de-carreras-tienda-comprar-drones.png","width":300,"height":100,"caption":"Iha Race"},"image":{"@id":"https:\/\/iha-race.com\/pt-pt\/#\/schema\/logo\/image\/"}}]}},"jetpack_sharing_enabled":true,"brands":[],"_links":{"self":[{"href":"https:\/\/iha-race.com\/pt-pt\/wp-json\/wp\/v2\/product\/113633","targetHints":{"allow":["GET"]}}],"collection":[{"href":"https:\/\/iha-race.com\/pt-pt\/wp-json\/wp\/v2\/product"}],"about":[{"href":"https:\/\/iha-race.com\/pt-pt\/wp-json\/wp\/v2\/types\/product"}],"replies":[{"embeddable":true,"href":"https:\/\/iha-race.com\/pt-pt\/wp-json\/wp\/v2\/comments?post=113633"}],"version-history":[{"count":3,"href":"https:\/\/iha-race.com\/pt-pt\/wp-json\/wp\/v2\/product\/113633\/revisions"}],"predecessor-version":[{"id":247568,"href":"https:\/\/iha-race.com\/pt-pt\/wp-json\/wp\/v2\/product\/113633\/revisions\/247568"}],"wp:featuredmedia":[{"embeddable":true,"href":"https:\/\/iha-race.com\/pt-pt\/wp-json\/wp\/v2\/media\/109629"}],"wp:attachment":[{"href":"https:\/\/iha-race.com\/pt-pt\/wp-json\/wp\/v2\/media?parent=113633"}],"wp:term":[{"taxonomy":"pwb-brand","embeddable":true,"href":"https:\/\/iha-race.com\/pt-pt\/wp-json\/wp\/v2\/pwb-brand?post=113633"},{"taxonomy":"product_cat","embeddable":true,"href":"https:\/\/iha-race.com\/pt-pt\/wp-json\/wp\/v2\/product_cat?post=113633"},{"taxonomy":"product_tag","embeddable":true,"href":"https:\/\/iha-race.com\/pt-pt\/wp-json\/wp\/v2\/product_tag?post=113633"}],"curies":[{"name":"wp","href":"https:\/\/api.w.org\/{rel}","templated":true}]}}