{"id":113587,"date":"2021-04-16T10:51:12","date_gmt":"2021-04-16T08:51:12","guid":{"rendered":"https:\/\/iha-race.com\/producto\/motor-t-motor-f2004-1700kv-3000kv\/"},"modified":"2024-08-29T12:28:37","modified_gmt":"2024-08-29T10:28:37","slug":"motor-t-motor-f2004-1700kv-3000kv","status":"publish","type":"product","link":"https:\/\/iha-race.com\/pt-pt\/produto\/motor-t-motor-f2004-1700kv-3000kv\/","title":{"rendered":"Motor T-Motor F2004 (1700Kv\/3000Kv)"},"content":{"rendered":"<h2><span data-sheets-value=\"{\"1\":2,\"2\":\"Motor T-Motor F2004 (1700Kv\/3000Kv)\"}\" data-sheets-userformat=\"{\"2\":513,\"3\":{\"1\":0},\"12\":0}\">Motor T-Motor F2004 (1700Kv\/3000Kv)<\/span><\/h2>\n<p>  Obt\u00e9m um longo alcance com o T-Motor F2004 1700KV \/ 3000KV! Os motores F2004 v\u00eam com um novo design elegante e s\u00e3o fabricados com componentes premium para dar ao seu multirotor visibilidade e velocidade no jogo! Excelente para drones de estilo livre e de corrida, tais como drones de 3&#8243; e 4&#8243;-5&#8243; ou drones ultraleves!  <\/p>\n<h2>Especifica\u00e7\u00f5es<\/h2>\n<p><strong>KV:<\/strong> 1700KV  <\/p>\n<ul>\n<li><strong>Dimens\u00f5es do motor:<\/strong> \u03a624.3 * 17.25 mm<\/li>\n<li><strong>Chumbo: <\/strong> 24 # AWG 130 mm<\/li>\n<li><strong>Di\u00e2metro do eixo:<\/strong> 3 mm<\/li>\n<li><strong>Corrente inactiva (10):<\/strong> 0.38A<\/li>\n<li><strong>Pot\u00eancia m\u00e1xima (60s):<\/strong> 503W<\/li>\n<li><strong>Peso ( excluindo cabo ):<\/strong> 16,4 g<\/li>\n<li><strong>Resist\u00eancia interna<\/strong>: 221 m\u03a9<\/li>\n<li><strong>Configura\u00e7\u00e3o: <\/strong> 12N14P<\/li>\n<li><strong>Voltagem nominal (Lipo):<\/strong> 6S<\/li>\n<li><strong>Corrente m\u00e1xima (60 s):<\/strong> 21,2 A<\/li>\n<\/ul>\n<p><strong>KV:<\/strong> 3000KV  <\/p>\n<ul>\n<li><strong>Dimens\u00f5es do motor:<\/strong> \u03a624.3 * 17.25 mm<\/li>\n<li><strong>Chumbo: <\/strong> 24 # AWG 130 mm<\/li>\n<li><strong>Di\u00e2metro do eixo:<\/strong> 3 mm<\/li>\n<li><strong>Corrente inactiva (10):<\/strong> 0.88A<\/li>\n<li><strong>Pot\u00eancia m\u00e1xima (anos 60):<\/strong> 460W<\/li>\n<li><strong>Peso ( excluindo cabo ):<\/strong> 16,4 g<\/li>\n<li><strong>Resist\u00eancia interna<\/strong>: 90 m\u03a9<\/li>\n<li><strong>Configura\u00e7\u00e3o: <\/strong> 12N14P<\/li>\n<li><strong>Voltagem nominal (Lipo):<\/strong> 4-5S<\/li>\n<li><strong>Corrente m\u00e1xima (60 s):<\/strong> 30,1 A<\/li>\n<\/ul>\n<p><img fetchpriority=\"high\" decoding=\"async\" class=\"alignnone wp-image-63020 size-full\" src=\"https:\/\/iha-race.com\/wp-content\/uploads\/2021\/04\/Motor-T-Motor-F2004-1700Kv-3000Kv-carreras-largo-alcance.jpg\" alt=\"\" width=\"940\" height=\"900\" srcset=\"https:\/\/iha-race.com\/wp-content\/uploads\/2021\/04\/Motor-T-Motor-F2004-1700Kv-3000Kv-carreras-largo-alcance.jpg 940w, https:\/\/iha-race.com\/wp-content\/uploads\/2021\/04\/Motor-T-Motor-F2004-1700Kv-3000Kv-carreras-largo-alcance-600x574.jpg 600w, https:\/\/iha-race.com\/wp-content\/uploads\/2021\/04\/Motor-T-Motor-F2004-1700Kv-3000Kv-carreras-largo-alcance-300x287.jpg 300w, https:\/\/iha-race.com\/wp-content\/uploads\/2021\/04\/Motor-T-Motor-F2004-1700Kv-3000Kv-carreras-largo-alcance-1024x980.jpg 1024w, https:\/\/iha-race.com\/wp-content\/uploads\/2021\/04\/Motor-T-Motor-F2004-1700Kv-3000Kv-carreras-largo-alcance-768x735.jpg 768w, https:\/\/iha-race.com\/wp-content\/uploads\/2021\/04\/Motor-T-Motor-F2004-1700Kv-3000Kv-carreras-largo-alcance-1536x1471.jpg 1536w, https:\/\/iha-race.com\/wp-content\/uploads\/2021\/04\/Motor-T-Motor-F2004-1700Kv-3000Kv-carreras-largo-alcance-2048x1961.jpg 2048w, https:\/\/iha-race.com\/wp-content\/uploads\/2021\/04\/Motor-T-Motor-F2004-1700Kv-3000Kv-carreras-largo-alcance-788x754.jpg 788w\" sizes=\"(max-width: 940px) 100vw, 940px\" \/> <img decoding=\"async\" class=\"alignnone wp-image-63021 size-full\" src=\"https:\/\/iha-race.com\/wp-content\/uploads\/2021\/04\/Motor-T-Motor-F2004-1700Kv.jpg\" alt=\"\" width=\"940\" height=\"900\" srcset=\"https:\/\/iha-race.com\/wp-content\/uploads\/2021\/04\/Motor-T-Motor-F2004-1700Kv.jpg 940w, https:\/\/iha-race.com\/wp-content\/uploads\/2021\/04\/Motor-T-Motor-F2004-1700Kv-600x574.jpg 600w, https:\/\/iha-race.com\/wp-content\/uploads\/2021\/04\/Motor-T-Motor-F2004-1700Kv-300x287.jpg 300w, https:\/\/iha-race.com\/wp-content\/uploads\/2021\/04\/Motor-T-Motor-F2004-1700Kv-1024x980.jpg 1024w, https:\/\/iha-race.com\/wp-content\/uploads\/2021\/04\/Motor-T-Motor-F2004-1700Kv-768x735.jpg 768w, https:\/\/iha-race.com\/wp-content\/uploads\/2021\/04\/Motor-T-Motor-F2004-1700Kv-1536x1471.jpg 1536w, https:\/\/iha-race.com\/wp-content\/uploads\/2021\/04\/Motor-T-Motor-F2004-1700Kv-2048x1961.jpg 2048w, https:\/\/iha-race.com\/wp-content\/uploads\/2021\/04\/Motor-T-Motor-F2004-1700Kv-788x754.jpg 788w\" sizes=\"(max-width: 940px) 100vw, 940px\" \/> <img decoding=\"async\" class=\"alignnone wp-image-63022 size-full\" src=\"https:\/\/iha-race.com\/wp-content\/uploads\/2021\/04\/Motor-T-Motor-F2004-3000Kv.jpg\" alt=\"\" width=\"940\" height=\"900\" srcset=\"https:\/\/iha-race.com\/wp-content\/uploads\/2021\/04\/Motor-T-Motor-F2004-3000Kv.jpg 940w, https:\/\/iha-race.com\/wp-content\/uploads\/2021\/04\/Motor-T-Motor-F2004-3000Kv-600x574.jpg 600w, https:\/\/iha-race.com\/wp-content\/uploads\/2021\/04\/Motor-T-Motor-F2004-3000Kv-300x287.jpg 300w, https:\/\/iha-race.com\/wp-content\/uploads\/2021\/04\/Motor-T-Motor-F2004-3000Kv-1024x980.jpg 1024w, https:\/\/iha-race.com\/wp-content\/uploads\/2021\/04\/Motor-T-Motor-F2004-3000Kv-768x735.jpg 768w, https:\/\/iha-race.com\/wp-content\/uploads\/2021\/04\/Motor-T-Motor-F2004-3000Kv-1536x1471.jpg 1536w, https:\/\/iha-race.com\/wp-content\/uploads\/2021\/04\/Motor-T-Motor-F2004-3000Kv-2048x1961.jpg 2048w, https:\/\/iha-race.com\/wp-content\/uploads\/2021\/04\/Motor-T-Motor-F2004-3000Kv-788x754.jpg 788w\" sizes=\"(max-width: 940px) 100vw, 940px\" \/> <img loading=\"lazy\" decoding=\"async\" class=\"alignnone wp-image-63023 size-full\" src=\"https:\/\/iha-race.com\/wp-content\/uploads\/2021\/04\/Motor-T-Motor-F2004-1700Kv-3000Kv-pequeno-abundante-energia.jpg\" alt=\"\" width=\"940\" height=\"900\" srcset=\"https:\/\/iha-race.com\/wp-content\/uploads\/2021\/04\/Motor-T-Motor-F2004-1700Kv-3000Kv-pequeno-abundante-energia.jpg 940w, https:\/\/iha-race.com\/wp-content\/uploads\/2021\/04\/Motor-T-Motor-F2004-1700Kv-3000Kv-pequeno-abundante-energia-600x574.jpg 600w, https:\/\/iha-race.com\/wp-content\/uploads\/2021\/04\/Motor-T-Motor-F2004-1700Kv-3000Kv-pequeno-abundante-energia-300x287.jpg 300w, https:\/\/iha-race.com\/wp-content\/uploads\/2021\/04\/Motor-T-Motor-F2004-1700Kv-3000Kv-pequeno-abundante-energia-1024x980.jpg 1024w, https:\/\/iha-race.com\/wp-content\/uploads\/2021\/04\/Motor-T-Motor-F2004-1700Kv-3000Kv-pequeno-abundante-energia-768x735.jpg 768w, https:\/\/iha-race.com\/wp-content\/uploads\/2021\/04\/Motor-T-Motor-F2004-1700Kv-3000Kv-pequeno-abundante-energia-1536x1471.jpg 1536w, https:\/\/iha-race.com\/wp-content\/uploads\/2021\/04\/Motor-T-Motor-F2004-1700Kv-3000Kv-pequeno-abundante-energia-2048x1961.jpg 2048w, https:\/\/iha-race.com\/wp-content\/uploads\/2021\/04\/Motor-T-Motor-F2004-1700Kv-3000Kv-pequeno-abundante-energia-788x754.jpg 788w\" sizes=\"(max-width: 940px) 100vw, 940px\" \/> <img loading=\"lazy\" decoding=\"async\" class=\"alignnone wp-image-63024 size-full\" src=\"https:\/\/iha-race.com\/wp-content\/uploads\/2021\/04\/Motor-T-Motor-F2004-1700Kv-3000Kv-eje-15mm.jpg\" alt=\"\" width=\"940\" height=\"900\" srcset=\"https:\/\/iha-race.com\/wp-content\/uploads\/2021\/04\/Motor-T-Motor-F2004-1700Kv-3000Kv-eje-15mm.jpg 940w, https:\/\/iha-race.com\/wp-content\/uploads\/2021\/04\/Motor-T-Motor-F2004-1700Kv-3000Kv-eje-15mm-600x574.jpg 600w, https:\/\/iha-race.com\/wp-content\/uploads\/2021\/04\/Motor-T-Motor-F2004-1700Kv-3000Kv-eje-15mm-300x287.jpg 300w, https:\/\/iha-race.com\/wp-content\/uploads\/2021\/04\/Motor-T-Motor-F2004-1700Kv-3000Kv-eje-15mm-1024x980.jpg 1024w, https:\/\/iha-race.com\/wp-content\/uploads\/2021\/04\/Motor-T-Motor-F2004-1700Kv-3000Kv-eje-15mm-768x735.jpg 768w, https:\/\/iha-race.com\/wp-content\/uploads\/2021\/04\/Motor-T-Motor-F2004-1700Kv-3000Kv-eje-15mm-1536x1471.jpg 1536w, https:\/\/iha-race.com\/wp-content\/uploads\/2021\/04\/Motor-T-Motor-F2004-1700Kv-3000Kv-eje-15mm-2048x1961.jpg 2048w, https:\/\/iha-race.com\/wp-content\/uploads\/2021\/04\/Motor-T-Motor-F2004-1700Kv-3000Kv-eje-15mm-788x754.jpg 788w\" sizes=\"(max-width: 940px) 100vw, 940px\" \/><\/p>\n<p><img loading=\"lazy\" decoding=\"async\" class=\"alignnone wp-image-216410 size-full\" src=\"https:\/\/iha-race.com\/wp-content\/uploads\/2021\/04\/1609397063825329.jpg\" alt=\"\" width=\"940\" height=\"606\" srcset=\"https:\/\/iha-race.com\/wp-content\/uploads\/2021\/04\/1609397063825329.jpg 940w, https:\/\/iha-race.com\/wp-content\/uploads\/2021\/04\/1609397063825329-150x97.jpg 150w, https:\/\/iha-race.com\/wp-content\/uploads\/2021\/04\/1609397063825329-600x387.jpg 600w, https:\/\/iha-race.com\/wp-content\/uploads\/2021\/04\/1609397063825329-300x193.jpg 300w, https:\/\/iha-race.com\/wp-content\/uploads\/2021\/04\/1609397063825329-1024x660.jpg 1024w, https:\/\/iha-race.com\/wp-content\/uploads\/2021\/04\/1609397063825329-768x495.jpg 768w, https:\/\/iha-race.com\/wp-content\/uploads\/2021\/04\/1609397063825329-1536x990.jpg 1536w, https:\/\/iha-race.com\/wp-content\/uploads\/2021\/04\/1609397063825329-2048x1320.jpg 2048w, https:\/\/iha-race.com\/wp-content\/uploads\/2021\/04\/1609397063825329-233x150.jpg 233w, https:\/\/iha-race.com\/wp-content\/uploads\/2021\/04\/1609397063825329-100x64.jpg 100w, https:\/\/iha-race.com\/wp-content\/uploads\/2021\/04\/1609397063825329-543x350.jpg 543w, https:\/\/iha-race.com\/wp-content\/uploads\/2021\/04\/1609397063825329-788x508.jpg 788w\" sizes=\"(max-width: 940px) 100vw, 940px\" \/><\/p>\n<p><img loading=\"lazy\" decoding=\"async\" class=\"alignnone wp-image-216414 size-full\" src=\"https:\/\/iha-race.com\/wp-content\/uploads\/2021\/04\/1609397063572321.jpg\" alt=\"\" width=\"940\" height=\"606\" srcset=\"https:\/\/iha-race.com\/wp-content\/uploads\/2021\/04\/1609397063572321.jpg 940w, https:\/\/iha-race.com\/wp-content\/uploads\/2021\/04\/1609397063572321-150x97.jpg 150w, https:\/\/iha-race.com\/wp-content\/uploads\/2021\/04\/1609397063572321-600x387.jpg 600w, https:\/\/iha-race.com\/wp-content\/uploads\/2021\/04\/1609397063572321-300x193.jpg 300w, https:\/\/iha-race.com\/wp-content\/uploads\/2021\/04\/1609397063572321-1024x660.jpg 1024w, https:\/\/iha-race.com\/wp-content\/uploads\/2021\/04\/1609397063572321-768x495.jpg 768w, https:\/\/iha-race.com\/wp-content\/uploads\/2021\/04\/1609397063572321-1536x990.jpg 1536w, https:\/\/iha-race.com\/wp-content\/uploads\/2021\/04\/1609397063572321-2048x1320.jpg 2048w, https:\/\/iha-race.com\/wp-content\/uploads\/2021\/04\/1609397063572321-233x150.jpg 233w, https:\/\/iha-race.com\/wp-content\/uploads\/2021\/04\/1609397063572321-100x64.jpg 100w, https:\/\/iha-race.com\/wp-content\/uploads\/2021\/04\/1609397063572321-543x350.jpg 543w, https:\/\/iha-race.com\/wp-content\/uploads\/2021\/04\/1609397063572321-788x508.jpg 788w\" sizes=\"(max-width: 940px) 100vw, 940px\" \/><\/p>\n<p><img loading=\"lazy\" decoding=\"async\" class=\"alignnone wp-image-216418 size-full\" src=\"https:\/\/iha-race.com\/wp-content\/uploads\/2021\/04\/1609397063590181.jpg\" alt=\"\" width=\"940\" height=\"606\" srcset=\"https:\/\/iha-race.com\/wp-content\/uploads\/2021\/04\/1609397063590181.jpg 940w, https:\/\/iha-race.com\/wp-content\/uploads\/2021\/04\/1609397063590181-150x97.jpg 150w, https:\/\/iha-race.com\/wp-content\/uploads\/2021\/04\/1609397063590181-600x387.jpg 600w, https:\/\/iha-race.com\/wp-content\/uploads\/2021\/04\/1609397063590181-300x193.jpg 300w, https:\/\/iha-race.com\/wp-content\/uploads\/2021\/04\/1609397063590181-1024x660.jpg 1024w, https:\/\/iha-race.com\/wp-content\/uploads\/2021\/04\/1609397063590181-768x495.jpg 768w, https:\/\/iha-race.com\/wp-content\/uploads\/2021\/04\/1609397063590181-1536x990.jpg 1536w, https:\/\/iha-race.com\/wp-content\/uploads\/2021\/04\/1609397063590181-2048x1320.jpg 2048w, https:\/\/iha-race.com\/wp-content\/uploads\/2021\/04\/1609397063590181-233x150.jpg 233w, https:\/\/iha-race.com\/wp-content\/uploads\/2021\/04\/1609397063590181-100x64.jpg 100w, https:\/\/iha-race.com\/wp-content\/uploads\/2021\/04\/1609397063590181-543x350.jpg 543w, https:\/\/iha-race.com\/wp-content\/uploads\/2021\/04\/1609397063590181-788x508.jpg 788w\" sizes=\"(max-width: 940px) 100vw, 940px\" \/><\/p>\n<h2>O pacote inclui:<\/h2>\n<ul>\n<li>1 x Motor T-Motor F2004 (1700Kv\/3000Kv)<\/li>\n<\/ul>\n","protected":false},"excerpt":{"rendered":"<p>Os motores Ultralight F2004 da T-Motor v\u00eam com um novo design elegante e s\u00e3o ideais para drones de estilo livre e de corrida, tais como os de 3&#8243; cine-whoops e os de 4&#8243; -5&#8243; constru\u00eddos com palitos de dentes ou drones ultraleves.<\/p>\n","protected":false},"featured_media":98799,"comment_status":"open","ping_status":"closed","template":"","meta":{"_joinchat":[]},"pwb-brand":[],"product_cat":[46,2476],"product_tag":[],"class_list":{"0":"post-113587","1":"product","2":"type-product","3":"status-publish","4":"has-post-thumbnail","6":"product_cat-motores","7":"product_cat-sin-escobillas-sin-eje","9":"first","10":"instock","11":"taxable","12":"shipping-taxable","13":"purchasable","14":"product-type-variable"},"barcode":null,"atum_controlled":true,"out_stock_date":null,"out_stock_threshold":null,"inheritable":true,"stock_on_hold":0,"sold_today":8,"sales_last_days":13,"out_stock_days":0,"lost_sales":0,"update_date":"2026-03-06T14:51:05","atum_locations":[],"atum_stock_status":"instock","restock_status":false,"low_stock_amount":"","sales_update_date":"2025-05-22T08:43:52","calc_backorders":null,"yoast_head":"<!-- This site is optimized with the Yoast SEO plugin v27.3 - https:\/\/yoast.com\/product\/yoast-seo-wordpress\/ -->\n<title>Motor T-Motor F2004 (1700Kv\/3000Kv) - Iha Race<\/title>\n<meta name=\"robots\" content=\"index, follow, max-snippet:-1, max-image-preview:large, max-video-preview:-1\" \/>\n<link rel=\"canonical\" href=\"https:\/\/iha-race.com\/pt-pt\/produto\/motor-t-motor-f2004-1700kv-3000kv\/\" \/>\n<meta property=\"og:locale\" content=\"pt_PT\" \/>\n<meta property=\"og:type\" content=\"article\" \/>\n<meta property=\"og:title\" content=\"Motor T-Motor F2004 (1700Kv\/3000Kv) - Iha Race\" \/>\n<meta property=\"og:description\" content=\"Os motores Ultralight F2004 da T-Motor v\u00eam com um novo design elegante e s\u00e3o ideais para drones de estilo livre e de corrida, tais como os de 3&quot; cine-whoops e os de 4&quot; -5&quot; constru\u00eddos com palitos de dentes ou drones ultraleves.\" \/>\n<meta property=\"og:url\" content=\"https:\/\/iha-race.com\/pt-pt\/produto\/motor-t-motor-f2004-1700kv-3000kv\/\" \/>\n<meta property=\"og:site_name\" content=\"Iha Race\" \/>\n<meta property=\"article:modified_time\" content=\"2024-08-29T10:28:37+00:00\" \/>\n<meta property=\"og:image\" content=\"https:\/\/iha-race.com\/wp-content\/uploads\/2021\/04\/Motor-T-Motor-F2004-1700Kv-3000Kv.jpg\" \/>\n\t<meta property=\"og:image:width\" content=\"1000\" \/>\n\t<meta property=\"og:image:height\" content=\"1000\" \/>\n\t<meta property=\"og:image:type\" content=\"image\/jpeg\" \/>\n<meta name=\"twitter:card\" content=\"summary_large_image\" \/>\n<meta name=\"twitter:label1\" content=\"Tempo estimado de leitura\" \/>\n\t<meta name=\"twitter:data1\" content=\"1 minuto\" \/>\n<script type=\"application\/ld+json\" class=\"yoast-schema-graph\">{\"@context\":\"https:\\\/\\\/schema.org\",\"@graph\":[{\"@type\":\"WebPage\",\"@id\":\"https:\\\/\\\/iha-race.com\\\/pt-pt\\\/produto\\\/motor-t-motor-f2004-1700kv-3000kv\\\/\",\"url\":\"https:\\\/\\\/iha-race.com\\\/pt-pt\\\/produto\\\/motor-t-motor-f2004-1700kv-3000kv\\\/\",\"name\":\"Motor T-Motor F2004 (1700Kv\\\/3000Kv) - Iha Race\",\"isPartOf\":{\"@id\":\"https:\\\/\\\/iha-race.com\\\/pt-pt\\\/#website\"},\"primaryImageOfPage\":{\"@id\":\"https:\\\/\\\/iha-race.com\\\/pt-pt\\\/produto\\\/motor-t-motor-f2004-1700kv-3000kv\\\/#primaryimage\"},\"image\":{\"@id\":\"https:\\\/\\\/iha-race.com\\\/pt-pt\\\/produto\\\/motor-t-motor-f2004-1700kv-3000kv\\\/#primaryimage\"},\"thumbnailUrl\":\"https:\\\/\\\/iha-race.com\\\/wp-content\\\/uploads\\\/2021\\\/04\\\/Motor-T-Motor-F2004-1700Kv-3000Kv.jpg\",\"datePublished\":\"2021-04-16T08:51:12+00:00\",\"dateModified\":\"2024-08-29T10:28:37+00:00\",\"breadcrumb\":{\"@id\":\"https:\\\/\\\/iha-race.com\\\/pt-pt\\\/produto\\\/motor-t-motor-f2004-1700kv-3000kv\\\/#breadcrumb\"},\"inLanguage\":\"pt-PT\",\"potentialAction\":[{\"@type\":\"ReadAction\",\"target\":[\"https:\\\/\\\/iha-race.com\\\/pt-pt\\\/produto\\\/motor-t-motor-f2004-1700kv-3000kv\\\/\"]}]},{\"@type\":\"ImageObject\",\"inLanguage\":\"pt-PT\",\"@id\":\"https:\\\/\\\/iha-race.com\\\/pt-pt\\\/produto\\\/motor-t-motor-f2004-1700kv-3000kv\\\/#primaryimage\",\"url\":\"https:\\\/\\\/iha-race.com\\\/wp-content\\\/uploads\\\/2021\\\/04\\\/Motor-T-Motor-F2004-1700Kv-3000Kv.jpg\",\"contentUrl\":\"https:\\\/\\\/iha-race.com\\\/wp-content\\\/uploads\\\/2021\\\/04\\\/Motor-T-Motor-F2004-1700Kv-3000Kv.jpg\",\"width\":1000,\"height\":1000,\"caption\":\"comprar o motor mais barato T-Motor F2004 (1700Kv\\\/3000Kv)\"},{\"@type\":\"BreadcrumbList\",\"@id\":\"https:\\\/\\\/iha-race.com\\\/pt-pt\\\/produto\\\/motor-t-motor-f2004-1700kv-3000kv\\\/#breadcrumb\",\"itemListElement\":[{\"@type\":\"ListItem\",\"position\":1,\"name\":\"Portada\",\"item\":\"https:\\\/\\\/iha-race.com\\\/pt-pt\\\/elementor-499\\\/\"},{\"@type\":\"ListItem\",\"position\":2,\"name\":\"Shop\",\"item\":\"https:\\\/\\\/iha-race.com\\\/pt-pt\\\/shop\\\/\"},{\"@type\":\"ListItem\",\"position\":3,\"name\":\"Motor T-Motor F2004 (1700Kv\\\/3000Kv)\"}]},{\"@type\":\"WebSite\",\"@id\":\"https:\\\/\\\/iha-race.com\\\/pt-pt\\\/#website\",\"url\":\"https:\\\/\\\/iha-race.com\\\/pt-pt\\\/\",\"name\":\"Iha Race\",\"description\":\"Comprar drones de carreras FPV env\u00edos en un d\u00eda desde Espa\u00f1a\",\"publisher\":{\"@id\":\"https:\\\/\\\/iha-race.com\\\/pt-pt\\\/#organization\"},\"potentialAction\":[{\"@type\":\"SearchAction\",\"target\":{\"@type\":\"EntryPoint\",\"urlTemplate\":\"https:\\\/\\\/iha-race.com\\\/pt-pt\\\/?s={search_term_string}\"},\"query-input\":{\"@type\":\"PropertyValueSpecification\",\"valueRequired\":true,\"valueName\":\"search_term_string\"}}],\"inLanguage\":\"pt-PT\"},{\"@type\":\"Organization\",\"@id\":\"https:\\\/\\\/iha-race.com\\\/pt-pt\\\/#organization\",\"name\":\"Iha Race\",\"url\":\"https:\\\/\\\/iha-race.com\\\/pt-pt\\\/\",\"logo\":{\"@type\":\"ImageObject\",\"inLanguage\":\"pt-PT\",\"@id\":\"https:\\\/\\\/iha-race.com\\\/pt-pt\\\/#\\\/schema\\\/logo\\\/image\\\/\",\"url\":\"https:\\\/\\\/iha-race.com\\\/wp-content\\\/uploads\\\/2018\\\/07\\\/iha-race-drones-de-carreras-tienda-comprar-drones.png\",\"contentUrl\":\"https:\\\/\\\/iha-race.com\\\/wp-content\\\/uploads\\\/2018\\\/07\\\/iha-race-drones-de-carreras-tienda-comprar-drones.png\",\"width\":300,\"height\":100,\"caption\":\"Iha Race\"},\"image\":{\"@id\":\"https:\\\/\\\/iha-race.com\\\/pt-pt\\\/#\\\/schema\\\/logo\\\/image\\\/\"}}]}<\/script>\n<!-- \/ Yoast SEO plugin. -->","yoast_head_json":{"title":"Motor T-Motor F2004 (1700Kv\/3000Kv) - Iha Race","robots":{"index":"index","follow":"follow","max-snippet":"max-snippet:-1","max-image-preview":"max-image-preview:large","max-video-preview":"max-video-preview:-1"},"canonical":"https:\/\/iha-race.com\/pt-pt\/produto\/motor-t-motor-f2004-1700kv-3000kv\/","og_locale":"pt_PT","og_type":"article","og_title":"Motor T-Motor F2004 (1700Kv\/3000Kv) - Iha Race","og_description":"Os motores Ultralight F2004 da T-Motor v\u00eam com um novo design elegante e s\u00e3o ideais para drones de estilo livre e de corrida, tais como os de 3\" cine-whoops e os de 4\" -5\" constru\u00eddos com palitos de dentes ou drones ultraleves.","og_url":"https:\/\/iha-race.com\/pt-pt\/produto\/motor-t-motor-f2004-1700kv-3000kv\/","og_site_name":"Iha Race","article_modified_time":"2024-08-29T10:28:37+00:00","og_image":[{"width":1000,"height":1000,"url":"https:\/\/iha-race.com\/wp-content\/uploads\/2021\/04\/Motor-T-Motor-F2004-1700Kv-3000Kv.jpg","type":"image\/jpeg"}],"twitter_card":"summary_large_image","twitter_misc":{"Tempo estimado de leitura":"1 minuto"},"schema":{"@context":"https:\/\/schema.org","@graph":[{"@type":"WebPage","@id":"https:\/\/iha-race.com\/pt-pt\/produto\/motor-t-motor-f2004-1700kv-3000kv\/","url":"https:\/\/iha-race.com\/pt-pt\/produto\/motor-t-motor-f2004-1700kv-3000kv\/","name":"Motor T-Motor F2004 (1700Kv\/3000Kv) - Iha Race","isPartOf":{"@id":"https:\/\/iha-race.com\/pt-pt\/#website"},"primaryImageOfPage":{"@id":"https:\/\/iha-race.com\/pt-pt\/produto\/motor-t-motor-f2004-1700kv-3000kv\/#primaryimage"},"image":{"@id":"https:\/\/iha-race.com\/pt-pt\/produto\/motor-t-motor-f2004-1700kv-3000kv\/#primaryimage"},"thumbnailUrl":"https:\/\/iha-race.com\/wp-content\/uploads\/2021\/04\/Motor-T-Motor-F2004-1700Kv-3000Kv.jpg","datePublished":"2021-04-16T08:51:12+00:00","dateModified":"2024-08-29T10:28:37+00:00","breadcrumb":{"@id":"https:\/\/iha-race.com\/pt-pt\/produto\/motor-t-motor-f2004-1700kv-3000kv\/#breadcrumb"},"inLanguage":"pt-PT","potentialAction":[{"@type":"ReadAction","target":["https:\/\/iha-race.com\/pt-pt\/produto\/motor-t-motor-f2004-1700kv-3000kv\/"]}]},{"@type":"ImageObject","inLanguage":"pt-PT","@id":"https:\/\/iha-race.com\/pt-pt\/produto\/motor-t-motor-f2004-1700kv-3000kv\/#primaryimage","url":"https:\/\/iha-race.com\/wp-content\/uploads\/2021\/04\/Motor-T-Motor-F2004-1700Kv-3000Kv.jpg","contentUrl":"https:\/\/iha-race.com\/wp-content\/uploads\/2021\/04\/Motor-T-Motor-F2004-1700Kv-3000Kv.jpg","width":1000,"height":1000,"caption":"comprar o motor mais barato T-Motor F2004 (1700Kv\/3000Kv)"},{"@type":"BreadcrumbList","@id":"https:\/\/iha-race.com\/pt-pt\/produto\/motor-t-motor-f2004-1700kv-3000kv\/#breadcrumb","itemListElement":[{"@type":"ListItem","position":1,"name":"Portada","item":"https:\/\/iha-race.com\/pt-pt\/elementor-499\/"},{"@type":"ListItem","position":2,"name":"Shop","item":"https:\/\/iha-race.com\/pt-pt\/shop\/"},{"@type":"ListItem","position":3,"name":"Motor T-Motor F2004 (1700Kv\/3000Kv)"}]},{"@type":"WebSite","@id":"https:\/\/iha-race.com\/pt-pt\/#website","url":"https:\/\/iha-race.com\/pt-pt\/","name":"Iha Race","description":"Comprar drones de carreras FPV env\u00edos en un d\u00eda desde Espa\u00f1a","publisher":{"@id":"https:\/\/iha-race.com\/pt-pt\/#organization"},"potentialAction":[{"@type":"SearchAction","target":{"@type":"EntryPoint","urlTemplate":"https:\/\/iha-race.com\/pt-pt\/?s={search_term_string}"},"query-input":{"@type":"PropertyValueSpecification","valueRequired":true,"valueName":"search_term_string"}}],"inLanguage":"pt-PT"},{"@type":"Organization","@id":"https:\/\/iha-race.com\/pt-pt\/#organization","name":"Iha Race","url":"https:\/\/iha-race.com\/pt-pt\/","logo":{"@type":"ImageObject","inLanguage":"pt-PT","@id":"https:\/\/iha-race.com\/pt-pt\/#\/schema\/logo\/image\/","url":"https:\/\/iha-race.com\/wp-content\/uploads\/2018\/07\/iha-race-drones-de-carreras-tienda-comprar-drones.png","contentUrl":"https:\/\/iha-race.com\/wp-content\/uploads\/2018\/07\/iha-race-drones-de-carreras-tienda-comprar-drones.png","width":300,"height":100,"caption":"Iha Race"},"image":{"@id":"https:\/\/iha-race.com\/pt-pt\/#\/schema\/logo\/image\/"}}]}},"jetpack_sharing_enabled":true,"brands":[],"_links":{"self":[{"href":"https:\/\/iha-race.com\/pt-pt\/wp-json\/wp\/v2\/product\/113587","targetHints":{"allow":["GET"]}}],"collection":[{"href":"https:\/\/iha-race.com\/pt-pt\/wp-json\/wp\/v2\/product"}],"about":[{"href":"https:\/\/iha-race.com\/pt-pt\/wp-json\/wp\/v2\/types\/product"}],"replies":[{"embeddable":true,"href":"https:\/\/iha-race.com\/pt-pt\/wp-json\/wp\/v2\/comments?post=113587"}],"version-history":[{"count":4,"href":"https:\/\/iha-race.com\/pt-pt\/wp-json\/wp\/v2\/product\/113587\/revisions"}],"predecessor-version":[{"id":249553,"href":"https:\/\/iha-race.com\/pt-pt\/wp-json\/wp\/v2\/product\/113587\/revisions\/249553"}],"wp:featuredmedia":[{"embeddable":true,"href":"https:\/\/iha-race.com\/pt-pt\/wp-json\/wp\/v2\/media\/98799"}],"wp:attachment":[{"href":"https:\/\/iha-race.com\/pt-pt\/wp-json\/wp\/v2\/media?parent=113587"}],"wp:term":[{"taxonomy":"pwb-brand","embeddable":true,"href":"https:\/\/iha-race.com\/pt-pt\/wp-json\/wp\/v2\/pwb-brand?post=113587"},{"taxonomy":"product_cat","embeddable":true,"href":"https:\/\/iha-race.com\/pt-pt\/wp-json\/wp\/v2\/product_cat?post=113587"},{"taxonomy":"product_tag","embeddable":true,"href":"https:\/\/iha-race.com\/pt-pt\/wp-json\/wp\/v2\/product_tag?post=113587"}],"curies":[{"name":"wp","href":"https:\/\/api.w.org\/{rel}","templated":true}]}}