{"id":113579,"date":"2021-04-13T16:46:24","date_gmt":"2021-04-13T14:46:24","guid":{"rendered":"https:\/\/iha-race.com\/producto\/amplificador-de-voltagem-matek-1s-li-a-5v\/"},"modified":"2024-08-29T12:29:04","modified_gmt":"2024-08-29T10:29:04","slug":"voltagem-amplificador-matek-1s-li-a-5v","status":"publish","type":"product","link":"https:\/\/iha-race.com\/pt-pt\/produto\/voltagem-amplificador-matek-1s-li-a-5v\/","title":{"rendered":"Amplificador de voltagem Matek 1S Li a 5V"},"content":{"rendered":"<h2>Amplificador de voltagem Matek 1S Li a 5V<\/h2>\n<p id=\"tw-target-text\" class=\"tw-data-text tw-text-large XcVN5d tw-ta\" dir=\"ltr\" data-placeholder=\"Traducci\u00f3n\"><span class=\"Y2IQFc\" lang=\"es\">VB2A5 \u00e9 um conversor de impulso s\u00edncrono compacto e de alta efici\u00eancia para baterias de \u00edons de l\u00edtio\/pol\u00edmero de c\u00e9lula \u00fanica. Pode aumentar a voltagem para 5V, permitindo-lhe executar um receptor numa lipoaspira\u00e7\u00e3o de uma \u00fanica c\u00e9lula.<\/span><\/p>\n<h2 dir=\"ltr\" data-placeholder=\"Traducci\u00f3n\">Caracter\u00edsticas:<\/h2>\n<ul>\n<li id=\"tw-target-text\" class=\"tw-data-text tw-text-large XcVN5d tw-ta\" dir=\"ltr\" data-placeholder=\"Traducci\u00f3n\"><span class=\"Y2IQFc\" lang=\"es\">Utilizado para Li-ion de 1 c\u00e9lula ou LiPo.  <\/span><\/li>\n<li class=\"tw-data-text tw-text-large XcVN5d tw-ta\" dir=\"ltr\" data-placeholder=\"Traducci\u00f3n\"><span class=\"Y2IQFc\" lang=\"es\">Conversor s\u00edncrono step-up.  <\/span><\/li>\n<li class=\"tw-data-text tw-text-large XcVN5d tw-ta\" dir=\"ltr\" data-placeholder=\"Traducci\u00f3n\"><span class=\"Y2IQFc\" lang=\"es\">Corrente de sa\u00edda garantida de 2A em VOUT = 5V a partir de 3,3V de entrada  <\/span><\/li>\n<li class=\"tw-data-text tw-text-large XcVN5d tw-ta\" dir=\"ltr\" data-placeholder=\"Traducci\u00f3n\"><span class=\"Y2IQFc\" lang=\"es\">Protec\u00e7\u00e3o de invers\u00e3o da polaridade de entrada.  <\/span><\/li>\n<li class=\"tw-data-text tw-text-large XcVN5d tw-ta\" dir=\"ltr\" data-placeholder=\"Traducci\u00f3n\"><span class=\"Y2IQFc\" lang=\"es\">Protec\u00e7\u00e3o contra o sobreaquecimento.<\/span><\/li>\n<\/ul>\n<h2>Especifica\u00e7\u00f5es:<\/h2>\n<ul>\n<li id=\"tw-target-text\" class=\"tw-data-text tw-text-large XcVN5d tw-ta\" dir=\"ltr\" data-placeholder=\"Traducci\u00f3n\"><span class=\"Y2IQFc\" lang=\"es\">Gama de tens\u00e3o de entrada: 3 ~ 4,2 V DC  <\/span><\/li>\n<li class=\"tw-data-text tw-text-large XcVN5d tw-ta\" dir=\"ltr\" data-placeholder=\"Traducci\u00f3n\"><span class=\"Y2IQFc\" lang=\"es\">Sa\u00edda: 5 V 2A  <\/span><\/li>\n<li class=\"tw-data-text tw-text-large XcVN5d tw-ta\" dir=\"ltr\" data-placeholder=\"Traducci\u00f3n\"><span class=\"Y2IQFc\" lang=\"es\">Corrente em espera: &lt;5mA  <\/span><\/li>\n<li class=\"tw-data-text tw-text-large XcVN5d tw-ta\" dir=\"ltr\" data-placeholder=\"Traducci\u00f3n\"><span class=\"Y2IQFc\" lang=\"es\">Espa\u00e7amento dos pinos: 2,54 mm  <\/span><\/li>\n<li class=\"tw-data-text tw-text-large XcVN5d tw-ta\" dir=\"ltr\" data-placeholder=\"Traducci\u00f3n\"><span class=\"Y2IQFc\" lang=\"es\">Tamanho e peso: 27x15x3 mm, 2g<\/span><\/li>\n<\/ul>\n<p><img fetchpriority=\"high\" decoding=\"async\" class=\"alignnone wp-image-62915 size-full\" src=\"https:\/\/iha-race.com\/wp-content\/uploads\/2021\/04\/Esquema-y-diseno.jpg\" alt=\"\" width=\"736\" height=\"271\" srcset=\"https:\/\/iha-race.com\/wp-content\/uploads\/2021\/04\/Esquema-y-diseno.jpg 736w, https:\/\/iha-race.com\/wp-content\/uploads\/2021\/04\/Esquema-y-diseno-597x220.jpg 597w, https:\/\/iha-race.com\/wp-content\/uploads\/2021\/04\/Esquema-y-diseno-300x110.jpg 300w, https:\/\/iha-race.com\/wp-content\/uploads\/2021\/04\/Esquema-y-diseno-1024x377.jpg 1024w, https:\/\/iha-race.com\/wp-content\/uploads\/2021\/04\/Esquema-y-diseno-766x282.jpg 766w, https:\/\/iha-race.com\/wp-content\/uploads\/2021\/04\/Esquema-y-diseno-1536x566.jpg 1536w, https:\/\/iha-race.com\/wp-content\/uploads\/2021\/04\/Esquema-y-diseno-2048x754.jpg 2048w, https:\/\/iha-race.com\/wp-content\/uploads\/2021\/04\/Esquema-y-diseno-788x290.jpg 788w\" sizes=\"(max-width: 736px) 100vw, 736px\" \/><\/p>\n<h2>O pacote inclui:<\/h2>\n<ul>\n<li>1 x Amplificador de voltagem Matek 1S Li a 5V<\/li>\n<\/ul>\n<p dir=\"ltr\" data-placeholder=\"Traducci\u00f3n\">\n","protected":false},"excerpt":{"rendered":"<p>Amplificador de voltagem Matek 1S Li a 5V VB2A5 \u00e9 um conversor de impulso s\u00edncrono compacto e de alta efici\u00eancia para baterias de \u00edons de l\u00edtio\/pol\u00edmero de c\u00e9lula \u00fanica. Pode<\/p>\n","protected":false},"featured_media":98661,"comment_status":"open","ping_status":"closed","template":"","meta":{"_joinchat":[]},"pwb-brand":[],"product_cat":[2469,1118],"product_tag":[],"class_list":{"0":"post-113579","1":"product","2":"type-product","3":"status-publish","4":"has-post-thumbnail","6":"product_cat-bec-pt-pt","7":"product_cat-fpv-electronica-e-acessorios","9":"first","10":"instock","11":"taxable","12":"shipping-taxable","13":"purchasable","14":"product-type-simple"},"barcode":null,"atum_controlled":true,"out_stock_date":null,"out_stock_threshold":null,"inheritable":false,"stock_on_hold":0,"sold_today":0,"sales_last_days":0,"out_stock_days":0,"lost_sales":0,"update_date":"2026-04-18T09:22:06","atum_locations":[],"atum_stock_status":"instock","restock_status":false,"low_stock_amount":"","sales_update_date":"2026-04-18T09:22:06","calc_backorders":null,"yoast_head":"<!-- This site is optimized with the Yoast SEO plugin v27.3 - https:\/\/yoast.com\/product\/yoast-seo-wordpress\/ -->\n<title>Amplificador de voltagem Matek 1S Li a 5V - Iha Race<\/title>\n<meta name=\"robots\" content=\"index, follow, max-snippet:-1, max-image-preview:large, max-video-preview:-1\" \/>\n<link rel=\"canonical\" href=\"https:\/\/iha-race.com\/pt-pt\/produto\/voltagem-amplificador-matek-1s-li-a-5v\/\" \/>\n<meta property=\"og:locale\" content=\"pt_PT\" \/>\n<meta property=\"og:type\" content=\"article\" \/>\n<meta property=\"og:title\" content=\"Amplificador de voltagem Matek 1S Li a 5V - Iha Race\" \/>\n<meta property=\"og:description\" content=\"Amplificador de voltagem Matek 1S Li a 5V VB2A5 \u00e9 um conversor de impulso s\u00edncrono compacto e de alta efici\u00eancia para baterias de \u00edons de l\u00edtio\/pol\u00edmero de c\u00e9lula \u00fanica. Pode\" \/>\n<meta property=\"og:url\" content=\"https:\/\/iha-race.com\/pt-pt\/produto\/voltagem-amplificador-matek-1s-li-a-5v\/\" \/>\n<meta property=\"og:site_name\" content=\"Iha Race\" \/>\n<meta property=\"article:modified_time\" content=\"2024-08-29T10:29:04+00:00\" \/>\n<meta property=\"og:image\" content=\"https:\/\/iha-race.com\/wp-content\/uploads\/2021\/04\/Amplificador-de-Voltaje-1S-Li-a-5V.jpg\" \/>\n\t<meta property=\"og:image:width\" content=\"1000\" \/>\n\t<meta property=\"og:image:height\" content=\"1000\" \/>\n\t<meta property=\"og:image:type\" content=\"image\/jpeg\" \/>\n<meta name=\"twitter:card\" content=\"summary_large_image\" \/>\n<meta name=\"twitter:label1\" content=\"Tempo estimado de leitura\" \/>\n\t<meta name=\"twitter:data1\" content=\"1 minuto\" \/>\n<script type=\"application\/ld+json\" class=\"yoast-schema-graph\">{\"@context\":\"https:\\\/\\\/schema.org\",\"@graph\":[{\"@type\":\"WebPage\",\"@id\":\"https:\\\/\\\/iha-race.com\\\/pt-pt\\\/produto\\\/voltagem-amplificador-matek-1s-li-a-5v\\\/\",\"url\":\"https:\\\/\\\/iha-race.com\\\/pt-pt\\\/produto\\\/voltagem-amplificador-matek-1s-li-a-5v\\\/\",\"name\":\"Amplificador de voltagem Matek 1S Li a 5V - Iha Race\",\"isPartOf\":{\"@id\":\"https:\\\/\\\/iha-race.com\\\/pt-pt\\\/#website\"},\"primaryImageOfPage\":{\"@id\":\"https:\\\/\\\/iha-race.com\\\/pt-pt\\\/produto\\\/voltagem-amplificador-matek-1s-li-a-5v\\\/#primaryimage\"},\"image\":{\"@id\":\"https:\\\/\\\/iha-race.com\\\/pt-pt\\\/produto\\\/voltagem-amplificador-matek-1s-li-a-5v\\\/#primaryimage\"},\"thumbnailUrl\":\"https:\\\/\\\/iha-race.com\\\/wp-content\\\/uploads\\\/2021\\\/04\\\/Amplificador-de-Voltaje-1S-Li-a-5V.jpg\",\"datePublished\":\"2021-04-13T14:46:24+00:00\",\"dateModified\":\"2024-08-29T10:29:04+00:00\",\"breadcrumb\":{\"@id\":\"https:\\\/\\\/iha-race.com\\\/pt-pt\\\/produto\\\/voltagem-amplificador-matek-1s-li-a-5v\\\/#breadcrumb\"},\"inLanguage\":\"pt-PT\",\"potentialAction\":[{\"@type\":\"ReadAction\",\"target\":[\"https:\\\/\\\/iha-race.com\\\/pt-pt\\\/produto\\\/voltagem-amplificador-matek-1s-li-a-5v\\\/\"]}]},{\"@type\":\"ImageObject\",\"inLanguage\":\"pt-PT\",\"@id\":\"https:\\\/\\\/iha-race.com\\\/pt-pt\\\/produto\\\/voltagem-amplificador-matek-1s-li-a-5v\\\/#primaryimage\",\"url\":\"https:\\\/\\\/iha-race.com\\\/wp-content\\\/uploads\\\/2021\\\/04\\\/Amplificador-de-Voltaje-1S-Li-a-5V.jpg\",\"contentUrl\":\"https:\\\/\\\/iha-race.com\\\/wp-content\\\/uploads\\\/2021\\\/04\\\/Amplificador-de-Voltaje-1S-Li-a-5V.jpg\",\"width\":1000,\"height\":1000,\"caption\":\"comprar o Amplificador de Voltagem Matek mais barato 1S Li a 5V\"},{\"@type\":\"BreadcrumbList\",\"@id\":\"https:\\\/\\\/iha-race.com\\\/pt-pt\\\/produto\\\/voltagem-amplificador-matek-1s-li-a-5v\\\/#breadcrumb\",\"itemListElement\":[{\"@type\":\"ListItem\",\"position\":1,\"name\":\"Portada\",\"item\":\"https:\\\/\\\/iha-race.com\\\/pt-pt\\\/elementor-499\\\/\"},{\"@type\":\"ListItem\",\"position\":2,\"name\":\"Shop\",\"item\":\"https:\\\/\\\/iha-race.com\\\/pt-pt\\\/shop\\\/\"},{\"@type\":\"ListItem\",\"position\":3,\"name\":\"Amplificador de voltagem Matek 1S Li a 5V\"}]},{\"@type\":\"WebSite\",\"@id\":\"https:\\\/\\\/iha-race.com\\\/pt-pt\\\/#website\",\"url\":\"https:\\\/\\\/iha-race.com\\\/pt-pt\\\/\",\"name\":\"Iha Race\",\"description\":\"Comprar drones de carreras FPV env\u00edos en un d\u00eda desde Espa\u00f1a\",\"publisher\":{\"@id\":\"https:\\\/\\\/iha-race.com\\\/pt-pt\\\/#organization\"},\"potentialAction\":[{\"@type\":\"SearchAction\",\"target\":{\"@type\":\"EntryPoint\",\"urlTemplate\":\"https:\\\/\\\/iha-race.com\\\/pt-pt\\\/?s={search_term_string}\"},\"query-input\":{\"@type\":\"PropertyValueSpecification\",\"valueRequired\":true,\"valueName\":\"search_term_string\"}}],\"inLanguage\":\"pt-PT\"},{\"@type\":\"Organization\",\"@id\":\"https:\\\/\\\/iha-race.com\\\/pt-pt\\\/#organization\",\"name\":\"Iha Race\",\"url\":\"https:\\\/\\\/iha-race.com\\\/pt-pt\\\/\",\"logo\":{\"@type\":\"ImageObject\",\"inLanguage\":\"pt-PT\",\"@id\":\"https:\\\/\\\/iha-race.com\\\/pt-pt\\\/#\\\/schema\\\/logo\\\/image\\\/\",\"url\":\"https:\\\/\\\/iha-race.com\\\/wp-content\\\/uploads\\\/2018\\\/07\\\/iha-race-drones-de-carreras-tienda-comprar-drones.png\",\"contentUrl\":\"https:\\\/\\\/iha-race.com\\\/wp-content\\\/uploads\\\/2018\\\/07\\\/iha-race-drones-de-carreras-tienda-comprar-drones.png\",\"width\":300,\"height\":100,\"caption\":\"Iha Race\"},\"image\":{\"@id\":\"https:\\\/\\\/iha-race.com\\\/pt-pt\\\/#\\\/schema\\\/logo\\\/image\\\/\"}}]}<\/script>\n<!-- \/ Yoast SEO plugin. -->","yoast_head_json":{"title":"Amplificador de voltagem Matek 1S Li a 5V - Iha Race","robots":{"index":"index","follow":"follow","max-snippet":"max-snippet:-1","max-image-preview":"max-image-preview:large","max-video-preview":"max-video-preview:-1"},"canonical":"https:\/\/iha-race.com\/pt-pt\/produto\/voltagem-amplificador-matek-1s-li-a-5v\/","og_locale":"pt_PT","og_type":"article","og_title":"Amplificador de voltagem Matek 1S Li a 5V - Iha Race","og_description":"Amplificador de voltagem Matek 1S Li a 5V VB2A5 \u00e9 um conversor de impulso s\u00edncrono compacto e de alta efici\u00eancia para baterias de \u00edons de l\u00edtio\/pol\u00edmero de c\u00e9lula \u00fanica. Pode","og_url":"https:\/\/iha-race.com\/pt-pt\/produto\/voltagem-amplificador-matek-1s-li-a-5v\/","og_site_name":"Iha Race","article_modified_time":"2024-08-29T10:29:04+00:00","og_image":[{"width":1000,"height":1000,"url":"https:\/\/iha-race.com\/wp-content\/uploads\/2021\/04\/Amplificador-de-Voltaje-1S-Li-a-5V.jpg","type":"image\/jpeg"}],"twitter_card":"summary_large_image","twitter_misc":{"Tempo estimado de leitura":"1 minuto"},"schema":{"@context":"https:\/\/schema.org","@graph":[{"@type":"WebPage","@id":"https:\/\/iha-race.com\/pt-pt\/produto\/voltagem-amplificador-matek-1s-li-a-5v\/","url":"https:\/\/iha-race.com\/pt-pt\/produto\/voltagem-amplificador-matek-1s-li-a-5v\/","name":"Amplificador de voltagem Matek 1S Li a 5V - Iha Race","isPartOf":{"@id":"https:\/\/iha-race.com\/pt-pt\/#website"},"primaryImageOfPage":{"@id":"https:\/\/iha-race.com\/pt-pt\/produto\/voltagem-amplificador-matek-1s-li-a-5v\/#primaryimage"},"image":{"@id":"https:\/\/iha-race.com\/pt-pt\/produto\/voltagem-amplificador-matek-1s-li-a-5v\/#primaryimage"},"thumbnailUrl":"https:\/\/iha-race.com\/wp-content\/uploads\/2021\/04\/Amplificador-de-Voltaje-1S-Li-a-5V.jpg","datePublished":"2021-04-13T14:46:24+00:00","dateModified":"2024-08-29T10:29:04+00:00","breadcrumb":{"@id":"https:\/\/iha-race.com\/pt-pt\/produto\/voltagem-amplificador-matek-1s-li-a-5v\/#breadcrumb"},"inLanguage":"pt-PT","potentialAction":[{"@type":"ReadAction","target":["https:\/\/iha-race.com\/pt-pt\/produto\/voltagem-amplificador-matek-1s-li-a-5v\/"]}]},{"@type":"ImageObject","inLanguage":"pt-PT","@id":"https:\/\/iha-race.com\/pt-pt\/produto\/voltagem-amplificador-matek-1s-li-a-5v\/#primaryimage","url":"https:\/\/iha-race.com\/wp-content\/uploads\/2021\/04\/Amplificador-de-Voltaje-1S-Li-a-5V.jpg","contentUrl":"https:\/\/iha-race.com\/wp-content\/uploads\/2021\/04\/Amplificador-de-Voltaje-1S-Li-a-5V.jpg","width":1000,"height":1000,"caption":"comprar o Amplificador de Voltagem Matek mais barato 1S Li a 5V"},{"@type":"BreadcrumbList","@id":"https:\/\/iha-race.com\/pt-pt\/produto\/voltagem-amplificador-matek-1s-li-a-5v\/#breadcrumb","itemListElement":[{"@type":"ListItem","position":1,"name":"Portada","item":"https:\/\/iha-race.com\/pt-pt\/elementor-499\/"},{"@type":"ListItem","position":2,"name":"Shop","item":"https:\/\/iha-race.com\/pt-pt\/shop\/"},{"@type":"ListItem","position":3,"name":"Amplificador de voltagem Matek 1S Li a 5V"}]},{"@type":"WebSite","@id":"https:\/\/iha-race.com\/pt-pt\/#website","url":"https:\/\/iha-race.com\/pt-pt\/","name":"Iha Race","description":"Comprar drones de carreras FPV env\u00edos en un d\u00eda desde Espa\u00f1a","publisher":{"@id":"https:\/\/iha-race.com\/pt-pt\/#organization"},"potentialAction":[{"@type":"SearchAction","target":{"@type":"EntryPoint","urlTemplate":"https:\/\/iha-race.com\/pt-pt\/?s={search_term_string}"},"query-input":{"@type":"PropertyValueSpecification","valueRequired":true,"valueName":"search_term_string"}}],"inLanguage":"pt-PT"},{"@type":"Organization","@id":"https:\/\/iha-race.com\/pt-pt\/#organization","name":"Iha Race","url":"https:\/\/iha-race.com\/pt-pt\/","logo":{"@type":"ImageObject","inLanguage":"pt-PT","@id":"https:\/\/iha-race.com\/pt-pt\/#\/schema\/logo\/image\/","url":"https:\/\/iha-race.com\/wp-content\/uploads\/2018\/07\/iha-race-drones-de-carreras-tienda-comprar-drones.png","contentUrl":"https:\/\/iha-race.com\/wp-content\/uploads\/2018\/07\/iha-race-drones-de-carreras-tienda-comprar-drones.png","width":300,"height":100,"caption":"Iha Race"},"image":{"@id":"https:\/\/iha-race.com\/pt-pt\/#\/schema\/logo\/image\/"}}]}},"jetpack_sharing_enabled":true,"brands":[],"_links":{"self":[{"href":"https:\/\/iha-race.com\/pt-pt\/wp-json\/wp\/v2\/product\/113579","targetHints":{"allow":["GET"]}}],"collection":[{"href":"https:\/\/iha-race.com\/pt-pt\/wp-json\/wp\/v2\/product"}],"about":[{"href":"https:\/\/iha-race.com\/pt-pt\/wp-json\/wp\/v2\/types\/product"}],"replies":[{"embeddable":true,"href":"https:\/\/iha-race.com\/pt-pt\/wp-json\/wp\/v2\/comments?post=113579"}],"version-history":[{"count":1,"href":"https:\/\/iha-race.com\/pt-pt\/wp-json\/wp\/v2\/product\/113579\/revisions"}],"predecessor-version":[{"id":117640,"href":"https:\/\/iha-race.com\/pt-pt\/wp-json\/wp\/v2\/product\/113579\/revisions\/117640"}],"wp:featuredmedia":[{"embeddable":true,"href":"https:\/\/iha-race.com\/pt-pt\/wp-json\/wp\/v2\/media\/98661"}],"wp:attachment":[{"href":"https:\/\/iha-race.com\/pt-pt\/wp-json\/wp\/v2\/media?parent=113579"}],"wp:term":[{"taxonomy":"pwb-brand","embeddable":true,"href":"https:\/\/iha-race.com\/pt-pt\/wp-json\/wp\/v2\/pwb-brand?post=113579"},{"taxonomy":"product_cat","embeddable":true,"href":"https:\/\/iha-race.com\/pt-pt\/wp-json\/wp\/v2\/product_cat?post=113579"},{"taxonomy":"product_tag","embeddable":true,"href":"https:\/\/iha-race.com\/pt-pt\/wp-json\/wp\/v2\/product_tag?post=113579"}],"curies":[{"name":"wp","href":"https:\/\/api.w.org\/{rel}","templated":true}]}}