{"id":113577,"date":"2021-03-23T11:14:35","date_gmt":"2021-03-23T10:14:35","guid":{"rendered":"https:\/\/iha-race.com\/producto\/vifly-storesafe-intelligent-lipo-battery-discharger-xt60-xt30\/"},"modified":"2026-03-22T18:34:49","modified_gmt":"2026-03-22T17:34:49","slug":"vifly-storesafe-smart-battery-charger-lipo-xt60-xt30","status":"publish","type":"product","link":"https:\/\/iha-race.com\/pt-pt\/produto\/vifly-storesafe-smart-battery-charger-lipo-xt60-xt30\/","title":{"rendered":"VIFLY StoreSafe Intelligent LiPo Battery Discharger (XT60\/XT30)"},"content":{"rendered":"<h2>VIFLY StoreSafe Intelligent LiPo Battery Discharger (XT60\/XT30)<\/h2>\n<h2>Caracter\u00edsticas:<\/h2>\n<ul>\n<li class=\"section-title\"><strong>Descarga inteligente da bateria LiPo \u00e0 tens\u00e3o de armazenamento<\/strong><\/li>\n<\/ul>\n<dl>\n<dd>Nunca manter a bateria em tens\u00e3o total, tendo em conta a quest\u00e3o da seguran\u00e7a e da dura\u00e7\u00e3o da bateria. VIFLY StoreSafe seria a melhor solu\u00e7\u00e3o para descarregar e manter as suas baterias de lipoaspira\u00e7\u00e3o. Com o algoritmo avan\u00e7ado e sensor de temperatura incorporado, o descarregador de bateria VIFLY StoreSafe lipo pode ajustar inteligentemente a taxa de descarga de acordo com a tens\u00e3o e temperatura da bateria da unidade. Assegura a maior taxa de descarga num intervalo de temperatura apropriado.<\/dd>\n<\/dl>\n<ul>\n<li class=\"section-title\"><strong>Dissipador de calor para arrefecimento do aparelho de protec\u00e7\u00e3o<\/strong><\/li>\n<\/ul>\n<dl>\n<dd>Para al\u00e9m do sensor de temperatura incorporado para monitorizar a temperatura da unidade, o dissipador de calor dissiparia efectivamente o calor para evitar o sobreaquecimento do dispositivo de protec\u00e7\u00e3o.<\/dd>\n<\/dl>\n<ul>\n<li class=\"section-title\"><strong>Identifica automaticamente as baterias 2S a 6S<\/strong><\/li>\n<\/ul>\n<dl>\n<dd>O descarregador de lipo VIFLY StoreSafe pode ser compat\u00edvel com baterias 2S a 6S. Quando ligado, VIFLY StoreSafe reconheceria automaticamente o tipo de bateria, sem necessidade de fazer quaisquer configura\u00e7\u00f5es adicionais para seleccionar diferentes tipos de bateria, t\u00e3o simples e conveniente.<\/dd>\n<\/dl>\n<ul>\n<li class=\"section-title\"><strong>F\u00e1cil de usar, ligar e deixar em paz<\/strong><\/li>\n<\/ul>\n<dl>\n<dd>O StoreSafe deixar\u00e1 de descarregar quando a bateria atingir a voltagem de armazenamento e depois introduzir\u00e1 uma corrente de fuga ultra-baixa para que a unidade possa ser deixada por um longo per\u00edodo de tempo sem sobrecarregar a bateria. Basta lig\u00e1-lo e deix\u00e1-lo em paz.<\/dd>\n<\/dl>\n<p><iframe title=\"VIFLY StoreSafe Smart Lipo Battery Discharger XT60 XT30 &amp; Heatsink\" width=\"1200\" height=\"675\" src=\"https:\/\/www.youtube.com\/embed\/4uujThuAnwA?feature=oembed\" frameborder=\"0\" allow=\"accelerometer; autoplay; clipboard-write; encrypted-media; gyroscope; picture-in-picture; web-share\" referrerpolicy=\"strict-origin-when-cross-origin\" allowfullscreen><\/iframe><\/p>\n<h2>Especifica\u00e7\u00f5es:<\/h2>\n<ul>\n<li><strong>Tens\u00e3o de funcionamento:<\/strong> 7,9 &#8211; 26 V (2S-6S)<\/li>\n<li><strong>Pot\u00eancia de descarga:<\/strong> 1W<\/li>\n<li><strong>Desligar:<\/strong> &lt;10uA<\/li>\n<li><strong>Tens\u00e3o de armazenamento:<\/strong> 3,85 V \u00b1 0,08 V \/ c\u00e9lula<\/li>\n<li><strong>Conector: XT60 <\/strong>\/ XT30<\/li>\n<li><strong>Peso:<\/strong> 8 g (XT60) \/ 5 g (XT30)<\/li>\n<li><strong>Tamanho (L x L x A):<\/strong> 37 x 16 x 10 mm (XT60) \/ 32 x 15 x 10 mm (XT30)<\/li>\n<\/ul>\n<h2>O pacote inclui:<\/h2>\n<ul>\n<li>1 x carregador de bateria VIFLY StoreSafe Smart LiPo (XT60 ou XT30)<\/li>\n<li>1 x Manual de instru\u00e7\u00f5es<\/li>\n<\/ul>\n","protected":false},"excerpt":{"rendered":"<p>VIFLY StoreSafe Intelligent LiPo Battery Discharger (XT60\/XT30) Caracter\u00edsticas: Descarga inteligente da bateria LiPo \u00e0 tens\u00e3o de armazenamento Nunca manter a bateria em tens\u00e3o total, tendo em conta a quest\u00e3o da<\/p>\n","protected":false},"featured_media":98097,"comment_status":"open","ping_status":"closed","template":"","meta":{"_joinchat":[]},"pwb-brand":[3902],"product_cat":[1069,1068],"product_tag":[],"class_list":{"0":"post-113577","1":"product","2":"type-product","3":"status-publish","4":"has-post-thumbnail","6":"pwb-brand-vifly-finder","7":"product_cat-acessorios-de-bateria","8":"product_cat-carregadores","10":"first","11":"instock","12":"taxable","13":"shipping-taxable","14":"purchasable","15":"product-type-variable"},"barcode":null,"atum_controlled":true,"out_stock_date":null,"out_stock_threshold":null,"inheritable":true,"stock_on_hold":0,"sold_today":0,"sales_last_days":19,"out_stock_days":0,"lost_sales":0,"update_date":"2026-04-09T09:07:06","atum_locations":[],"atum_stock_status":"instock","restock_status":false,"low_stock_amount":"","sales_update_date":"2026-03-22T17:31:32","calc_backorders":null,"yoast_head":"<!-- This site is optimized with the Yoast SEO plugin v27.3 - https:\/\/yoast.com\/product\/yoast-seo-wordpress\/ -->\n<title>VIFLY StoreSafe Intelligent LiPo Battery Discharger (XT60\/XT30) - Iha Race<\/title>\n<meta name=\"robots\" content=\"index, follow, max-snippet:-1, max-image-preview:large, max-video-preview:-1\" \/>\n<link rel=\"canonical\" href=\"https:\/\/iha-race.com\/pt-pt\/produto\/vifly-storesafe-smart-battery-charger-lipo-xt60-xt30\/\" \/>\n<meta property=\"og:locale\" content=\"pt_PT\" \/>\n<meta property=\"og:type\" content=\"article\" \/>\n<meta property=\"og:title\" content=\"VIFLY StoreSafe Intelligent LiPo Battery Discharger (XT60\/XT30) - Iha Race\" \/>\n<meta property=\"og:description\" content=\"VIFLY StoreSafe Intelligent LiPo Battery Discharger (XT60\/XT30) Caracter\u00edsticas: Descarga inteligente da bateria LiPo \u00e0 tens\u00e3o de armazenamento Nunca manter a bateria em tens\u00e3o total, tendo em conta a quest\u00e3o da\" \/>\n<meta property=\"og:url\" content=\"https:\/\/iha-race.com\/pt-pt\/produto\/vifly-storesafe-smart-battery-charger-lipo-xt60-xt30\/\" \/>\n<meta property=\"og:site_name\" content=\"Iha Race\" \/>\n<meta property=\"article:modified_time\" content=\"2026-03-22T17:34:49+00:00\" \/>\n<meta property=\"og:image\" content=\"https:\/\/iha-race.com\/wp-content\/uploads\/2021\/03\/VIFLY-StoreSafe-Descargador-inteligente-baterias-LiPo-xt60.jpg\" \/>\n\t<meta property=\"og:image:width\" content=\"800\" \/>\n\t<meta property=\"og:image:height\" content=\"800\" \/>\n\t<meta property=\"og:image:type\" content=\"image\/jpeg\" \/>\n<meta name=\"twitter:card\" content=\"summary_large_image\" \/>\n<meta name=\"twitter:label1\" content=\"Tempo estimado de leitura\" \/>\n\t<meta name=\"twitter:data1\" content=\"2 minutos\" \/>\n<script type=\"application\/ld+json\" class=\"yoast-schema-graph\">{\"@context\":\"https:\\\/\\\/schema.org\",\"@graph\":[{\"@type\":\"WebPage\",\"@id\":\"https:\\\/\\\/iha-race.com\\\/pt-pt\\\/produto\\\/vifly-storesafe-smart-battery-charger-lipo-xt60-xt30\\\/\",\"url\":\"https:\\\/\\\/iha-race.com\\\/pt-pt\\\/produto\\\/vifly-storesafe-smart-battery-charger-lipo-xt60-xt30\\\/\",\"name\":\"VIFLY StoreSafe Intelligent LiPo Battery Discharger (XT60\\\/XT30) - Iha Race\",\"isPartOf\":{\"@id\":\"https:\\\/\\\/iha-race.com\\\/pt-pt\\\/#website\"},\"primaryImageOfPage\":{\"@id\":\"https:\\\/\\\/iha-race.com\\\/pt-pt\\\/produto\\\/vifly-storesafe-smart-battery-charger-lipo-xt60-xt30\\\/#primaryimage\"},\"image\":{\"@id\":\"https:\\\/\\\/iha-race.com\\\/pt-pt\\\/produto\\\/vifly-storesafe-smart-battery-charger-lipo-xt60-xt30\\\/#primaryimage\"},\"thumbnailUrl\":\"https:\\\/\\\/iha-race.com\\\/wp-content\\\/uploads\\\/2021\\\/03\\\/VIFLY-StoreSafe-Descargador-inteligente-baterias-LiPo-xt60.jpg\",\"datePublished\":\"2021-03-23T10:14:35+00:00\",\"dateModified\":\"2026-03-22T17:34:49+00:00\",\"breadcrumb\":{\"@id\":\"https:\\\/\\\/iha-race.com\\\/pt-pt\\\/produto\\\/vifly-storesafe-smart-battery-charger-lipo-xt60-xt30\\\/#breadcrumb\"},\"inLanguage\":\"pt-PT\",\"potentialAction\":[{\"@type\":\"ReadAction\",\"target\":[\"https:\\\/\\\/iha-race.com\\\/pt-pt\\\/produto\\\/vifly-storesafe-smart-battery-charger-lipo-xt60-xt30\\\/\"]}]},{\"@type\":\"ImageObject\",\"inLanguage\":\"pt-PT\",\"@id\":\"https:\\\/\\\/iha-race.com\\\/pt-pt\\\/produto\\\/vifly-storesafe-smart-battery-charger-lipo-xt60-xt30\\\/#primaryimage\",\"url\":\"https:\\\/\\\/iha-race.com\\\/wp-content\\\/uploads\\\/2021\\\/03\\\/VIFLY-StoreSafe-Descargador-inteligente-baterias-LiPo-xt60.jpg\",\"contentUrl\":\"https:\\\/\\\/iha-race.com\\\/wp-content\\\/uploads\\\/2021\\\/03\\\/VIFLY-StoreSafe-Descargador-inteligente-baterias-LiPo-xt60.jpg\",\"width\":800,\"height\":800,\"caption\":\"comprar o mais barato VIFLY StoreSafe Smart LiPo xt60 carregador de bateria\"},{\"@type\":\"BreadcrumbList\",\"@id\":\"https:\\\/\\\/iha-race.com\\\/pt-pt\\\/produto\\\/vifly-storesafe-smart-battery-charger-lipo-xt60-xt30\\\/#breadcrumb\",\"itemListElement\":[{\"@type\":\"ListItem\",\"position\":1,\"name\":\"Portada\",\"item\":\"https:\\\/\\\/iha-race.com\\\/pt-pt\\\/elementor-499\\\/\"},{\"@type\":\"ListItem\",\"position\":2,\"name\":\"Shop\",\"item\":\"https:\\\/\\\/iha-race.com\\\/pt-pt\\\/shop\\\/\"},{\"@type\":\"ListItem\",\"position\":3,\"name\":\"VIFLY StoreSafe Intelligent LiPo Battery Discharger (XT60\\\/XT30)\"}]},{\"@type\":\"WebSite\",\"@id\":\"https:\\\/\\\/iha-race.com\\\/pt-pt\\\/#website\",\"url\":\"https:\\\/\\\/iha-race.com\\\/pt-pt\\\/\",\"name\":\"Iha Race\",\"description\":\"Comprar drones de carreras FPV env\u00edos en un d\u00eda desde Espa\u00f1a\",\"publisher\":{\"@id\":\"https:\\\/\\\/iha-race.com\\\/pt-pt\\\/#organization\"},\"potentialAction\":[{\"@type\":\"SearchAction\",\"target\":{\"@type\":\"EntryPoint\",\"urlTemplate\":\"https:\\\/\\\/iha-race.com\\\/pt-pt\\\/?s={search_term_string}\"},\"query-input\":{\"@type\":\"PropertyValueSpecification\",\"valueRequired\":true,\"valueName\":\"search_term_string\"}}],\"inLanguage\":\"pt-PT\"},{\"@type\":\"Organization\",\"@id\":\"https:\\\/\\\/iha-race.com\\\/pt-pt\\\/#organization\",\"name\":\"Iha Race\",\"url\":\"https:\\\/\\\/iha-race.com\\\/pt-pt\\\/\",\"logo\":{\"@type\":\"ImageObject\",\"inLanguage\":\"pt-PT\",\"@id\":\"https:\\\/\\\/iha-race.com\\\/pt-pt\\\/#\\\/schema\\\/logo\\\/image\\\/\",\"url\":\"https:\\\/\\\/iha-race.com\\\/wp-content\\\/uploads\\\/2018\\\/07\\\/iha-race-drones-de-carreras-tienda-comprar-drones.png\",\"contentUrl\":\"https:\\\/\\\/iha-race.com\\\/wp-content\\\/uploads\\\/2018\\\/07\\\/iha-race-drones-de-carreras-tienda-comprar-drones.png\",\"width\":300,\"height\":100,\"caption\":\"Iha Race\"},\"image\":{\"@id\":\"https:\\\/\\\/iha-race.com\\\/pt-pt\\\/#\\\/schema\\\/logo\\\/image\\\/\"}}]}<\/script>\n<!-- \/ Yoast SEO plugin. -->","yoast_head_json":{"title":"VIFLY StoreSafe Intelligent LiPo Battery Discharger (XT60\/XT30) - Iha Race","robots":{"index":"index","follow":"follow","max-snippet":"max-snippet:-1","max-image-preview":"max-image-preview:large","max-video-preview":"max-video-preview:-1"},"canonical":"https:\/\/iha-race.com\/pt-pt\/produto\/vifly-storesafe-smart-battery-charger-lipo-xt60-xt30\/","og_locale":"pt_PT","og_type":"article","og_title":"VIFLY StoreSafe Intelligent LiPo Battery Discharger (XT60\/XT30) - Iha Race","og_description":"VIFLY StoreSafe Intelligent LiPo Battery Discharger (XT60\/XT30) Caracter\u00edsticas: Descarga inteligente da bateria LiPo \u00e0 tens\u00e3o de armazenamento Nunca manter a bateria em tens\u00e3o total, tendo em conta a quest\u00e3o da","og_url":"https:\/\/iha-race.com\/pt-pt\/produto\/vifly-storesafe-smart-battery-charger-lipo-xt60-xt30\/","og_site_name":"Iha Race","article_modified_time":"2026-03-22T17:34:49+00:00","og_image":[{"width":800,"height":800,"url":"https:\/\/iha-race.com\/wp-content\/uploads\/2021\/03\/VIFLY-StoreSafe-Descargador-inteligente-baterias-LiPo-xt60.jpg","type":"image\/jpeg"}],"twitter_card":"summary_large_image","twitter_misc":{"Tempo estimado de leitura":"2 minutos"},"schema":{"@context":"https:\/\/schema.org","@graph":[{"@type":"WebPage","@id":"https:\/\/iha-race.com\/pt-pt\/produto\/vifly-storesafe-smart-battery-charger-lipo-xt60-xt30\/","url":"https:\/\/iha-race.com\/pt-pt\/produto\/vifly-storesafe-smart-battery-charger-lipo-xt60-xt30\/","name":"VIFLY StoreSafe Intelligent LiPo Battery Discharger (XT60\/XT30) - Iha Race","isPartOf":{"@id":"https:\/\/iha-race.com\/pt-pt\/#website"},"primaryImageOfPage":{"@id":"https:\/\/iha-race.com\/pt-pt\/produto\/vifly-storesafe-smart-battery-charger-lipo-xt60-xt30\/#primaryimage"},"image":{"@id":"https:\/\/iha-race.com\/pt-pt\/produto\/vifly-storesafe-smart-battery-charger-lipo-xt60-xt30\/#primaryimage"},"thumbnailUrl":"https:\/\/iha-race.com\/wp-content\/uploads\/2021\/03\/VIFLY-StoreSafe-Descargador-inteligente-baterias-LiPo-xt60.jpg","datePublished":"2021-03-23T10:14:35+00:00","dateModified":"2026-03-22T17:34:49+00:00","breadcrumb":{"@id":"https:\/\/iha-race.com\/pt-pt\/produto\/vifly-storesafe-smart-battery-charger-lipo-xt60-xt30\/#breadcrumb"},"inLanguage":"pt-PT","potentialAction":[{"@type":"ReadAction","target":["https:\/\/iha-race.com\/pt-pt\/produto\/vifly-storesafe-smart-battery-charger-lipo-xt60-xt30\/"]}]},{"@type":"ImageObject","inLanguage":"pt-PT","@id":"https:\/\/iha-race.com\/pt-pt\/produto\/vifly-storesafe-smart-battery-charger-lipo-xt60-xt30\/#primaryimage","url":"https:\/\/iha-race.com\/wp-content\/uploads\/2021\/03\/VIFLY-StoreSafe-Descargador-inteligente-baterias-LiPo-xt60.jpg","contentUrl":"https:\/\/iha-race.com\/wp-content\/uploads\/2021\/03\/VIFLY-StoreSafe-Descargador-inteligente-baterias-LiPo-xt60.jpg","width":800,"height":800,"caption":"comprar o mais barato VIFLY StoreSafe Smart LiPo xt60 carregador de bateria"},{"@type":"BreadcrumbList","@id":"https:\/\/iha-race.com\/pt-pt\/produto\/vifly-storesafe-smart-battery-charger-lipo-xt60-xt30\/#breadcrumb","itemListElement":[{"@type":"ListItem","position":1,"name":"Portada","item":"https:\/\/iha-race.com\/pt-pt\/elementor-499\/"},{"@type":"ListItem","position":2,"name":"Shop","item":"https:\/\/iha-race.com\/pt-pt\/shop\/"},{"@type":"ListItem","position":3,"name":"VIFLY StoreSafe Intelligent LiPo Battery Discharger (XT60\/XT30)"}]},{"@type":"WebSite","@id":"https:\/\/iha-race.com\/pt-pt\/#website","url":"https:\/\/iha-race.com\/pt-pt\/","name":"Iha Race","description":"Comprar drones de carreras FPV env\u00edos en un d\u00eda desde Espa\u00f1a","publisher":{"@id":"https:\/\/iha-race.com\/pt-pt\/#organization"},"potentialAction":[{"@type":"SearchAction","target":{"@type":"EntryPoint","urlTemplate":"https:\/\/iha-race.com\/pt-pt\/?s={search_term_string}"},"query-input":{"@type":"PropertyValueSpecification","valueRequired":true,"valueName":"search_term_string"}}],"inLanguage":"pt-PT"},{"@type":"Organization","@id":"https:\/\/iha-race.com\/pt-pt\/#organization","name":"Iha Race","url":"https:\/\/iha-race.com\/pt-pt\/","logo":{"@type":"ImageObject","inLanguage":"pt-PT","@id":"https:\/\/iha-race.com\/pt-pt\/#\/schema\/logo\/image\/","url":"https:\/\/iha-race.com\/wp-content\/uploads\/2018\/07\/iha-race-drones-de-carreras-tienda-comprar-drones.png","contentUrl":"https:\/\/iha-race.com\/wp-content\/uploads\/2018\/07\/iha-race-drones-de-carreras-tienda-comprar-drones.png","width":300,"height":100,"caption":"Iha Race"},"image":{"@id":"https:\/\/iha-race.com\/pt-pt\/#\/schema\/logo\/image\/"}}]}},"brands":[{"id":3902,"name":"Vifly Finder","slug":"vifly-finder"}],"_links":{"self":[{"href":"https:\/\/iha-race.com\/pt-pt\/wp-json\/wp\/v2\/product\/113577","targetHints":{"allow":["GET"]}}],"collection":[{"href":"https:\/\/iha-race.com\/pt-pt\/wp-json\/wp\/v2\/product"}],"about":[{"href":"https:\/\/iha-race.com\/pt-pt\/wp-json\/wp\/v2\/types\/product"}],"replies":[{"embeddable":true,"href":"https:\/\/iha-race.com\/pt-pt\/wp-json\/wp\/v2\/comments?post=113577"}],"version-history":[{"count":2,"href":"https:\/\/iha-race.com\/pt-pt\/wp-json\/wp\/v2\/product\/113577\/revisions"}],"predecessor-version":[{"id":249580,"href":"https:\/\/iha-race.com\/pt-pt\/wp-json\/wp\/v2\/product\/113577\/revisions\/249580"}],"wp:featuredmedia":[{"embeddable":true,"href":"https:\/\/iha-race.com\/pt-pt\/wp-json\/wp\/v2\/media\/98097"}],"wp:attachment":[{"href":"https:\/\/iha-race.com\/pt-pt\/wp-json\/wp\/v2\/media?parent=113577"}],"wp:term":[{"taxonomy":"pwb-brand","embeddable":true,"href":"https:\/\/iha-race.com\/pt-pt\/wp-json\/wp\/v2\/pwb-brand?post=113577"},{"taxonomy":"product_cat","embeddable":true,"href":"https:\/\/iha-race.com\/pt-pt\/wp-json\/wp\/v2\/product_cat?post=113577"},{"taxonomy":"product_tag","embeddable":true,"href":"https:\/\/iha-race.com\/pt-pt\/wp-json\/wp\/v2\/product_tag?post=113577"}],"curies":[{"name":"wp","href":"https:\/\/api.w.org\/{rel}","templated":true}]}}