{"id":113573,"date":"2021-02-26T15:35:54","date_gmt":"2021-02-26T14:35:54","guid":{"rendered":"https:\/\/iha-race.com\/producto\/conjunto-de-parafusos-e-porcas-m2-5-cabeca-allen-280-pcs\/"},"modified":"2024-08-29T12:33:05","modified_gmt":"2024-08-29T10:33:05","slug":"conjunto-de-parafusos-de-ranhuras-e-porcas-kit-m2-5-head-allen-280-pecas","status":"publish","type":"product","link":"https:\/\/iha-race.com\/pt-pt\/produto\/conjunto-de-parafusos-de-ranhuras-e-porcas-kit-m2-5-head-allen-280-pecas\/","title":{"rendered":"Conjunto de parafusos e porcas M2.5 cabe\u00e7a Allen (280 pcs.)"},"content":{"rendered":"<h2>Conjunto de parafusos e porcas M2.5 cabe\u00e7a Allen (280 pcs.)<\/h2>\n<h2><strong><span data-spm-anchor-id=\"a2g0o.detail.1000023.i4.26062ce31kGjhJ\">Caracter\u00edsticas:<\/span><\/strong><\/h2>\n<ul>\n<li>Forte capacidade anti-ferrugem, resist\u00eancia \u00e0 corros\u00e3o.<\/li>\n<li>N\u00e3o enferruja facilmente.<\/li>\n<li>Estas porcas e parafusos ser\u00e3o um grande substituto para os fixadores industriais e de constru\u00e7\u00e3o.<\/li>\n<li><span data-spm-anchor-id=\"a2g0o.detail.1000023.i5.26062ce31kGjhJ\">Ideal para utiliza\u00e7\u00e3o como componentes de fixa\u00e7\u00e3o, fixadores industriais e de constru\u00e7\u00e3o onde s\u00e3o necess\u00e1rios parafusos de cabe\u00e7a sextavada.<\/span><\/li>\n<li>Pode ser utilizado em aparelhos dom\u00e9sticos, escrit\u00f3rios, maquinaria, mobili\u00e1rio, repara\u00e7\u00f5es, inven\u00e7\u00f5es e outros projectos.<\/li>\n<\/ul>\n<h2>O pacote inclui:<\/h2>\n<ul>\n<li>30 parafusos M2,5 x 4 mm<\/li>\n<li>30 parafusos M2,5 x 5 mm<\/li>\n<li>30 parafusos M2,5 x 6 mm<\/li>\n<li>30 parafusos M2,5 x 10 mm<\/li>\n<li>30 parafusos M2,5 x 12 mm<\/li>\n<li>30 parafusos M2,5 x 14 mm<\/li>\n<li>30 parafusos M2,5 x 20 mm<\/li>\n<li>70 nozes M2.5<\/li>\n<\/ul>\n","protected":false},"excerpt":{"rendered":"<p>Conjunto de parafusos e porcas M2.5 cabe\u00e7a Allen (280 pcs.) Caracter\u00edsticas: Forte capacidade anti-ferrugem, resist\u00eancia \u00e0 corros\u00e3o. N\u00e3o enferruja facilmente. Estas porcas e parafusos ser\u00e3o um grande substituto para os<\/p>\n","protected":false},"featured_media":97305,"comment_status":"open","ping_status":"closed","template":"","meta":{"_joinchat":[]},"pwb-brand":[],"product_cat":[1083,1296],"product_tag":[],"class_list":{"0":"post-113573","1":"product","2":"type-product","3":"status-publish","4":"has-post-thumbnail","6":"product_cat-acessorios","7":"product_cat--parafusos","9":"first","10":"instock","11":"taxable","12":"shipping-taxable","13":"purchasable","14":"product-type-simple"},"barcode":null,"atum_controlled":true,"out_stock_date":null,"out_stock_threshold":null,"inheritable":false,"stock_on_hold":0,"sold_today":0,"sales_last_days":0,"out_stock_days":0,"lost_sales":0,"update_date":"2026-04-25T20:28:33","atum_locations":[],"atum_stock_status":"instock","restock_status":false,"low_stock_amount":"","sales_update_date":"2026-04-25T20:28:33","calc_backorders":null,"yoast_head":"<!-- This site is optimized with the Yoast SEO plugin v27.3 - https:\/\/yoast.com\/product\/yoast-seo-wordpress\/ -->\n<title>Conjunto de parafusos e porcas M2.5 cabe\u00e7a Allen (280 pcs.) - Iha Race<\/title>\n<meta name=\"robots\" content=\"index, follow, max-snippet:-1, max-image-preview:large, max-video-preview:-1\" \/>\n<link rel=\"canonical\" href=\"https:\/\/iha-race.com\/pt-pt\/produto\/conjunto-de-parafusos-de-ranhuras-e-porcas-kit-m2-5-head-allen-280-pecas\/\" \/>\n<meta property=\"og:locale\" content=\"pt_PT\" \/>\n<meta property=\"og:type\" content=\"article\" \/>\n<meta property=\"og:title\" content=\"Conjunto de parafusos e porcas M2.5 cabe\u00e7a Allen (280 pcs.) - Iha Race\" \/>\n<meta property=\"og:description\" content=\"Conjunto de parafusos e porcas M2.5 cabe\u00e7a Allen (280 pcs.) Caracter\u00edsticas: Forte capacidade anti-ferrugem, resist\u00eancia \u00e0 corros\u00e3o. N\u00e3o enferruja facilmente. Estas porcas e parafusos ser\u00e3o um grande substituto para os\" \/>\n<meta property=\"og:url\" content=\"https:\/\/iha-race.com\/pt-pt\/produto\/conjunto-de-parafusos-de-ranhuras-e-porcas-kit-m2-5-head-allen-280-pecas\/\" \/>\n<meta property=\"og:site_name\" content=\"Iha Race\" \/>\n<meta property=\"article:modified_time\" content=\"2024-08-29T10:33:05+00:00\" \/>\n<meta property=\"og:image\" content=\"https:\/\/iha-race.com\/wp-content\/uploads\/2021\/02\/Kit-de-tornillos-tuercas-y-arandelas-M3-M2-Cabeza-Allen.jpg\" \/>\n\t<meta property=\"og:image:width\" content=\"900\" \/>\n\t<meta property=\"og:image:height\" content=\"900\" \/>\n\t<meta property=\"og:image:type\" content=\"image\/jpeg\" \/>\n<meta name=\"twitter:card\" content=\"summary_large_image\" \/>\n<meta name=\"twitter:label1\" content=\"Tempo estimado de leitura\" \/>\n\t<meta name=\"twitter:data1\" content=\"1 minuto\" \/>\n<script type=\"application\/ld+json\" class=\"yoast-schema-graph\">{\"@context\":\"https:\\\/\\\/schema.org\",\"@graph\":[{\"@type\":\"WebPage\",\"@id\":\"https:\\\/\\\/iha-race.com\\\/pt-pt\\\/produto\\\/conjunto-de-parafusos-de-ranhuras-e-porcas-kit-m2-5-head-allen-280-pecas\\\/\",\"url\":\"https:\\\/\\\/iha-race.com\\\/pt-pt\\\/produto\\\/conjunto-de-parafusos-de-ranhuras-e-porcas-kit-m2-5-head-allen-280-pecas\\\/\",\"name\":\"Conjunto de parafusos e porcas M2.5 cabe\u00e7a Allen (280 pcs.) - Iha Race\",\"isPartOf\":{\"@id\":\"https:\\\/\\\/iha-race.com\\\/pt-pt\\\/#website\"},\"primaryImageOfPage\":{\"@id\":\"https:\\\/\\\/iha-race.com\\\/pt-pt\\\/produto\\\/conjunto-de-parafusos-de-ranhuras-e-porcas-kit-m2-5-head-allen-280-pecas\\\/#primaryimage\"},\"image\":{\"@id\":\"https:\\\/\\\/iha-race.com\\\/pt-pt\\\/produto\\\/conjunto-de-parafusos-de-ranhuras-e-porcas-kit-m2-5-head-allen-280-pecas\\\/#primaryimage\"},\"thumbnailUrl\":\"https:\\\/\\\/iha-race.com\\\/wp-content\\\/uploads\\\/2021\\\/02\\\/Kit-de-tornillos-tuercas-y-arandelas-M3-M2-Cabeza-Allen.jpg\",\"datePublished\":\"2021-02-26T14:35:54+00:00\",\"dateModified\":\"2024-08-29T10:33:05+00:00\",\"breadcrumb\":{\"@id\":\"https:\\\/\\\/iha-race.com\\\/pt-pt\\\/produto\\\/conjunto-de-parafusos-de-ranhuras-e-porcas-kit-m2-5-head-allen-280-pecas\\\/#breadcrumb\"},\"inLanguage\":\"pt-PT\",\"potentialAction\":[{\"@type\":\"ReadAction\",\"target\":[\"https:\\\/\\\/iha-race.com\\\/pt-pt\\\/produto\\\/conjunto-de-parafusos-de-ranhuras-e-porcas-kit-m2-5-head-allen-280-pecas\\\/\"]}]},{\"@type\":\"ImageObject\",\"inLanguage\":\"pt-PT\",\"@id\":\"https:\\\/\\\/iha-race.com\\\/pt-pt\\\/produto\\\/conjunto-de-parafusos-de-ranhuras-e-porcas-kit-m2-5-head-allen-280-pecas\\\/#primaryimage\",\"url\":\"https:\\\/\\\/iha-race.com\\\/wp-content\\\/uploads\\\/2021\\\/02\\\/Kit-de-tornillos-tuercas-y-arandelas-M3-M2-Cabeza-Allen.jpg\",\"contentUrl\":\"https:\\\/\\\/iha-race.com\\\/wp-content\\\/uploads\\\/2021\\\/02\\\/Kit-de-tornillos-tuercas-y-arandelas-M3-M2-Cabeza-Allen.jpg\",\"width\":900,\"height\":900},{\"@type\":\"BreadcrumbList\",\"@id\":\"https:\\\/\\\/iha-race.com\\\/pt-pt\\\/produto\\\/conjunto-de-parafusos-de-ranhuras-e-porcas-kit-m2-5-head-allen-280-pecas\\\/#breadcrumb\",\"itemListElement\":[{\"@type\":\"ListItem\",\"position\":1,\"name\":\"Portada\",\"item\":\"https:\\\/\\\/iha-race.com\\\/pt-pt\\\/elementor-499\\\/\"},{\"@type\":\"ListItem\",\"position\":2,\"name\":\"Shop\",\"item\":\"https:\\\/\\\/iha-race.com\\\/pt-pt\\\/shop\\\/\"},{\"@type\":\"ListItem\",\"position\":3,\"name\":\"Conjunto de parafusos e porcas M2.5 cabe\u00e7a Allen (280 pcs.)\"}]},{\"@type\":\"WebSite\",\"@id\":\"https:\\\/\\\/iha-race.com\\\/pt-pt\\\/#website\",\"url\":\"https:\\\/\\\/iha-race.com\\\/pt-pt\\\/\",\"name\":\"Iha Race\",\"description\":\"Comprar drones de carreras FPV env\u00edos en un d\u00eda desde Espa\u00f1a\",\"publisher\":{\"@id\":\"https:\\\/\\\/iha-race.com\\\/pt-pt\\\/#organization\"},\"potentialAction\":[{\"@type\":\"SearchAction\",\"target\":{\"@type\":\"EntryPoint\",\"urlTemplate\":\"https:\\\/\\\/iha-race.com\\\/pt-pt\\\/?s={search_term_string}\"},\"query-input\":{\"@type\":\"PropertyValueSpecification\",\"valueRequired\":true,\"valueName\":\"search_term_string\"}}],\"inLanguage\":\"pt-PT\"},{\"@type\":\"Organization\",\"@id\":\"https:\\\/\\\/iha-race.com\\\/pt-pt\\\/#organization\",\"name\":\"Iha Race\",\"url\":\"https:\\\/\\\/iha-race.com\\\/pt-pt\\\/\",\"logo\":{\"@type\":\"ImageObject\",\"inLanguage\":\"pt-PT\",\"@id\":\"https:\\\/\\\/iha-race.com\\\/pt-pt\\\/#\\\/schema\\\/logo\\\/image\\\/\",\"url\":\"https:\\\/\\\/iha-race.com\\\/wp-content\\\/uploads\\\/2018\\\/07\\\/iha-race-drones-de-carreras-tienda-comprar-drones.png\",\"contentUrl\":\"https:\\\/\\\/iha-race.com\\\/wp-content\\\/uploads\\\/2018\\\/07\\\/iha-race-drones-de-carreras-tienda-comprar-drones.png\",\"width\":300,\"height\":100,\"caption\":\"Iha Race\"},\"image\":{\"@id\":\"https:\\\/\\\/iha-race.com\\\/pt-pt\\\/#\\\/schema\\\/logo\\\/image\\\/\"}}]}<\/script>\n<!-- \/ Yoast SEO plugin. -->","yoast_head_json":{"title":"Conjunto de parafusos e porcas M2.5 cabe\u00e7a Allen (280 pcs.) - Iha Race","robots":{"index":"index","follow":"follow","max-snippet":"max-snippet:-1","max-image-preview":"max-image-preview:large","max-video-preview":"max-video-preview:-1"},"canonical":"https:\/\/iha-race.com\/pt-pt\/produto\/conjunto-de-parafusos-de-ranhuras-e-porcas-kit-m2-5-head-allen-280-pecas\/","og_locale":"pt_PT","og_type":"article","og_title":"Conjunto de parafusos e porcas M2.5 cabe\u00e7a Allen (280 pcs.) - Iha Race","og_description":"Conjunto de parafusos e porcas M2.5 cabe\u00e7a Allen (280 pcs.) Caracter\u00edsticas: Forte capacidade anti-ferrugem, resist\u00eancia \u00e0 corros\u00e3o. N\u00e3o enferruja facilmente. Estas porcas e parafusos ser\u00e3o um grande substituto para os","og_url":"https:\/\/iha-race.com\/pt-pt\/produto\/conjunto-de-parafusos-de-ranhuras-e-porcas-kit-m2-5-head-allen-280-pecas\/","og_site_name":"Iha Race","article_modified_time":"2024-08-29T10:33:05+00:00","og_image":[{"width":900,"height":900,"url":"https:\/\/iha-race.com\/wp-content\/uploads\/2021\/02\/Kit-de-tornillos-tuercas-y-arandelas-M3-M2-Cabeza-Allen.jpg","type":"image\/jpeg"}],"twitter_card":"summary_large_image","twitter_misc":{"Tempo estimado de leitura":"1 minuto"},"schema":{"@context":"https:\/\/schema.org","@graph":[{"@type":"WebPage","@id":"https:\/\/iha-race.com\/pt-pt\/produto\/conjunto-de-parafusos-de-ranhuras-e-porcas-kit-m2-5-head-allen-280-pecas\/","url":"https:\/\/iha-race.com\/pt-pt\/produto\/conjunto-de-parafusos-de-ranhuras-e-porcas-kit-m2-5-head-allen-280-pecas\/","name":"Conjunto de parafusos e porcas M2.5 cabe\u00e7a Allen (280 pcs.) - Iha Race","isPartOf":{"@id":"https:\/\/iha-race.com\/pt-pt\/#website"},"primaryImageOfPage":{"@id":"https:\/\/iha-race.com\/pt-pt\/produto\/conjunto-de-parafusos-de-ranhuras-e-porcas-kit-m2-5-head-allen-280-pecas\/#primaryimage"},"image":{"@id":"https:\/\/iha-race.com\/pt-pt\/produto\/conjunto-de-parafusos-de-ranhuras-e-porcas-kit-m2-5-head-allen-280-pecas\/#primaryimage"},"thumbnailUrl":"https:\/\/iha-race.com\/wp-content\/uploads\/2021\/02\/Kit-de-tornillos-tuercas-y-arandelas-M3-M2-Cabeza-Allen.jpg","datePublished":"2021-02-26T14:35:54+00:00","dateModified":"2024-08-29T10:33:05+00:00","breadcrumb":{"@id":"https:\/\/iha-race.com\/pt-pt\/produto\/conjunto-de-parafusos-de-ranhuras-e-porcas-kit-m2-5-head-allen-280-pecas\/#breadcrumb"},"inLanguage":"pt-PT","potentialAction":[{"@type":"ReadAction","target":["https:\/\/iha-race.com\/pt-pt\/produto\/conjunto-de-parafusos-de-ranhuras-e-porcas-kit-m2-5-head-allen-280-pecas\/"]}]},{"@type":"ImageObject","inLanguage":"pt-PT","@id":"https:\/\/iha-race.com\/pt-pt\/produto\/conjunto-de-parafusos-de-ranhuras-e-porcas-kit-m2-5-head-allen-280-pecas\/#primaryimage","url":"https:\/\/iha-race.com\/wp-content\/uploads\/2021\/02\/Kit-de-tornillos-tuercas-y-arandelas-M3-M2-Cabeza-Allen.jpg","contentUrl":"https:\/\/iha-race.com\/wp-content\/uploads\/2021\/02\/Kit-de-tornillos-tuercas-y-arandelas-M3-M2-Cabeza-Allen.jpg","width":900,"height":900},{"@type":"BreadcrumbList","@id":"https:\/\/iha-race.com\/pt-pt\/produto\/conjunto-de-parafusos-de-ranhuras-e-porcas-kit-m2-5-head-allen-280-pecas\/#breadcrumb","itemListElement":[{"@type":"ListItem","position":1,"name":"Portada","item":"https:\/\/iha-race.com\/pt-pt\/elementor-499\/"},{"@type":"ListItem","position":2,"name":"Shop","item":"https:\/\/iha-race.com\/pt-pt\/shop\/"},{"@type":"ListItem","position":3,"name":"Conjunto de parafusos e porcas M2.5 cabe\u00e7a Allen (280 pcs.)"}]},{"@type":"WebSite","@id":"https:\/\/iha-race.com\/pt-pt\/#website","url":"https:\/\/iha-race.com\/pt-pt\/","name":"Iha Race","description":"Comprar drones de carreras FPV env\u00edos en un d\u00eda desde Espa\u00f1a","publisher":{"@id":"https:\/\/iha-race.com\/pt-pt\/#organization"},"potentialAction":[{"@type":"SearchAction","target":{"@type":"EntryPoint","urlTemplate":"https:\/\/iha-race.com\/pt-pt\/?s={search_term_string}"},"query-input":{"@type":"PropertyValueSpecification","valueRequired":true,"valueName":"search_term_string"}}],"inLanguage":"pt-PT"},{"@type":"Organization","@id":"https:\/\/iha-race.com\/pt-pt\/#organization","name":"Iha Race","url":"https:\/\/iha-race.com\/pt-pt\/","logo":{"@type":"ImageObject","inLanguage":"pt-PT","@id":"https:\/\/iha-race.com\/pt-pt\/#\/schema\/logo\/image\/","url":"https:\/\/iha-race.com\/wp-content\/uploads\/2018\/07\/iha-race-drones-de-carreras-tienda-comprar-drones.png","contentUrl":"https:\/\/iha-race.com\/wp-content\/uploads\/2018\/07\/iha-race-drones-de-carreras-tienda-comprar-drones.png","width":300,"height":100,"caption":"Iha Race"},"image":{"@id":"https:\/\/iha-race.com\/pt-pt\/#\/schema\/logo\/image\/"}}]}},"jetpack_sharing_enabled":true,"brands":[],"_links":{"self":[{"href":"https:\/\/iha-race.com\/pt-pt\/wp-json\/wp\/v2\/product\/113573","targetHints":{"allow":["GET"]}}],"collection":[{"href":"https:\/\/iha-race.com\/pt-pt\/wp-json\/wp\/v2\/product"}],"about":[{"href":"https:\/\/iha-race.com\/pt-pt\/wp-json\/wp\/v2\/types\/product"}],"replies":[{"embeddable":true,"href":"https:\/\/iha-race.com\/pt-pt\/wp-json\/wp\/v2\/comments?post=113573"}],"version-history":[{"count":2,"href":"https:\/\/iha-race.com\/pt-pt\/wp-json\/wp\/v2\/product\/113573\/revisions"}],"predecessor-version":[{"id":227926,"href":"https:\/\/iha-race.com\/pt-pt\/wp-json\/wp\/v2\/product\/113573\/revisions\/227926"}],"wp:featuredmedia":[{"embeddable":true,"href":"https:\/\/iha-race.com\/pt-pt\/wp-json\/wp\/v2\/media\/97305"}],"wp:attachment":[{"href":"https:\/\/iha-race.com\/pt-pt\/wp-json\/wp\/v2\/media?parent=113573"}],"wp:term":[{"taxonomy":"pwb-brand","embeddable":true,"href":"https:\/\/iha-race.com\/pt-pt\/wp-json\/wp\/v2\/pwb-brand?post=113573"},{"taxonomy":"product_cat","embeddable":true,"href":"https:\/\/iha-race.com\/pt-pt\/wp-json\/wp\/v2\/product_cat?post=113573"},{"taxonomy":"product_tag","embeddable":true,"href":"https:\/\/iha-race.com\/pt-pt\/wp-json\/wp\/v2\/product_tag?post=113573"}],"curies":[{"name":"wp","href":"https:\/\/api.w.org\/{rel}","templated":true}]}}