{"id":113532,"date":"2021-01-19T16:07:16","date_gmt":"2021-01-19T15:07:16","guid":{"rendered":"https:\/\/iha-race.com\/producto\/conjunto-de-cabos-pigtail-betafpv-para-whoop-4-5s-xt60-16awg\/"},"modified":"2024-08-29T12:36:15","modified_gmt":"2024-08-29T10:36:15","slug":"set-de-cables-pigtail-betafpv-for-whoop-4-5s-xt60-16awg","status":"publish","type":"product","link":"https:\/\/iha-race.com\/pt-pt\/produto\/set-de-cables-pigtail-betafpv-for-whoop-4-5s-xt60-16awg\/","title":{"rendered":"Conjunto de cabos Pigtail BETAFPV para Whoop 4-5S (XT60 16AWG)"},"content":{"rendered":"<h2>Conjunto de cabos Pigtail BETAFPV para Whoop 4- 5S (XT60 16AWG)<\/h2>\n<p>  Este cabo de alimenta\u00e7\u00e3o com conetor XT60 \u00e9 feito especialmente para drone whoop 4-5S, soldado com especifica\u00e7\u00e3o de capacitor com 25V \/ 680\u03bcF, para proteger a placa ESC, reduzindo a taxa de defeito causada por alta tens\u00e3o instant\u00e2nea. O seu poder de apoio \u00e9 de at\u00e9 4-5S. Adequado para F4 AIO 20A FC e Quad X-Knight 4 &#8221;.  <\/p>\n<h2>Caracter\u00edsticas:<\/h2>\n<ul>\n<li>Este conector de ficha XT60 acrescentou a especifica\u00e7\u00e3o de condensador electrol\u00edtico com 25V \/ 680\u03bcF, para proteger a placa ESC.<\/li>\n<li>Adoptado cabo de silicone macio resistente ao calor, a resist\u00eancia m\u00e1xima \u00e0 temperatura \u00e9 de 200 \u2103.<\/li>\n<li>O conector macho BETAFPV XT60 \u00e9 adequado para bast\u00e3o F4 AIO 20A FC e 4S X-Knight 4&#8243; FPV stick quadcopter.<\/li>\n<li>O cabo de alimenta\u00e7\u00e3o com conector macho XT60 pode suportar 4-5S de pot\u00eancia. Pode ser utilizado com F4 AIO 20A toothpick FC e X-Knight 4&#8243; FPV quadcopter. Obter mais pot\u00eancia.<\/li>\n<li>O conector macho XT60 tem um comprimento de 80 mm com um cabo de silicone 16AWG, pesa 8,9 g \/ pc.<\/li>\n<\/ul>\n<p><img decoding=\"async\" src=\"https:\/\/cdn.shopify.com\/s\/files\/1\/1778\/6615\/files\/8b465053d72bf33c227fa9eedfc2486b_ee46058c-24e2-4e11-a9ec-dd7c7817094c_480x480.jpg?v=1579141580\" alt=\"\"><\/p>\n<h2>Especifica\u00e7\u00f5es:<\/h2>\n<ul>\n<li>Pot\u00eancia: 4-5S<\/li>\n<li>Peso: 8,2 g \/ pc<\/li>\n<li>Conector: XT60<\/li>\n<li>Comprimento: 80 mm (incluindo ficha)<\/li>\n<li>Resist\u00eancia m\u00e1xima \u00e0 temperatura: 200 \u00b0 C<\/li>\n<li>Especifica\u00e7\u00e3o do condensador electrol\u00edtico: 25V \/ 680\u03bc<\/li>\n<li>Fio: cabo de silicone macio resistente ao calor 16AWG<\/li>\n<li>Aplica\u00e7\u00e3o: F4 AIO 20A FC- Whoop Version, Toothpick Version \/ Quad X-Knight 4&#8221;.<\/li>\n<\/ul>\n<p><img decoding=\"async\" src=\"https:\/\/cdn.shopify.com\/s\/files\/1\/1778\/6615\/files\/f7d7c897f798fc44c391847188c3ac79_c7892804-de0c-49be-99e5-7dda39e01290_480x480.jpg?v=1579141530\" alt=\"\"><\/p>\n<div><\/div>\n<h2>O pacote inclui:<\/h2>\n<div>\n<ul>\n<li>6 x Cabos flex\u00edveis para Whoop 4-5S (XT60)<\/li>\n<\/ul>\n<\/div>\n","protected":false},"excerpt":{"rendered":"<p>Conjunto de cabos Pigtail BETAFPV para Whoop 4- 5S (XT60 16AWG) Este cabo de alimenta\u00e7\u00e3o com conetor XT60 \u00e9 feito especialmente para drone whoop 4-5S, soldado com especifica\u00e7\u00e3o de capacitor<\/p>\n","protected":false},"featured_media":95993,"comment_status":"open","ping_status":"closed","template":"","meta":{"_joinchat":[]},"pwb-brand":[],"product_cat":[140,142,27,480],"product_tag":[],"class_list":{"0":"post-113532","1":"product","2":"type-product","3":"status-publish","4":"has-post-thumbnail","6":"product_cat-cables","7":"product_cat-conectores","8":"product_cat-drones-fpv","9":"product_cat-microdones-fpv","11":"first","12":"instock","13":"taxable","14":"shipping-taxable","15":"purchasable","16":"product-type-simple"},"barcode":null,"atum_controlled":true,"out_stock_date":null,"out_stock_threshold":null,"inheritable":false,"stock_on_hold":0,"sold_today":0,"sales_last_days":0,"out_stock_days":0,"lost_sales":0,"update_date":"2026-04-16T07:36:33","atum_locations":[],"atum_stock_status":"instock","restock_status":false,"low_stock_amount":"","sales_update_date":"2026-04-16T07:36:33","calc_backorders":null,"yoast_head":"<!-- This site is optimized with the Yoast SEO plugin v27.3 - https:\/\/yoast.com\/product\/yoast-seo-wordpress\/ -->\n<title>Conjunto de cabos Pigtail BETAFPV para Whoop 4-5S (XT60 16AWG) - Iha Race<\/title>\n<meta name=\"robots\" content=\"index, follow, max-snippet:-1, max-image-preview:large, max-video-preview:-1\" \/>\n<link rel=\"canonical\" href=\"https:\/\/iha-race.com\/pt-pt\/produto\/set-de-cables-pigtail-betafpv-for-whoop-4-5s-xt60-16awg\/\" \/>\n<meta property=\"og:locale\" content=\"pt_PT\" \/>\n<meta property=\"og:type\" content=\"article\" \/>\n<meta property=\"og:title\" content=\"Conjunto de cabos Pigtail BETAFPV para Whoop 4-5S (XT60 16AWG) - Iha Race\" \/>\n<meta property=\"og:description\" content=\"Conjunto de cabos Pigtail BETAFPV para Whoop 4- 5S (XT60 16AWG) Este cabo de alimenta\u00e7\u00e3o com conetor XT60 \u00e9 feito especialmente para drone whoop 4-5S, soldado com especifica\u00e7\u00e3o de capacitor\" \/>\n<meta property=\"og:url\" content=\"https:\/\/iha-race.com\/pt-pt\/produto\/set-de-cables-pigtail-betafpv-for-whoop-4-5s-xt60-16awg\/\" \/>\n<meta property=\"og:site_name\" content=\"Iha Race\" \/>\n<meta property=\"article:modified_time\" content=\"2024-08-29T10:36:15+00:00\" \/>\n<meta property=\"og:image\" content=\"https:\/\/iha-race.com\/wp-content\/uploads\/2021\/01\/Set-de-6-Cables-Pigtail-BETAFPV-Whoop-4-5S-XT60-16AWG.jpg\" \/>\n\t<meta property=\"og:image:width\" content=\"800\" \/>\n\t<meta property=\"og:image:height\" content=\"800\" \/>\n\t<meta property=\"og:image:type\" content=\"image\/jpeg\" \/>\n<meta name=\"twitter:card\" content=\"summary_large_image\" \/>\n<meta name=\"twitter:label1\" content=\"Tempo estimado de leitura\" \/>\n\t<meta name=\"twitter:data1\" content=\"1 minuto\" \/>\n<script type=\"application\/ld+json\" class=\"yoast-schema-graph\">{\"@context\":\"https:\\\/\\\/schema.org\",\"@graph\":[{\"@type\":\"WebPage\",\"@id\":\"https:\\\/\\\/iha-race.com\\\/pt-pt\\\/produto\\\/set-de-cables-pigtail-betafpv-for-whoop-4-5s-xt60-16awg\\\/\",\"url\":\"https:\\\/\\\/iha-race.com\\\/pt-pt\\\/produto\\\/set-de-cables-pigtail-betafpv-for-whoop-4-5s-xt60-16awg\\\/\",\"name\":\"Conjunto de cabos Pigtail BETAFPV para Whoop 4-5S (XT60 16AWG) - Iha Race\",\"isPartOf\":{\"@id\":\"https:\\\/\\\/iha-race.com\\\/pt-pt\\\/#website\"},\"primaryImageOfPage\":{\"@id\":\"https:\\\/\\\/iha-race.com\\\/pt-pt\\\/produto\\\/set-de-cables-pigtail-betafpv-for-whoop-4-5s-xt60-16awg\\\/#primaryimage\"},\"image\":{\"@id\":\"https:\\\/\\\/iha-race.com\\\/pt-pt\\\/produto\\\/set-de-cables-pigtail-betafpv-for-whoop-4-5s-xt60-16awg\\\/#primaryimage\"},\"thumbnailUrl\":\"https:\\\/\\\/iha-race.com\\\/wp-content\\\/uploads\\\/2021\\\/01\\\/Set-de-6-Cables-Pigtail-BETAFPV-Whoop-4-5S-XT60-16AWG.jpg\",\"datePublished\":\"2021-01-19T15:07:16+00:00\",\"dateModified\":\"2024-08-29T10:36:15+00:00\",\"breadcrumb\":{\"@id\":\"https:\\\/\\\/iha-race.com\\\/pt-pt\\\/produto\\\/set-de-cables-pigtail-betafpv-for-whoop-4-5s-xt60-16awg\\\/#breadcrumb\"},\"inLanguage\":\"pt-PT\",\"potentialAction\":[{\"@type\":\"ReadAction\",\"target\":[\"https:\\\/\\\/iha-race.com\\\/pt-pt\\\/produto\\\/set-de-cables-pigtail-betafpv-for-whoop-4-5s-xt60-16awg\\\/\"]}]},{\"@type\":\"ImageObject\",\"inLanguage\":\"pt-PT\",\"@id\":\"https:\\\/\\\/iha-race.com\\\/pt-pt\\\/produto\\\/set-de-cables-pigtail-betafpv-for-whoop-4-5s-xt60-16awg\\\/#primaryimage\",\"url\":\"https:\\\/\\\/iha-race.com\\\/wp-content\\\/uploads\\\/2021\\\/01\\\/Set-de-6-Cables-Pigtail-BETAFPV-Whoop-4-5S-XT60-16AWG.jpg\",\"contentUrl\":\"https:\\\/\\\/iha-race.com\\\/wp-content\\\/uploads\\\/2021\\\/01\\\/Set-de-6-Cables-Pigtail-BETAFPV-Whoop-4-5S-XT60-16AWG.jpg\",\"width\":800,\"height\":800,\"caption\":\"comprar o conjunto mais barato de 6 Cabos Pigtail BETAFPV Whoop 4-5S (XT60 16AWG)\"},{\"@type\":\"BreadcrumbList\",\"@id\":\"https:\\\/\\\/iha-race.com\\\/pt-pt\\\/produto\\\/set-de-cables-pigtail-betafpv-for-whoop-4-5s-xt60-16awg\\\/#breadcrumb\",\"itemListElement\":[{\"@type\":\"ListItem\",\"position\":1,\"name\":\"Portada\",\"item\":\"https:\\\/\\\/iha-race.com\\\/pt-pt\\\/elementor-499\\\/\"},{\"@type\":\"ListItem\",\"position\":2,\"name\":\"Shop\",\"item\":\"https:\\\/\\\/iha-race.com\\\/pt-pt\\\/shop\\\/\"},{\"@type\":\"ListItem\",\"position\":3,\"name\":\"Conjunto de cabos Pigtail BETAFPV para Whoop 4-5S (XT60 16AWG)\"}]},{\"@type\":\"WebSite\",\"@id\":\"https:\\\/\\\/iha-race.com\\\/pt-pt\\\/#website\",\"url\":\"https:\\\/\\\/iha-race.com\\\/pt-pt\\\/\",\"name\":\"Iha Race\",\"description\":\"Comprar drones de carreras FPV env\u00edos en un d\u00eda desde Espa\u00f1a\",\"publisher\":{\"@id\":\"https:\\\/\\\/iha-race.com\\\/pt-pt\\\/#organization\"},\"potentialAction\":[{\"@type\":\"SearchAction\",\"target\":{\"@type\":\"EntryPoint\",\"urlTemplate\":\"https:\\\/\\\/iha-race.com\\\/pt-pt\\\/?s={search_term_string}\"},\"query-input\":{\"@type\":\"PropertyValueSpecification\",\"valueRequired\":true,\"valueName\":\"search_term_string\"}}],\"inLanguage\":\"pt-PT\"},{\"@type\":\"Organization\",\"@id\":\"https:\\\/\\\/iha-race.com\\\/pt-pt\\\/#organization\",\"name\":\"Iha Race\",\"url\":\"https:\\\/\\\/iha-race.com\\\/pt-pt\\\/\",\"logo\":{\"@type\":\"ImageObject\",\"inLanguage\":\"pt-PT\",\"@id\":\"https:\\\/\\\/iha-race.com\\\/pt-pt\\\/#\\\/schema\\\/logo\\\/image\\\/\",\"url\":\"https:\\\/\\\/iha-race.com\\\/wp-content\\\/uploads\\\/2018\\\/07\\\/iha-race-drones-de-carreras-tienda-comprar-drones.png\",\"contentUrl\":\"https:\\\/\\\/iha-race.com\\\/wp-content\\\/uploads\\\/2018\\\/07\\\/iha-race-drones-de-carreras-tienda-comprar-drones.png\",\"width\":300,\"height\":100,\"caption\":\"Iha Race\"},\"image\":{\"@id\":\"https:\\\/\\\/iha-race.com\\\/pt-pt\\\/#\\\/schema\\\/logo\\\/image\\\/\"}}]}<\/script>\n<!-- \/ Yoast SEO plugin. -->","yoast_head_json":{"title":"Conjunto de cabos Pigtail BETAFPV para Whoop 4-5S (XT60 16AWG) - Iha Race","robots":{"index":"index","follow":"follow","max-snippet":"max-snippet:-1","max-image-preview":"max-image-preview:large","max-video-preview":"max-video-preview:-1"},"canonical":"https:\/\/iha-race.com\/pt-pt\/produto\/set-de-cables-pigtail-betafpv-for-whoop-4-5s-xt60-16awg\/","og_locale":"pt_PT","og_type":"article","og_title":"Conjunto de cabos Pigtail BETAFPV para Whoop 4-5S (XT60 16AWG) - Iha Race","og_description":"Conjunto de cabos Pigtail BETAFPV para Whoop 4- 5S (XT60 16AWG) Este cabo de alimenta\u00e7\u00e3o com conetor XT60 \u00e9 feito especialmente para drone whoop 4-5S, soldado com especifica\u00e7\u00e3o de capacitor","og_url":"https:\/\/iha-race.com\/pt-pt\/produto\/set-de-cables-pigtail-betafpv-for-whoop-4-5s-xt60-16awg\/","og_site_name":"Iha Race","article_modified_time":"2024-08-29T10:36:15+00:00","og_image":[{"width":800,"height":800,"url":"https:\/\/iha-race.com\/wp-content\/uploads\/2021\/01\/Set-de-6-Cables-Pigtail-BETAFPV-Whoop-4-5S-XT60-16AWG.jpg","type":"image\/jpeg"}],"twitter_card":"summary_large_image","twitter_misc":{"Tempo estimado de leitura":"1 minuto"},"schema":{"@context":"https:\/\/schema.org","@graph":[{"@type":"WebPage","@id":"https:\/\/iha-race.com\/pt-pt\/produto\/set-de-cables-pigtail-betafpv-for-whoop-4-5s-xt60-16awg\/","url":"https:\/\/iha-race.com\/pt-pt\/produto\/set-de-cables-pigtail-betafpv-for-whoop-4-5s-xt60-16awg\/","name":"Conjunto de cabos Pigtail BETAFPV para Whoop 4-5S (XT60 16AWG) - Iha Race","isPartOf":{"@id":"https:\/\/iha-race.com\/pt-pt\/#website"},"primaryImageOfPage":{"@id":"https:\/\/iha-race.com\/pt-pt\/produto\/set-de-cables-pigtail-betafpv-for-whoop-4-5s-xt60-16awg\/#primaryimage"},"image":{"@id":"https:\/\/iha-race.com\/pt-pt\/produto\/set-de-cables-pigtail-betafpv-for-whoop-4-5s-xt60-16awg\/#primaryimage"},"thumbnailUrl":"https:\/\/iha-race.com\/wp-content\/uploads\/2021\/01\/Set-de-6-Cables-Pigtail-BETAFPV-Whoop-4-5S-XT60-16AWG.jpg","datePublished":"2021-01-19T15:07:16+00:00","dateModified":"2024-08-29T10:36:15+00:00","breadcrumb":{"@id":"https:\/\/iha-race.com\/pt-pt\/produto\/set-de-cables-pigtail-betafpv-for-whoop-4-5s-xt60-16awg\/#breadcrumb"},"inLanguage":"pt-PT","potentialAction":[{"@type":"ReadAction","target":["https:\/\/iha-race.com\/pt-pt\/produto\/set-de-cables-pigtail-betafpv-for-whoop-4-5s-xt60-16awg\/"]}]},{"@type":"ImageObject","inLanguage":"pt-PT","@id":"https:\/\/iha-race.com\/pt-pt\/produto\/set-de-cables-pigtail-betafpv-for-whoop-4-5s-xt60-16awg\/#primaryimage","url":"https:\/\/iha-race.com\/wp-content\/uploads\/2021\/01\/Set-de-6-Cables-Pigtail-BETAFPV-Whoop-4-5S-XT60-16AWG.jpg","contentUrl":"https:\/\/iha-race.com\/wp-content\/uploads\/2021\/01\/Set-de-6-Cables-Pigtail-BETAFPV-Whoop-4-5S-XT60-16AWG.jpg","width":800,"height":800,"caption":"comprar o conjunto mais barato de 6 Cabos Pigtail BETAFPV Whoop 4-5S (XT60 16AWG)"},{"@type":"BreadcrumbList","@id":"https:\/\/iha-race.com\/pt-pt\/produto\/set-de-cables-pigtail-betafpv-for-whoop-4-5s-xt60-16awg\/#breadcrumb","itemListElement":[{"@type":"ListItem","position":1,"name":"Portada","item":"https:\/\/iha-race.com\/pt-pt\/elementor-499\/"},{"@type":"ListItem","position":2,"name":"Shop","item":"https:\/\/iha-race.com\/pt-pt\/shop\/"},{"@type":"ListItem","position":3,"name":"Conjunto de cabos Pigtail BETAFPV para Whoop 4-5S (XT60 16AWG)"}]},{"@type":"WebSite","@id":"https:\/\/iha-race.com\/pt-pt\/#website","url":"https:\/\/iha-race.com\/pt-pt\/","name":"Iha Race","description":"Comprar drones de carreras FPV env\u00edos en un d\u00eda desde Espa\u00f1a","publisher":{"@id":"https:\/\/iha-race.com\/pt-pt\/#organization"},"potentialAction":[{"@type":"SearchAction","target":{"@type":"EntryPoint","urlTemplate":"https:\/\/iha-race.com\/pt-pt\/?s={search_term_string}"},"query-input":{"@type":"PropertyValueSpecification","valueRequired":true,"valueName":"search_term_string"}}],"inLanguage":"pt-PT"},{"@type":"Organization","@id":"https:\/\/iha-race.com\/pt-pt\/#organization","name":"Iha Race","url":"https:\/\/iha-race.com\/pt-pt\/","logo":{"@type":"ImageObject","inLanguage":"pt-PT","@id":"https:\/\/iha-race.com\/pt-pt\/#\/schema\/logo\/image\/","url":"https:\/\/iha-race.com\/wp-content\/uploads\/2018\/07\/iha-race-drones-de-carreras-tienda-comprar-drones.png","contentUrl":"https:\/\/iha-race.com\/wp-content\/uploads\/2018\/07\/iha-race-drones-de-carreras-tienda-comprar-drones.png","width":300,"height":100,"caption":"Iha Race"},"image":{"@id":"https:\/\/iha-race.com\/pt-pt\/#\/schema\/logo\/image\/"}}]}},"brands":[],"_links":{"self":[{"href":"https:\/\/iha-race.com\/pt-pt\/wp-json\/wp\/v2\/product\/113532","targetHints":{"allow":["GET"]}}],"collection":[{"href":"https:\/\/iha-race.com\/pt-pt\/wp-json\/wp\/v2\/product"}],"about":[{"href":"https:\/\/iha-race.com\/pt-pt\/wp-json\/wp\/v2\/types\/product"}],"replies":[{"embeddable":true,"href":"https:\/\/iha-race.com\/pt-pt\/wp-json\/wp\/v2\/comments?post=113532"}],"version-history":[{"count":2,"href":"https:\/\/iha-race.com\/pt-pt\/wp-json\/wp\/v2\/product\/113532\/revisions"}],"predecessor-version":[{"id":249681,"href":"https:\/\/iha-race.com\/pt-pt\/wp-json\/wp\/v2\/product\/113532\/revisions\/249681"}],"wp:featuredmedia":[{"embeddable":true,"href":"https:\/\/iha-race.com\/pt-pt\/wp-json\/wp\/v2\/media\/95993"}],"wp:attachment":[{"href":"https:\/\/iha-race.com\/pt-pt\/wp-json\/wp\/v2\/media?parent=113532"}],"wp:term":[{"taxonomy":"pwb-brand","embeddable":true,"href":"https:\/\/iha-race.com\/pt-pt\/wp-json\/wp\/v2\/pwb-brand?post=113532"},{"taxonomy":"product_cat","embeddable":true,"href":"https:\/\/iha-race.com\/pt-pt\/wp-json\/wp\/v2\/product_cat?post=113532"},{"taxonomy":"product_tag","embeddable":true,"href":"https:\/\/iha-race.com\/pt-pt\/wp-json\/wp\/v2\/product_tag?post=113532"}],"curies":[{"name":"wp","href":"https:\/\/api.w.org\/{rel}","templated":true}]}}